{"id":17157,"date":"2023-03-31T16:52:06","date_gmt":"2023-03-31T19:52:06","guid":{"rendered":"https:\/\/libreriaguadalupe.com.ar\/libreria\/?post_type=product&#038;p=17157"},"modified":"2025-02-19T11:32:20","modified_gmt":"2025-02-19T14:32:20","slug":"jesucristo-y-el-don-de-si-mismo-ciclo-b","status":"publish","type":"product","link":"https:\/\/libreriaguadalupe.com.ar\/libreria\/producto\/jesucristo-y-el-don-de-si-mismo-ciclo-b\/","title":{"rendered":"JESUCRISTO Y EL DON DE SI MISMO CICLO B"},"content":{"rendered":"<p>En continuaci\u00f3n con el primer volumen de Jesucristo y el don de si mismo, presentamos en este segundo libro los guiones para las Misas del Ciclo lit\u00fargico B. Siguiendo la recomendaci\u00f3n conciliar, se ha procurado que estas admoniciones y explicaciones ayuden a introducimos mejor en las celebraciones y a hacerlas m\u00e1s fructiferas para quienes en ellas participan. Tomando como centro la Palabra de Dios leida en la comunidad reunida para celebrar la Eucarist\u00eda, estos guiones lit\u00fargicos unen la intenci\u00f3n catequ\u00e9tica y mistag\u00f3gica con la sencillez del lenguaje comunicado. De esta manera constituyen un excelente subsidio para la animaci\u00f3n lit\u00fargica de la comunidad eucaristica.<\/p>\n<p>Del mismo autor: Jesucristo y el don de si mismo. Vol. 1. Guiones lit\u00fargicos del Ciclo A, Editorial Guadalupe.<\/p>\n","protected":false},"excerpt":{"rendered":"<p><strong>Guiones lit\u00fargicos del ciclo B<br \/>\nSerie: Palabra y vida: Liturgia<\/strong><\/p>\n<p>Autor: REYNOSO RODOLFO<strong><br \/>\n<\/strong>ISBN: 9789505005505<br \/>\nDimensiones: 16 x 23 cm<br \/>\nP\u00e1ginas: 240<\/p>\n","protected":false},"featured_media":17158,"comment_status":"open","ping_status":"closed","template":"","meta":{"jetpack_publicize_message":"","jetpack_publicize_feature_enabled":true,"jetpack_social_post_already_shared":true,"jetpack_social_options":{"image_generator_settings":{"template":"highway","default_image_id":0,"font":"","enabled":false},"version":2}},"product_brand":[],"product_cat":[73,121],"product_tag":[127],"class_list":{"0":"post-17157","1":"product","2":"type-product","3":"status-publish","4":"has-post-thumbnail","6":"product_cat-catequesis-y-educacion-en-la-fe","7":"product_cat-guadalupe","8":"product_tag-editorial-guadalupe-de-argentina","10":"first","11":"instock","12":"shipping-taxable","13":"purchasable","14":"product-type-simple"},"yoast_head":"<!-- This site is optimized with the Yoast SEO plugin v27.4 - https:\/\/yoast.com\/product\/yoast-seo-wordpress\/ -->\n<title>JESUCRISTO Y EL DON DE SI MISMO CICLO B - Editorial Guadalupe de Argentina<\/title>\n<meta name=\"description\" content=\"En continuaci\u00f3n con el primer volumen de Jesucristo y el don de si mismo, presentamos en este segundo libro los guiones para las Misas del Ciclo lit\u00fargico B.\" \/>\n<meta name=\"robots\" content=\"index, follow, max-snippet:-1, max-image-preview:large, max-video-preview:-1\" \/>\n<link rel=\"canonical\" href=\"https:\/\/libreriaguadalupe.com.ar\/libreria\/producto\/jesucristo-y-el-don-de-si-mismo-ciclo-b\/\" \/>\n<meta property=\"og:locale\" content=\"es_ES\" \/>\n<meta property=\"og:type\" content=\"article\" \/>\n<meta property=\"og:title\" content=\"JESUCRISTO Y EL DON DE SI MISMO CICLO B - Editorial Guadalupe de Argentina\" \/>\n<meta property=\"og:description\" content=\"En continuaci\u00f3n con el primer volumen de Jesucristo y el don de si mismo, presentamos en este segundo libro los guiones para las Misas del Ciclo lit\u00fargico B.\" \/>\n<meta property=\"og:url\" content=\"https:\/\/libreriaguadalupe.com.ar\/libreria\/producto\/jesucristo-y-el-don-de-si-mismo-ciclo-b\/\" \/>\n<meta property=\"og:site_name\" content=\"Editorial Guadalupe de Argentina\" \/>\n<meta property=\"article:publisher\" content=\"https:\/\/www.facebook.com\/LibreriaGuadalupeAR\/\" \/>\n<meta property=\"article:modified_time\" content=\"2025-02-19T14:32:20+00:00\" \/>\n<meta property=\"og:image\" content=\"https:\/\/libreriaguadalupe.com.ar\/libreria\/wp-content\/uploads\/2023\/03\/JESUCRISTO-Y-EL-DON-DE-SI-MISMO-CICLO-B.jpeg\" \/>\n\t<meta property=\"og:image:width\" content=\"984\" \/>\n\t<meta property=\"og:image:height\" content=\"1280\" \/>\n\t<meta property=\"og:image:type\" content=\"image\/jpeg\" \/>\n<meta name=\"twitter:card\" content=\"summary_large_image\" \/>\n<meta name=\"twitter:label1\" content=\"Tiempo de lectura\" \/>\n\t<meta name=\"twitter:data1\" content=\"1 minuto\" \/>\n<script type=\"application\/ld+json\" class=\"yoast-schema-graph\">{\"@context\":\"https:\\\/\\\/schema.org\",\"@graph\":[{\"@type\":\"WebPage\",\"@id\":\"https:\\\/\\\/libreriaguadalupe.com.ar\\\/libreria\\\/producto\\\/jesucristo-y-el-don-de-si-mismo-ciclo-b\\\/\",\"url\":\"https:\\\/\\\/libreriaguadalupe.com.ar\\\/libreria\\\/producto\\\/jesucristo-y-el-don-de-si-mismo-ciclo-b\\\/\",\"name\":\"JESUCRISTO Y EL DON DE SI MISMO CICLO B - Editorial Guadalupe de Argentina\",\"isPartOf\":{\"@id\":\"https:\\\/\\\/libreriaguadalupe.com.ar\\\/libreria\\\/#website\"},\"primaryImageOfPage\":{\"@id\":\"https:\\\/\\\/libreriaguadalupe.com.ar\\\/libreria\\\/producto\\\/jesucristo-y-el-don-de-si-mismo-ciclo-b\\\/#primaryimage\"},\"image\":{\"@id\":\"https:\\\/\\\/libreriaguadalupe.com.ar\\\/libreria\\\/producto\\\/jesucristo-y-el-don-de-si-mismo-ciclo-b\\\/#primaryimage\"},\"thumbnailUrl\":\"https:\\\/\\\/i0.wp.com\\\/libreriaguadalupe.com.ar\\\/libreria\\\/wp-content\\\/uploads\\\/2023\\\/03\\\/JESUCRISTO-Y-EL-DON-DE-SI-MISMO-CICLO-B.jpeg?fit=984%2C1280&ssl=1\",\"datePublished\":\"2023-03-31T19:52:06+00:00\",\"dateModified\":\"2025-02-19T14:32:20+00:00\",\"description\":\"En continuaci\u00f3n con el primer volumen de Jesucristo y el don de si mismo, presentamos en este segundo libro los guiones para las Misas del Ciclo lit\u00fargico B.\",\"breadcrumb\":{\"@id\":\"https:\\\/\\\/libreriaguadalupe.com.ar\\\/libreria\\\/producto\\\/jesucristo-y-el-don-de-si-mismo-ciclo-b\\\/#breadcrumb\"},\"inLanguage\":\"es\",\"potentialAction\":[{\"@type\":\"ReadAction\",\"target\":[\"https:\\\/\\\/libreriaguadalupe.com.ar\\\/libreria\\\/producto\\\/jesucristo-y-el-don-de-si-mismo-ciclo-b\\\/\"]}]},{\"@type\":\"ImageObject\",\"inLanguage\":\"es\",\"@id\":\"https:\\\/\\\/libreriaguadalupe.com.ar\\\/libreria\\\/producto\\\/jesucristo-y-el-don-de-si-mismo-ciclo-b\\\/#primaryimage\",\"url\":\"https:\\\/\\\/i0.wp.com\\\/libreriaguadalupe.com.ar\\\/libreria\\\/wp-content\\\/uploads\\\/2023\\\/03\\\/JESUCRISTO-Y-EL-DON-DE-SI-MISMO-CICLO-B.jpeg?fit=984%2C1280&ssl=1\",\"contentUrl\":\"https:\\\/\\\/i0.wp.com\\\/libreriaguadalupe.com.ar\\\/libreria\\\/wp-content\\\/uploads\\\/2023\\\/03\\\/JESUCRISTO-Y-EL-DON-DE-SI-MISMO-CICLO-B.jpeg?fit=984%2C1280&ssl=1\",\"width\":984,\"height\":1280},{\"@type\":\"BreadcrumbList\",\"@id\":\"https:\\\/\\\/libreriaguadalupe.com.ar\\\/libreria\\\/producto\\\/jesucristo-y-el-don-de-si-mismo-ciclo-b\\\/#breadcrumb\",\"itemListElement\":[{\"@type\":\"ListItem\",\"position\":1,\"name\":\"Portada\",\"item\":\"https:\\\/\\\/libreriaguadalupe.com.ar\\\/libreria\\\/\"},{\"@type\":\"ListItem\",\"position\":2,\"name\":\"Tienda\",\"item\":\"https:\\\/\\\/libreriaguadalupe.com.ar\\\/libreria\\\/\"},{\"@type\":\"ListItem\",\"position\":3,\"name\":\"JESUCRISTO Y EL DON DE SI MISMO CICLO B\"}]},{\"@type\":\"WebSite\",\"@id\":\"https:\\\/\\\/libreriaguadalupe.com.ar\\\/libreria\\\/#website\",\"url\":\"https:\\\/\\\/libreriaguadalupe.com.ar\\\/libreria\\\/\",\"name\":\"Editorial Guadalupe de Argentina\",\"description\":\"Congregaci\u00f3n del Verbo Divino\",\"publisher\":{\"@id\":\"https:\\\/\\\/libreriaguadalupe.com.ar\\\/libreria\\\/#organization\"},\"alternateName\":\"Librer\u00eda Guadalupe\",\"potentialAction\":[{\"@type\":\"SearchAction\",\"target\":{\"@type\":\"EntryPoint\",\"urlTemplate\":\"https:\\\/\\\/libreriaguadalupe.com.ar\\\/libreria\\\/?s={search_term_string}\"},\"query-input\":{\"@type\":\"PropertyValueSpecification\",\"valueRequired\":true,\"valueName\":\"search_term_string\"}}],\"inLanguage\":\"es\"},{\"@type\":\"Organization\",\"@id\":\"https:\\\/\\\/libreriaguadalupe.com.ar\\\/libreria\\\/#organization\",\"name\":\"Editorial Guadalupe\",\"alternateName\":\"Librer\u00eda Guadalupe\",\"url\":\"https:\\\/\\\/libreriaguadalupe.com.ar\\\/libreria\\\/\",\"logo\":{\"@type\":\"ImageObject\",\"inLanguage\":\"es\",\"@id\":\"https:\\\/\\\/libreriaguadalupe.com.ar\\\/libreria\\\/#\\\/schema\\\/logo\\\/image\\\/\",\"url\":\"https:\\\/\\\/i0.wp.com\\\/libreriaguadalupe.com.ar\\\/libreria\\\/wp-content\\\/uploads\\\/2023\\\/01\\\/cropped-logo-editorial-guadalupe.webp?fit=500%2C100&ssl=1\",\"contentUrl\":\"https:\\\/\\\/i0.wp.com\\\/libreriaguadalupe.com.ar\\\/libreria\\\/wp-content\\\/uploads\\\/2023\\\/01\\\/cropped-logo-editorial-guadalupe.webp?fit=500%2C100&ssl=1\",\"width\":500,\"height\":100,\"caption\":\"Editorial Guadalupe\"},\"image\":{\"@id\":\"https:\\\/\\\/libreriaguadalupe.com.ar\\\/libreria\\\/#\\\/schema\\\/logo\\\/image\\\/\"},\"sameAs\":[\"https:\\\/\\\/www.facebook.com\\\/LibreriaGuadalupeAR\\\/\",\"https:\\\/\\\/www.instagram.com\\\/editorialguadalupe\\\/\",\"https:\\\/\\\/guadalupeeditorial.mercadoshops.com.ar\\\/\"]}]}<\/script>\n<!-- \/ Yoast SEO plugin. -->","yoast_head_json":{"title":"JESUCRISTO Y EL DON DE SI MISMO CICLO B - Editorial Guadalupe de Argentina","description":"En continuaci\u00f3n con el primer volumen de Jesucristo y el don de si mismo, presentamos en este segundo libro los guiones para las Misas del Ciclo lit\u00fargico B.","robots":{"index":"index","follow":"follow","max-snippet":"max-snippet:-1","max-image-preview":"max-image-preview:large","max-video-preview":"max-video-preview:-1"},"canonical":"https:\/\/libreriaguadalupe.com.ar\/libreria\/producto\/jesucristo-y-el-don-de-si-mismo-ciclo-b\/","og_locale":"es_ES","og_type":"article","og_title":"JESUCRISTO Y EL DON DE SI MISMO CICLO B - Editorial Guadalupe de Argentina","og_description":"En continuaci\u00f3n con el primer volumen de Jesucristo y el don de si mismo, presentamos en este segundo libro los guiones para las Misas del Ciclo lit\u00fargico B.","og_url":"https:\/\/libreriaguadalupe.com.ar\/libreria\/producto\/jesucristo-y-el-don-de-si-mismo-ciclo-b\/","og_site_name":"Editorial Guadalupe de Argentina","article_publisher":"https:\/\/www.facebook.com\/LibreriaGuadalupeAR\/","article_modified_time":"2025-02-19T14:32:20+00:00","og_image":[{"width":984,"height":1280,"url":"https:\/\/libreriaguadalupe.com.ar\/libreria\/wp-content\/uploads\/2023\/03\/JESUCRISTO-Y-EL-DON-DE-SI-MISMO-CICLO-B.jpeg","type":"image\/jpeg"}],"twitter_card":"summary_large_image","twitter_misc":{"Tiempo de lectura":"1 minuto"},"schema":{"@context":"https:\/\/schema.org","@graph":[{"@type":"WebPage","@id":"https:\/\/libreriaguadalupe.com.ar\/libreria\/producto\/jesucristo-y-el-don-de-si-mismo-ciclo-b\/","url":"https:\/\/libreriaguadalupe.com.ar\/libreria\/producto\/jesucristo-y-el-don-de-si-mismo-ciclo-b\/","name":"JESUCRISTO Y EL DON DE SI MISMO CICLO B - Editorial Guadalupe de Argentina","isPartOf":{"@id":"https:\/\/libreriaguadalupe.com.ar\/libreria\/#website"},"primaryImageOfPage":{"@id":"https:\/\/libreriaguadalupe.com.ar\/libreria\/producto\/jesucristo-y-el-don-de-si-mismo-ciclo-b\/#primaryimage"},"image":{"@id":"https:\/\/libreriaguadalupe.com.ar\/libreria\/producto\/jesucristo-y-el-don-de-si-mismo-ciclo-b\/#primaryimage"},"thumbnailUrl":"https:\/\/i0.wp.com\/libreriaguadalupe.com.ar\/libreria\/wp-content\/uploads\/2023\/03\/JESUCRISTO-Y-EL-DON-DE-SI-MISMO-CICLO-B.jpeg?fit=984%2C1280&ssl=1","datePublished":"2023-03-31T19:52:06+00:00","dateModified":"2025-02-19T14:32:20+00:00","description":"En continuaci\u00f3n con el primer volumen de Jesucristo y el don de si mismo, presentamos en este segundo libro los guiones para las Misas del Ciclo lit\u00fargico B.","breadcrumb":{"@id":"https:\/\/libreriaguadalupe.com.ar\/libreria\/producto\/jesucristo-y-el-don-de-si-mismo-ciclo-b\/#breadcrumb"},"inLanguage":"es","potentialAction":[{"@type":"ReadAction","target":["https:\/\/libreriaguadalupe.com.ar\/libreria\/producto\/jesucristo-y-el-don-de-si-mismo-ciclo-b\/"]}]},{"@type":"ImageObject","inLanguage":"es","@id":"https:\/\/libreriaguadalupe.com.ar\/libreria\/producto\/jesucristo-y-el-don-de-si-mismo-ciclo-b\/#primaryimage","url":"https:\/\/i0.wp.com\/libreriaguadalupe.com.ar\/libreria\/wp-content\/uploads\/2023\/03\/JESUCRISTO-Y-EL-DON-DE-SI-MISMO-CICLO-B.jpeg?fit=984%2C1280&ssl=1","contentUrl":"https:\/\/i0.wp.com\/libreriaguadalupe.com.ar\/libreria\/wp-content\/uploads\/2023\/03\/JESUCRISTO-Y-EL-DON-DE-SI-MISMO-CICLO-B.jpeg?fit=984%2C1280&ssl=1","width":984,"height":1280},{"@type":"BreadcrumbList","@id":"https:\/\/libreriaguadalupe.com.ar\/libreria\/producto\/jesucristo-y-el-don-de-si-mismo-ciclo-b\/#breadcrumb","itemListElement":[{"@type":"ListItem","position":1,"name":"Portada","item":"https:\/\/libreriaguadalupe.com.ar\/libreria\/"},{"@type":"ListItem","position":2,"name":"Tienda","item":"https:\/\/libreriaguadalupe.com.ar\/libreria\/"},{"@type":"ListItem","position":3,"name":"JESUCRISTO Y EL DON DE SI MISMO CICLO B"}]},{"@type":"WebSite","@id":"https:\/\/libreriaguadalupe.com.ar\/libreria\/#website","url":"https:\/\/libreriaguadalupe.com.ar\/libreria\/","name":"Editorial Guadalupe de Argentina","description":"Congregaci\u00f3n del Verbo Divino","publisher":{"@id":"https:\/\/libreriaguadalupe.com.ar\/libreria\/#organization"},"alternateName":"Librer\u00eda Guadalupe","potentialAction":[{"@type":"SearchAction","target":{"@type":"EntryPoint","urlTemplate":"https:\/\/libreriaguadalupe.com.ar\/libreria\/?s={search_term_string}"},"query-input":{"@type":"PropertyValueSpecification","valueRequired":true,"valueName":"search_term_string"}}],"inLanguage":"es"},{"@type":"Organization","@id":"https:\/\/libreriaguadalupe.com.ar\/libreria\/#organization","name":"Editorial Guadalupe","alternateName":"Librer\u00eda Guadalupe","url":"https:\/\/libreriaguadalupe.com.ar\/libreria\/","logo":{"@type":"ImageObject","inLanguage":"es","@id":"https:\/\/libreriaguadalupe.com.ar\/libreria\/#\/schema\/logo\/image\/","url":"https:\/\/i0.wp.com\/libreriaguadalupe.com.ar\/libreria\/wp-content\/uploads\/2023\/01\/cropped-logo-editorial-guadalupe.webp?fit=500%2C100&ssl=1","contentUrl":"https:\/\/i0.wp.com\/libreriaguadalupe.com.ar\/libreria\/wp-content\/uploads\/2023\/01\/cropped-logo-editorial-guadalupe.webp?fit=500%2C100&ssl=1","width":500,"height":100,"caption":"Editorial Guadalupe"},"image":{"@id":"https:\/\/libreriaguadalupe.com.ar\/libreria\/#\/schema\/logo\/image\/"},"sameAs":["https:\/\/www.facebook.com\/LibreriaGuadalupeAR\/","https:\/\/www.instagram.com\/editorialguadalupe\/","https:\/\/guadalupeeditorial.mercadoshops.com.ar\/"]}]}},"jetpack_publicize_connections":[],"jetpack_sharing_enabled":true,"jetpack-related-posts":[{"id":17160,"url":"https:\/\/libreriaguadalupe.com.ar\/libreria\/producto\/jesucristo-y-el-don-de-si-mismo-ciclo-c\/","url_meta":{"origin":17157,"position":0},"title":"Jesucristo Y El Don De Si Mismo Ciclo C","author":"admin","date":"31\/03\/2023","format":false,"excerpt":"Guiones lit\u00fargicos del ciclo C Serie: Palabra y vida: Liturgia Autor: REYNOSO RODOLFO ISBN: 9789505005642 Dimensiones: 16 x 23 cm P\u00e1ginas: 256","rel":"","context":"Entrada similar","block_context":{"text":"Entrada similar","link":""},"img":{"alt_text":"","src":"https:\/\/i0.wp.com\/libreriaguadalupe.com.ar\/libreria\/wp-content\/uploads\/2023\/03\/Jesucristo-Y-El-Don-De-Si-Mismo-Ciclo-C.jpeg?fit=340%2C500&ssl=1&resize=350%2C200","width":350,"height":200},"classes":[]},{"id":16776,"url":"https:\/\/libreriaguadalupe.com.ar\/libreria\/producto\/celebremos-a-jesus-pan-de-vida-ciclo-b\/","url_meta":{"origin":17157,"position":1},"title":"Celebremos A Jes\u00fas, Pan De Vida Ciclo B","author":"admin","date":"21\/03\/2023","format":false,"excerpt":"Autor: Miguel Angel D'Annibale ISBN: 9789505006342 P\u00e1ginas: 192 Medidas: 14 x 20 cm","rel":"","context":"Entrada similar","block_context":{"text":"Entrada similar","link":""},"img":{"alt_text":"","src":"https:\/\/i0.wp.com\/libreriaguadalupe.com.ar\/libreria\/wp-content\/uploads\/2023\/03\/Celebremos-A-Jesus-Pan-De-Vida-Ciclo-B.jpeg?fit=337%2C500&ssl=1&resize=350%2C200","width":350,"height":200},"classes":[]},{"id":12674,"url":"https:\/\/libreriaguadalupe.com.ar\/libreria\/producto\/dialogos-semanales-con-jesus-ciclo-b-nro-3\/","url_meta":{"origin":17157,"position":2},"title":"Dialogos semanales con Jesus Ciclo B Nro 3","author":"admin","date":"18\/01\/2023","format":false,"excerpt":"Adviento, Navidad, Cuaresma, Pascua Autor: Carmen Mar\u00eda Cervantes, Instituto Fe y Vida, Jos\u00e9 Antonio Medina Arellano ISBN: 8481697667 Dimensiones: 16 x 24 cm P\u00e1ginas: 200","rel":"","context":"Entrada similar","block_context":{"text":"Entrada similar","link":""},"img":{"alt_text":"","src":"https:\/\/i0.wp.com\/libreriaguadalupe.com.ar\/libreria\/wp-content\/uploads\/2023\/01\/Dialogos-semanales-con-Jesus-Ciclo-B-Nro-3.jpg?fit=380%2C586&ssl=1&resize=350%2C200","width":350,"height":200},"classes":[]},{"id":12675,"url":"https:\/\/libreriaguadalupe.com.ar\/libreria\/producto\/dialogos-semanales-con-jesus-ciclo-b-nro-4\/","url_meta":{"origin":17157,"position":3},"title":"Dialogos semanales con Jesus Ciclo B Nro 4","author":"admin","date":"18\/01\/2023","format":false,"excerpt":"Tiempo ordinario Autor: Carmen Mar\u00eda Cervantes, Instituto Fe y Vida, Jos\u00e9 Antonio Medina Arellano ISBN: 8481697674 Dimensiones: 16 x 24 cm P\u00e1ginas: 264","rel":"","context":"Entrada similar","block_context":{"text":"Entrada similar","link":""},"img":{"alt_text":"","src":"https:\/\/i0.wp.com\/libreriaguadalupe.com.ar\/libreria\/wp-content\/uploads\/2023\/01\/Dialogos-semanales-con-Jesus-Ciclo-B-Nro-4.jpg?fit=380%2C586&ssl=1&resize=350%2C200","width":350,"height":200},"classes":[]},{"id":16779,"url":"https:\/\/libreriaguadalupe.com.ar\/libreria\/producto\/celebremos-a-jesus-pan-de-vida-ciclo-c\/","url_meta":{"origin":17157,"position":4},"title":"Celebremos A Jes\u00fas, Pan De Vida Ciclo C","author":"admin","date":"21\/03\/2023","format":false,"excerpt":"Autor: Miguel Angel D\u2019Annibale ISBN: 9789505006625 P\u00e1ginas: 192 Medidas: 14 x 20 cm","rel":"","context":"Entrada similar","block_context":{"text":"Entrada similar","link":""},"img":{"alt_text":"","src":"https:\/\/i0.wp.com\/libreriaguadalupe.com.ar\/libreria\/wp-content\/uploads\/2023\/03\/Celebremos-A-Jesus-Pan-De-Vida-Ciclo-C.jpeg?fit=344%2C500&ssl=1&resize=350%2C200","width":350,"height":200},"classes":[]},{"id":12672,"url":"https:\/\/libreriaguadalupe.com.ar\/libreria\/producto\/dialogos-semanales-con-jesus-ciclo-a-nro-1\/","url_meta":{"origin":17157,"position":5},"title":"Dialogos semanales con Jesus Ciclo A Nro 1","author":"admin","date":"18\/01\/2023","format":false,"excerpt":"Adviento, Navidad, Cuaresma, Pascua Autor: Carmen Mar\u00eda Cervantes, Instituto Fe y Vida, Jos\u00e9 Antonio Medina Arellano ISBN: 9505008858 Dimensiones: 16 x 24 cm P\u00e1ginas: 192","rel":"","context":"Entrada similar","block_context":{"text":"Entrada similar","link":""},"img":{"alt_text":"","src":"https:\/\/i0.wp.com\/libreriaguadalupe.com.ar\/libreria\/wp-content\/uploads\/2023\/01\/Dialogos-semanales-con-Jesus-Ciclo-A-Nro-1.jpg?fit=380%2C586&ssl=1&resize=350%2C200","width":350,"height":200},"classes":[]}],"_links":{"self":[{"href":"https:\/\/libreriaguadalupe.com.ar\/libreria\/wp-json\/wp\/v2\/product\/17157","targetHints":{"allow":["GET"]}}],"collection":[{"href":"https:\/\/libreriaguadalupe.com.ar\/libreria\/wp-json\/wp\/v2\/product"}],"about":[{"href":"https:\/\/libreriaguadalupe.com.ar\/libreria\/wp-json\/wp\/v2\/types\/product"}],"replies":[{"embeddable":true,"href":"https:\/\/libreriaguadalupe.com.ar\/libreria\/wp-json\/wp\/v2\/comments?post=17157"}],"version-history":[{"count":1,"href":"https:\/\/libreriaguadalupe.com.ar\/libreria\/wp-json\/wp\/v2\/product\/17157\/revisions"}],"predecessor-version":[{"id":17159,"href":"https:\/\/libreriaguadalupe.com.ar\/libreria\/wp-json\/wp\/v2\/product\/17157\/revisions\/17159"}],"wp:featuredmedia":[{"embeddable":true,"href":"https:\/\/libreriaguadalupe.com.ar\/libreria\/wp-json\/wp\/v2\/media\/17158"}],"wp:attachment":[{"href":"https:\/\/libreriaguadalupe.com.ar\/libreria\/wp-json\/wp\/v2\/media?parent=17157"}],"wp:term":[{"taxonomy":"product_brand","embeddable":true,"href":"https:\/\/libreriaguadalupe.com.ar\/libreria\/wp-json\/wp\/v2\/product_brand?post=17157"},{"taxonomy":"product_cat","embeddable":true,"href":"https:\/\/libreriaguadalupe.com.ar\/libreria\/wp-json\/wp\/v2\/product_cat?post=17157"},{"taxonomy":"product_tag","embeddable":true,"href":"https:\/\/libreriaguadalupe.com.ar\/libreria\/wp-json\/wp\/v2\/product_tag?post=17157"}],"curies":[{"name":"wp","href":"https:\/\/api.w.org\/{rel}","templated":true}]}}