{"id":17149,"date":"2023-03-31T16:43:42","date_gmt":"2023-03-31T19:43:42","guid":{"rendered":"https:\/\/libreriaguadalupe.com.ar\/libreria\/?post_type=product&#038;p=17149"},"modified":"2025-11-25T10:27:33","modified_gmt":"2025-11-25T13:27:33","slug":"la-verdad-fuente-de-santidad","status":"publish","type":"product","link":"https:\/\/libreriaguadalupe.com.ar\/libreria\/producto\/la-verdad-fuente-de-santidad\/","title":{"rendered":"La verdad, fuente de santidad"},"content":{"rendered":"<p>\u00abLa verdad los har\u00e1 libres\u00bb. Juan 8,32<\/p>\n<p>Podr\u00edamos sostener que le verdad es, a modo de sintesis, la integra ci\u00f3n por convicci\u00f3n del Evangelio de Cristo, Ser veraces implica ander en la Luz de Jes\u00fas San Pablo paradojaimente nos instruye e invita a tomar plena conciencia que no somos ni de la noche ni de las tinie blas sino del dia y de la luz. Andar en la verdad es conquistar a Dios definitivamente. En Santa Teresa de lesis a quien siempre admiro y siento una especial devoci\u00f3n, la verdad signific\u00f3 el camino para conquistarlo. Por ese, en las cuartas moradas nos dice: \u00abPuedo error en todo, mas no mentir, que por la misericordia de Dios antes<\/p>\n<p>pasara mil muertes (Cuartas moradas 2, 7). Asi entendemos que la verdad es la \u00fanica via posible de encuentro. Lo buscamos desde nuestros limites, no desde la heroicidad.<\/p>\n<p>Cuando Edith Stein ley\u00f3 el libro de la vida de Santa Teresa dijo lac\u00f3 nicamente: \u00abEsto es la verdad\u00bb. Y el que es verdad ofrece la verdad. Siempre consideremos que callar no es mentir. Ocultar la verdad, en ver, o bien decirla a medias, acentuar una palabra sobre otra, son modos sutiles de mentic, con frecuencia admitidos en nuestra socie dad Santa Teresa induso termina algunas de sus cartas con una frase tajante: \u00abPorque es verdad lo firma. Terese de Jes\u00fas<\/p>\n<p>Las mentiras hipotecan nuestra personalidad. Nos tomamos desfon- dados. En un sentido ontol\u00f3gica, frente al Evangelio de Jes\u00fas y al mundo lo que nos define es la carencia de interioridad&#8230;esa ausencia de espacio para pensar y amar si optamos por mentir Hay tesores interiores que solo se adquieren en la intimidad divina&#8230;con el silen cio, las obras en secreto, le fe y esperarua renovadas, la caridad, la oraci\u00f3n de simplicidad, el servicio genuino.. etc. solo se define como decir una falsedad can intenci\u00f3n<\/p>\n<p>La mentire<\/p>\n<p>\u00abIndicame, Se\u00f1or tu camino para que yo viva seg\u00fan tu verdad\u00bb. Selmo 36, 11ab<\/p>\n","protected":false},"excerpt":{"rendered":"<p><strong>La verdad y el amor versus la mentira y la envidia<\/strong><br \/>\n<strong>Serie: Predicaciones<\/strong><\/p>\n<p>Autor: Claudio Rizzo<strong><br \/>\n<\/strong>ISBN: 9789505008285<br \/>\nDimensiones: 14 x 20 cm<br \/>\nP\u00e1ginas: 176<\/p>\n","protected":false},"featured_media":17150,"comment_status":"open","ping_status":"closed","template":"","meta":{"jetpack_publicize_message":"","jetpack_publicize_feature_enabled":true,"jetpack_social_post_already_shared":true,"jetpack_social_options":{"image_generator_settings":{"template":"highway","default_image_id":0,"font":"","enabled":false},"version":2}},"product_brand":[],"product_cat":[88,121],"product_tag":[127],"class_list":{"0":"post-17149","1":"product","2":"type-product","3":"status-publish","4":"has-post-thumbnail","6":"product_cat-espiritualidad-cultura-social","7":"product_cat-guadalupe","8":"product_tag-editorial-guadalupe-de-argentina","10":"first","11":"instock","12":"shipping-taxable","13":"purchasable","14":"product-type-simple"},"yoast_head":"<!-- This site is optimized with the Yoast SEO plugin v27.4 - https:\/\/yoast.com\/product\/yoast-seo-wordpress\/ -->\n<title>La verdad, fuente de santidad - Editorial Guadalupe de Argentina<\/title>\n<meta name=\"description\" content=\"Podr\u00edamos sostener que le verdad es, a modo de sintesis, la integra ci\u00f3n por convicci\u00f3n del Evangelio de Cristo,\" \/>\n<meta name=\"robots\" content=\"index, follow, max-snippet:-1, max-image-preview:large, max-video-preview:-1\" \/>\n<link rel=\"canonical\" href=\"https:\/\/libreriaguadalupe.com.ar\/libreria\/producto\/la-verdad-fuente-de-santidad\/\" \/>\n<meta property=\"og:locale\" content=\"es_ES\" \/>\n<meta property=\"og:type\" content=\"article\" \/>\n<meta property=\"og:title\" content=\"La verdad, fuente de santidad - Editorial Guadalupe de Argentina\" \/>\n<meta property=\"og:description\" content=\"Podr\u00edamos sostener que le verdad es, a modo de sintesis, la integra ci\u00f3n por convicci\u00f3n del Evangelio de Cristo,\" \/>\n<meta property=\"og:url\" content=\"https:\/\/libreriaguadalupe.com.ar\/libreria\/producto\/la-verdad-fuente-de-santidad\/\" \/>\n<meta property=\"og:site_name\" content=\"Editorial Guadalupe de Argentina\" \/>\n<meta property=\"article:publisher\" content=\"https:\/\/www.facebook.com\/LibreriaGuadalupeAR\/\" \/>\n<meta property=\"article:modified_time\" content=\"2025-11-25T13:27:33+00:00\" \/>\n<meta property=\"og:image\" content=\"https:\/\/libreriaguadalupe.com.ar\/libreria\/wp-content\/uploads\/2023\/03\/La-verdad-fuente-de-santidad.jpeg\" \/>\n\t<meta property=\"og:image:width\" content=\"984\" \/>\n\t<meta property=\"og:image:height\" content=\"1280\" \/>\n\t<meta property=\"og:image:type\" content=\"image\/jpeg\" \/>\n<meta name=\"twitter:card\" content=\"summary_large_image\" \/>\n<meta name=\"twitter:label1\" content=\"Tiempo de lectura\" \/>\n\t<meta name=\"twitter:data1\" content=\"2 minutos\" \/>\n<script type=\"application\/ld+json\" class=\"yoast-schema-graph\">{\"@context\":\"https:\\\/\\\/schema.org\",\"@graph\":[{\"@type\":\"WebPage\",\"@id\":\"https:\\\/\\\/libreriaguadalupe.com.ar\\\/libreria\\\/producto\\\/la-verdad-fuente-de-santidad\\\/\",\"url\":\"https:\\\/\\\/libreriaguadalupe.com.ar\\\/libreria\\\/producto\\\/la-verdad-fuente-de-santidad\\\/\",\"name\":\"La verdad, fuente de santidad - Editorial Guadalupe de Argentina\",\"isPartOf\":{\"@id\":\"https:\\\/\\\/libreriaguadalupe.com.ar\\\/libreria\\\/#website\"},\"primaryImageOfPage\":{\"@id\":\"https:\\\/\\\/libreriaguadalupe.com.ar\\\/libreria\\\/producto\\\/la-verdad-fuente-de-santidad\\\/#primaryimage\"},\"image\":{\"@id\":\"https:\\\/\\\/libreriaguadalupe.com.ar\\\/libreria\\\/producto\\\/la-verdad-fuente-de-santidad\\\/#primaryimage\"},\"thumbnailUrl\":\"https:\\\/\\\/i0.wp.com\\\/libreriaguadalupe.com.ar\\\/libreria\\\/wp-content\\\/uploads\\\/2023\\\/03\\\/La-verdad-fuente-de-santidad.jpeg?fit=984%2C1280&ssl=1\",\"datePublished\":\"2023-03-31T19:43:42+00:00\",\"dateModified\":\"2025-11-25T13:27:33+00:00\",\"description\":\"Podr\u00edamos sostener que le verdad es, a modo de sintesis, la integra ci\u00f3n por convicci\u00f3n del Evangelio de Cristo,\",\"breadcrumb\":{\"@id\":\"https:\\\/\\\/libreriaguadalupe.com.ar\\\/libreria\\\/producto\\\/la-verdad-fuente-de-santidad\\\/#breadcrumb\"},\"inLanguage\":\"es\",\"potentialAction\":[{\"@type\":\"ReadAction\",\"target\":[\"https:\\\/\\\/libreriaguadalupe.com.ar\\\/libreria\\\/producto\\\/la-verdad-fuente-de-santidad\\\/\"]}]},{\"@type\":\"ImageObject\",\"inLanguage\":\"es\",\"@id\":\"https:\\\/\\\/libreriaguadalupe.com.ar\\\/libreria\\\/producto\\\/la-verdad-fuente-de-santidad\\\/#primaryimage\",\"url\":\"https:\\\/\\\/i0.wp.com\\\/libreriaguadalupe.com.ar\\\/libreria\\\/wp-content\\\/uploads\\\/2023\\\/03\\\/La-verdad-fuente-de-santidad.jpeg?fit=984%2C1280&ssl=1\",\"contentUrl\":\"https:\\\/\\\/i0.wp.com\\\/libreriaguadalupe.com.ar\\\/libreria\\\/wp-content\\\/uploads\\\/2023\\\/03\\\/La-verdad-fuente-de-santidad.jpeg?fit=984%2C1280&ssl=1\",\"width\":984,\"height\":1280},{\"@type\":\"BreadcrumbList\",\"@id\":\"https:\\\/\\\/libreriaguadalupe.com.ar\\\/libreria\\\/producto\\\/la-verdad-fuente-de-santidad\\\/#breadcrumb\",\"itemListElement\":[{\"@type\":\"ListItem\",\"position\":1,\"name\":\"Portada\",\"item\":\"https:\\\/\\\/libreriaguadalupe.com.ar\\\/libreria\\\/\"},{\"@type\":\"ListItem\",\"position\":2,\"name\":\"Tienda\",\"item\":\"https:\\\/\\\/libreriaguadalupe.com.ar\\\/libreria\\\/\"},{\"@type\":\"ListItem\",\"position\":3,\"name\":\"La verdad, fuente de santidad\"}]},{\"@type\":\"WebSite\",\"@id\":\"https:\\\/\\\/libreriaguadalupe.com.ar\\\/libreria\\\/#website\",\"url\":\"https:\\\/\\\/libreriaguadalupe.com.ar\\\/libreria\\\/\",\"name\":\"Editorial Guadalupe de Argentina\",\"description\":\"Congregaci\u00f3n del Verbo Divino\",\"publisher\":{\"@id\":\"https:\\\/\\\/libreriaguadalupe.com.ar\\\/libreria\\\/#organization\"},\"alternateName\":\"Librer\u00eda Guadalupe\",\"potentialAction\":[{\"@type\":\"SearchAction\",\"target\":{\"@type\":\"EntryPoint\",\"urlTemplate\":\"https:\\\/\\\/libreriaguadalupe.com.ar\\\/libreria\\\/?s={search_term_string}\"},\"query-input\":{\"@type\":\"PropertyValueSpecification\",\"valueRequired\":true,\"valueName\":\"search_term_string\"}}],\"inLanguage\":\"es\"},{\"@type\":\"Organization\",\"@id\":\"https:\\\/\\\/libreriaguadalupe.com.ar\\\/libreria\\\/#organization\",\"name\":\"Editorial Guadalupe\",\"alternateName\":\"Librer\u00eda Guadalupe\",\"url\":\"https:\\\/\\\/libreriaguadalupe.com.ar\\\/libreria\\\/\",\"logo\":{\"@type\":\"ImageObject\",\"inLanguage\":\"es\",\"@id\":\"https:\\\/\\\/libreriaguadalupe.com.ar\\\/libreria\\\/#\\\/schema\\\/logo\\\/image\\\/\",\"url\":\"https:\\\/\\\/i0.wp.com\\\/libreriaguadalupe.com.ar\\\/libreria\\\/wp-content\\\/uploads\\\/2023\\\/01\\\/cropped-logo-editorial-guadalupe.webp?fit=500%2C100&ssl=1\",\"contentUrl\":\"https:\\\/\\\/i0.wp.com\\\/libreriaguadalupe.com.ar\\\/libreria\\\/wp-content\\\/uploads\\\/2023\\\/01\\\/cropped-logo-editorial-guadalupe.webp?fit=500%2C100&ssl=1\",\"width\":500,\"height\":100,\"caption\":\"Editorial Guadalupe\"},\"image\":{\"@id\":\"https:\\\/\\\/libreriaguadalupe.com.ar\\\/libreria\\\/#\\\/schema\\\/logo\\\/image\\\/\"},\"sameAs\":[\"https:\\\/\\\/www.facebook.com\\\/LibreriaGuadalupeAR\\\/\",\"https:\\\/\\\/www.instagram.com\\\/editorialguadalupe\\\/\",\"https:\\\/\\\/guadalupeeditorial.mercadoshops.com.ar\\\/\"]}]}<\/script>\n<!-- \/ Yoast SEO plugin. -->","yoast_head_json":{"title":"La verdad, fuente de santidad - Editorial Guadalupe de Argentina","description":"Podr\u00edamos sostener que le verdad es, a modo de sintesis, la integra ci\u00f3n por convicci\u00f3n del Evangelio de Cristo,","robots":{"index":"index","follow":"follow","max-snippet":"max-snippet:-1","max-image-preview":"max-image-preview:large","max-video-preview":"max-video-preview:-1"},"canonical":"https:\/\/libreriaguadalupe.com.ar\/libreria\/producto\/la-verdad-fuente-de-santidad\/","og_locale":"es_ES","og_type":"article","og_title":"La verdad, fuente de santidad - Editorial Guadalupe de Argentina","og_description":"Podr\u00edamos sostener que le verdad es, a modo de sintesis, la integra ci\u00f3n por convicci\u00f3n del Evangelio de Cristo,","og_url":"https:\/\/libreriaguadalupe.com.ar\/libreria\/producto\/la-verdad-fuente-de-santidad\/","og_site_name":"Editorial Guadalupe de Argentina","article_publisher":"https:\/\/www.facebook.com\/LibreriaGuadalupeAR\/","article_modified_time":"2025-11-25T13:27:33+00:00","og_image":[{"width":984,"height":1280,"url":"https:\/\/libreriaguadalupe.com.ar\/libreria\/wp-content\/uploads\/2023\/03\/La-verdad-fuente-de-santidad.jpeg","type":"image\/jpeg"}],"twitter_card":"summary_large_image","twitter_misc":{"Tiempo de lectura":"2 minutos"},"schema":{"@context":"https:\/\/schema.org","@graph":[{"@type":"WebPage","@id":"https:\/\/libreriaguadalupe.com.ar\/libreria\/producto\/la-verdad-fuente-de-santidad\/","url":"https:\/\/libreriaguadalupe.com.ar\/libreria\/producto\/la-verdad-fuente-de-santidad\/","name":"La verdad, fuente de santidad - Editorial Guadalupe de Argentina","isPartOf":{"@id":"https:\/\/libreriaguadalupe.com.ar\/libreria\/#website"},"primaryImageOfPage":{"@id":"https:\/\/libreriaguadalupe.com.ar\/libreria\/producto\/la-verdad-fuente-de-santidad\/#primaryimage"},"image":{"@id":"https:\/\/libreriaguadalupe.com.ar\/libreria\/producto\/la-verdad-fuente-de-santidad\/#primaryimage"},"thumbnailUrl":"https:\/\/i0.wp.com\/libreriaguadalupe.com.ar\/libreria\/wp-content\/uploads\/2023\/03\/La-verdad-fuente-de-santidad.jpeg?fit=984%2C1280&ssl=1","datePublished":"2023-03-31T19:43:42+00:00","dateModified":"2025-11-25T13:27:33+00:00","description":"Podr\u00edamos sostener que le verdad es, a modo de sintesis, la integra ci\u00f3n por convicci\u00f3n del Evangelio de Cristo,","breadcrumb":{"@id":"https:\/\/libreriaguadalupe.com.ar\/libreria\/producto\/la-verdad-fuente-de-santidad\/#breadcrumb"},"inLanguage":"es","potentialAction":[{"@type":"ReadAction","target":["https:\/\/libreriaguadalupe.com.ar\/libreria\/producto\/la-verdad-fuente-de-santidad\/"]}]},{"@type":"ImageObject","inLanguage":"es","@id":"https:\/\/libreriaguadalupe.com.ar\/libreria\/producto\/la-verdad-fuente-de-santidad\/#primaryimage","url":"https:\/\/i0.wp.com\/libreriaguadalupe.com.ar\/libreria\/wp-content\/uploads\/2023\/03\/La-verdad-fuente-de-santidad.jpeg?fit=984%2C1280&ssl=1","contentUrl":"https:\/\/i0.wp.com\/libreriaguadalupe.com.ar\/libreria\/wp-content\/uploads\/2023\/03\/La-verdad-fuente-de-santidad.jpeg?fit=984%2C1280&ssl=1","width":984,"height":1280},{"@type":"BreadcrumbList","@id":"https:\/\/libreriaguadalupe.com.ar\/libreria\/producto\/la-verdad-fuente-de-santidad\/#breadcrumb","itemListElement":[{"@type":"ListItem","position":1,"name":"Portada","item":"https:\/\/libreriaguadalupe.com.ar\/libreria\/"},{"@type":"ListItem","position":2,"name":"Tienda","item":"https:\/\/libreriaguadalupe.com.ar\/libreria\/"},{"@type":"ListItem","position":3,"name":"La verdad, fuente de santidad"}]},{"@type":"WebSite","@id":"https:\/\/libreriaguadalupe.com.ar\/libreria\/#website","url":"https:\/\/libreriaguadalupe.com.ar\/libreria\/","name":"Editorial Guadalupe de Argentina","description":"Congregaci\u00f3n del Verbo Divino","publisher":{"@id":"https:\/\/libreriaguadalupe.com.ar\/libreria\/#organization"},"alternateName":"Librer\u00eda Guadalupe","potentialAction":[{"@type":"SearchAction","target":{"@type":"EntryPoint","urlTemplate":"https:\/\/libreriaguadalupe.com.ar\/libreria\/?s={search_term_string}"},"query-input":{"@type":"PropertyValueSpecification","valueRequired":true,"valueName":"search_term_string"}}],"inLanguage":"es"},{"@type":"Organization","@id":"https:\/\/libreriaguadalupe.com.ar\/libreria\/#organization","name":"Editorial Guadalupe","alternateName":"Librer\u00eda Guadalupe","url":"https:\/\/libreriaguadalupe.com.ar\/libreria\/","logo":{"@type":"ImageObject","inLanguage":"es","@id":"https:\/\/libreriaguadalupe.com.ar\/libreria\/#\/schema\/logo\/image\/","url":"https:\/\/i0.wp.com\/libreriaguadalupe.com.ar\/libreria\/wp-content\/uploads\/2023\/01\/cropped-logo-editorial-guadalupe.webp?fit=500%2C100&ssl=1","contentUrl":"https:\/\/i0.wp.com\/libreriaguadalupe.com.ar\/libreria\/wp-content\/uploads\/2023\/01\/cropped-logo-editorial-guadalupe.webp?fit=500%2C100&ssl=1","width":500,"height":100,"caption":"Editorial Guadalupe"},"image":{"@id":"https:\/\/libreriaguadalupe.com.ar\/libreria\/#\/schema\/logo\/image\/"},"sameAs":["https:\/\/www.facebook.com\/LibreriaGuadalupeAR\/","https:\/\/www.instagram.com\/editorialguadalupe\/","https:\/\/guadalupeeditorial.mercadoshops.com.ar\/"]}]}},"jetpack_publicize_connections":[],"jetpack_sharing_enabled":true,"jetpack-related-posts":[{"id":16789,"url":"https:\/\/libreriaguadalupe.com.ar\/libreria\/producto\/arbol-sureno\/","url_meta":{"origin":17149,"position":0},"title":"\u00c1rbol sure\u00f1o","author":"admin","date":"21\/03\/2023","format":false,"excerpt":"Autor: EDUARDO MEANA LAPORTE ISBN: 9505008858 Dimensiones: 15 x 22 cm P\u00e1ginas: 126","rel":"","context":"Entrada similar","block_context":{"text":"Entrada similar","link":""},"img":{"alt_text":"","src":"https:\/\/i0.wp.com\/libreriaguadalupe.com.ar\/libreria\/wp-content\/uploads\/2023\/03\/NOVEDAD-TIENDA-MARZO-4.jpg?fit=470%2C470&ssl=1&resize=350%2C200","width":350,"height":200},"classes":[]},{"id":15899,"url":"https:\/\/libreriaguadalupe.com.ar\/libreria\/producto\/melchor-gaspar-y-baltazar\/","url_meta":{"origin":17149,"position":1},"title":"Melchor, Gaspar y Baltazar","author":"admin","date":"12\/02\/2023","format":false,"excerpt":"Yo les pido Reyes Magos, que me ayuden a lograr regalarte al Ni\u00f1o Santo ser humilde de verdad. Am\u00e9n. AUTOR: LEGRAS LEONARDO [\u00a0VER M\u00c1S OBRAS\u00a0] ISBN: 9505008759","rel":"","context":"Entrada similar","block_context":{"text":"Entrada similar","link":""},"img":{"alt_text":"","src":"https:\/\/i0.wp.com\/libreriaguadalupe.com.ar\/libreria\/wp-content\/uploads\/2023\/02\/Melchor-Gaspar-y-Baltasar-Tapa-chico.jpg?fit=759%2C500&ssl=1&resize=350%2C200","width":350,"height":200,"srcset":"https:\/\/i0.wp.com\/libreriaguadalupe.com.ar\/libreria\/wp-content\/uploads\/2023\/02\/Melchor-Gaspar-y-Baltasar-Tapa-chico.jpg?fit=759%2C500&ssl=1&resize=350%2C200 1x, https:\/\/i0.wp.com\/libreriaguadalupe.com.ar\/libreria\/wp-content\/uploads\/2023\/02\/Melchor-Gaspar-y-Baltasar-Tapa-chico.jpg?fit=759%2C500&ssl=1&resize=525%2C300 1.5x, https:\/\/i0.wp.com\/libreriaguadalupe.com.ar\/libreria\/wp-content\/uploads\/2023\/02\/Melchor-Gaspar-y-Baltasar-Tapa-chico.jpg?fit=759%2C500&ssl=1&resize=700%2C400 2x"},"classes":[]},{"id":19012,"url":"https:\/\/libreriaguadalupe.com.ar\/libreria\/producto\/eduardo-francisco-pironio-beato\/","url_meta":{"origin":17149,"position":2},"title":"Eduardo Francisco Pironio &#8211; Beato","author":"Mariano Zuqui","date":"23\/07\/2025","format":false,"excerpt":"Autor: Jos\u00e9 Luis Kaufmann T\u00edtulo: \"Eduardo Francisco Pironio - Beato\" ISBN:978-950-500-962-6 Formato: 15.5\u00a0 (ancho) x 22,5 (alto) cms. Interior: 1\/1 color Papel: Bookcel 80 grs. N\u00ba de P\u00e1ginas: 176 Tapa:4 Colores - Cartulina - Laminado mate Encuadernaci\u00f3n: Binder \u00a0 \u00a0","rel":"","context":"Entrada similar","block_context":{"text":"Entrada similar","link":""},"img":{"alt_text":"El cardenal Pironio ha sido un testigo fiel de la elecci\u00f3n divina y del llamado a la santidad, respondiendo con gozosa docilidad a los designios de Dios.","src":"https:\/\/i0.wp.com\/libreriaguadalupe.com.ar\/libreria\/wp-content\/uploads\/2025\/07\/1-1.png?fit=960%2C1200&ssl=1&resize=350%2C200","width":350,"height":200,"srcset":"https:\/\/i0.wp.com\/libreriaguadalupe.com.ar\/libreria\/wp-content\/uploads\/2025\/07\/1-1.png?fit=960%2C1200&ssl=1&resize=350%2C200 1x, https:\/\/i0.wp.com\/libreriaguadalupe.com.ar\/libreria\/wp-content\/uploads\/2025\/07\/1-1.png?fit=960%2C1200&ssl=1&resize=525%2C300 1.5x, https:\/\/i0.wp.com\/libreriaguadalupe.com.ar\/libreria\/wp-content\/uploads\/2025\/07\/1-1.png?fit=960%2C1200&ssl=1&resize=700%2C400 2x"},"classes":[]},{"id":16963,"url":"https:\/\/libreriaguadalupe.com.ar\/libreria\/producto\/nuestros-enojos\/","url_meta":{"origin":17149,"position":3},"title":"Nuestros Enojos","author":"admin","date":"23\/03\/2023","format":false,"excerpt":"Conflictos Enigm\u00e1ticos Serie Prediciaciones Autor: Claudio Rizzo ISBN: 9789505008124 Dimensiones: 14 x 2 cm P\u00e1ginas: 128","rel":"","context":"Entrada similar","block_context":{"text":"Entrada similar","link":""},"img":{"alt_text":"","src":"https:\/\/i0.wp.com\/libreriaguadalupe.com.ar\/libreria\/wp-content\/uploads\/2023\/03\/Nuestros-Enojos-Conflictos-Enigmaticos.jpeg?fit=343%2C500&ssl=1&resize=350%2C200","width":350,"height":200},"classes":[]},{"id":17757,"url":"https:\/\/libreriaguadalupe.com.ar\/libreria\/producto\/errar-es-de-humanos-perdonar-es-divino\/","url_meta":{"origin":17149,"position":4},"title":"Errar es de humanos, PERDONAR ES DIVINO","author":"admin","date":"11\/12\/2023","format":false,"excerpt":"Autor: P. H\u00c9CTOR HORACIO ESP\u00d3SITO ISBN: 978-950-500-911-4 Dimensiones: 14 x 20 cm P\u00e1ginas: 146","rel":"","context":"Entrada similar","block_context":{"text":"Entrada similar","link":""},"img":{"alt_text":"","src":"https:\/\/i0.wp.com\/libreriaguadalupe.com.ar\/libreria\/wp-content\/uploads\/2023\/12\/NOVEDAD-TIENDA-DICIEMBRE.jpg?fit=470%2C470&ssl=1&resize=350%2C200","width":350,"height":200},"classes":[]},{"id":17746,"url":"https:\/\/libreriaguadalupe.com.ar\/libreria\/producto\/cardenal-pironio\/","url_meta":{"origin":17149,"position":5},"title":"Cardenal Pironio","author":"admin","date":"07\/12\/2023","format":false,"excerpt":"Un regalo de Dios a la Iglesia Autor: JOS\u00c9 LUIS GERLERO ISBN: 978-950-500-515-4 Dimensiones: 16 x 23 cm P\u00e1ginas: 128","rel":"","context":"Entrada similar","block_context":{"text":"Entrada similar","link":""},"img":{"alt_text":"Cardenal Pironio","src":"https:\/\/i0.wp.com\/libreriaguadalupe.com.ar\/libreria\/wp-content\/uploads\/2023\/12\/Cardenal-Pironio-Tapa-scaled.jpg?fit=820%2C1200&ssl=1&resize=350%2C200","width":350,"height":200,"srcset":"https:\/\/i0.wp.com\/libreriaguadalupe.com.ar\/libreria\/wp-content\/uploads\/2023\/12\/Cardenal-Pironio-Tapa-scaled.jpg?fit=820%2C1200&ssl=1&resize=350%2C200 1x, https:\/\/i0.wp.com\/libreriaguadalupe.com.ar\/libreria\/wp-content\/uploads\/2023\/12\/Cardenal-Pironio-Tapa-scaled.jpg?fit=820%2C1200&ssl=1&resize=525%2C300 1.5x, https:\/\/i0.wp.com\/libreriaguadalupe.com.ar\/libreria\/wp-content\/uploads\/2023\/12\/Cardenal-Pironio-Tapa-scaled.jpg?fit=820%2C1200&ssl=1&resize=700%2C400 2x"},"classes":[]}],"_links":{"self":[{"href":"https:\/\/libreriaguadalupe.com.ar\/libreria\/wp-json\/wp\/v2\/product\/17149","targetHints":{"allow":["GET"]}}],"collection":[{"href":"https:\/\/libreriaguadalupe.com.ar\/libreria\/wp-json\/wp\/v2\/product"}],"about":[{"href":"https:\/\/libreriaguadalupe.com.ar\/libreria\/wp-json\/wp\/v2\/types\/product"}],"replies":[{"embeddable":true,"href":"https:\/\/libreriaguadalupe.com.ar\/libreria\/wp-json\/wp\/v2\/comments?post=17149"}],"version-history":[{"count":1,"href":"https:\/\/libreriaguadalupe.com.ar\/libreria\/wp-json\/wp\/v2\/product\/17149\/revisions"}],"predecessor-version":[{"id":17152,"href":"https:\/\/libreriaguadalupe.com.ar\/libreria\/wp-json\/wp\/v2\/product\/17149\/revisions\/17152"}],"wp:featuredmedia":[{"embeddable":true,"href":"https:\/\/libreriaguadalupe.com.ar\/libreria\/wp-json\/wp\/v2\/media\/17150"}],"wp:attachment":[{"href":"https:\/\/libreriaguadalupe.com.ar\/libreria\/wp-json\/wp\/v2\/media?parent=17149"}],"wp:term":[{"taxonomy":"product_brand","embeddable":true,"href":"https:\/\/libreriaguadalupe.com.ar\/libreria\/wp-json\/wp\/v2\/product_brand?post=17149"},{"taxonomy":"product_cat","embeddable":true,"href":"https:\/\/libreriaguadalupe.com.ar\/libreria\/wp-json\/wp\/v2\/product_cat?post=17149"},{"taxonomy":"product_tag","embeddable":true,"href":"https:\/\/libreriaguadalupe.com.ar\/libreria\/wp-json\/wp\/v2\/product_tag?post=17149"}],"curies":[{"name":"wp","href":"https:\/\/api.w.org\/{rel}","templated":true}]}}