{"id":17141,"date":"2023-03-31T16:33:26","date_gmt":"2023-03-31T19:33:26","guid":{"rendered":"https:\/\/libreriaguadalupe.com.ar\/libreria\/?post_type=product&#038;p=17141"},"modified":"2025-05-06T00:22:35","modified_gmt":"2025-05-06T03:22:35","slug":"el-poder-sanador-de-los-gestos","status":"publish","type":"product","link":"https:\/\/libreriaguadalupe.com.ar\/libreria\/producto\/el-poder-sanador-de-los-gestos\/","title":{"rendered":"EL PODER SANADOR DE LOS GESTOS"},"content":{"rendered":"<p>En los gestos de la oraci\u00f3n tomamos con seriedad el misterio de la encarnaci\u00f3n de Dios, el hecho de que, en la persona de Jes\u00fas, la imagen de Dios se ha hecho visible. Ofrecemos nuestro cuerpo a Dios para que su imagen sea visible tambi\u00e9n en no- sotros. Le expresamos miedos, amor, admiraci\u00f3n, confianza, deseos y debilidades. Solo asi rezamos como personas completas. Y s\u00f3lo asi podr\u00e0 alcan- zatmos la salvaci\u00f3n de Dios.<\/p>\n<p>Esta peque\u00f1a obra anima a la pr\u00e1ctica personal y comunitaria de los gestos de la oraci\u00f3n tal como nos los ha transmitido la tradici\u00f3n cristiana, con el objeto de no rezar anicamente con la cabeza sino tambi\u00e9n con el cuerpo y el alma. Los gestor de la oraci\u00f3n nos llevan a un estado de salud en el que las heridas sanan y en el que el mal pierde todo poder sobre nosotros.<\/p>\n","protected":false},"excerpt":{"rendered":"<p><strong>En la oraci\u00f3n y en la lectura de la Palabra<\/strong><\/p>\n<p>Autor: Gr\u00fcn, Anselm<strong><br \/>\n<\/strong>ISBN: 9789505007684<br \/>\nDimensiones: 12 x 18 cm<br \/>\nP\u00e1ginas: 96<\/p>\n","protected":false},"featured_media":17142,"comment_status":"open","ping_status":"closed","template":"","meta":{"jetpack_publicize_message":"","jetpack_publicize_feature_enabled":true,"jetpack_social_post_already_shared":true,"jetpack_social_options":{"image_generator_settings":{"template":"highway","default_image_id":0,"font":"","enabled":false},"version":2}},"product_brand":[],"product_cat":[88,121],"product_tag":[127],"class_list":{"0":"post-17141","1":"product","2":"type-product","3":"status-publish","4":"has-post-thumbnail","6":"product_cat-espiritualidad-cultura-social","7":"product_cat-guadalupe","8":"product_tag-editorial-guadalupe-de-argentina","10":"first","11":"instock","12":"shipping-taxable","13":"purchasable","14":"product-type-simple"},"yoast_head":"<!-- This site is optimized with the Yoast SEO plugin v27.4 - https:\/\/yoast.com\/product\/yoast-seo-wordpress\/ -->\n<title>EL PODER SANADOR DE LOS GESTOS - Editorial Guadalupe de Argentina<\/title>\n<meta name=\"description\" content=\"En los gestos de la oraci\u00f3n tomamos con seriedad el misterio de la encarnaci\u00f3n de Dios, el hecho de que, en la persona de Jes\u00fas, la imagen de Dios se ha hecho visible.\" \/>\n<meta name=\"robots\" content=\"index, follow, max-snippet:-1, max-image-preview:large, max-video-preview:-1\" \/>\n<link rel=\"canonical\" href=\"https:\/\/libreriaguadalupe.com.ar\/libreria\/producto\/el-poder-sanador-de-los-gestos\/\" \/>\n<meta property=\"og:locale\" content=\"es_ES\" \/>\n<meta property=\"og:type\" content=\"article\" \/>\n<meta property=\"og:title\" content=\"EL PODER SANADOR DE LOS GESTOS - Editorial Guadalupe de Argentina\" \/>\n<meta property=\"og:description\" content=\"En los gestos de la oraci\u00f3n tomamos con seriedad el misterio de la encarnaci\u00f3n de Dios, el hecho de que, en la persona de Jes\u00fas, la imagen de Dios se ha hecho visible.\" \/>\n<meta property=\"og:url\" content=\"https:\/\/libreriaguadalupe.com.ar\/libreria\/producto\/el-poder-sanador-de-los-gestos\/\" \/>\n<meta property=\"og:site_name\" content=\"Editorial Guadalupe de Argentina\" \/>\n<meta property=\"article:publisher\" content=\"https:\/\/www.facebook.com\/LibreriaGuadalupeAR\/\" \/>\n<meta property=\"article:modified_time\" content=\"2025-05-06T03:22:35+00:00\" \/>\n<meta property=\"og:image\" content=\"https:\/\/libreriaguadalupe.com.ar\/libreria\/wp-content\/uploads\/2023\/03\/EL-PODER-SANADOR-DE-LOS-GESTOS.jpeg\" \/>\n\t<meta property=\"og:image:width\" content=\"984\" \/>\n\t<meta property=\"og:image:height\" content=\"1280\" \/>\n\t<meta property=\"og:image:type\" content=\"image\/jpeg\" \/>\n<meta name=\"twitter:card\" content=\"summary_large_image\" \/>\n<meta name=\"twitter:label1\" content=\"Tiempo de lectura\" \/>\n\t<meta name=\"twitter:data1\" content=\"1 minuto\" \/>\n<script type=\"application\/ld+json\" class=\"yoast-schema-graph\">{\"@context\":\"https:\\\/\\\/schema.org\",\"@graph\":[{\"@type\":\"WebPage\",\"@id\":\"https:\\\/\\\/libreriaguadalupe.com.ar\\\/libreria\\\/producto\\\/el-poder-sanador-de-los-gestos\\\/\",\"url\":\"https:\\\/\\\/libreriaguadalupe.com.ar\\\/libreria\\\/producto\\\/el-poder-sanador-de-los-gestos\\\/\",\"name\":\"EL PODER SANADOR DE LOS GESTOS - Editorial Guadalupe de Argentina\",\"isPartOf\":{\"@id\":\"https:\\\/\\\/libreriaguadalupe.com.ar\\\/libreria\\\/#website\"},\"primaryImageOfPage\":{\"@id\":\"https:\\\/\\\/libreriaguadalupe.com.ar\\\/libreria\\\/producto\\\/el-poder-sanador-de-los-gestos\\\/#primaryimage\"},\"image\":{\"@id\":\"https:\\\/\\\/libreriaguadalupe.com.ar\\\/libreria\\\/producto\\\/el-poder-sanador-de-los-gestos\\\/#primaryimage\"},\"thumbnailUrl\":\"https:\\\/\\\/i0.wp.com\\\/libreriaguadalupe.com.ar\\\/libreria\\\/wp-content\\\/uploads\\\/2023\\\/03\\\/EL-PODER-SANADOR-DE-LOS-GESTOS.jpeg?fit=984%2C1280&ssl=1\",\"datePublished\":\"2023-03-31T19:33:26+00:00\",\"dateModified\":\"2025-05-06T03:22:35+00:00\",\"description\":\"En los gestos de la oraci\u00f3n tomamos con seriedad el misterio de la encarnaci\u00f3n de Dios, el hecho de que, en la persona de Jes\u00fas, la imagen de Dios se ha hecho visible.\",\"breadcrumb\":{\"@id\":\"https:\\\/\\\/libreriaguadalupe.com.ar\\\/libreria\\\/producto\\\/el-poder-sanador-de-los-gestos\\\/#breadcrumb\"},\"inLanguage\":\"es\",\"potentialAction\":[{\"@type\":\"ReadAction\",\"target\":[\"https:\\\/\\\/libreriaguadalupe.com.ar\\\/libreria\\\/producto\\\/el-poder-sanador-de-los-gestos\\\/\"]}]},{\"@type\":\"ImageObject\",\"inLanguage\":\"es\",\"@id\":\"https:\\\/\\\/libreriaguadalupe.com.ar\\\/libreria\\\/producto\\\/el-poder-sanador-de-los-gestos\\\/#primaryimage\",\"url\":\"https:\\\/\\\/i0.wp.com\\\/libreriaguadalupe.com.ar\\\/libreria\\\/wp-content\\\/uploads\\\/2023\\\/03\\\/EL-PODER-SANADOR-DE-LOS-GESTOS.jpeg?fit=984%2C1280&ssl=1\",\"contentUrl\":\"https:\\\/\\\/i0.wp.com\\\/libreriaguadalupe.com.ar\\\/libreria\\\/wp-content\\\/uploads\\\/2023\\\/03\\\/EL-PODER-SANADOR-DE-LOS-GESTOS.jpeg?fit=984%2C1280&ssl=1\",\"width\":984,\"height\":1280},{\"@type\":\"BreadcrumbList\",\"@id\":\"https:\\\/\\\/libreriaguadalupe.com.ar\\\/libreria\\\/producto\\\/el-poder-sanador-de-los-gestos\\\/#breadcrumb\",\"itemListElement\":[{\"@type\":\"ListItem\",\"position\":1,\"name\":\"Portada\",\"item\":\"https:\\\/\\\/libreriaguadalupe.com.ar\\\/libreria\\\/\"},{\"@type\":\"ListItem\",\"position\":2,\"name\":\"Tienda\",\"item\":\"https:\\\/\\\/libreriaguadalupe.com.ar\\\/libreria\\\/\"},{\"@type\":\"ListItem\",\"position\":3,\"name\":\"EL PODER SANADOR DE LOS GESTOS\"}]},{\"@type\":\"WebSite\",\"@id\":\"https:\\\/\\\/libreriaguadalupe.com.ar\\\/libreria\\\/#website\",\"url\":\"https:\\\/\\\/libreriaguadalupe.com.ar\\\/libreria\\\/\",\"name\":\"Editorial Guadalupe de Argentina\",\"description\":\"Congregaci\u00f3n del Verbo Divino\",\"publisher\":{\"@id\":\"https:\\\/\\\/libreriaguadalupe.com.ar\\\/libreria\\\/#organization\"},\"alternateName\":\"Librer\u00eda Guadalupe\",\"potentialAction\":[{\"@type\":\"SearchAction\",\"target\":{\"@type\":\"EntryPoint\",\"urlTemplate\":\"https:\\\/\\\/libreriaguadalupe.com.ar\\\/libreria\\\/?s={search_term_string}\"},\"query-input\":{\"@type\":\"PropertyValueSpecification\",\"valueRequired\":true,\"valueName\":\"search_term_string\"}}],\"inLanguage\":\"es\"},{\"@type\":\"Organization\",\"@id\":\"https:\\\/\\\/libreriaguadalupe.com.ar\\\/libreria\\\/#organization\",\"name\":\"Editorial Guadalupe\",\"alternateName\":\"Librer\u00eda Guadalupe\",\"url\":\"https:\\\/\\\/libreriaguadalupe.com.ar\\\/libreria\\\/\",\"logo\":{\"@type\":\"ImageObject\",\"inLanguage\":\"es\",\"@id\":\"https:\\\/\\\/libreriaguadalupe.com.ar\\\/libreria\\\/#\\\/schema\\\/logo\\\/image\\\/\",\"url\":\"https:\\\/\\\/i0.wp.com\\\/libreriaguadalupe.com.ar\\\/libreria\\\/wp-content\\\/uploads\\\/2023\\\/01\\\/cropped-logo-editorial-guadalupe.webp?fit=500%2C100&ssl=1\",\"contentUrl\":\"https:\\\/\\\/i0.wp.com\\\/libreriaguadalupe.com.ar\\\/libreria\\\/wp-content\\\/uploads\\\/2023\\\/01\\\/cropped-logo-editorial-guadalupe.webp?fit=500%2C100&ssl=1\",\"width\":500,\"height\":100,\"caption\":\"Editorial Guadalupe\"},\"image\":{\"@id\":\"https:\\\/\\\/libreriaguadalupe.com.ar\\\/libreria\\\/#\\\/schema\\\/logo\\\/image\\\/\"},\"sameAs\":[\"https:\\\/\\\/www.facebook.com\\\/LibreriaGuadalupeAR\\\/\",\"https:\\\/\\\/www.instagram.com\\\/editorialguadalupe\\\/\",\"https:\\\/\\\/guadalupeeditorial.mercadoshops.com.ar\\\/\"]}]}<\/script>\n<!-- \/ Yoast SEO plugin. -->","yoast_head_json":{"title":"EL PODER SANADOR DE LOS GESTOS - Editorial Guadalupe de Argentina","description":"En los gestos de la oraci\u00f3n tomamos con seriedad el misterio de la encarnaci\u00f3n de Dios, el hecho de que, en la persona de Jes\u00fas, la imagen de Dios se ha hecho visible.","robots":{"index":"index","follow":"follow","max-snippet":"max-snippet:-1","max-image-preview":"max-image-preview:large","max-video-preview":"max-video-preview:-1"},"canonical":"https:\/\/libreriaguadalupe.com.ar\/libreria\/producto\/el-poder-sanador-de-los-gestos\/","og_locale":"es_ES","og_type":"article","og_title":"EL PODER SANADOR DE LOS GESTOS - Editorial Guadalupe de Argentina","og_description":"En los gestos de la oraci\u00f3n tomamos con seriedad el misterio de la encarnaci\u00f3n de Dios, el hecho de que, en la persona de Jes\u00fas, la imagen de Dios se ha hecho visible.","og_url":"https:\/\/libreriaguadalupe.com.ar\/libreria\/producto\/el-poder-sanador-de-los-gestos\/","og_site_name":"Editorial Guadalupe de Argentina","article_publisher":"https:\/\/www.facebook.com\/LibreriaGuadalupeAR\/","article_modified_time":"2025-05-06T03:22:35+00:00","og_image":[{"width":984,"height":1280,"url":"https:\/\/libreriaguadalupe.com.ar\/libreria\/wp-content\/uploads\/2023\/03\/EL-PODER-SANADOR-DE-LOS-GESTOS.jpeg","type":"image\/jpeg"}],"twitter_card":"summary_large_image","twitter_misc":{"Tiempo de lectura":"1 minuto"},"schema":{"@context":"https:\/\/schema.org","@graph":[{"@type":"WebPage","@id":"https:\/\/libreriaguadalupe.com.ar\/libreria\/producto\/el-poder-sanador-de-los-gestos\/","url":"https:\/\/libreriaguadalupe.com.ar\/libreria\/producto\/el-poder-sanador-de-los-gestos\/","name":"EL PODER SANADOR DE LOS GESTOS - Editorial Guadalupe de Argentina","isPartOf":{"@id":"https:\/\/libreriaguadalupe.com.ar\/libreria\/#website"},"primaryImageOfPage":{"@id":"https:\/\/libreriaguadalupe.com.ar\/libreria\/producto\/el-poder-sanador-de-los-gestos\/#primaryimage"},"image":{"@id":"https:\/\/libreriaguadalupe.com.ar\/libreria\/producto\/el-poder-sanador-de-los-gestos\/#primaryimage"},"thumbnailUrl":"https:\/\/i0.wp.com\/libreriaguadalupe.com.ar\/libreria\/wp-content\/uploads\/2023\/03\/EL-PODER-SANADOR-DE-LOS-GESTOS.jpeg?fit=984%2C1280&ssl=1","datePublished":"2023-03-31T19:33:26+00:00","dateModified":"2025-05-06T03:22:35+00:00","description":"En los gestos de la oraci\u00f3n tomamos con seriedad el misterio de la encarnaci\u00f3n de Dios, el hecho de que, en la persona de Jes\u00fas, la imagen de Dios se ha hecho visible.","breadcrumb":{"@id":"https:\/\/libreriaguadalupe.com.ar\/libreria\/producto\/el-poder-sanador-de-los-gestos\/#breadcrumb"},"inLanguage":"es","potentialAction":[{"@type":"ReadAction","target":["https:\/\/libreriaguadalupe.com.ar\/libreria\/producto\/el-poder-sanador-de-los-gestos\/"]}]},{"@type":"ImageObject","inLanguage":"es","@id":"https:\/\/libreriaguadalupe.com.ar\/libreria\/producto\/el-poder-sanador-de-los-gestos\/#primaryimage","url":"https:\/\/i0.wp.com\/libreriaguadalupe.com.ar\/libreria\/wp-content\/uploads\/2023\/03\/EL-PODER-SANADOR-DE-LOS-GESTOS.jpeg?fit=984%2C1280&ssl=1","contentUrl":"https:\/\/i0.wp.com\/libreriaguadalupe.com.ar\/libreria\/wp-content\/uploads\/2023\/03\/EL-PODER-SANADOR-DE-LOS-GESTOS.jpeg?fit=984%2C1280&ssl=1","width":984,"height":1280},{"@type":"BreadcrumbList","@id":"https:\/\/libreriaguadalupe.com.ar\/libreria\/producto\/el-poder-sanador-de-los-gestos\/#breadcrumb","itemListElement":[{"@type":"ListItem","position":1,"name":"Portada","item":"https:\/\/libreriaguadalupe.com.ar\/libreria\/"},{"@type":"ListItem","position":2,"name":"Tienda","item":"https:\/\/libreriaguadalupe.com.ar\/libreria\/"},{"@type":"ListItem","position":3,"name":"EL PODER SANADOR DE LOS GESTOS"}]},{"@type":"WebSite","@id":"https:\/\/libreriaguadalupe.com.ar\/libreria\/#website","url":"https:\/\/libreriaguadalupe.com.ar\/libreria\/","name":"Editorial Guadalupe de Argentina","description":"Congregaci\u00f3n del Verbo Divino","publisher":{"@id":"https:\/\/libreriaguadalupe.com.ar\/libreria\/#organization"},"alternateName":"Librer\u00eda Guadalupe","potentialAction":[{"@type":"SearchAction","target":{"@type":"EntryPoint","urlTemplate":"https:\/\/libreriaguadalupe.com.ar\/libreria\/?s={search_term_string}"},"query-input":{"@type":"PropertyValueSpecification","valueRequired":true,"valueName":"search_term_string"}}],"inLanguage":"es"},{"@type":"Organization","@id":"https:\/\/libreriaguadalupe.com.ar\/libreria\/#organization","name":"Editorial Guadalupe","alternateName":"Librer\u00eda Guadalupe","url":"https:\/\/libreriaguadalupe.com.ar\/libreria\/","logo":{"@type":"ImageObject","inLanguage":"es","@id":"https:\/\/libreriaguadalupe.com.ar\/libreria\/#\/schema\/logo\/image\/","url":"https:\/\/i0.wp.com\/libreriaguadalupe.com.ar\/libreria\/wp-content\/uploads\/2023\/01\/cropped-logo-editorial-guadalupe.webp?fit=500%2C100&ssl=1","contentUrl":"https:\/\/i0.wp.com\/libreriaguadalupe.com.ar\/libreria\/wp-content\/uploads\/2023\/01\/cropped-logo-editorial-guadalupe.webp?fit=500%2C100&ssl=1","width":500,"height":100,"caption":"Editorial Guadalupe"},"image":{"@id":"https:\/\/libreriaguadalupe.com.ar\/libreria\/#\/schema\/logo\/image\/"},"sameAs":["https:\/\/www.facebook.com\/LibreriaGuadalupeAR\/","https:\/\/www.instagram.com\/editorialguadalupe\/","https:\/\/guadalupeeditorial.mercadoshops.com.ar\/"]}]}},"jetpack_publicize_connections":[],"jetpack_sharing_enabled":true,"jetpack-related-posts":[{"id":15903,"url":"https:\/\/libreriaguadalupe.com.ar\/libreria\/producto\/nos-rezamos-i\/","url_meta":{"origin":17141,"position":0},"title":"Nos rezamos I","author":"admin","date":"12\/02\/2023","format":false,"excerpt":"\u201cNos rezamos\u201d, significa: rezamos unos por otros, para ser la respuesta de Dios a la oraci\u00f3n de muchos\u00bb. AUTOR: RAFAEL VELASCO, sj ISBN: 9505008421","rel":"","context":"Entrada similar","block_context":{"text":"Entrada similar","link":""},"img":{"alt_text":"","src":"https:\/\/i0.wp.com\/libreriaguadalupe.com.ar\/libreria\/wp-content\/uploads\/2023\/02\/Nos-rezamos-I-chico.jpg?fit=343%2C500&ssl=1&resize=350%2C200","width":350,"height":200},"classes":[]},{"id":15906,"url":"https:\/\/libreriaguadalupe.com.ar\/libreria\/producto\/nos-rezamos-ii\/","url_meta":{"origin":17141,"position":1},"title":"Nos rezamos II","author":"admin","date":"12\/02\/2023","format":false,"excerpt":"\u201cNos rezamos\u201d, significa: rezamos unos por otros, para ser la respuesta de Dios a la oraci\u00f3n de muchos\u00bb. AUTOR: RAFAEL VELASCO, sj ISBN: 9505008582","rel":"","context":"Entrada similar","block_context":{"text":"Entrada similar","link":""},"img":{"alt_text":"","src":"https:\/\/i0.wp.com\/libreriaguadalupe.com.ar\/libreria\/wp-content\/uploads\/2023\/02\/Nos-rezamos-II-chico.jpg?fit=346%2C500&ssl=1&resize=350%2C200","width":350,"height":200},"classes":[]},{"id":15909,"url":"https:\/\/libreriaguadalupe.com.ar\/libreria\/producto\/nos-rezamos-iii\/","url_meta":{"origin":17141,"position":2},"title":"Nos rezamos III","author":"admin","date":"12\/02\/2023","format":false,"excerpt":"\u201cNos rezamos\u201d, significa: rezamos unos por otros, para ser la respuesta de Dios a la oraci\u00f3n de muchos\u00bb. AUTOR: RAFAEL VELASCO, sj ISBN: 9505008599","rel":"","context":"Entrada similar","block_context":{"text":"Entrada similar","link":""},"img":{"alt_text":"","src":"https:\/\/i0.wp.com\/libreriaguadalupe.com.ar\/libreria\/wp-content\/uploads\/2023\/02\/Nos-rezamos-III-chico.jpg?fit=344%2C500&ssl=1&resize=350%2C200","width":350,"height":200},"classes":[]},{"id":18566,"url":"https:\/\/libreriaguadalupe.com.ar\/libreria\/producto\/rezar-con-los-papas\/","url_meta":{"origin":17141,"position":3},"title":"Rezar con los Papas","author":"Mariano Zuqui","date":"29\/01\/2025","format":false,"excerpt":"Autor: Marco Gallo T\u00edtulo: \u201cRezar con los Papas\u201d ISBN: 978-950-500-942-0 Formato: 15.5 x 22.5 cms Interior: 1\/1 color Papel: Boockcel 80 N\u00ba de P\u00e1ginas: 246. Tapa: Cartulina - Laminado mate. Encuadernaci\u00f3n: Binder","rel":"","context":"Entrada similar","block_context":{"text":"Entrada similar","link":""},"img":{"alt_text":"","src":"https:\/\/i0.wp.com\/libreriaguadalupe.com.ar\/libreria\/wp-content\/uploads\/2025\/01\/LIBRO-TIENDA.png?fit=960%2C1200&ssl=1&resize=350%2C200","width":350,"height":200,"srcset":"https:\/\/i0.wp.com\/libreriaguadalupe.com.ar\/libreria\/wp-content\/uploads\/2025\/01\/LIBRO-TIENDA.png?fit=960%2C1200&ssl=1&resize=350%2C200 1x, https:\/\/i0.wp.com\/libreriaguadalupe.com.ar\/libreria\/wp-content\/uploads\/2025\/01\/LIBRO-TIENDA.png?fit=960%2C1200&ssl=1&resize=525%2C300 1.5x, https:\/\/i0.wp.com\/libreriaguadalupe.com.ar\/libreria\/wp-content\/uploads\/2025\/01\/LIBRO-TIENDA.png?fit=960%2C1200&ssl=1&resize=700%2C400 2x"},"classes":[]},{"id":18605,"url":"https:\/\/libreriaguadalupe.com.ar\/libreria\/producto\/pack-rafael-velasco-sj\/","url_meta":{"origin":17141,"position":4},"title":"Pack Rafael Velasco SJ","author":"Mariano Zuqui","date":"10\/02\/2025","format":false,"excerpt":"Pack Promocional \u2013 Obra de Rafael Velasco SJ Autor: Velasco, Rafael. sj T\u00edtulo 1: Poemas con Dios de fondo T\u00edtulo 2: Nos Rezamos T\u00edtulo 3: Nos Rezamos II T\u00edtulo 4: Nos Rezamos III OFERTA POR TIEMPO LIMITADO - EXCLUSIVA PARA TIENDA DIGITAL","rel":"","context":"Entrada similar","block_context":{"text":"Entrada similar","link":""},"img":{"alt_text":"","src":"https:\/\/i0.wp.com\/libreriaguadalupe.com.ar\/libreria\/wp-content\/uploads\/2025\/02\/1.png?fit=960%2C1200&ssl=1&resize=350%2C200","width":350,"height":200,"srcset":"https:\/\/i0.wp.com\/libreriaguadalupe.com.ar\/libreria\/wp-content\/uploads\/2025\/02\/1.png?fit=960%2C1200&ssl=1&resize=350%2C200 1x, https:\/\/i0.wp.com\/libreriaguadalupe.com.ar\/libreria\/wp-content\/uploads\/2025\/02\/1.png?fit=960%2C1200&ssl=1&resize=525%2C300 1.5x, https:\/\/i0.wp.com\/libreriaguadalupe.com.ar\/libreria\/wp-content\/uploads\/2025\/02\/1.png?fit=960%2C1200&ssl=1&resize=700%2C400 2x"},"classes":[]},{"id":14937,"url":"https:\/\/libreriaguadalupe.com.ar\/libreria\/producto\/365-dias-con-la-virgen-maria-2\/","url_meta":{"origin":17141,"position":5},"title":"365 d\u00edas con la Virgen Maria","author":"admin","date":"07\/02\/2023","format":false,"excerpt":"Es un libro para rezar y para volver a escribirlo de la mano de Mar\u00eda, a fin de reconocer los hermosos trazos de la voluntad diaria de Dios en la vida. AUTOR: GUSTAVO JAMUT ISBN: 9505007301","rel":"","context":"Entrada similar","block_context":{"text":"Entrada similar","link":""},"img":{"alt_text":"","src":"https:\/\/i0.wp.com\/libreriaguadalupe.com.ar\/libreria\/wp-content\/uploads\/2023\/01\/483.webp?fit=458%2C458&ssl=1&resize=350%2C200","width":350,"height":200},"classes":[]}],"_links":{"self":[{"href":"https:\/\/libreriaguadalupe.com.ar\/libreria\/wp-json\/wp\/v2\/product\/17141","targetHints":{"allow":["GET"]}}],"collection":[{"href":"https:\/\/libreriaguadalupe.com.ar\/libreria\/wp-json\/wp\/v2\/product"}],"about":[{"href":"https:\/\/libreriaguadalupe.com.ar\/libreria\/wp-json\/wp\/v2\/types\/product"}],"replies":[{"embeddable":true,"href":"https:\/\/libreriaguadalupe.com.ar\/libreria\/wp-json\/wp\/v2\/comments?post=17141"}],"version-history":[{"count":1,"href":"https:\/\/libreriaguadalupe.com.ar\/libreria\/wp-json\/wp\/v2\/product\/17141\/revisions"}],"predecessor-version":[{"id":17144,"href":"https:\/\/libreriaguadalupe.com.ar\/libreria\/wp-json\/wp\/v2\/product\/17141\/revisions\/17144"}],"wp:featuredmedia":[{"embeddable":true,"href":"https:\/\/libreriaguadalupe.com.ar\/libreria\/wp-json\/wp\/v2\/media\/17142"}],"wp:attachment":[{"href":"https:\/\/libreriaguadalupe.com.ar\/libreria\/wp-json\/wp\/v2\/media?parent=17141"}],"wp:term":[{"taxonomy":"product_brand","embeddable":true,"href":"https:\/\/libreriaguadalupe.com.ar\/libreria\/wp-json\/wp\/v2\/product_brand?post=17141"},{"taxonomy":"product_cat","embeddable":true,"href":"https:\/\/libreriaguadalupe.com.ar\/libreria\/wp-json\/wp\/v2\/product_cat?post=17141"},{"taxonomy":"product_tag","embeddable":true,"href":"https:\/\/libreriaguadalupe.com.ar\/libreria\/wp-json\/wp\/v2\/product_tag?post=17141"}],"curies":[{"name":"wp","href":"https:\/\/api.w.org\/{rel}","templated":true}]}}