{"id":16979,"date":"2023-03-23T16:43:21","date_gmt":"2023-03-23T19:43:21","guid":{"rendered":"https:\/\/libreriaguadalupe.com.ar\/libreria\/?post_type=product&#038;p=16979"},"modified":"2025-02-19T11:33:44","modified_gmt":"2025-02-19T14:33:44","slug":"y-yo-te-digo-imagina","status":"publish","type":"product","link":"https:\/\/libreriaguadalupe.com.ar\/libreria\/producto\/y-yo-te-digo-imagina\/","title":{"rendered":"Y yo te digo: \u00a1imagina!"},"content":{"rendered":"<p>Muchos feligreses huyen de las celebraciones eucar\u00edsticas porque no soportan ya las homil\u00edas vac\u00edas y repetidas sin convicci\u00f3n. En esta \u00e9poca en la que la informaci\u00f3n circula de una manera cada vez m\u00e1s r\u00e1pida y superficial, y en la que captar la atenci\u00f3n del p\u00fablico es toda una haza\u00f1a, los padres Steeves y Piccolo abordan con vivacidad y humor el dif\u00edcil arte de la homil\u00eda.<br \/>\nEntre renunciar a mejorar las homil\u00edas e imitar el estilo de los programas de televisi\u00f3n, otro camino es posible: el de la imaginaci\u00f3n, a la que alude especialmente el papa Francisco en\u00a0<i>Evangelii gaudium<\/i>, una verdadera llamada a difundir la alegr\u00eda del Evangelio.<br \/>\n<i>Y yo te digo: \u00a1imagina!<\/i>\u00a0es un libro que devuelve toda su credibilidad a la predicaci\u00f3n.<\/p>\n","protected":false},"excerpt":{"rendered":"<p><strong>El dif\u00edcil arte de la predicaci\u00f3n<\/strong><\/p>\n<p>Autor: Gaetano Piccolo, Nicolas Steeves<strong><br \/>\n<\/strong>ISBN: 8490734919<br \/>\nDimensiones: 14 x 21 cm<br \/>\nP\u00e1ginas: 176<\/p>\n","protected":false},"featured_media":16980,"comment_status":"open","ping_status":"closed","template":"","meta":{"jetpack_publicize_message":"","jetpack_publicize_feature_enabled":true,"jetpack_social_post_already_shared":true,"jetpack_social_options":{"image_generator_settings":{"template":"highway","default_image_id":0,"font":"","enabled":false},"version":2}},"product_brand":[],"product_cat":[109],"product_tag":[127],"class_list":{"0":"post-16979","1":"product","2":"type-product","3":"status-publish","4":"has-post-thumbnail","6":"product_cat-verbo-divino","7":"product_tag-editorial-guadalupe-de-argentina","9":"first","10":"instock","11":"shipping-taxable","12":"purchasable","13":"product-type-simple"},"yoast_head":"<!-- This site is optimized with the Yoast SEO plugin v27.4 - https:\/\/yoast.com\/product\/yoast-seo-wordpress\/ -->\n<title>Y yo te digo: \u00a1imagina! - Editorial Guadalupe de Argentina<\/title>\n<meta name=\"description\" content=\"Muchos feligreses huyen de las celebraciones eucar\u00edsticas porque no soportan ya las homil\u00edas vac\u00edas y repetidas sin convicci\u00f3n. En\" \/>\n<meta name=\"robots\" content=\"index, follow, max-snippet:-1, max-image-preview:large, max-video-preview:-1\" \/>\n<link rel=\"canonical\" href=\"https:\/\/libreriaguadalupe.com.ar\/libreria\/producto\/y-yo-te-digo-imagina\/\" \/>\n<meta property=\"og:locale\" content=\"es_ES\" \/>\n<meta property=\"og:type\" content=\"article\" \/>\n<meta property=\"og:title\" content=\"Y yo te digo: \u00a1imagina! - Editorial Guadalupe de Argentina\" \/>\n<meta property=\"og:description\" content=\"Muchos feligreses huyen de las celebraciones eucar\u00edsticas porque no soportan ya las homil\u00edas vac\u00edas y repetidas sin convicci\u00f3n. En\" \/>\n<meta property=\"og:url\" content=\"https:\/\/libreriaguadalupe.com.ar\/libreria\/producto\/y-yo-te-digo-imagina\/\" \/>\n<meta property=\"og:site_name\" content=\"Editorial Guadalupe de Argentina\" \/>\n<meta property=\"article:publisher\" content=\"https:\/\/www.facebook.com\/LibreriaGuadalupeAR\/\" \/>\n<meta property=\"article:modified_time\" content=\"2025-02-19T14:33:44+00:00\" \/>\n<meta property=\"og:image\" content=\"https:\/\/libreriaguadalupe.com.ar\/libreria\/wp-content\/uploads\/2023\/03\/Y-YO-TE-DIGO-IMAGINA.jpg\" \/>\n\t<meta property=\"og:image:width\" content=\"380\" \/>\n\t<meta property=\"og:image:height\" content=\"586\" \/>\n\t<meta property=\"og:image:type\" content=\"image\/jpeg\" \/>\n<meta name=\"twitter:card\" content=\"summary_large_image\" \/>\n<meta name=\"twitter:label1\" content=\"Tiempo de lectura\" \/>\n\t<meta name=\"twitter:data1\" content=\"1 minuto\" \/>\n<script type=\"application\/ld+json\" class=\"yoast-schema-graph\">{\"@context\":\"https:\\\/\\\/schema.org\",\"@graph\":[{\"@type\":\"WebPage\",\"@id\":\"https:\\\/\\\/libreriaguadalupe.com.ar\\\/libreria\\\/producto\\\/y-yo-te-digo-imagina\\\/\",\"url\":\"https:\\\/\\\/libreriaguadalupe.com.ar\\\/libreria\\\/producto\\\/y-yo-te-digo-imagina\\\/\",\"name\":\"Y yo te digo: \u00a1imagina! - Editorial Guadalupe de Argentina\",\"isPartOf\":{\"@id\":\"https:\\\/\\\/libreriaguadalupe.com.ar\\\/libreria\\\/#website\"},\"primaryImageOfPage\":{\"@id\":\"https:\\\/\\\/libreriaguadalupe.com.ar\\\/libreria\\\/producto\\\/y-yo-te-digo-imagina\\\/#primaryimage\"},\"image\":{\"@id\":\"https:\\\/\\\/libreriaguadalupe.com.ar\\\/libreria\\\/producto\\\/y-yo-te-digo-imagina\\\/#primaryimage\"},\"thumbnailUrl\":\"https:\\\/\\\/i0.wp.com\\\/libreriaguadalupe.com.ar\\\/libreria\\\/wp-content\\\/uploads\\\/2023\\\/03\\\/Y-YO-TE-DIGO-IMAGINA.jpg?fit=380%2C586&ssl=1\",\"datePublished\":\"2023-03-23T19:43:21+00:00\",\"dateModified\":\"2025-02-19T14:33:44+00:00\",\"description\":\"Muchos feligreses huyen de las celebraciones eucar\u00edsticas porque no soportan ya las homil\u00edas vac\u00edas y repetidas sin convicci\u00f3n. En\",\"breadcrumb\":{\"@id\":\"https:\\\/\\\/libreriaguadalupe.com.ar\\\/libreria\\\/producto\\\/y-yo-te-digo-imagina\\\/#breadcrumb\"},\"inLanguage\":\"es\",\"potentialAction\":[{\"@type\":\"ReadAction\",\"target\":[\"https:\\\/\\\/libreriaguadalupe.com.ar\\\/libreria\\\/producto\\\/y-yo-te-digo-imagina\\\/\"]}]},{\"@type\":\"ImageObject\",\"inLanguage\":\"es\",\"@id\":\"https:\\\/\\\/libreriaguadalupe.com.ar\\\/libreria\\\/producto\\\/y-yo-te-digo-imagina\\\/#primaryimage\",\"url\":\"https:\\\/\\\/i0.wp.com\\\/libreriaguadalupe.com.ar\\\/libreria\\\/wp-content\\\/uploads\\\/2023\\\/03\\\/Y-YO-TE-DIGO-IMAGINA.jpg?fit=380%2C586&ssl=1\",\"contentUrl\":\"https:\\\/\\\/i0.wp.com\\\/libreriaguadalupe.com.ar\\\/libreria\\\/wp-content\\\/uploads\\\/2023\\\/03\\\/Y-YO-TE-DIGO-IMAGINA.jpg?fit=380%2C586&ssl=1\",\"width\":380,\"height\":586},{\"@type\":\"BreadcrumbList\",\"@id\":\"https:\\\/\\\/libreriaguadalupe.com.ar\\\/libreria\\\/producto\\\/y-yo-te-digo-imagina\\\/#breadcrumb\",\"itemListElement\":[{\"@type\":\"ListItem\",\"position\":1,\"name\":\"Portada\",\"item\":\"https:\\\/\\\/libreriaguadalupe.com.ar\\\/libreria\\\/\"},{\"@type\":\"ListItem\",\"position\":2,\"name\":\"Tienda\",\"item\":\"https:\\\/\\\/libreriaguadalupe.com.ar\\\/libreria\\\/\"},{\"@type\":\"ListItem\",\"position\":3,\"name\":\"Y yo te digo: \u00a1imagina!\"}]},{\"@type\":\"WebSite\",\"@id\":\"https:\\\/\\\/libreriaguadalupe.com.ar\\\/libreria\\\/#website\",\"url\":\"https:\\\/\\\/libreriaguadalupe.com.ar\\\/libreria\\\/\",\"name\":\"Editorial Guadalupe de Argentina\",\"description\":\"Congregaci\u00f3n del Verbo Divino\",\"publisher\":{\"@id\":\"https:\\\/\\\/libreriaguadalupe.com.ar\\\/libreria\\\/#organization\"},\"alternateName\":\"Librer\u00eda Guadalupe\",\"potentialAction\":[{\"@type\":\"SearchAction\",\"target\":{\"@type\":\"EntryPoint\",\"urlTemplate\":\"https:\\\/\\\/libreriaguadalupe.com.ar\\\/libreria\\\/?s={search_term_string}\"},\"query-input\":{\"@type\":\"PropertyValueSpecification\",\"valueRequired\":true,\"valueName\":\"search_term_string\"}}],\"inLanguage\":\"es\"},{\"@type\":\"Organization\",\"@id\":\"https:\\\/\\\/libreriaguadalupe.com.ar\\\/libreria\\\/#organization\",\"name\":\"Editorial Guadalupe\",\"alternateName\":\"Librer\u00eda Guadalupe\",\"url\":\"https:\\\/\\\/libreriaguadalupe.com.ar\\\/libreria\\\/\",\"logo\":{\"@type\":\"ImageObject\",\"inLanguage\":\"es\",\"@id\":\"https:\\\/\\\/libreriaguadalupe.com.ar\\\/libreria\\\/#\\\/schema\\\/logo\\\/image\\\/\",\"url\":\"https:\\\/\\\/i0.wp.com\\\/libreriaguadalupe.com.ar\\\/libreria\\\/wp-content\\\/uploads\\\/2023\\\/01\\\/cropped-logo-editorial-guadalupe.webp?fit=500%2C100&ssl=1\",\"contentUrl\":\"https:\\\/\\\/i0.wp.com\\\/libreriaguadalupe.com.ar\\\/libreria\\\/wp-content\\\/uploads\\\/2023\\\/01\\\/cropped-logo-editorial-guadalupe.webp?fit=500%2C100&ssl=1\",\"width\":500,\"height\":100,\"caption\":\"Editorial Guadalupe\"},\"image\":{\"@id\":\"https:\\\/\\\/libreriaguadalupe.com.ar\\\/libreria\\\/#\\\/schema\\\/logo\\\/image\\\/\"},\"sameAs\":[\"https:\\\/\\\/www.facebook.com\\\/LibreriaGuadalupeAR\\\/\",\"https:\\\/\\\/www.instagram.com\\\/editorialguadalupe\\\/\",\"https:\\\/\\\/guadalupeeditorial.mercadoshops.com.ar\\\/\"]}]}<\/script>\n<!-- \/ Yoast SEO plugin. -->","yoast_head_json":{"title":"Y yo te digo: \u00a1imagina! - Editorial Guadalupe de Argentina","description":"Muchos feligreses huyen de las celebraciones eucar\u00edsticas porque no soportan ya las homil\u00edas vac\u00edas y repetidas sin convicci\u00f3n. En","robots":{"index":"index","follow":"follow","max-snippet":"max-snippet:-1","max-image-preview":"max-image-preview:large","max-video-preview":"max-video-preview:-1"},"canonical":"https:\/\/libreriaguadalupe.com.ar\/libreria\/producto\/y-yo-te-digo-imagina\/","og_locale":"es_ES","og_type":"article","og_title":"Y yo te digo: \u00a1imagina! - Editorial Guadalupe de Argentina","og_description":"Muchos feligreses huyen de las celebraciones eucar\u00edsticas porque no soportan ya las homil\u00edas vac\u00edas y repetidas sin convicci\u00f3n. En","og_url":"https:\/\/libreriaguadalupe.com.ar\/libreria\/producto\/y-yo-te-digo-imagina\/","og_site_name":"Editorial Guadalupe de Argentina","article_publisher":"https:\/\/www.facebook.com\/LibreriaGuadalupeAR\/","article_modified_time":"2025-02-19T14:33:44+00:00","og_image":[{"width":380,"height":586,"url":"https:\/\/libreriaguadalupe.com.ar\/libreria\/wp-content\/uploads\/2023\/03\/Y-YO-TE-DIGO-IMAGINA.jpg","type":"image\/jpeg"}],"twitter_card":"summary_large_image","twitter_misc":{"Tiempo de lectura":"1 minuto"},"schema":{"@context":"https:\/\/schema.org","@graph":[{"@type":"WebPage","@id":"https:\/\/libreriaguadalupe.com.ar\/libreria\/producto\/y-yo-te-digo-imagina\/","url":"https:\/\/libreriaguadalupe.com.ar\/libreria\/producto\/y-yo-te-digo-imagina\/","name":"Y yo te digo: \u00a1imagina! - Editorial Guadalupe de Argentina","isPartOf":{"@id":"https:\/\/libreriaguadalupe.com.ar\/libreria\/#website"},"primaryImageOfPage":{"@id":"https:\/\/libreriaguadalupe.com.ar\/libreria\/producto\/y-yo-te-digo-imagina\/#primaryimage"},"image":{"@id":"https:\/\/libreriaguadalupe.com.ar\/libreria\/producto\/y-yo-te-digo-imagina\/#primaryimage"},"thumbnailUrl":"https:\/\/i0.wp.com\/libreriaguadalupe.com.ar\/libreria\/wp-content\/uploads\/2023\/03\/Y-YO-TE-DIGO-IMAGINA.jpg?fit=380%2C586&ssl=1","datePublished":"2023-03-23T19:43:21+00:00","dateModified":"2025-02-19T14:33:44+00:00","description":"Muchos feligreses huyen de las celebraciones eucar\u00edsticas porque no soportan ya las homil\u00edas vac\u00edas y repetidas sin convicci\u00f3n. En","breadcrumb":{"@id":"https:\/\/libreriaguadalupe.com.ar\/libreria\/producto\/y-yo-te-digo-imagina\/#breadcrumb"},"inLanguage":"es","potentialAction":[{"@type":"ReadAction","target":["https:\/\/libreriaguadalupe.com.ar\/libreria\/producto\/y-yo-te-digo-imagina\/"]}]},{"@type":"ImageObject","inLanguage":"es","@id":"https:\/\/libreriaguadalupe.com.ar\/libreria\/producto\/y-yo-te-digo-imagina\/#primaryimage","url":"https:\/\/i0.wp.com\/libreriaguadalupe.com.ar\/libreria\/wp-content\/uploads\/2023\/03\/Y-YO-TE-DIGO-IMAGINA.jpg?fit=380%2C586&ssl=1","contentUrl":"https:\/\/i0.wp.com\/libreriaguadalupe.com.ar\/libreria\/wp-content\/uploads\/2023\/03\/Y-YO-TE-DIGO-IMAGINA.jpg?fit=380%2C586&ssl=1","width":380,"height":586},{"@type":"BreadcrumbList","@id":"https:\/\/libreriaguadalupe.com.ar\/libreria\/producto\/y-yo-te-digo-imagina\/#breadcrumb","itemListElement":[{"@type":"ListItem","position":1,"name":"Portada","item":"https:\/\/libreriaguadalupe.com.ar\/libreria\/"},{"@type":"ListItem","position":2,"name":"Tienda","item":"https:\/\/libreriaguadalupe.com.ar\/libreria\/"},{"@type":"ListItem","position":3,"name":"Y yo te digo: \u00a1imagina!"}]},{"@type":"WebSite","@id":"https:\/\/libreriaguadalupe.com.ar\/libreria\/#website","url":"https:\/\/libreriaguadalupe.com.ar\/libreria\/","name":"Editorial Guadalupe de Argentina","description":"Congregaci\u00f3n del Verbo Divino","publisher":{"@id":"https:\/\/libreriaguadalupe.com.ar\/libreria\/#organization"},"alternateName":"Librer\u00eda Guadalupe","potentialAction":[{"@type":"SearchAction","target":{"@type":"EntryPoint","urlTemplate":"https:\/\/libreriaguadalupe.com.ar\/libreria\/?s={search_term_string}"},"query-input":{"@type":"PropertyValueSpecification","valueRequired":true,"valueName":"search_term_string"}}],"inLanguage":"es"},{"@type":"Organization","@id":"https:\/\/libreriaguadalupe.com.ar\/libreria\/#organization","name":"Editorial Guadalupe","alternateName":"Librer\u00eda Guadalupe","url":"https:\/\/libreriaguadalupe.com.ar\/libreria\/","logo":{"@type":"ImageObject","inLanguage":"es","@id":"https:\/\/libreriaguadalupe.com.ar\/libreria\/#\/schema\/logo\/image\/","url":"https:\/\/i0.wp.com\/libreriaguadalupe.com.ar\/libreria\/wp-content\/uploads\/2023\/01\/cropped-logo-editorial-guadalupe.webp?fit=500%2C100&ssl=1","contentUrl":"https:\/\/i0.wp.com\/libreriaguadalupe.com.ar\/libreria\/wp-content\/uploads\/2023\/01\/cropped-logo-editorial-guadalupe.webp?fit=500%2C100&ssl=1","width":500,"height":100,"caption":"Editorial Guadalupe"},"image":{"@id":"https:\/\/libreriaguadalupe.com.ar\/libreria\/#\/schema\/logo\/image\/"},"sameAs":["https:\/\/www.facebook.com\/LibreriaGuadalupeAR\/","https:\/\/www.instagram.com\/editorialguadalupe\/","https:\/\/guadalupeeditorial.mercadoshops.com.ar\/"]}]}},"jetpack_publicize_connections":[],"jetpack_sharing_enabled":true,"jetpack-related-posts":[{"id":13215,"url":"https:\/\/libreriaguadalupe.com.ar\/libreria\/producto\/cinco-homilias-para-cada-domingo-1\/","url_meta":{"origin":16979,"position":0},"title":"Cinco homil\u00edas para cada domingo (Ciclo B)","author":"admin","date":"18\/01\/2023","format":false,"excerpt":"Autor: Vicente Collado Bertomeu ISBN: 8490733417 Dimensiones: 15,5 x 24 cm P\u00e1ginas: 400","rel":"","context":"Entrada similar","block_context":{"text":"Entrada similar","link":""},"img":{"alt_text":"","src":"https:\/\/i0.wp.com\/libreriaguadalupe.com.ar\/libreria\/wp-content\/uploads\/2023\/01\/CINCO-HOMILIAS-PARA-CADA-DOMINGO-CICLO-B.jpg?fit=380%2C586&ssl=1&resize=350%2C200","width":350,"height":200},"classes":[]},{"id":12946,"url":"https:\/\/libreriaguadalupe.com.ar\/libreria\/producto\/anunciar-la-buena-noticia\/","url_meta":{"origin":16979,"position":1},"title":"Anunciar la buena noticia","author":"admin","date":"18\/01\/2023","format":false,"excerpt":"Homil\u00edas - Ciclo C Autor: \u00c1lvaro Franch Arruga, F\u00e9lix Felipe Cebollada, Javier Calvo Guinda, Jos\u00e9 Alegre Arag\u00fces, Lucio Arauzo G\u00f3mez, Luis G. Bet\u00e9s Palomo, Santiago Aparicio Felipe ISBN: 8481693774 Dimensiones: 15,5 x 24 cm P\u00e1ginas: 176","rel":"","context":"Entrada similar","block_context":{"text":"Entrada similar","link":""},"img":{"alt_text":"","src":"https:\/\/i0.wp.com\/libreriaguadalupe.com.ar\/libreria\/wp-content\/uploads\/2023\/01\/814.jpg?fit=227%2C357&ssl=1&resize=350%2C200","width":350,"height":200},"classes":[]},{"id":16988,"url":"https:\/\/libreriaguadalupe.com.ar\/libreria\/producto\/verdaderamente-este-hombre-era-hijo-de-dios-2\/","url_meta":{"origin":16979,"position":2},"title":"Verdaderamente este hombre era hijo de Dios","author":"admin","date":"23\/03\/2023","format":false,"excerpt":"Homil\u00edas - Ciclo B Autor: \u00c1lvaro Franch Arruga, F\u00e9lix Felipe Cebollada, Javier Calvo Guinda, Jos\u00e9 Alegre Arag\u00fces, Lucio Arauzo G\u00f3mez, Luis G. Bet\u00e9s Palomo, Santiago Aparicio Felipe ISBN: 8481698473 Dimensiones: 15,5 x 24 cm P\u00e1ginas: 304","rel":"","context":"Entrada similar","block_context":{"text":"Entrada similar","link":""},"img":{"alt_text":"","src":"https:\/\/i0.wp.com\/libreriaguadalupe.com.ar\/libreria\/wp-content\/uploads\/2023\/03\/Verdaderamente-este-hombre-era-hijo-de-Dios.jpg?fit=380%2C586&ssl=1&resize=350%2C200","width":350,"height":200},"classes":[]},{"id":12950,"url":"https:\/\/libreriaguadalupe.com.ar\/libreria\/producto\/en-medio-de-la-asamblea\/","url_meta":{"origin":16979,"position":3},"title":"En medio de la asamblea","author":"admin","date":"18\/01\/2023","format":false,"excerpt":"Homil\u00edas A-B-C Autor: Guillermo Guti\u00e9rrez Andr\u00e9s ISBN: 8471518804 Dimensiones: 15,5 x 24 cm P\u00e1ginas: 440","rel":"","context":"Entrada similar","block_context":{"text":"Entrada similar","link":""},"img":{"alt_text":"","src":"https:\/\/i0.wp.com\/libreriaguadalupe.com.ar\/libreria\/wp-content\/uploads\/2023\/01\/En-medio-de-la-asamblea.jpg?fit=288%2C470&ssl=1&resize=350%2C200","width":350,"height":200},"classes":[]},{"id":12786,"url":"https:\/\/libreriaguadalupe.com.ar\/libreria\/producto\/origenes-lector-de-la-escritura\/","url_meta":{"origin":16979,"position":4},"title":"Origenes, lector de la escritura","author":"admin","date":"18\/01\/2023","format":false,"excerpt":"Autor: Villey, Lucile ISBN: 8481692914 Dimensiones: 20,5 x 19 cm P\u00e1ginas: 96","rel":"","context":"Entrada similar","block_context":{"text":"Entrada similar","link":""},"img":{"alt_text":"","src":"https:\/\/i0.wp.com\/libreriaguadalupe.com.ar\/libreria\/wp-content\/uploads\/2023\/01\/ORIGENES-LECTOR-DE-LA-ESCRITURA.jpg?fit=380%2C586&ssl=1&resize=350%2C200","width":350,"height":200},"classes":[]},{"id":12951,"url":"https:\/\/libreriaguadalupe.com.ar\/libreria\/producto\/ensename-tus-caminos\/","url_meta":{"origin":16979,"position":5},"title":"Ensename tus caminos","author":"admin","date":"18\/01\/2023","format":false,"excerpt":"La Palabra de Dios d\u00eda a d\u00eda Autor: Guillermo Guti\u00e9rrez Andr\u00e9s ISBN: 8481691399 Dimensiones: 15,5 x 24 cm P\u00e1ginas: 512","rel":"","context":"Entrada similar","block_context":{"text":"Entrada similar","link":""},"img":{"alt_text":"","src":"https:\/\/i0.wp.com\/libreriaguadalupe.com.ar\/libreria\/wp-content\/uploads\/2023\/01\/Ensename-tus-caminos.jpg?fit=380%2C586&ssl=1&resize=350%2C200","width":350,"height":200},"classes":[]}],"_links":{"self":[{"href":"https:\/\/libreriaguadalupe.com.ar\/libreria\/wp-json\/wp\/v2\/product\/16979","targetHints":{"allow":["GET"]}}],"collection":[{"href":"https:\/\/libreriaguadalupe.com.ar\/libreria\/wp-json\/wp\/v2\/product"}],"about":[{"href":"https:\/\/libreriaguadalupe.com.ar\/libreria\/wp-json\/wp\/v2\/types\/product"}],"replies":[{"embeddable":true,"href":"https:\/\/libreriaguadalupe.com.ar\/libreria\/wp-json\/wp\/v2\/comments?post=16979"}],"version-history":[{"count":1,"href":"https:\/\/libreriaguadalupe.com.ar\/libreria\/wp-json\/wp\/v2\/product\/16979\/revisions"}],"predecessor-version":[{"id":16981,"href":"https:\/\/libreriaguadalupe.com.ar\/libreria\/wp-json\/wp\/v2\/product\/16979\/revisions\/16981"}],"wp:featuredmedia":[{"embeddable":true,"href":"https:\/\/libreriaguadalupe.com.ar\/libreria\/wp-json\/wp\/v2\/media\/16980"}],"wp:attachment":[{"href":"https:\/\/libreriaguadalupe.com.ar\/libreria\/wp-json\/wp\/v2\/media?parent=16979"}],"wp:term":[{"taxonomy":"product_brand","embeddable":true,"href":"https:\/\/libreriaguadalupe.com.ar\/libreria\/wp-json\/wp\/v2\/product_brand?post=16979"},{"taxonomy":"product_cat","embeddable":true,"href":"https:\/\/libreriaguadalupe.com.ar\/libreria\/wp-json\/wp\/v2\/product_cat?post=16979"},{"taxonomy":"product_tag","embeddable":true,"href":"https:\/\/libreriaguadalupe.com.ar\/libreria\/wp-json\/wp\/v2\/product_tag?post=16979"}],"curies":[{"name":"wp","href":"https:\/\/api.w.org\/{rel}","templated":true}]}}