{"id":16963,"date":"2023-03-23T16:12:16","date_gmt":"2023-03-23T19:12:16","guid":{"rendered":"https:\/\/libreriaguadalupe.com.ar\/libreria\/?post_type=product&#038;p=16963"},"modified":"2026-01-14T12:34:39","modified_gmt":"2026-01-14T15:34:39","slug":"nuestros-enojos","status":"publish","type":"product","link":"https:\/\/libreriaguadalupe.com.ar\/libreria\/producto\/nuestros-enojos\/","title":{"rendered":"Nuestros Enojos"},"content":{"rendered":"<p>Descripci\u00f3n<br \/>\nEs un placer y una bendici\u00f3n poder presentarles mis libros y enterarme del bien que Dios a trav\u00e9s de ellos est\u00e1 haciendo en tantas personas bautizadas y otras que se est\u00e1n acercando al Camino entendiendo cada d\u00eda m\u00e1s su significado. As\u00ed sucede con mis cuatro libros anteriores en su orden respectivo: \u00abEl Sentido de la Vida\u00bb; \u00abLa Ansiedad y nuestros interrogantes\u00bb; \u00abLa Soledad en estos tiempos\u00bb; \u00abEl Amor no procede con bajeza\u00bb (sobre la histeria, las crisis, los traumas y la tristeza) y ahora mi quinto libro \u00abNuestros enojos: conflictos enigm\u00e1ticos\u00bb.<\/p>\n<p>En el servicio de atenci\u00f3n en las consultas de lo que llamamos \u00abacompa\u00f1amiento espiritual\u00bb, me encontr\u00e9 con hermanos en distintas comunidades que en el fondo de sus corazones albergan desilusiones rencorosas, a veces, resentimientos revestidos de envidia o celos\u00eda, en otras ocasiones ponzo\u00f1a e incluso odio\u2026<\/p>\n<p>Todas estas emociones agitan la vida interior y nuestra alma comienza a contaminarse desde sus pensamientos, muchas veces \u00abbien configurados\u00bb hasta sentimientos muy contenidos y con poca perspectiva de cambios\u2026<\/p>\n<p>Cuando nuestros pensamientos que tienen \u00abforma y vida\u00bb se desarrollan en concordancia con la aceptaci\u00f3n de nuestros sentimientos y emociones, el m\u00e1s afectado siempre es aquel que los posee. Y solamente el proceso de conversi\u00f3n de los cristianos es el que en verdad va generando cambios actitudinales que son la expresi\u00f3n de nuestros pensamientos y sentimientos conversos. Como podemos darnos cuenta, la inteligencia y la buena disposici\u00f3n son la base evang\u00e9lica para poder entrar en el proyecto salv\u00edfico que el Se\u00f1or Jesucristo nos ofrece: la santidad.<\/p>\n<p>M\u00e1s a\u00fan, si no queremos ser santo, \u00bfqu\u00e9 sentido tiene ser \u00abcreyentes\u00bb? El creyente se adhiere, cree hasta lograr en un estado de alianza con el Se\u00f1or, una convicci\u00f3n en la que \u00abSolo en Dios descansa mi alma\u00bb (Sal 62).<\/p>\n<p>Es por ello que en esta colecci\u00f3n de reflexiones me inclin\u00e9 por profundizar nuestra vida de fe con la Palabra y aportes cient\u00edficos humanos que nos permitir\u00e1n erradicar nuestros enojos. Claro est\u00e1 que debemos determinarnos a revisar nuestra vida con sus luces y sombras, ya que somos seres hist\u00f3ricos. Hay cosas que advertimos en nuestra historia y otras que seguramente a trav\u00e9s de este libro podremos lograr descubrir. La revisi\u00f3n de vida es fundamental especialmente cuando experimentamos enojos\u2026<\/p>\n<p>Los enojos son fuerzas negativas y seg\u00fan d\u00f3nde se ubican en nuestra vida, esas fuerzas m\u00e1s r\u00e1pidamente destruir\u00e1n o al menos lo intentar\u00e1n, la capacidad de disfrutar y sentir el verdadero amor de Dios. Los enojos pueden establecerse en reacciones recurrentes y \u00e9stas conocen solo el car\u00e1cter transitorio. Dir\u00edamos que estamos a tiempo de no complicarnos la vida sino de ejercer un cambio esencial con la ayuda del Esp\u00edrito Santo.<\/p>\n<p>En vez, si los enojos ya llegaron a enraizarse en nuestros sentimientos, el trabajo ser\u00e1 m\u00e1s complejo dado que los sentimientos suministran energ\u00eda al cerebro y act\u00faan como modo de ser. Mientras duren los enojos nuestro comportamiento ser\u00e1 de fastidio, de rechazo e incluso hasta de discriminaci\u00f3n.<\/p>\n<p>El Esp\u00edritu no niega a nadie la capacidad de \u00abver\u00bb. S\u00ed requiere que la humildad sea nuestra compa\u00f1era de vida. A la luz de la Sabidur\u00eda b\u00edblica se entiende que \u00e9sta es \u00abel reconocimiento de la propia fragilidad humana\u00bb.<\/p>\n<p>\u00bfNos sirve acaso creer que somos cristianos si no hay en nosotros un proceso metamorf\u00f3sico (de conversi\u00f3n)? Sucintamente, sepamos que convertir significa transformar una realidad en otra. Entiendo que siempre estamos a tiempo; no importa nuestra edad. S\u00ed importa vivir en la tierra anticipadamente el Cielo. No nos ser\u00e1 posible si no optamos por realizar este proceso.<\/p>\n<p>Sigamos el consejo del Libro sapiencial Coh\u00e9let: \u00abNo te dejes llevar por el enojo, porque el enojo se alberga en el pecho de los necios\u00bb (Coh 7, 9).<\/p>\n","protected":false},"excerpt":{"rendered":"<p><strong>Conflictos Enigm\u00e1ticos<br \/>\nSerie Prediciaciones<\/strong><\/p>\n<p>Autor: Claudio Rizzo<strong><br \/>\n<\/strong>ISBN: 9789505008124<br \/>\nDimensiones: 14 x 2 cm<br \/>\nP\u00e1ginas: 128<\/p>\n","protected":false},"featured_media":16964,"comment_status":"open","ping_status":"closed","template":"","meta":{"jetpack_publicize_message":"","jetpack_publicize_feature_enabled":true,"jetpack_social_post_already_shared":true,"jetpack_social_options":{"image_generator_settings":{"template":"highway","default_image_id":0,"font":"","enabled":false},"version":2}},"product_brand":[],"product_cat":[144,88,121],"product_tag":[127],"class_list":{"0":"post-16963","1":"product","2":"type-product","3":"status-publish","4":"has-post-thumbnail","6":"product_cat-especial-pascua","7":"product_cat-espiritualidad-cultura-social","8":"product_cat-guadalupe","9":"product_tag-editorial-guadalupe-de-argentina","11":"first","12":"instock","13":"shipping-taxable","14":"purchasable","15":"product-type-simple"},"yoast_head":"<!-- This site is optimized with the Yoast SEO plugin v27.4 - https:\/\/yoast.com\/product\/yoast-seo-wordpress\/ -->\n<title>Nuestros Enojos - Editorial Guadalupe de Argentina<\/title>\n<meta name=\"description\" content=\"Es un placer y una bendici\u00f3n poder presentarles mis libros y enterarme del bien que Dios a trav\u00e9s de ellos est\u00e1 haciendo en tantas personas bautizadas y otras que se est\u00e1n acercando al Camino entendiendo cada d\u00eda m\u00e1s su significado.\" \/>\n<meta name=\"robots\" content=\"index, follow, max-snippet:-1, max-image-preview:large, max-video-preview:-1\" \/>\n<link rel=\"canonical\" href=\"https:\/\/libreriaguadalupe.com.ar\/libreria\/producto\/nuestros-enojos\/\" \/>\n<meta property=\"og:locale\" content=\"es_ES\" \/>\n<meta property=\"og:type\" content=\"article\" \/>\n<meta property=\"og:title\" content=\"Nuestros Enojos - Editorial Guadalupe de Argentina\" \/>\n<meta property=\"og:description\" content=\"Es un placer y una bendici\u00f3n poder presentarles mis libros y enterarme del bien que Dios a trav\u00e9s de ellos est\u00e1 haciendo en tantas personas bautizadas y otras que se est\u00e1n acercando al Camino entendiendo cada d\u00eda m\u00e1s su significado.\" \/>\n<meta property=\"og:url\" content=\"https:\/\/libreriaguadalupe.com.ar\/libreria\/producto\/nuestros-enojos\/\" \/>\n<meta property=\"og:site_name\" content=\"Editorial Guadalupe de Argentina\" \/>\n<meta property=\"article:publisher\" content=\"https:\/\/www.facebook.com\/LibreriaGuadalupeAR\/\" \/>\n<meta property=\"article:modified_time\" content=\"2026-01-14T15:34:39+00:00\" \/>\n<meta property=\"og:image\" content=\"https:\/\/libreriaguadalupe.com.ar\/libreria\/wp-content\/uploads\/2023\/03\/Nuestros-Enojos-Conflictos-Enigmaticos.jpeg\" \/>\n\t<meta property=\"og:image:width\" content=\"343\" \/>\n\t<meta property=\"og:image:height\" content=\"500\" \/>\n\t<meta property=\"og:image:type\" content=\"image\/jpeg\" \/>\n<meta name=\"twitter:card\" content=\"summary_large_image\" \/>\n<meta name=\"twitter:label1\" content=\"Tiempo de lectura\" \/>\n\t<meta name=\"twitter:data1\" content=\"4 minutos\" \/>\n<script type=\"application\/ld+json\" class=\"yoast-schema-graph\">{\"@context\":\"https:\\\/\\\/schema.org\",\"@graph\":[{\"@type\":\"WebPage\",\"@id\":\"https:\\\/\\\/libreriaguadalupe.com.ar\\\/libreria\\\/producto\\\/nuestros-enojos\\\/\",\"url\":\"https:\\\/\\\/libreriaguadalupe.com.ar\\\/libreria\\\/producto\\\/nuestros-enojos\\\/\",\"name\":\"Nuestros Enojos - Editorial Guadalupe de Argentina\",\"isPartOf\":{\"@id\":\"https:\\\/\\\/libreriaguadalupe.com.ar\\\/libreria\\\/#website\"},\"primaryImageOfPage\":{\"@id\":\"https:\\\/\\\/libreriaguadalupe.com.ar\\\/libreria\\\/producto\\\/nuestros-enojos\\\/#primaryimage\"},\"image\":{\"@id\":\"https:\\\/\\\/libreriaguadalupe.com.ar\\\/libreria\\\/producto\\\/nuestros-enojos\\\/#primaryimage\"},\"thumbnailUrl\":\"https:\\\/\\\/i0.wp.com\\\/libreriaguadalupe.com.ar\\\/libreria\\\/wp-content\\\/uploads\\\/2023\\\/03\\\/Nuestros-Enojos-Conflictos-Enigmaticos.jpeg?fit=343%2C500&ssl=1\",\"datePublished\":\"2023-03-23T19:12:16+00:00\",\"dateModified\":\"2026-01-14T15:34:39+00:00\",\"description\":\"Es un placer y una bendici\u00f3n poder presentarles mis libros y enterarme del bien que Dios a trav\u00e9s de ellos est\u00e1 haciendo en tantas personas bautizadas y otras que se est\u00e1n acercando al Camino entendiendo cada d\u00eda m\u00e1s su significado.\",\"breadcrumb\":{\"@id\":\"https:\\\/\\\/libreriaguadalupe.com.ar\\\/libreria\\\/producto\\\/nuestros-enojos\\\/#breadcrumb\"},\"inLanguage\":\"es\",\"potentialAction\":[{\"@type\":\"ReadAction\",\"target\":[\"https:\\\/\\\/libreriaguadalupe.com.ar\\\/libreria\\\/producto\\\/nuestros-enojos\\\/\"]}]},{\"@type\":\"ImageObject\",\"inLanguage\":\"es\",\"@id\":\"https:\\\/\\\/libreriaguadalupe.com.ar\\\/libreria\\\/producto\\\/nuestros-enojos\\\/#primaryimage\",\"url\":\"https:\\\/\\\/i0.wp.com\\\/libreriaguadalupe.com.ar\\\/libreria\\\/wp-content\\\/uploads\\\/2023\\\/03\\\/Nuestros-Enojos-Conflictos-Enigmaticos.jpeg?fit=343%2C500&ssl=1\",\"contentUrl\":\"https:\\\/\\\/i0.wp.com\\\/libreriaguadalupe.com.ar\\\/libreria\\\/wp-content\\\/uploads\\\/2023\\\/03\\\/Nuestros-Enojos-Conflictos-Enigmaticos.jpeg?fit=343%2C500&ssl=1\",\"width\":343,\"height\":500},{\"@type\":\"BreadcrumbList\",\"@id\":\"https:\\\/\\\/libreriaguadalupe.com.ar\\\/libreria\\\/producto\\\/nuestros-enojos\\\/#breadcrumb\",\"itemListElement\":[{\"@type\":\"ListItem\",\"position\":1,\"name\":\"Portada\",\"item\":\"https:\\\/\\\/libreriaguadalupe.com.ar\\\/libreria\\\/\"},{\"@type\":\"ListItem\",\"position\":2,\"name\":\"Tienda\",\"item\":\"https:\\\/\\\/libreriaguadalupe.com.ar\\\/libreria\\\/\"},{\"@type\":\"ListItem\",\"position\":3,\"name\":\"Nuestros Enojos\"}]},{\"@type\":\"WebSite\",\"@id\":\"https:\\\/\\\/libreriaguadalupe.com.ar\\\/libreria\\\/#website\",\"url\":\"https:\\\/\\\/libreriaguadalupe.com.ar\\\/libreria\\\/\",\"name\":\"Editorial Guadalupe de Argentina\",\"description\":\"Congregaci\u00f3n del Verbo Divino\",\"publisher\":{\"@id\":\"https:\\\/\\\/libreriaguadalupe.com.ar\\\/libreria\\\/#organization\"},\"alternateName\":\"Librer\u00eda Guadalupe\",\"potentialAction\":[{\"@type\":\"SearchAction\",\"target\":{\"@type\":\"EntryPoint\",\"urlTemplate\":\"https:\\\/\\\/libreriaguadalupe.com.ar\\\/libreria\\\/?s={search_term_string}\"},\"query-input\":{\"@type\":\"PropertyValueSpecification\",\"valueRequired\":true,\"valueName\":\"search_term_string\"}}],\"inLanguage\":\"es\"},{\"@type\":\"Organization\",\"@id\":\"https:\\\/\\\/libreriaguadalupe.com.ar\\\/libreria\\\/#organization\",\"name\":\"Editorial Guadalupe\",\"alternateName\":\"Librer\u00eda Guadalupe\",\"url\":\"https:\\\/\\\/libreriaguadalupe.com.ar\\\/libreria\\\/\",\"logo\":{\"@type\":\"ImageObject\",\"inLanguage\":\"es\",\"@id\":\"https:\\\/\\\/libreriaguadalupe.com.ar\\\/libreria\\\/#\\\/schema\\\/logo\\\/image\\\/\",\"url\":\"https:\\\/\\\/i0.wp.com\\\/libreriaguadalupe.com.ar\\\/libreria\\\/wp-content\\\/uploads\\\/2023\\\/01\\\/cropped-logo-editorial-guadalupe.webp?fit=500%2C100&ssl=1\",\"contentUrl\":\"https:\\\/\\\/i0.wp.com\\\/libreriaguadalupe.com.ar\\\/libreria\\\/wp-content\\\/uploads\\\/2023\\\/01\\\/cropped-logo-editorial-guadalupe.webp?fit=500%2C100&ssl=1\",\"width\":500,\"height\":100,\"caption\":\"Editorial Guadalupe\"},\"image\":{\"@id\":\"https:\\\/\\\/libreriaguadalupe.com.ar\\\/libreria\\\/#\\\/schema\\\/logo\\\/image\\\/\"},\"sameAs\":[\"https:\\\/\\\/www.facebook.com\\\/LibreriaGuadalupeAR\\\/\",\"https:\\\/\\\/www.instagram.com\\\/editorialguadalupe\\\/\",\"https:\\\/\\\/guadalupeeditorial.mercadoshops.com.ar\\\/\"]}]}<\/script>\n<!-- \/ Yoast SEO plugin. -->","yoast_head_json":{"title":"Nuestros Enojos - Editorial Guadalupe de Argentina","description":"Es un placer y una bendici\u00f3n poder presentarles mis libros y enterarme del bien que Dios a trav\u00e9s de ellos est\u00e1 haciendo en tantas personas bautizadas y otras que se est\u00e1n acercando al Camino entendiendo cada d\u00eda m\u00e1s su significado.","robots":{"index":"index","follow":"follow","max-snippet":"max-snippet:-1","max-image-preview":"max-image-preview:large","max-video-preview":"max-video-preview:-1"},"canonical":"https:\/\/libreriaguadalupe.com.ar\/libreria\/producto\/nuestros-enojos\/","og_locale":"es_ES","og_type":"article","og_title":"Nuestros Enojos - Editorial Guadalupe de Argentina","og_description":"Es un placer y una bendici\u00f3n poder presentarles mis libros y enterarme del bien que Dios a trav\u00e9s de ellos est\u00e1 haciendo en tantas personas bautizadas y otras que se est\u00e1n acercando al Camino entendiendo cada d\u00eda m\u00e1s su significado.","og_url":"https:\/\/libreriaguadalupe.com.ar\/libreria\/producto\/nuestros-enojos\/","og_site_name":"Editorial Guadalupe de Argentina","article_publisher":"https:\/\/www.facebook.com\/LibreriaGuadalupeAR\/","article_modified_time":"2026-01-14T15:34:39+00:00","og_image":[{"width":343,"height":500,"url":"https:\/\/libreriaguadalupe.com.ar\/libreria\/wp-content\/uploads\/2023\/03\/Nuestros-Enojos-Conflictos-Enigmaticos.jpeg","type":"image\/jpeg"}],"twitter_card":"summary_large_image","twitter_misc":{"Tiempo de lectura":"4 minutos"},"schema":{"@context":"https:\/\/schema.org","@graph":[{"@type":"WebPage","@id":"https:\/\/libreriaguadalupe.com.ar\/libreria\/producto\/nuestros-enojos\/","url":"https:\/\/libreriaguadalupe.com.ar\/libreria\/producto\/nuestros-enojos\/","name":"Nuestros Enojos - Editorial Guadalupe de Argentina","isPartOf":{"@id":"https:\/\/libreriaguadalupe.com.ar\/libreria\/#website"},"primaryImageOfPage":{"@id":"https:\/\/libreriaguadalupe.com.ar\/libreria\/producto\/nuestros-enojos\/#primaryimage"},"image":{"@id":"https:\/\/libreriaguadalupe.com.ar\/libreria\/producto\/nuestros-enojos\/#primaryimage"},"thumbnailUrl":"https:\/\/i0.wp.com\/libreriaguadalupe.com.ar\/libreria\/wp-content\/uploads\/2023\/03\/Nuestros-Enojos-Conflictos-Enigmaticos.jpeg?fit=343%2C500&ssl=1","datePublished":"2023-03-23T19:12:16+00:00","dateModified":"2026-01-14T15:34:39+00:00","description":"Es un placer y una bendici\u00f3n poder presentarles mis libros y enterarme del bien que Dios a trav\u00e9s de ellos est\u00e1 haciendo en tantas personas bautizadas y otras que se est\u00e1n acercando al Camino entendiendo cada d\u00eda m\u00e1s su significado.","breadcrumb":{"@id":"https:\/\/libreriaguadalupe.com.ar\/libreria\/producto\/nuestros-enojos\/#breadcrumb"},"inLanguage":"es","potentialAction":[{"@type":"ReadAction","target":["https:\/\/libreriaguadalupe.com.ar\/libreria\/producto\/nuestros-enojos\/"]}]},{"@type":"ImageObject","inLanguage":"es","@id":"https:\/\/libreriaguadalupe.com.ar\/libreria\/producto\/nuestros-enojos\/#primaryimage","url":"https:\/\/i0.wp.com\/libreriaguadalupe.com.ar\/libreria\/wp-content\/uploads\/2023\/03\/Nuestros-Enojos-Conflictos-Enigmaticos.jpeg?fit=343%2C500&ssl=1","contentUrl":"https:\/\/i0.wp.com\/libreriaguadalupe.com.ar\/libreria\/wp-content\/uploads\/2023\/03\/Nuestros-Enojos-Conflictos-Enigmaticos.jpeg?fit=343%2C500&ssl=1","width":343,"height":500},{"@type":"BreadcrumbList","@id":"https:\/\/libreriaguadalupe.com.ar\/libreria\/producto\/nuestros-enojos\/#breadcrumb","itemListElement":[{"@type":"ListItem","position":1,"name":"Portada","item":"https:\/\/libreriaguadalupe.com.ar\/libreria\/"},{"@type":"ListItem","position":2,"name":"Tienda","item":"https:\/\/libreriaguadalupe.com.ar\/libreria\/"},{"@type":"ListItem","position":3,"name":"Nuestros Enojos"}]},{"@type":"WebSite","@id":"https:\/\/libreriaguadalupe.com.ar\/libreria\/#website","url":"https:\/\/libreriaguadalupe.com.ar\/libreria\/","name":"Editorial Guadalupe de Argentina","description":"Congregaci\u00f3n del Verbo Divino","publisher":{"@id":"https:\/\/libreriaguadalupe.com.ar\/libreria\/#organization"},"alternateName":"Librer\u00eda Guadalupe","potentialAction":[{"@type":"SearchAction","target":{"@type":"EntryPoint","urlTemplate":"https:\/\/libreriaguadalupe.com.ar\/libreria\/?s={search_term_string}"},"query-input":{"@type":"PropertyValueSpecification","valueRequired":true,"valueName":"search_term_string"}}],"inLanguage":"es"},{"@type":"Organization","@id":"https:\/\/libreriaguadalupe.com.ar\/libreria\/#organization","name":"Editorial Guadalupe","alternateName":"Librer\u00eda Guadalupe","url":"https:\/\/libreriaguadalupe.com.ar\/libreria\/","logo":{"@type":"ImageObject","inLanguage":"es","@id":"https:\/\/libreriaguadalupe.com.ar\/libreria\/#\/schema\/logo\/image\/","url":"https:\/\/i0.wp.com\/libreriaguadalupe.com.ar\/libreria\/wp-content\/uploads\/2023\/01\/cropped-logo-editorial-guadalupe.webp?fit=500%2C100&ssl=1","contentUrl":"https:\/\/i0.wp.com\/libreriaguadalupe.com.ar\/libreria\/wp-content\/uploads\/2023\/01\/cropped-logo-editorial-guadalupe.webp?fit=500%2C100&ssl=1","width":500,"height":100,"caption":"Editorial Guadalupe"},"image":{"@id":"https:\/\/libreriaguadalupe.com.ar\/libreria\/#\/schema\/logo\/image\/"},"sameAs":["https:\/\/www.facebook.com\/LibreriaGuadalupeAR\/","https:\/\/www.instagram.com\/editorialguadalupe\/","https:\/\/guadalupeeditorial.mercadoshops.com.ar\/"]}]}},"jetpack_publicize_connections":[],"jetpack_sharing_enabled":true,"jetpack-related-posts":[{"id":15973,"url":"https:\/\/libreriaguadalupe.com.ar\/libreria\/producto\/no-me-averguenzo-del-evangelio-e-book\/","url_meta":{"origin":16963,"position":0},"title":"No me averg\u00fcenzo del evangelio (E-BOOK)","author":"admin","date":"12\/02\/2023","format":false,"excerpt":"EDICION DIGITAL AUTOR: LEONARDO LEGRAS [\u00a0VER M\u00c1S OBRAS\u00a0] ISBN: 9505007981","rel":"","context":"Entrada similar","block_context":{"text":"Entrada similar","link":""},"img":{"alt_text":"","src":"https:\/\/i0.wp.com\/libreriaguadalupe.com.ar\/libreria\/wp-content\/uploads\/2023\/02\/No-me-averguenzo-del-Evangelio.webp?fit=216%2C287&ssl=1&resize=350%2C200","width":350,"height":200},"classes":[]},{"id":15476,"url":"https:\/\/libreriaguadalupe.com.ar\/libreria\/producto\/la-biblia-libro-del-pueblo-de-dios\/","url_meta":{"origin":16963,"position":1},"title":"La Biblia. Libro del Pueblo de Dios tapa rustica","author":"admin","date":"07\/02\/2023","format":false,"excerpt":"Impresi\u00f3n a un color - Encuadernaci\u00f3n r\u00fastica AUTOR: Alfredo Trusso -\u00a0Armando J. Levoratti ISBN: 8490731765","rel":"","context":"Entrada similar","block_context":{"text":"Entrada similar","link":""},"img":{"alt_text":"","src":"https:\/\/i0.wp.com\/libreriaguadalupe.com.ar\/libreria\/wp-content\/uploads\/2023\/02\/La_Biblia_El_Libro_del_Pueblo_de_Dios.jpg?fit=380%2C586&ssl=1&resize=350%2C200","width":350,"height":200},"classes":[]},{"id":16677,"url":"https:\/\/libreriaguadalupe.com.ar\/libreria\/producto\/la-biblia-libro-del-pueblo-de-dios-tapa-dura-con-unero\/","url_meta":{"origin":16963,"position":2},"title":"La Biblia. Libro del Pueblo de Dios 2 COLORES (tapa dura con u\u00f1ero)","author":"admin","date":"15\/03\/2023","format":false,"excerpt":"Edici\u00f3n tapa dura con u\u00f1eros Colecci\u00f3n La Biblia. Libro del Pueblo de Dios ISBN: 978-84-9073-130-7 Dimensiones: 22 x 15 cm P\u00e1ginas: 2288 Encuadernaci\u00f3n: tapa dura, cosida, tapa plastificada gofrada mate, con cinta registro y 42 u\u00f1eros","rel":"","context":"Entrada similar","block_context":{"text":"Entrada similar","link":""},"img":{"alt_text":"","src":"https:\/\/i0.wp.com\/libreriaguadalupe.com.ar\/libreria\/wp-content\/uploads\/2023\/03\/MES-DE-LA-BIBLIA-2024-lpd4.jpg?fit=470%2C470&ssl=1&resize=350%2C200","width":350,"height":200},"classes":[]},{"id":16681,"url":"https:\/\/libreriaguadalupe.com.ar\/libreria\/producto\/la-biblia-libro-del-pueblo-de-dios-simil-piel-con-unero\/","url_meta":{"origin":16963,"position":3},"title":"La Biblia. Libro del Pueblo de Dios (simil piel con u\u00f1ero)","author":"admin","date":"15\/03\/2023","format":false,"excerpt":"Edici\u00f3n simil piel con u\u00f1eros Colecci\u00f3n La Biblia. Libro del Pueblo de Dios ISBN: 978-84-9073-131-4 Dimensiones: 22 x 15 cm P\u00e1ginas: 2288 Encuadernaci\u00f3n: cosida, flexible, tapa en s\u00edmil piel marr\u00f3n, estampada oro en frente y lomo, con cinta registro y 42 u\u00f1eros","rel":"","context":"Entrada similar","block_context":{"text":"Entrada similar","link":""},"img":{"alt_text":"","src":"https:\/\/i0.wp.com\/libreriaguadalupe.com.ar\/libreria\/wp-content\/uploads\/2023\/03\/MES-DE-LA-BIBLIA-2024-lpd2.jpg?fit=470%2C470&ssl=1&resize=350%2C200","width":350,"height":200},"classes":[]},{"id":16685,"url":"https:\/\/libreriaguadalupe.com.ar\/libreria\/producto\/la-biblia-libro-del-pueblo-de-dios-simil-piel-bitono-con-unero\/","url_meta":{"origin":16963,"position":4},"title":"La Biblia. Libro del Pueblo de Dios (simil piel bitono con u\u00f1ero)","author":"admin","date":"15\/03\/2023","format":false,"excerpt":"Edici\u00f3n simil piel bitono con u\u00f1eros Colecci\u00f3n La Biblia. Libro del Pueblo de Dios ISBN: 978-84-9073-132-1 Dimensiones: 22 x 15 cm P\u00e1ginas: 2288 Encuadernaci\u00f3n: cosida, flexible, tapa en s\u00edmil piel bitono marr\u00f3n, estampada oro en frente y lomo, con cinta registro y 42 u\u00f1eros","rel":"","context":"Entrada similar","block_context":{"text":"Entrada similar","link":""},"img":{"alt_text":"","src":"https:\/\/i0.wp.com\/libreriaguadalupe.com.ar\/libreria\/wp-content\/uploads\/2023\/03\/MES-DE-LA-BIBLIA-2024-lpd3.jpg?fit=470%2C470&ssl=1&resize=350%2C200","width":350,"height":200},"classes":[]},{"id":14886,"url":"https:\/\/libreriaguadalupe.com.ar\/libreria\/producto\/el-libro-del-exodo-3\/","url_meta":{"origin":16963,"position":5},"title":"El libro del exodo","author":"admin","date":"07\/02\/2023","format":false,"excerpt":"","rel":"","context":"Entrada similar","block_context":{"text":"Entrada similar","link":""},"img":{"alt_text":"","src":"","width":0,"height":0},"classes":[]}],"_links":{"self":[{"href":"https:\/\/libreriaguadalupe.com.ar\/libreria\/wp-json\/wp\/v2\/product\/16963","targetHints":{"allow":["GET"]}}],"collection":[{"href":"https:\/\/libreriaguadalupe.com.ar\/libreria\/wp-json\/wp\/v2\/product"}],"about":[{"href":"https:\/\/libreriaguadalupe.com.ar\/libreria\/wp-json\/wp\/v2\/types\/product"}],"replies":[{"embeddable":true,"href":"https:\/\/libreriaguadalupe.com.ar\/libreria\/wp-json\/wp\/v2\/comments?post=16963"}],"version-history":[{"count":1,"href":"https:\/\/libreriaguadalupe.com.ar\/libreria\/wp-json\/wp\/v2\/product\/16963\/revisions"}],"predecessor-version":[{"id":16966,"href":"https:\/\/libreriaguadalupe.com.ar\/libreria\/wp-json\/wp\/v2\/product\/16963\/revisions\/16966"}],"wp:featuredmedia":[{"embeddable":true,"href":"https:\/\/libreriaguadalupe.com.ar\/libreria\/wp-json\/wp\/v2\/media\/16964"}],"wp:attachment":[{"href":"https:\/\/libreriaguadalupe.com.ar\/libreria\/wp-json\/wp\/v2\/media?parent=16963"}],"wp:term":[{"taxonomy":"product_brand","embeddable":true,"href":"https:\/\/libreriaguadalupe.com.ar\/libreria\/wp-json\/wp\/v2\/product_brand?post=16963"},{"taxonomy":"product_cat","embeddable":true,"href":"https:\/\/libreriaguadalupe.com.ar\/libreria\/wp-json\/wp\/v2\/product_cat?post=16963"},{"taxonomy":"product_tag","embeddable":true,"href":"https:\/\/libreriaguadalupe.com.ar\/libreria\/wp-json\/wp\/v2\/product_tag?post=16963"}],"curies":[{"name":"wp","href":"https:\/\/api.w.org\/{rel}","templated":true}]}}