{"id":16952,"date":"2023-03-23T15:32:24","date_gmt":"2023-03-23T18:32:24","guid":{"rendered":"https:\/\/libreriaguadalupe.com.ar\/libreria\/?post_type=product&#038;p=16952"},"modified":"2025-01-31T11:18:56","modified_gmt":"2025-01-31T14:18:56","slug":"de-genesis-a-reyes","status":"publish","type":"product","link":"https:\/\/libreriaguadalupe.com.ar\/libreria\/producto\/de-genesis-a-reyes\/","title":{"rendered":"De G\u00e9nesis a Reyes"},"content":{"rendered":"<p>Esta obra presenta el relato que va del libro del G\u00e9nesis al segundo libro de los Reyes como una unidad literaria (llamada Eneateuco) en la que se narra la visi\u00f3n que ten\u00eda su autor de la historia del pueblo hebreo y de su sentido (sobre todo su sentido) para los deportados a Babilonia.<\/p>\n<p>Aunque la postura de Amador \u00c1ngel Garc\u00eda Santos sobre la unidad literaria del Eneateuco no es ninguna novedad, s\u00ed es cierto que no es una tesis frecuentemente sostenida, por lo que \u00e9l argumenta detenidamente su fundamentaci\u00f3n, pasando posteriormente a analizar la estructura y el contenido de la obra.<\/p>\n<p>A pesar de que una obra exeg\u00e9tica no tiene que tratar problemas que le son ajenos, el autor concede bastante importancia a la cuesti\u00f3n de la historicidad de todo lo que se dice a lo largo del Eneateuco, consciente de que estos aspectos son con frecuencia los que m\u00e1s suelen interesar a los lectores.<\/p>\n","protected":false},"excerpt":{"rendered":"<p><strong>Introducci\u00f3n a los nueve primeros libros de la Biblia<\/strong><\/p>\n<p>Autor: Amador \u00c1ngel Garc\u00eda Santos<strong><br \/>\n<\/strong>ISBN: 8490733462<br \/>\nDimensiones: 16 x 24 cm<br \/>\nP\u00e1ginas: 30<\/p>\n","protected":false},"featured_media":16953,"comment_status":"open","ping_status":"closed","template":"","meta":{"jetpack_publicize_message":"","jetpack_publicize_feature_enabled":true,"jetpack_social_post_already_shared":true,"jetpack_social_options":{"image_generator_settings":{"template":"highway","default_image_id":0,"font":"","enabled":false},"version":2}},"product_brand":[],"product_cat":[109],"product_tag":[127],"class_list":{"0":"post-16952","1":"product","2":"type-product","3":"status-publish","4":"has-post-thumbnail","6":"product_cat-verbo-divino","7":"product_tag-editorial-guadalupe-de-argentina","9":"first","10":"instock","11":"shipping-taxable","12":"purchasable","13":"product-type-simple"},"yoast_head":"<!-- This site is optimized with the Yoast SEO plugin v27.4 - https:\/\/yoast.com\/product\/yoast-seo-wordpress\/ -->\n<title>De G\u00e9nesis a Reyes - Editorial Guadalupe de Argentina<\/title>\n<meta name=\"description\" content=\"Esta obra presenta el relato que va del libro del G\u00e9nesis al segundo libro de los Reyes como una unidad literaria (llamada Eneateuco) en la que se narra la visi\u00f3n que ten\u00eda su autor de la historia del pueblo hebreo y de su sentido (sobre todo su sentido) para los deportados a Babilonia.\" \/>\n<meta name=\"robots\" content=\"index, follow, max-snippet:-1, max-image-preview:large, max-video-preview:-1\" \/>\n<link rel=\"canonical\" href=\"https:\/\/libreriaguadalupe.com.ar\/libreria\/producto\/de-genesis-a-reyes\/\" \/>\n<meta property=\"og:locale\" content=\"es_ES\" \/>\n<meta property=\"og:type\" content=\"article\" \/>\n<meta property=\"og:title\" content=\"De G\u00e9nesis a Reyes - Editorial Guadalupe de Argentina\" \/>\n<meta property=\"og:description\" content=\"Esta obra presenta el relato que va del libro del G\u00e9nesis al segundo libro de los Reyes como una unidad literaria (llamada Eneateuco) en la que se narra la visi\u00f3n que ten\u00eda su autor de la historia del pueblo hebreo y de su sentido (sobre todo su sentido) para los deportados a Babilonia.\" \/>\n<meta property=\"og:url\" content=\"https:\/\/libreriaguadalupe.com.ar\/libreria\/producto\/de-genesis-a-reyes\/\" \/>\n<meta property=\"og:site_name\" content=\"Editorial Guadalupe de Argentina\" \/>\n<meta property=\"article:publisher\" content=\"https:\/\/www.facebook.com\/LibreriaGuadalupeAR\/\" \/>\n<meta property=\"article:modified_time\" content=\"2025-01-31T14:18:56+00:00\" \/>\n<meta property=\"og:image\" content=\"https:\/\/libreriaguadalupe.com.ar\/libreria\/wp-content\/uploads\/2023\/03\/DE-GENESIS-A-REYES.jpg\" \/>\n\t<meta property=\"og:image:width\" content=\"380\" \/>\n\t<meta property=\"og:image:height\" content=\"586\" \/>\n\t<meta property=\"og:image:type\" content=\"image\/jpeg\" \/>\n<meta name=\"twitter:card\" content=\"summary_large_image\" \/>\n<meta name=\"twitter:label1\" content=\"Tiempo de lectura\" \/>\n\t<meta name=\"twitter:data1\" content=\"1 minuto\" \/>\n<script type=\"application\/ld+json\" class=\"yoast-schema-graph\">{\"@context\":\"https:\\\/\\\/schema.org\",\"@graph\":[{\"@type\":\"WebPage\",\"@id\":\"https:\\\/\\\/libreriaguadalupe.com.ar\\\/libreria\\\/producto\\\/de-genesis-a-reyes\\\/\",\"url\":\"https:\\\/\\\/libreriaguadalupe.com.ar\\\/libreria\\\/producto\\\/de-genesis-a-reyes\\\/\",\"name\":\"De G\u00e9nesis a Reyes - Editorial Guadalupe de Argentina\",\"isPartOf\":{\"@id\":\"https:\\\/\\\/libreriaguadalupe.com.ar\\\/libreria\\\/#website\"},\"primaryImageOfPage\":{\"@id\":\"https:\\\/\\\/libreriaguadalupe.com.ar\\\/libreria\\\/producto\\\/de-genesis-a-reyes\\\/#primaryimage\"},\"image\":{\"@id\":\"https:\\\/\\\/libreriaguadalupe.com.ar\\\/libreria\\\/producto\\\/de-genesis-a-reyes\\\/#primaryimage\"},\"thumbnailUrl\":\"https:\\\/\\\/i0.wp.com\\\/libreriaguadalupe.com.ar\\\/libreria\\\/wp-content\\\/uploads\\\/2023\\\/03\\\/DE-GENESIS-A-REYES.jpg?fit=380%2C586&ssl=1\",\"datePublished\":\"2023-03-23T18:32:24+00:00\",\"dateModified\":\"2025-01-31T14:18:56+00:00\",\"description\":\"Esta obra presenta el relato que va del libro del G\u00e9nesis al segundo libro de los Reyes como una unidad literaria (llamada Eneateuco) en la que se narra la visi\u00f3n que ten\u00eda su autor de la historia del pueblo hebreo y de su sentido (sobre todo su sentido) para los deportados a Babilonia.\",\"breadcrumb\":{\"@id\":\"https:\\\/\\\/libreriaguadalupe.com.ar\\\/libreria\\\/producto\\\/de-genesis-a-reyes\\\/#breadcrumb\"},\"inLanguage\":\"es\",\"potentialAction\":[{\"@type\":\"ReadAction\",\"target\":[\"https:\\\/\\\/libreriaguadalupe.com.ar\\\/libreria\\\/producto\\\/de-genesis-a-reyes\\\/\"]}]},{\"@type\":\"ImageObject\",\"inLanguage\":\"es\",\"@id\":\"https:\\\/\\\/libreriaguadalupe.com.ar\\\/libreria\\\/producto\\\/de-genesis-a-reyes\\\/#primaryimage\",\"url\":\"https:\\\/\\\/i0.wp.com\\\/libreriaguadalupe.com.ar\\\/libreria\\\/wp-content\\\/uploads\\\/2023\\\/03\\\/DE-GENESIS-A-REYES.jpg?fit=380%2C586&ssl=1\",\"contentUrl\":\"https:\\\/\\\/i0.wp.com\\\/libreriaguadalupe.com.ar\\\/libreria\\\/wp-content\\\/uploads\\\/2023\\\/03\\\/DE-GENESIS-A-REYES.jpg?fit=380%2C586&ssl=1\",\"width\":380,\"height\":586},{\"@type\":\"BreadcrumbList\",\"@id\":\"https:\\\/\\\/libreriaguadalupe.com.ar\\\/libreria\\\/producto\\\/de-genesis-a-reyes\\\/#breadcrumb\",\"itemListElement\":[{\"@type\":\"ListItem\",\"position\":1,\"name\":\"Portada\",\"item\":\"https:\\\/\\\/libreriaguadalupe.com.ar\\\/libreria\\\/\"},{\"@type\":\"ListItem\",\"position\":2,\"name\":\"Tienda\",\"item\":\"https:\\\/\\\/libreriaguadalupe.com.ar\\\/libreria\\\/\"},{\"@type\":\"ListItem\",\"position\":3,\"name\":\"De G\u00e9nesis a Reyes\"}]},{\"@type\":\"WebSite\",\"@id\":\"https:\\\/\\\/libreriaguadalupe.com.ar\\\/libreria\\\/#website\",\"url\":\"https:\\\/\\\/libreriaguadalupe.com.ar\\\/libreria\\\/\",\"name\":\"Editorial Guadalupe de Argentina\",\"description\":\"Congregaci\u00f3n del Verbo Divino\",\"publisher\":{\"@id\":\"https:\\\/\\\/libreriaguadalupe.com.ar\\\/libreria\\\/#organization\"},\"alternateName\":\"Librer\u00eda Guadalupe\",\"potentialAction\":[{\"@type\":\"SearchAction\",\"target\":{\"@type\":\"EntryPoint\",\"urlTemplate\":\"https:\\\/\\\/libreriaguadalupe.com.ar\\\/libreria\\\/?s={search_term_string}\"},\"query-input\":{\"@type\":\"PropertyValueSpecification\",\"valueRequired\":true,\"valueName\":\"search_term_string\"}}],\"inLanguage\":\"es\"},{\"@type\":\"Organization\",\"@id\":\"https:\\\/\\\/libreriaguadalupe.com.ar\\\/libreria\\\/#organization\",\"name\":\"Editorial Guadalupe\",\"alternateName\":\"Librer\u00eda Guadalupe\",\"url\":\"https:\\\/\\\/libreriaguadalupe.com.ar\\\/libreria\\\/\",\"logo\":{\"@type\":\"ImageObject\",\"inLanguage\":\"es\",\"@id\":\"https:\\\/\\\/libreriaguadalupe.com.ar\\\/libreria\\\/#\\\/schema\\\/logo\\\/image\\\/\",\"url\":\"https:\\\/\\\/i0.wp.com\\\/libreriaguadalupe.com.ar\\\/libreria\\\/wp-content\\\/uploads\\\/2023\\\/01\\\/cropped-logo-editorial-guadalupe.webp?fit=500%2C100&ssl=1\",\"contentUrl\":\"https:\\\/\\\/i0.wp.com\\\/libreriaguadalupe.com.ar\\\/libreria\\\/wp-content\\\/uploads\\\/2023\\\/01\\\/cropped-logo-editorial-guadalupe.webp?fit=500%2C100&ssl=1\",\"width\":500,\"height\":100,\"caption\":\"Editorial Guadalupe\"},\"image\":{\"@id\":\"https:\\\/\\\/libreriaguadalupe.com.ar\\\/libreria\\\/#\\\/schema\\\/logo\\\/image\\\/\"},\"sameAs\":[\"https:\\\/\\\/www.facebook.com\\\/LibreriaGuadalupeAR\\\/\",\"https:\\\/\\\/www.instagram.com\\\/editorialguadalupe\\\/\",\"https:\\\/\\\/guadalupeeditorial.mercadoshops.com.ar\\\/\"]}]}<\/script>\n<!-- \/ Yoast SEO plugin. -->","yoast_head_json":{"title":"De G\u00e9nesis a Reyes - Editorial Guadalupe de Argentina","description":"Esta obra presenta el relato que va del libro del G\u00e9nesis al segundo libro de los Reyes como una unidad literaria (llamada Eneateuco) en la que se narra la visi\u00f3n que ten\u00eda su autor de la historia del pueblo hebreo y de su sentido (sobre todo su sentido) para los deportados a Babilonia.","robots":{"index":"index","follow":"follow","max-snippet":"max-snippet:-1","max-image-preview":"max-image-preview:large","max-video-preview":"max-video-preview:-1"},"canonical":"https:\/\/libreriaguadalupe.com.ar\/libreria\/producto\/de-genesis-a-reyes\/","og_locale":"es_ES","og_type":"article","og_title":"De G\u00e9nesis a Reyes - Editorial Guadalupe de Argentina","og_description":"Esta obra presenta el relato que va del libro del G\u00e9nesis al segundo libro de los Reyes como una unidad literaria (llamada Eneateuco) en la que se narra la visi\u00f3n que ten\u00eda su autor de la historia del pueblo hebreo y de su sentido (sobre todo su sentido) para los deportados a Babilonia.","og_url":"https:\/\/libreriaguadalupe.com.ar\/libreria\/producto\/de-genesis-a-reyes\/","og_site_name":"Editorial Guadalupe de Argentina","article_publisher":"https:\/\/www.facebook.com\/LibreriaGuadalupeAR\/","article_modified_time":"2025-01-31T14:18:56+00:00","og_image":[{"width":380,"height":586,"url":"https:\/\/libreriaguadalupe.com.ar\/libreria\/wp-content\/uploads\/2023\/03\/DE-GENESIS-A-REYES.jpg","type":"image\/jpeg"}],"twitter_card":"summary_large_image","twitter_misc":{"Tiempo de lectura":"1 minuto"},"schema":{"@context":"https:\/\/schema.org","@graph":[{"@type":"WebPage","@id":"https:\/\/libreriaguadalupe.com.ar\/libreria\/producto\/de-genesis-a-reyes\/","url":"https:\/\/libreriaguadalupe.com.ar\/libreria\/producto\/de-genesis-a-reyes\/","name":"De G\u00e9nesis a Reyes - Editorial Guadalupe de Argentina","isPartOf":{"@id":"https:\/\/libreriaguadalupe.com.ar\/libreria\/#website"},"primaryImageOfPage":{"@id":"https:\/\/libreriaguadalupe.com.ar\/libreria\/producto\/de-genesis-a-reyes\/#primaryimage"},"image":{"@id":"https:\/\/libreriaguadalupe.com.ar\/libreria\/producto\/de-genesis-a-reyes\/#primaryimage"},"thumbnailUrl":"https:\/\/i0.wp.com\/libreriaguadalupe.com.ar\/libreria\/wp-content\/uploads\/2023\/03\/DE-GENESIS-A-REYES.jpg?fit=380%2C586&ssl=1","datePublished":"2023-03-23T18:32:24+00:00","dateModified":"2025-01-31T14:18:56+00:00","description":"Esta obra presenta el relato que va del libro del G\u00e9nesis al segundo libro de los Reyes como una unidad literaria (llamada Eneateuco) en la que se narra la visi\u00f3n que ten\u00eda su autor de la historia del pueblo hebreo y de su sentido (sobre todo su sentido) para los deportados a Babilonia.","breadcrumb":{"@id":"https:\/\/libreriaguadalupe.com.ar\/libreria\/producto\/de-genesis-a-reyes\/#breadcrumb"},"inLanguage":"es","potentialAction":[{"@type":"ReadAction","target":["https:\/\/libreriaguadalupe.com.ar\/libreria\/producto\/de-genesis-a-reyes\/"]}]},{"@type":"ImageObject","inLanguage":"es","@id":"https:\/\/libreriaguadalupe.com.ar\/libreria\/producto\/de-genesis-a-reyes\/#primaryimage","url":"https:\/\/i0.wp.com\/libreriaguadalupe.com.ar\/libreria\/wp-content\/uploads\/2023\/03\/DE-GENESIS-A-REYES.jpg?fit=380%2C586&ssl=1","contentUrl":"https:\/\/i0.wp.com\/libreriaguadalupe.com.ar\/libreria\/wp-content\/uploads\/2023\/03\/DE-GENESIS-A-REYES.jpg?fit=380%2C586&ssl=1","width":380,"height":586},{"@type":"BreadcrumbList","@id":"https:\/\/libreriaguadalupe.com.ar\/libreria\/producto\/de-genesis-a-reyes\/#breadcrumb","itemListElement":[{"@type":"ListItem","position":1,"name":"Portada","item":"https:\/\/libreriaguadalupe.com.ar\/libreria\/"},{"@type":"ListItem","position":2,"name":"Tienda","item":"https:\/\/libreriaguadalupe.com.ar\/libreria\/"},{"@type":"ListItem","position":3,"name":"De G\u00e9nesis a Reyes"}]},{"@type":"WebSite","@id":"https:\/\/libreriaguadalupe.com.ar\/libreria\/#website","url":"https:\/\/libreriaguadalupe.com.ar\/libreria\/","name":"Editorial Guadalupe de Argentina","description":"Congregaci\u00f3n del Verbo Divino","publisher":{"@id":"https:\/\/libreriaguadalupe.com.ar\/libreria\/#organization"},"alternateName":"Librer\u00eda Guadalupe","potentialAction":[{"@type":"SearchAction","target":{"@type":"EntryPoint","urlTemplate":"https:\/\/libreriaguadalupe.com.ar\/libreria\/?s={search_term_string}"},"query-input":{"@type":"PropertyValueSpecification","valueRequired":true,"valueName":"search_term_string"}}],"inLanguage":"es"},{"@type":"Organization","@id":"https:\/\/libreriaguadalupe.com.ar\/libreria\/#organization","name":"Editorial Guadalupe","alternateName":"Librer\u00eda Guadalupe","url":"https:\/\/libreriaguadalupe.com.ar\/libreria\/","logo":{"@type":"ImageObject","inLanguage":"es","@id":"https:\/\/libreriaguadalupe.com.ar\/libreria\/#\/schema\/logo\/image\/","url":"https:\/\/i0.wp.com\/libreriaguadalupe.com.ar\/libreria\/wp-content\/uploads\/2023\/01\/cropped-logo-editorial-guadalupe.webp?fit=500%2C100&ssl=1","contentUrl":"https:\/\/i0.wp.com\/libreriaguadalupe.com.ar\/libreria\/wp-content\/uploads\/2023\/01\/cropped-logo-editorial-guadalupe.webp?fit=500%2C100&ssl=1","width":500,"height":100,"caption":"Editorial Guadalupe"},"image":{"@id":"https:\/\/libreriaguadalupe.com.ar\/libreria\/#\/schema\/logo\/image\/"},"sameAs":["https:\/\/www.facebook.com\/LibreriaGuadalupeAR\/","https:\/\/www.instagram.com\/editorialguadalupe\/","https:\/\/guadalupeeditorial.mercadoshops.com.ar\/"]}]}},"jetpack_publicize_connections":[],"jetpack_sharing_enabled":true,"jetpack-related-posts":[{"id":12865,"url":"https:\/\/libreriaguadalupe.com.ar\/libreria\/producto\/hechos-de-los-apostoles-guia-lect-nt\/","url_meta":{"origin":16952,"position":0},"title":"Hechos de los apostoles (guia lect NT)","author":"admin","date":"18\/01\/2023","format":false,"excerpt":"Autor: Francesc Ramis Darder ISBN: 8481699333 Dimensiones: 17 x 24 cm P\u00e1ginas: 432","rel":"","context":"Entrada similar","block_context":{"text":"Entrada similar","link":""},"img":{"alt_text":"","src":"https:\/\/i0.wp.com\/libreriaguadalupe.com.ar\/libreria\/wp-content\/uploads\/2023\/01\/Hechos-de-los-apostoles-guia-lect-NT.jpg?fit=380%2C586&ssl=1&resize=350%2C200","width":350,"height":200},"classes":[]},{"id":12766,"url":"https:\/\/libreriaguadalupe.com.ar\/libreria\/producto\/diccionario-biblico-abreviado\/","url_meta":{"origin":16952,"position":1},"title":"Diccionario biblico abreviado","author":"admin","date":"18\/01\/2023","format":false,"excerpt":"Autor: EVD ISBN: 8490732939 Dimensiones: 10,3 x 21,5 cm P\u00e1ginas: 312","rel":"","context":"Entrada similar","block_context":{"text":"Entrada similar","link":""},"img":{"alt_text":"","src":"https:\/\/i0.wp.com\/libreriaguadalupe.com.ar\/libreria\/wp-content\/uploads\/2023\/01\/Diccionario-biblico-abreviado.jpg?fit=380%2C586&ssl=1&resize=350%2C200","width":350,"height":200},"classes":[]},{"id":13094,"url":"https:\/\/libreriaguadalupe.com.ar\/libreria\/producto\/introduccion-al-pentateuco-genesis\/","url_meta":{"origin":16952,"position":2},"title":"Introduccion al Pentateuco Genesis","author":"admin","date":"18\/01\/2023","format":false,"excerpt":"AUTOR: Loza Vera, Jos\u00e9 ISBN 8481692426","rel":"","context":"Entrada similar","block_context":{"text":"Entrada similar","link":""},"img":{"alt_text":"","src":"https:\/\/i0.wp.com\/libreriaguadalupe.com.ar\/libreria\/wp-content\/uploads\/1674\/33\/1004.jpg?fit=227%2C345&ssl=1&resize=350%2C200","width":350,"height":200},"classes":[]},{"id":16104,"url":"https:\/\/libreriaguadalupe.com.ar\/libreria\/producto\/por-que-leer-hoy-a-jose-murillo\/","url_meta":{"origin":16952,"position":3},"title":"\u00bfPor qu\u00e9 leer hoy a Jos\u00e9 Murillo?","author":"admin","date":"12\/02\/2023","format":false,"excerpt":"El ni\u00f1o lo espera todo de nosotros, necesita de los adultos, conf\u00eda y cree en ellos, lo cual confiere al autor de literatura infantil, una gran responsabilidad AUTOR: LILIANA MANRIQUE ISBN: 9505008698","rel":"","context":"Entrada similar","block_context":{"text":"Entrada similar","link":""},"img":{"alt_text":"","src":"https:\/\/i0.wp.com\/libreriaguadalupe.com.ar\/libreria\/wp-content\/uploads\/2023\/02\/por-que-leer-hoy-a-jose-murillo.png?fit=330%2C500&ssl=1&resize=350%2C200","width":350,"height":200},"classes":[]},{"id":12869,"url":"https:\/\/libreriaguadalupe.com.ar\/libreria\/producto\/estudios-de-sintaxis-verbal-en-tiempos-ugariticos\/","url_meta":{"origin":16952,"position":4},"title":"Estudios de sintaxis verbal en tiempos ugariticos","author":"admin","date":"18\/01\/2023","format":false,"excerpt":"El Ciclo de Baal y la \"poes\u00eda b\u00edblica arcaica\" Autor: Andr\u00e9s Piquer Otero ISBN: 8481697407 Dimensiones: 17 x 24 cm P\u00e1ginas: 896","rel":"","context":"Entrada similar","block_context":{"text":"Entrada similar","link":""},"img":{"alt_text":"","src":"https:\/\/i0.wp.com\/libreriaguadalupe.com.ar\/libreria\/wp-content\/uploads\/2023\/01\/Estudios-de-sintaxis-verbal-en-tiempos-ugariticos.jpg?fit=380%2C586&ssl=1&resize=350%2C200","width":350,"height":200},"classes":[]},{"id":12555,"url":"https:\/\/libreriaguadalupe.com.ar\/libreria\/producto\/expresion-literaria-del-placer-en-la-biblia-hebrea\/","url_meta":{"origin":16952,"position":5},"title":"Expresion literaria del placer en la Biblia Hebrea","author":"admin","date":"18\/01\/2023","format":false,"excerpt":"Autor: Mike van Treek Nilsson ISBN: 8499451121 Dimensiones: 16 x 24 cm P\u00e1ginas: 480","rel":"","context":"Entrada similar","block_context":{"text":"Entrada similar","link":""},"img":{"alt_text":"","src":"https:\/\/i0.wp.com\/libreriaguadalupe.com.ar\/libreria\/wp-content\/uploads\/2023\/01\/Expresion-literaria-del-placer-en-la-Biblia-Hebrea.jpg?fit=380%2C586&ssl=1&resize=350%2C200","width":350,"height":200},"classes":[]}],"_links":{"self":[{"href":"https:\/\/libreriaguadalupe.com.ar\/libreria\/wp-json\/wp\/v2\/product\/16952","targetHints":{"allow":["GET"]}}],"collection":[{"href":"https:\/\/libreriaguadalupe.com.ar\/libreria\/wp-json\/wp\/v2\/product"}],"about":[{"href":"https:\/\/libreriaguadalupe.com.ar\/libreria\/wp-json\/wp\/v2\/types\/product"}],"replies":[{"embeddable":true,"href":"https:\/\/libreriaguadalupe.com.ar\/libreria\/wp-json\/wp\/v2\/comments?post=16952"}],"version-history":[{"count":1,"href":"https:\/\/libreriaguadalupe.com.ar\/libreria\/wp-json\/wp\/v2\/product\/16952\/revisions"}],"predecessor-version":[{"id":16954,"href":"https:\/\/libreriaguadalupe.com.ar\/libreria\/wp-json\/wp\/v2\/product\/16952\/revisions\/16954"}],"wp:featuredmedia":[{"embeddable":true,"href":"https:\/\/libreriaguadalupe.com.ar\/libreria\/wp-json\/wp\/v2\/media\/16953"}],"wp:attachment":[{"href":"https:\/\/libreriaguadalupe.com.ar\/libreria\/wp-json\/wp\/v2\/media?parent=16952"}],"wp:term":[{"taxonomy":"product_brand","embeddable":true,"href":"https:\/\/libreriaguadalupe.com.ar\/libreria\/wp-json\/wp\/v2\/product_brand?post=16952"},{"taxonomy":"product_cat","embeddable":true,"href":"https:\/\/libreriaguadalupe.com.ar\/libreria\/wp-json\/wp\/v2\/product_cat?post=16952"},{"taxonomy":"product_tag","embeddable":true,"href":"https:\/\/libreriaguadalupe.com.ar\/libreria\/wp-json\/wp\/v2\/product_tag?post=16952"}],"curies":[{"name":"wp","href":"https:\/\/api.w.org\/{rel}","templated":true}]}}