{"id":16949,"date":"2023-03-23T15:29:07","date_gmt":"2023-03-23T18:29:07","guid":{"rendered":"https:\/\/libreriaguadalupe.com.ar\/libreria\/?post_type=product&#038;p=16949"},"modified":"2025-05-05T18:51:57","modified_gmt":"2025-05-05T21:51:57","slug":"inventario-de-hostigamiento-laboral","status":"publish","type":"product","link":"https:\/\/libreriaguadalupe.com.ar\/libreria\/producto\/inventario-de-hostigamiento-laboral\/","title":{"rendered":"Inventario de Hostigamiento Laboral"},"content":{"rendered":"<p>Medir resulta esencial para realizar un diagn\u00f3stico racional y consensuado y en tanto ello intervenir terap\u00e9uticamente de modo eficiente. El hostigamiento psicol\u00f3gico moral laboral es un acto de violencia dentro del \u00e1mbito de la vida laboral de la persona. Vida \u00e9sta que no solamente permite el sustento econ\u00f3mico del sujeto sino que, lo que resulta a\u00fan m\u00e1s importante, dignifica su existencia. El trabajo dignifica y en consecuencia construye al ser y su autoestima. De tal suerte que la comprensi\u00f3n del tema, conceptualiz\u00e1ndolo de modo concluyente, es un requisito indispensable al momento de desarrollar un Instrumento de evaluaci\u00f3n que enriquezca el diagn\u00f3stico.<\/p>\n<p>La tarea de investigaci\u00f3n previa a la formulaci\u00f3n del \u00abInventario de Hostigamiento Laboral\u00bb (IHL) realizada por los autores del instru- mento enriquece y fundamenta sobradamente su desarrollo. Dan lugar asi al primer instrumento construido y validado en la Argen- tina, para mensurar esta problem\u00e1tica de modo integral constitu yendo una parte esencial al diagn\u00f3stico y tipificaci\u00f3n del hostiga miento psicol\u00f3gico moral laboral en nuestro medio.<\/p>\n<p>Dr. Daniel L\u00f3pez Rosetti Presidente Sociedad Argentina de Medicina del Estr\u00e9s<\/p>\n","protected":false},"excerpt":{"rendered":"<p><strong>\u00bfComo evaluar y actuar frente a la violencia psicol\u00f3gica en el trabajo?<br \/>\nPROLOGO Dr. Daniel L\u00f3pez Rosetti<br \/>\n<\/strong><\/p>\n<p>Autor: Eduardo Bustos Villar<strong><br \/>\n<\/strong>ISBN: 9789505006786<br \/>\nDimensiones: 16 x 23 cm<br \/>\nP\u00e1ginas: 272<\/p>\n","protected":false},"featured_media":16950,"comment_status":"open","ping_status":"closed","template":"","meta":{"jetpack_publicize_message":"","jetpack_publicize_feature_enabled":true,"jetpack_social_post_already_shared":true,"jetpack_social_options":{"image_generator_settings":{"template":"highway","default_image_id":0,"font":"","enabled":false},"version":2}},"product_brand":[],"product_cat":[88,121],"product_tag":[127],"class_list":{"0":"post-16949","1":"product","2":"type-product","3":"status-publish","4":"has-post-thumbnail","6":"product_cat-espiritualidad-cultura-social","7":"product_cat-guadalupe","8":"product_tag-editorial-guadalupe-de-argentina","10":"first","11":"instock","12":"shipping-taxable","13":"purchasable","14":"product-type-simple"},"yoast_head":"<!-- This site is optimized with the Yoast SEO plugin v27.4 - https:\/\/yoast.com\/product\/yoast-seo-wordpress\/ -->\n<title>Inventario de Hostigamiento Laboral - Editorial Guadalupe de Argentina<\/title>\n<meta name=\"description\" content=\"Medir resulta esencial para realizar un diagn\u00f3stico racional y consensuado y en tanto ello intervenir terap\u00e9uticamente de modo eficiente.\" \/>\n<meta name=\"robots\" content=\"index, follow, max-snippet:-1, max-image-preview:large, max-video-preview:-1\" \/>\n<link rel=\"canonical\" href=\"https:\/\/libreriaguadalupe.com.ar\/libreria\/producto\/inventario-de-hostigamiento-laboral\/\" \/>\n<meta property=\"og:locale\" content=\"es_ES\" \/>\n<meta property=\"og:type\" content=\"article\" \/>\n<meta property=\"og:title\" content=\"Inventario de Hostigamiento Laboral - Editorial Guadalupe de Argentina\" \/>\n<meta property=\"og:description\" content=\"Medir resulta esencial para realizar un diagn\u00f3stico racional y consensuado y en tanto ello intervenir terap\u00e9uticamente de modo eficiente.\" \/>\n<meta property=\"og:url\" content=\"https:\/\/libreriaguadalupe.com.ar\/libreria\/producto\/inventario-de-hostigamiento-laboral\/\" \/>\n<meta property=\"og:site_name\" content=\"Editorial Guadalupe de Argentina\" \/>\n<meta property=\"article:publisher\" content=\"https:\/\/www.facebook.com\/LibreriaGuadalupeAR\/\" \/>\n<meta property=\"article:modified_time\" content=\"2025-05-05T21:51:57+00:00\" \/>\n<meta property=\"og:image\" content=\"https:\/\/libreriaguadalupe.com.ar\/libreria\/wp-content\/uploads\/2023\/03\/Inventario-de-Hostigamiento-Laboral.jpeg\" \/>\n\t<meta property=\"og:image:width\" content=\"984\" \/>\n\t<meta property=\"og:image:height\" content=\"1280\" \/>\n\t<meta property=\"og:image:type\" content=\"image\/jpeg\" \/>\n<meta name=\"twitter:card\" content=\"summary_large_image\" \/>\n<meta name=\"twitter:label1\" content=\"Tiempo de lectura\" \/>\n\t<meta name=\"twitter:data1\" content=\"2 minutos\" \/>\n<script type=\"application\/ld+json\" class=\"yoast-schema-graph\">{\"@context\":\"https:\\\/\\\/schema.org\",\"@graph\":[{\"@type\":\"WebPage\",\"@id\":\"https:\\\/\\\/libreriaguadalupe.com.ar\\\/libreria\\\/producto\\\/inventario-de-hostigamiento-laboral\\\/\",\"url\":\"https:\\\/\\\/libreriaguadalupe.com.ar\\\/libreria\\\/producto\\\/inventario-de-hostigamiento-laboral\\\/\",\"name\":\"Inventario de Hostigamiento Laboral - Editorial Guadalupe de Argentina\",\"isPartOf\":{\"@id\":\"https:\\\/\\\/libreriaguadalupe.com.ar\\\/libreria\\\/#website\"},\"primaryImageOfPage\":{\"@id\":\"https:\\\/\\\/libreriaguadalupe.com.ar\\\/libreria\\\/producto\\\/inventario-de-hostigamiento-laboral\\\/#primaryimage\"},\"image\":{\"@id\":\"https:\\\/\\\/libreriaguadalupe.com.ar\\\/libreria\\\/producto\\\/inventario-de-hostigamiento-laboral\\\/#primaryimage\"},\"thumbnailUrl\":\"https:\\\/\\\/i0.wp.com\\\/libreriaguadalupe.com.ar\\\/libreria\\\/wp-content\\\/uploads\\\/2023\\\/03\\\/Inventario-de-Hostigamiento-Laboral.jpeg?fit=984%2C1280&ssl=1\",\"datePublished\":\"2023-03-23T18:29:07+00:00\",\"dateModified\":\"2025-05-05T21:51:57+00:00\",\"description\":\"Medir resulta esencial para realizar un diagn\u00f3stico racional y consensuado y en tanto ello intervenir terap\u00e9uticamente de modo eficiente.\",\"breadcrumb\":{\"@id\":\"https:\\\/\\\/libreriaguadalupe.com.ar\\\/libreria\\\/producto\\\/inventario-de-hostigamiento-laboral\\\/#breadcrumb\"},\"inLanguage\":\"es\",\"potentialAction\":[{\"@type\":\"ReadAction\",\"target\":[\"https:\\\/\\\/libreriaguadalupe.com.ar\\\/libreria\\\/producto\\\/inventario-de-hostigamiento-laboral\\\/\"]}]},{\"@type\":\"ImageObject\",\"inLanguage\":\"es\",\"@id\":\"https:\\\/\\\/libreriaguadalupe.com.ar\\\/libreria\\\/producto\\\/inventario-de-hostigamiento-laboral\\\/#primaryimage\",\"url\":\"https:\\\/\\\/i0.wp.com\\\/libreriaguadalupe.com.ar\\\/libreria\\\/wp-content\\\/uploads\\\/2023\\\/03\\\/Inventario-de-Hostigamiento-Laboral.jpeg?fit=984%2C1280&ssl=1\",\"contentUrl\":\"https:\\\/\\\/i0.wp.com\\\/libreriaguadalupe.com.ar\\\/libreria\\\/wp-content\\\/uploads\\\/2023\\\/03\\\/Inventario-de-Hostigamiento-Laboral.jpeg?fit=984%2C1280&ssl=1\",\"width\":984,\"height\":1280},{\"@type\":\"BreadcrumbList\",\"@id\":\"https:\\\/\\\/libreriaguadalupe.com.ar\\\/libreria\\\/producto\\\/inventario-de-hostigamiento-laboral\\\/#breadcrumb\",\"itemListElement\":[{\"@type\":\"ListItem\",\"position\":1,\"name\":\"Portada\",\"item\":\"https:\\\/\\\/libreriaguadalupe.com.ar\\\/libreria\\\/\"},{\"@type\":\"ListItem\",\"position\":2,\"name\":\"Tienda\",\"item\":\"https:\\\/\\\/libreriaguadalupe.com.ar\\\/libreria\\\/\"},{\"@type\":\"ListItem\",\"position\":3,\"name\":\"Inventario de Hostigamiento Laboral\"}]},{\"@type\":\"WebSite\",\"@id\":\"https:\\\/\\\/libreriaguadalupe.com.ar\\\/libreria\\\/#website\",\"url\":\"https:\\\/\\\/libreriaguadalupe.com.ar\\\/libreria\\\/\",\"name\":\"Editorial Guadalupe de Argentina\",\"description\":\"Congregaci\u00f3n del Verbo Divino\",\"publisher\":{\"@id\":\"https:\\\/\\\/libreriaguadalupe.com.ar\\\/libreria\\\/#organization\"},\"alternateName\":\"Librer\u00eda Guadalupe\",\"potentialAction\":[{\"@type\":\"SearchAction\",\"target\":{\"@type\":\"EntryPoint\",\"urlTemplate\":\"https:\\\/\\\/libreriaguadalupe.com.ar\\\/libreria\\\/?s={search_term_string}\"},\"query-input\":{\"@type\":\"PropertyValueSpecification\",\"valueRequired\":true,\"valueName\":\"search_term_string\"}}],\"inLanguage\":\"es\"},{\"@type\":\"Organization\",\"@id\":\"https:\\\/\\\/libreriaguadalupe.com.ar\\\/libreria\\\/#organization\",\"name\":\"Editorial Guadalupe\",\"alternateName\":\"Librer\u00eda Guadalupe\",\"url\":\"https:\\\/\\\/libreriaguadalupe.com.ar\\\/libreria\\\/\",\"logo\":{\"@type\":\"ImageObject\",\"inLanguage\":\"es\",\"@id\":\"https:\\\/\\\/libreriaguadalupe.com.ar\\\/libreria\\\/#\\\/schema\\\/logo\\\/image\\\/\",\"url\":\"https:\\\/\\\/i0.wp.com\\\/libreriaguadalupe.com.ar\\\/libreria\\\/wp-content\\\/uploads\\\/2023\\\/01\\\/cropped-logo-editorial-guadalupe.webp?fit=500%2C100&ssl=1\",\"contentUrl\":\"https:\\\/\\\/i0.wp.com\\\/libreriaguadalupe.com.ar\\\/libreria\\\/wp-content\\\/uploads\\\/2023\\\/01\\\/cropped-logo-editorial-guadalupe.webp?fit=500%2C100&ssl=1\",\"width\":500,\"height\":100,\"caption\":\"Editorial Guadalupe\"},\"image\":{\"@id\":\"https:\\\/\\\/libreriaguadalupe.com.ar\\\/libreria\\\/#\\\/schema\\\/logo\\\/image\\\/\"},\"sameAs\":[\"https:\\\/\\\/www.facebook.com\\\/LibreriaGuadalupeAR\\\/\",\"https:\\\/\\\/www.instagram.com\\\/editorialguadalupe\\\/\",\"https:\\\/\\\/guadalupeeditorial.mercadoshops.com.ar\\\/\"]}]}<\/script>\n<!-- \/ Yoast SEO plugin. -->","yoast_head_json":{"title":"Inventario de Hostigamiento Laboral - Editorial Guadalupe de Argentina","description":"Medir resulta esencial para realizar un diagn\u00f3stico racional y consensuado y en tanto ello intervenir terap\u00e9uticamente de modo eficiente.","robots":{"index":"index","follow":"follow","max-snippet":"max-snippet:-1","max-image-preview":"max-image-preview:large","max-video-preview":"max-video-preview:-1"},"canonical":"https:\/\/libreriaguadalupe.com.ar\/libreria\/producto\/inventario-de-hostigamiento-laboral\/","og_locale":"es_ES","og_type":"article","og_title":"Inventario de Hostigamiento Laboral - Editorial Guadalupe de Argentina","og_description":"Medir resulta esencial para realizar un diagn\u00f3stico racional y consensuado y en tanto ello intervenir terap\u00e9uticamente de modo eficiente.","og_url":"https:\/\/libreriaguadalupe.com.ar\/libreria\/producto\/inventario-de-hostigamiento-laboral\/","og_site_name":"Editorial Guadalupe de Argentina","article_publisher":"https:\/\/www.facebook.com\/LibreriaGuadalupeAR\/","article_modified_time":"2025-05-05T21:51:57+00:00","og_image":[{"width":984,"height":1280,"url":"https:\/\/libreriaguadalupe.com.ar\/libreria\/wp-content\/uploads\/2023\/03\/Inventario-de-Hostigamiento-Laboral.jpeg","type":"image\/jpeg"}],"twitter_card":"summary_large_image","twitter_misc":{"Tiempo de lectura":"2 minutos"},"schema":{"@context":"https:\/\/schema.org","@graph":[{"@type":"WebPage","@id":"https:\/\/libreriaguadalupe.com.ar\/libreria\/producto\/inventario-de-hostigamiento-laboral\/","url":"https:\/\/libreriaguadalupe.com.ar\/libreria\/producto\/inventario-de-hostigamiento-laboral\/","name":"Inventario de Hostigamiento Laboral - Editorial Guadalupe de Argentina","isPartOf":{"@id":"https:\/\/libreriaguadalupe.com.ar\/libreria\/#website"},"primaryImageOfPage":{"@id":"https:\/\/libreriaguadalupe.com.ar\/libreria\/producto\/inventario-de-hostigamiento-laboral\/#primaryimage"},"image":{"@id":"https:\/\/libreriaguadalupe.com.ar\/libreria\/producto\/inventario-de-hostigamiento-laboral\/#primaryimage"},"thumbnailUrl":"https:\/\/i0.wp.com\/libreriaguadalupe.com.ar\/libreria\/wp-content\/uploads\/2023\/03\/Inventario-de-Hostigamiento-Laboral.jpeg?fit=984%2C1280&ssl=1","datePublished":"2023-03-23T18:29:07+00:00","dateModified":"2025-05-05T21:51:57+00:00","description":"Medir resulta esencial para realizar un diagn\u00f3stico racional y consensuado y en tanto ello intervenir terap\u00e9uticamente de modo eficiente.","breadcrumb":{"@id":"https:\/\/libreriaguadalupe.com.ar\/libreria\/producto\/inventario-de-hostigamiento-laboral\/#breadcrumb"},"inLanguage":"es","potentialAction":[{"@type":"ReadAction","target":["https:\/\/libreriaguadalupe.com.ar\/libreria\/producto\/inventario-de-hostigamiento-laboral\/"]}]},{"@type":"ImageObject","inLanguage":"es","@id":"https:\/\/libreriaguadalupe.com.ar\/libreria\/producto\/inventario-de-hostigamiento-laboral\/#primaryimage","url":"https:\/\/i0.wp.com\/libreriaguadalupe.com.ar\/libreria\/wp-content\/uploads\/2023\/03\/Inventario-de-Hostigamiento-Laboral.jpeg?fit=984%2C1280&ssl=1","contentUrl":"https:\/\/i0.wp.com\/libreriaguadalupe.com.ar\/libreria\/wp-content\/uploads\/2023\/03\/Inventario-de-Hostigamiento-Laboral.jpeg?fit=984%2C1280&ssl=1","width":984,"height":1280},{"@type":"BreadcrumbList","@id":"https:\/\/libreriaguadalupe.com.ar\/libreria\/producto\/inventario-de-hostigamiento-laboral\/#breadcrumb","itemListElement":[{"@type":"ListItem","position":1,"name":"Portada","item":"https:\/\/libreriaguadalupe.com.ar\/libreria\/"},{"@type":"ListItem","position":2,"name":"Tienda","item":"https:\/\/libreriaguadalupe.com.ar\/libreria\/"},{"@type":"ListItem","position":3,"name":"Inventario de Hostigamiento Laboral"}]},{"@type":"WebSite","@id":"https:\/\/libreriaguadalupe.com.ar\/libreria\/#website","url":"https:\/\/libreriaguadalupe.com.ar\/libreria\/","name":"Editorial Guadalupe de Argentina","description":"Congregaci\u00f3n del Verbo Divino","publisher":{"@id":"https:\/\/libreriaguadalupe.com.ar\/libreria\/#organization"},"alternateName":"Librer\u00eda Guadalupe","potentialAction":[{"@type":"SearchAction","target":{"@type":"EntryPoint","urlTemplate":"https:\/\/libreriaguadalupe.com.ar\/libreria\/?s={search_term_string}"},"query-input":{"@type":"PropertyValueSpecification","valueRequired":true,"valueName":"search_term_string"}}],"inLanguage":"es"},{"@type":"Organization","@id":"https:\/\/libreriaguadalupe.com.ar\/libreria\/#organization","name":"Editorial Guadalupe","alternateName":"Librer\u00eda Guadalupe","url":"https:\/\/libreriaguadalupe.com.ar\/libreria\/","logo":{"@type":"ImageObject","inLanguage":"es","@id":"https:\/\/libreriaguadalupe.com.ar\/libreria\/#\/schema\/logo\/image\/","url":"https:\/\/i0.wp.com\/libreriaguadalupe.com.ar\/libreria\/wp-content\/uploads\/2023\/01\/cropped-logo-editorial-guadalupe.webp?fit=500%2C100&ssl=1","contentUrl":"https:\/\/i0.wp.com\/libreriaguadalupe.com.ar\/libreria\/wp-content\/uploads\/2023\/01\/cropped-logo-editorial-guadalupe.webp?fit=500%2C100&ssl=1","width":500,"height":100,"caption":"Editorial Guadalupe"},"image":{"@id":"https:\/\/libreriaguadalupe.com.ar\/libreria\/#\/schema\/logo\/image\/"},"sameAs":["https:\/\/www.facebook.com\/LibreriaGuadalupeAR\/","https:\/\/www.instagram.com\/editorialguadalupe\/","https:\/\/guadalupeeditorial.mercadoshops.com.ar\/"]}]}},"jetpack_publicize_connections":[],"jetpack_sharing_enabled":true,"jetpack-related-posts":[{"id":16631,"url":"https:\/\/libreriaguadalupe.com.ar\/libreria\/producto\/100-notas-basicas-para-vivir-las-contrariedades\/","url_meta":{"origin":16949,"position":0},"title":"100 notas b\u00e1sicas para vivir las contrariedades","author":"admin","date":"13\/03\/2023","format":false,"excerpt":"AUTOR: KAUFMANN JOSE LUIS [ VER M\u00c1S OBRAS ] ISBN: 9505008872","rel":"","context":"Entrada similar","block_context":{"text":"Entrada similar","link":""},"img":{"alt_text":"","src":"https:\/\/i0.wp.com\/libreriaguadalupe.com.ar\/libreria\/wp-content\/uploads\/2023\/03\/100-notas-basicas-para-vivir-las-contrariedades-Tapa-chico.jpg?fit=353%2C500&ssl=1&resize=350%2C200","width":350,"height":200},"classes":[]},{"id":15504,"url":"https:\/\/libreriaguadalupe.com.ar\/libreria\/producto\/mundo-en-crisis-fe-en-crisis-2\/","url_meta":{"origin":16949,"position":1},"title":"Mundo en Crisis, Fe en Crisis","author":"admin","date":"07\/02\/2023","format":false,"excerpt":"V Semana de estudios de Teolog\u00eda Pastoral AUTOR: EVD ISBN: 8481690866","rel":"","context":"Entrada similar","block_context":{"text":"Entrada similar","link":""},"img":{"alt_text":"","src":"","width":0,"height":0},"classes":[]},{"id":17208,"url":"https:\/\/libreriaguadalupe.com.ar\/libreria\/producto\/the-greek-new-testament\/","url_meta":{"origin":16949,"position":2},"title":"The Greek New Testament","author":"admin","date":"04\/04\/2023","format":false,"excerpt":"Fifth Revised Edition Autor: Ediciones cient\u00edficas ISBN: 3438051165 Dimensiones: 12,7 x 18,7 cm P\u00e1ginas: 994","rel":"","context":"Entrada similar","block_context":{"text":"Entrada similar","link":""},"img":{"alt_text":"","src":"https:\/\/i0.wp.com\/libreriaguadalupe.com.ar\/libreria\/wp-content\/uploads\/2023\/04\/The-Greek-New-Testament.png?fit=200%2C295&ssl=1&resize=350%2C200","width":350,"height":200},"classes":[]},{"id":17169,"url":"https:\/\/libreriaguadalupe.com.ar\/libreria\/producto\/los-jovenes-y-su-camino-a-la-fe\/","url_meta":{"origin":16949,"position":3},"title":"Los Jovenes Y Su Camino A La Fe","author":"admin","date":"03\/04\/2023","format":false,"excerpt":"Autor: Gr\u00fcn, Anselm ISBN: 9789870009054 Dimensiones: 13 x 19 cm P\u00e1ginas: 120","rel":"","context":"Entrada similar","block_context":{"text":"Entrada similar","link":""},"img":{"alt_text":"","src":"https:\/\/i0.wp.com\/libreriaguadalupe.com.ar\/libreria\/wp-content\/uploads\/2023\/04\/Los-Jovenes-Y-Su-Camino-A-La-Fe.jpeg?fit=340%2C500&ssl=1&resize=350%2C200","width":350,"height":200},"classes":[]},{"id":16063,"url":"https:\/\/libreriaguadalupe.com.ar\/libreria\/producto\/asumir-para-transformar\/","url_meta":{"origin":16949,"position":4},"title":"Asumir para transformar","author":"admin","date":"12\/02\/2023","format":false,"excerpt":"Psico-teolog\u00eda de la conversi\u00f3n y la madurez afectiva (Predicaciones n\u00ba 10) AUTOR: CLAUDIO RIZZO ISBN: 9505008353","rel":"","context":"Entrada similar","block_context":{"text":"Entrada similar","link":""},"img":{"alt_text":"","src":"https:\/\/i0.wp.com\/libreriaguadalupe.com.ar\/libreria\/wp-content\/uploads\/2023\/02\/ASUMIR-PARA-TRANSFORMAR.jpg?fit=351%2C500&ssl=1&resize=350%2C200","width":350,"height":200},"classes":[]},{"id":15936,"url":"https:\/\/libreriaguadalupe.com.ar\/libreria\/producto\/el-sentido-de-la-vida\/","url_meta":{"origin":16949,"position":5},"title":"El sentido de la vida","author":"admin","date":"12\/02\/2023","format":false,"excerpt":"Deseo que cada lector pueda \"ejercitar espiritualmente\" los contenidos del libro que contribuyen a clarificar \"el sentido de la vida\". AUTOR: Claudio Rizzo ISBN: 9505007691","rel":"","context":"Entrada similar","block_context":{"text":"Entrada similar","link":""},"img":{"alt_text":"","src":"https:\/\/i0.wp.com\/libreriaguadalupe.com.ar\/libreria\/wp-content\/uploads\/2023\/02\/El-sentido-de-la-vida.jpg?fit=304%2C458&ssl=1&resize=350%2C200","width":350,"height":200},"classes":[]}],"_links":{"self":[{"href":"https:\/\/libreriaguadalupe.com.ar\/libreria\/wp-json\/wp\/v2\/product\/16949","targetHints":{"allow":["GET"]}}],"collection":[{"href":"https:\/\/libreriaguadalupe.com.ar\/libreria\/wp-json\/wp\/v2\/product"}],"about":[{"href":"https:\/\/libreriaguadalupe.com.ar\/libreria\/wp-json\/wp\/v2\/types\/product"}],"replies":[{"embeddable":true,"href":"https:\/\/libreriaguadalupe.com.ar\/libreria\/wp-json\/wp\/v2\/comments?post=16949"}],"version-history":[{"count":1,"href":"https:\/\/libreriaguadalupe.com.ar\/libreria\/wp-json\/wp\/v2\/product\/16949\/revisions"}],"predecessor-version":[{"id":16951,"href":"https:\/\/libreriaguadalupe.com.ar\/libreria\/wp-json\/wp\/v2\/product\/16949\/revisions\/16951"}],"wp:featuredmedia":[{"embeddable":true,"href":"https:\/\/libreriaguadalupe.com.ar\/libreria\/wp-json\/wp\/v2\/media\/16950"}],"wp:attachment":[{"href":"https:\/\/libreriaguadalupe.com.ar\/libreria\/wp-json\/wp\/v2\/media?parent=16949"}],"wp:term":[{"taxonomy":"product_brand","embeddable":true,"href":"https:\/\/libreriaguadalupe.com.ar\/libreria\/wp-json\/wp\/v2\/product_brand?post=16949"},{"taxonomy":"product_cat","embeddable":true,"href":"https:\/\/libreriaguadalupe.com.ar\/libreria\/wp-json\/wp\/v2\/product_cat?post=16949"},{"taxonomy":"product_tag","embeddable":true,"href":"https:\/\/libreriaguadalupe.com.ar\/libreria\/wp-json\/wp\/v2\/product_tag?post=16949"}],"curies":[{"name":"wp","href":"https:\/\/api.w.org\/{rel}","templated":true}]}}