{"id":16928,"date":"2023-03-23T13:29:04","date_gmt":"2023-03-23T16:29:04","guid":{"rendered":"https:\/\/libreriaguadalupe.com.ar\/libreria\/?post_type=product&#038;p=16928"},"modified":"2025-05-06T00:44:37","modified_gmt":"2025-05-06T03:44:37","slug":"test-guestaltico-visomotor-para-ninos","status":"publish","type":"product","link":"https:\/\/libreriaguadalupe.com.ar\/libreria\/producto\/test-guestaltico-visomotor-para-ninos\/","title":{"rendered":"El Test Guestaltico Visomotor Para Ni\u00f1os"},"content":{"rendered":"<p>Descripci\u00f3n<br \/>\nLa autora presenta en esta publicaci\u00f3n una exploraci\u00f3n sistem\u00e1tica del Test Guest\u00e1ltico Visomotor como prueba perceptual y proyectiva. El Test de Bender consiste en nueve figuras que son presentadas una por vez, para ser copiadas por el sujeto en una hoja en blanco. El objetivo de este volumen es el de brindar distintas maneras de analizar los protocolos de Bender producido por ni\u00f1os peque\u00f1os de cinco a diez a\u00f1os, de modo que el examinador pueda evaluar su madurez perceptual, posible deterioro neurol\u00f3gico y ajuste emocional en base a un solo protocolo.<br \/>\nDirigido a psic\u00f3logos y psicopedagogos que trabajan con ni\u00f1os en escuelas, en cl\u00ednicas y en la pr\u00e1ctica privada. Ofrece la ventaja de recabar un m\u00e1ximo de informaci\u00f3n con un m\u00ednimo de esfuerzo y tiempo. El test de Bender es muy apropiado para una interpretaci\u00f3n m\u00faltiple de diferentes dimensiones de la personalidad.<\/p>\n","protected":false},"excerpt":{"rendered":"<p><strong>Nueva Edici\u00f3n<\/strong><\/p>\n<p>Autor: Koppitz, Elizabeth<strong><br \/>\n<\/strong>ISBN: 9505000258<br \/>\nDimensiones: 16 x 23 cm<br \/>\nP\u00e1ginas: 272<\/p>\n","protected":false},"featured_media":16929,"comment_status":"open","ping_status":"closed","template":"","meta":{"jetpack_publicize_message":"","jetpack_publicize_feature_enabled":true,"jetpack_social_post_already_shared":true,"jetpack_social_options":{"image_generator_settings":{"template":"highway","default_image_id":0,"font":"","enabled":false},"version":2}},"product_brand":[],"product_cat":[88,121],"product_tag":[127],"class_list":{"0":"post-16928","1":"product","2":"type-product","3":"status-publish","4":"has-post-thumbnail","6":"product_cat-espiritualidad-cultura-social","7":"product_cat-guadalupe","8":"product_tag-editorial-guadalupe-de-argentina","10":"first","11":"instock","12":"shipping-taxable","13":"purchasable","14":"product-type-simple"},"yoast_head":"<!-- This site is optimized with the Yoast SEO plugin v27.4 - https:\/\/yoast.com\/product\/yoast-seo-wordpress\/ -->\n<title>El Test Guestaltico Visomotor Para Ni\u00f1os - Editorial Guadalupe de Argentina<\/title>\n<meta name=\"description\" content=\"La autora presenta en esta publicaci\u00f3n una exploraci\u00f3n sistem\u00e1tica del Test Guest\u00e1ltico Visomotor como prueba perceptual y proyectiva. El Test de Bender consiste en nueve figuras que son presentadas una por vez, para ser copiadas por el sujeto en una hoja en blanco\" \/>\n<meta name=\"robots\" content=\"index, follow, max-snippet:-1, max-image-preview:large, max-video-preview:-1\" \/>\n<link rel=\"canonical\" href=\"https:\/\/libreriaguadalupe.com.ar\/libreria\/producto\/test-guestaltico-visomotor-para-ninos\/\" \/>\n<meta property=\"og:locale\" content=\"es_ES\" \/>\n<meta property=\"og:type\" content=\"article\" \/>\n<meta property=\"og:title\" content=\"El Test Guestaltico Visomotor Para Ni\u00f1os - Editorial Guadalupe de Argentina\" \/>\n<meta property=\"og:description\" content=\"La autora presenta en esta publicaci\u00f3n una exploraci\u00f3n sistem\u00e1tica del Test Guest\u00e1ltico Visomotor como prueba perceptual y proyectiva. El Test de Bender consiste en nueve figuras que son presentadas una por vez, para ser copiadas por el sujeto en una hoja en blanco\" \/>\n<meta property=\"og:url\" content=\"https:\/\/libreriaguadalupe.com.ar\/libreria\/producto\/test-guestaltico-visomotor-para-ninos\/\" \/>\n<meta property=\"og:site_name\" content=\"Editorial Guadalupe de Argentina\" \/>\n<meta property=\"article:publisher\" content=\"https:\/\/www.facebook.com\/LibreriaGuadalupeAR\/\" \/>\n<meta property=\"article:modified_time\" content=\"2025-05-06T03:44:37+00:00\" \/>\n<meta property=\"og:image\" content=\"https:\/\/libreriaguadalupe.com.ar\/libreria\/wp-content\/uploads\/2023\/03\/Test-Guestaltico-Visomotor-Para-Ninos-Nueva-Edicion.jpeg\" \/>\n\t<meta property=\"og:image:width\" content=\"344\" \/>\n\t<meta property=\"og:image:height\" content=\"500\" \/>\n\t<meta property=\"og:image:type\" content=\"image\/jpeg\" \/>\n<meta name=\"twitter:card\" content=\"summary_large_image\" \/>\n<meta name=\"twitter:label1\" content=\"Tiempo de lectura\" \/>\n\t<meta name=\"twitter:data1\" content=\"1 minuto\" \/>\n<script type=\"application\/ld+json\" class=\"yoast-schema-graph\">{\"@context\":\"https:\\\/\\\/schema.org\",\"@graph\":[{\"@type\":\"WebPage\",\"@id\":\"https:\\\/\\\/libreriaguadalupe.com.ar\\\/libreria\\\/producto\\\/test-guestaltico-visomotor-para-ninos\\\/\",\"url\":\"https:\\\/\\\/libreriaguadalupe.com.ar\\\/libreria\\\/producto\\\/test-guestaltico-visomotor-para-ninos\\\/\",\"name\":\"El Test Guestaltico Visomotor Para Ni\u00f1os - Editorial Guadalupe de Argentina\",\"isPartOf\":{\"@id\":\"https:\\\/\\\/libreriaguadalupe.com.ar\\\/libreria\\\/#website\"},\"primaryImageOfPage\":{\"@id\":\"https:\\\/\\\/libreriaguadalupe.com.ar\\\/libreria\\\/producto\\\/test-guestaltico-visomotor-para-ninos\\\/#primaryimage\"},\"image\":{\"@id\":\"https:\\\/\\\/libreriaguadalupe.com.ar\\\/libreria\\\/producto\\\/test-guestaltico-visomotor-para-ninos\\\/#primaryimage\"},\"thumbnailUrl\":\"https:\\\/\\\/i0.wp.com\\\/libreriaguadalupe.com.ar\\\/libreria\\\/wp-content\\\/uploads\\\/2023\\\/03\\\/Test-Guestaltico-Visomotor-Para-Ninos-Nueva-Edicion.jpeg?fit=344%2C500&ssl=1\",\"datePublished\":\"2023-03-23T16:29:04+00:00\",\"dateModified\":\"2025-05-06T03:44:37+00:00\",\"description\":\"La autora presenta en esta publicaci\u00f3n una exploraci\u00f3n sistem\u00e1tica del Test Guest\u00e1ltico Visomotor como prueba perceptual y proyectiva. El Test de Bender consiste en nueve figuras que son presentadas una por vez, para ser copiadas por el sujeto en una hoja en blanco\",\"breadcrumb\":{\"@id\":\"https:\\\/\\\/libreriaguadalupe.com.ar\\\/libreria\\\/producto\\\/test-guestaltico-visomotor-para-ninos\\\/#breadcrumb\"},\"inLanguage\":\"es\",\"potentialAction\":[{\"@type\":\"ReadAction\",\"target\":[\"https:\\\/\\\/libreriaguadalupe.com.ar\\\/libreria\\\/producto\\\/test-guestaltico-visomotor-para-ninos\\\/\"]}]},{\"@type\":\"ImageObject\",\"inLanguage\":\"es\",\"@id\":\"https:\\\/\\\/libreriaguadalupe.com.ar\\\/libreria\\\/producto\\\/test-guestaltico-visomotor-para-ninos\\\/#primaryimage\",\"url\":\"https:\\\/\\\/i0.wp.com\\\/libreriaguadalupe.com.ar\\\/libreria\\\/wp-content\\\/uploads\\\/2023\\\/03\\\/Test-Guestaltico-Visomotor-Para-Ninos-Nueva-Edicion.jpeg?fit=344%2C500&ssl=1\",\"contentUrl\":\"https:\\\/\\\/i0.wp.com\\\/libreriaguadalupe.com.ar\\\/libreria\\\/wp-content\\\/uploads\\\/2023\\\/03\\\/Test-Guestaltico-Visomotor-Para-Ninos-Nueva-Edicion.jpeg?fit=344%2C500&ssl=1\",\"width\":344,\"height\":500},{\"@type\":\"BreadcrumbList\",\"@id\":\"https:\\\/\\\/libreriaguadalupe.com.ar\\\/libreria\\\/producto\\\/test-guestaltico-visomotor-para-ninos\\\/#breadcrumb\",\"itemListElement\":[{\"@type\":\"ListItem\",\"position\":1,\"name\":\"Portada\",\"item\":\"https:\\\/\\\/libreriaguadalupe.com.ar\\\/libreria\\\/\"},{\"@type\":\"ListItem\",\"position\":2,\"name\":\"Tienda\",\"item\":\"https:\\\/\\\/libreriaguadalupe.com.ar\\\/libreria\\\/\"},{\"@type\":\"ListItem\",\"position\":3,\"name\":\"El Test Guestaltico Visomotor Para Ni\u00f1os\"}]},{\"@type\":\"WebSite\",\"@id\":\"https:\\\/\\\/libreriaguadalupe.com.ar\\\/libreria\\\/#website\",\"url\":\"https:\\\/\\\/libreriaguadalupe.com.ar\\\/libreria\\\/\",\"name\":\"Editorial Guadalupe de Argentina\",\"description\":\"Congregaci\u00f3n del Verbo Divino\",\"publisher\":{\"@id\":\"https:\\\/\\\/libreriaguadalupe.com.ar\\\/libreria\\\/#organization\"},\"alternateName\":\"Librer\u00eda Guadalupe\",\"potentialAction\":[{\"@type\":\"SearchAction\",\"target\":{\"@type\":\"EntryPoint\",\"urlTemplate\":\"https:\\\/\\\/libreriaguadalupe.com.ar\\\/libreria\\\/?s={search_term_string}\"},\"query-input\":{\"@type\":\"PropertyValueSpecification\",\"valueRequired\":true,\"valueName\":\"search_term_string\"}}],\"inLanguage\":\"es\"},{\"@type\":\"Organization\",\"@id\":\"https:\\\/\\\/libreriaguadalupe.com.ar\\\/libreria\\\/#organization\",\"name\":\"Editorial Guadalupe\",\"alternateName\":\"Librer\u00eda Guadalupe\",\"url\":\"https:\\\/\\\/libreriaguadalupe.com.ar\\\/libreria\\\/\",\"logo\":{\"@type\":\"ImageObject\",\"inLanguage\":\"es\",\"@id\":\"https:\\\/\\\/libreriaguadalupe.com.ar\\\/libreria\\\/#\\\/schema\\\/logo\\\/image\\\/\",\"url\":\"https:\\\/\\\/i0.wp.com\\\/libreriaguadalupe.com.ar\\\/libreria\\\/wp-content\\\/uploads\\\/2023\\\/01\\\/cropped-logo-editorial-guadalupe.webp?fit=500%2C100&ssl=1\",\"contentUrl\":\"https:\\\/\\\/i0.wp.com\\\/libreriaguadalupe.com.ar\\\/libreria\\\/wp-content\\\/uploads\\\/2023\\\/01\\\/cropped-logo-editorial-guadalupe.webp?fit=500%2C100&ssl=1\",\"width\":500,\"height\":100,\"caption\":\"Editorial Guadalupe\"},\"image\":{\"@id\":\"https:\\\/\\\/libreriaguadalupe.com.ar\\\/libreria\\\/#\\\/schema\\\/logo\\\/image\\\/\"},\"sameAs\":[\"https:\\\/\\\/www.facebook.com\\\/LibreriaGuadalupeAR\\\/\",\"https:\\\/\\\/www.instagram.com\\\/editorialguadalupe\\\/\",\"https:\\\/\\\/guadalupeeditorial.mercadoshops.com.ar\\\/\"]}]}<\/script>\n<!-- \/ Yoast SEO plugin. -->","yoast_head_json":{"title":"El Test Guestaltico Visomotor Para Ni\u00f1os - Editorial Guadalupe de Argentina","description":"La autora presenta en esta publicaci\u00f3n una exploraci\u00f3n sistem\u00e1tica del Test Guest\u00e1ltico Visomotor como prueba perceptual y proyectiva. El Test de Bender consiste en nueve figuras que son presentadas una por vez, para ser copiadas por el sujeto en una hoja en blanco","robots":{"index":"index","follow":"follow","max-snippet":"max-snippet:-1","max-image-preview":"max-image-preview:large","max-video-preview":"max-video-preview:-1"},"canonical":"https:\/\/libreriaguadalupe.com.ar\/libreria\/producto\/test-guestaltico-visomotor-para-ninos\/","og_locale":"es_ES","og_type":"article","og_title":"El Test Guestaltico Visomotor Para Ni\u00f1os - Editorial Guadalupe de Argentina","og_description":"La autora presenta en esta publicaci\u00f3n una exploraci\u00f3n sistem\u00e1tica del Test Guest\u00e1ltico Visomotor como prueba perceptual y proyectiva. El Test de Bender consiste en nueve figuras que son presentadas una por vez, para ser copiadas por el sujeto en una hoja en blanco","og_url":"https:\/\/libreriaguadalupe.com.ar\/libreria\/producto\/test-guestaltico-visomotor-para-ninos\/","og_site_name":"Editorial Guadalupe de Argentina","article_publisher":"https:\/\/www.facebook.com\/LibreriaGuadalupeAR\/","article_modified_time":"2025-05-06T03:44:37+00:00","og_image":[{"width":344,"height":500,"url":"https:\/\/libreriaguadalupe.com.ar\/libreria\/wp-content\/uploads\/2023\/03\/Test-Guestaltico-Visomotor-Para-Ninos-Nueva-Edicion.jpeg","type":"image\/jpeg"}],"twitter_card":"summary_large_image","twitter_misc":{"Tiempo de lectura":"1 minuto"},"schema":{"@context":"https:\/\/schema.org","@graph":[{"@type":"WebPage","@id":"https:\/\/libreriaguadalupe.com.ar\/libreria\/producto\/test-guestaltico-visomotor-para-ninos\/","url":"https:\/\/libreriaguadalupe.com.ar\/libreria\/producto\/test-guestaltico-visomotor-para-ninos\/","name":"El Test Guestaltico Visomotor Para Ni\u00f1os - Editorial Guadalupe de Argentina","isPartOf":{"@id":"https:\/\/libreriaguadalupe.com.ar\/libreria\/#website"},"primaryImageOfPage":{"@id":"https:\/\/libreriaguadalupe.com.ar\/libreria\/producto\/test-guestaltico-visomotor-para-ninos\/#primaryimage"},"image":{"@id":"https:\/\/libreriaguadalupe.com.ar\/libreria\/producto\/test-guestaltico-visomotor-para-ninos\/#primaryimage"},"thumbnailUrl":"https:\/\/i0.wp.com\/libreriaguadalupe.com.ar\/libreria\/wp-content\/uploads\/2023\/03\/Test-Guestaltico-Visomotor-Para-Ninos-Nueva-Edicion.jpeg?fit=344%2C500&ssl=1","datePublished":"2023-03-23T16:29:04+00:00","dateModified":"2025-05-06T03:44:37+00:00","description":"La autora presenta en esta publicaci\u00f3n una exploraci\u00f3n sistem\u00e1tica del Test Guest\u00e1ltico Visomotor como prueba perceptual y proyectiva. El Test de Bender consiste en nueve figuras que son presentadas una por vez, para ser copiadas por el sujeto en una hoja en blanco","breadcrumb":{"@id":"https:\/\/libreriaguadalupe.com.ar\/libreria\/producto\/test-guestaltico-visomotor-para-ninos\/#breadcrumb"},"inLanguage":"es","potentialAction":[{"@type":"ReadAction","target":["https:\/\/libreriaguadalupe.com.ar\/libreria\/producto\/test-guestaltico-visomotor-para-ninos\/"]}]},{"@type":"ImageObject","inLanguage":"es","@id":"https:\/\/libreriaguadalupe.com.ar\/libreria\/producto\/test-guestaltico-visomotor-para-ninos\/#primaryimage","url":"https:\/\/i0.wp.com\/libreriaguadalupe.com.ar\/libreria\/wp-content\/uploads\/2023\/03\/Test-Guestaltico-Visomotor-Para-Ninos-Nueva-Edicion.jpeg?fit=344%2C500&ssl=1","contentUrl":"https:\/\/i0.wp.com\/libreriaguadalupe.com.ar\/libreria\/wp-content\/uploads\/2023\/03\/Test-Guestaltico-Visomotor-Para-Ninos-Nueva-Edicion.jpeg?fit=344%2C500&ssl=1","width":344,"height":500},{"@type":"BreadcrumbList","@id":"https:\/\/libreriaguadalupe.com.ar\/libreria\/producto\/test-guestaltico-visomotor-para-ninos\/#breadcrumb","itemListElement":[{"@type":"ListItem","position":1,"name":"Portada","item":"https:\/\/libreriaguadalupe.com.ar\/libreria\/"},{"@type":"ListItem","position":2,"name":"Tienda","item":"https:\/\/libreriaguadalupe.com.ar\/libreria\/"},{"@type":"ListItem","position":3,"name":"El Test Guestaltico Visomotor Para Ni\u00f1os"}]},{"@type":"WebSite","@id":"https:\/\/libreriaguadalupe.com.ar\/libreria\/#website","url":"https:\/\/libreriaguadalupe.com.ar\/libreria\/","name":"Editorial Guadalupe de Argentina","description":"Congregaci\u00f3n del Verbo Divino","publisher":{"@id":"https:\/\/libreriaguadalupe.com.ar\/libreria\/#organization"},"alternateName":"Librer\u00eda Guadalupe","potentialAction":[{"@type":"SearchAction","target":{"@type":"EntryPoint","urlTemplate":"https:\/\/libreriaguadalupe.com.ar\/libreria\/?s={search_term_string}"},"query-input":{"@type":"PropertyValueSpecification","valueRequired":true,"valueName":"search_term_string"}}],"inLanguage":"es"},{"@type":"Organization","@id":"https:\/\/libreriaguadalupe.com.ar\/libreria\/#organization","name":"Editorial Guadalupe","alternateName":"Librer\u00eda Guadalupe","url":"https:\/\/libreriaguadalupe.com.ar\/libreria\/","logo":{"@type":"ImageObject","inLanguage":"es","@id":"https:\/\/libreriaguadalupe.com.ar\/libreria\/#\/schema\/logo\/image\/","url":"https:\/\/i0.wp.com\/libreriaguadalupe.com.ar\/libreria\/wp-content\/uploads\/2023\/01\/cropped-logo-editorial-guadalupe.webp?fit=500%2C100&ssl=1","contentUrl":"https:\/\/i0.wp.com\/libreriaguadalupe.com.ar\/libreria\/wp-content\/uploads\/2023\/01\/cropped-logo-editorial-guadalupe.webp?fit=500%2C100&ssl=1","width":500,"height":100,"caption":"Editorial Guadalupe"},"image":{"@id":"https:\/\/libreriaguadalupe.com.ar\/libreria\/#\/schema\/logo\/image\/"},"sameAs":["https:\/\/www.facebook.com\/LibreriaGuadalupeAR\/","https:\/\/www.instagram.com\/editorialguadalupe\/","https:\/\/guadalupeeditorial.mercadoshops.com.ar\/"]}]}},"jetpack_publicize_connections":[],"jetpack_sharing_enabled":true,"jetpack-related-posts":[{"id":16924,"url":"https:\/\/libreriaguadalupe.com.ar\/libreria\/producto\/dibujo-de-la-figura-humana-en-los-ninos\/","url_meta":{"origin":16928,"position":0},"title":"Dibujo De La Figura Humana En Los Ni\u00f1os","author":"admin","date":"23\/03\/2023","format":false,"excerpt":"Autor: Koppitz, Elizabeth ISBN: 9505000235 Dimensiones: 16 x 23 cm P\u00e1ginas: 416","rel":"","context":"Entrada similar","block_context":{"text":"Entrada similar","link":""},"img":{"alt_text":"","src":"https:\/\/i0.wp.com\/libreriaguadalupe.com.ar\/libreria\/wp-content\/uploads\/2023\/03\/Dibujo-De-La-Figura-Humana-En-Los-Ninos.jpeg?fit=347%2C500&ssl=1&resize=350%2C200","width":350,"height":200},"classes":[]},{"id":16797,"url":"https:\/\/libreriaguadalupe.com.ar\/libreria\/producto\/biblia-e-infancia\/","url_meta":{"origin":16928,"position":1},"title":"Biblia e infancia","author":"admin","date":"21\/03\/2023","format":false,"excerpt":"Un abordaje interdisciplinar AUTOR: LEVAGGI CONSTANZA [ VER M\u00c1S OBRAS ] ISBN: 9789505006915 P\u00e1ginas: 148 Medidas: 16 x 23 cm","rel":"","context":"Entrada similar","block_context":{"text":"Entrada similar","link":""},"img":{"alt_text":"","src":"https:\/\/i0.wp.com\/libreriaguadalupe.com.ar\/libreria\/wp-content\/uploads\/2023\/03\/Biblia-E-Infancia-1.jpeg?fit=343%2C500&ssl=1&resize=350%2C200","width":350,"height":200},"classes":[]},{"id":13244,"url":"https:\/\/libreriaguadalupe.com.ar\/libreria\/producto\/viviendo-con-jesus-celebraciones-para-ninos-2doano\/","url_meta":{"origin":16928,"position":2},"title":"Viviendo con Jes\u00fas","author":"admin","date":"18\/01\/2023","format":false,"excerpt":"Celebraciones para ni\u00f1os - 2do.A\u00f1o","rel":"","context":"Entrada similar","block_context":{"text":"Entrada similar","link":""},"img":{"alt_text":"","src":"https:\/\/i0.wp.com\/libreriaguadalupe.com.ar\/libreria\/wp-content\/uploads\/1674\/33\/108.jpg?fit=249%2C369&ssl=1&resize=350%2C200","width":350,"height":200},"classes":[]},{"id":14939,"url":"https:\/\/libreriaguadalupe.com.ar\/libreria\/producto\/biblia-e-infancia-reflexiones-y-recursos-para-adviento-navidad-cuaresma-y-pascua-2\/","url_meta":{"origin":16928,"position":3},"title":"Biblia e infancia","author":"admin","date":"07\/02\/2023","format":false,"excerpt":"Reflexiones y recursos para Adviento, Navidad, Cuaresma y Pascua AUTOR: LEVAGGI CONSTANZA [ VER M\u00c1S OBRAS ] ISBN: 9505007356 200 p\u00e1gs. 16 x 26 cm","rel":"","context":"Entrada similar","block_context":{"text":"Entrada similar","link":""},"img":{"alt_text":"BIBLIA E INFANCIA Reflexiones y recursos","src":"https:\/\/i0.wp.com\/libreriaguadalupe.com.ar\/libreria\/wp-content\/uploads\/2023\/03\/BIBLIA-E-INFANCIA-Reflexiones-y-recursos.png?fit=1039%2C1200&ssl=1&resize=350%2C200","width":350,"height":200,"srcset":"https:\/\/i0.wp.com\/libreriaguadalupe.com.ar\/libreria\/wp-content\/uploads\/2023\/03\/BIBLIA-E-INFANCIA-Reflexiones-y-recursos.png?fit=1039%2C1200&ssl=1&resize=350%2C200 1x, https:\/\/i0.wp.com\/libreriaguadalupe.com.ar\/libreria\/wp-content\/uploads\/2023\/03\/BIBLIA-E-INFANCIA-Reflexiones-y-recursos.png?fit=1039%2C1200&ssl=1&resize=525%2C300 1.5x, https:\/\/i0.wp.com\/libreriaguadalupe.com.ar\/libreria\/wp-content\/uploads\/2023\/03\/BIBLIA-E-INFANCIA-Reflexiones-y-recursos.png?fit=1039%2C1200&ssl=1&resize=700%2C400 2x"},"classes":[]},{"id":14931,"url":"https:\/\/libreriaguadalupe.com.ar\/libreria\/producto\/ven-nino-dios-te-esperamos-2\/","url_meta":{"origin":16928,"position":4},"title":"Ven Ni\u00f1o Dios, te esperamos","author":"admin","date":"07\/02\/2023","format":false,"excerpt":"AUTOR: Luis Liberi ISBN: 9505007103","rel":"","context":"Entrada similar","block_context":{"text":"Entrada similar","link":""},"img":{"alt_text":"","src":"https:\/\/i0.wp.com\/libreriaguadalupe.com.ar\/libreria\/wp-content\/uploads\/2023\/02\/Ven-Nino-Dios-Te-esperamos.jpeg?fit=1039%2C1200&ssl=1&resize=350%2C200","width":350,"height":200,"srcset":"https:\/\/i0.wp.com\/libreriaguadalupe.com.ar\/libreria\/wp-content\/uploads\/2023\/02\/Ven-Nino-Dios-Te-esperamos.jpeg?fit=1039%2C1200&ssl=1&resize=350%2C200 1x, https:\/\/i0.wp.com\/libreriaguadalupe.com.ar\/libreria\/wp-content\/uploads\/2023\/02\/Ven-Nino-Dios-Te-esperamos.jpeg?fit=1039%2C1200&ssl=1&resize=525%2C300 1.5x, https:\/\/i0.wp.com\/libreriaguadalupe.com.ar\/libreria\/wp-content\/uploads\/2023\/02\/Ven-Nino-Dios-Te-esperamos.jpeg?fit=1039%2C1200&ssl=1&resize=700%2C400 2x"},"classes":[]},{"id":15797,"url":"https:\/\/libreriaguadalupe.com.ar\/libreria\/producto\/youcat-para-la-infancia-edicion-latinoamerica\/","url_meta":{"origin":16928,"position":5},"title":"YOUCAT para la infancia (Edici\u00f3n Latinoam\u00e9rica)","author":"admin","date":"11\/02\/2023","format":false,"excerpt":"Catecismo de la Iglesia cat\u00f3lica para la infancia AUTOR: EVD ISBN: 8490734377","rel":"","context":"Entrada similar","block_context":{"text":"Entrada similar","link":""},"img":{"alt_text":"","src":"https:\/\/i0.wp.com\/libreriaguadalupe.com.ar\/libreria\/wp-content\/uploads\/2023\/02\/YOUCAT-para-la-infancia-Edicion-Latinoamerica.jpg?fit=380%2C586&ssl=1&resize=350%2C200","width":350,"height":200},"classes":[]}],"_links":{"self":[{"href":"https:\/\/libreriaguadalupe.com.ar\/libreria\/wp-json\/wp\/v2\/product\/16928","targetHints":{"allow":["GET"]}}],"collection":[{"href":"https:\/\/libreriaguadalupe.com.ar\/libreria\/wp-json\/wp\/v2\/product"}],"about":[{"href":"https:\/\/libreriaguadalupe.com.ar\/libreria\/wp-json\/wp\/v2\/types\/product"}],"replies":[{"embeddable":true,"href":"https:\/\/libreriaguadalupe.com.ar\/libreria\/wp-json\/wp\/v2\/comments?post=16928"}],"version-history":[{"count":2,"href":"https:\/\/libreriaguadalupe.com.ar\/libreria\/wp-json\/wp\/v2\/product\/16928\/revisions"}],"predecessor-version":[{"id":17324,"href":"https:\/\/libreriaguadalupe.com.ar\/libreria\/wp-json\/wp\/v2\/product\/16928\/revisions\/17324"}],"wp:featuredmedia":[{"embeddable":true,"href":"https:\/\/libreriaguadalupe.com.ar\/libreria\/wp-json\/wp\/v2\/media\/16929"}],"wp:attachment":[{"href":"https:\/\/libreriaguadalupe.com.ar\/libreria\/wp-json\/wp\/v2\/media?parent=16928"}],"wp:term":[{"taxonomy":"product_brand","embeddable":true,"href":"https:\/\/libreriaguadalupe.com.ar\/libreria\/wp-json\/wp\/v2\/product_brand?post=16928"},{"taxonomy":"product_cat","embeddable":true,"href":"https:\/\/libreriaguadalupe.com.ar\/libreria\/wp-json\/wp\/v2\/product_cat?post=16928"},{"taxonomy":"product_tag","embeddable":true,"href":"https:\/\/libreriaguadalupe.com.ar\/libreria\/wp-json\/wp\/v2\/product_tag?post=16928"}],"curies":[{"name":"wp","href":"https:\/\/api.w.org\/{rel}","templated":true}]}}