{"id":16924,"date":"2023-03-23T13:04:29","date_gmt":"2023-03-23T16:04:29","guid":{"rendered":"https:\/\/libreriaguadalupe.com.ar\/libreria\/?post_type=product&#038;p=16924"},"modified":"2025-05-06T00:43:23","modified_gmt":"2025-05-06T03:43:23","slug":"dibujo-de-la-figura-humana-en-los-ninos","status":"publish","type":"product","link":"https:\/\/libreriaguadalupe.com.ar\/libreria\/producto\/dibujo-de-la-figura-humana-en-los-ninos\/","title":{"rendered":"Dibujo De La Figura Humana En Los Ni\u00f1os"},"content":{"rendered":"<p>Descripci\u00f3n<br \/>\nLa prueba Dibujo de la Figura Humana (DFH) integra, junto con el Bender y el VADS, una minibater\u00eda psicodiagn\u00f3stica de gran utilidad para tareas que se realizan en los \u00e1mbitos cl\u00ednico y educativo. Su autora, la psic\u00f3loga Elizabeth Koppitz, analiza y tabula dibujos hechos por ni\u00f1os de cinco a doce a\u00f1os en sus aspectos evolutivos y proyectivos. Dise\u00f1a y estandariza sistemas de puntuaci\u00f3n para ambos enfoques. Esta prueba puede ser usada en el despistaje (screening) de ni\u00f1os que ingresan a la escuela primaria, en el diagn\u00f3stico de lesi\u00f3n cerebral y en la evaluaci\u00f3n de la eficacia de tratamientos. La interpretaci\u00f3n cl\u00ednica brinda datos sobre actitudes del ni\u00f1o ante distintos acontecimientos familiares y respecto a s\u00ed mismo. En los ap\u00e9ndices se incluyen las explicaciones para la tabulaci\u00f3n e interpretaci\u00f3n de los dibujos.<\/p>\n","protected":false},"excerpt":{"rendered":"<p>Autor: Koppitz, Elizabeth<strong><br \/>\n<\/strong>ISBN: 9505000235<br \/>\nDimensiones: 16 x 23 cm<br \/>\nP\u00e1ginas: 416<\/p>\n","protected":false},"featured_media":16925,"comment_status":"open","ping_status":"closed","template":"","meta":{"jetpack_publicize_message":"","jetpack_publicize_feature_enabled":true,"jetpack_social_post_already_shared":true,"jetpack_social_options":{"image_generator_settings":{"template":"highway","default_image_id":0,"font":"","enabled":false},"version":2}},"product_brand":[],"product_cat":[88,121],"product_tag":[127],"class_list":{"0":"post-16924","1":"product","2":"type-product","3":"status-publish","4":"has-post-thumbnail","6":"product_cat-espiritualidad-cultura-social","7":"product_cat-guadalupe","8":"product_tag-editorial-guadalupe-de-argentina","10":"first","11":"instock","12":"shipping-taxable","13":"purchasable","14":"product-type-simple"},"yoast_head":"<!-- This site is optimized with the Yoast SEO plugin v27.4 - https:\/\/yoast.com\/product\/yoast-seo-wordpress\/ -->\n<title>Dibujo De La Figura Humana En Los Ni\u00f1os - Editorial Guadalupe de Argentina<\/title>\n<meta name=\"description\" content=\"La prueba Dibujo de la Figura Humana (DFH) integra, junto con el Bender y el VADS, una minibater\u00eda psicodiagn\u00f3stica de gran utilidad para tareas que se realizan en los \u00e1mbitos cl\u00ednico y educativo.\" \/>\n<meta name=\"robots\" content=\"index, follow, max-snippet:-1, max-image-preview:large, max-video-preview:-1\" \/>\n<link rel=\"canonical\" href=\"https:\/\/libreriaguadalupe.com.ar\/libreria\/producto\/dibujo-de-la-figura-humana-en-los-ninos\/\" \/>\n<meta property=\"og:locale\" content=\"es_ES\" \/>\n<meta property=\"og:type\" content=\"article\" \/>\n<meta property=\"og:title\" content=\"Dibujo De La Figura Humana En Los Ni\u00f1os - Editorial Guadalupe de Argentina\" \/>\n<meta property=\"og:description\" content=\"La prueba Dibujo de la Figura Humana (DFH) integra, junto con el Bender y el VADS, una minibater\u00eda psicodiagn\u00f3stica de gran utilidad para tareas que se realizan en los \u00e1mbitos cl\u00ednico y educativo.\" \/>\n<meta property=\"og:url\" content=\"https:\/\/libreriaguadalupe.com.ar\/libreria\/producto\/dibujo-de-la-figura-humana-en-los-ninos\/\" \/>\n<meta property=\"og:site_name\" content=\"Editorial Guadalupe de Argentina\" \/>\n<meta property=\"article:publisher\" content=\"https:\/\/www.facebook.com\/LibreriaGuadalupeAR\/\" \/>\n<meta property=\"article:modified_time\" content=\"2025-05-06T03:43:23+00:00\" \/>\n<meta property=\"og:image\" content=\"https:\/\/libreriaguadalupe.com.ar\/libreria\/wp-content\/uploads\/2023\/03\/Dibujo-De-La-Figura-Humana-En-Los-Ninos.jpeg\" \/>\n\t<meta property=\"og:image:width\" content=\"347\" \/>\n\t<meta property=\"og:image:height\" content=\"500\" \/>\n\t<meta property=\"og:image:type\" content=\"image\/jpeg\" \/>\n<meta name=\"twitter:card\" content=\"summary_large_image\" \/>\n<meta name=\"twitter:label1\" content=\"Tiempo de lectura\" \/>\n\t<meta name=\"twitter:data1\" content=\"1 minuto\" \/>\n<script type=\"application\/ld+json\" class=\"yoast-schema-graph\">{\"@context\":\"https:\\\/\\\/schema.org\",\"@graph\":[{\"@type\":\"WebPage\",\"@id\":\"https:\\\/\\\/libreriaguadalupe.com.ar\\\/libreria\\\/producto\\\/dibujo-de-la-figura-humana-en-los-ninos\\\/\",\"url\":\"https:\\\/\\\/libreriaguadalupe.com.ar\\\/libreria\\\/producto\\\/dibujo-de-la-figura-humana-en-los-ninos\\\/\",\"name\":\"Dibujo De La Figura Humana En Los Ni\u00f1os - Editorial Guadalupe de Argentina\",\"isPartOf\":{\"@id\":\"https:\\\/\\\/libreriaguadalupe.com.ar\\\/libreria\\\/#website\"},\"primaryImageOfPage\":{\"@id\":\"https:\\\/\\\/libreriaguadalupe.com.ar\\\/libreria\\\/producto\\\/dibujo-de-la-figura-humana-en-los-ninos\\\/#primaryimage\"},\"image\":{\"@id\":\"https:\\\/\\\/libreriaguadalupe.com.ar\\\/libreria\\\/producto\\\/dibujo-de-la-figura-humana-en-los-ninos\\\/#primaryimage\"},\"thumbnailUrl\":\"https:\\\/\\\/i0.wp.com\\\/libreriaguadalupe.com.ar\\\/libreria\\\/wp-content\\\/uploads\\\/2023\\\/03\\\/Dibujo-De-La-Figura-Humana-En-Los-Ninos.jpeg?fit=347%2C500&ssl=1\",\"datePublished\":\"2023-03-23T16:04:29+00:00\",\"dateModified\":\"2025-05-06T03:43:23+00:00\",\"description\":\"La prueba Dibujo de la Figura Humana (DFH) integra, junto con el Bender y el VADS, una minibater\u00eda psicodiagn\u00f3stica de gran utilidad para tareas que se realizan en los \u00e1mbitos cl\u00ednico y educativo.\",\"breadcrumb\":{\"@id\":\"https:\\\/\\\/libreriaguadalupe.com.ar\\\/libreria\\\/producto\\\/dibujo-de-la-figura-humana-en-los-ninos\\\/#breadcrumb\"},\"inLanguage\":\"es\",\"potentialAction\":[{\"@type\":\"ReadAction\",\"target\":[\"https:\\\/\\\/libreriaguadalupe.com.ar\\\/libreria\\\/producto\\\/dibujo-de-la-figura-humana-en-los-ninos\\\/\"]}]},{\"@type\":\"ImageObject\",\"inLanguage\":\"es\",\"@id\":\"https:\\\/\\\/libreriaguadalupe.com.ar\\\/libreria\\\/producto\\\/dibujo-de-la-figura-humana-en-los-ninos\\\/#primaryimage\",\"url\":\"https:\\\/\\\/i0.wp.com\\\/libreriaguadalupe.com.ar\\\/libreria\\\/wp-content\\\/uploads\\\/2023\\\/03\\\/Dibujo-De-La-Figura-Humana-En-Los-Ninos.jpeg?fit=347%2C500&ssl=1\",\"contentUrl\":\"https:\\\/\\\/i0.wp.com\\\/libreriaguadalupe.com.ar\\\/libreria\\\/wp-content\\\/uploads\\\/2023\\\/03\\\/Dibujo-De-La-Figura-Humana-En-Los-Ninos.jpeg?fit=347%2C500&ssl=1\",\"width\":347,\"height\":500},{\"@type\":\"BreadcrumbList\",\"@id\":\"https:\\\/\\\/libreriaguadalupe.com.ar\\\/libreria\\\/producto\\\/dibujo-de-la-figura-humana-en-los-ninos\\\/#breadcrumb\",\"itemListElement\":[{\"@type\":\"ListItem\",\"position\":1,\"name\":\"Portada\",\"item\":\"https:\\\/\\\/libreriaguadalupe.com.ar\\\/libreria\\\/\"},{\"@type\":\"ListItem\",\"position\":2,\"name\":\"Tienda\",\"item\":\"https:\\\/\\\/libreriaguadalupe.com.ar\\\/libreria\\\/\"},{\"@type\":\"ListItem\",\"position\":3,\"name\":\"Dibujo De La Figura Humana En Los Ni\u00f1os\"}]},{\"@type\":\"WebSite\",\"@id\":\"https:\\\/\\\/libreriaguadalupe.com.ar\\\/libreria\\\/#website\",\"url\":\"https:\\\/\\\/libreriaguadalupe.com.ar\\\/libreria\\\/\",\"name\":\"Editorial Guadalupe de Argentina\",\"description\":\"Congregaci\u00f3n del Verbo Divino\",\"publisher\":{\"@id\":\"https:\\\/\\\/libreriaguadalupe.com.ar\\\/libreria\\\/#organization\"},\"alternateName\":\"Librer\u00eda Guadalupe\",\"potentialAction\":[{\"@type\":\"SearchAction\",\"target\":{\"@type\":\"EntryPoint\",\"urlTemplate\":\"https:\\\/\\\/libreriaguadalupe.com.ar\\\/libreria\\\/?s={search_term_string}\"},\"query-input\":{\"@type\":\"PropertyValueSpecification\",\"valueRequired\":true,\"valueName\":\"search_term_string\"}}],\"inLanguage\":\"es\"},{\"@type\":\"Organization\",\"@id\":\"https:\\\/\\\/libreriaguadalupe.com.ar\\\/libreria\\\/#organization\",\"name\":\"Editorial Guadalupe\",\"alternateName\":\"Librer\u00eda Guadalupe\",\"url\":\"https:\\\/\\\/libreriaguadalupe.com.ar\\\/libreria\\\/\",\"logo\":{\"@type\":\"ImageObject\",\"inLanguage\":\"es\",\"@id\":\"https:\\\/\\\/libreriaguadalupe.com.ar\\\/libreria\\\/#\\\/schema\\\/logo\\\/image\\\/\",\"url\":\"https:\\\/\\\/i0.wp.com\\\/libreriaguadalupe.com.ar\\\/libreria\\\/wp-content\\\/uploads\\\/2023\\\/01\\\/cropped-logo-editorial-guadalupe.webp?fit=500%2C100&ssl=1\",\"contentUrl\":\"https:\\\/\\\/i0.wp.com\\\/libreriaguadalupe.com.ar\\\/libreria\\\/wp-content\\\/uploads\\\/2023\\\/01\\\/cropped-logo-editorial-guadalupe.webp?fit=500%2C100&ssl=1\",\"width\":500,\"height\":100,\"caption\":\"Editorial Guadalupe\"},\"image\":{\"@id\":\"https:\\\/\\\/libreriaguadalupe.com.ar\\\/libreria\\\/#\\\/schema\\\/logo\\\/image\\\/\"},\"sameAs\":[\"https:\\\/\\\/www.facebook.com\\\/LibreriaGuadalupeAR\\\/\",\"https:\\\/\\\/www.instagram.com\\\/editorialguadalupe\\\/\",\"https:\\\/\\\/guadalupeeditorial.mercadoshops.com.ar\\\/\"]}]}<\/script>\n<!-- \/ Yoast SEO plugin. -->","yoast_head_json":{"title":"Dibujo De La Figura Humana En Los Ni\u00f1os - Editorial Guadalupe de Argentina","description":"La prueba Dibujo de la Figura Humana (DFH) integra, junto con el Bender y el VADS, una minibater\u00eda psicodiagn\u00f3stica de gran utilidad para tareas que se realizan en los \u00e1mbitos cl\u00ednico y educativo.","robots":{"index":"index","follow":"follow","max-snippet":"max-snippet:-1","max-image-preview":"max-image-preview:large","max-video-preview":"max-video-preview:-1"},"canonical":"https:\/\/libreriaguadalupe.com.ar\/libreria\/producto\/dibujo-de-la-figura-humana-en-los-ninos\/","og_locale":"es_ES","og_type":"article","og_title":"Dibujo De La Figura Humana En Los Ni\u00f1os - Editorial Guadalupe de Argentina","og_description":"La prueba Dibujo de la Figura Humana (DFH) integra, junto con el Bender y el VADS, una minibater\u00eda psicodiagn\u00f3stica de gran utilidad para tareas que se realizan en los \u00e1mbitos cl\u00ednico y educativo.","og_url":"https:\/\/libreriaguadalupe.com.ar\/libreria\/producto\/dibujo-de-la-figura-humana-en-los-ninos\/","og_site_name":"Editorial Guadalupe de Argentina","article_publisher":"https:\/\/www.facebook.com\/LibreriaGuadalupeAR\/","article_modified_time":"2025-05-06T03:43:23+00:00","og_image":[{"width":347,"height":500,"url":"https:\/\/libreriaguadalupe.com.ar\/libreria\/wp-content\/uploads\/2023\/03\/Dibujo-De-La-Figura-Humana-En-Los-Ninos.jpeg","type":"image\/jpeg"}],"twitter_card":"summary_large_image","twitter_misc":{"Tiempo de lectura":"1 minuto"},"schema":{"@context":"https:\/\/schema.org","@graph":[{"@type":"WebPage","@id":"https:\/\/libreriaguadalupe.com.ar\/libreria\/producto\/dibujo-de-la-figura-humana-en-los-ninos\/","url":"https:\/\/libreriaguadalupe.com.ar\/libreria\/producto\/dibujo-de-la-figura-humana-en-los-ninos\/","name":"Dibujo De La Figura Humana En Los Ni\u00f1os - Editorial Guadalupe de Argentina","isPartOf":{"@id":"https:\/\/libreriaguadalupe.com.ar\/libreria\/#website"},"primaryImageOfPage":{"@id":"https:\/\/libreriaguadalupe.com.ar\/libreria\/producto\/dibujo-de-la-figura-humana-en-los-ninos\/#primaryimage"},"image":{"@id":"https:\/\/libreriaguadalupe.com.ar\/libreria\/producto\/dibujo-de-la-figura-humana-en-los-ninos\/#primaryimage"},"thumbnailUrl":"https:\/\/i0.wp.com\/libreriaguadalupe.com.ar\/libreria\/wp-content\/uploads\/2023\/03\/Dibujo-De-La-Figura-Humana-En-Los-Ninos.jpeg?fit=347%2C500&ssl=1","datePublished":"2023-03-23T16:04:29+00:00","dateModified":"2025-05-06T03:43:23+00:00","description":"La prueba Dibujo de la Figura Humana (DFH) integra, junto con el Bender y el VADS, una minibater\u00eda psicodiagn\u00f3stica de gran utilidad para tareas que se realizan en los \u00e1mbitos cl\u00ednico y educativo.","breadcrumb":{"@id":"https:\/\/libreriaguadalupe.com.ar\/libreria\/producto\/dibujo-de-la-figura-humana-en-los-ninos\/#breadcrumb"},"inLanguage":"es","potentialAction":[{"@type":"ReadAction","target":["https:\/\/libreriaguadalupe.com.ar\/libreria\/producto\/dibujo-de-la-figura-humana-en-los-ninos\/"]}]},{"@type":"ImageObject","inLanguage":"es","@id":"https:\/\/libreriaguadalupe.com.ar\/libreria\/producto\/dibujo-de-la-figura-humana-en-los-ninos\/#primaryimage","url":"https:\/\/i0.wp.com\/libreriaguadalupe.com.ar\/libreria\/wp-content\/uploads\/2023\/03\/Dibujo-De-La-Figura-Humana-En-Los-Ninos.jpeg?fit=347%2C500&ssl=1","contentUrl":"https:\/\/i0.wp.com\/libreriaguadalupe.com.ar\/libreria\/wp-content\/uploads\/2023\/03\/Dibujo-De-La-Figura-Humana-En-Los-Ninos.jpeg?fit=347%2C500&ssl=1","width":347,"height":500},{"@type":"BreadcrumbList","@id":"https:\/\/libreriaguadalupe.com.ar\/libreria\/producto\/dibujo-de-la-figura-humana-en-los-ninos\/#breadcrumb","itemListElement":[{"@type":"ListItem","position":1,"name":"Portada","item":"https:\/\/libreriaguadalupe.com.ar\/libreria\/"},{"@type":"ListItem","position":2,"name":"Tienda","item":"https:\/\/libreriaguadalupe.com.ar\/libreria\/"},{"@type":"ListItem","position":3,"name":"Dibujo De La Figura Humana En Los Ni\u00f1os"}]},{"@type":"WebSite","@id":"https:\/\/libreriaguadalupe.com.ar\/libreria\/#website","url":"https:\/\/libreriaguadalupe.com.ar\/libreria\/","name":"Editorial Guadalupe de Argentina","description":"Congregaci\u00f3n del Verbo Divino","publisher":{"@id":"https:\/\/libreriaguadalupe.com.ar\/libreria\/#organization"},"alternateName":"Librer\u00eda Guadalupe","potentialAction":[{"@type":"SearchAction","target":{"@type":"EntryPoint","urlTemplate":"https:\/\/libreriaguadalupe.com.ar\/libreria\/?s={search_term_string}"},"query-input":{"@type":"PropertyValueSpecification","valueRequired":true,"valueName":"search_term_string"}}],"inLanguage":"es"},{"@type":"Organization","@id":"https:\/\/libreriaguadalupe.com.ar\/libreria\/#organization","name":"Editorial Guadalupe","alternateName":"Librer\u00eda Guadalupe","url":"https:\/\/libreriaguadalupe.com.ar\/libreria\/","logo":{"@type":"ImageObject","inLanguage":"es","@id":"https:\/\/libreriaguadalupe.com.ar\/libreria\/#\/schema\/logo\/image\/","url":"https:\/\/i0.wp.com\/libreriaguadalupe.com.ar\/libreria\/wp-content\/uploads\/2023\/01\/cropped-logo-editorial-guadalupe.webp?fit=500%2C100&ssl=1","contentUrl":"https:\/\/i0.wp.com\/libreriaguadalupe.com.ar\/libreria\/wp-content\/uploads\/2023\/01\/cropped-logo-editorial-guadalupe.webp?fit=500%2C100&ssl=1","width":500,"height":100,"caption":"Editorial Guadalupe"},"image":{"@id":"https:\/\/libreriaguadalupe.com.ar\/libreria\/#\/schema\/logo\/image\/"},"sameAs":["https:\/\/www.facebook.com\/LibreriaGuadalupeAR\/","https:\/\/www.instagram.com\/editorialguadalupe\/","https:\/\/guadalupeeditorial.mercadoshops.com.ar\/"]}]}},"jetpack_publicize_connections":[],"jetpack_sharing_enabled":true,"jetpack-related-posts":[{"id":16928,"url":"https:\/\/libreriaguadalupe.com.ar\/libreria\/producto\/test-guestaltico-visomotor-para-ninos\/","url_meta":{"origin":16924,"position":0},"title":"El Test Guestaltico Visomotor Para Ni\u00f1os","author":"admin","date":"23\/03\/2023","format":false,"excerpt":"Nueva Edici\u00f3n Autor: Koppitz, Elizabeth ISBN: 9505000258 Dimensiones: 16 x 23 cm P\u00e1ginas: 272","rel":"","context":"Entrada similar","block_context":{"text":"Entrada similar","link":""},"img":{"alt_text":"","src":"https:\/\/i0.wp.com\/libreriaguadalupe.com.ar\/libreria\/wp-content\/uploads\/2023\/03\/Test-Guestaltico-Visomotor-Para-Ninos-Nueva-Edicion.jpeg?fit=344%2C500&ssl=1&resize=350%2C200","width":350,"height":200},"classes":[]},{"id":17954,"url":"https:\/\/libreriaguadalupe.com.ar\/libreria\/producto\/oraciones-para-antes-de-ir-a-dormir\/","url_meta":{"origin":16924,"position":1},"title":"Oraciones para antes de ir a dormir","author":"admin","date":"08\/04\/2024","format":false,"excerpt":"Autor: Mar\u00eda Cristina Graziani ISBN: 978-950-500-912-1 Dimensiones: 30 x 21 cm P\u00e1ginas: 32","rel":"","context":"Entrada similar","block_context":{"text":"Entrada similar","link":""},"img":{"alt_text":"","src":"https:\/\/i0.wp.com\/libreriaguadalupe.com.ar\/libreria\/wp-content\/uploads\/2024\/04\/NOVEDAD-TIENDA-ABRIL.jpg?fit=470%2C470&ssl=1&resize=350%2C200","width":350,"height":200},"classes":[]},{"id":12947,"url":"https:\/\/libreriaguadalupe.com.ar\/libreria\/producto\/carteles-biblicos-ciclo-a\/","url_meta":{"origin":16924,"position":2},"title":"Carteles Biblicos Ciclo A","author":"admin","date":"18\/01\/2023","format":false,"excerpt":"Autor: Equipo Centro B\u00edblico Verbo Divino Librer\u00eda Centro B\u00edblico Verbo Divino ISBN: 8481692794 Dimensiones: 21,5 x 30 cm P\u00e1ginas: 58","rel":"","context":"Entrada similar","block_context":{"text":"Entrada similar","link":""},"img":{"alt_text":"","src":"https:\/\/i0.wp.com\/libreriaguadalupe.com.ar\/libreria\/wp-content\/uploads\/2023\/01\/CARTELES-BIBLICOS-A.jpg?fit=380%2C586&ssl=1&resize=350%2C200","width":350,"height":200},"classes":[]},{"id":14939,"url":"https:\/\/libreriaguadalupe.com.ar\/libreria\/producto\/biblia-e-infancia-reflexiones-y-recursos-para-adviento-navidad-cuaresma-y-pascua-2\/","url_meta":{"origin":16924,"position":3},"title":"Biblia e infancia","author":"admin","date":"07\/02\/2023","format":false,"excerpt":"Reflexiones y recursos para Adviento, Navidad, Cuaresma y Pascua AUTOR: LEVAGGI CONSTANZA [ VER M\u00c1S OBRAS ] ISBN: 9505007356 200 p\u00e1gs. 16 x 26 cm","rel":"","context":"Entrada similar","block_context":{"text":"Entrada similar","link":""},"img":{"alt_text":"BIBLIA E INFANCIA Reflexiones y recursos","src":"https:\/\/i0.wp.com\/libreriaguadalupe.com.ar\/libreria\/wp-content\/uploads\/2023\/03\/BIBLIA-E-INFANCIA-Reflexiones-y-recursos.png?fit=1039%2C1200&ssl=1&resize=350%2C200","width":350,"height":200,"srcset":"https:\/\/i0.wp.com\/libreriaguadalupe.com.ar\/libreria\/wp-content\/uploads\/2023\/03\/BIBLIA-E-INFANCIA-Reflexiones-y-recursos.png?fit=1039%2C1200&ssl=1&resize=350%2C200 1x, https:\/\/i0.wp.com\/libreriaguadalupe.com.ar\/libreria\/wp-content\/uploads\/2023\/03\/BIBLIA-E-INFANCIA-Reflexiones-y-recursos.png?fit=1039%2C1200&ssl=1&resize=525%2C300 1.5x, https:\/\/i0.wp.com\/libreriaguadalupe.com.ar\/libreria\/wp-content\/uploads\/2023\/03\/BIBLIA-E-INFANCIA-Reflexiones-y-recursos.png?fit=1039%2C1200&ssl=1&resize=700%2C400 2x"},"classes":[]},{"id":16943,"url":"https:\/\/libreriaguadalupe.com.ar\/libreria\/producto\/cuentame-la-biblia\/","url_meta":{"origin":16924,"position":4},"title":"Cu\u00e9ntame la Biblia","author":"admin","date":"23\/03\/2023","format":false,"excerpt":"[edici\u00f3n carton\u00e9 acolchado] Autor: JOSE LUIS ALVAR ISBN: 8490737200 Dimensiones: 16,5 x 22,5 cm P\u00e1ginas: 136","rel":"","context":"Entrada similar","block_context":{"text":"Entrada similar","link":""},"img":{"alt_text":"","src":"https:\/\/i0.wp.com\/libreriaguadalupe.com.ar\/libreria\/wp-content\/uploads\/2023\/03\/Cuentame-la-Biblia.jpg?fit=380%2C586&ssl=1&resize=350%2C200","width":350,"height":200},"classes":[]},{"id":19194,"url":"https:\/\/libreriaguadalupe.com.ar\/libreria\/producto\/logoterapia-clinica\/","url_meta":{"origin":16924,"position":5},"title":"Logoterapia Cl\u00ednica","author":"Mariano Zuqui","date":"11\/12\/2025","format":false,"excerpt":"Compilador: Roberto Juan Mucci T\u00edtulo: \"Logoterapia Cl\u00ednica\" ISBN:978-950-500-973-2 Formato: 15.5\u00a0 (ancho) x 22,5 (alto) cms. Interior: 1\/1 color Papel: Bookcel 80 grs. N\u00ba de P\u00e1ginas: 306. Tapa:4 Colores - Cartulina - Laminado mate Encuadernaci\u00f3n: Binder \u00a0 \u00a0","rel":"","context":"Entrada similar","block_context":{"text":"Entrada similar","link":""},"img":{"alt_text":"","src":"https:\/\/i0.wp.com\/libreriaguadalupe.com.ar\/libreria\/wp-content\/uploads\/2025\/12\/1-2.png?fit=960%2C1200&ssl=1&resize=350%2C200","width":350,"height":200,"srcset":"https:\/\/i0.wp.com\/libreriaguadalupe.com.ar\/libreria\/wp-content\/uploads\/2025\/12\/1-2.png?fit=960%2C1200&ssl=1&resize=350%2C200 1x, https:\/\/i0.wp.com\/libreriaguadalupe.com.ar\/libreria\/wp-content\/uploads\/2025\/12\/1-2.png?fit=960%2C1200&ssl=1&resize=525%2C300 1.5x, https:\/\/i0.wp.com\/libreriaguadalupe.com.ar\/libreria\/wp-content\/uploads\/2025\/12\/1-2.png?fit=960%2C1200&ssl=1&resize=700%2C400 2x"},"classes":[]}],"_links":{"self":[{"href":"https:\/\/libreriaguadalupe.com.ar\/libreria\/wp-json\/wp\/v2\/product\/16924","targetHints":{"allow":["GET"]}}],"collection":[{"href":"https:\/\/libreriaguadalupe.com.ar\/libreria\/wp-json\/wp\/v2\/product"}],"about":[{"href":"https:\/\/libreriaguadalupe.com.ar\/libreria\/wp-json\/wp\/v2\/types\/product"}],"replies":[{"embeddable":true,"href":"https:\/\/libreriaguadalupe.com.ar\/libreria\/wp-json\/wp\/v2\/comments?post=16924"}],"version-history":[{"count":1,"href":"https:\/\/libreriaguadalupe.com.ar\/libreria\/wp-json\/wp\/v2\/product\/16924\/revisions"}],"predecessor-version":[{"id":16927,"href":"https:\/\/libreriaguadalupe.com.ar\/libreria\/wp-json\/wp\/v2\/product\/16924\/revisions\/16927"}],"wp:featuredmedia":[{"embeddable":true,"href":"https:\/\/libreriaguadalupe.com.ar\/libreria\/wp-json\/wp\/v2\/media\/16925"}],"wp:attachment":[{"href":"https:\/\/libreriaguadalupe.com.ar\/libreria\/wp-json\/wp\/v2\/media?parent=16924"}],"wp:term":[{"taxonomy":"product_brand","embeddable":true,"href":"https:\/\/libreriaguadalupe.com.ar\/libreria\/wp-json\/wp\/v2\/product_brand?post=16924"},{"taxonomy":"product_cat","embeddable":true,"href":"https:\/\/libreriaguadalupe.com.ar\/libreria\/wp-json\/wp\/v2\/product_cat?post=16924"},{"taxonomy":"product_tag","embeddable":true,"href":"https:\/\/libreriaguadalupe.com.ar\/libreria\/wp-json\/wp\/v2\/product_tag?post=16924"}],"curies":[{"name":"wp","href":"https:\/\/api.w.org\/{rel}","templated":true}]}}