{"id":16879,"date":"2023-03-23T10:05:15","date_gmt":"2023-03-23T13:05:15","guid":{"rendered":"https:\/\/libreriaguadalupe.com.ar\/libreria\/?post_type=product&#038;p=16879"},"modified":"2024-10-14T11:07:21","modified_gmt":"2024-10-14T14:07:21","slug":"biblia-sacra-vulgata","status":"publish","type":"product","link":"https:\/\/libreriaguadalupe.com.ar\/libreria\/producto\/biblia-sacra-vulgata\/","title":{"rendered":"Biblia Sacra Vulgata"},"content":{"rendered":"<p>En la actualidad, el texto cr\u00edtico definitivo de la Vulgata es la Biblia Sacra Vulgata. Editio quinta, editada por Robert Weber y Roger Gryson. Esta edici\u00f3n incluye el texto latino de la Biblia reconstruido minuciosamente, con un aparato extenso de variantes. Por consiguiente, no solo ofrece una base textual fiable para el estudio de la Biblia en lat\u00edn, sino que tambi\u00e9n nos permite comprender mejor la historia de la transmisi\u00f3n de la Vulgata.<\/p>\n<p>La primera edici\u00f3n de la Biblia Sacra Vulgata fue publicada en 1969 por W\u00fcrttembergische Bibelanstalt. El objetivo fue elaborar una edici\u00f3n que reprodujera de la forma m\u00e1s precisa posible el texto original, tambi\u00e9n en t\u00e9rminos de estructura general, y que al mismo tiempo tuviera en cuenta las variantes m\u00e1s significativas en un aparato extenso.<\/p>\n<p>La Biblia Sacra Vulgata es, por lo tanto, una edici\u00f3n cr\u00edtica basada en los manuscritos y teniendo en cuenta las ediciones cr\u00edticas principales (la versi\u00f3n realizada por los benedictinos de San Girolamo en Roma para el Antiguo Testamento, y la edici\u00f3n Oxford de J. Wordsworth y H. J. White para el Nuevo Testamento). El texto de estas ediciones fue adoptado como v\u00e1lido despu\u00e9s de examinarse rigurosamente y mejorarse en caso necesario. Asimismo, la edici\u00f3n de H. de Sainte-Marie fue utilizada para el Psalterium iuxta Hebraeos.<\/p>\n<p>Por otro lado, el texto de los Profetas, los libros de los Macabeos, Oraci\u00f3n de Manas\u00e9s, 3-4 Esdras y la Ep\u00edstola a los Laodicenses fue elaborado nuevamente bas\u00e1ndose en fotocopias de los manuscritos, recopilaciones y otros trabajos de preparaci\u00f3n puestos a disposici\u00f3n por la Abad\u00eda de San Girolamo en Roma y el Instituto Vetus Latina de Beuron. Tambi\u00e9n se hizo uso de la edici\u00f3n de los libros de los Macabeos de D. De Bruyne, en el caso de 4 Esdras de la edici\u00f3n de R. L. Bensly y B. Violet, y para la Ep\u00edstola a los Laodicenses de la realizada por J. B. Lightfoot y A. Harnack.<\/p>\n<p>Cuarenta a\u00f1os despu\u00e9s de su primera publicaci\u00f3n, esta versi\u00f3n cr\u00edtica concisa de la Vulgata llega ya a su quinta edici\u00f3n y se ha establecido como la edici\u00f3n cr\u00edtica definitiva de la Vulgata. En la actualidad, el editor principal es Roger Gryson. La quinta edici\u00f3n, publicada en 2007, incluye una revisi\u00f3n del aparato cr\u00edtico de los libros de Rut, Isa\u00edas y Apocalipsis.<\/p>\n","protected":false},"excerpt":{"rendered":"<p><strong>[Editio quinta]<\/strong><br \/>\n<strong>Idioma: Lat\u00edn<\/strong><\/p>\n<p>Autor: Weber-Cryson <strong><br \/>\n<\/strong>ISBN: 3438053039<br \/>\nDimensiones: 13,5 x 18,7 cm<br \/>\nP\u00e1ginas: 2032<\/p>\n","protected":false},"featured_media":16880,"comment_status":"open","ping_status":"closed","template":"","meta":{"jetpack_publicize_message":"","jetpack_publicize_feature_enabled":true,"jetpack_social_post_already_shared":true,"jetpack_social_options":{"image_generator_settings":{"template":"highway","default_image_id":0,"font":"","enabled":false},"version":2}},"product_brand":[],"product_cat":[109],"product_tag":[127],"class_list":{"0":"post-16879","1":"product","2":"type-product","3":"status-publish","4":"has-post-thumbnail","6":"product_cat-verbo-divino","7":"product_tag-editorial-guadalupe-de-argentina","9":"first","10":"outofstock","11":"shipping-taxable","12":"purchasable","13":"product-type-simple"},"yoast_head":"<!-- This site is optimized with the Yoast SEO plugin v27.4 - https:\/\/yoast.com\/product\/yoast-seo-wordpress\/ -->\n<title>Biblia Sacra Vulgata - Editorial Guadalupe de Argentina<\/title>\n<meta name=\"description\" content=\"En la actualidad, el texto cr\u00edtico definitivo de la Vulgata es la Biblia Sacra Vulgata. Editio quinta, editada por Robert Weber y Roger Gryson.\" \/>\n<meta name=\"robots\" content=\"index, follow, max-snippet:-1, max-image-preview:large, max-video-preview:-1\" \/>\n<link rel=\"canonical\" href=\"https:\/\/libreriaguadalupe.com.ar\/libreria\/producto\/biblia-sacra-vulgata\/\" \/>\n<meta property=\"og:locale\" content=\"es_ES\" \/>\n<meta property=\"og:type\" content=\"article\" \/>\n<meta property=\"og:title\" content=\"Biblia Sacra Vulgata - Editorial Guadalupe de Argentina\" \/>\n<meta property=\"og:description\" content=\"En la actualidad, el texto cr\u00edtico definitivo de la Vulgata es la Biblia Sacra Vulgata. Editio quinta, editada por Robert Weber y Roger Gryson.\" \/>\n<meta property=\"og:url\" content=\"https:\/\/libreriaguadalupe.com.ar\/libreria\/producto\/biblia-sacra-vulgata\/\" \/>\n<meta property=\"og:site_name\" content=\"Editorial Guadalupe de Argentina\" \/>\n<meta property=\"article:publisher\" content=\"https:\/\/www.facebook.com\/LibreriaGuadalupeAR\/\" \/>\n<meta property=\"article:modified_time\" content=\"2024-10-14T14:07:21+00:00\" \/>\n<meta property=\"og:image\" content=\"https:\/\/libreriaguadalupe.com.ar\/libreria\/wp-content\/uploads\/2023\/03\/Biblia-Sacra-Vulgata.png\" \/>\n\t<meta property=\"og:image:width\" content=\"300\" \/>\n\t<meta property=\"og:image:height\" content=\"425\" \/>\n\t<meta property=\"og:image:type\" content=\"image\/png\" \/>\n<meta name=\"twitter:card\" content=\"summary_large_image\" \/>\n<meta name=\"twitter:label1\" content=\"Tiempo de lectura\" \/>\n\t<meta name=\"twitter:data1\" content=\"2 minutos\" \/>\n<script type=\"application\/ld+json\" class=\"yoast-schema-graph\">{\"@context\":\"https:\\\/\\\/schema.org\",\"@graph\":[{\"@type\":\"WebPage\",\"@id\":\"https:\\\/\\\/libreriaguadalupe.com.ar\\\/libreria\\\/producto\\\/biblia-sacra-vulgata\\\/\",\"url\":\"https:\\\/\\\/libreriaguadalupe.com.ar\\\/libreria\\\/producto\\\/biblia-sacra-vulgata\\\/\",\"name\":\"Biblia Sacra Vulgata - Editorial Guadalupe de Argentina\",\"isPartOf\":{\"@id\":\"https:\\\/\\\/libreriaguadalupe.com.ar\\\/libreria\\\/#website\"},\"primaryImageOfPage\":{\"@id\":\"https:\\\/\\\/libreriaguadalupe.com.ar\\\/libreria\\\/producto\\\/biblia-sacra-vulgata\\\/#primaryimage\"},\"image\":{\"@id\":\"https:\\\/\\\/libreriaguadalupe.com.ar\\\/libreria\\\/producto\\\/biblia-sacra-vulgata\\\/#primaryimage\"},\"thumbnailUrl\":\"https:\\\/\\\/i0.wp.com\\\/libreriaguadalupe.com.ar\\\/libreria\\\/wp-content\\\/uploads\\\/2023\\\/03\\\/Biblia-Sacra-Vulgata.png?fit=300%2C425&ssl=1\",\"datePublished\":\"2023-03-23T13:05:15+00:00\",\"dateModified\":\"2024-10-14T14:07:21+00:00\",\"description\":\"En la actualidad, el texto cr\u00edtico definitivo de la Vulgata es la Biblia Sacra Vulgata. Editio quinta, editada por Robert Weber y Roger Gryson.\",\"breadcrumb\":{\"@id\":\"https:\\\/\\\/libreriaguadalupe.com.ar\\\/libreria\\\/producto\\\/biblia-sacra-vulgata\\\/#breadcrumb\"},\"inLanguage\":\"es\",\"potentialAction\":[{\"@type\":\"ReadAction\",\"target\":[\"https:\\\/\\\/libreriaguadalupe.com.ar\\\/libreria\\\/producto\\\/biblia-sacra-vulgata\\\/\"]}]},{\"@type\":\"ImageObject\",\"inLanguage\":\"es\",\"@id\":\"https:\\\/\\\/libreriaguadalupe.com.ar\\\/libreria\\\/producto\\\/biblia-sacra-vulgata\\\/#primaryimage\",\"url\":\"https:\\\/\\\/i0.wp.com\\\/libreriaguadalupe.com.ar\\\/libreria\\\/wp-content\\\/uploads\\\/2023\\\/03\\\/Biblia-Sacra-Vulgata.png?fit=300%2C425&ssl=1\",\"contentUrl\":\"https:\\\/\\\/i0.wp.com\\\/libreriaguadalupe.com.ar\\\/libreria\\\/wp-content\\\/uploads\\\/2023\\\/03\\\/Biblia-Sacra-Vulgata.png?fit=300%2C425&ssl=1\",\"width\":300,\"height\":425},{\"@type\":\"BreadcrumbList\",\"@id\":\"https:\\\/\\\/libreriaguadalupe.com.ar\\\/libreria\\\/producto\\\/biblia-sacra-vulgata\\\/#breadcrumb\",\"itemListElement\":[{\"@type\":\"ListItem\",\"position\":1,\"name\":\"Portada\",\"item\":\"https:\\\/\\\/libreriaguadalupe.com.ar\\\/libreria\\\/\"},{\"@type\":\"ListItem\",\"position\":2,\"name\":\"Tienda\",\"item\":\"https:\\\/\\\/libreriaguadalupe.com.ar\\\/libreria\\\/\"},{\"@type\":\"ListItem\",\"position\":3,\"name\":\"Biblia Sacra Vulgata\"}]},{\"@type\":\"WebSite\",\"@id\":\"https:\\\/\\\/libreriaguadalupe.com.ar\\\/libreria\\\/#website\",\"url\":\"https:\\\/\\\/libreriaguadalupe.com.ar\\\/libreria\\\/\",\"name\":\"Editorial Guadalupe de Argentina\",\"description\":\"Congregaci\u00f3n del Verbo Divino\",\"publisher\":{\"@id\":\"https:\\\/\\\/libreriaguadalupe.com.ar\\\/libreria\\\/#organization\"},\"alternateName\":\"Librer\u00eda Guadalupe\",\"potentialAction\":[{\"@type\":\"SearchAction\",\"target\":{\"@type\":\"EntryPoint\",\"urlTemplate\":\"https:\\\/\\\/libreriaguadalupe.com.ar\\\/libreria\\\/?s={search_term_string}\"},\"query-input\":{\"@type\":\"PropertyValueSpecification\",\"valueRequired\":true,\"valueName\":\"search_term_string\"}}],\"inLanguage\":\"es\"},{\"@type\":\"Organization\",\"@id\":\"https:\\\/\\\/libreriaguadalupe.com.ar\\\/libreria\\\/#organization\",\"name\":\"Editorial Guadalupe\",\"alternateName\":\"Librer\u00eda Guadalupe\",\"url\":\"https:\\\/\\\/libreriaguadalupe.com.ar\\\/libreria\\\/\",\"logo\":{\"@type\":\"ImageObject\",\"inLanguage\":\"es\",\"@id\":\"https:\\\/\\\/libreriaguadalupe.com.ar\\\/libreria\\\/#\\\/schema\\\/logo\\\/image\\\/\",\"url\":\"https:\\\/\\\/i0.wp.com\\\/libreriaguadalupe.com.ar\\\/libreria\\\/wp-content\\\/uploads\\\/2023\\\/01\\\/cropped-logo-editorial-guadalupe.webp?fit=500%2C100&ssl=1\",\"contentUrl\":\"https:\\\/\\\/i0.wp.com\\\/libreriaguadalupe.com.ar\\\/libreria\\\/wp-content\\\/uploads\\\/2023\\\/01\\\/cropped-logo-editorial-guadalupe.webp?fit=500%2C100&ssl=1\",\"width\":500,\"height\":100,\"caption\":\"Editorial Guadalupe\"},\"image\":{\"@id\":\"https:\\\/\\\/libreriaguadalupe.com.ar\\\/libreria\\\/#\\\/schema\\\/logo\\\/image\\\/\"},\"sameAs\":[\"https:\\\/\\\/www.facebook.com\\\/LibreriaGuadalupeAR\\\/\",\"https:\\\/\\\/www.instagram.com\\\/editorialguadalupe\\\/\",\"https:\\\/\\\/guadalupeeditorial.mercadoshops.com.ar\\\/\"]}]}<\/script>\n<!-- \/ Yoast SEO plugin. -->","yoast_head_json":{"title":"Biblia Sacra Vulgata - Editorial Guadalupe de Argentina","description":"En la actualidad, el texto cr\u00edtico definitivo de la Vulgata es la Biblia Sacra Vulgata. Editio quinta, editada por Robert Weber y Roger Gryson.","robots":{"index":"index","follow":"follow","max-snippet":"max-snippet:-1","max-image-preview":"max-image-preview:large","max-video-preview":"max-video-preview:-1"},"canonical":"https:\/\/libreriaguadalupe.com.ar\/libreria\/producto\/biblia-sacra-vulgata\/","og_locale":"es_ES","og_type":"article","og_title":"Biblia Sacra Vulgata - Editorial Guadalupe de Argentina","og_description":"En la actualidad, el texto cr\u00edtico definitivo de la Vulgata es la Biblia Sacra Vulgata. Editio quinta, editada por Robert Weber y Roger Gryson.","og_url":"https:\/\/libreriaguadalupe.com.ar\/libreria\/producto\/biblia-sacra-vulgata\/","og_site_name":"Editorial Guadalupe de Argentina","article_publisher":"https:\/\/www.facebook.com\/LibreriaGuadalupeAR\/","article_modified_time":"2024-10-14T14:07:21+00:00","og_image":[{"width":300,"height":425,"url":"https:\/\/libreriaguadalupe.com.ar\/libreria\/wp-content\/uploads\/2023\/03\/Biblia-Sacra-Vulgata.png","type":"image\/png"}],"twitter_card":"summary_large_image","twitter_misc":{"Tiempo de lectura":"2 minutos"},"schema":{"@context":"https:\/\/schema.org","@graph":[{"@type":"WebPage","@id":"https:\/\/libreriaguadalupe.com.ar\/libreria\/producto\/biblia-sacra-vulgata\/","url":"https:\/\/libreriaguadalupe.com.ar\/libreria\/producto\/biblia-sacra-vulgata\/","name":"Biblia Sacra Vulgata - Editorial Guadalupe de Argentina","isPartOf":{"@id":"https:\/\/libreriaguadalupe.com.ar\/libreria\/#website"},"primaryImageOfPage":{"@id":"https:\/\/libreriaguadalupe.com.ar\/libreria\/producto\/biblia-sacra-vulgata\/#primaryimage"},"image":{"@id":"https:\/\/libreriaguadalupe.com.ar\/libreria\/producto\/biblia-sacra-vulgata\/#primaryimage"},"thumbnailUrl":"https:\/\/i0.wp.com\/libreriaguadalupe.com.ar\/libreria\/wp-content\/uploads\/2023\/03\/Biblia-Sacra-Vulgata.png?fit=300%2C425&ssl=1","datePublished":"2023-03-23T13:05:15+00:00","dateModified":"2024-10-14T14:07:21+00:00","description":"En la actualidad, el texto cr\u00edtico definitivo de la Vulgata es la Biblia Sacra Vulgata. Editio quinta, editada por Robert Weber y Roger Gryson.","breadcrumb":{"@id":"https:\/\/libreriaguadalupe.com.ar\/libreria\/producto\/biblia-sacra-vulgata\/#breadcrumb"},"inLanguage":"es","potentialAction":[{"@type":"ReadAction","target":["https:\/\/libreriaguadalupe.com.ar\/libreria\/producto\/biblia-sacra-vulgata\/"]}]},{"@type":"ImageObject","inLanguage":"es","@id":"https:\/\/libreriaguadalupe.com.ar\/libreria\/producto\/biblia-sacra-vulgata\/#primaryimage","url":"https:\/\/i0.wp.com\/libreriaguadalupe.com.ar\/libreria\/wp-content\/uploads\/2023\/03\/Biblia-Sacra-Vulgata.png?fit=300%2C425&ssl=1","contentUrl":"https:\/\/i0.wp.com\/libreriaguadalupe.com.ar\/libreria\/wp-content\/uploads\/2023\/03\/Biblia-Sacra-Vulgata.png?fit=300%2C425&ssl=1","width":300,"height":425},{"@type":"BreadcrumbList","@id":"https:\/\/libreriaguadalupe.com.ar\/libreria\/producto\/biblia-sacra-vulgata\/#breadcrumb","itemListElement":[{"@type":"ListItem","position":1,"name":"Portada","item":"https:\/\/libreriaguadalupe.com.ar\/libreria\/"},{"@type":"ListItem","position":2,"name":"Tienda","item":"https:\/\/libreriaguadalupe.com.ar\/libreria\/"},{"@type":"ListItem","position":3,"name":"Biblia Sacra Vulgata"}]},{"@type":"WebSite","@id":"https:\/\/libreriaguadalupe.com.ar\/libreria\/#website","url":"https:\/\/libreriaguadalupe.com.ar\/libreria\/","name":"Editorial Guadalupe de Argentina","description":"Congregaci\u00f3n del Verbo Divino","publisher":{"@id":"https:\/\/libreriaguadalupe.com.ar\/libreria\/#organization"},"alternateName":"Librer\u00eda Guadalupe","potentialAction":[{"@type":"SearchAction","target":{"@type":"EntryPoint","urlTemplate":"https:\/\/libreriaguadalupe.com.ar\/libreria\/?s={search_term_string}"},"query-input":{"@type":"PropertyValueSpecification","valueRequired":true,"valueName":"search_term_string"}}],"inLanguage":"es"},{"@type":"Organization","@id":"https:\/\/libreriaguadalupe.com.ar\/libreria\/#organization","name":"Editorial Guadalupe","alternateName":"Librer\u00eda Guadalupe","url":"https:\/\/libreriaguadalupe.com.ar\/libreria\/","logo":{"@type":"ImageObject","inLanguage":"es","@id":"https:\/\/libreriaguadalupe.com.ar\/libreria\/#\/schema\/logo\/image\/","url":"https:\/\/i0.wp.com\/libreriaguadalupe.com.ar\/libreria\/wp-content\/uploads\/2023\/01\/cropped-logo-editorial-guadalupe.webp?fit=500%2C100&ssl=1","contentUrl":"https:\/\/i0.wp.com\/libreriaguadalupe.com.ar\/libreria\/wp-content\/uploads\/2023\/01\/cropped-logo-editorial-guadalupe.webp?fit=500%2C100&ssl=1","width":500,"height":100,"caption":"Editorial Guadalupe"},"image":{"@id":"https:\/\/libreriaguadalupe.com.ar\/libreria\/#\/schema\/logo\/image\/"},"sameAs":["https:\/\/www.facebook.com\/LibreriaGuadalupeAR\/","https:\/\/www.instagram.com\/editorialguadalupe\/","https:\/\/guadalupeeditorial.mercadoshops.com.ar\/"]}]}},"jetpack_publicize_connections":[],"jetpack_sharing_enabled":true,"jetpack-related-posts":[{"id":17208,"url":"https:\/\/libreriaguadalupe.com.ar\/libreria\/producto\/the-greek-new-testament\/","url_meta":{"origin":16879,"position":0},"title":"The Greek New Testament","author":"admin","date":"04\/04\/2023","format":false,"excerpt":"Fifth Revised Edition Autor: Ediciones cient\u00edficas ISBN: 3438051165 Dimensiones: 12,7 x 18,7 cm P\u00e1ginas: 994","rel":"","context":"Entrada similar","block_context":{"text":"Entrada similar","link":""},"img":{"alt_text":"","src":"https:\/\/i0.wp.com\/libreriaguadalupe.com.ar\/libreria\/wp-content\/uploads\/2023\/04\/The-Greek-New-Testament.png?fit=200%2C295&ssl=1&resize=350%2C200","width":350,"height":200},"classes":[]},{"id":16867,"url":"https:\/\/libreriaguadalupe.com.ar\/libreria\/producto\/biblia-hebraica-quinta-bhq-13\/","url_meta":{"origin":16879,"position":1},"title":"Biblia Hebraica Quinta (BHQ) \/ 13.","author":"admin","date":"23\/03\/2023","format":false,"excerpt":"The Twelve Minor Prophets Idioma: hebreo Autor: Anthony Gelston ISBN: 3438052735 Dimensiones: 15,8 x 23,7 cm P\u00e1ginas: 320","rel":"","context":"Entrada similar","block_context":{"text":"Entrada similar","link":""},"img":{"alt_text":"","src":"https:\/\/i0.wp.com\/libreriaguadalupe.com.ar\/libreria\/wp-content\/uploads\/2023\/03\/Biblia-Hebraica-Quinta-13.png?fit=200%2C308&ssl=1&resize=350%2C200","width":350,"height":200},"classes":[]},{"id":16870,"url":"https:\/\/libreriaguadalupe.com.ar\/libreria\/producto\/biblia-hebraica-quinta-bhq-20\/","url_meta":{"origin":16879,"position":2},"title":"Biblia Hebraica Quinta (BHQ) \/ 20","author":"admin","date":"23\/03\/2023","format":false,"excerpt":"Ezra and Nehemiah Idioma: hebreo Autor: David Marcus ISBN: 3438052806 Dimensiones: 15,8 x 23,7 cm P\u00e1ginas: 170","rel":"","context":"Entrada similar","block_context":{"text":"Entrada similar","link":""},"img":{"alt_text":"","src":"https:\/\/i0.wp.com\/libreriaguadalupe.com.ar\/libreria\/wp-content\/uploads\/2023\/03\/Biblia-Hebraica-Quinta-20.png?fit=200%2C312&ssl=1&resize=350%2C200","width":350,"height":200},"classes":[]},{"id":16873,"url":"https:\/\/libreriaguadalupe.com.ar\/libreria\/producto\/biblia-hebraica-quinta-bhq-5\/","url_meta":{"origin":16879,"position":3},"title":"Biblia Hebraica Quinta (BHQ) \/ 5","author":"admin","date":"23\/03\/2023","format":false,"excerpt":"Deuteronomy Idioma: hebreo Autor: Carmel McCarthy ISBN: 3438052650 Dimensiones: 15,8 x 23,7 cm P\u00e1ginas: 320","rel":"","context":"Entrada similar","block_context":{"text":"Entrada similar","link":""},"img":{"alt_text":"","src":"https:\/\/i0.wp.com\/libreriaguadalupe.com.ar\/libreria\/wp-content\/uploads\/2023\/03\/Biblia-Hebraica-Quinta-5.png?fit=200%2C310&ssl=1&resize=350%2C200","width":350,"height":200},"classes":[]},{"id":16876,"url":"https:\/\/libreriaguadalupe.com.ar\/libreria\/producto\/biblia-hebraica-quinta-bhq-7\/","url_meta":{"origin":16879,"position":4},"title":"Biblia Hebraica Quinta (BHQ) \/ 7","author":"admin","date":"23\/03\/2023","format":false,"excerpt":"Judges Idioma: hebreo Autor: Natalio Fern\u00e1ndez Marcos ISBN: 3438052674 Dimensiones: 15,8 x 23,7 cm P\u00e1ginas: 238","rel":"","context":"Entrada similar","block_context":{"text":"Entrada similar","link":""},"img":{"alt_text":"","src":"https:\/\/i0.wp.com\/libreriaguadalupe.com.ar\/libreria\/wp-content\/uploads\/2023\/03\/Biblia-Hebraica-Quinta-7.png?fit=200%2C307&ssl=1&resize=350%2C200","width":350,"height":200},"classes":[]},{"id":15547,"url":"https:\/\/libreriaguadalupe.com.ar\/libreria\/producto\/ybiblia-2\/","url_meta":{"origin":16879,"position":5},"title":"Y-Biblia","author":"admin","date":"07\/02\/2023","format":false,"excerpt":"Biblia de la Iglesia cat\u00f3lica para los j\u00f3venes [Edici\u00f3n Latinoam\u00e9rica] AUTOR: EDV ISBN: 8490733103","rel":"","context":"Entrada similar","block_context":{"text":"Entrada similar","link":""},"img":{"alt_text":"","src":"https:\/\/i0.wp.com\/libreriaguadalupe.com.ar\/libreria\/wp-content\/uploads\/2023\/02\/MES-DE-LA-BIBLIA-2024-ybiblia.jpg?fit=470%2C470&ssl=1&resize=350%2C200","width":350,"height":200},"classes":[]}],"_links":{"self":[{"href":"https:\/\/libreriaguadalupe.com.ar\/libreria\/wp-json\/wp\/v2\/product\/16879","targetHints":{"allow":["GET"]}}],"collection":[{"href":"https:\/\/libreriaguadalupe.com.ar\/libreria\/wp-json\/wp\/v2\/product"}],"about":[{"href":"https:\/\/libreriaguadalupe.com.ar\/libreria\/wp-json\/wp\/v2\/types\/product"}],"replies":[{"embeddable":true,"href":"https:\/\/libreriaguadalupe.com.ar\/libreria\/wp-json\/wp\/v2\/comments?post=16879"}],"version-history":[{"count":1,"href":"https:\/\/libreriaguadalupe.com.ar\/libreria\/wp-json\/wp\/v2\/product\/16879\/revisions"}],"predecessor-version":[{"id":16881,"href":"https:\/\/libreriaguadalupe.com.ar\/libreria\/wp-json\/wp\/v2\/product\/16879\/revisions\/16881"}],"wp:featuredmedia":[{"embeddable":true,"href":"https:\/\/libreriaguadalupe.com.ar\/libreria\/wp-json\/wp\/v2\/media\/16880"}],"wp:attachment":[{"href":"https:\/\/libreriaguadalupe.com.ar\/libreria\/wp-json\/wp\/v2\/media?parent=16879"}],"wp:term":[{"taxonomy":"product_brand","embeddable":true,"href":"https:\/\/libreriaguadalupe.com.ar\/libreria\/wp-json\/wp\/v2\/product_brand?post=16879"},{"taxonomy":"product_cat","embeddable":true,"href":"https:\/\/libreriaguadalupe.com.ar\/libreria\/wp-json\/wp\/v2\/product_cat?post=16879"},{"taxonomy":"product_tag","embeddable":true,"href":"https:\/\/libreriaguadalupe.com.ar\/libreria\/wp-json\/wp\/v2\/product_tag?post=16879"}],"curies":[{"name":"wp","href":"https:\/\/api.w.org\/{rel}","templated":true}]}}