{"id":16873,"date":"2023-03-23T09:55:55","date_gmt":"2023-03-23T12:55:55","guid":{"rendered":"https:\/\/libreriaguadalupe.com.ar\/libreria\/?post_type=product&#038;p=16873"},"modified":"2025-01-31T11:36:37","modified_gmt":"2025-01-31T14:36:37","slug":"biblia-hebraica-quinta-bhq-5","status":"publish","type":"product","link":"https:\/\/libreriaguadalupe.com.ar\/libreria\/producto\/biblia-hebraica-quinta-bhq-5\/","title":{"rendered":"Biblia Hebraica Quinta (BHQ) \/ 5"},"content":{"rendered":"<p>La edici\u00f3n de\u00a0<i>Biblia Hebraica Quinta<\/i>\u00a0(BHQ) es un ambicioso proyecto cultural destinado a ofrecer una nueva edici\u00f3n exhaustiva y pionera de la Biblia Hebraica ya establecida. La BHQ contiene el texto en hebreo del Antiguo Testamento m\u00e1s la\u00a0<i>masora parva y magna<\/i>\u00a0seg\u00fan el\u00a0<i>Codex Leningradensis<\/i>\u00a0B 19a, incluyendo un aparato cr\u00edtico totalmente revisado y una secci\u00f3n de comentarios en ingl\u00e9s. La secci\u00f3n de comentarios consiste en introducciones a cada uno de los libros b\u00edblicos y tambi\u00e9n comentarios sobre la masora y el aparato cr\u00edtico.<\/p>\n","protected":false},"excerpt":{"rendered":"<p><strong>Deuteronomy<br \/>\nIdioma: hebreo<br \/>\n<\/strong><\/p>\n<p>Autor: Carmel McCarthy<strong><br \/>\n<\/strong>ISBN: 3438052650<br \/>\nDimensiones: 15,8 x 23,7 cm<br \/>\nP\u00e1ginas: 320<\/p>\n","protected":false},"featured_media":16874,"comment_status":"open","ping_status":"closed","template":"","meta":{"jetpack_publicize_message":"","jetpack_publicize_feature_enabled":true,"jetpack_social_post_already_shared":true,"jetpack_social_options":{"image_generator_settings":{"template":"highway","default_image_id":0,"font":"","enabled":false},"version":2}},"product_brand":[],"product_cat":[109],"product_tag":[127],"class_list":{"0":"post-16873","1":"product","2":"type-product","3":"status-publish","4":"has-post-thumbnail","6":"product_cat-verbo-divino","7":"product_tag-editorial-guadalupe-de-argentina","9":"first","10":"instock","11":"shipping-taxable","12":"purchasable","13":"product-type-simple"},"yoast_head":"<!-- This site is optimized with the Yoast SEO plugin v27.4 - https:\/\/yoast.com\/product\/yoast-seo-wordpress\/ -->\n<title>Biblia Hebraica Quinta (BHQ) \/ 5 - Editorial Guadalupe de Argentina<\/title>\n<meta name=\"description\" content=\"La edici\u00f3n de Biblia Hebraica Quinta (BHQ) es un ambicioso proyecto cultural destinado a ofrecer una nueva edici\u00f3n exhaustiva y pionera de la Biblia Hebraica ya establecida. La BHQ contiene el texto en hebreo del Antiguo Testamento m\u00e1s la masora parva y magna seg\u00fan el Codex Leningradensis B 19a, incluyendo un aparato cr\u00edtico totalmente revisado y una secci\u00f3n de comentarios en ingl\u00e9s. La secci\u00f3n de comentarios consiste en introducciones a cada uno de los libros b\u00edblicos y tambi\u00e9n comentarios sobre la masora y el aparato cr\u00edtico.\" \/>\n<meta name=\"robots\" content=\"index, follow, max-snippet:-1, max-image-preview:large, max-video-preview:-1\" \/>\n<link rel=\"canonical\" href=\"https:\/\/libreriaguadalupe.com.ar\/libreria\/producto\/biblia-hebraica-quinta-bhq-5\/\" \/>\n<meta property=\"og:locale\" content=\"es_ES\" \/>\n<meta property=\"og:type\" content=\"article\" \/>\n<meta property=\"og:title\" content=\"Biblia Hebraica Quinta (BHQ) \/ 5 - Editorial Guadalupe de Argentina\" \/>\n<meta property=\"og:description\" content=\"La edici\u00f3n de Biblia Hebraica Quinta (BHQ) es un ambicioso proyecto cultural destinado a ofrecer una nueva edici\u00f3n exhaustiva y pionera de la Biblia Hebraica ya establecida. La BHQ contiene el texto en hebreo del Antiguo Testamento m\u00e1s la masora parva y magna seg\u00fan el Codex Leningradensis B 19a, incluyendo un aparato cr\u00edtico totalmente revisado y una secci\u00f3n de comentarios en ingl\u00e9s. La secci\u00f3n de comentarios consiste en introducciones a cada uno de los libros b\u00edblicos y tambi\u00e9n comentarios sobre la masora y el aparato cr\u00edtico.\" \/>\n<meta property=\"og:url\" content=\"https:\/\/libreriaguadalupe.com.ar\/libreria\/producto\/biblia-hebraica-quinta-bhq-5\/\" \/>\n<meta property=\"og:site_name\" content=\"Editorial Guadalupe de Argentina\" \/>\n<meta property=\"article:publisher\" content=\"https:\/\/www.facebook.com\/LibreriaGuadalupeAR\/\" \/>\n<meta property=\"article:modified_time\" content=\"2025-01-31T14:36:37+00:00\" \/>\n<meta property=\"og:image\" content=\"https:\/\/libreriaguadalupe.com.ar\/libreria\/wp-content\/uploads\/2023\/03\/Biblia-Hebraica-Quinta-5.png\" \/>\n\t<meta property=\"og:image:width\" content=\"200\" \/>\n\t<meta property=\"og:image:height\" content=\"310\" \/>\n\t<meta property=\"og:image:type\" content=\"image\/png\" \/>\n<meta name=\"twitter:card\" content=\"summary_large_image\" \/>\n<meta name=\"twitter:label1\" content=\"Tiempo de lectura\" \/>\n\t<meta name=\"twitter:data1\" content=\"1 minuto\" \/>\n<script type=\"application\/ld+json\" class=\"yoast-schema-graph\">{\"@context\":\"https:\\\/\\\/schema.org\",\"@graph\":[{\"@type\":\"WebPage\",\"@id\":\"https:\\\/\\\/libreriaguadalupe.com.ar\\\/libreria\\\/producto\\\/biblia-hebraica-quinta-bhq-5\\\/\",\"url\":\"https:\\\/\\\/libreriaguadalupe.com.ar\\\/libreria\\\/producto\\\/biblia-hebraica-quinta-bhq-5\\\/\",\"name\":\"Biblia Hebraica Quinta (BHQ) \\\/ 5 - Editorial Guadalupe de Argentina\",\"isPartOf\":{\"@id\":\"https:\\\/\\\/libreriaguadalupe.com.ar\\\/libreria\\\/#website\"},\"primaryImageOfPage\":{\"@id\":\"https:\\\/\\\/libreriaguadalupe.com.ar\\\/libreria\\\/producto\\\/biblia-hebraica-quinta-bhq-5\\\/#primaryimage\"},\"image\":{\"@id\":\"https:\\\/\\\/libreriaguadalupe.com.ar\\\/libreria\\\/producto\\\/biblia-hebraica-quinta-bhq-5\\\/#primaryimage\"},\"thumbnailUrl\":\"https:\\\/\\\/i0.wp.com\\\/libreriaguadalupe.com.ar\\\/libreria\\\/wp-content\\\/uploads\\\/2023\\\/03\\\/Biblia-Hebraica-Quinta-5.png?fit=200%2C310&ssl=1\",\"datePublished\":\"2023-03-23T12:55:55+00:00\",\"dateModified\":\"2025-01-31T14:36:37+00:00\",\"description\":\"La edici\u00f3n de Biblia Hebraica Quinta (BHQ) es un ambicioso proyecto cultural destinado a ofrecer una nueva edici\u00f3n exhaustiva y pionera de la Biblia Hebraica ya establecida. La BHQ contiene el texto en hebreo del Antiguo Testamento m\u00e1s la masora parva y magna seg\u00fan el Codex Leningradensis B 19a, incluyendo un aparato cr\u00edtico totalmente revisado y una secci\u00f3n de comentarios en ingl\u00e9s. La secci\u00f3n de comentarios consiste en introducciones a cada uno de los libros b\u00edblicos y tambi\u00e9n comentarios sobre la masora y el aparato cr\u00edtico.\",\"breadcrumb\":{\"@id\":\"https:\\\/\\\/libreriaguadalupe.com.ar\\\/libreria\\\/producto\\\/biblia-hebraica-quinta-bhq-5\\\/#breadcrumb\"},\"inLanguage\":\"es\",\"potentialAction\":[{\"@type\":\"ReadAction\",\"target\":[\"https:\\\/\\\/libreriaguadalupe.com.ar\\\/libreria\\\/producto\\\/biblia-hebraica-quinta-bhq-5\\\/\"]}]},{\"@type\":\"ImageObject\",\"inLanguage\":\"es\",\"@id\":\"https:\\\/\\\/libreriaguadalupe.com.ar\\\/libreria\\\/producto\\\/biblia-hebraica-quinta-bhq-5\\\/#primaryimage\",\"url\":\"https:\\\/\\\/i0.wp.com\\\/libreriaguadalupe.com.ar\\\/libreria\\\/wp-content\\\/uploads\\\/2023\\\/03\\\/Biblia-Hebraica-Quinta-5.png?fit=200%2C310&ssl=1\",\"contentUrl\":\"https:\\\/\\\/i0.wp.com\\\/libreriaguadalupe.com.ar\\\/libreria\\\/wp-content\\\/uploads\\\/2023\\\/03\\\/Biblia-Hebraica-Quinta-5.png?fit=200%2C310&ssl=1\",\"width\":200,\"height\":310},{\"@type\":\"BreadcrumbList\",\"@id\":\"https:\\\/\\\/libreriaguadalupe.com.ar\\\/libreria\\\/producto\\\/biblia-hebraica-quinta-bhq-5\\\/#breadcrumb\",\"itemListElement\":[{\"@type\":\"ListItem\",\"position\":1,\"name\":\"Portada\",\"item\":\"https:\\\/\\\/libreriaguadalupe.com.ar\\\/libreria\\\/\"},{\"@type\":\"ListItem\",\"position\":2,\"name\":\"Tienda\",\"item\":\"https:\\\/\\\/libreriaguadalupe.com.ar\\\/libreria\\\/\"},{\"@type\":\"ListItem\",\"position\":3,\"name\":\"Biblia Hebraica Quinta (BHQ) \\\/ 5\"}]},{\"@type\":\"WebSite\",\"@id\":\"https:\\\/\\\/libreriaguadalupe.com.ar\\\/libreria\\\/#website\",\"url\":\"https:\\\/\\\/libreriaguadalupe.com.ar\\\/libreria\\\/\",\"name\":\"Editorial Guadalupe de Argentina\",\"description\":\"Congregaci\u00f3n del Verbo Divino\",\"publisher\":{\"@id\":\"https:\\\/\\\/libreriaguadalupe.com.ar\\\/libreria\\\/#organization\"},\"alternateName\":\"Librer\u00eda Guadalupe\",\"potentialAction\":[{\"@type\":\"SearchAction\",\"target\":{\"@type\":\"EntryPoint\",\"urlTemplate\":\"https:\\\/\\\/libreriaguadalupe.com.ar\\\/libreria\\\/?s={search_term_string}\"},\"query-input\":{\"@type\":\"PropertyValueSpecification\",\"valueRequired\":true,\"valueName\":\"search_term_string\"}}],\"inLanguage\":\"es\"},{\"@type\":\"Organization\",\"@id\":\"https:\\\/\\\/libreriaguadalupe.com.ar\\\/libreria\\\/#organization\",\"name\":\"Editorial Guadalupe\",\"alternateName\":\"Librer\u00eda Guadalupe\",\"url\":\"https:\\\/\\\/libreriaguadalupe.com.ar\\\/libreria\\\/\",\"logo\":{\"@type\":\"ImageObject\",\"inLanguage\":\"es\",\"@id\":\"https:\\\/\\\/libreriaguadalupe.com.ar\\\/libreria\\\/#\\\/schema\\\/logo\\\/image\\\/\",\"url\":\"https:\\\/\\\/i0.wp.com\\\/libreriaguadalupe.com.ar\\\/libreria\\\/wp-content\\\/uploads\\\/2023\\\/01\\\/cropped-logo-editorial-guadalupe.webp?fit=500%2C100&ssl=1\",\"contentUrl\":\"https:\\\/\\\/i0.wp.com\\\/libreriaguadalupe.com.ar\\\/libreria\\\/wp-content\\\/uploads\\\/2023\\\/01\\\/cropped-logo-editorial-guadalupe.webp?fit=500%2C100&ssl=1\",\"width\":500,\"height\":100,\"caption\":\"Editorial Guadalupe\"},\"image\":{\"@id\":\"https:\\\/\\\/libreriaguadalupe.com.ar\\\/libreria\\\/#\\\/schema\\\/logo\\\/image\\\/\"},\"sameAs\":[\"https:\\\/\\\/www.facebook.com\\\/LibreriaGuadalupeAR\\\/\",\"https:\\\/\\\/www.instagram.com\\\/editorialguadalupe\\\/\",\"https:\\\/\\\/guadalupeeditorial.mercadoshops.com.ar\\\/\"]}]}<\/script>\n<!-- \/ Yoast SEO plugin. -->","yoast_head_json":{"title":"Biblia Hebraica Quinta (BHQ) \/ 5 - Editorial Guadalupe de Argentina","description":"La edici\u00f3n de Biblia Hebraica Quinta (BHQ) es un ambicioso proyecto cultural destinado a ofrecer una nueva edici\u00f3n exhaustiva y pionera de la Biblia Hebraica ya establecida. La BHQ contiene el texto en hebreo del Antiguo Testamento m\u00e1s la masora parva y magna seg\u00fan el Codex Leningradensis B 19a, incluyendo un aparato cr\u00edtico totalmente revisado y una secci\u00f3n de comentarios en ingl\u00e9s. La secci\u00f3n de comentarios consiste en introducciones a cada uno de los libros b\u00edblicos y tambi\u00e9n comentarios sobre la masora y el aparato cr\u00edtico.","robots":{"index":"index","follow":"follow","max-snippet":"max-snippet:-1","max-image-preview":"max-image-preview:large","max-video-preview":"max-video-preview:-1"},"canonical":"https:\/\/libreriaguadalupe.com.ar\/libreria\/producto\/biblia-hebraica-quinta-bhq-5\/","og_locale":"es_ES","og_type":"article","og_title":"Biblia Hebraica Quinta (BHQ) \/ 5 - Editorial Guadalupe de Argentina","og_description":"La edici\u00f3n de Biblia Hebraica Quinta (BHQ) es un ambicioso proyecto cultural destinado a ofrecer una nueva edici\u00f3n exhaustiva y pionera de la Biblia Hebraica ya establecida. La BHQ contiene el texto en hebreo del Antiguo Testamento m\u00e1s la masora parva y magna seg\u00fan el Codex Leningradensis B 19a, incluyendo un aparato cr\u00edtico totalmente revisado y una secci\u00f3n de comentarios en ingl\u00e9s. La secci\u00f3n de comentarios consiste en introducciones a cada uno de los libros b\u00edblicos y tambi\u00e9n comentarios sobre la masora y el aparato cr\u00edtico.","og_url":"https:\/\/libreriaguadalupe.com.ar\/libreria\/producto\/biblia-hebraica-quinta-bhq-5\/","og_site_name":"Editorial Guadalupe de Argentina","article_publisher":"https:\/\/www.facebook.com\/LibreriaGuadalupeAR\/","article_modified_time":"2025-01-31T14:36:37+00:00","og_image":[{"width":200,"height":310,"url":"https:\/\/libreriaguadalupe.com.ar\/libreria\/wp-content\/uploads\/2023\/03\/Biblia-Hebraica-Quinta-5.png","type":"image\/png"}],"twitter_card":"summary_large_image","twitter_misc":{"Tiempo de lectura":"1 minuto"},"schema":{"@context":"https:\/\/schema.org","@graph":[{"@type":"WebPage","@id":"https:\/\/libreriaguadalupe.com.ar\/libreria\/producto\/biblia-hebraica-quinta-bhq-5\/","url":"https:\/\/libreriaguadalupe.com.ar\/libreria\/producto\/biblia-hebraica-quinta-bhq-5\/","name":"Biblia Hebraica Quinta (BHQ) \/ 5 - Editorial Guadalupe de Argentina","isPartOf":{"@id":"https:\/\/libreriaguadalupe.com.ar\/libreria\/#website"},"primaryImageOfPage":{"@id":"https:\/\/libreriaguadalupe.com.ar\/libreria\/producto\/biblia-hebraica-quinta-bhq-5\/#primaryimage"},"image":{"@id":"https:\/\/libreriaguadalupe.com.ar\/libreria\/producto\/biblia-hebraica-quinta-bhq-5\/#primaryimage"},"thumbnailUrl":"https:\/\/i0.wp.com\/libreriaguadalupe.com.ar\/libreria\/wp-content\/uploads\/2023\/03\/Biblia-Hebraica-Quinta-5.png?fit=200%2C310&ssl=1","datePublished":"2023-03-23T12:55:55+00:00","dateModified":"2025-01-31T14:36:37+00:00","description":"La edici\u00f3n de Biblia Hebraica Quinta (BHQ) es un ambicioso proyecto cultural destinado a ofrecer una nueva edici\u00f3n exhaustiva y pionera de la Biblia Hebraica ya establecida. La BHQ contiene el texto en hebreo del Antiguo Testamento m\u00e1s la masora parva y magna seg\u00fan el Codex Leningradensis B 19a, incluyendo un aparato cr\u00edtico totalmente revisado y una secci\u00f3n de comentarios en ingl\u00e9s. La secci\u00f3n de comentarios consiste en introducciones a cada uno de los libros b\u00edblicos y tambi\u00e9n comentarios sobre la masora y el aparato cr\u00edtico.","breadcrumb":{"@id":"https:\/\/libreriaguadalupe.com.ar\/libreria\/producto\/biblia-hebraica-quinta-bhq-5\/#breadcrumb"},"inLanguage":"es","potentialAction":[{"@type":"ReadAction","target":["https:\/\/libreriaguadalupe.com.ar\/libreria\/producto\/biblia-hebraica-quinta-bhq-5\/"]}]},{"@type":"ImageObject","inLanguage":"es","@id":"https:\/\/libreriaguadalupe.com.ar\/libreria\/producto\/biblia-hebraica-quinta-bhq-5\/#primaryimage","url":"https:\/\/i0.wp.com\/libreriaguadalupe.com.ar\/libreria\/wp-content\/uploads\/2023\/03\/Biblia-Hebraica-Quinta-5.png?fit=200%2C310&ssl=1","contentUrl":"https:\/\/i0.wp.com\/libreriaguadalupe.com.ar\/libreria\/wp-content\/uploads\/2023\/03\/Biblia-Hebraica-Quinta-5.png?fit=200%2C310&ssl=1","width":200,"height":310},{"@type":"BreadcrumbList","@id":"https:\/\/libreriaguadalupe.com.ar\/libreria\/producto\/biblia-hebraica-quinta-bhq-5\/#breadcrumb","itemListElement":[{"@type":"ListItem","position":1,"name":"Portada","item":"https:\/\/libreriaguadalupe.com.ar\/libreria\/"},{"@type":"ListItem","position":2,"name":"Tienda","item":"https:\/\/libreriaguadalupe.com.ar\/libreria\/"},{"@type":"ListItem","position":3,"name":"Biblia Hebraica Quinta (BHQ) \/ 5"}]},{"@type":"WebSite","@id":"https:\/\/libreriaguadalupe.com.ar\/libreria\/#website","url":"https:\/\/libreriaguadalupe.com.ar\/libreria\/","name":"Editorial Guadalupe de Argentina","description":"Congregaci\u00f3n del Verbo Divino","publisher":{"@id":"https:\/\/libreriaguadalupe.com.ar\/libreria\/#organization"},"alternateName":"Librer\u00eda Guadalupe","potentialAction":[{"@type":"SearchAction","target":{"@type":"EntryPoint","urlTemplate":"https:\/\/libreriaguadalupe.com.ar\/libreria\/?s={search_term_string}"},"query-input":{"@type":"PropertyValueSpecification","valueRequired":true,"valueName":"search_term_string"}}],"inLanguage":"es"},{"@type":"Organization","@id":"https:\/\/libreriaguadalupe.com.ar\/libreria\/#organization","name":"Editorial Guadalupe","alternateName":"Librer\u00eda Guadalupe","url":"https:\/\/libreriaguadalupe.com.ar\/libreria\/","logo":{"@type":"ImageObject","inLanguage":"es","@id":"https:\/\/libreriaguadalupe.com.ar\/libreria\/#\/schema\/logo\/image\/","url":"https:\/\/i0.wp.com\/libreriaguadalupe.com.ar\/libreria\/wp-content\/uploads\/2023\/01\/cropped-logo-editorial-guadalupe.webp?fit=500%2C100&ssl=1","contentUrl":"https:\/\/i0.wp.com\/libreriaguadalupe.com.ar\/libreria\/wp-content\/uploads\/2023\/01\/cropped-logo-editorial-guadalupe.webp?fit=500%2C100&ssl=1","width":500,"height":100,"caption":"Editorial Guadalupe"},"image":{"@id":"https:\/\/libreriaguadalupe.com.ar\/libreria\/#\/schema\/logo\/image\/"},"sameAs":["https:\/\/www.facebook.com\/LibreriaGuadalupeAR\/","https:\/\/www.instagram.com\/editorialguadalupe\/","https:\/\/guadalupeeditorial.mercadoshops.com.ar\/"]}]}},"jetpack_publicize_connections":[],"jetpack_sharing_enabled":true,"jetpack-related-posts":[{"id":16867,"url":"https:\/\/libreriaguadalupe.com.ar\/libreria\/producto\/biblia-hebraica-quinta-bhq-13\/","url_meta":{"origin":16873,"position":0},"title":"Biblia Hebraica Quinta (BHQ) \/ 13.","author":"admin","date":"23\/03\/2023","format":false,"excerpt":"The Twelve Minor Prophets Idioma: hebreo Autor: Anthony Gelston ISBN: 3438052735 Dimensiones: 15,8 x 23,7 cm P\u00e1ginas: 320","rel":"","context":"Entrada similar","block_context":{"text":"Entrada similar","link":""},"img":{"alt_text":"","src":"https:\/\/i0.wp.com\/libreriaguadalupe.com.ar\/libreria\/wp-content\/uploads\/2023\/03\/Biblia-Hebraica-Quinta-13.png?fit=200%2C308&ssl=1&resize=350%2C200","width":350,"height":200},"classes":[]},{"id":16870,"url":"https:\/\/libreriaguadalupe.com.ar\/libreria\/producto\/biblia-hebraica-quinta-bhq-20\/","url_meta":{"origin":16873,"position":1},"title":"Biblia Hebraica Quinta (BHQ) \/ 20","author":"admin","date":"23\/03\/2023","format":false,"excerpt":"Ezra and Nehemiah Idioma: hebreo Autor: David Marcus ISBN: 3438052806 Dimensiones: 15,8 x 23,7 cm P\u00e1ginas: 170","rel":"","context":"Entrada similar","block_context":{"text":"Entrada similar","link":""},"img":{"alt_text":"","src":"https:\/\/i0.wp.com\/libreriaguadalupe.com.ar\/libreria\/wp-content\/uploads\/2023\/03\/Biblia-Hebraica-Quinta-20.png?fit=200%2C312&ssl=1&resize=350%2C200","width":350,"height":200},"classes":[]},{"id":16876,"url":"https:\/\/libreriaguadalupe.com.ar\/libreria\/producto\/biblia-hebraica-quinta-bhq-7\/","url_meta":{"origin":16873,"position":2},"title":"Biblia Hebraica Quinta (BHQ) \/ 7","author":"admin","date":"23\/03\/2023","format":false,"excerpt":"Judges Idioma: hebreo Autor: Natalio Fern\u00e1ndez Marcos ISBN: 3438052674 Dimensiones: 15,8 x 23,7 cm P\u00e1ginas: 238","rel":"","context":"Entrada similar","block_context":{"text":"Entrada similar","link":""},"img":{"alt_text":"","src":"https:\/\/i0.wp.com\/libreriaguadalupe.com.ar\/libreria\/wp-content\/uploads\/2023\/03\/Biblia-Hebraica-Quinta-7.png?fit=200%2C307&ssl=1&resize=350%2C200","width":350,"height":200},"classes":[]},{"id":16879,"url":"https:\/\/libreriaguadalupe.com.ar\/libreria\/producto\/biblia-sacra-vulgata\/","url_meta":{"origin":16873,"position":3},"title":"Biblia Sacra Vulgata","author":"admin","date":"23\/03\/2023","format":false,"excerpt":"[Editio quinta] Idioma: Lat\u00edn Autor: Weber-Cryson ISBN: 3438053039 Dimensiones: 13,5 x 18,7 cm P\u00e1ginas: 2032","rel":"","context":"Entrada similar","block_context":{"text":"Entrada similar","link":""},"img":{"alt_text":"","src":"https:\/\/i0.wp.com\/libreriaguadalupe.com.ar\/libreria\/wp-content\/uploads\/2023\/03\/Biblia-Sacra-Vulgata.png?fit=300%2C425&ssl=1&resize=350%2C200","width":350,"height":200},"classes":[]},{"id":16658,"url":"https:\/\/libreriaguadalupe.com.ar\/libreria\/producto\/la-biblia-catolica-para-jovenes\/","url_meta":{"origin":16873,"position":4},"title":"La Biblia Cat\u00f3lica para J\u00f3venes Junior Tapa rustica.","author":"admin","date":"14\/03\/2023","format":false,"excerpt":"edici\u00f3n Misi\u00f3n Junior: una tinta Colecci\u00f3n Biblia Cat\u00f3lica para J\u00f3venes ISBN: 8490731260 Dimensiones: 18 x 12 cm P\u00e1ginas: 1776 Encuadernaci\u00f3n: R\u00fastica, fresada, tapa plastificada gofrada \u00a0","rel":"","context":"Entrada similar","block_context":{"text":"Entrada similar","link":""},"img":{"alt_text":"","src":"https:\/\/i0.wp.com\/libreriaguadalupe.com.ar\/libreria\/wp-content\/uploads\/2023\/03\/MES-DE-LA-BIBLIA-2024-jovenes1.jpg?fit=470%2C470&ssl=1&resize=350%2C200","width":350,"height":200},"classes":[]},{"id":16646,"url":"https:\/\/libreriaguadalupe.com.ar\/libreria\/producto\/la-biblia-catolica-para-la-fe-y-la-vida-tapa-dura\/","url_meta":{"origin":16873,"position":5},"title":"La Biblia Cat\u00f3lica para la Fe y la Vida tapa RUSTICA edici\u00f3n una tinta","author":"admin","date":"14\/03\/2023","format":false,"excerpt":"[edici\u00f3n dos tintas \/ carton\u00e9] Colecci\u00f3n La Biblia Cat\u00f3lica para la Fe y la Vida ISBN: 978-84-9073-420-9 Dimensiones: 24 x 15 cm P\u00e1ginas: 1920 Encuadernaci\u00f3n: tapa dura, cosida, tapa plastificada gofrada mate, con cinta registro, 42 u\u00f1eros \u00a0","rel":"","context":"Entrada similar","block_context":{"text":"Entrada similar","link":""},"img":{"alt_text":"","src":"https:\/\/i0.wp.com\/libreriaguadalupe.com.ar\/libreria\/wp-content\/uploads\/2023\/03\/La-Biblia-Catolica-para-la-Fe-y-la-Vida-unero1.jpeg?fit=380%2C586&ssl=1&resize=350%2C200","width":350,"height":200},"classes":[]}],"_links":{"self":[{"href":"https:\/\/libreriaguadalupe.com.ar\/libreria\/wp-json\/wp\/v2\/product\/16873","targetHints":{"allow":["GET"]}}],"collection":[{"href":"https:\/\/libreriaguadalupe.com.ar\/libreria\/wp-json\/wp\/v2\/product"}],"about":[{"href":"https:\/\/libreriaguadalupe.com.ar\/libreria\/wp-json\/wp\/v2\/types\/product"}],"replies":[{"embeddable":true,"href":"https:\/\/libreriaguadalupe.com.ar\/libreria\/wp-json\/wp\/v2\/comments?post=16873"}],"version-history":[{"count":1,"href":"https:\/\/libreriaguadalupe.com.ar\/libreria\/wp-json\/wp\/v2\/product\/16873\/revisions"}],"predecessor-version":[{"id":16875,"href":"https:\/\/libreriaguadalupe.com.ar\/libreria\/wp-json\/wp\/v2\/product\/16873\/revisions\/16875"}],"wp:featuredmedia":[{"embeddable":true,"href":"https:\/\/libreriaguadalupe.com.ar\/libreria\/wp-json\/wp\/v2\/media\/16874"}],"wp:attachment":[{"href":"https:\/\/libreriaguadalupe.com.ar\/libreria\/wp-json\/wp\/v2\/media?parent=16873"}],"wp:term":[{"taxonomy":"product_brand","embeddable":true,"href":"https:\/\/libreriaguadalupe.com.ar\/libreria\/wp-json\/wp\/v2\/product_brand?post=16873"},{"taxonomy":"product_cat","embeddable":true,"href":"https:\/\/libreriaguadalupe.com.ar\/libreria\/wp-json\/wp\/v2\/product_cat?post=16873"},{"taxonomy":"product_tag","embeddable":true,"href":"https:\/\/libreriaguadalupe.com.ar\/libreria\/wp-json\/wp\/v2\/product_tag?post=16873"}],"curies":[{"name":"wp","href":"https:\/\/api.w.org\/{rel}","templated":true}]}}