{"id":16859,"date":"2023-03-22T20:21:57","date_gmt":"2023-03-22T23:21:57","guid":{"rendered":"https:\/\/libreriaguadalupe.com.ar\/libreria\/?post_type=product&#038;p=16859"},"modified":"2025-02-19T11:35:55","modified_gmt":"2025-02-19T14:35:55","slug":"apocalipsis-vision-de-un-mundo-justo","status":"publish","type":"product","link":"https:\/\/libreriaguadalupe.com.ar\/libreria\/producto\/apocalipsis-vision-de-un-mundo-justo\/","title":{"rendered":"Apocalipsis Visi\u00f3n de un mundo justo"},"content":{"rendered":"<p>Elisabeth Sch\u00fcssler Fiorenza traza un nuevo y provocador camino en la interpretaci\u00f3n del libro del Apocalipsis. Reconoce no s\u00f3lo las deformaciones ideol\u00f3gicas, sino tambi\u00e9n la situaci\u00f3n sociopol\u00edtica del Apocalipsis. De esta manera, abre al lector el mundo de la visi\u00f3n de este impactante libro del nuevo Testamento.<\/p>\n<p>Este libro est\u00e1 dividido en tres partes: (1) una introducci\u00f3n centrada en la situaci\u00f3n social y en el an\u00e1lisis ret\u00f3rico; (2) el comentario; y (3) una lectura ret\u00f3rica teo-\u00e9tica del mundo visionario del libro del Apocalipsis bajo apartados como \u00abImperio\u00bb, \u00abTribulaci\u00f3n\u00bb, \u00abResistencia\u00bb y \u00abVoces rivales\u00bb.<\/p>\n<p>Seg\u00fan Elisabeth Sch\u00fcssler Fiorenza: \u00abMi propia lectura del Apocalipsis se sit\u00faa en el horizonte tanto de los estudios b\u00edblicos acad\u00e9micos como de los discursos liberacionistas y teol\u00f3gico-feministas. Trato as\u00ed de hacer una interpretaci\u00f3n pol\u00edtico-feminista y una evaluaci\u00f3n teo-\u00e9tica de este fascinante libro de la Biblia\u00bb.<\/p>\n","protected":false},"excerpt":{"rendered":"<p><strong>Visi\u00f3n de un mundo justo<\/strong><\/p>\n<p>Autor: Elisabeth Sch\u00fcssler Fiorenza<strong><br \/>\n<\/strong>ISBN: 8499451350<br \/>\nDimensiones: 15 x 23 cm<br \/>\nP\u00e1ginas: 220<\/p>\n","protected":false},"featured_media":16860,"comment_status":"open","ping_status":"closed","template":"","meta":{"jetpack_publicize_message":"","jetpack_publicize_feature_enabled":true,"jetpack_social_post_already_shared":true,"jetpack_social_options":{"image_generator_settings":{"template":"highway","default_image_id":0,"font":"","enabled":false},"version":2}},"product_brand":[],"product_cat":[109],"product_tag":[127],"class_list":{"0":"post-16859","1":"product","2":"type-product","3":"status-publish","4":"has-post-thumbnail","6":"product_cat-verbo-divino","7":"product_tag-editorial-guadalupe-de-argentina","9":"first","10":"instock","11":"shipping-taxable","12":"purchasable","13":"product-type-simple"},"yoast_head":"<!-- This site is optimized with the Yoast SEO plugin v27.4 - https:\/\/yoast.com\/product\/yoast-seo-wordpress\/ -->\n<title>Apocalipsis Visi\u00f3n de un mundo justo - Editorial Guadalupe de Argentina<\/title>\n<meta name=\"description\" content=\"Elisabeth Sch\u00fcssler Fiorenza traza un nuevo y provocador camino en la interpretaci\u00f3n del libro del Apocalipsis. Reconoce no s\u00f3lo las deformaciones ideol\u00f3gicas, sino tambi\u00e9n la situaci\u00f3n sociopol\u00edtica del Apocalipsis. De esta manera, abre al lector el mundo de la visi\u00f3n de este impactante libro del nuevo Testamento.\" \/>\n<meta name=\"robots\" content=\"index, follow, max-snippet:-1, max-image-preview:large, max-video-preview:-1\" \/>\n<link rel=\"canonical\" href=\"https:\/\/libreriaguadalupe.com.ar\/libreria\/producto\/apocalipsis-vision-de-un-mundo-justo\/\" \/>\n<meta property=\"og:locale\" content=\"es_ES\" \/>\n<meta property=\"og:type\" content=\"article\" \/>\n<meta property=\"og:title\" content=\"Apocalipsis Visi\u00f3n de un mundo justo - Editorial Guadalupe de Argentina\" \/>\n<meta property=\"og:description\" content=\"Elisabeth Sch\u00fcssler Fiorenza traza un nuevo y provocador camino en la interpretaci\u00f3n del libro del Apocalipsis. Reconoce no s\u00f3lo las deformaciones ideol\u00f3gicas, sino tambi\u00e9n la situaci\u00f3n sociopol\u00edtica del Apocalipsis. De esta manera, abre al lector el mundo de la visi\u00f3n de este impactante libro del nuevo Testamento.\" \/>\n<meta property=\"og:url\" content=\"https:\/\/libreriaguadalupe.com.ar\/libreria\/producto\/apocalipsis-vision-de-un-mundo-justo\/\" \/>\n<meta property=\"og:site_name\" content=\"Editorial Guadalupe de Argentina\" \/>\n<meta property=\"article:publisher\" content=\"https:\/\/www.facebook.com\/LibreriaGuadalupeAR\/\" \/>\n<meta property=\"article:modified_time\" content=\"2025-02-19T14:35:55+00:00\" \/>\n<meta property=\"og:image\" content=\"https:\/\/libreriaguadalupe.com.ar\/libreria\/wp-content\/uploads\/2023\/03\/Apocalipsis.jpg\" \/>\n\t<meta property=\"og:image:width\" content=\"380\" \/>\n\t<meta property=\"og:image:height\" content=\"586\" \/>\n\t<meta property=\"og:image:type\" content=\"image\/jpeg\" \/>\n<meta name=\"twitter:card\" content=\"summary_large_image\" \/>\n<meta name=\"twitter:label1\" content=\"Tiempo de lectura\" \/>\n\t<meta name=\"twitter:data1\" content=\"1 minuto\" \/>\n<script type=\"application\/ld+json\" class=\"yoast-schema-graph\">{\"@context\":\"https:\\\/\\\/schema.org\",\"@graph\":[{\"@type\":\"WebPage\",\"@id\":\"https:\\\/\\\/libreriaguadalupe.com.ar\\\/libreria\\\/producto\\\/apocalipsis-vision-de-un-mundo-justo\\\/\",\"url\":\"https:\\\/\\\/libreriaguadalupe.com.ar\\\/libreria\\\/producto\\\/apocalipsis-vision-de-un-mundo-justo\\\/\",\"name\":\"Apocalipsis Visi\u00f3n de un mundo justo - Editorial Guadalupe de Argentina\",\"isPartOf\":{\"@id\":\"https:\\\/\\\/libreriaguadalupe.com.ar\\\/libreria\\\/#website\"},\"primaryImageOfPage\":{\"@id\":\"https:\\\/\\\/libreriaguadalupe.com.ar\\\/libreria\\\/producto\\\/apocalipsis-vision-de-un-mundo-justo\\\/#primaryimage\"},\"image\":{\"@id\":\"https:\\\/\\\/libreriaguadalupe.com.ar\\\/libreria\\\/producto\\\/apocalipsis-vision-de-un-mundo-justo\\\/#primaryimage\"},\"thumbnailUrl\":\"https:\\\/\\\/i0.wp.com\\\/libreriaguadalupe.com.ar\\\/libreria\\\/wp-content\\\/uploads\\\/2023\\\/03\\\/Apocalipsis.jpg?fit=380%2C586&ssl=1\",\"datePublished\":\"2023-03-22T23:21:57+00:00\",\"dateModified\":\"2025-02-19T14:35:55+00:00\",\"description\":\"Elisabeth Sch\u00fcssler Fiorenza traza un nuevo y provocador camino en la interpretaci\u00f3n del libro del Apocalipsis. Reconoce no s\u00f3lo las deformaciones ideol\u00f3gicas, sino tambi\u00e9n la situaci\u00f3n sociopol\u00edtica del Apocalipsis. De esta manera, abre al lector el mundo de la visi\u00f3n de este impactante libro del nuevo Testamento.\",\"breadcrumb\":{\"@id\":\"https:\\\/\\\/libreriaguadalupe.com.ar\\\/libreria\\\/producto\\\/apocalipsis-vision-de-un-mundo-justo\\\/#breadcrumb\"},\"inLanguage\":\"es\",\"potentialAction\":[{\"@type\":\"ReadAction\",\"target\":[\"https:\\\/\\\/libreriaguadalupe.com.ar\\\/libreria\\\/producto\\\/apocalipsis-vision-de-un-mundo-justo\\\/\"]}]},{\"@type\":\"ImageObject\",\"inLanguage\":\"es\",\"@id\":\"https:\\\/\\\/libreriaguadalupe.com.ar\\\/libreria\\\/producto\\\/apocalipsis-vision-de-un-mundo-justo\\\/#primaryimage\",\"url\":\"https:\\\/\\\/i0.wp.com\\\/libreriaguadalupe.com.ar\\\/libreria\\\/wp-content\\\/uploads\\\/2023\\\/03\\\/Apocalipsis.jpg?fit=380%2C586&ssl=1\",\"contentUrl\":\"https:\\\/\\\/i0.wp.com\\\/libreriaguadalupe.com.ar\\\/libreria\\\/wp-content\\\/uploads\\\/2023\\\/03\\\/Apocalipsis.jpg?fit=380%2C586&ssl=1\",\"width\":380,\"height\":586},{\"@type\":\"BreadcrumbList\",\"@id\":\"https:\\\/\\\/libreriaguadalupe.com.ar\\\/libreria\\\/producto\\\/apocalipsis-vision-de-un-mundo-justo\\\/#breadcrumb\",\"itemListElement\":[{\"@type\":\"ListItem\",\"position\":1,\"name\":\"Portada\",\"item\":\"https:\\\/\\\/libreriaguadalupe.com.ar\\\/libreria\\\/\"},{\"@type\":\"ListItem\",\"position\":2,\"name\":\"Tienda\",\"item\":\"https:\\\/\\\/libreriaguadalupe.com.ar\\\/libreria\\\/\"},{\"@type\":\"ListItem\",\"position\":3,\"name\":\"Apocalipsis Visi\u00f3n de un mundo justo\"}]},{\"@type\":\"WebSite\",\"@id\":\"https:\\\/\\\/libreriaguadalupe.com.ar\\\/libreria\\\/#website\",\"url\":\"https:\\\/\\\/libreriaguadalupe.com.ar\\\/libreria\\\/\",\"name\":\"Editorial Guadalupe de Argentina\",\"description\":\"Congregaci\u00f3n del Verbo Divino\",\"publisher\":{\"@id\":\"https:\\\/\\\/libreriaguadalupe.com.ar\\\/libreria\\\/#organization\"},\"alternateName\":\"Librer\u00eda Guadalupe\",\"potentialAction\":[{\"@type\":\"SearchAction\",\"target\":{\"@type\":\"EntryPoint\",\"urlTemplate\":\"https:\\\/\\\/libreriaguadalupe.com.ar\\\/libreria\\\/?s={search_term_string}\"},\"query-input\":{\"@type\":\"PropertyValueSpecification\",\"valueRequired\":true,\"valueName\":\"search_term_string\"}}],\"inLanguage\":\"es\"},{\"@type\":\"Organization\",\"@id\":\"https:\\\/\\\/libreriaguadalupe.com.ar\\\/libreria\\\/#organization\",\"name\":\"Editorial Guadalupe\",\"alternateName\":\"Librer\u00eda Guadalupe\",\"url\":\"https:\\\/\\\/libreriaguadalupe.com.ar\\\/libreria\\\/\",\"logo\":{\"@type\":\"ImageObject\",\"inLanguage\":\"es\",\"@id\":\"https:\\\/\\\/libreriaguadalupe.com.ar\\\/libreria\\\/#\\\/schema\\\/logo\\\/image\\\/\",\"url\":\"https:\\\/\\\/i0.wp.com\\\/libreriaguadalupe.com.ar\\\/libreria\\\/wp-content\\\/uploads\\\/2023\\\/01\\\/cropped-logo-editorial-guadalupe.webp?fit=500%2C100&ssl=1\",\"contentUrl\":\"https:\\\/\\\/i0.wp.com\\\/libreriaguadalupe.com.ar\\\/libreria\\\/wp-content\\\/uploads\\\/2023\\\/01\\\/cropped-logo-editorial-guadalupe.webp?fit=500%2C100&ssl=1\",\"width\":500,\"height\":100,\"caption\":\"Editorial Guadalupe\"},\"image\":{\"@id\":\"https:\\\/\\\/libreriaguadalupe.com.ar\\\/libreria\\\/#\\\/schema\\\/logo\\\/image\\\/\"},\"sameAs\":[\"https:\\\/\\\/www.facebook.com\\\/LibreriaGuadalupeAR\\\/\",\"https:\\\/\\\/www.instagram.com\\\/editorialguadalupe\\\/\",\"https:\\\/\\\/guadalupeeditorial.mercadoshops.com.ar\\\/\"]}]}<\/script>\n<!-- \/ Yoast SEO plugin. -->","yoast_head_json":{"title":"Apocalipsis Visi\u00f3n de un mundo justo - Editorial Guadalupe de Argentina","description":"Elisabeth Sch\u00fcssler Fiorenza traza un nuevo y provocador camino en la interpretaci\u00f3n del libro del Apocalipsis. Reconoce no s\u00f3lo las deformaciones ideol\u00f3gicas, sino tambi\u00e9n la situaci\u00f3n sociopol\u00edtica del Apocalipsis. De esta manera, abre al lector el mundo de la visi\u00f3n de este impactante libro del nuevo Testamento.","robots":{"index":"index","follow":"follow","max-snippet":"max-snippet:-1","max-image-preview":"max-image-preview:large","max-video-preview":"max-video-preview:-1"},"canonical":"https:\/\/libreriaguadalupe.com.ar\/libreria\/producto\/apocalipsis-vision-de-un-mundo-justo\/","og_locale":"es_ES","og_type":"article","og_title":"Apocalipsis Visi\u00f3n de un mundo justo - Editorial Guadalupe de Argentina","og_description":"Elisabeth Sch\u00fcssler Fiorenza traza un nuevo y provocador camino en la interpretaci\u00f3n del libro del Apocalipsis. Reconoce no s\u00f3lo las deformaciones ideol\u00f3gicas, sino tambi\u00e9n la situaci\u00f3n sociopol\u00edtica del Apocalipsis. De esta manera, abre al lector el mundo de la visi\u00f3n de este impactante libro del nuevo Testamento.","og_url":"https:\/\/libreriaguadalupe.com.ar\/libreria\/producto\/apocalipsis-vision-de-un-mundo-justo\/","og_site_name":"Editorial Guadalupe de Argentina","article_publisher":"https:\/\/www.facebook.com\/LibreriaGuadalupeAR\/","article_modified_time":"2025-02-19T14:35:55+00:00","og_image":[{"width":380,"height":586,"url":"https:\/\/libreriaguadalupe.com.ar\/libreria\/wp-content\/uploads\/2023\/03\/Apocalipsis.jpg","type":"image\/jpeg"}],"twitter_card":"summary_large_image","twitter_misc":{"Tiempo de lectura":"1 minuto"},"schema":{"@context":"https:\/\/schema.org","@graph":[{"@type":"WebPage","@id":"https:\/\/libreriaguadalupe.com.ar\/libreria\/producto\/apocalipsis-vision-de-un-mundo-justo\/","url":"https:\/\/libreriaguadalupe.com.ar\/libreria\/producto\/apocalipsis-vision-de-un-mundo-justo\/","name":"Apocalipsis Visi\u00f3n de un mundo justo - Editorial Guadalupe de Argentina","isPartOf":{"@id":"https:\/\/libreriaguadalupe.com.ar\/libreria\/#website"},"primaryImageOfPage":{"@id":"https:\/\/libreriaguadalupe.com.ar\/libreria\/producto\/apocalipsis-vision-de-un-mundo-justo\/#primaryimage"},"image":{"@id":"https:\/\/libreriaguadalupe.com.ar\/libreria\/producto\/apocalipsis-vision-de-un-mundo-justo\/#primaryimage"},"thumbnailUrl":"https:\/\/i0.wp.com\/libreriaguadalupe.com.ar\/libreria\/wp-content\/uploads\/2023\/03\/Apocalipsis.jpg?fit=380%2C586&ssl=1","datePublished":"2023-03-22T23:21:57+00:00","dateModified":"2025-02-19T14:35:55+00:00","description":"Elisabeth Sch\u00fcssler Fiorenza traza un nuevo y provocador camino en la interpretaci\u00f3n del libro del Apocalipsis. Reconoce no s\u00f3lo las deformaciones ideol\u00f3gicas, sino tambi\u00e9n la situaci\u00f3n sociopol\u00edtica del Apocalipsis. De esta manera, abre al lector el mundo de la visi\u00f3n de este impactante libro del nuevo Testamento.","breadcrumb":{"@id":"https:\/\/libreriaguadalupe.com.ar\/libreria\/producto\/apocalipsis-vision-de-un-mundo-justo\/#breadcrumb"},"inLanguage":"es","potentialAction":[{"@type":"ReadAction","target":["https:\/\/libreriaguadalupe.com.ar\/libreria\/producto\/apocalipsis-vision-de-un-mundo-justo\/"]}]},{"@type":"ImageObject","inLanguage":"es","@id":"https:\/\/libreriaguadalupe.com.ar\/libreria\/producto\/apocalipsis-vision-de-un-mundo-justo\/#primaryimage","url":"https:\/\/i0.wp.com\/libreriaguadalupe.com.ar\/libreria\/wp-content\/uploads\/2023\/03\/Apocalipsis.jpg?fit=380%2C586&ssl=1","contentUrl":"https:\/\/i0.wp.com\/libreriaguadalupe.com.ar\/libreria\/wp-content\/uploads\/2023\/03\/Apocalipsis.jpg?fit=380%2C586&ssl=1","width":380,"height":586},{"@type":"BreadcrumbList","@id":"https:\/\/libreriaguadalupe.com.ar\/libreria\/producto\/apocalipsis-vision-de-un-mundo-justo\/#breadcrumb","itemListElement":[{"@type":"ListItem","position":1,"name":"Portada","item":"https:\/\/libreriaguadalupe.com.ar\/libreria\/"},{"@type":"ListItem","position":2,"name":"Tienda","item":"https:\/\/libreriaguadalupe.com.ar\/libreria\/"},{"@type":"ListItem","position":3,"name":"Apocalipsis Visi\u00f3n de un mundo justo"}]},{"@type":"WebSite","@id":"https:\/\/libreriaguadalupe.com.ar\/libreria\/#website","url":"https:\/\/libreriaguadalupe.com.ar\/libreria\/","name":"Editorial Guadalupe de Argentina","description":"Congregaci\u00f3n del Verbo Divino","publisher":{"@id":"https:\/\/libreriaguadalupe.com.ar\/libreria\/#organization"},"alternateName":"Librer\u00eda Guadalupe","potentialAction":[{"@type":"SearchAction","target":{"@type":"EntryPoint","urlTemplate":"https:\/\/libreriaguadalupe.com.ar\/libreria\/?s={search_term_string}"},"query-input":{"@type":"PropertyValueSpecification","valueRequired":true,"valueName":"search_term_string"}}],"inLanguage":"es"},{"@type":"Organization","@id":"https:\/\/libreriaguadalupe.com.ar\/libreria\/#organization","name":"Editorial Guadalupe","alternateName":"Librer\u00eda Guadalupe","url":"https:\/\/libreriaguadalupe.com.ar\/libreria\/","logo":{"@type":"ImageObject","inLanguage":"es","@id":"https:\/\/libreriaguadalupe.com.ar\/libreria\/#\/schema\/logo\/image\/","url":"https:\/\/i0.wp.com\/libreriaguadalupe.com.ar\/libreria\/wp-content\/uploads\/2023\/01\/cropped-logo-editorial-guadalupe.webp?fit=500%2C100&ssl=1","contentUrl":"https:\/\/i0.wp.com\/libreriaguadalupe.com.ar\/libreria\/wp-content\/uploads\/2023\/01\/cropped-logo-editorial-guadalupe.webp?fit=500%2C100&ssl=1","width":500,"height":100,"caption":"Editorial Guadalupe"},"image":{"@id":"https:\/\/libreriaguadalupe.com.ar\/libreria\/#\/schema\/logo\/image\/"},"sameAs":["https:\/\/www.facebook.com\/LibreriaGuadalupeAR\/","https:\/\/www.instagram.com\/editorialguadalupe\/","https:\/\/guadalupeeditorial.mercadoshops.com.ar\/"]}]}},"jetpack_publicize_connections":[],"jetpack_sharing_enabled":true,"jetpack-related-posts":[{"id":16051,"url":"https:\/\/libreriaguadalupe.com.ar\/libreria\/producto\/apocalipsis-para-tiempos-de-crisis\/","url_meta":{"origin":16859,"position":0},"title":"Apocalipsis para tiempos de crisis","author":"admin","date":"12\/02\/2023","format":false,"excerpt":"Pistas de lectura para una mejor comprensi\u00f3n del libro m\u00e1s dif\u00edcil de la Biblia AUTOR: PABLO VERNOLA ISBN: 9505008261","rel":"","context":"Entrada similar","block_context":{"text":"Entrada similar","link":""},"img":{"alt_text":"","src":"https:\/\/i0.wp.com\/libreriaguadalupe.com.ar\/libreria\/wp-content\/uploads\/2023\/02\/Apocalipsis-para-tiempos-de-crisis.webp?fit=356%2C500&ssl=1&resize=350%2C200","width":350,"height":200},"classes":[]},{"id":16854,"url":"https:\/\/libreriaguadalupe.com.ar\/libreria\/producto\/apocalipsis-contra-imperio\/","url_meta":{"origin":16859,"position":1},"title":"APOCALIPSIS CONTRA IMPERIO","author":"admin","date":"22\/03\/2023","format":false,"excerpt":"Teolog\u00edas de resistencia en el juda\u00edsmo antiguo Autor: Anathea E. Portier-Young ISBN: 8490732700 Dimensiones: 15 x 23 cm P\u00e1ginas: 704","rel":"","context":"Entrada similar","block_context":{"text":"Entrada similar","link":""},"img":{"alt_text":"","src":"https:\/\/i0.wp.com\/libreriaguadalupe.com.ar\/libreria\/wp-content\/uploads\/2023\/03\/APOCALIPSIS-CONTRA-IMPERIO.jpg?fit=380%2C586&ssl=1&resize=350%2C200","width":350,"height":200},"classes":[]},{"id":12567,"url":"https:\/\/libreriaguadalupe.com.ar\/libreria\/producto\/tened-cuidado-y-guardaos-de-toda-codicia\/","url_meta":{"origin":16859,"position":2},"title":"Tened Cuidado y guardaos de toda codicia","author":"admin","date":"18\/01\/2023","format":false,"excerpt":"Hacia una interpretaci\u00f3n conciliadora del tema riqueza-pobreza en Lc-Hch a partir del an\u00e1lisis socio-ret\u00f3rico de Lc 12,13-34 Autor: Pedro Vicente Cabello Morales ISBN: 8499451503 Dimensiones: 16 x 24 cm P\u00e1ginas: 448","rel":"","context":"Entrada similar","block_context":{"text":"Entrada similar","link":""},"img":{"alt_text":"","src":"https:\/\/i0.wp.com\/libreriaguadalupe.com.ar\/libreria\/wp-content\/uploads\/2023\/01\/Tened-cuidado-y-guardaos-de-toda-codicia.jpg?fit=380%2C586&ssl=1&resize=350%2C200","width":350,"height":200},"classes":[]},{"id":12890,"url":"https:\/\/libreriaguadalupe.com.ar\/libreria\/producto\/escritos-joanicos-y-cartas-catolicas\/","url_meta":{"origin":16859,"position":3},"title":"Escritos joanicos y cartas catolicas","author":"admin","date":"18\/01\/2023","format":false,"excerpt":"Autor: Josep Oriol Tu\u00f1\u00ed Vancells, Xavier Alegre Santamar\u00eda ISBN: 8471519092 Dimensiones: 16 x 24 cm P\u00e1ginas: 424","rel":"","context":"Entrada similar","block_context":{"text":"Entrada similar","link":""},"img":{"alt_text":"","src":"https:\/\/i0.wp.com\/libreriaguadalupe.com.ar\/libreria\/wp-content\/uploads\/2023\/01\/Escritos-joanicos-y-cartas-catolicas.jpg?fit=380%2C586&ssl=1&resize=350%2C200","width":350,"height":200},"classes":[]},{"id":16879,"url":"https:\/\/libreriaguadalupe.com.ar\/libreria\/producto\/biblia-sacra-vulgata\/","url_meta":{"origin":16859,"position":4},"title":"Biblia Sacra Vulgata","author":"admin","date":"23\/03\/2023","format":false,"excerpt":"[Editio quinta] Idioma: Lat\u00edn Autor: Weber-Cryson ISBN: 3438053039 Dimensiones: 13,5 x 18,7 cm P\u00e1ginas: 2032","rel":"","context":"Entrada similar","block_context":{"text":"Entrada similar","link":""},"img":{"alt_text":"","src":"https:\/\/i0.wp.com\/libreriaguadalupe.com.ar\/libreria\/wp-content\/uploads\/2023\/03\/Biblia-Sacra-Vulgata.png?fit=300%2C425&ssl=1&resize=350%2C200","width":350,"height":200},"classes":[]},{"id":15545,"url":"https:\/\/libreriaguadalupe.com.ar\/libreria\/producto\/mi-biblia-ilustrada-infantil-de-bolsillo-edicion-tapa-dura-bolsillo\/","url_meta":{"origin":16859,"position":5},"title":"Mi Biblia. Ilustrada infantil","author":"admin","date":"07\/02\/2023","format":false,"excerpt":"[bolsillo - TAPA DURA - infantil] Versi\u00f3n bolsillo con cubierta en carton\u00e9 ilustrada especialmente para ni\u00f1os. AUTOR: EVD ISBN: 8490732588","rel":"","context":"Entrada similar","block_context":{"text":"Entrada similar","link":""},"img":{"alt_text":"","src":"https:\/\/i0.wp.com\/libreriaguadalupe.com.ar\/libreria\/wp-content\/uploads\/1674\/33\/1260.jpg?fit=300%2C450&ssl=1&resize=350%2C200","width":350,"height":200},"classes":[]}],"_links":{"self":[{"href":"https:\/\/libreriaguadalupe.com.ar\/libreria\/wp-json\/wp\/v2\/product\/16859","targetHints":{"allow":["GET"]}}],"collection":[{"href":"https:\/\/libreriaguadalupe.com.ar\/libreria\/wp-json\/wp\/v2\/product"}],"about":[{"href":"https:\/\/libreriaguadalupe.com.ar\/libreria\/wp-json\/wp\/v2\/types\/product"}],"replies":[{"embeddable":true,"href":"https:\/\/libreriaguadalupe.com.ar\/libreria\/wp-json\/wp\/v2\/comments?post=16859"}],"version-history":[{"count":1,"href":"https:\/\/libreriaguadalupe.com.ar\/libreria\/wp-json\/wp\/v2\/product\/16859\/revisions"}],"predecessor-version":[{"id":16861,"href":"https:\/\/libreriaguadalupe.com.ar\/libreria\/wp-json\/wp\/v2\/product\/16859\/revisions\/16861"}],"wp:featuredmedia":[{"embeddable":true,"href":"https:\/\/libreriaguadalupe.com.ar\/libreria\/wp-json\/wp\/v2\/media\/16860"}],"wp:attachment":[{"href":"https:\/\/libreriaguadalupe.com.ar\/libreria\/wp-json\/wp\/v2\/media?parent=16859"}],"wp:term":[{"taxonomy":"product_brand","embeddable":true,"href":"https:\/\/libreriaguadalupe.com.ar\/libreria\/wp-json\/wp\/v2\/product_brand?post=16859"},{"taxonomy":"product_cat","embeddable":true,"href":"https:\/\/libreriaguadalupe.com.ar\/libreria\/wp-json\/wp\/v2\/product_cat?post=16859"},{"taxonomy":"product_tag","embeddable":true,"href":"https:\/\/libreriaguadalupe.com.ar\/libreria\/wp-json\/wp\/v2\/product_tag?post=16859"}],"curies":[{"name":"wp","href":"https:\/\/api.w.org\/{rel}","templated":true}]}}