{"id":16854,"date":"2023-03-22T20:11:16","date_gmt":"2023-03-22T23:11:16","guid":{"rendered":"https:\/\/libreriaguadalupe.com.ar\/libreria\/?post_type=product&#038;p=16854"},"modified":"2025-02-04T11:24:33","modified_gmt":"2025-02-04T14:24:33","slug":"apocalipsis-contra-imperio","status":"publish","type":"product","link":"https:\/\/libreriaguadalupe.com.ar\/libreria\/producto\/apocalipsis-contra-imperio\/","title":{"rendered":"APOCALIPSIS CONTRA IMPERIO"},"content":{"rendered":"<p>Anathea E. Portier-Young profundiza en el significado de \u00abimperio\u00bb, en los m\u00e9todos utilizados por los imperios y en las formas de resistencia que ellos generan. Luego, aplica las percepciones logradas a las fuentes del contexto hist\u00f3rico en que surgieron los primeros apocalipsis jud\u00edos y a los textos mismos. El resultado es una novedosa e impresionante explicaci\u00f3n de Daniel y de dos textos hen\u00f3quicos: el Apocalipsis de las semanas y el Libro de los Sue\u00f1os.<\/p>\n<p>Utilizando m\u00e9todos desarrollados por cient\u00edficos sociales para el an\u00e1lisis del terror de Estado y las estrategias de resistencia frente a \u00e9l, Portier-Young trae a la actualidad antiguas realidades del terror de Estado sel\u00e9ucida en Judea, con una viveza que pocos historiadores han logrado.<\/p>\n<p>Un punto de referencia para futuros estudios, que necesariamente deber\u00e1 ser tenido en cuenta.<\/p>\n","protected":false},"excerpt":{"rendered":"<p><strong>Teolog\u00edas de resistencia en el juda\u00edsmo antiguo<\/strong><\/p>\n<p>Autor: Anathea E. Portier-Young<strong><br \/>\n<\/strong>ISBN: 8490732700<br \/>\nDimensiones: 15 x 23 cm<br \/>\nP\u00e1ginas: 704<\/p>\n","protected":false},"featured_media":16855,"comment_status":"open","ping_status":"closed","template":"","meta":{"jetpack_publicize_message":"","jetpack_publicize_feature_enabled":true,"jetpack_social_post_already_shared":true,"jetpack_social_options":{"image_generator_settings":{"template":"highway","default_image_id":0,"font":"","enabled":false},"version":2}},"product_brand":[],"product_cat":[109],"product_tag":[127],"class_list":{"0":"post-16854","1":"product","2":"type-product","3":"status-publish","4":"has-post-thumbnail","6":"product_cat-verbo-divino","7":"product_tag-editorial-guadalupe-de-argentina","9":"first","10":"instock","11":"shipping-taxable","12":"purchasable","13":"product-type-simple"},"yoast_head":"<!-- This site is optimized with the Yoast SEO plugin v27.4 - https:\/\/yoast.com\/product\/yoast-seo-wordpress\/ -->\n<title>APOCALIPSIS CONTRA IMPERIO - Editorial Guadalupe de Argentina<\/title>\n<meta name=\"description\" content=\"Anathea E. Portier-Young profundiza en el significado de &quot;imperio&quot;, en los m\u00e9todos utilizados por los imperios y en las formas de resistencia que ellos generan. Luego, aplica las percepciones logradas a las fuentes del contexto hist\u00f3rico en que surgieron los primeros apocalipsis jud\u00edos y a los textos mismos. El resultado es una novedosa e impresionante explicaci\u00f3n de Daniel y de dos textos hen\u00f3quicos: el Apocalipsis de las semanas y el Libro de los Sue\u00f1os.\" \/>\n<meta name=\"robots\" content=\"index, follow, max-snippet:-1, max-image-preview:large, max-video-preview:-1\" \/>\n<link rel=\"canonical\" href=\"https:\/\/libreriaguadalupe.com.ar\/libreria\/producto\/apocalipsis-contra-imperio\/\" \/>\n<meta property=\"og:locale\" content=\"es_ES\" \/>\n<meta property=\"og:type\" content=\"article\" \/>\n<meta property=\"og:title\" content=\"APOCALIPSIS CONTRA IMPERIO - Editorial Guadalupe de Argentina\" \/>\n<meta property=\"og:description\" content=\"Anathea E. Portier-Young profundiza en el significado de &quot;imperio&quot;, en los m\u00e9todos utilizados por los imperios y en las formas de resistencia que ellos generan. Luego, aplica las percepciones logradas a las fuentes del contexto hist\u00f3rico en que surgieron los primeros apocalipsis jud\u00edos y a los textos mismos. El resultado es una novedosa e impresionante explicaci\u00f3n de Daniel y de dos textos hen\u00f3quicos: el Apocalipsis de las semanas y el Libro de los Sue\u00f1os.\" \/>\n<meta property=\"og:url\" content=\"https:\/\/libreriaguadalupe.com.ar\/libreria\/producto\/apocalipsis-contra-imperio\/\" \/>\n<meta property=\"og:site_name\" content=\"Editorial Guadalupe de Argentina\" \/>\n<meta property=\"article:publisher\" content=\"https:\/\/www.facebook.com\/LibreriaGuadalupeAR\/\" \/>\n<meta property=\"article:modified_time\" content=\"2025-02-04T14:24:33+00:00\" \/>\n<meta property=\"og:image\" content=\"https:\/\/libreriaguadalupe.com.ar\/libreria\/wp-content\/uploads\/2023\/03\/APOCALIPSIS-CONTRA-IMPERIO.jpg\" \/>\n\t<meta property=\"og:image:width\" content=\"380\" \/>\n\t<meta property=\"og:image:height\" content=\"586\" \/>\n\t<meta property=\"og:image:type\" content=\"image\/jpeg\" \/>\n<meta name=\"twitter:card\" content=\"summary_large_image\" \/>\n<meta name=\"twitter:label1\" content=\"Tiempo de lectura\" \/>\n\t<meta name=\"twitter:data1\" content=\"1 minuto\" \/>\n<script type=\"application\/ld+json\" class=\"yoast-schema-graph\">{\"@context\":\"https:\\\/\\\/schema.org\",\"@graph\":[{\"@type\":\"WebPage\",\"@id\":\"https:\\\/\\\/libreriaguadalupe.com.ar\\\/libreria\\\/producto\\\/apocalipsis-contra-imperio\\\/\",\"url\":\"https:\\\/\\\/libreriaguadalupe.com.ar\\\/libreria\\\/producto\\\/apocalipsis-contra-imperio\\\/\",\"name\":\"APOCALIPSIS CONTRA IMPERIO - Editorial Guadalupe de Argentina\",\"isPartOf\":{\"@id\":\"https:\\\/\\\/libreriaguadalupe.com.ar\\\/libreria\\\/#website\"},\"primaryImageOfPage\":{\"@id\":\"https:\\\/\\\/libreriaguadalupe.com.ar\\\/libreria\\\/producto\\\/apocalipsis-contra-imperio\\\/#primaryimage\"},\"image\":{\"@id\":\"https:\\\/\\\/libreriaguadalupe.com.ar\\\/libreria\\\/producto\\\/apocalipsis-contra-imperio\\\/#primaryimage\"},\"thumbnailUrl\":\"https:\\\/\\\/i0.wp.com\\\/libreriaguadalupe.com.ar\\\/libreria\\\/wp-content\\\/uploads\\\/2023\\\/03\\\/APOCALIPSIS-CONTRA-IMPERIO.jpg?fit=380%2C586&ssl=1\",\"datePublished\":\"2023-03-22T23:11:16+00:00\",\"dateModified\":\"2025-02-04T14:24:33+00:00\",\"description\":\"Anathea E. Portier-Young profundiza en el significado de \\\"imperio\\\", en los m\u00e9todos utilizados por los imperios y en las formas de resistencia que ellos generan. Luego, aplica las percepciones logradas a las fuentes del contexto hist\u00f3rico en que surgieron los primeros apocalipsis jud\u00edos y a los textos mismos. El resultado es una novedosa e impresionante explicaci\u00f3n de Daniel y de dos textos hen\u00f3quicos: el Apocalipsis de las semanas y el Libro de los Sue\u00f1os.\",\"breadcrumb\":{\"@id\":\"https:\\\/\\\/libreriaguadalupe.com.ar\\\/libreria\\\/producto\\\/apocalipsis-contra-imperio\\\/#breadcrumb\"},\"inLanguage\":\"es\",\"potentialAction\":[{\"@type\":\"ReadAction\",\"target\":[\"https:\\\/\\\/libreriaguadalupe.com.ar\\\/libreria\\\/producto\\\/apocalipsis-contra-imperio\\\/\"]}]},{\"@type\":\"ImageObject\",\"inLanguage\":\"es\",\"@id\":\"https:\\\/\\\/libreriaguadalupe.com.ar\\\/libreria\\\/producto\\\/apocalipsis-contra-imperio\\\/#primaryimage\",\"url\":\"https:\\\/\\\/i0.wp.com\\\/libreriaguadalupe.com.ar\\\/libreria\\\/wp-content\\\/uploads\\\/2023\\\/03\\\/APOCALIPSIS-CONTRA-IMPERIO.jpg?fit=380%2C586&ssl=1\",\"contentUrl\":\"https:\\\/\\\/i0.wp.com\\\/libreriaguadalupe.com.ar\\\/libreria\\\/wp-content\\\/uploads\\\/2023\\\/03\\\/APOCALIPSIS-CONTRA-IMPERIO.jpg?fit=380%2C586&ssl=1\",\"width\":380,\"height\":586},{\"@type\":\"BreadcrumbList\",\"@id\":\"https:\\\/\\\/libreriaguadalupe.com.ar\\\/libreria\\\/producto\\\/apocalipsis-contra-imperio\\\/#breadcrumb\",\"itemListElement\":[{\"@type\":\"ListItem\",\"position\":1,\"name\":\"Portada\",\"item\":\"https:\\\/\\\/libreriaguadalupe.com.ar\\\/libreria\\\/\"},{\"@type\":\"ListItem\",\"position\":2,\"name\":\"Tienda\",\"item\":\"https:\\\/\\\/libreriaguadalupe.com.ar\\\/libreria\\\/\"},{\"@type\":\"ListItem\",\"position\":3,\"name\":\"APOCALIPSIS CONTRA IMPERIO\"}]},{\"@type\":\"WebSite\",\"@id\":\"https:\\\/\\\/libreriaguadalupe.com.ar\\\/libreria\\\/#website\",\"url\":\"https:\\\/\\\/libreriaguadalupe.com.ar\\\/libreria\\\/\",\"name\":\"Editorial Guadalupe de Argentina\",\"description\":\"Congregaci\u00f3n del Verbo Divino\",\"publisher\":{\"@id\":\"https:\\\/\\\/libreriaguadalupe.com.ar\\\/libreria\\\/#organization\"},\"alternateName\":\"Librer\u00eda Guadalupe\",\"potentialAction\":[{\"@type\":\"SearchAction\",\"target\":{\"@type\":\"EntryPoint\",\"urlTemplate\":\"https:\\\/\\\/libreriaguadalupe.com.ar\\\/libreria\\\/?s={search_term_string}\"},\"query-input\":{\"@type\":\"PropertyValueSpecification\",\"valueRequired\":true,\"valueName\":\"search_term_string\"}}],\"inLanguage\":\"es\"},{\"@type\":\"Organization\",\"@id\":\"https:\\\/\\\/libreriaguadalupe.com.ar\\\/libreria\\\/#organization\",\"name\":\"Editorial Guadalupe\",\"alternateName\":\"Librer\u00eda Guadalupe\",\"url\":\"https:\\\/\\\/libreriaguadalupe.com.ar\\\/libreria\\\/\",\"logo\":{\"@type\":\"ImageObject\",\"inLanguage\":\"es\",\"@id\":\"https:\\\/\\\/libreriaguadalupe.com.ar\\\/libreria\\\/#\\\/schema\\\/logo\\\/image\\\/\",\"url\":\"https:\\\/\\\/i0.wp.com\\\/libreriaguadalupe.com.ar\\\/libreria\\\/wp-content\\\/uploads\\\/2023\\\/01\\\/cropped-logo-editorial-guadalupe.webp?fit=500%2C100&ssl=1\",\"contentUrl\":\"https:\\\/\\\/i0.wp.com\\\/libreriaguadalupe.com.ar\\\/libreria\\\/wp-content\\\/uploads\\\/2023\\\/01\\\/cropped-logo-editorial-guadalupe.webp?fit=500%2C100&ssl=1\",\"width\":500,\"height\":100,\"caption\":\"Editorial Guadalupe\"},\"image\":{\"@id\":\"https:\\\/\\\/libreriaguadalupe.com.ar\\\/libreria\\\/#\\\/schema\\\/logo\\\/image\\\/\"},\"sameAs\":[\"https:\\\/\\\/www.facebook.com\\\/LibreriaGuadalupeAR\\\/\",\"https:\\\/\\\/www.instagram.com\\\/editorialguadalupe\\\/\",\"https:\\\/\\\/guadalupeeditorial.mercadoshops.com.ar\\\/\"]}]}<\/script>\n<!-- \/ Yoast SEO plugin. -->","yoast_head_json":{"title":"APOCALIPSIS CONTRA IMPERIO - Editorial Guadalupe de Argentina","description":"Anathea E. Portier-Young profundiza en el significado de \"imperio\", en los m\u00e9todos utilizados por los imperios y en las formas de resistencia que ellos generan. Luego, aplica las percepciones logradas a las fuentes del contexto hist\u00f3rico en que surgieron los primeros apocalipsis jud\u00edos y a los textos mismos. El resultado es una novedosa e impresionante explicaci\u00f3n de Daniel y de dos textos hen\u00f3quicos: el Apocalipsis de las semanas y el Libro de los Sue\u00f1os.","robots":{"index":"index","follow":"follow","max-snippet":"max-snippet:-1","max-image-preview":"max-image-preview:large","max-video-preview":"max-video-preview:-1"},"canonical":"https:\/\/libreriaguadalupe.com.ar\/libreria\/producto\/apocalipsis-contra-imperio\/","og_locale":"es_ES","og_type":"article","og_title":"APOCALIPSIS CONTRA IMPERIO - Editorial Guadalupe de Argentina","og_description":"Anathea E. Portier-Young profundiza en el significado de \"imperio\", en los m\u00e9todos utilizados por los imperios y en las formas de resistencia que ellos generan. Luego, aplica las percepciones logradas a las fuentes del contexto hist\u00f3rico en que surgieron los primeros apocalipsis jud\u00edos y a los textos mismos. El resultado es una novedosa e impresionante explicaci\u00f3n de Daniel y de dos textos hen\u00f3quicos: el Apocalipsis de las semanas y el Libro de los Sue\u00f1os.","og_url":"https:\/\/libreriaguadalupe.com.ar\/libreria\/producto\/apocalipsis-contra-imperio\/","og_site_name":"Editorial Guadalupe de Argentina","article_publisher":"https:\/\/www.facebook.com\/LibreriaGuadalupeAR\/","article_modified_time":"2025-02-04T14:24:33+00:00","og_image":[{"width":380,"height":586,"url":"https:\/\/libreriaguadalupe.com.ar\/libreria\/wp-content\/uploads\/2023\/03\/APOCALIPSIS-CONTRA-IMPERIO.jpg","type":"image\/jpeg"}],"twitter_card":"summary_large_image","twitter_misc":{"Tiempo de lectura":"1 minuto"},"schema":{"@context":"https:\/\/schema.org","@graph":[{"@type":"WebPage","@id":"https:\/\/libreriaguadalupe.com.ar\/libreria\/producto\/apocalipsis-contra-imperio\/","url":"https:\/\/libreriaguadalupe.com.ar\/libreria\/producto\/apocalipsis-contra-imperio\/","name":"APOCALIPSIS CONTRA IMPERIO - Editorial Guadalupe de Argentina","isPartOf":{"@id":"https:\/\/libreriaguadalupe.com.ar\/libreria\/#website"},"primaryImageOfPage":{"@id":"https:\/\/libreriaguadalupe.com.ar\/libreria\/producto\/apocalipsis-contra-imperio\/#primaryimage"},"image":{"@id":"https:\/\/libreriaguadalupe.com.ar\/libreria\/producto\/apocalipsis-contra-imperio\/#primaryimage"},"thumbnailUrl":"https:\/\/i0.wp.com\/libreriaguadalupe.com.ar\/libreria\/wp-content\/uploads\/2023\/03\/APOCALIPSIS-CONTRA-IMPERIO.jpg?fit=380%2C586&ssl=1","datePublished":"2023-03-22T23:11:16+00:00","dateModified":"2025-02-04T14:24:33+00:00","description":"Anathea E. Portier-Young profundiza en el significado de \"imperio\", en los m\u00e9todos utilizados por los imperios y en las formas de resistencia que ellos generan. Luego, aplica las percepciones logradas a las fuentes del contexto hist\u00f3rico en que surgieron los primeros apocalipsis jud\u00edos y a los textos mismos. El resultado es una novedosa e impresionante explicaci\u00f3n de Daniel y de dos textos hen\u00f3quicos: el Apocalipsis de las semanas y el Libro de los Sue\u00f1os.","breadcrumb":{"@id":"https:\/\/libreriaguadalupe.com.ar\/libreria\/producto\/apocalipsis-contra-imperio\/#breadcrumb"},"inLanguage":"es","potentialAction":[{"@type":"ReadAction","target":["https:\/\/libreriaguadalupe.com.ar\/libreria\/producto\/apocalipsis-contra-imperio\/"]}]},{"@type":"ImageObject","inLanguage":"es","@id":"https:\/\/libreriaguadalupe.com.ar\/libreria\/producto\/apocalipsis-contra-imperio\/#primaryimage","url":"https:\/\/i0.wp.com\/libreriaguadalupe.com.ar\/libreria\/wp-content\/uploads\/2023\/03\/APOCALIPSIS-CONTRA-IMPERIO.jpg?fit=380%2C586&ssl=1","contentUrl":"https:\/\/i0.wp.com\/libreriaguadalupe.com.ar\/libreria\/wp-content\/uploads\/2023\/03\/APOCALIPSIS-CONTRA-IMPERIO.jpg?fit=380%2C586&ssl=1","width":380,"height":586},{"@type":"BreadcrumbList","@id":"https:\/\/libreriaguadalupe.com.ar\/libreria\/producto\/apocalipsis-contra-imperio\/#breadcrumb","itemListElement":[{"@type":"ListItem","position":1,"name":"Portada","item":"https:\/\/libreriaguadalupe.com.ar\/libreria\/"},{"@type":"ListItem","position":2,"name":"Tienda","item":"https:\/\/libreriaguadalupe.com.ar\/libreria\/"},{"@type":"ListItem","position":3,"name":"APOCALIPSIS CONTRA IMPERIO"}]},{"@type":"WebSite","@id":"https:\/\/libreriaguadalupe.com.ar\/libreria\/#website","url":"https:\/\/libreriaguadalupe.com.ar\/libreria\/","name":"Editorial Guadalupe de Argentina","description":"Congregaci\u00f3n del Verbo Divino","publisher":{"@id":"https:\/\/libreriaguadalupe.com.ar\/libreria\/#organization"},"alternateName":"Librer\u00eda Guadalupe","potentialAction":[{"@type":"SearchAction","target":{"@type":"EntryPoint","urlTemplate":"https:\/\/libreriaguadalupe.com.ar\/libreria\/?s={search_term_string}"},"query-input":{"@type":"PropertyValueSpecification","valueRequired":true,"valueName":"search_term_string"}}],"inLanguage":"es"},{"@type":"Organization","@id":"https:\/\/libreriaguadalupe.com.ar\/libreria\/#organization","name":"Editorial Guadalupe","alternateName":"Librer\u00eda Guadalupe","url":"https:\/\/libreriaguadalupe.com.ar\/libreria\/","logo":{"@type":"ImageObject","inLanguage":"es","@id":"https:\/\/libreriaguadalupe.com.ar\/libreria\/#\/schema\/logo\/image\/","url":"https:\/\/i0.wp.com\/libreriaguadalupe.com.ar\/libreria\/wp-content\/uploads\/2023\/01\/cropped-logo-editorial-guadalupe.webp?fit=500%2C100&ssl=1","contentUrl":"https:\/\/i0.wp.com\/libreriaguadalupe.com.ar\/libreria\/wp-content\/uploads\/2023\/01\/cropped-logo-editorial-guadalupe.webp?fit=500%2C100&ssl=1","width":500,"height":100,"caption":"Editorial Guadalupe"},"image":{"@id":"https:\/\/libreriaguadalupe.com.ar\/libreria\/#\/schema\/logo\/image\/"},"sameAs":["https:\/\/www.facebook.com\/LibreriaGuadalupeAR\/","https:\/\/www.instagram.com\/editorialguadalupe\/","https:\/\/guadalupeeditorial.mercadoshops.com.ar\/"]}]}},"jetpack_publicize_connections":[],"jetpack_sharing_enabled":true,"jetpack-related-posts":[{"id":16859,"url":"https:\/\/libreriaguadalupe.com.ar\/libreria\/producto\/apocalipsis-vision-de-un-mundo-justo\/","url_meta":{"origin":16854,"position":0},"title":"Apocalipsis Visi\u00f3n de un mundo justo","author":"admin","date":"22\/03\/2023","format":false,"excerpt":"Visi\u00f3n de un mundo justo Autor: Elisabeth Sch\u00fcssler Fiorenza ISBN: 8499451350 Dimensiones: 15 x 23 cm P\u00e1ginas: 220","rel":"","context":"Entrada similar","block_context":{"text":"Entrada similar","link":""},"img":{"alt_text":"","src":"https:\/\/i0.wp.com\/libreriaguadalupe.com.ar\/libreria\/wp-content\/uploads\/2023\/03\/Apocalipsis.jpg?fit=380%2C586&ssl=1&resize=350%2C200","width":350,"height":200},"classes":[]},{"id":16051,"url":"https:\/\/libreriaguadalupe.com.ar\/libreria\/producto\/apocalipsis-para-tiempos-de-crisis\/","url_meta":{"origin":16854,"position":1},"title":"Apocalipsis para tiempos de crisis","author":"admin","date":"12\/02\/2023","format":false,"excerpt":"Pistas de lectura para una mejor comprensi\u00f3n del libro m\u00e1s dif\u00edcil de la Biblia AUTOR: PABLO VERNOLA ISBN: 9505008261","rel":"","context":"Entrada similar","block_context":{"text":"Entrada similar","link":""},"img":{"alt_text":"","src":"https:\/\/i0.wp.com\/libreriaguadalupe.com.ar\/libreria\/wp-content\/uploads\/2023\/02\/Apocalipsis-para-tiempos-de-crisis.webp?fit=356%2C500&ssl=1&resize=350%2C200","width":350,"height":200},"classes":[]},{"id":16879,"url":"https:\/\/libreriaguadalupe.com.ar\/libreria\/producto\/biblia-sacra-vulgata\/","url_meta":{"origin":16854,"position":2},"title":"Biblia Sacra Vulgata","author":"admin","date":"23\/03\/2023","format":false,"excerpt":"[Editio quinta] Idioma: Lat\u00edn Autor: Weber-Cryson ISBN: 3438053039 Dimensiones: 13,5 x 18,7 cm P\u00e1ginas: 2032","rel":"","context":"Entrada similar","block_context":{"text":"Entrada similar","link":""},"img":{"alt_text":"","src":"https:\/\/i0.wp.com\/libreriaguadalupe.com.ar\/libreria\/wp-content\/uploads\/2023\/03\/Biblia-Sacra-Vulgata.png?fit=300%2C425&ssl=1&resize=350%2C200","width":350,"height":200},"classes":[]},{"id":12890,"url":"https:\/\/libreriaguadalupe.com.ar\/libreria\/producto\/escritos-joanicos-y-cartas-catolicas\/","url_meta":{"origin":16854,"position":3},"title":"Escritos joanicos y cartas catolicas","author":"admin","date":"18\/01\/2023","format":false,"excerpt":"Autor: Josep Oriol Tu\u00f1\u00ed Vancells, Xavier Alegre Santamar\u00eda ISBN: 8471519092 Dimensiones: 16 x 24 cm P\u00e1ginas: 424","rel":"","context":"Entrada similar","block_context":{"text":"Entrada similar","link":""},"img":{"alt_text":"","src":"https:\/\/i0.wp.com\/libreriaguadalupe.com.ar\/libreria\/wp-content\/uploads\/2023\/01\/Escritos-joanicos-y-cartas-catolicas.jpg?fit=380%2C586&ssl=1&resize=350%2C200","width":350,"height":200},"classes":[]},{"id":13098,"url":"https:\/\/libreriaguadalupe.com.ar\/libreria\/producto\/resistencia-y-creatividad\/","url_meta":{"origin":16854,"position":4},"title":"Resistencia y creatividad","author":"admin","date":"18\/01\/2023","format":false,"excerpt":"Ayer, hoy y manana de las teologias feministas","rel":"","context":"Entrada similar","block_context":{"text":"Entrada similar","link":""},"img":{"alt_text":"","src":"https:\/\/i0.wp.com\/libreriaguadalupe.com.ar\/libreria\/wp-content\/uploads\/1674\/33\/1015.jpg?fit=227%2C339&ssl=1&resize=350%2C200","width":350,"height":200},"classes":[]},{"id":12962,"url":"https:\/\/libreriaguadalupe.com.ar\/libreria\/producto\/de-la-comunidad-nace-la-nueva-vida\/","url_meta":{"origin":16854,"position":5},"title":"\u00a1De la comunidad nace la nueva vida!","author":"admin","date":"18\/01\/2023","format":false,"excerpt":"Encuentros b\u00edblicos sobre el evangelio de Juan Autor: CENTRO BIBLICO ISBN: 8481694833 Dimensiones: 14 x 21 cm P\u00e1ginas: 120","rel":"","context":"Entrada similar","block_context":{"text":"Entrada similar","link":""},"img":{"alt_text":"","src":"https:\/\/i0.wp.com\/libreriaguadalupe.com.ar\/libreria\/wp-content\/uploads\/2023\/01\/%C2%A1De-la-comunidad-nace-la-nueva-vida.jpg?fit=380%2C586&ssl=1&resize=350%2C200","width":350,"height":200},"classes":[]}],"_links":{"self":[{"href":"https:\/\/libreriaguadalupe.com.ar\/libreria\/wp-json\/wp\/v2\/product\/16854","targetHints":{"allow":["GET"]}}],"collection":[{"href":"https:\/\/libreriaguadalupe.com.ar\/libreria\/wp-json\/wp\/v2\/product"}],"about":[{"href":"https:\/\/libreriaguadalupe.com.ar\/libreria\/wp-json\/wp\/v2\/types\/product"}],"replies":[{"embeddable":true,"href":"https:\/\/libreriaguadalupe.com.ar\/libreria\/wp-json\/wp\/v2\/comments?post=16854"}],"version-history":[{"count":1,"href":"https:\/\/libreriaguadalupe.com.ar\/libreria\/wp-json\/wp\/v2\/product\/16854\/revisions"}],"predecessor-version":[{"id":16856,"href":"https:\/\/libreriaguadalupe.com.ar\/libreria\/wp-json\/wp\/v2\/product\/16854\/revisions\/16856"}],"wp:featuredmedia":[{"embeddable":true,"href":"https:\/\/libreriaguadalupe.com.ar\/libreria\/wp-json\/wp\/v2\/media\/16855"}],"wp:attachment":[{"href":"https:\/\/libreriaguadalupe.com.ar\/libreria\/wp-json\/wp\/v2\/media?parent=16854"}],"wp:term":[{"taxonomy":"product_brand","embeddable":true,"href":"https:\/\/libreriaguadalupe.com.ar\/libreria\/wp-json\/wp\/v2\/product_brand?post=16854"},{"taxonomy":"product_cat","embeddable":true,"href":"https:\/\/libreriaguadalupe.com.ar\/libreria\/wp-json\/wp\/v2\/product_cat?post=16854"},{"taxonomy":"product_tag","embeddable":true,"href":"https:\/\/libreriaguadalupe.com.ar\/libreria\/wp-json\/wp\/v2\/product_tag?post=16854"}],"curies":[{"name":"wp","href":"https:\/\/api.w.org\/{rel}","templated":true}]}}