{"id":16845,"date":"2023-03-22T19:55:20","date_gmt":"2023-03-22T22:55:20","guid":{"rendered":"https:\/\/libreriaguadalupe.com.ar\/libreria\/?post_type=product&#038;p=16845"},"modified":"2024-07-01T11:37:08","modified_gmt":"2024-07-01T14:37:08","slug":"a-la-escucha-de-la-palabra","status":"publish","type":"product","link":"https:\/\/libreriaguadalupe.com.ar\/libreria\/producto\/a-la-escucha-de-la-palabra\/","title":{"rendered":"A LA ESCUCHA DE LA PALABRA"},"content":{"rendered":"<p>Una obra para quienes desean tener una panor\u00e1mica de la Biblia y a quienes imparten clases de religi\u00f3n, se dedican a la catequesis o meditan el Evangelio con el m\u00e9todo de la lectio divina.<\/p>\n<p>Describe el Antiguo y el Nuevo Testamento. Esboza la geograf\u00eda b\u00edblica. Comenta la historia de Israel. Sintetiza las caracter\u00edsticas de la persona humana. Delinea los nombres de Dios y la actuaci\u00f3n divina en el AT. Explica la sociedad jud\u00eda en tiempos de Jes\u00fas. Ahonda en la personalidad y la actuaci\u00f3n salvadora de Jes\u00fas de Nazaret. Analiza los t\u00edtulos de Jes\u00fas: Mes\u00edas, Hijo del Hombre, Siervo del Se\u00f1or, Hijo de Dios, Se\u00f1or. Describe la naturaleza de la Iglesia y de tres personajes eminentes: Mar\u00eda, Pedro y Pablo.<\/p>\n","protected":false},"excerpt":{"rendered":"<p><strong>Panor\u00e1mica b\u00edblica para la lectio divina y la catequesis<\/strong><\/p>\n<p>Autor: Francesc Ramis Darder<strong><br \/>\n<\/strong>ISBN: 9505008858<br \/>\nDimensiones: 16 x 24 cm<br \/>\nP\u00e1ginas: 192<\/p>\n","protected":false},"featured_media":16846,"comment_status":"open","ping_status":"closed","template":"","meta":{"jetpack_publicize_message":"","jetpack_publicize_feature_enabled":true,"jetpack_social_post_already_shared":true,"jetpack_social_options":{"image_generator_settings":{"template":"highway","default_image_id":0,"font":"","enabled":false},"version":2}},"product_brand":[],"product_cat":[109],"product_tag":[127],"class_list":{"0":"post-16845","1":"product","2":"type-product","3":"status-publish","4":"has-post-thumbnail","6":"product_cat-verbo-divino","7":"product_tag-editorial-guadalupe-de-argentina","9":"first","10":"instock","11":"shipping-taxable","12":"purchasable","13":"product-type-simple"},"yoast_head":"<!-- This site is optimized with the Yoast SEO plugin v27.4 - https:\/\/yoast.com\/product\/yoast-seo-wordpress\/ -->\n<title>A LA ESCUCHA DE LA PALABRA - Editorial Guadalupe de Argentina<\/title>\n<meta name=\"description\" content=\"Una obra para quienes desean tener una panor\u00e1mica de la Biblia y a quienes imparten clases de religi\u00f3n, se dedican a la catequesis o meditan el Evangelio con el m\u00e9todo de la lectio divina.\" \/>\n<meta name=\"robots\" content=\"index, follow, max-snippet:-1, max-image-preview:large, max-video-preview:-1\" \/>\n<link rel=\"canonical\" href=\"https:\/\/libreriaguadalupe.com.ar\/libreria\/producto\/a-la-escucha-de-la-palabra\/\" \/>\n<meta property=\"og:locale\" content=\"es_ES\" \/>\n<meta property=\"og:type\" content=\"article\" \/>\n<meta property=\"og:title\" content=\"A LA ESCUCHA DE LA PALABRA - Editorial Guadalupe de Argentina\" \/>\n<meta property=\"og:description\" content=\"Una obra para quienes desean tener una panor\u00e1mica de la Biblia y a quienes imparten clases de religi\u00f3n, se dedican a la catequesis o meditan el Evangelio con el m\u00e9todo de la lectio divina.\" \/>\n<meta property=\"og:url\" content=\"https:\/\/libreriaguadalupe.com.ar\/libreria\/producto\/a-la-escucha-de-la-palabra\/\" \/>\n<meta property=\"og:site_name\" content=\"Editorial Guadalupe de Argentina\" \/>\n<meta property=\"article:publisher\" content=\"https:\/\/www.facebook.com\/LibreriaGuadalupeAR\/\" \/>\n<meta property=\"article:modified_time\" content=\"2024-07-01T14:37:08+00:00\" \/>\n<meta property=\"og:image\" content=\"https:\/\/libreriaguadalupe.com.ar\/libreria\/wp-content\/uploads\/2023\/03\/A-LA-ESCUCHA-DE-LA-PALABRA.jpg\" \/>\n\t<meta property=\"og:image:width\" content=\"380\" \/>\n\t<meta property=\"og:image:height\" content=\"586\" \/>\n\t<meta property=\"og:image:type\" content=\"image\/jpeg\" \/>\n<meta name=\"twitter:card\" content=\"summary_large_image\" \/>\n<meta name=\"twitter:label1\" content=\"Tiempo de lectura\" \/>\n\t<meta name=\"twitter:data1\" content=\"1 minuto\" \/>\n<script type=\"application\/ld+json\" class=\"yoast-schema-graph\">{\"@context\":\"https:\\\/\\\/schema.org\",\"@graph\":[{\"@type\":\"WebPage\",\"@id\":\"https:\\\/\\\/libreriaguadalupe.com.ar\\\/libreria\\\/producto\\\/a-la-escucha-de-la-palabra\\\/\",\"url\":\"https:\\\/\\\/libreriaguadalupe.com.ar\\\/libreria\\\/producto\\\/a-la-escucha-de-la-palabra\\\/\",\"name\":\"A LA ESCUCHA DE LA PALABRA - Editorial Guadalupe de Argentina\",\"isPartOf\":{\"@id\":\"https:\\\/\\\/libreriaguadalupe.com.ar\\\/libreria\\\/#website\"},\"primaryImageOfPage\":{\"@id\":\"https:\\\/\\\/libreriaguadalupe.com.ar\\\/libreria\\\/producto\\\/a-la-escucha-de-la-palabra\\\/#primaryimage\"},\"image\":{\"@id\":\"https:\\\/\\\/libreriaguadalupe.com.ar\\\/libreria\\\/producto\\\/a-la-escucha-de-la-palabra\\\/#primaryimage\"},\"thumbnailUrl\":\"https:\\\/\\\/i0.wp.com\\\/libreriaguadalupe.com.ar\\\/libreria\\\/wp-content\\\/uploads\\\/2023\\\/03\\\/A-LA-ESCUCHA-DE-LA-PALABRA.jpg?fit=380%2C586&ssl=1\",\"datePublished\":\"2023-03-22T22:55:20+00:00\",\"dateModified\":\"2024-07-01T14:37:08+00:00\",\"description\":\"Una obra para quienes desean tener una panor\u00e1mica de la Biblia y a quienes imparten clases de religi\u00f3n, se dedican a la catequesis o meditan el Evangelio con el m\u00e9todo de la lectio divina.\",\"breadcrumb\":{\"@id\":\"https:\\\/\\\/libreriaguadalupe.com.ar\\\/libreria\\\/producto\\\/a-la-escucha-de-la-palabra\\\/#breadcrumb\"},\"inLanguage\":\"es\",\"potentialAction\":[{\"@type\":\"ReadAction\",\"target\":[\"https:\\\/\\\/libreriaguadalupe.com.ar\\\/libreria\\\/producto\\\/a-la-escucha-de-la-palabra\\\/\"]}]},{\"@type\":\"ImageObject\",\"inLanguage\":\"es\",\"@id\":\"https:\\\/\\\/libreriaguadalupe.com.ar\\\/libreria\\\/producto\\\/a-la-escucha-de-la-palabra\\\/#primaryimage\",\"url\":\"https:\\\/\\\/i0.wp.com\\\/libreriaguadalupe.com.ar\\\/libreria\\\/wp-content\\\/uploads\\\/2023\\\/03\\\/A-LA-ESCUCHA-DE-LA-PALABRA.jpg?fit=380%2C586&ssl=1\",\"contentUrl\":\"https:\\\/\\\/i0.wp.com\\\/libreriaguadalupe.com.ar\\\/libreria\\\/wp-content\\\/uploads\\\/2023\\\/03\\\/A-LA-ESCUCHA-DE-LA-PALABRA.jpg?fit=380%2C586&ssl=1\",\"width\":380,\"height\":586},{\"@type\":\"BreadcrumbList\",\"@id\":\"https:\\\/\\\/libreriaguadalupe.com.ar\\\/libreria\\\/producto\\\/a-la-escucha-de-la-palabra\\\/#breadcrumb\",\"itemListElement\":[{\"@type\":\"ListItem\",\"position\":1,\"name\":\"Portada\",\"item\":\"https:\\\/\\\/libreriaguadalupe.com.ar\\\/libreria\\\/\"},{\"@type\":\"ListItem\",\"position\":2,\"name\":\"Tienda\",\"item\":\"https:\\\/\\\/libreriaguadalupe.com.ar\\\/libreria\\\/\"},{\"@type\":\"ListItem\",\"position\":3,\"name\":\"A LA ESCUCHA DE LA PALABRA\"}]},{\"@type\":\"WebSite\",\"@id\":\"https:\\\/\\\/libreriaguadalupe.com.ar\\\/libreria\\\/#website\",\"url\":\"https:\\\/\\\/libreriaguadalupe.com.ar\\\/libreria\\\/\",\"name\":\"Editorial Guadalupe de Argentina\",\"description\":\"Congregaci\u00f3n del Verbo Divino\",\"publisher\":{\"@id\":\"https:\\\/\\\/libreriaguadalupe.com.ar\\\/libreria\\\/#organization\"},\"alternateName\":\"Librer\u00eda Guadalupe\",\"potentialAction\":[{\"@type\":\"SearchAction\",\"target\":{\"@type\":\"EntryPoint\",\"urlTemplate\":\"https:\\\/\\\/libreriaguadalupe.com.ar\\\/libreria\\\/?s={search_term_string}\"},\"query-input\":{\"@type\":\"PropertyValueSpecification\",\"valueRequired\":true,\"valueName\":\"search_term_string\"}}],\"inLanguage\":\"es\"},{\"@type\":\"Organization\",\"@id\":\"https:\\\/\\\/libreriaguadalupe.com.ar\\\/libreria\\\/#organization\",\"name\":\"Editorial Guadalupe\",\"alternateName\":\"Librer\u00eda Guadalupe\",\"url\":\"https:\\\/\\\/libreriaguadalupe.com.ar\\\/libreria\\\/\",\"logo\":{\"@type\":\"ImageObject\",\"inLanguage\":\"es\",\"@id\":\"https:\\\/\\\/libreriaguadalupe.com.ar\\\/libreria\\\/#\\\/schema\\\/logo\\\/image\\\/\",\"url\":\"https:\\\/\\\/i0.wp.com\\\/libreriaguadalupe.com.ar\\\/libreria\\\/wp-content\\\/uploads\\\/2023\\\/01\\\/cropped-logo-editorial-guadalupe.webp?fit=500%2C100&ssl=1\",\"contentUrl\":\"https:\\\/\\\/i0.wp.com\\\/libreriaguadalupe.com.ar\\\/libreria\\\/wp-content\\\/uploads\\\/2023\\\/01\\\/cropped-logo-editorial-guadalupe.webp?fit=500%2C100&ssl=1\",\"width\":500,\"height\":100,\"caption\":\"Editorial Guadalupe\"},\"image\":{\"@id\":\"https:\\\/\\\/libreriaguadalupe.com.ar\\\/libreria\\\/#\\\/schema\\\/logo\\\/image\\\/\"},\"sameAs\":[\"https:\\\/\\\/www.facebook.com\\\/LibreriaGuadalupeAR\\\/\",\"https:\\\/\\\/www.instagram.com\\\/editorialguadalupe\\\/\",\"https:\\\/\\\/guadalupeeditorial.mercadoshops.com.ar\\\/\"]}]}<\/script>\n<!-- \/ Yoast SEO plugin. -->","yoast_head_json":{"title":"A LA ESCUCHA DE LA PALABRA - Editorial Guadalupe de Argentina","description":"Una obra para quienes desean tener una panor\u00e1mica de la Biblia y a quienes imparten clases de religi\u00f3n, se dedican a la catequesis o meditan el Evangelio con el m\u00e9todo de la lectio divina.","robots":{"index":"index","follow":"follow","max-snippet":"max-snippet:-1","max-image-preview":"max-image-preview:large","max-video-preview":"max-video-preview:-1"},"canonical":"https:\/\/libreriaguadalupe.com.ar\/libreria\/producto\/a-la-escucha-de-la-palabra\/","og_locale":"es_ES","og_type":"article","og_title":"A LA ESCUCHA DE LA PALABRA - Editorial Guadalupe de Argentina","og_description":"Una obra para quienes desean tener una panor\u00e1mica de la Biblia y a quienes imparten clases de religi\u00f3n, se dedican a la catequesis o meditan el Evangelio con el m\u00e9todo de la lectio divina.","og_url":"https:\/\/libreriaguadalupe.com.ar\/libreria\/producto\/a-la-escucha-de-la-palabra\/","og_site_name":"Editorial Guadalupe de Argentina","article_publisher":"https:\/\/www.facebook.com\/LibreriaGuadalupeAR\/","article_modified_time":"2024-07-01T14:37:08+00:00","og_image":[{"width":380,"height":586,"url":"https:\/\/libreriaguadalupe.com.ar\/libreria\/wp-content\/uploads\/2023\/03\/A-LA-ESCUCHA-DE-LA-PALABRA.jpg","type":"image\/jpeg"}],"twitter_card":"summary_large_image","twitter_misc":{"Tiempo de lectura":"1 minuto"},"schema":{"@context":"https:\/\/schema.org","@graph":[{"@type":"WebPage","@id":"https:\/\/libreriaguadalupe.com.ar\/libreria\/producto\/a-la-escucha-de-la-palabra\/","url":"https:\/\/libreriaguadalupe.com.ar\/libreria\/producto\/a-la-escucha-de-la-palabra\/","name":"A LA ESCUCHA DE LA PALABRA - Editorial Guadalupe de Argentina","isPartOf":{"@id":"https:\/\/libreriaguadalupe.com.ar\/libreria\/#website"},"primaryImageOfPage":{"@id":"https:\/\/libreriaguadalupe.com.ar\/libreria\/producto\/a-la-escucha-de-la-palabra\/#primaryimage"},"image":{"@id":"https:\/\/libreriaguadalupe.com.ar\/libreria\/producto\/a-la-escucha-de-la-palabra\/#primaryimage"},"thumbnailUrl":"https:\/\/i0.wp.com\/libreriaguadalupe.com.ar\/libreria\/wp-content\/uploads\/2023\/03\/A-LA-ESCUCHA-DE-LA-PALABRA.jpg?fit=380%2C586&ssl=1","datePublished":"2023-03-22T22:55:20+00:00","dateModified":"2024-07-01T14:37:08+00:00","description":"Una obra para quienes desean tener una panor\u00e1mica de la Biblia y a quienes imparten clases de religi\u00f3n, se dedican a la catequesis o meditan el Evangelio con el m\u00e9todo de la lectio divina.","breadcrumb":{"@id":"https:\/\/libreriaguadalupe.com.ar\/libreria\/producto\/a-la-escucha-de-la-palabra\/#breadcrumb"},"inLanguage":"es","potentialAction":[{"@type":"ReadAction","target":["https:\/\/libreriaguadalupe.com.ar\/libreria\/producto\/a-la-escucha-de-la-palabra\/"]}]},{"@type":"ImageObject","inLanguage":"es","@id":"https:\/\/libreriaguadalupe.com.ar\/libreria\/producto\/a-la-escucha-de-la-palabra\/#primaryimage","url":"https:\/\/i0.wp.com\/libreriaguadalupe.com.ar\/libreria\/wp-content\/uploads\/2023\/03\/A-LA-ESCUCHA-DE-LA-PALABRA.jpg?fit=380%2C586&ssl=1","contentUrl":"https:\/\/i0.wp.com\/libreriaguadalupe.com.ar\/libreria\/wp-content\/uploads\/2023\/03\/A-LA-ESCUCHA-DE-LA-PALABRA.jpg?fit=380%2C586&ssl=1","width":380,"height":586},{"@type":"BreadcrumbList","@id":"https:\/\/libreriaguadalupe.com.ar\/libreria\/producto\/a-la-escucha-de-la-palabra\/#breadcrumb","itemListElement":[{"@type":"ListItem","position":1,"name":"Portada","item":"https:\/\/libreriaguadalupe.com.ar\/libreria\/"},{"@type":"ListItem","position":2,"name":"Tienda","item":"https:\/\/libreriaguadalupe.com.ar\/libreria\/"},{"@type":"ListItem","position":3,"name":"A LA ESCUCHA DE LA PALABRA"}]},{"@type":"WebSite","@id":"https:\/\/libreriaguadalupe.com.ar\/libreria\/#website","url":"https:\/\/libreriaguadalupe.com.ar\/libreria\/","name":"Editorial Guadalupe de Argentina","description":"Congregaci\u00f3n del Verbo Divino","publisher":{"@id":"https:\/\/libreriaguadalupe.com.ar\/libreria\/#organization"},"alternateName":"Librer\u00eda Guadalupe","potentialAction":[{"@type":"SearchAction","target":{"@type":"EntryPoint","urlTemplate":"https:\/\/libreriaguadalupe.com.ar\/libreria\/?s={search_term_string}"},"query-input":{"@type":"PropertyValueSpecification","valueRequired":true,"valueName":"search_term_string"}}],"inLanguage":"es"},{"@type":"Organization","@id":"https:\/\/libreriaguadalupe.com.ar\/libreria\/#organization","name":"Editorial Guadalupe","alternateName":"Librer\u00eda Guadalupe","url":"https:\/\/libreriaguadalupe.com.ar\/libreria\/","logo":{"@type":"ImageObject","inLanguage":"es","@id":"https:\/\/libreriaguadalupe.com.ar\/libreria\/#\/schema\/logo\/image\/","url":"https:\/\/i0.wp.com\/libreriaguadalupe.com.ar\/libreria\/wp-content\/uploads\/2023\/01\/cropped-logo-editorial-guadalupe.webp?fit=500%2C100&ssl=1","contentUrl":"https:\/\/i0.wp.com\/libreriaguadalupe.com.ar\/libreria\/wp-content\/uploads\/2023\/01\/cropped-logo-editorial-guadalupe.webp?fit=500%2C100&ssl=1","width":500,"height":100,"caption":"Editorial Guadalupe"},"image":{"@id":"https:\/\/libreriaguadalupe.com.ar\/libreria\/#\/schema\/logo\/image\/"},"sameAs":["https:\/\/www.facebook.com\/LibreriaGuadalupeAR\/","https:\/\/www.instagram.com\/editorialguadalupe\/","https:\/\/guadalupeeditorial.mercadoshops.com.ar\/"]}]}},"jetpack_publicize_connections":[],"jetpack_sharing_enabled":true,"jetpack-related-posts":[{"id":19276,"url":"https:\/\/libreriaguadalupe.com.ar\/libreria\/producto\/lectio-divina-para-cada-dia-del-ano-volumen-4\/","url_meta":{"origin":16845,"position":0},"title":"Lectio Divina para cada d\u00eda del a\u00f1o: Volumen 4","author":"Mariano Zuqui","date":"01\/04\/2026","format":false,"excerpt":"Compilador: Giorgio Zevini y Pier Giordano Cabra T\u00edtulo: \"Lectio Divina para cada d\u00eda del a\u00f1o: Volumen 4 - Tiempo de Pascua\" ISBN:978-84-8169-457-4 Formato: 13\u00a0 (ancho) x 21 (alto) cms. Interior: 1\/1 color Papel: Bookcel 80 grs. N\u00ba de P\u00e1ginas: 480 Tapa: Plastificada gofrada Encuadernaci\u00f3n: R\u00fastica, fresada. \u00a0 \u00a0","rel":"","context":"Entrada similar","block_context":{"text":"Entrada similar","link":""},"img":{"alt_text":"","src":"https:\/\/i0.wp.com\/libreriaguadalupe.com.ar\/libreria\/wp-content\/uploads\/2026\/04\/WhatsApp-Image-2026-03-25-at-15.15.34-1.jpg?fit=380%2C586&ssl=1&resize=350%2C200","width":350,"height":200},"classes":[]},{"id":15264,"url":"https:\/\/libreriaguadalupe.com.ar\/libreria\/producto\/lectio-divina-para-la-vida-diaria-textos-biblicos-de-la-vida-consagrada-2\/","url_meta":{"origin":16845,"position":1},"title":"Lectio divina para la vida diaria: Textos biblicos de la vida consagrada","author":"admin","date":"07\/02\/2023","format":false,"excerpt":"AUTOR: Zevini, Giorgio ISBN 8481694383","rel":"","context":"Entrada similar","block_context":{"text":"Entrada similar","link":""},"img":{"alt_text":"","src":"","width":0,"height":0},"classes":[]},{"id":12973,"url":"https:\/\/libreriaguadalupe.com.ar\/libreria\/producto\/lucas-evangelista-de-la-ternura-de-dios\/","url_meta":{"origin":16845,"position":2},"title":"Lucas, evangelista de la ternura de Dios","author":"admin","date":"18\/01\/2023","format":false,"excerpt":"Paginas: 208 Medidas: 15 x 21 cm ISBN: 978-84-8169-216-7","rel":"","context":"Entrada similar","block_context":{"text":"Entrada similar","link":""},"img":{"alt_text":"","src":"https:\/\/i0.wp.com\/libreriaguadalupe.com.ar\/libreria\/wp-content\/uploads\/2023\/01\/279.jpg?fit=380%2C586&ssl=1&resize=350%2C200","width":350,"height":200},"classes":[]},{"id":15510,"url":"https:\/\/libreriaguadalupe.com.ar\/libreria\/producto\/lectio-divina-para-la-vida-diaria-los-salmos-y-los-canticos-de-laudes-y-visperas-semana-4-2\/","url_meta":{"origin":16845,"position":3},"title":"Lectio divina para la vida diaria: Los salmos y los c\u00e1nticos de laudes y v\u00edsperas (Semana 4)","author":"admin","date":"07\/02\/2023","format":false,"excerpt":"Volumen 16 AUTOR: EVD ISBN: 8499451824","rel":"","context":"Entrada similar","block_context":{"text":"Entrada similar","link":""},"img":{"alt_text":"","src":"https:\/\/i0.wp.com\/libreriaguadalupe.com.ar\/libreria\/wp-content\/uploads\/1674\/33\/1195.jpg?fit=227%2C355&ssl=1&resize=350%2C200","width":350,"height":200},"classes":[]},{"id":12927,"url":"https:\/\/libreriaguadalupe.com.ar\/libreria\/producto\/lectio-divina-para-la-vida-diaria-los-salmos-y-los-canticos-de-laudes-y-visperas-semana-1\/","url_meta":{"origin":16845,"position":4},"title":"Lectio divina para la vida diaria: Los salmos y los canticos de laudes y visperas Semana 1","author":"admin","date":"18\/01\/2023","format":false,"excerpt":"Volumen 3 AUTOR: EVD ISBN: 8481698206","rel":"","context":"Entrada similar","block_context":{"text":"Entrada similar","link":""},"img":{"alt_text":"","src":"https:\/\/i0.wp.com\/libreriaguadalupe.com.ar\/libreria\/wp-content\/uploads\/2023\/01\/788.jpg?fit=227%2C357&ssl=1&resize=350%2C200","width":350,"height":200},"classes":[]},{"id":12924,"url":"https:\/\/libreriaguadalupe.com.ar\/libreria\/producto\/lectio-divina-para-la-vida-diaria-los-salmos-y-los-canticos-de-laudes-y-visperas-semana-3\/","url_meta":{"origin":16845,"position":5},"title":"Lectio divina para la vida diaria: Los salmos y los c\u00e1nticos de laudes y v\u00edsperas (Semana 3)","author":"admin","date":"18\/01\/2023","format":false,"excerpt":"Volumen 15 AUTOR: EVD ISBN: 8499452012","rel":"","context":"Entrada similar","block_context":{"text":"Entrada similar","link":""},"img":{"alt_text":"","src":"https:\/\/i0.wp.com\/libreriaguadalupe.com.ar\/libreria\/wp-content\/uploads\/2023\/01\/785.jpg?fit=227%2C356&ssl=1&resize=350%2C200","width":350,"height":200},"classes":[]}],"_links":{"self":[{"href":"https:\/\/libreriaguadalupe.com.ar\/libreria\/wp-json\/wp\/v2\/product\/16845","targetHints":{"allow":["GET"]}}],"collection":[{"href":"https:\/\/libreriaguadalupe.com.ar\/libreria\/wp-json\/wp\/v2\/product"}],"about":[{"href":"https:\/\/libreriaguadalupe.com.ar\/libreria\/wp-json\/wp\/v2\/types\/product"}],"replies":[{"embeddable":true,"href":"https:\/\/libreriaguadalupe.com.ar\/libreria\/wp-json\/wp\/v2\/comments?post=16845"}],"version-history":[{"count":1,"href":"https:\/\/libreriaguadalupe.com.ar\/libreria\/wp-json\/wp\/v2\/product\/16845\/revisions"}],"predecessor-version":[{"id":16847,"href":"https:\/\/libreriaguadalupe.com.ar\/libreria\/wp-json\/wp\/v2\/product\/16845\/revisions\/16847"}],"wp:featuredmedia":[{"embeddable":true,"href":"https:\/\/libreriaguadalupe.com.ar\/libreria\/wp-json\/wp\/v2\/media\/16846"}],"wp:attachment":[{"href":"https:\/\/libreriaguadalupe.com.ar\/libreria\/wp-json\/wp\/v2\/media?parent=16845"}],"wp:term":[{"taxonomy":"product_brand","embeddable":true,"href":"https:\/\/libreriaguadalupe.com.ar\/libreria\/wp-json\/wp\/v2\/product_brand?post=16845"},{"taxonomy":"product_cat","embeddable":true,"href":"https:\/\/libreriaguadalupe.com.ar\/libreria\/wp-json\/wp\/v2\/product_cat?post=16845"},{"taxonomy":"product_tag","embeddable":true,"href":"https:\/\/libreriaguadalupe.com.ar\/libreria\/wp-json\/wp\/v2\/product_tag?post=16845"}],"curies":[{"name":"wp","href":"https:\/\/api.w.org\/{rel}","templated":true}]}}