{"id":16829,"date":"2023-03-22T16:07:37","date_gmt":"2023-03-22T19:07:37","guid":{"rendered":"https:\/\/libreriaguadalupe.com.ar\/libreria\/?post_type=product&#038;p=16829"},"modified":"2025-05-05T17:30:00","modified_gmt":"2025-05-05T20:30:00","slug":"de-pastores-y-de-ovejas","status":"publish","type":"product","link":"https:\/\/libreriaguadalupe.com.ar\/libreria\/producto\/de-pastores-y-de-ovejas\/","title":{"rendered":"De Pastores Y De Ovejas"},"content":{"rendered":"<p>Mons. Hector Ruben Aguer celebra 25 a\u00f1os de or denaci\u00f3n episcopal (4 de abril de 1992-2017), La Iglesia local de La Plata y la Iglesia toda vive estas Bodas de Plata como un hecho teol\u00f3gico y eclesial un hijo suyo, sacerdote, obispo teologo, educador y pastor testimonia su vida renovando fidelidad tra- bajo, oraci\u00f3n, ense\u00f1anza y gobierno<\/p>\n<p>El titulo del libro De pastores y de ovejas, est\u00e1 to- mado de una homilia que pronunciara Mons Aguer el IV domingo de Pascua de 2012 un a\u00f1o antes del llamado a la Sede de Pedro del Card Jorge Mario Bergoglio Hemos querido presentar reflexiones que abarcaran las distintas dimensiones de la formaci\u00f3n espiritual, formaci\u00f3n intelectual, formaci\u00f3n lit\u00fargica, formaci\u00f3n pastoral y el propio misterio de la voca- ci\u00f3n sacerdotal Esta selecci\u00f3n surge de c\u00f3mo el au- tor concibe la teolog\u00eda del sacerdocio marcada por la Escritura, los Padres de la Iglesia y la Tradici\u00f3n, que hacen la verdadera historia. La liturgia ha sido y es a\u00fan hoy una actividad central en la vida y en el trabajo teol\u00f3gico y pastoral de nuestro Arzobis- po. Sagrada Escritura, Padres de la Iglesia y Liturgia son, como en la teologia del Papa Benedicto XVL el hummus vital de la reflexi\u00f3n teol\u00f3gica aqueriana.<\/p>\n","protected":false},"excerpt":{"rendered":"<p><strong>Escritos sacerdotales de Mons. H\u00e9ctor Aguer<\/strong><\/p>\n<p>Autor: UNIVERSIDAD CATOLICA DE LA PLATA<strong><br \/>\n<\/strong>ISBN: 9789505007448<br \/>\nDimensiones: 16 x 23 cm<br \/>\nP\u00e1ginas: 296<\/p>\n","protected":false},"featured_media":16830,"comment_status":"open","ping_status":"closed","template":"","meta":{"jetpack_publicize_message":"","jetpack_publicize_feature_enabled":true,"jetpack_social_post_already_shared":true,"jetpack_social_options":{"image_generator_settings":{"template":"highway","default_image_id":0,"font":"","enabled":false},"version":2}},"product_brand":[],"product_cat":[88,121],"product_tag":[127],"class_list":{"0":"post-16829","1":"product","2":"type-product","3":"status-publish","4":"has-post-thumbnail","6":"product_cat-espiritualidad-cultura-social","7":"product_cat-guadalupe","8":"product_tag-editorial-guadalupe-de-argentina","10":"first","11":"instock","12":"shipping-taxable","13":"purchasable","14":"product-type-simple"},"yoast_head":"<!-- This site is optimized with the Yoast SEO plugin v27.4 - https:\/\/yoast.com\/product\/yoast-seo-wordpress\/ -->\n<title>De Pastores Y De Ovejas - Editorial Guadalupe de Argentina<\/title>\n<meta name=\"description\" content=\"Mons. Hector Ruben Aguer celebra 25 a\u00f1os de or denaci\u00f3n episcopal (4 de abril de 1992-2017), La Iglesia local de La Plata y la Iglesia toda vive estas Bodas de Plata como un hecho teol\u00f3gico y eclesial un hijo suyo, sacerdote, obispo teologo, educador y pastor testimonia su vida renovando fidelidad tra- bajo, oraci\u00f3n, ense\u00f1anza y gobierno\" \/>\n<meta name=\"robots\" content=\"index, follow, max-snippet:-1, max-image-preview:large, max-video-preview:-1\" \/>\n<link rel=\"canonical\" href=\"https:\/\/libreriaguadalupe.com.ar\/libreria\/producto\/de-pastores-y-de-ovejas\/\" \/>\n<meta property=\"og:locale\" content=\"es_ES\" \/>\n<meta property=\"og:type\" content=\"article\" \/>\n<meta property=\"og:title\" content=\"De Pastores Y De Ovejas - Editorial Guadalupe de Argentina\" \/>\n<meta property=\"og:description\" content=\"Mons. Hector Ruben Aguer celebra 25 a\u00f1os de or denaci\u00f3n episcopal (4 de abril de 1992-2017), La Iglesia local de La Plata y la Iglesia toda vive estas Bodas de Plata como un hecho teol\u00f3gico y eclesial un hijo suyo, sacerdote, obispo teologo, educador y pastor testimonia su vida renovando fidelidad tra- bajo, oraci\u00f3n, ense\u00f1anza y gobierno\" \/>\n<meta property=\"og:url\" content=\"https:\/\/libreriaguadalupe.com.ar\/libreria\/producto\/de-pastores-y-de-ovejas\/\" \/>\n<meta property=\"og:site_name\" content=\"Editorial Guadalupe de Argentina\" \/>\n<meta property=\"article:publisher\" content=\"https:\/\/www.facebook.com\/LibreriaGuadalupeAR\/\" \/>\n<meta property=\"article:modified_time\" content=\"2025-05-05T20:30:00+00:00\" \/>\n<meta property=\"og:image\" content=\"https:\/\/libreriaguadalupe.com.ar\/libreria\/wp-content\/uploads\/2023\/03\/De-Pastores-Y-De-Ovejas.jpeg\" \/>\n\t<meta property=\"og:image:width\" content=\"340\" \/>\n\t<meta property=\"og:image:height\" content=\"500\" \/>\n\t<meta property=\"og:image:type\" content=\"image\/jpeg\" \/>\n<meta name=\"twitter:card\" content=\"summary_large_image\" \/>\n<meta name=\"twitter:label1\" content=\"Tiempo de lectura\" \/>\n\t<meta name=\"twitter:data1\" content=\"2 minutos\" \/>\n<script type=\"application\/ld+json\" class=\"yoast-schema-graph\">{\"@context\":\"https:\\\/\\\/schema.org\",\"@graph\":[{\"@type\":\"WebPage\",\"@id\":\"https:\\\/\\\/libreriaguadalupe.com.ar\\\/libreria\\\/producto\\\/de-pastores-y-de-ovejas\\\/\",\"url\":\"https:\\\/\\\/libreriaguadalupe.com.ar\\\/libreria\\\/producto\\\/de-pastores-y-de-ovejas\\\/\",\"name\":\"De Pastores Y De Ovejas - Editorial Guadalupe de Argentina\",\"isPartOf\":{\"@id\":\"https:\\\/\\\/libreriaguadalupe.com.ar\\\/libreria\\\/#website\"},\"primaryImageOfPage\":{\"@id\":\"https:\\\/\\\/libreriaguadalupe.com.ar\\\/libreria\\\/producto\\\/de-pastores-y-de-ovejas\\\/#primaryimage\"},\"image\":{\"@id\":\"https:\\\/\\\/libreriaguadalupe.com.ar\\\/libreria\\\/producto\\\/de-pastores-y-de-ovejas\\\/#primaryimage\"},\"thumbnailUrl\":\"https:\\\/\\\/i0.wp.com\\\/libreriaguadalupe.com.ar\\\/libreria\\\/wp-content\\\/uploads\\\/2023\\\/03\\\/De-Pastores-Y-De-Ovejas.jpeg?fit=340%2C500&ssl=1\",\"datePublished\":\"2023-03-22T19:07:37+00:00\",\"dateModified\":\"2025-05-05T20:30:00+00:00\",\"description\":\"Mons. Hector Ruben Aguer celebra 25 a\u00f1os de or denaci\u00f3n episcopal (4 de abril de 1992-2017), La Iglesia local de La Plata y la Iglesia toda vive estas Bodas de Plata como un hecho teol\u00f3gico y eclesial un hijo suyo, sacerdote, obispo teologo, educador y pastor testimonia su vida renovando fidelidad tra- bajo, oraci\u00f3n, ense\u00f1anza y gobierno\",\"breadcrumb\":{\"@id\":\"https:\\\/\\\/libreriaguadalupe.com.ar\\\/libreria\\\/producto\\\/de-pastores-y-de-ovejas\\\/#breadcrumb\"},\"inLanguage\":\"es\",\"potentialAction\":[{\"@type\":\"ReadAction\",\"target\":[\"https:\\\/\\\/libreriaguadalupe.com.ar\\\/libreria\\\/producto\\\/de-pastores-y-de-ovejas\\\/\"]}]},{\"@type\":\"ImageObject\",\"inLanguage\":\"es\",\"@id\":\"https:\\\/\\\/libreriaguadalupe.com.ar\\\/libreria\\\/producto\\\/de-pastores-y-de-ovejas\\\/#primaryimage\",\"url\":\"https:\\\/\\\/i0.wp.com\\\/libreriaguadalupe.com.ar\\\/libreria\\\/wp-content\\\/uploads\\\/2023\\\/03\\\/De-Pastores-Y-De-Ovejas.jpeg?fit=340%2C500&ssl=1\",\"contentUrl\":\"https:\\\/\\\/i0.wp.com\\\/libreriaguadalupe.com.ar\\\/libreria\\\/wp-content\\\/uploads\\\/2023\\\/03\\\/De-Pastores-Y-De-Ovejas.jpeg?fit=340%2C500&ssl=1\",\"width\":340,\"height\":500},{\"@type\":\"BreadcrumbList\",\"@id\":\"https:\\\/\\\/libreriaguadalupe.com.ar\\\/libreria\\\/producto\\\/de-pastores-y-de-ovejas\\\/#breadcrumb\",\"itemListElement\":[{\"@type\":\"ListItem\",\"position\":1,\"name\":\"Portada\",\"item\":\"https:\\\/\\\/libreriaguadalupe.com.ar\\\/libreria\\\/\"},{\"@type\":\"ListItem\",\"position\":2,\"name\":\"Tienda\",\"item\":\"https:\\\/\\\/libreriaguadalupe.com.ar\\\/libreria\\\/\"},{\"@type\":\"ListItem\",\"position\":3,\"name\":\"De Pastores Y De Ovejas\"}]},{\"@type\":\"WebSite\",\"@id\":\"https:\\\/\\\/libreriaguadalupe.com.ar\\\/libreria\\\/#website\",\"url\":\"https:\\\/\\\/libreriaguadalupe.com.ar\\\/libreria\\\/\",\"name\":\"Editorial Guadalupe de Argentina\",\"description\":\"Congregaci\u00f3n del Verbo Divino\",\"publisher\":{\"@id\":\"https:\\\/\\\/libreriaguadalupe.com.ar\\\/libreria\\\/#organization\"},\"alternateName\":\"Librer\u00eda Guadalupe\",\"potentialAction\":[{\"@type\":\"SearchAction\",\"target\":{\"@type\":\"EntryPoint\",\"urlTemplate\":\"https:\\\/\\\/libreriaguadalupe.com.ar\\\/libreria\\\/?s={search_term_string}\"},\"query-input\":{\"@type\":\"PropertyValueSpecification\",\"valueRequired\":true,\"valueName\":\"search_term_string\"}}],\"inLanguage\":\"es\"},{\"@type\":\"Organization\",\"@id\":\"https:\\\/\\\/libreriaguadalupe.com.ar\\\/libreria\\\/#organization\",\"name\":\"Editorial Guadalupe\",\"alternateName\":\"Librer\u00eda Guadalupe\",\"url\":\"https:\\\/\\\/libreriaguadalupe.com.ar\\\/libreria\\\/\",\"logo\":{\"@type\":\"ImageObject\",\"inLanguage\":\"es\",\"@id\":\"https:\\\/\\\/libreriaguadalupe.com.ar\\\/libreria\\\/#\\\/schema\\\/logo\\\/image\\\/\",\"url\":\"https:\\\/\\\/i0.wp.com\\\/libreriaguadalupe.com.ar\\\/libreria\\\/wp-content\\\/uploads\\\/2023\\\/01\\\/cropped-logo-editorial-guadalupe.webp?fit=500%2C100&ssl=1\",\"contentUrl\":\"https:\\\/\\\/i0.wp.com\\\/libreriaguadalupe.com.ar\\\/libreria\\\/wp-content\\\/uploads\\\/2023\\\/01\\\/cropped-logo-editorial-guadalupe.webp?fit=500%2C100&ssl=1\",\"width\":500,\"height\":100,\"caption\":\"Editorial Guadalupe\"},\"image\":{\"@id\":\"https:\\\/\\\/libreriaguadalupe.com.ar\\\/libreria\\\/#\\\/schema\\\/logo\\\/image\\\/\"},\"sameAs\":[\"https:\\\/\\\/www.facebook.com\\\/LibreriaGuadalupeAR\\\/\",\"https:\\\/\\\/www.instagram.com\\\/editorialguadalupe\\\/\",\"https:\\\/\\\/guadalupeeditorial.mercadoshops.com.ar\\\/\"]}]}<\/script>\n<!-- \/ Yoast SEO plugin. -->","yoast_head_json":{"title":"De Pastores Y De Ovejas - Editorial Guadalupe de Argentina","description":"Mons. Hector Ruben Aguer celebra 25 a\u00f1os de or denaci\u00f3n episcopal (4 de abril de 1992-2017), La Iglesia local de La Plata y la Iglesia toda vive estas Bodas de Plata como un hecho teol\u00f3gico y eclesial un hijo suyo, sacerdote, obispo teologo, educador y pastor testimonia su vida renovando fidelidad tra- bajo, oraci\u00f3n, ense\u00f1anza y gobierno","robots":{"index":"index","follow":"follow","max-snippet":"max-snippet:-1","max-image-preview":"max-image-preview:large","max-video-preview":"max-video-preview:-1"},"canonical":"https:\/\/libreriaguadalupe.com.ar\/libreria\/producto\/de-pastores-y-de-ovejas\/","og_locale":"es_ES","og_type":"article","og_title":"De Pastores Y De Ovejas - Editorial Guadalupe de Argentina","og_description":"Mons. Hector Ruben Aguer celebra 25 a\u00f1os de or denaci\u00f3n episcopal (4 de abril de 1992-2017), La Iglesia local de La Plata y la Iglesia toda vive estas Bodas de Plata como un hecho teol\u00f3gico y eclesial un hijo suyo, sacerdote, obispo teologo, educador y pastor testimonia su vida renovando fidelidad tra- bajo, oraci\u00f3n, ense\u00f1anza y gobierno","og_url":"https:\/\/libreriaguadalupe.com.ar\/libreria\/producto\/de-pastores-y-de-ovejas\/","og_site_name":"Editorial Guadalupe de Argentina","article_publisher":"https:\/\/www.facebook.com\/LibreriaGuadalupeAR\/","article_modified_time":"2025-05-05T20:30:00+00:00","og_image":[{"width":340,"height":500,"url":"https:\/\/libreriaguadalupe.com.ar\/libreria\/wp-content\/uploads\/2023\/03\/De-Pastores-Y-De-Ovejas.jpeg","type":"image\/jpeg"}],"twitter_card":"summary_large_image","twitter_misc":{"Tiempo de lectura":"2 minutos"},"schema":{"@context":"https:\/\/schema.org","@graph":[{"@type":"WebPage","@id":"https:\/\/libreriaguadalupe.com.ar\/libreria\/producto\/de-pastores-y-de-ovejas\/","url":"https:\/\/libreriaguadalupe.com.ar\/libreria\/producto\/de-pastores-y-de-ovejas\/","name":"De Pastores Y De Ovejas - Editorial Guadalupe de Argentina","isPartOf":{"@id":"https:\/\/libreriaguadalupe.com.ar\/libreria\/#website"},"primaryImageOfPage":{"@id":"https:\/\/libreriaguadalupe.com.ar\/libreria\/producto\/de-pastores-y-de-ovejas\/#primaryimage"},"image":{"@id":"https:\/\/libreriaguadalupe.com.ar\/libreria\/producto\/de-pastores-y-de-ovejas\/#primaryimage"},"thumbnailUrl":"https:\/\/i0.wp.com\/libreriaguadalupe.com.ar\/libreria\/wp-content\/uploads\/2023\/03\/De-Pastores-Y-De-Ovejas.jpeg?fit=340%2C500&ssl=1","datePublished":"2023-03-22T19:07:37+00:00","dateModified":"2025-05-05T20:30:00+00:00","description":"Mons. Hector Ruben Aguer celebra 25 a\u00f1os de or denaci\u00f3n episcopal (4 de abril de 1992-2017), La Iglesia local de La Plata y la Iglesia toda vive estas Bodas de Plata como un hecho teol\u00f3gico y eclesial un hijo suyo, sacerdote, obispo teologo, educador y pastor testimonia su vida renovando fidelidad tra- bajo, oraci\u00f3n, ense\u00f1anza y gobierno","breadcrumb":{"@id":"https:\/\/libreriaguadalupe.com.ar\/libreria\/producto\/de-pastores-y-de-ovejas\/#breadcrumb"},"inLanguage":"es","potentialAction":[{"@type":"ReadAction","target":["https:\/\/libreriaguadalupe.com.ar\/libreria\/producto\/de-pastores-y-de-ovejas\/"]}]},{"@type":"ImageObject","inLanguage":"es","@id":"https:\/\/libreriaguadalupe.com.ar\/libreria\/producto\/de-pastores-y-de-ovejas\/#primaryimage","url":"https:\/\/i0.wp.com\/libreriaguadalupe.com.ar\/libreria\/wp-content\/uploads\/2023\/03\/De-Pastores-Y-De-Ovejas.jpeg?fit=340%2C500&ssl=1","contentUrl":"https:\/\/i0.wp.com\/libreriaguadalupe.com.ar\/libreria\/wp-content\/uploads\/2023\/03\/De-Pastores-Y-De-Ovejas.jpeg?fit=340%2C500&ssl=1","width":340,"height":500},{"@type":"BreadcrumbList","@id":"https:\/\/libreriaguadalupe.com.ar\/libreria\/producto\/de-pastores-y-de-ovejas\/#breadcrumb","itemListElement":[{"@type":"ListItem","position":1,"name":"Portada","item":"https:\/\/libreriaguadalupe.com.ar\/libreria\/"},{"@type":"ListItem","position":2,"name":"Tienda","item":"https:\/\/libreriaguadalupe.com.ar\/libreria\/"},{"@type":"ListItem","position":3,"name":"De Pastores Y De Ovejas"}]},{"@type":"WebSite","@id":"https:\/\/libreriaguadalupe.com.ar\/libreria\/#website","url":"https:\/\/libreriaguadalupe.com.ar\/libreria\/","name":"Editorial Guadalupe de Argentina","description":"Congregaci\u00f3n del Verbo Divino","publisher":{"@id":"https:\/\/libreriaguadalupe.com.ar\/libreria\/#organization"},"alternateName":"Librer\u00eda Guadalupe","potentialAction":[{"@type":"SearchAction","target":{"@type":"EntryPoint","urlTemplate":"https:\/\/libreriaguadalupe.com.ar\/libreria\/?s={search_term_string}"},"query-input":{"@type":"PropertyValueSpecification","valueRequired":true,"valueName":"search_term_string"}}],"inLanguage":"es"},{"@type":"Organization","@id":"https:\/\/libreriaguadalupe.com.ar\/libreria\/#organization","name":"Editorial Guadalupe","alternateName":"Librer\u00eda Guadalupe","url":"https:\/\/libreriaguadalupe.com.ar\/libreria\/","logo":{"@type":"ImageObject","inLanguage":"es","@id":"https:\/\/libreriaguadalupe.com.ar\/libreria\/#\/schema\/logo\/image\/","url":"https:\/\/i0.wp.com\/libreriaguadalupe.com.ar\/libreria\/wp-content\/uploads\/2023\/01\/cropped-logo-editorial-guadalupe.webp?fit=500%2C100&ssl=1","contentUrl":"https:\/\/i0.wp.com\/libreriaguadalupe.com.ar\/libreria\/wp-content\/uploads\/2023\/01\/cropped-logo-editorial-guadalupe.webp?fit=500%2C100&ssl=1","width":500,"height":100,"caption":"Editorial Guadalupe"},"image":{"@id":"https:\/\/libreriaguadalupe.com.ar\/libreria\/#\/schema\/logo\/image\/"},"sameAs":["https:\/\/www.facebook.com\/LibreriaGuadalupeAR\/","https:\/\/www.instagram.com\/editorialguadalupe\/","https:\/\/guadalupeeditorial.mercadoshops.com.ar\/"]}]}},"jetpack_publicize_connections":[],"jetpack_sharing_enabled":true,"jetpack-related-posts":[{"id":14729,"url":"https:\/\/libreriaguadalupe.com.ar\/libreria\/producto\/formar-verdaderos-pastores-2\/","url_meta":{"origin":16829,"position":0},"title":"Formar verdaderos pastores","author":"admin","date":"07\/02\/2023","format":false,"excerpt":"112 p\u00e1gs. 20,5 x 20,5 cm AUTOR: Mons. Carmelo Giaquinta ISBN: 9505006441","rel":"","context":"Entrada similar","block_context":{"text":"Entrada similar","link":""},"img":{"alt_text":"","src":"https:\/\/i0.wp.com\/libreriaguadalupe.com.ar\/libreria\/wp-content\/uploads\/1674\/33\/309.jpg?fit=661%2C602&ssl=1&resize=350%2C200","width":350,"height":200,"srcset":"https:\/\/i0.wp.com\/libreriaguadalupe.com.ar\/libreria\/wp-content\/uploads\/1674\/33\/309.jpg?fit=661%2C602&ssl=1&resize=350%2C200 1x, https:\/\/i0.wp.com\/libreriaguadalupe.com.ar\/libreria\/wp-content\/uploads\/1674\/33\/309.jpg?fit=661%2C602&ssl=1&resize=525%2C300 1.5x"},"classes":[]},{"id":16074,"url":"https:\/\/libreriaguadalupe.com.ar\/libreria\/producto\/la-vision-teologica-de-oscar-romero\/","url_meta":{"origin":16829,"position":1},"title":"La visi\u00f3n teol\u00f3gica de \u00d3scar Romero","author":"admin","date":"12\/02\/2023","format":false,"excerpt":"Liberaci\u00f3n y transfiguraci\u00f3n de los pobres AUTOR: EDGARDO A. COLON-EMERIC ISBN: 9505008681","rel":"","context":"Entrada similar","block_context":{"text":"Entrada similar","link":""},"img":{"alt_text":"","src":"https:\/\/i0.wp.com\/libreriaguadalupe.com.ar\/libreria\/wp-content\/uploads\/2023\/02\/La-vision-teologica-de-Oscar-Romero.webp?fit=712%2C1140&ssl=1&resize=350%2C200","width":350,"height":200,"srcset":"https:\/\/i0.wp.com\/libreriaguadalupe.com.ar\/libreria\/wp-content\/uploads\/2023\/02\/La-vision-teologica-de-Oscar-Romero.webp?fit=712%2C1140&ssl=1&resize=350%2C200 1x, https:\/\/i0.wp.com\/libreriaguadalupe.com.ar\/libreria\/wp-content\/uploads\/2023\/02\/La-vision-teologica-de-Oscar-Romero.webp?fit=712%2C1140&ssl=1&resize=525%2C300 1.5x, https:\/\/i0.wp.com\/libreriaguadalupe.com.ar\/libreria\/wp-content\/uploads\/2023\/02\/La-vision-teologica-de-Oscar-Romero.webp?fit=712%2C1140&ssl=1&resize=700%2C400 2x"},"classes":[]},{"id":16077,"url":"https:\/\/libreriaguadalupe.com.ar\/libreria\/producto\/la-vision-teologica-de-oscar-romero-e-book\/","url_meta":{"origin":16829,"position":2},"title":"La visi\u00f3n teol\u00f3gica de \u00d3scar Romero (E-BOOK)","author":"admin","date":"12\/02\/2023","format":false,"excerpt":"EDICION DIGITAL AUTOR: EDGARDO A. COLON-EMERIC ISBN: 9505008681","rel":"","context":"Entrada similar","block_context":{"text":"Entrada similar","link":""},"img":{"alt_text":"","src":"https:\/\/i0.wp.com\/libreriaguadalupe.com.ar\/libreria\/wp-content\/uploads\/2023\/02\/La-vision-teologica-de-Oscar-Romero.webp?fit=712%2C1140&ssl=1&resize=350%2C200","width":350,"height":200,"srcset":"https:\/\/i0.wp.com\/libreriaguadalupe.com.ar\/libreria\/wp-content\/uploads\/2023\/02\/La-vision-teologica-de-Oscar-Romero.webp?fit=712%2C1140&ssl=1&resize=350%2C200 1x, https:\/\/i0.wp.com\/libreriaguadalupe.com.ar\/libreria\/wp-content\/uploads\/2023\/02\/La-vision-teologica-de-Oscar-Romero.webp?fit=712%2C1140&ssl=1&resize=525%2C300 1.5x, https:\/\/i0.wp.com\/libreriaguadalupe.com.ar\/libreria\/wp-content\/uploads\/2023\/02\/La-vision-teologica-de-Oscar-Romero.webp?fit=712%2C1140&ssl=1&resize=700%2C400 2x"},"classes":[]},{"id":17310,"url":"https:\/\/libreriaguadalupe.com.ar\/libreria\/producto\/mons-jorge-novak-svd-un-contemplativo-en-accion\/","url_meta":{"origin":16829,"position":3},"title":"MONS. JORGE NOVAK SVD, UN CONTEMPLATIVO EN ACCI\u00d3N","author":"admin","date":"07\/06\/2023","format":false,"excerpt":"La identidad y la espiritualidad sacerdotal en la praxis pastoral y misionera Autor: J\u00d3ZEF KAZIMIERZ GW\u00d3\u0179D\u0179 SVD ISBN: 978-950-500-894-0 Dimensiones: 16 x 23 cm P\u00e1ginas: 774","rel":"","context":"Entrada similar","block_context":{"text":"Entrada similar","link":""},"img":{"alt_text":"","src":"https:\/\/i0.wp.com\/libreriaguadalupe.com.ar\/libreria\/wp-content\/uploads\/2023\/06\/NOVEDAD-TIENDA-JUNIO.jpg?fit=470%2C470&ssl=1&resize=350%2C200","width":350,"height":200},"classes":[]},{"id":16725,"url":"https:\/\/libreriaguadalupe.com.ar\/libreria\/producto\/signos-en-la-iglesia-latinoamericana\/","url_meta":{"origin":16829,"position":4},"title":"Signos en la Iglesia Latinoamericana","author":"admin","date":"15\/03\/2023","format":false,"excerpt":"Evangelizaci\u00f3n y liberaci\u00f3n Colecci\u00f3n: Teolog\u00eda en camino Autor: PIRONIO EDUARDO ISBN: 9505006458","rel":"","context":"Entrada similar","block_context":{"text":"Entrada similar","link":""},"img":{"alt_text":"Signos en la Iglesia Latinoamericana","src":"https:\/\/i0.wp.com\/libreriaguadalupe.com.ar\/libreria\/wp-content\/uploads\/2023\/03\/Signos-de-la-Iglesia-Latinoamericana.jpg?fit=500%2C509&ssl=1&resize=350%2C200","width":350,"height":200},"classes":[]},{"id":15551,"url":"https:\/\/libreriaguadalupe.com.ar\/libreria\/producto\/1-y-2-corintios-1-y-2-tesalonicenses-2\/","url_meta":{"origin":16829,"position":5},"title":"1 Y 2 CORINTIOS 1 Y 2 TESALONICENSES","author":"admin","date":"07\/02\/2023","format":false,"excerpt":"Autor: EDUARDO C\u00f3rdova Gonz\u00e1lez ISBN: 8490732212 Dimensiones: 14 x 21 cm P\u00e1ginas: 400","rel":"","context":"Entrada similar","block_context":{"text":"Entrada similar","link":""},"img":{"alt_text":"","src":"https:\/\/i0.wp.com\/libreriaguadalupe.com.ar\/libreria\/wp-content\/uploads\/2023\/01\/0.jpg?fit=337%2C500&ssl=1&resize=350%2C200","width":350,"height":200},"classes":[]}],"_links":{"self":[{"href":"https:\/\/libreriaguadalupe.com.ar\/libreria\/wp-json\/wp\/v2\/product\/16829","targetHints":{"allow":["GET"]}}],"collection":[{"href":"https:\/\/libreriaguadalupe.com.ar\/libreria\/wp-json\/wp\/v2\/product"}],"about":[{"href":"https:\/\/libreriaguadalupe.com.ar\/libreria\/wp-json\/wp\/v2\/types\/product"}],"replies":[{"embeddable":true,"href":"https:\/\/libreriaguadalupe.com.ar\/libreria\/wp-json\/wp\/v2\/comments?post=16829"}],"version-history":[{"count":2,"href":"https:\/\/libreriaguadalupe.com.ar\/libreria\/wp-json\/wp\/v2\/product\/16829\/revisions"}],"predecessor-version":[{"id":16832,"href":"https:\/\/libreriaguadalupe.com.ar\/libreria\/wp-json\/wp\/v2\/product\/16829\/revisions\/16832"}],"wp:featuredmedia":[{"embeddable":true,"href":"https:\/\/libreriaguadalupe.com.ar\/libreria\/wp-json\/wp\/v2\/media\/16830"}],"wp:attachment":[{"href":"https:\/\/libreriaguadalupe.com.ar\/libreria\/wp-json\/wp\/v2\/media?parent=16829"}],"wp:term":[{"taxonomy":"product_brand","embeddable":true,"href":"https:\/\/libreriaguadalupe.com.ar\/libreria\/wp-json\/wp\/v2\/product_brand?post=16829"},{"taxonomy":"product_cat","embeddable":true,"href":"https:\/\/libreriaguadalupe.com.ar\/libreria\/wp-json\/wp\/v2\/product_cat?post=16829"},{"taxonomy":"product_tag","embeddable":true,"href":"https:\/\/libreriaguadalupe.com.ar\/libreria\/wp-json\/wp\/v2\/product_tag?post=16829"}],"curies":[{"name":"wp","href":"https:\/\/api.w.org\/{rel}","templated":true}]}}