{"id":16826,"date":"2023-03-22T15:52:06","date_gmt":"2023-03-22T18:52:06","guid":{"rendered":"https:\/\/libreriaguadalupe.com.ar\/libreria\/?post_type=product&#038;p=16826"},"modified":"2024-03-14T10:20:23","modified_gmt":"2024-03-14T13:20:23","slug":"devocionario-del-santisimo-sacramento","status":"publish","type":"product","link":"https:\/\/libreriaguadalupe.com.ar\/libreria\/producto\/devocionario-del-santisimo-sacramento\/","title":{"rendered":"Devocionario Del Santisimo Sacramento"},"content":{"rendered":"<p>Descripci\u00f3n<br \/>\n\u00abYo soy el pan de la vida.<br \/>\nEl que viene a mi jam\u00e1s tendr\u00e1 hambre;<br \/>\nel que cree en mi jam\u00e1s tendr\u00e1 sed&#8230;<br \/>\nYo soy el pan vivo que ha bajado del cielo;<br \/>\nel que coma de este pan vivir\u00e1 para siempre.\u00bb<\/p>\n<p>Juan 6, 35.51<\/p>\n","protected":false},"excerpt":{"rendered":"<p><strong>Visitas al sant\u00edsimo sacramento<\/strong><\/p>\n<p>Autor: Misioneras Siervas del Esp\u00edritu Santo de Perpetua Adoraci\u00f3n<strong><br \/>\n<\/strong>ISBN: 9789505006205<br \/>\nDimensiones: 11 x 17 cm<br \/>\nP\u00e1ginas: 56<\/p>\n","protected":false},"featured_media":16827,"comment_status":"open","ping_status":"closed","template":"","meta":{"jetpack_publicize_message":"","jetpack_publicize_feature_enabled":true,"jetpack_social_post_already_shared":true,"jetpack_social_options":{"image_generator_settings":{"template":"highway","default_image_id":0,"font":"","enabled":false},"version":2}},"product_brand":[],"product_cat":[88,121],"product_tag":[127],"class_list":{"0":"post-16826","1":"product","2":"type-product","3":"status-publish","4":"has-post-thumbnail","6":"product_cat-espiritualidad-cultura-social","7":"product_cat-guadalupe","8":"product_tag-editorial-guadalupe-de-argentina","10":"first","11":"outofstock","12":"shipping-taxable","13":"purchasable","14":"product-type-simple"},"yoast_head":"<!-- This site is optimized with the Yoast SEO plugin v27.4 - https:\/\/yoast.com\/product\/yoast-seo-wordpress\/ -->\n<title>Devocionario Del Santisimo Sacramento - Editorial Guadalupe de Argentina<\/title>\n<meta name=\"description\" content=\"&quot;Yo soy el pan de la vida.El que viene a mi jam\u00e1s tendr\u00e1 hambre;el que cree en mi jam\u00e1s tendr\u00e1 sed...Yo soy el pan vivo que ha bajado del cielo;el que coma de este pan vivir\u00e1 para siempre.&quot;\" \/>\n<meta name=\"robots\" content=\"index, follow, max-snippet:-1, max-image-preview:large, max-video-preview:-1\" \/>\n<link rel=\"canonical\" href=\"https:\/\/libreriaguadalupe.com.ar\/libreria\/producto\/devocionario-del-santisimo-sacramento\/\" \/>\n<meta property=\"og:locale\" content=\"es_ES\" \/>\n<meta property=\"og:type\" content=\"article\" \/>\n<meta property=\"og:title\" content=\"Devocionario Del Santisimo Sacramento - Editorial Guadalupe de Argentina\" \/>\n<meta property=\"og:description\" content=\"&quot;Yo soy el pan de la vida.El que viene a mi jam\u00e1s tendr\u00e1 hambre;el que cree en mi jam\u00e1s tendr\u00e1 sed...Yo soy el pan vivo que ha bajado del cielo;el que coma de este pan vivir\u00e1 para siempre.&quot;\" \/>\n<meta property=\"og:url\" content=\"https:\/\/libreriaguadalupe.com.ar\/libreria\/producto\/devocionario-del-santisimo-sacramento\/\" \/>\n<meta property=\"og:site_name\" content=\"Editorial Guadalupe de Argentina\" \/>\n<meta property=\"article:publisher\" content=\"https:\/\/www.facebook.com\/LibreriaGuadalupeAR\/\" \/>\n<meta property=\"article:modified_time\" content=\"2024-03-14T13:20:23+00:00\" \/>\n<meta property=\"og:image\" content=\"https:\/\/libreriaguadalupe.com.ar\/libreria\/wp-content\/uploads\/2023\/03\/Devocionario-Del-Santisimo-Sacramento.jpeg\" \/>\n\t<meta property=\"og:image:width\" content=\"375\" \/>\n\t<meta property=\"og:image:height\" content=\"500\" \/>\n\t<meta property=\"og:image:type\" content=\"image\/jpeg\" \/>\n<meta name=\"twitter:card\" content=\"summary_large_image\" \/>\n<meta name=\"twitter:label1\" content=\"Tiempo de lectura\" \/>\n\t<meta name=\"twitter:data1\" content=\"1 minuto\" \/>\n<script type=\"application\/ld+json\" class=\"yoast-schema-graph\">{\"@context\":\"https:\\\/\\\/schema.org\",\"@graph\":[{\"@type\":\"WebPage\",\"@id\":\"https:\\\/\\\/libreriaguadalupe.com.ar\\\/libreria\\\/producto\\\/devocionario-del-santisimo-sacramento\\\/\",\"url\":\"https:\\\/\\\/libreriaguadalupe.com.ar\\\/libreria\\\/producto\\\/devocionario-del-santisimo-sacramento\\\/\",\"name\":\"Devocionario Del Santisimo Sacramento - Editorial Guadalupe de Argentina\",\"isPartOf\":{\"@id\":\"https:\\\/\\\/libreriaguadalupe.com.ar\\\/libreria\\\/#website\"},\"primaryImageOfPage\":{\"@id\":\"https:\\\/\\\/libreriaguadalupe.com.ar\\\/libreria\\\/producto\\\/devocionario-del-santisimo-sacramento\\\/#primaryimage\"},\"image\":{\"@id\":\"https:\\\/\\\/libreriaguadalupe.com.ar\\\/libreria\\\/producto\\\/devocionario-del-santisimo-sacramento\\\/#primaryimage\"},\"thumbnailUrl\":\"https:\\\/\\\/i0.wp.com\\\/libreriaguadalupe.com.ar\\\/libreria\\\/wp-content\\\/uploads\\\/2023\\\/03\\\/Devocionario-Del-Santisimo-Sacramento.jpeg?fit=375%2C500&ssl=1\",\"datePublished\":\"2023-03-22T18:52:06+00:00\",\"dateModified\":\"2024-03-14T13:20:23+00:00\",\"description\":\"\\\"Yo soy el pan de la vida.El que viene a mi jam\u00e1s tendr\u00e1 hambre;el que cree en mi jam\u00e1s tendr\u00e1 sed...Yo soy el pan vivo que ha bajado del cielo;el que coma de este pan vivir\u00e1 para siempre.\\\"\",\"breadcrumb\":{\"@id\":\"https:\\\/\\\/libreriaguadalupe.com.ar\\\/libreria\\\/producto\\\/devocionario-del-santisimo-sacramento\\\/#breadcrumb\"},\"inLanguage\":\"es\",\"potentialAction\":[{\"@type\":\"ReadAction\",\"target\":[\"https:\\\/\\\/libreriaguadalupe.com.ar\\\/libreria\\\/producto\\\/devocionario-del-santisimo-sacramento\\\/\"]}]},{\"@type\":\"ImageObject\",\"inLanguage\":\"es\",\"@id\":\"https:\\\/\\\/libreriaguadalupe.com.ar\\\/libreria\\\/producto\\\/devocionario-del-santisimo-sacramento\\\/#primaryimage\",\"url\":\"https:\\\/\\\/i0.wp.com\\\/libreriaguadalupe.com.ar\\\/libreria\\\/wp-content\\\/uploads\\\/2023\\\/03\\\/Devocionario-Del-Santisimo-Sacramento.jpeg?fit=375%2C500&ssl=1\",\"contentUrl\":\"https:\\\/\\\/i0.wp.com\\\/libreriaguadalupe.com.ar\\\/libreria\\\/wp-content\\\/uploads\\\/2023\\\/03\\\/Devocionario-Del-Santisimo-Sacramento.jpeg?fit=375%2C500&ssl=1\",\"width\":375,\"height\":500},{\"@type\":\"BreadcrumbList\",\"@id\":\"https:\\\/\\\/libreriaguadalupe.com.ar\\\/libreria\\\/producto\\\/devocionario-del-santisimo-sacramento\\\/#breadcrumb\",\"itemListElement\":[{\"@type\":\"ListItem\",\"position\":1,\"name\":\"Portada\",\"item\":\"https:\\\/\\\/libreriaguadalupe.com.ar\\\/libreria\\\/\"},{\"@type\":\"ListItem\",\"position\":2,\"name\":\"Tienda\",\"item\":\"https:\\\/\\\/libreriaguadalupe.com.ar\\\/libreria\\\/\"},{\"@type\":\"ListItem\",\"position\":3,\"name\":\"Devocionario Del Santisimo Sacramento\"}]},{\"@type\":\"WebSite\",\"@id\":\"https:\\\/\\\/libreriaguadalupe.com.ar\\\/libreria\\\/#website\",\"url\":\"https:\\\/\\\/libreriaguadalupe.com.ar\\\/libreria\\\/\",\"name\":\"Editorial Guadalupe de Argentina\",\"description\":\"Congregaci\u00f3n del Verbo Divino\",\"publisher\":{\"@id\":\"https:\\\/\\\/libreriaguadalupe.com.ar\\\/libreria\\\/#organization\"},\"alternateName\":\"Librer\u00eda Guadalupe\",\"potentialAction\":[{\"@type\":\"SearchAction\",\"target\":{\"@type\":\"EntryPoint\",\"urlTemplate\":\"https:\\\/\\\/libreriaguadalupe.com.ar\\\/libreria\\\/?s={search_term_string}\"},\"query-input\":{\"@type\":\"PropertyValueSpecification\",\"valueRequired\":true,\"valueName\":\"search_term_string\"}}],\"inLanguage\":\"es\"},{\"@type\":\"Organization\",\"@id\":\"https:\\\/\\\/libreriaguadalupe.com.ar\\\/libreria\\\/#organization\",\"name\":\"Editorial Guadalupe\",\"alternateName\":\"Librer\u00eda Guadalupe\",\"url\":\"https:\\\/\\\/libreriaguadalupe.com.ar\\\/libreria\\\/\",\"logo\":{\"@type\":\"ImageObject\",\"inLanguage\":\"es\",\"@id\":\"https:\\\/\\\/libreriaguadalupe.com.ar\\\/libreria\\\/#\\\/schema\\\/logo\\\/image\\\/\",\"url\":\"https:\\\/\\\/i0.wp.com\\\/libreriaguadalupe.com.ar\\\/libreria\\\/wp-content\\\/uploads\\\/2023\\\/01\\\/cropped-logo-editorial-guadalupe.webp?fit=500%2C100&ssl=1\",\"contentUrl\":\"https:\\\/\\\/i0.wp.com\\\/libreriaguadalupe.com.ar\\\/libreria\\\/wp-content\\\/uploads\\\/2023\\\/01\\\/cropped-logo-editorial-guadalupe.webp?fit=500%2C100&ssl=1\",\"width\":500,\"height\":100,\"caption\":\"Editorial Guadalupe\"},\"image\":{\"@id\":\"https:\\\/\\\/libreriaguadalupe.com.ar\\\/libreria\\\/#\\\/schema\\\/logo\\\/image\\\/\"},\"sameAs\":[\"https:\\\/\\\/www.facebook.com\\\/LibreriaGuadalupeAR\\\/\",\"https:\\\/\\\/www.instagram.com\\\/editorialguadalupe\\\/\",\"https:\\\/\\\/guadalupeeditorial.mercadoshops.com.ar\\\/\"]}]}<\/script>\n<!-- \/ Yoast SEO plugin. -->","yoast_head_json":{"title":"Devocionario Del Santisimo Sacramento - Editorial Guadalupe de Argentina","description":"\"Yo soy el pan de la vida.El que viene a mi jam\u00e1s tendr\u00e1 hambre;el que cree en mi jam\u00e1s tendr\u00e1 sed...Yo soy el pan vivo que ha bajado del cielo;el que coma de este pan vivir\u00e1 para siempre.\"","robots":{"index":"index","follow":"follow","max-snippet":"max-snippet:-1","max-image-preview":"max-image-preview:large","max-video-preview":"max-video-preview:-1"},"canonical":"https:\/\/libreriaguadalupe.com.ar\/libreria\/producto\/devocionario-del-santisimo-sacramento\/","og_locale":"es_ES","og_type":"article","og_title":"Devocionario Del Santisimo Sacramento - Editorial Guadalupe de Argentina","og_description":"\"Yo soy el pan de la vida.El que viene a mi jam\u00e1s tendr\u00e1 hambre;el que cree en mi jam\u00e1s tendr\u00e1 sed...Yo soy el pan vivo que ha bajado del cielo;el que coma de este pan vivir\u00e1 para siempre.\"","og_url":"https:\/\/libreriaguadalupe.com.ar\/libreria\/producto\/devocionario-del-santisimo-sacramento\/","og_site_name":"Editorial Guadalupe de Argentina","article_publisher":"https:\/\/www.facebook.com\/LibreriaGuadalupeAR\/","article_modified_time":"2024-03-14T13:20:23+00:00","og_image":[{"width":375,"height":500,"url":"https:\/\/libreriaguadalupe.com.ar\/libreria\/wp-content\/uploads\/2023\/03\/Devocionario-Del-Santisimo-Sacramento.jpeg","type":"image\/jpeg"}],"twitter_card":"summary_large_image","twitter_misc":{"Tiempo de lectura":"1 minuto"},"schema":{"@context":"https:\/\/schema.org","@graph":[{"@type":"WebPage","@id":"https:\/\/libreriaguadalupe.com.ar\/libreria\/producto\/devocionario-del-santisimo-sacramento\/","url":"https:\/\/libreriaguadalupe.com.ar\/libreria\/producto\/devocionario-del-santisimo-sacramento\/","name":"Devocionario Del Santisimo Sacramento - Editorial Guadalupe de Argentina","isPartOf":{"@id":"https:\/\/libreriaguadalupe.com.ar\/libreria\/#website"},"primaryImageOfPage":{"@id":"https:\/\/libreriaguadalupe.com.ar\/libreria\/producto\/devocionario-del-santisimo-sacramento\/#primaryimage"},"image":{"@id":"https:\/\/libreriaguadalupe.com.ar\/libreria\/producto\/devocionario-del-santisimo-sacramento\/#primaryimage"},"thumbnailUrl":"https:\/\/i0.wp.com\/libreriaguadalupe.com.ar\/libreria\/wp-content\/uploads\/2023\/03\/Devocionario-Del-Santisimo-Sacramento.jpeg?fit=375%2C500&ssl=1","datePublished":"2023-03-22T18:52:06+00:00","dateModified":"2024-03-14T13:20:23+00:00","description":"\"Yo soy el pan de la vida.El que viene a mi jam\u00e1s tendr\u00e1 hambre;el que cree en mi jam\u00e1s tendr\u00e1 sed...Yo soy el pan vivo que ha bajado del cielo;el que coma de este pan vivir\u00e1 para siempre.\"","breadcrumb":{"@id":"https:\/\/libreriaguadalupe.com.ar\/libreria\/producto\/devocionario-del-santisimo-sacramento\/#breadcrumb"},"inLanguage":"es","potentialAction":[{"@type":"ReadAction","target":["https:\/\/libreriaguadalupe.com.ar\/libreria\/producto\/devocionario-del-santisimo-sacramento\/"]}]},{"@type":"ImageObject","inLanguage":"es","@id":"https:\/\/libreriaguadalupe.com.ar\/libreria\/producto\/devocionario-del-santisimo-sacramento\/#primaryimage","url":"https:\/\/i0.wp.com\/libreriaguadalupe.com.ar\/libreria\/wp-content\/uploads\/2023\/03\/Devocionario-Del-Santisimo-Sacramento.jpeg?fit=375%2C500&ssl=1","contentUrl":"https:\/\/i0.wp.com\/libreriaguadalupe.com.ar\/libreria\/wp-content\/uploads\/2023\/03\/Devocionario-Del-Santisimo-Sacramento.jpeg?fit=375%2C500&ssl=1","width":375,"height":500},{"@type":"BreadcrumbList","@id":"https:\/\/libreriaguadalupe.com.ar\/libreria\/producto\/devocionario-del-santisimo-sacramento\/#breadcrumb","itemListElement":[{"@type":"ListItem","position":1,"name":"Portada","item":"https:\/\/libreriaguadalupe.com.ar\/libreria\/"},{"@type":"ListItem","position":2,"name":"Tienda","item":"https:\/\/libreriaguadalupe.com.ar\/libreria\/"},{"@type":"ListItem","position":3,"name":"Devocionario Del Santisimo Sacramento"}]},{"@type":"WebSite","@id":"https:\/\/libreriaguadalupe.com.ar\/libreria\/#website","url":"https:\/\/libreriaguadalupe.com.ar\/libreria\/","name":"Editorial Guadalupe de Argentina","description":"Congregaci\u00f3n del Verbo Divino","publisher":{"@id":"https:\/\/libreriaguadalupe.com.ar\/libreria\/#organization"},"alternateName":"Librer\u00eda Guadalupe","potentialAction":[{"@type":"SearchAction","target":{"@type":"EntryPoint","urlTemplate":"https:\/\/libreriaguadalupe.com.ar\/libreria\/?s={search_term_string}"},"query-input":{"@type":"PropertyValueSpecification","valueRequired":true,"valueName":"search_term_string"}}],"inLanguage":"es"},{"@type":"Organization","@id":"https:\/\/libreriaguadalupe.com.ar\/libreria\/#organization","name":"Editorial Guadalupe","alternateName":"Librer\u00eda Guadalupe","url":"https:\/\/libreriaguadalupe.com.ar\/libreria\/","logo":{"@type":"ImageObject","inLanguage":"es","@id":"https:\/\/libreriaguadalupe.com.ar\/libreria\/#\/schema\/logo\/image\/","url":"https:\/\/i0.wp.com\/libreriaguadalupe.com.ar\/libreria\/wp-content\/uploads\/2023\/01\/cropped-logo-editorial-guadalupe.webp?fit=500%2C100&ssl=1","contentUrl":"https:\/\/i0.wp.com\/libreriaguadalupe.com.ar\/libreria\/wp-content\/uploads\/2023\/01\/cropped-logo-editorial-guadalupe.webp?fit=500%2C100&ssl=1","width":500,"height":100,"caption":"Editorial Guadalupe"},"image":{"@id":"https:\/\/libreriaguadalupe.com.ar\/libreria\/#\/schema\/logo\/image\/"},"sameAs":["https:\/\/www.facebook.com\/LibreriaGuadalupeAR\/","https:\/\/www.instagram.com\/editorialguadalupe\/","https:\/\/guadalupeeditorial.mercadoshops.com.ar\/"]}]}},"jetpack_publicize_connections":[],"jetpack_sharing_enabled":true,"jetpack-related-posts":[{"id":16054,"url":"https:\/\/libreriaguadalupe.com.ar\/libreria\/producto\/reavivar-el-fuego\/","url_meta":{"origin":16826,"position":0},"title":"Reavivar El Fuego","author":"admin","date":"12\/02\/2023","format":false,"excerpt":"Retiro en torno a la Imagen De La Sant\u00edsima Trinidad AUTOR: MARIA INES CASTRO [ VER M\u00c1S OBRAS ] ISBN: 9505008278","rel":"","context":"Entrada similar","block_context":{"text":"Entrada similar","link":""},"img":{"alt_text":"","src":"https:\/\/i0.wp.com\/libreriaguadalupe.com.ar\/libreria\/wp-content\/uploads\/2023\/02\/Reavivar-el-fuego.jpeg?fit=321%2C473&ssl=1&resize=350%2C200","width":350,"height":200},"classes":[]},{"id":16794,"url":"https:\/\/libreriaguadalupe.com.ar\/libreria\/producto\/breve-catecismo\/","url_meta":{"origin":16826,"position":1},"title":"Breve Catecismo","author":"admin","date":"21\/03\/2023","format":false,"excerpt":"Autor: LUIS LIBERTI ISBN: 9505007189 Dimensiones: 11 x 17 cm P\u00e1ginas: 64","rel":"","context":"Entrada similar","block_context":{"text":"Entrada similar","link":""},"img":{"alt_text":"","src":"https:\/\/i0.wp.com\/libreriaguadalupe.com.ar\/libreria\/wp-content\/uploads\/2023\/03\/Brevee-catecismo.jpeg?fit=376%2C500&ssl=1&resize=350%2C200","width":350,"height":200},"classes":[]},{"id":18195,"url":"https:\/\/libreriaguadalupe.com.ar\/libreria\/producto\/al-partir-el-pan\/","url_meta":{"origin":16826,"position":2},"title":"Al partir el pan","author":"admin","date":"06\/08\/2024","format":false,"excerpt":"Lecturas y bendiciones de la mesa para todos los d\u00edas del a\u00f1o, para las fiestas importantes y para distintas circunstancias Autor: LUIS ERNESTO DIEHL ISBN: 978-950-500-034-0 Dimensiones: 12 x 18 cm P\u00e1ginas: 328","rel":"","context":"Entrada similar","block_context":{"text":"Entrada similar","link":""},"img":{"alt_text":"","src":"https:\/\/i0.wp.com\/libreriaguadalupe.com.ar\/libreria\/wp-content\/uploads\/2024\/08\/NOVEDAD-TIENDA-AGOSTO-2.jpg?fit=470%2C470&ssl=1&resize=350%2C200","width":350,"height":200},"classes":[]},{"id":18148,"url":"https:\/\/libreriaguadalupe.com.ar\/libreria\/producto\/el-amor-salva\/","url_meta":{"origin":16826,"position":3},"title":"El amor salva","author":"admin","date":"10\/07\/2024","format":false,"excerpt":"Rosario por los j\u00f3venes Autor: ESTER AURELIA ESCUDERO ISBN: 978-950-500-927-5 Dimensiones: 14 x 20 cm P\u00e1ginas: 32","rel":"","context":"Entrada similar","block_context":{"text":"Entrada similar","link":""},"img":{"alt_text":"","src":"https:\/\/i0.wp.com\/libreriaguadalupe.com.ar\/libreria\/wp-content\/uploads\/2024\/07\/NOVEDAD-TIENDA-JULIO.jpg?fit=470%2C470&ssl=1&resize=350%2C200","width":350,"height":200},"classes":[]},{"id":16776,"url":"https:\/\/libreriaguadalupe.com.ar\/libreria\/producto\/celebremos-a-jesus-pan-de-vida-ciclo-b\/","url_meta":{"origin":16826,"position":4},"title":"Celebremos A Jes\u00fas, Pan De Vida Ciclo B","author":"admin","date":"21\/03\/2023","format":false,"excerpt":"Autor: Miguel Angel D'Annibale ISBN: 9789505006342 P\u00e1ginas: 192 Medidas: 14 x 20 cm","rel":"","context":"Entrada similar","block_context":{"text":"Entrada similar","link":""},"img":{"alt_text":"","src":"https:\/\/i0.wp.com\/libreriaguadalupe.com.ar\/libreria\/wp-content\/uploads\/2023\/03\/Celebremos-A-Jesus-Pan-De-Vida-Ciclo-B.jpeg?fit=337%2C500&ssl=1&resize=350%2C200","width":350,"height":200},"classes":[]},{"id":16779,"url":"https:\/\/libreriaguadalupe.com.ar\/libreria\/producto\/celebremos-a-jesus-pan-de-vida-ciclo-c\/","url_meta":{"origin":16826,"position":5},"title":"Celebremos A Jes\u00fas, Pan De Vida Ciclo C","author":"admin","date":"21\/03\/2023","format":false,"excerpt":"Autor: Miguel Angel D\u2019Annibale ISBN: 9789505006625 P\u00e1ginas: 192 Medidas: 14 x 20 cm","rel":"","context":"Entrada similar","block_context":{"text":"Entrada similar","link":""},"img":{"alt_text":"","src":"https:\/\/i0.wp.com\/libreriaguadalupe.com.ar\/libreria\/wp-content\/uploads\/2023\/03\/Celebremos-A-Jesus-Pan-De-Vida-Ciclo-C.jpeg?fit=344%2C500&ssl=1&resize=350%2C200","width":350,"height":200},"classes":[]}],"_links":{"self":[{"href":"https:\/\/libreriaguadalupe.com.ar\/libreria\/wp-json\/wp\/v2\/product\/16826","targetHints":{"allow":["GET"]}}],"collection":[{"href":"https:\/\/libreriaguadalupe.com.ar\/libreria\/wp-json\/wp\/v2\/product"}],"about":[{"href":"https:\/\/libreriaguadalupe.com.ar\/libreria\/wp-json\/wp\/v2\/types\/product"}],"replies":[{"embeddable":true,"href":"https:\/\/libreriaguadalupe.com.ar\/libreria\/wp-json\/wp\/v2\/comments?post=16826"}],"version-history":[{"count":1,"href":"https:\/\/libreriaguadalupe.com.ar\/libreria\/wp-json\/wp\/v2\/product\/16826\/revisions"}],"predecessor-version":[{"id":16828,"href":"https:\/\/libreriaguadalupe.com.ar\/libreria\/wp-json\/wp\/v2\/product\/16826\/revisions\/16828"}],"wp:featuredmedia":[{"embeddable":true,"href":"https:\/\/libreriaguadalupe.com.ar\/libreria\/wp-json\/wp\/v2\/media\/16827"}],"wp:attachment":[{"href":"https:\/\/libreriaguadalupe.com.ar\/libreria\/wp-json\/wp\/v2\/media?parent=16826"}],"wp:term":[{"taxonomy":"product_brand","embeddable":true,"href":"https:\/\/libreriaguadalupe.com.ar\/libreria\/wp-json\/wp\/v2\/product_brand?post=16826"},{"taxonomy":"product_cat","embeddable":true,"href":"https:\/\/libreriaguadalupe.com.ar\/libreria\/wp-json\/wp\/v2\/product_cat?post=16826"},{"taxonomy":"product_tag","embeddable":true,"href":"https:\/\/libreriaguadalupe.com.ar\/libreria\/wp-json\/wp\/v2\/product_tag?post=16826"}],"curies":[{"name":"wp","href":"https:\/\/api.w.org\/{rel}","templated":true}]}}