{"id":16823,"date":"2023-03-22T15:07:52","date_gmt":"2023-03-22T18:07:52","guid":{"rendered":"https:\/\/libreriaguadalupe.com.ar\/libreria\/?post_type=product&#038;p=16823"},"modified":"2025-05-05T17:38:21","modified_gmt":"2025-05-05T20:38:21","slug":"dios-es-imparcial","status":"publish","type":"product","link":"https:\/\/libreriaguadalupe.com.ar\/libreria\/producto\/dios-es-imparcial\/","title":{"rendered":"Dios Es Imparcial?"},"content":{"rendered":"<p>\u00bfEs realmente imparcial Dios? Si lo es, \u00bfqu\u00e9 significa que lo sea? ahora bien, \u00bfc\u00f3mo entender su amor y su gratuidad?<\/p>\n<p>La aparente imparcialidad a no de Dios remite claramente a su justicia y constituye un tema demasiado importante en la reflexi\u00f3n biblica y teologica, especialmente en nuestro \u00abhacer teologia en Am\u00e9rica Latina, donde ha crecido la convicci\u00f3n de que Dios es parcial en favor del pobre y eprimido.<\/p>\n<p>En busca de pistas claves que nos permitan discernirlo, nos internamos en el corazon de la Carta a los Romanos, en la que el ap\u00f3stol Pablo, subvirtiendo absolutamente los esque mas socioculturales de su \u00e9poca, ofrece se\u00f1ales para una interpretaci\u00f3n comprensia y en contexte del problema de la justicia divina.<\/p>\n<p>COLECCION BIBLICA<\/p>\n","protected":false},"excerpt":{"rendered":"<p><strong>Una lectura clave de la Carta a los Romanos<\/strong><\/p>\n<p>Autor: DE LA SERNA EDUARDO<strong><br \/>\n<\/strong>ISBN: 9789505005802<br \/>\nDimensiones: 20 x 20 cm<br \/>\nP\u00e1ginas: 72<\/p>\n","protected":false},"featured_media":16824,"comment_status":"open","ping_status":"closed","template":"","meta":{"jetpack_publicize_message":"","jetpack_publicize_feature_enabled":true,"jetpack_social_post_already_shared":true,"jetpack_social_options":{"image_generator_settings":{"template":"highway","default_image_id":0,"font":"","enabled":false},"version":2}},"product_brand":[],"product_cat":[88,121],"product_tag":[127],"class_list":{"0":"post-16823","1":"product","2":"type-product","3":"status-publish","4":"has-post-thumbnail","6":"product_cat-espiritualidad-cultura-social","7":"product_cat-guadalupe","8":"product_tag-editorial-guadalupe-de-argentina","10":"first","11":"instock","12":"shipping-taxable","13":"purchasable","14":"product-type-simple"},"yoast_head":"<!-- This site is optimized with the Yoast SEO plugin v27.4 - https:\/\/yoast.com\/product\/yoast-seo-wordpress\/ -->\n<title>Dios Es Imparcial? - Editorial Guadalupe de Argentina<\/title>\n<meta name=\"description\" content=\"\u00bfEs realmente imparcial Dios? Si lo es, \u00bfqu\u00e9 significa que lo sea? ahora bien, \u00bfc\u00f3mo entender su amor y su gratuidad?\" \/>\n<meta name=\"robots\" content=\"index, follow, max-snippet:-1, max-image-preview:large, max-video-preview:-1\" \/>\n<link rel=\"canonical\" href=\"https:\/\/libreriaguadalupe.com.ar\/libreria\/producto\/dios-es-imparcial\/\" \/>\n<meta property=\"og:locale\" content=\"es_ES\" \/>\n<meta property=\"og:type\" content=\"article\" \/>\n<meta property=\"og:title\" content=\"Dios Es Imparcial? - Editorial Guadalupe de Argentina\" \/>\n<meta property=\"og:description\" content=\"\u00bfEs realmente imparcial Dios? Si lo es, \u00bfqu\u00e9 significa que lo sea? ahora bien, \u00bfc\u00f3mo entender su amor y su gratuidad?\" \/>\n<meta property=\"og:url\" content=\"https:\/\/libreriaguadalupe.com.ar\/libreria\/producto\/dios-es-imparcial\/\" \/>\n<meta property=\"og:site_name\" content=\"Editorial Guadalupe de Argentina\" \/>\n<meta property=\"article:publisher\" content=\"https:\/\/www.facebook.com\/LibreriaGuadalupeAR\/\" \/>\n<meta property=\"article:modified_time\" content=\"2025-05-05T20:38:21+00:00\" \/>\n<meta property=\"og:image\" content=\"https:\/\/libreriaguadalupe.com.ar\/libreria\/wp-content\/uploads\/2023\/03\/Dios-Es-Imparcial.jpeg\" \/>\n\t<meta property=\"og:image:width\" content=\"500\" \/>\n\t<meta property=\"og:image:height\" content=\"447\" \/>\n\t<meta property=\"og:image:type\" content=\"image\/jpeg\" \/>\n<meta name=\"twitter:card\" content=\"summary_large_image\" \/>\n<meta name=\"twitter:label1\" content=\"Tiempo de lectura\" \/>\n\t<meta name=\"twitter:data1\" content=\"1 minuto\" \/>\n<script type=\"application\/ld+json\" class=\"yoast-schema-graph\">{\"@context\":\"https:\\\/\\\/schema.org\",\"@graph\":[{\"@type\":\"WebPage\",\"@id\":\"https:\\\/\\\/libreriaguadalupe.com.ar\\\/libreria\\\/producto\\\/dios-es-imparcial\\\/\",\"url\":\"https:\\\/\\\/libreriaguadalupe.com.ar\\\/libreria\\\/producto\\\/dios-es-imparcial\\\/\",\"name\":\"Dios Es Imparcial? - Editorial Guadalupe de Argentina\",\"isPartOf\":{\"@id\":\"https:\\\/\\\/libreriaguadalupe.com.ar\\\/libreria\\\/#website\"},\"primaryImageOfPage\":{\"@id\":\"https:\\\/\\\/libreriaguadalupe.com.ar\\\/libreria\\\/producto\\\/dios-es-imparcial\\\/#primaryimage\"},\"image\":{\"@id\":\"https:\\\/\\\/libreriaguadalupe.com.ar\\\/libreria\\\/producto\\\/dios-es-imparcial\\\/#primaryimage\"},\"thumbnailUrl\":\"https:\\\/\\\/i0.wp.com\\\/libreriaguadalupe.com.ar\\\/libreria\\\/wp-content\\\/uploads\\\/2023\\\/03\\\/Dios-Es-Imparcial.jpeg?fit=500%2C447&ssl=1\",\"datePublished\":\"2023-03-22T18:07:52+00:00\",\"dateModified\":\"2025-05-05T20:38:21+00:00\",\"description\":\"\u00bfEs realmente imparcial Dios? Si lo es, \u00bfqu\u00e9 significa que lo sea? ahora bien, \u00bfc\u00f3mo entender su amor y su gratuidad?\",\"breadcrumb\":{\"@id\":\"https:\\\/\\\/libreriaguadalupe.com.ar\\\/libreria\\\/producto\\\/dios-es-imparcial\\\/#breadcrumb\"},\"inLanguage\":\"es\",\"potentialAction\":[{\"@type\":\"ReadAction\",\"target\":[\"https:\\\/\\\/libreriaguadalupe.com.ar\\\/libreria\\\/producto\\\/dios-es-imparcial\\\/\"]}]},{\"@type\":\"ImageObject\",\"inLanguage\":\"es\",\"@id\":\"https:\\\/\\\/libreriaguadalupe.com.ar\\\/libreria\\\/producto\\\/dios-es-imparcial\\\/#primaryimage\",\"url\":\"https:\\\/\\\/i0.wp.com\\\/libreriaguadalupe.com.ar\\\/libreria\\\/wp-content\\\/uploads\\\/2023\\\/03\\\/Dios-Es-Imparcial.jpeg?fit=500%2C447&ssl=1\",\"contentUrl\":\"https:\\\/\\\/i0.wp.com\\\/libreriaguadalupe.com.ar\\\/libreria\\\/wp-content\\\/uploads\\\/2023\\\/03\\\/Dios-Es-Imparcial.jpeg?fit=500%2C447&ssl=1\",\"width\":500,\"height\":447},{\"@type\":\"BreadcrumbList\",\"@id\":\"https:\\\/\\\/libreriaguadalupe.com.ar\\\/libreria\\\/producto\\\/dios-es-imparcial\\\/#breadcrumb\",\"itemListElement\":[{\"@type\":\"ListItem\",\"position\":1,\"name\":\"Portada\",\"item\":\"https:\\\/\\\/libreriaguadalupe.com.ar\\\/libreria\\\/\"},{\"@type\":\"ListItem\",\"position\":2,\"name\":\"Tienda\",\"item\":\"https:\\\/\\\/libreriaguadalupe.com.ar\\\/libreria\\\/\"},{\"@type\":\"ListItem\",\"position\":3,\"name\":\"Dios Es Imparcial?\"}]},{\"@type\":\"WebSite\",\"@id\":\"https:\\\/\\\/libreriaguadalupe.com.ar\\\/libreria\\\/#website\",\"url\":\"https:\\\/\\\/libreriaguadalupe.com.ar\\\/libreria\\\/\",\"name\":\"Editorial Guadalupe de Argentina\",\"description\":\"Congregaci\u00f3n del Verbo Divino\",\"publisher\":{\"@id\":\"https:\\\/\\\/libreriaguadalupe.com.ar\\\/libreria\\\/#organization\"},\"alternateName\":\"Librer\u00eda Guadalupe\",\"potentialAction\":[{\"@type\":\"SearchAction\",\"target\":{\"@type\":\"EntryPoint\",\"urlTemplate\":\"https:\\\/\\\/libreriaguadalupe.com.ar\\\/libreria\\\/?s={search_term_string}\"},\"query-input\":{\"@type\":\"PropertyValueSpecification\",\"valueRequired\":true,\"valueName\":\"search_term_string\"}}],\"inLanguage\":\"es\"},{\"@type\":\"Organization\",\"@id\":\"https:\\\/\\\/libreriaguadalupe.com.ar\\\/libreria\\\/#organization\",\"name\":\"Editorial Guadalupe\",\"alternateName\":\"Librer\u00eda Guadalupe\",\"url\":\"https:\\\/\\\/libreriaguadalupe.com.ar\\\/libreria\\\/\",\"logo\":{\"@type\":\"ImageObject\",\"inLanguage\":\"es\",\"@id\":\"https:\\\/\\\/libreriaguadalupe.com.ar\\\/libreria\\\/#\\\/schema\\\/logo\\\/image\\\/\",\"url\":\"https:\\\/\\\/i0.wp.com\\\/libreriaguadalupe.com.ar\\\/libreria\\\/wp-content\\\/uploads\\\/2023\\\/01\\\/cropped-logo-editorial-guadalupe.webp?fit=500%2C100&ssl=1\",\"contentUrl\":\"https:\\\/\\\/i0.wp.com\\\/libreriaguadalupe.com.ar\\\/libreria\\\/wp-content\\\/uploads\\\/2023\\\/01\\\/cropped-logo-editorial-guadalupe.webp?fit=500%2C100&ssl=1\",\"width\":500,\"height\":100,\"caption\":\"Editorial Guadalupe\"},\"image\":{\"@id\":\"https:\\\/\\\/libreriaguadalupe.com.ar\\\/libreria\\\/#\\\/schema\\\/logo\\\/image\\\/\"},\"sameAs\":[\"https:\\\/\\\/www.facebook.com\\\/LibreriaGuadalupeAR\\\/\",\"https:\\\/\\\/www.instagram.com\\\/editorialguadalupe\\\/\",\"https:\\\/\\\/guadalupeeditorial.mercadoshops.com.ar\\\/\"]}]}<\/script>\n<!-- \/ Yoast SEO plugin. -->","yoast_head_json":{"title":"Dios Es Imparcial? - Editorial Guadalupe de Argentina","description":"\u00bfEs realmente imparcial Dios? Si lo es, \u00bfqu\u00e9 significa que lo sea? ahora bien, \u00bfc\u00f3mo entender su amor y su gratuidad?","robots":{"index":"index","follow":"follow","max-snippet":"max-snippet:-1","max-image-preview":"max-image-preview:large","max-video-preview":"max-video-preview:-1"},"canonical":"https:\/\/libreriaguadalupe.com.ar\/libreria\/producto\/dios-es-imparcial\/","og_locale":"es_ES","og_type":"article","og_title":"Dios Es Imparcial? - Editorial Guadalupe de Argentina","og_description":"\u00bfEs realmente imparcial Dios? Si lo es, \u00bfqu\u00e9 significa que lo sea? ahora bien, \u00bfc\u00f3mo entender su amor y su gratuidad?","og_url":"https:\/\/libreriaguadalupe.com.ar\/libreria\/producto\/dios-es-imparcial\/","og_site_name":"Editorial Guadalupe de Argentina","article_publisher":"https:\/\/www.facebook.com\/LibreriaGuadalupeAR\/","article_modified_time":"2025-05-05T20:38:21+00:00","og_image":[{"width":500,"height":447,"url":"https:\/\/libreriaguadalupe.com.ar\/libreria\/wp-content\/uploads\/2023\/03\/Dios-Es-Imparcial.jpeg","type":"image\/jpeg"}],"twitter_card":"summary_large_image","twitter_misc":{"Tiempo de lectura":"1 minuto"},"schema":{"@context":"https:\/\/schema.org","@graph":[{"@type":"WebPage","@id":"https:\/\/libreriaguadalupe.com.ar\/libreria\/producto\/dios-es-imparcial\/","url":"https:\/\/libreriaguadalupe.com.ar\/libreria\/producto\/dios-es-imparcial\/","name":"Dios Es Imparcial? - Editorial Guadalupe de Argentina","isPartOf":{"@id":"https:\/\/libreriaguadalupe.com.ar\/libreria\/#website"},"primaryImageOfPage":{"@id":"https:\/\/libreriaguadalupe.com.ar\/libreria\/producto\/dios-es-imparcial\/#primaryimage"},"image":{"@id":"https:\/\/libreriaguadalupe.com.ar\/libreria\/producto\/dios-es-imparcial\/#primaryimage"},"thumbnailUrl":"https:\/\/i0.wp.com\/libreriaguadalupe.com.ar\/libreria\/wp-content\/uploads\/2023\/03\/Dios-Es-Imparcial.jpeg?fit=500%2C447&ssl=1","datePublished":"2023-03-22T18:07:52+00:00","dateModified":"2025-05-05T20:38:21+00:00","description":"\u00bfEs realmente imparcial Dios? Si lo es, \u00bfqu\u00e9 significa que lo sea? ahora bien, \u00bfc\u00f3mo entender su amor y su gratuidad?","breadcrumb":{"@id":"https:\/\/libreriaguadalupe.com.ar\/libreria\/producto\/dios-es-imparcial\/#breadcrumb"},"inLanguage":"es","potentialAction":[{"@type":"ReadAction","target":["https:\/\/libreriaguadalupe.com.ar\/libreria\/producto\/dios-es-imparcial\/"]}]},{"@type":"ImageObject","inLanguage":"es","@id":"https:\/\/libreriaguadalupe.com.ar\/libreria\/producto\/dios-es-imparcial\/#primaryimage","url":"https:\/\/i0.wp.com\/libreriaguadalupe.com.ar\/libreria\/wp-content\/uploads\/2023\/03\/Dios-Es-Imparcial.jpeg?fit=500%2C447&ssl=1","contentUrl":"https:\/\/i0.wp.com\/libreriaguadalupe.com.ar\/libreria\/wp-content\/uploads\/2023\/03\/Dios-Es-Imparcial.jpeg?fit=500%2C447&ssl=1","width":500,"height":447},{"@type":"BreadcrumbList","@id":"https:\/\/libreriaguadalupe.com.ar\/libreria\/producto\/dios-es-imparcial\/#breadcrumb","itemListElement":[{"@type":"ListItem","position":1,"name":"Portada","item":"https:\/\/libreriaguadalupe.com.ar\/libreria\/"},{"@type":"ListItem","position":2,"name":"Tienda","item":"https:\/\/libreriaguadalupe.com.ar\/libreria\/"},{"@type":"ListItem","position":3,"name":"Dios Es Imparcial?"}]},{"@type":"WebSite","@id":"https:\/\/libreriaguadalupe.com.ar\/libreria\/#website","url":"https:\/\/libreriaguadalupe.com.ar\/libreria\/","name":"Editorial Guadalupe de Argentina","description":"Congregaci\u00f3n del Verbo Divino","publisher":{"@id":"https:\/\/libreriaguadalupe.com.ar\/libreria\/#organization"},"alternateName":"Librer\u00eda Guadalupe","potentialAction":[{"@type":"SearchAction","target":{"@type":"EntryPoint","urlTemplate":"https:\/\/libreriaguadalupe.com.ar\/libreria\/?s={search_term_string}"},"query-input":{"@type":"PropertyValueSpecification","valueRequired":true,"valueName":"search_term_string"}}],"inLanguage":"es"},{"@type":"Organization","@id":"https:\/\/libreriaguadalupe.com.ar\/libreria\/#organization","name":"Editorial Guadalupe","alternateName":"Librer\u00eda Guadalupe","url":"https:\/\/libreriaguadalupe.com.ar\/libreria\/","logo":{"@type":"ImageObject","inLanguage":"es","@id":"https:\/\/libreriaguadalupe.com.ar\/libreria\/#\/schema\/logo\/image\/","url":"https:\/\/i0.wp.com\/libreriaguadalupe.com.ar\/libreria\/wp-content\/uploads\/2023\/01\/cropped-logo-editorial-guadalupe.webp?fit=500%2C100&ssl=1","contentUrl":"https:\/\/i0.wp.com\/libreriaguadalupe.com.ar\/libreria\/wp-content\/uploads\/2023\/01\/cropped-logo-editorial-guadalupe.webp?fit=500%2C100&ssl=1","width":500,"height":100,"caption":"Editorial Guadalupe"},"image":{"@id":"https:\/\/libreriaguadalupe.com.ar\/libreria\/#\/schema\/logo\/image\/"},"sameAs":["https:\/\/www.facebook.com\/LibreriaGuadalupeAR\/","https:\/\/www.instagram.com\/editorialguadalupe\/","https:\/\/guadalupeeditorial.mercadoshops.com.ar\/"]}]}},"jetpack_publicize_connections":[],"jetpack_sharing_enabled":true,"jetpack-related-posts":[{"id":16848,"url":"https:\/\/libreriaguadalupe.com.ar\/libreria\/producto\/al-encuentro-de-dios-en-la-escritura\/","url_meta":{"origin":16823,"position":0},"title":"Al encuentro de Dios en la Escritura","author":"admin","date":"22\/03\/2023","format":false,"excerpt":"Estudios de teolog\u00eda b\u00edblica Autor: F\u00e9lix Garc\u00eda L\u00f3pez ISBN: 9505008858 Dimensiones: 16 x 24 cm P\u00e1ginas: 256","rel":"","context":"Entrada similar","block_context":{"text":"Entrada similar","link":""},"img":{"alt_text":"","src":"https:\/\/i0.wp.com\/libreriaguadalupe.com.ar\/libreria\/wp-content\/uploads\/2023\/03\/Al-encuentro-de-Dios-en-la-Escritura.jpg?fit=380%2C586&ssl=1&resize=350%2C200","width":350,"height":200},"classes":[]},{"id":13097,"url":"https:\/\/libreriaguadalupe.com.ar\/libreria\/producto\/el-dios-que-esta-teologia-del-antiguo-testamento\/","url_meta":{"origin":16823,"position":1},"title":"El Dios que Esta","author":"admin","date":"18\/01\/2023","format":false,"excerpt":"Teolog\u00eda del Antiguo Testamento Autor: Pablo Rub\u00e9n Andi\u00f1ach ISBN: 8490730720 Dimensiones: 16 x 24 cm P\u00e1ginas: 416","rel":"","context":"Entrada similar","block_context":{"text":"Entrada similar","link":""},"img":{"alt_text":"","src":"https:\/\/i0.wp.com\/libreriaguadalupe.com.ar\/libreria\/wp-content\/uploads\/2023\/01\/El-Dios-que-Esta.jpg?fit=380%2C586&ssl=1&resize=350%2C200","width":350,"height":200},"classes":[]},{"id":16689,"url":"https:\/\/libreriaguadalupe.com.ar\/libreria\/producto\/nuevo-testamento-del-pueblo-de-dios-comentado\/","url_meta":{"origin":16823,"position":2},"title":"Nuevo Testamento del Pueblo de Dios (comentado)","author":"admin","date":"15\/03\/2023","format":false,"excerpt":"Edici\u00f3n comentada [r\u00fastica azul, impresi\u00f3n una tinta] Colecci\u00f3n La Biblia. Libro del Pueblo de Dios Autor: Armando J. Levoratti ISBN: 978-84-9073-469-8 Dimensiones: 18 x 12 cm P\u00e1ginas: 680 Encuadernaci\u00f3n: R\u00fastica, fresada, tapa plastificada gofrada mate","rel":"","context":"Entrada similar","block_context":{"text":"Entrada similar","link":""},"img":{"alt_text":"","src":"https:\/\/i0.wp.com\/libreriaguadalupe.com.ar\/libreria\/wp-content\/uploads\/2023\/03\/MES-DE-LA-BIBLIA-2024-ntpd1.jpg?fit=470%2C470&ssl=1&resize=350%2C200","width":350,"height":200},"classes":[]},{"id":19061,"url":"https:\/\/libreriaguadalupe.com.ar\/libreria\/producto\/claves-inspiradoras-de-la-animacion-biblica-de-la-pastoral\/","url_meta":{"origin":16823,"position":3},"title":"Claves inspiradoras de la Animaci\u00f3n B\u00edblica de la Pastoral","author":"Mariano Zuqui","date":"16\/09\/2025","format":false,"excerpt":"Autor: Miguel \u00c1ngel Armada SVD T\u00edtulo: \"Claves Inspiradoras de la Animaci\u00f3n B\u00edblica de la Pastoral\" ISBN:978-950-500-966-4 Formato: 14,5\u00a0 (ancho) x 22 (alto) cms. Interior: 1\/1 color Papel: Bookcel 80 grs. N\u00ba de P\u00e1ginas: 120 Tapa:4 Colores - Cartulina - Laminado mate Encuadernaci\u00f3n: Binder \u00a0 \u00a0","rel":"","context":"Entrada similar","block_context":{"text":"Entrada similar","link":""},"img":{"alt_text":"","src":"https:\/\/i0.wp.com\/libreriaguadalupe.com.ar\/libreria\/wp-content\/uploads\/2025\/09\/1-1.png?fit=960%2C1200&ssl=1&resize=350%2C200","width":350,"height":200,"srcset":"https:\/\/i0.wp.com\/libreriaguadalupe.com.ar\/libreria\/wp-content\/uploads\/2025\/09\/1-1.png?fit=960%2C1200&ssl=1&resize=350%2C200 1x, https:\/\/i0.wp.com\/libreriaguadalupe.com.ar\/libreria\/wp-content\/uploads\/2025\/09\/1-1.png?fit=960%2C1200&ssl=1&resize=525%2C300 1.5x, https:\/\/i0.wp.com\/libreriaguadalupe.com.ar\/libreria\/wp-content\/uploads\/2025\/09\/1-1.png?fit=960%2C1200&ssl=1&resize=700%2C400 2x"},"classes":[]},{"id":16693,"url":"https:\/\/libreriaguadalupe.com.ar\/libreria\/producto\/nuevo-testamento-del-pueblo-de-dios-simil-piel-bitono-mapa-america\/","url_meta":{"origin":16823,"position":4},"title":"Nuevo Testamento del Pueblo de Dios (simil piel bitono mapa am\u00e9rica)","author":"admin","date":"15\/03\/2023","format":false,"excerpt":"Edici\u00f3n comentada [s\u00edmil piel mapa Am\u00e9rica, impresi\u00f3n bitono] Colecci\u00f3n La Biblia. Libro del Pueblo de Dios Autor: Armando J. Levoratti ISBN: 978-84-9073-468-1 Dimensiones: 18 x 12 cm P\u00e1ginas: 680 Encuadernaci\u00f3n: Fexible, cosida, tapa s\u00edmil-piel impresa, con cabezadas, esquinas y lomo redondeados","rel":"","context":"Entrada similar","block_context":{"text":"Entrada similar","link":""},"img":{"alt_text":"","src":"https:\/\/i0.wp.com\/libreriaguadalupe.com.ar\/libreria\/wp-content\/uploads\/2023\/03\/MES-DE-LA-BIBLIA-2024-ntpd2.jpg?fit=470%2C470&ssl=1&resize=350%2C200","width":350,"height":200},"classes":[]},{"id":16697,"url":"https:\/\/libreriaguadalupe.com.ar\/libreria\/producto\/nuevo-testamento-del-pueblo-de-dios-simil-piel-marron-bitono\/","url_meta":{"origin":16823,"position":5},"title":"Nuevo Testamento del Pueblo de Dios (simil piel marr\u00f3n bitono)","author":"admin","date":"15\/03\/2023","format":false,"excerpt":"Edici\u00f3n comentada [s\u00edmil piel marr\u00f3n impresi\u00f3n bitono] Colecci\u00f3n La Biblia. Libro del Pueblo de Dios Autor: Armando J. Levoratti ISBN: 978-84-9073-470-4 Dimensiones: 18 x 12 cm P\u00e1ginas: 680 Encuadernaci\u00f3n: Flexible, cosida, tapa s\u00edmil piel marr\u00f3n, impresa oro en frente, lomo y trasera, con cabezadas, lomo y esquinas redondeadas","rel":"","context":"Entrada similar","block_context":{"text":"Entrada similar","link":""},"img":{"alt_text":"","src":"https:\/\/i0.wp.com\/libreriaguadalupe.com.ar\/libreria\/wp-content\/uploads\/2023\/03\/MES-DE-LA-BIBLIA-2024-ntpd3.jpg?fit=470%2C470&ssl=1&resize=350%2C200","width":350,"height":200},"classes":[]}],"_links":{"self":[{"href":"https:\/\/libreriaguadalupe.com.ar\/libreria\/wp-json\/wp\/v2\/product\/16823","targetHints":{"allow":["GET"]}}],"collection":[{"href":"https:\/\/libreriaguadalupe.com.ar\/libreria\/wp-json\/wp\/v2\/product"}],"about":[{"href":"https:\/\/libreriaguadalupe.com.ar\/libreria\/wp-json\/wp\/v2\/types\/product"}],"replies":[{"embeddable":true,"href":"https:\/\/libreriaguadalupe.com.ar\/libreria\/wp-json\/wp\/v2\/comments?post=16823"}],"version-history":[{"count":1,"href":"https:\/\/libreriaguadalupe.com.ar\/libreria\/wp-json\/wp\/v2\/product\/16823\/revisions"}],"predecessor-version":[{"id":16825,"href":"https:\/\/libreriaguadalupe.com.ar\/libreria\/wp-json\/wp\/v2\/product\/16823\/revisions\/16825"}],"wp:featuredmedia":[{"embeddable":true,"href":"https:\/\/libreriaguadalupe.com.ar\/libreria\/wp-json\/wp\/v2\/media\/16824"}],"wp:attachment":[{"href":"https:\/\/libreriaguadalupe.com.ar\/libreria\/wp-json\/wp\/v2\/media?parent=16823"}],"wp:term":[{"taxonomy":"product_brand","embeddable":true,"href":"https:\/\/libreriaguadalupe.com.ar\/libreria\/wp-json\/wp\/v2\/product_brand?post=16823"},{"taxonomy":"product_cat","embeddable":true,"href":"https:\/\/libreriaguadalupe.com.ar\/libreria\/wp-json\/wp\/v2\/product_cat?post=16823"},{"taxonomy":"product_tag","embeddable":true,"href":"https:\/\/libreriaguadalupe.com.ar\/libreria\/wp-json\/wp\/v2\/product_tag?post=16823"}],"curies":[{"name":"wp","href":"https:\/\/api.w.org\/{rel}","templated":true}]}}