{"id":16817,"date":"2023-03-22T13:55:31","date_gmt":"2023-03-22T16:55:31","guid":{"rendered":"https:\/\/libreriaguadalupe.com.ar\/libreria\/?post_type=product&#038;p=16817"},"modified":"2025-11-25T10:27:33","modified_gmt":"2025-11-25T13:27:33","slug":"dios-perdona-y-olvida","status":"publish","type":"product","link":"https:\/\/libreriaguadalupe.com.ar\/libreria\/producto\/dios-perdona-y-olvida\/","title":{"rendered":"Dios Perdona Y Olvida"},"content":{"rendered":"<p>Descripci\u00f3n<br \/>\nPor experiencia sabemos que el olvido es lo que m\u00e1s cuesta debido a que la memoria tiene la funci\u00f3n de \u00abevocar\u00bb, recordar, y si no interviene la voluntad, se tornar\u00e1 complejo, hasta imposible, llegar a olvidar por un acto de Fe en Jes\u00fas Misericordioso. En este libro se trata una cuesti\u00f3n fundamental: \u00abla emoci\u00f3n y el sentimiento\u00bb particular que el Se\u00f1or Jes\u00fas enfatiz\u00f3; y este \u00e9nfasis es el perd\u00f3n de Dios.<\/p>\n<p>A lo largo de las 11 Predicaciones que encontraremos en el libro \u00abDios perdona y olvida\u00bb, descubriremos, entre otras reflexiones, que el perd\u00f3n se trata de un encuentro de desnudez interior frente al Padre de Misericordia cuya imagen la vemos claramente en Cristo el Se\u00f1or. \u00c9l es \u00edcono de la Misericordia del Padre. Como nos ense\u00f1a San Pablo: \u00abTengamos entra\u00f1as de Misericordia\u2026\u00bb.<br \/>\nPara vivir la experiencia del perd\u00f3n, el espacio interior es fundamental. Dios se manifiesta en la Carpa del Encuentro, esto es, cuando el hombre percibe la invitaci\u00f3n de Dios a la reflexi\u00f3n y al Silencio de Dios. Y cuando experimenta el perd\u00f3n regalado por Dios, perd\u00f3n a ser compartido a las dem\u00e1s personas.<\/p>\n","protected":false},"excerpt":{"rendered":"<p><strong>El Perd\u00f3n y el Amor de Dios<br \/>\n<em>Serie: Predicaciones<\/em><\/strong><\/p>\n<p>Autor: Claudio Rizzo<strong><br \/>\n<\/strong>ISBN: 9789505008216<br \/>\nDimensiones: 14 x 20 cm<br \/>\nP\u00e1ginas: 80<\/p>\n","protected":false},"featured_media":16818,"comment_status":"open","ping_status":"closed","template":"","meta":{"jetpack_publicize_message":"","jetpack_publicize_feature_enabled":true,"jetpack_social_post_already_shared":true,"jetpack_social_options":{"image_generator_settings":{"template":"highway","default_image_id":0,"font":"","enabled":false},"version":2}},"product_brand":[],"product_cat":[144,88,121],"product_tag":[127],"class_list":{"0":"post-16817","1":"product","2":"type-product","3":"status-publish","4":"has-post-thumbnail","6":"product_cat-especial-pascua","7":"product_cat-espiritualidad-cultura-social","8":"product_cat-guadalupe","9":"product_tag-editorial-guadalupe-de-argentina","11":"first","12":"instock","13":"shipping-taxable","14":"purchasable","15":"product-type-simple"},"yoast_head":"<!-- This site is optimized with the Yoast SEO plugin v27.4 - https:\/\/yoast.com\/product\/yoast-seo-wordpress\/ -->\n<title>Dios Perdona Y Olvida - Editorial Guadalupe de Argentina<\/title>\n<meta name=\"description\" content=\"Por experiencia sabemos que el olvido es lo que m\u00e1s cuesta debido a que la memoria tiene la funci\u00f3n de &quot;evocar&quot;, recordar, y si no interviene la voluntad, se tornar\u00e1 complejo, hasta imposible, llegar a olvidar por un acto de Fe en Jes\u00fas Misericordioso.\" \/>\n<meta name=\"robots\" content=\"index, follow, max-snippet:-1, max-image-preview:large, max-video-preview:-1\" \/>\n<link rel=\"canonical\" href=\"https:\/\/libreriaguadalupe.com.ar\/libreria\/producto\/dios-perdona-y-olvida\/\" \/>\n<meta property=\"og:locale\" content=\"es_ES\" \/>\n<meta property=\"og:type\" content=\"article\" \/>\n<meta property=\"og:title\" content=\"Dios Perdona Y Olvida - Editorial Guadalupe de Argentina\" \/>\n<meta property=\"og:description\" content=\"Por experiencia sabemos que el olvido es lo que m\u00e1s cuesta debido a que la memoria tiene la funci\u00f3n de &quot;evocar&quot;, recordar, y si no interviene la voluntad, se tornar\u00e1 complejo, hasta imposible, llegar a olvidar por un acto de Fe en Jes\u00fas Misericordioso.\" \/>\n<meta property=\"og:url\" content=\"https:\/\/libreriaguadalupe.com.ar\/libreria\/producto\/dios-perdona-y-olvida\/\" \/>\n<meta property=\"og:site_name\" content=\"Editorial Guadalupe de Argentina\" \/>\n<meta property=\"article:publisher\" content=\"https:\/\/www.facebook.com\/LibreriaGuadalupeAR\/\" \/>\n<meta property=\"article:modified_time\" content=\"2025-11-25T13:27:33+00:00\" \/>\n<meta property=\"og:image\" content=\"https:\/\/libreriaguadalupe.com.ar\/libreria\/wp-content\/uploads\/2023\/03\/Dios-Perdona-Y-Olvida.jpeg\" \/>\n\t<meta property=\"og:image:width\" content=\"342\" \/>\n\t<meta property=\"og:image:height\" content=\"500\" \/>\n\t<meta property=\"og:image:type\" content=\"image\/jpeg\" \/>\n<meta name=\"twitter:card\" content=\"summary_large_image\" \/>\n<meta name=\"twitter:label1\" content=\"Tiempo de lectura\" \/>\n\t<meta name=\"twitter:data1\" content=\"2 minutos\" \/>\n<script type=\"application\/ld+json\" class=\"yoast-schema-graph\">{\"@context\":\"https:\\\/\\\/schema.org\",\"@graph\":[{\"@type\":\"WebPage\",\"@id\":\"https:\\\/\\\/libreriaguadalupe.com.ar\\\/libreria\\\/producto\\\/dios-perdona-y-olvida\\\/\",\"url\":\"https:\\\/\\\/libreriaguadalupe.com.ar\\\/libreria\\\/producto\\\/dios-perdona-y-olvida\\\/\",\"name\":\"Dios Perdona Y Olvida - Editorial Guadalupe de Argentina\",\"isPartOf\":{\"@id\":\"https:\\\/\\\/libreriaguadalupe.com.ar\\\/libreria\\\/#website\"},\"primaryImageOfPage\":{\"@id\":\"https:\\\/\\\/libreriaguadalupe.com.ar\\\/libreria\\\/producto\\\/dios-perdona-y-olvida\\\/#primaryimage\"},\"image\":{\"@id\":\"https:\\\/\\\/libreriaguadalupe.com.ar\\\/libreria\\\/producto\\\/dios-perdona-y-olvida\\\/#primaryimage\"},\"thumbnailUrl\":\"https:\\\/\\\/i0.wp.com\\\/libreriaguadalupe.com.ar\\\/libreria\\\/wp-content\\\/uploads\\\/2023\\\/03\\\/Dios-Perdona-Y-Olvida.jpeg?fit=342%2C500&ssl=1\",\"datePublished\":\"2023-03-22T16:55:31+00:00\",\"dateModified\":\"2025-11-25T13:27:33+00:00\",\"description\":\"Por experiencia sabemos que el olvido es lo que m\u00e1s cuesta debido a que la memoria tiene la funci\u00f3n de \\\"evocar\\\", recordar, y si no interviene la voluntad, se tornar\u00e1 complejo, hasta imposible, llegar a olvidar por un acto de Fe en Jes\u00fas Misericordioso.\",\"breadcrumb\":{\"@id\":\"https:\\\/\\\/libreriaguadalupe.com.ar\\\/libreria\\\/producto\\\/dios-perdona-y-olvida\\\/#breadcrumb\"},\"inLanguage\":\"es\",\"potentialAction\":[{\"@type\":\"ReadAction\",\"target\":[\"https:\\\/\\\/libreriaguadalupe.com.ar\\\/libreria\\\/producto\\\/dios-perdona-y-olvida\\\/\"]}]},{\"@type\":\"ImageObject\",\"inLanguage\":\"es\",\"@id\":\"https:\\\/\\\/libreriaguadalupe.com.ar\\\/libreria\\\/producto\\\/dios-perdona-y-olvida\\\/#primaryimage\",\"url\":\"https:\\\/\\\/i0.wp.com\\\/libreriaguadalupe.com.ar\\\/libreria\\\/wp-content\\\/uploads\\\/2023\\\/03\\\/Dios-Perdona-Y-Olvida.jpeg?fit=342%2C500&ssl=1\",\"contentUrl\":\"https:\\\/\\\/i0.wp.com\\\/libreriaguadalupe.com.ar\\\/libreria\\\/wp-content\\\/uploads\\\/2023\\\/03\\\/Dios-Perdona-Y-Olvida.jpeg?fit=342%2C500&ssl=1\",\"width\":342,\"height\":500},{\"@type\":\"BreadcrumbList\",\"@id\":\"https:\\\/\\\/libreriaguadalupe.com.ar\\\/libreria\\\/producto\\\/dios-perdona-y-olvida\\\/#breadcrumb\",\"itemListElement\":[{\"@type\":\"ListItem\",\"position\":1,\"name\":\"Portada\",\"item\":\"https:\\\/\\\/libreriaguadalupe.com.ar\\\/libreria\\\/\"},{\"@type\":\"ListItem\",\"position\":2,\"name\":\"Tienda\",\"item\":\"https:\\\/\\\/libreriaguadalupe.com.ar\\\/libreria\\\/\"},{\"@type\":\"ListItem\",\"position\":3,\"name\":\"Dios Perdona Y Olvida\"}]},{\"@type\":\"WebSite\",\"@id\":\"https:\\\/\\\/libreriaguadalupe.com.ar\\\/libreria\\\/#website\",\"url\":\"https:\\\/\\\/libreriaguadalupe.com.ar\\\/libreria\\\/\",\"name\":\"Editorial Guadalupe de Argentina\",\"description\":\"Congregaci\u00f3n del Verbo Divino\",\"publisher\":{\"@id\":\"https:\\\/\\\/libreriaguadalupe.com.ar\\\/libreria\\\/#organization\"},\"alternateName\":\"Librer\u00eda Guadalupe\",\"potentialAction\":[{\"@type\":\"SearchAction\",\"target\":{\"@type\":\"EntryPoint\",\"urlTemplate\":\"https:\\\/\\\/libreriaguadalupe.com.ar\\\/libreria\\\/?s={search_term_string}\"},\"query-input\":{\"@type\":\"PropertyValueSpecification\",\"valueRequired\":true,\"valueName\":\"search_term_string\"}}],\"inLanguage\":\"es\"},{\"@type\":\"Organization\",\"@id\":\"https:\\\/\\\/libreriaguadalupe.com.ar\\\/libreria\\\/#organization\",\"name\":\"Editorial Guadalupe\",\"alternateName\":\"Librer\u00eda Guadalupe\",\"url\":\"https:\\\/\\\/libreriaguadalupe.com.ar\\\/libreria\\\/\",\"logo\":{\"@type\":\"ImageObject\",\"inLanguage\":\"es\",\"@id\":\"https:\\\/\\\/libreriaguadalupe.com.ar\\\/libreria\\\/#\\\/schema\\\/logo\\\/image\\\/\",\"url\":\"https:\\\/\\\/i0.wp.com\\\/libreriaguadalupe.com.ar\\\/libreria\\\/wp-content\\\/uploads\\\/2023\\\/01\\\/cropped-logo-editorial-guadalupe.webp?fit=500%2C100&ssl=1\",\"contentUrl\":\"https:\\\/\\\/i0.wp.com\\\/libreriaguadalupe.com.ar\\\/libreria\\\/wp-content\\\/uploads\\\/2023\\\/01\\\/cropped-logo-editorial-guadalupe.webp?fit=500%2C100&ssl=1\",\"width\":500,\"height\":100,\"caption\":\"Editorial Guadalupe\"},\"image\":{\"@id\":\"https:\\\/\\\/libreriaguadalupe.com.ar\\\/libreria\\\/#\\\/schema\\\/logo\\\/image\\\/\"},\"sameAs\":[\"https:\\\/\\\/www.facebook.com\\\/LibreriaGuadalupeAR\\\/\",\"https:\\\/\\\/www.instagram.com\\\/editorialguadalupe\\\/\",\"https:\\\/\\\/guadalupeeditorial.mercadoshops.com.ar\\\/\"]}]}<\/script>\n<!-- \/ Yoast SEO plugin. -->","yoast_head_json":{"title":"Dios Perdona Y Olvida - Editorial Guadalupe de Argentina","description":"Por experiencia sabemos que el olvido es lo que m\u00e1s cuesta debido a que la memoria tiene la funci\u00f3n de \"evocar\", recordar, y si no interviene la voluntad, se tornar\u00e1 complejo, hasta imposible, llegar a olvidar por un acto de Fe en Jes\u00fas Misericordioso.","robots":{"index":"index","follow":"follow","max-snippet":"max-snippet:-1","max-image-preview":"max-image-preview:large","max-video-preview":"max-video-preview:-1"},"canonical":"https:\/\/libreriaguadalupe.com.ar\/libreria\/producto\/dios-perdona-y-olvida\/","og_locale":"es_ES","og_type":"article","og_title":"Dios Perdona Y Olvida - Editorial Guadalupe de Argentina","og_description":"Por experiencia sabemos que el olvido es lo que m\u00e1s cuesta debido a que la memoria tiene la funci\u00f3n de \"evocar\", recordar, y si no interviene la voluntad, se tornar\u00e1 complejo, hasta imposible, llegar a olvidar por un acto de Fe en Jes\u00fas Misericordioso.","og_url":"https:\/\/libreriaguadalupe.com.ar\/libreria\/producto\/dios-perdona-y-olvida\/","og_site_name":"Editorial Guadalupe de Argentina","article_publisher":"https:\/\/www.facebook.com\/LibreriaGuadalupeAR\/","article_modified_time":"2025-11-25T13:27:33+00:00","og_image":[{"width":342,"height":500,"url":"https:\/\/libreriaguadalupe.com.ar\/libreria\/wp-content\/uploads\/2023\/03\/Dios-Perdona-Y-Olvida.jpeg","type":"image\/jpeg"}],"twitter_card":"summary_large_image","twitter_misc":{"Tiempo de lectura":"2 minutos"},"schema":{"@context":"https:\/\/schema.org","@graph":[{"@type":"WebPage","@id":"https:\/\/libreriaguadalupe.com.ar\/libreria\/producto\/dios-perdona-y-olvida\/","url":"https:\/\/libreriaguadalupe.com.ar\/libreria\/producto\/dios-perdona-y-olvida\/","name":"Dios Perdona Y Olvida - Editorial Guadalupe de Argentina","isPartOf":{"@id":"https:\/\/libreriaguadalupe.com.ar\/libreria\/#website"},"primaryImageOfPage":{"@id":"https:\/\/libreriaguadalupe.com.ar\/libreria\/producto\/dios-perdona-y-olvida\/#primaryimage"},"image":{"@id":"https:\/\/libreriaguadalupe.com.ar\/libreria\/producto\/dios-perdona-y-olvida\/#primaryimage"},"thumbnailUrl":"https:\/\/i0.wp.com\/libreriaguadalupe.com.ar\/libreria\/wp-content\/uploads\/2023\/03\/Dios-Perdona-Y-Olvida.jpeg?fit=342%2C500&ssl=1","datePublished":"2023-03-22T16:55:31+00:00","dateModified":"2025-11-25T13:27:33+00:00","description":"Por experiencia sabemos que el olvido es lo que m\u00e1s cuesta debido a que la memoria tiene la funci\u00f3n de \"evocar\", recordar, y si no interviene la voluntad, se tornar\u00e1 complejo, hasta imposible, llegar a olvidar por un acto de Fe en Jes\u00fas Misericordioso.","breadcrumb":{"@id":"https:\/\/libreriaguadalupe.com.ar\/libreria\/producto\/dios-perdona-y-olvida\/#breadcrumb"},"inLanguage":"es","potentialAction":[{"@type":"ReadAction","target":["https:\/\/libreriaguadalupe.com.ar\/libreria\/producto\/dios-perdona-y-olvida\/"]}]},{"@type":"ImageObject","inLanguage":"es","@id":"https:\/\/libreriaguadalupe.com.ar\/libreria\/producto\/dios-perdona-y-olvida\/#primaryimage","url":"https:\/\/i0.wp.com\/libreriaguadalupe.com.ar\/libreria\/wp-content\/uploads\/2023\/03\/Dios-Perdona-Y-Olvida.jpeg?fit=342%2C500&ssl=1","contentUrl":"https:\/\/i0.wp.com\/libreriaguadalupe.com.ar\/libreria\/wp-content\/uploads\/2023\/03\/Dios-Perdona-Y-Olvida.jpeg?fit=342%2C500&ssl=1","width":342,"height":500},{"@type":"BreadcrumbList","@id":"https:\/\/libreriaguadalupe.com.ar\/libreria\/producto\/dios-perdona-y-olvida\/#breadcrumb","itemListElement":[{"@type":"ListItem","position":1,"name":"Portada","item":"https:\/\/libreriaguadalupe.com.ar\/libreria\/"},{"@type":"ListItem","position":2,"name":"Tienda","item":"https:\/\/libreriaguadalupe.com.ar\/libreria\/"},{"@type":"ListItem","position":3,"name":"Dios Perdona Y Olvida"}]},{"@type":"WebSite","@id":"https:\/\/libreriaguadalupe.com.ar\/libreria\/#website","url":"https:\/\/libreriaguadalupe.com.ar\/libreria\/","name":"Editorial Guadalupe de Argentina","description":"Congregaci\u00f3n del Verbo Divino","publisher":{"@id":"https:\/\/libreriaguadalupe.com.ar\/libreria\/#organization"},"alternateName":"Librer\u00eda Guadalupe","potentialAction":[{"@type":"SearchAction","target":{"@type":"EntryPoint","urlTemplate":"https:\/\/libreriaguadalupe.com.ar\/libreria\/?s={search_term_string}"},"query-input":{"@type":"PropertyValueSpecification","valueRequired":true,"valueName":"search_term_string"}}],"inLanguage":"es"},{"@type":"Organization","@id":"https:\/\/libreriaguadalupe.com.ar\/libreria\/#organization","name":"Editorial Guadalupe","alternateName":"Librer\u00eda Guadalupe","url":"https:\/\/libreriaguadalupe.com.ar\/libreria\/","logo":{"@type":"ImageObject","inLanguage":"es","@id":"https:\/\/libreriaguadalupe.com.ar\/libreria\/#\/schema\/logo\/image\/","url":"https:\/\/i0.wp.com\/libreriaguadalupe.com.ar\/libreria\/wp-content\/uploads\/2023\/01\/cropped-logo-editorial-guadalupe.webp?fit=500%2C100&ssl=1","contentUrl":"https:\/\/i0.wp.com\/libreriaguadalupe.com.ar\/libreria\/wp-content\/uploads\/2023\/01\/cropped-logo-editorial-guadalupe.webp?fit=500%2C100&ssl=1","width":500,"height":100,"caption":"Editorial Guadalupe"},"image":{"@id":"https:\/\/libreriaguadalupe.com.ar\/libreria\/#\/schema\/logo\/image\/"},"sameAs":["https:\/\/www.facebook.com\/LibreriaGuadalupeAR\/","https:\/\/www.instagram.com\/editorialguadalupe\/","https:\/\/guadalupeeditorial.mercadoshops.com.ar\/"]}]}},"jetpack_publicize_connections":[],"jetpack_sharing_enabled":true,"jetpack-related-posts":[{"id":17757,"url":"https:\/\/libreriaguadalupe.com.ar\/libreria\/producto\/errar-es-de-humanos-perdonar-es-divino\/","url_meta":{"origin":16817,"position":0},"title":"Errar es de humanos, PERDONAR ES DIVINO","author":"admin","date":"11\/12\/2023","format":false,"excerpt":"Autor: P. H\u00c9CTOR HORACIO ESP\u00d3SITO ISBN: 978-950-500-911-4 Dimensiones: 14 x 20 cm P\u00e1ginas: 146","rel":"","context":"Entrada similar","block_context":{"text":"Entrada similar","link":""},"img":{"alt_text":"","src":"https:\/\/i0.wp.com\/libreriaguadalupe.com.ar\/libreria\/wp-content\/uploads\/2023\/12\/NOVEDAD-TIENDA-DICIEMBRE.jpg?fit=470%2C470&ssl=1&resize=350%2C200","width":350,"height":200},"classes":[]},{"id":16042,"url":"https:\/\/libreriaguadalupe.com.ar\/libreria\/producto\/la-fiesta-del-abrazo\/","url_meta":{"origin":16817,"position":1},"title":"La Fiesta del Abrazo","author":"admin","date":"12\/02\/2023","format":false,"excerpt":"AUTOR:\u00a0FLAVIA OUBI\u00d1A ISBN: 9505007042","rel":"","context":"Entrada similar","block_context":{"text":"Entrada similar","link":""},"img":{"alt_text":"","src":"https:\/\/i0.wp.com\/libreriaguadalupe.com.ar\/libreria\/wp-content\/uploads\/2023\/02\/La-fiesta-del-abrazo.jpg?fit=633%2C823&ssl=1&resize=350%2C200","width":350,"height":200,"srcset":"https:\/\/i0.wp.com\/libreriaguadalupe.com.ar\/libreria\/wp-content\/uploads\/2023\/02\/La-fiesta-del-abrazo.jpg?fit=633%2C823&ssl=1&resize=350%2C200 1x, https:\/\/i0.wp.com\/libreriaguadalupe.com.ar\/libreria\/wp-content\/uploads\/2023\/02\/La-fiesta-del-abrazo.jpg?fit=633%2C823&ssl=1&resize=525%2C300 1.5x"},"classes":[]},{"id":17746,"url":"https:\/\/libreriaguadalupe.com.ar\/libreria\/producto\/cardenal-pironio\/","url_meta":{"origin":16817,"position":2},"title":"Cardenal Pironio","author":"admin","date":"07\/12\/2023","format":false,"excerpt":"Un regalo de Dios a la Iglesia Autor: JOS\u00c9 LUIS GERLERO ISBN: 978-950-500-515-4 Dimensiones: 16 x 23 cm P\u00e1ginas: 128","rel":"","context":"Entrada similar","block_context":{"text":"Entrada similar","link":""},"img":{"alt_text":"Cardenal Pironio","src":"https:\/\/i0.wp.com\/libreriaguadalupe.com.ar\/libreria\/wp-content\/uploads\/2023\/12\/Cardenal-Pironio-Tapa-scaled.jpg?fit=820%2C1200&ssl=1&resize=350%2C200","width":350,"height":200,"srcset":"https:\/\/i0.wp.com\/libreriaguadalupe.com.ar\/libreria\/wp-content\/uploads\/2023\/12\/Cardenal-Pironio-Tapa-scaled.jpg?fit=820%2C1200&ssl=1&resize=350%2C200 1x, https:\/\/i0.wp.com\/libreriaguadalupe.com.ar\/libreria\/wp-content\/uploads\/2023\/12\/Cardenal-Pironio-Tapa-scaled.jpg?fit=820%2C1200&ssl=1&resize=525%2C300 1.5x, https:\/\/i0.wp.com\/libreriaguadalupe.com.ar\/libreria\/wp-content\/uploads\/2023\/12\/Cardenal-Pironio-Tapa-scaled.jpg?fit=820%2C1200&ssl=1&resize=700%2C400 2x"},"classes":[]},{"id":15542,"url":"https:\/\/libreriaguadalupe.com.ar\/libreria\/producto\/entranable-dios-2\/","url_meta":{"origin":16817,"position":3},"title":"Entra\u00f1able Dios","author":"admin","date":"07\/02\/2023","format":false,"excerpt":"Las obras de misericordia: hacia una cultura de la compasi\u00f3n AUTOR: Jos\u00e9 Antonio Pagola - Xabier Pikaza Ibarrondo ISBN: 8490732120","rel":"","context":"Entrada similar","block_context":{"text":"Entrada similar","link":""},"img":{"alt_text":"","src":"https:\/\/i0.wp.com\/libreriaguadalupe.com.ar\/libreria\/wp-content\/uploads\/2023\/02\/ENTRANABLE-DIOS.jpg?fit=380%2C586&ssl=1&resize=350%2C200","width":350,"height":200},"classes":[]},{"id":17295,"url":"https:\/\/libreriaguadalupe.com.ar\/libreria\/producto\/diario-de-santa-maria-faustina-kowalska\/","url_meta":{"origin":16817,"position":4},"title":"Diario de Santa Mar\u00eda Faustina Kowalska","author":"admin","date":"30\/05\/2023","format":false,"excerpt":"LA DIVINA MISERICORDIA EN MI ALMA Autor: SANTA MAR\u00cdA FAUSTINA KOWALSKA ISBN: 9872221308 Dimensiones: 13 x 20 cm P\u00e1ginas: 720","rel":"","context":"Entrada similar","block_context":{"text":"Entrada similar","link":""},"img":{"alt_text":"","src":"https:\/\/i0.wp.com\/libreriaguadalupe.com.ar\/libreria\/wp-content\/uploads\/2023\/05\/DIARIO-DE-SANTA-MARIA-FAUSTINA-KOWALSKA.png?fit=414%2C603&ssl=1&resize=350%2C200","width":350,"height":200},"classes":[]},{"id":19243,"url":"https:\/\/libreriaguadalupe.com.ar\/libreria\/producto\/a-la-sombra-del-leno-santo-reflexiones-y-meditaciones-para-la-semana-santa\/","url_meta":{"origin":16817,"position":5},"title":"\u00abA la sombra del Le\u00f1o Santo\u00bb \u2013 Reflexiones y meditaciones para la semana santa\u201d","author":"Mariano Zuqui","date":"08\/03\/2026","format":false,"excerpt":"Compilador: Guillermo Enrique Dri T\u00edtulo: \"A la sombra del Le\u00f1o\" - Reflexiones y Meditaciones para la Semana Santa ISBN:978-950-500-979-4 Formato: 15\u00a0 (ancho) x 22 (alto) cms. Interior: 1\/1 color Papel: Bookcel 80 grs. N\u00ba de P\u00e1ginas: 88. Tapa:4 Colores - Cartulina - Laminado mate Encuadernaci\u00f3n: Binder \u00a0 \u00a0","rel":"","context":"Entrada similar","block_context":{"text":"Entrada similar","link":""},"img":{"alt_text":"","src":"https:\/\/i0.wp.com\/libreriaguadalupe.com.ar\/libreria\/wp-content\/uploads\/2026\/03\/1.png?fit=960%2C1200&ssl=1&resize=350%2C200","width":350,"height":200,"srcset":"https:\/\/i0.wp.com\/libreriaguadalupe.com.ar\/libreria\/wp-content\/uploads\/2026\/03\/1.png?fit=960%2C1200&ssl=1&resize=350%2C200 1x, https:\/\/i0.wp.com\/libreriaguadalupe.com.ar\/libreria\/wp-content\/uploads\/2026\/03\/1.png?fit=960%2C1200&ssl=1&resize=525%2C300 1.5x, https:\/\/i0.wp.com\/libreriaguadalupe.com.ar\/libreria\/wp-content\/uploads\/2026\/03\/1.png?fit=960%2C1200&ssl=1&resize=700%2C400 2x"},"classes":[]}],"_links":{"self":[{"href":"https:\/\/libreriaguadalupe.com.ar\/libreria\/wp-json\/wp\/v2\/product\/16817","targetHints":{"allow":["GET"]}}],"collection":[{"href":"https:\/\/libreriaguadalupe.com.ar\/libreria\/wp-json\/wp\/v2\/product"}],"about":[{"href":"https:\/\/libreriaguadalupe.com.ar\/libreria\/wp-json\/wp\/v2\/types\/product"}],"replies":[{"embeddable":true,"href":"https:\/\/libreriaguadalupe.com.ar\/libreria\/wp-json\/wp\/v2\/comments?post=16817"}],"version-history":[{"count":1,"href":"https:\/\/libreriaguadalupe.com.ar\/libreria\/wp-json\/wp\/v2\/product\/16817\/revisions"}],"predecessor-version":[{"id":16819,"href":"https:\/\/libreriaguadalupe.com.ar\/libreria\/wp-json\/wp\/v2\/product\/16817\/revisions\/16819"}],"wp:featuredmedia":[{"embeddable":true,"href":"https:\/\/libreriaguadalupe.com.ar\/libreria\/wp-json\/wp\/v2\/media\/16818"}],"wp:attachment":[{"href":"https:\/\/libreriaguadalupe.com.ar\/libreria\/wp-json\/wp\/v2\/media?parent=16817"}],"wp:term":[{"taxonomy":"product_brand","embeddable":true,"href":"https:\/\/libreriaguadalupe.com.ar\/libreria\/wp-json\/wp\/v2\/product_brand?post=16817"},{"taxonomy":"product_cat","embeddable":true,"href":"https:\/\/libreriaguadalupe.com.ar\/libreria\/wp-json\/wp\/v2\/product_cat?post=16817"},{"taxonomy":"product_tag","embeddable":true,"href":"https:\/\/libreriaguadalupe.com.ar\/libreria\/wp-json\/wp\/v2\/product_tag?post=16817"}],"curies":[{"name":"wp","href":"https:\/\/api.w.org\/{rel}","templated":true}]}}