{"id":16810,"date":"2023-03-22T11:39:07","date_gmt":"2023-03-22T14:39:07","guid":{"rendered":"https:\/\/libreriaguadalupe.com.ar\/libreria\/?post_type=product&#038;p=16810"},"modified":"2026-02-10T13:21:20","modified_gmt":"2026-02-10T16:21:20","slug":"el-arte-de-narrar","status":"publish","type":"product","link":"https:\/\/libreriaguadalupe.com.ar\/libreria\/producto\/el-arte-de-narrar\/","title":{"rendered":"El Arte De Narrar"},"content":{"rendered":"<p>\u2014\u00a1Otro!&#8230; \u00a1Otro!&#8230; es la voz que resuena all\u00ed donde alguien ejerce el dulce oficio de narrar.<\/p>\n<p>\u00bfQui\u00e9n ha dicho que los chicos de hoy no escuchan cuentos? Los labios entreabiertos, los ojos brillantes de los ni\u00f1os, expresan la total entrega, la tierna inmersi\u00f3n del auditorio en el r\u00edo del relato. Han dejado el partido de f\u00fatbol; se han arrancado de la pantalla de T.V. y de la PC para caer a las plantas del m\u00e1gico \u00abHab\u00eda una vez&#8230;\u00bb<\/p>\n<p>Dora Pastoriza de Etchebarne no pudo dejar que su tesis universitaria s\u00f3lo sirviera para doctorarse. Y la entreg\u00f3 en un libro-clave para todo estudioso que quiera abordar la Literatura Infantil. Pero su fervor no permiti\u00f3 dejarla all\u00ed. Necesit\u00f3 sacar palabras escritas y echarlas a volar en la voz. Y entonces resucit\u00f3 al narrador. \u00bfCu\u00e1ntos a\u00f1os narr\u00f3 en los Parques Municipales?<\/p>\n<p>\u00a1La \u00abcuentadora de cuentos\u00bb!&#8230;-o\u00eda resonar por los co- rredores o por los senderos arbolados de los parques, cada vez que llegaba.<\/p>\n<p>En centenares de cursos dictados en la Capital y en el in- terior, su voz vibrante y fervorosa ha resonado y resuena como una clarinada: \u00a1cuentos, cuentos, cuentos!&#8230; para to dos los ni\u00f1os.<\/p>\n<p>En este libro que presentamos van la fundamentada teoria y la pr\u00e1ctica de \u00abeste acto minimo de confraternidad que es la narraci\u00f3n\u00bb.<\/p>\n","protected":false},"excerpt":{"rendered":"<p><strong>Un oficio olvidado<\/strong><\/p>\n<p>Autora: DORA PASTORIZA DE ETCHEBARNE<strong><br \/>\n<\/strong>ISBN: 9789505005499<br \/>\nDimensiones: 16 x 23 cm<br \/>\nP\u00e1ginas: 144<\/p>\n","protected":false},"featured_media":16811,"comment_status":"open","ping_status":"closed","template":"","meta":{"jetpack_publicize_message":"","jetpack_publicize_feature_enabled":true,"jetpack_social_post_already_shared":true,"jetpack_social_options":{"image_generator_settings":{"template":"highway","default_image_id":0,"font":"","enabled":false},"version":2}},"product_brand":[],"product_cat":[88,121],"product_tag":[127],"class_list":{"0":"post-16810","1":"product","2":"type-product","3":"status-publish","4":"has-post-thumbnail","6":"product_cat-espiritualidad-cultura-social","7":"product_cat-guadalupe","8":"product_tag-editorial-guadalupe-de-argentina","10":"first","11":"instock","12":"shipping-taxable","13":"purchasable","14":"product-type-simple"},"yoast_head":"<!-- This site is optimized with the Yoast SEO plugin v27.4 - https:\/\/yoast.com\/product\/yoast-seo-wordpress\/ -->\n<title>El Arte De Narrar - Editorial Guadalupe de Argentina<\/title>\n<meta name=\"description\" content=\"\u2014\u00a1Otro!... \u00a1Otro!... es la voz que resuena all\u00ed donde alguien ejerce el dulce oficio de narrar.\" \/>\n<meta name=\"robots\" content=\"index, follow, max-snippet:-1, max-image-preview:large, max-video-preview:-1\" \/>\n<link rel=\"canonical\" href=\"https:\/\/libreriaguadalupe.com.ar\/libreria\/producto\/el-arte-de-narrar\/\" \/>\n<meta property=\"og:locale\" content=\"es_ES\" \/>\n<meta property=\"og:type\" content=\"article\" \/>\n<meta property=\"og:title\" content=\"El Arte De Narrar - Editorial Guadalupe de Argentina\" \/>\n<meta property=\"og:description\" content=\"\u2014\u00a1Otro!... \u00a1Otro!... es la voz que resuena all\u00ed donde alguien ejerce el dulce oficio de narrar.\" \/>\n<meta property=\"og:url\" content=\"https:\/\/libreriaguadalupe.com.ar\/libreria\/producto\/el-arte-de-narrar\/\" \/>\n<meta property=\"og:site_name\" content=\"Editorial Guadalupe de Argentina\" \/>\n<meta property=\"article:publisher\" content=\"https:\/\/www.facebook.com\/LibreriaGuadalupeAR\/\" \/>\n<meta property=\"article:modified_time\" content=\"2026-02-10T16:21:20+00:00\" \/>\n<meta property=\"og:image\" content=\"https:\/\/libreriaguadalupe.com.ar\/libreria\/wp-content\/uploads\/2023\/03\/El-Arte-De-Narrar.jpeg\" \/>\n\t<meta property=\"og:image:width\" content=\"343\" \/>\n\t<meta property=\"og:image:height\" content=\"500\" \/>\n\t<meta property=\"og:image:type\" content=\"image\/jpeg\" \/>\n<meta name=\"twitter:card\" content=\"summary_large_image\" \/>\n<meta name=\"twitter:label1\" content=\"Tiempo de lectura\" \/>\n\t<meta name=\"twitter:data1\" content=\"2 minutos\" \/>\n<script type=\"application\/ld+json\" class=\"yoast-schema-graph\">{\"@context\":\"https:\\\/\\\/schema.org\",\"@graph\":[{\"@type\":\"WebPage\",\"@id\":\"https:\\\/\\\/libreriaguadalupe.com.ar\\\/libreria\\\/producto\\\/el-arte-de-narrar\\\/\",\"url\":\"https:\\\/\\\/libreriaguadalupe.com.ar\\\/libreria\\\/producto\\\/el-arte-de-narrar\\\/\",\"name\":\"El Arte De Narrar - Editorial Guadalupe de Argentina\",\"isPartOf\":{\"@id\":\"https:\\\/\\\/libreriaguadalupe.com.ar\\\/libreria\\\/#website\"},\"primaryImageOfPage\":{\"@id\":\"https:\\\/\\\/libreriaguadalupe.com.ar\\\/libreria\\\/producto\\\/el-arte-de-narrar\\\/#primaryimage\"},\"image\":{\"@id\":\"https:\\\/\\\/libreriaguadalupe.com.ar\\\/libreria\\\/producto\\\/el-arte-de-narrar\\\/#primaryimage\"},\"thumbnailUrl\":\"https:\\\/\\\/i0.wp.com\\\/libreriaguadalupe.com.ar\\\/libreria\\\/wp-content\\\/uploads\\\/2023\\\/03\\\/El-Arte-De-Narrar.jpeg?fit=343%2C500&ssl=1\",\"datePublished\":\"2023-03-22T14:39:07+00:00\",\"dateModified\":\"2026-02-10T16:21:20+00:00\",\"description\":\"\u2014\u00a1Otro!... \u00a1Otro!... es la voz que resuena all\u00ed donde alguien ejerce el dulce oficio de narrar.\",\"breadcrumb\":{\"@id\":\"https:\\\/\\\/libreriaguadalupe.com.ar\\\/libreria\\\/producto\\\/el-arte-de-narrar\\\/#breadcrumb\"},\"inLanguage\":\"es\",\"potentialAction\":[{\"@type\":\"ReadAction\",\"target\":[\"https:\\\/\\\/libreriaguadalupe.com.ar\\\/libreria\\\/producto\\\/el-arte-de-narrar\\\/\"]}]},{\"@type\":\"ImageObject\",\"inLanguage\":\"es\",\"@id\":\"https:\\\/\\\/libreriaguadalupe.com.ar\\\/libreria\\\/producto\\\/el-arte-de-narrar\\\/#primaryimage\",\"url\":\"https:\\\/\\\/i0.wp.com\\\/libreriaguadalupe.com.ar\\\/libreria\\\/wp-content\\\/uploads\\\/2023\\\/03\\\/El-Arte-De-Narrar.jpeg?fit=343%2C500&ssl=1\",\"contentUrl\":\"https:\\\/\\\/i0.wp.com\\\/libreriaguadalupe.com.ar\\\/libreria\\\/wp-content\\\/uploads\\\/2023\\\/03\\\/El-Arte-De-Narrar.jpeg?fit=343%2C500&ssl=1\",\"width\":343,\"height\":500},{\"@type\":\"BreadcrumbList\",\"@id\":\"https:\\\/\\\/libreriaguadalupe.com.ar\\\/libreria\\\/producto\\\/el-arte-de-narrar\\\/#breadcrumb\",\"itemListElement\":[{\"@type\":\"ListItem\",\"position\":1,\"name\":\"Portada\",\"item\":\"https:\\\/\\\/libreriaguadalupe.com.ar\\\/libreria\\\/\"},{\"@type\":\"ListItem\",\"position\":2,\"name\":\"Tienda\",\"item\":\"https:\\\/\\\/libreriaguadalupe.com.ar\\\/libreria\\\/\"},{\"@type\":\"ListItem\",\"position\":3,\"name\":\"El Arte De Narrar\"}]},{\"@type\":\"WebSite\",\"@id\":\"https:\\\/\\\/libreriaguadalupe.com.ar\\\/libreria\\\/#website\",\"url\":\"https:\\\/\\\/libreriaguadalupe.com.ar\\\/libreria\\\/\",\"name\":\"Editorial Guadalupe de Argentina\",\"description\":\"Congregaci\u00f3n del Verbo Divino\",\"publisher\":{\"@id\":\"https:\\\/\\\/libreriaguadalupe.com.ar\\\/libreria\\\/#organization\"},\"alternateName\":\"Librer\u00eda Guadalupe\",\"potentialAction\":[{\"@type\":\"SearchAction\",\"target\":{\"@type\":\"EntryPoint\",\"urlTemplate\":\"https:\\\/\\\/libreriaguadalupe.com.ar\\\/libreria\\\/?s={search_term_string}\"},\"query-input\":{\"@type\":\"PropertyValueSpecification\",\"valueRequired\":true,\"valueName\":\"search_term_string\"}}],\"inLanguage\":\"es\"},{\"@type\":\"Organization\",\"@id\":\"https:\\\/\\\/libreriaguadalupe.com.ar\\\/libreria\\\/#organization\",\"name\":\"Editorial Guadalupe\",\"alternateName\":\"Librer\u00eda Guadalupe\",\"url\":\"https:\\\/\\\/libreriaguadalupe.com.ar\\\/libreria\\\/\",\"logo\":{\"@type\":\"ImageObject\",\"inLanguage\":\"es\",\"@id\":\"https:\\\/\\\/libreriaguadalupe.com.ar\\\/libreria\\\/#\\\/schema\\\/logo\\\/image\\\/\",\"url\":\"https:\\\/\\\/i0.wp.com\\\/libreriaguadalupe.com.ar\\\/libreria\\\/wp-content\\\/uploads\\\/2023\\\/01\\\/cropped-logo-editorial-guadalupe.webp?fit=500%2C100&ssl=1\",\"contentUrl\":\"https:\\\/\\\/i0.wp.com\\\/libreriaguadalupe.com.ar\\\/libreria\\\/wp-content\\\/uploads\\\/2023\\\/01\\\/cropped-logo-editorial-guadalupe.webp?fit=500%2C100&ssl=1\",\"width\":500,\"height\":100,\"caption\":\"Editorial Guadalupe\"},\"image\":{\"@id\":\"https:\\\/\\\/libreriaguadalupe.com.ar\\\/libreria\\\/#\\\/schema\\\/logo\\\/image\\\/\"},\"sameAs\":[\"https:\\\/\\\/www.facebook.com\\\/LibreriaGuadalupeAR\\\/\",\"https:\\\/\\\/www.instagram.com\\\/editorialguadalupe\\\/\",\"https:\\\/\\\/guadalupeeditorial.mercadoshops.com.ar\\\/\"]}]}<\/script>\n<!-- \/ Yoast SEO plugin. -->","yoast_head_json":{"title":"El Arte De Narrar - Editorial Guadalupe de Argentina","description":"\u2014\u00a1Otro!... \u00a1Otro!... es la voz que resuena all\u00ed donde alguien ejerce el dulce oficio de narrar.","robots":{"index":"index","follow":"follow","max-snippet":"max-snippet:-1","max-image-preview":"max-image-preview:large","max-video-preview":"max-video-preview:-1"},"canonical":"https:\/\/libreriaguadalupe.com.ar\/libreria\/producto\/el-arte-de-narrar\/","og_locale":"es_ES","og_type":"article","og_title":"El Arte De Narrar - Editorial Guadalupe de Argentina","og_description":"\u2014\u00a1Otro!... \u00a1Otro!... es la voz que resuena all\u00ed donde alguien ejerce el dulce oficio de narrar.","og_url":"https:\/\/libreriaguadalupe.com.ar\/libreria\/producto\/el-arte-de-narrar\/","og_site_name":"Editorial Guadalupe de Argentina","article_publisher":"https:\/\/www.facebook.com\/LibreriaGuadalupeAR\/","article_modified_time":"2026-02-10T16:21:20+00:00","og_image":[{"width":343,"height":500,"url":"https:\/\/libreriaguadalupe.com.ar\/libreria\/wp-content\/uploads\/2023\/03\/El-Arte-De-Narrar.jpeg","type":"image\/jpeg"}],"twitter_card":"summary_large_image","twitter_misc":{"Tiempo de lectura":"2 minutos"},"schema":{"@context":"https:\/\/schema.org","@graph":[{"@type":"WebPage","@id":"https:\/\/libreriaguadalupe.com.ar\/libreria\/producto\/el-arte-de-narrar\/","url":"https:\/\/libreriaguadalupe.com.ar\/libreria\/producto\/el-arte-de-narrar\/","name":"El Arte De Narrar - Editorial Guadalupe de Argentina","isPartOf":{"@id":"https:\/\/libreriaguadalupe.com.ar\/libreria\/#website"},"primaryImageOfPage":{"@id":"https:\/\/libreriaguadalupe.com.ar\/libreria\/producto\/el-arte-de-narrar\/#primaryimage"},"image":{"@id":"https:\/\/libreriaguadalupe.com.ar\/libreria\/producto\/el-arte-de-narrar\/#primaryimage"},"thumbnailUrl":"https:\/\/i0.wp.com\/libreriaguadalupe.com.ar\/libreria\/wp-content\/uploads\/2023\/03\/El-Arte-De-Narrar.jpeg?fit=343%2C500&ssl=1","datePublished":"2023-03-22T14:39:07+00:00","dateModified":"2026-02-10T16:21:20+00:00","description":"\u2014\u00a1Otro!... \u00a1Otro!... es la voz que resuena all\u00ed donde alguien ejerce el dulce oficio de narrar.","breadcrumb":{"@id":"https:\/\/libreriaguadalupe.com.ar\/libreria\/producto\/el-arte-de-narrar\/#breadcrumb"},"inLanguage":"es","potentialAction":[{"@type":"ReadAction","target":["https:\/\/libreriaguadalupe.com.ar\/libreria\/producto\/el-arte-de-narrar\/"]}]},{"@type":"ImageObject","inLanguage":"es","@id":"https:\/\/libreriaguadalupe.com.ar\/libreria\/producto\/el-arte-de-narrar\/#primaryimage","url":"https:\/\/i0.wp.com\/libreriaguadalupe.com.ar\/libreria\/wp-content\/uploads\/2023\/03\/El-Arte-De-Narrar.jpeg?fit=343%2C500&ssl=1","contentUrl":"https:\/\/i0.wp.com\/libreriaguadalupe.com.ar\/libreria\/wp-content\/uploads\/2023\/03\/El-Arte-De-Narrar.jpeg?fit=343%2C500&ssl=1","width":343,"height":500},{"@type":"BreadcrumbList","@id":"https:\/\/libreriaguadalupe.com.ar\/libreria\/producto\/el-arte-de-narrar\/#breadcrumb","itemListElement":[{"@type":"ListItem","position":1,"name":"Portada","item":"https:\/\/libreriaguadalupe.com.ar\/libreria\/"},{"@type":"ListItem","position":2,"name":"Tienda","item":"https:\/\/libreriaguadalupe.com.ar\/libreria\/"},{"@type":"ListItem","position":3,"name":"El Arte De Narrar"}]},{"@type":"WebSite","@id":"https:\/\/libreriaguadalupe.com.ar\/libreria\/#website","url":"https:\/\/libreriaguadalupe.com.ar\/libreria\/","name":"Editorial Guadalupe de Argentina","description":"Congregaci\u00f3n del Verbo Divino","publisher":{"@id":"https:\/\/libreriaguadalupe.com.ar\/libreria\/#organization"},"alternateName":"Librer\u00eda Guadalupe","potentialAction":[{"@type":"SearchAction","target":{"@type":"EntryPoint","urlTemplate":"https:\/\/libreriaguadalupe.com.ar\/libreria\/?s={search_term_string}"},"query-input":{"@type":"PropertyValueSpecification","valueRequired":true,"valueName":"search_term_string"}}],"inLanguage":"es"},{"@type":"Organization","@id":"https:\/\/libreriaguadalupe.com.ar\/libreria\/#organization","name":"Editorial Guadalupe","alternateName":"Librer\u00eda Guadalupe","url":"https:\/\/libreriaguadalupe.com.ar\/libreria\/","logo":{"@type":"ImageObject","inLanguage":"es","@id":"https:\/\/libreriaguadalupe.com.ar\/libreria\/#\/schema\/logo\/image\/","url":"https:\/\/i0.wp.com\/libreriaguadalupe.com.ar\/libreria\/wp-content\/uploads\/2023\/01\/cropped-logo-editorial-guadalupe.webp?fit=500%2C100&ssl=1","contentUrl":"https:\/\/i0.wp.com\/libreriaguadalupe.com.ar\/libreria\/wp-content\/uploads\/2023\/01\/cropped-logo-editorial-guadalupe.webp?fit=500%2C100&ssl=1","width":500,"height":100,"caption":"Editorial Guadalupe"},"image":{"@id":"https:\/\/libreriaguadalupe.com.ar\/libreria\/#\/schema\/logo\/image\/"},"sameAs":["https:\/\/www.facebook.com\/LibreriaGuadalupeAR\/","https:\/\/www.instagram.com\/editorialguadalupe\/","https:\/\/guadalupeeditorial.mercadoshops.com.ar\/"]}]}},"jetpack_publicize_connections":[],"jetpack_sharing_enabled":true,"jetpack-related-posts":[{"id":17927,"url":"https:\/\/libreriaguadalupe.com.ar\/libreria\/producto\/el-evangelio-en-la-cruz\/","url_meta":{"origin":16810,"position":0},"title":"El Evangelio en la Cruz","author":"admin","date":"22\/03\/2024","format":false,"excerpt":"Breve Catecismo Cat\u00f3lico Autor: Leonardo Legr\u00e1s [\u00a0VER M\u00c1S OBRAS\u00a0] ISBN: 978-950-500-918-3 Dimensiones: 14 x 22 cm P\u00e1ginas: 118","rel":"","context":"Entrada similar","block_context":{"text":"Entrada similar","link":""},"img":{"alt_text":"","src":"https:\/\/i0.wp.com\/libreriaguadalupe.com.ar\/libreria\/wp-content\/uploads\/2024\/03\/NOVEDAD-TIENDA-MARZO-3.jpg?fit=470%2C470&ssl=1&resize=350%2C200","width":350,"height":200},"classes":[]},{"id":16952,"url":"https:\/\/libreriaguadalupe.com.ar\/libreria\/producto\/de-genesis-a-reyes\/","url_meta":{"origin":16810,"position":1},"title":"De G\u00e9nesis a Reyes","author":"admin","date":"23\/03\/2023","format":false,"excerpt":"Introducci\u00f3n a los nueve primeros libros de la Biblia Autor: Amador \u00c1ngel Garc\u00eda Santos ISBN: 8490733462 Dimensiones: 16 x 24 cm P\u00e1ginas: 30","rel":"","context":"Entrada similar","block_context":{"text":"Entrada similar","link":""},"img":{"alt_text":"","src":"https:\/\/i0.wp.com\/libreriaguadalupe.com.ar\/libreria\/wp-content\/uploads\/2023\/03\/DE-GENESIS-A-REYES.jpg?fit=380%2C586&ssl=1&resize=350%2C200","width":350,"height":200},"classes":[]},{"id":16032,"url":"https:\/\/libreriaguadalupe.com.ar\/libreria\/producto\/dejarlo-todo-por-una-promesa\/","url_meta":{"origin":16810,"position":2},"title":"Dejarlo todo por una promesa","author":"admin","date":"12\/02\/2023","format":false,"excerpt":"AUTOR: BLANCHOUD JOSE DANIEL ISBN: 9505007943","rel":"","context":"Entrada similar","block_context":{"text":"Entrada similar","link":""},"img":{"alt_text":"","src":"https:\/\/i0.wp.com\/libreriaguadalupe.com.ar\/libreria\/wp-content\/uploads\/2023\/02\/Dejarlo-todo-por-una-promesa.webp?fit=342%2C500&ssl=1&resize=350%2C200","width":350,"height":200},"classes":[]},{"id":15398,"url":"https:\/\/libreriaguadalupe.com.ar\/libreria\/producto\/senor-roca-mia-escucha-mi-voz-2\/","url_meta":{"origin":16810,"position":3},"title":"Senor, roca mia, escucha mi voz","author":"admin","date":"07\/02\/2023","format":false,"excerpt":"Lectura continua y concatenada de Salmos 1-30.","rel":"","context":"Entrada similar","block_context":{"text":"Entrada similar","link":""},"img":{"alt_text":"","src":"","width":0,"height":0},"classes":[]},{"id":18438,"url":"https:\/\/libreriaguadalupe.com.ar\/libreria\/producto\/cuentos-de-navidad\/","url_meta":{"origin":16810,"position":4},"title":"Cuentos De Navidad","author":"admin","date":"19\/11\/2024","format":false,"excerpt":"\u00a0 Autor: Guillermo Enrique Dri ISBN: 978-950-500-940-4 Dimensiones: 15 x 22 cm P\u00e1ginas: 88","rel":"","context":"Con 1 comentario","block_context":{"text":"Con 1 comentario","link":"https:\/\/libreriaguadalupe.com.ar\/libreria\/producto\/cuentos-de-navidad\/#comments"},"img":{"alt_text":"","src":"https:\/\/i0.wp.com\/libreriaguadalupe.com.ar\/libreria\/wp-content\/uploads\/2024\/11\/Cuentos-de-Navidad.png?fit=470%2C712&ssl=1&resize=350%2C200","width":350,"height":200},"classes":[]},{"id":15973,"url":"https:\/\/libreriaguadalupe.com.ar\/libreria\/producto\/no-me-averguenzo-del-evangelio-e-book\/","url_meta":{"origin":16810,"position":5},"title":"No me averg\u00fcenzo del evangelio (E-BOOK)","author":"admin","date":"12\/02\/2023","format":false,"excerpt":"EDICION DIGITAL AUTOR: LEONARDO LEGRAS [\u00a0VER M\u00c1S OBRAS\u00a0] ISBN: 9505007981","rel":"","context":"Entrada similar","block_context":{"text":"Entrada similar","link":""},"img":{"alt_text":"","src":"https:\/\/i0.wp.com\/libreriaguadalupe.com.ar\/libreria\/wp-content\/uploads\/2023\/02\/No-me-averguenzo-del-Evangelio.webp?fit=216%2C287&ssl=1&resize=350%2C200","width":350,"height":200},"classes":[]}],"_links":{"self":[{"href":"https:\/\/libreriaguadalupe.com.ar\/libreria\/wp-json\/wp\/v2\/product\/16810","targetHints":{"allow":["GET"]}}],"collection":[{"href":"https:\/\/libreriaguadalupe.com.ar\/libreria\/wp-json\/wp\/v2\/product"}],"about":[{"href":"https:\/\/libreriaguadalupe.com.ar\/libreria\/wp-json\/wp\/v2\/types\/product"}],"replies":[{"embeddable":true,"href":"https:\/\/libreriaguadalupe.com.ar\/libreria\/wp-json\/wp\/v2\/comments?post=16810"}],"version-history":[{"count":1,"href":"https:\/\/libreriaguadalupe.com.ar\/libreria\/wp-json\/wp\/v2\/product\/16810\/revisions"}],"predecessor-version":[{"id":16812,"href":"https:\/\/libreriaguadalupe.com.ar\/libreria\/wp-json\/wp\/v2\/product\/16810\/revisions\/16812"}],"wp:featuredmedia":[{"embeddable":true,"href":"https:\/\/libreriaguadalupe.com.ar\/libreria\/wp-json\/wp\/v2\/media\/16811"}],"wp:attachment":[{"href":"https:\/\/libreriaguadalupe.com.ar\/libreria\/wp-json\/wp\/v2\/media?parent=16810"}],"wp:term":[{"taxonomy":"product_brand","embeddable":true,"href":"https:\/\/libreriaguadalupe.com.ar\/libreria\/wp-json\/wp\/v2\/product_brand?post=16810"},{"taxonomy":"product_cat","embeddable":true,"href":"https:\/\/libreriaguadalupe.com.ar\/libreria\/wp-json\/wp\/v2\/product_cat?post=16810"},{"taxonomy":"product_tag","embeddable":true,"href":"https:\/\/libreriaguadalupe.com.ar\/libreria\/wp-json\/wp\/v2\/product_tag?post=16810"}],"curies":[{"name":"wp","href":"https:\/\/api.w.org\/{rel}","templated":true}]}}