{"id":16794,"date":"2023-03-21T13:13:54","date_gmt":"2023-03-21T16:13:54","guid":{"rendered":"https:\/\/libreriaguadalupe.com.ar\/libreria\/?post_type=product&#038;p=16794"},"modified":"2025-11-18T20:05:34","modified_gmt":"2025-11-18T23:05:34","slug":"breve-catecismo","status":"publish","type":"product","link":"https:\/\/libreriaguadalupe.com.ar\/libreria\/producto\/breve-catecismo\/","title":{"rendered":"Breve Catecismo"},"content":{"rendered":"<p>Descripci\u00f3n<br \/>\nBreve catecismo es un aporte a la catequesis de ni\u00f1os, j\u00f3venes y adultos. Contiene las oraciones tradicionales del cristiano, el ritual de la celebraci\u00f3n de la Misa, las Bienaventuranzas, los Dones y Frutos del Esp\u00edritu Santo, las obras de misericordia, una breve catequesis sobre los siete Sacramentos, los diez Mandamientos y el mandamiento del Amor.<\/p>\n<p>En forma sencilla y clara nos presenta las principales oraciones del cristiano, el ordinario de la Misa, las bienaventuranzas, sacramentos, mandamientos, etc\u00e9tera. Coedici\u00f3n de Editorial Verbo Divino (Bolivia) y Editorial Guadalupe.<\/p>\n","protected":false},"excerpt":{"rendered":"<p>Autor: LUIS LIBERTI<strong><br \/>\n<\/strong>ISBN: 9505007189<br \/>\nDimensiones: 11 x 17 cm<br \/>\nP\u00e1ginas: 64<\/p>\n","protected":false},"featured_media":16795,"comment_status":"open","ping_status":"closed","template":"","meta":{"jetpack_publicize_message":"","jetpack_publicize_feature_enabled":true,"jetpack_social_post_already_shared":true,"jetpack_social_options":{"image_generator_settings":{"template":"highway","default_image_id":0,"font":"","enabled":false},"version":2}},"product_brand":[],"product_cat":[88,121],"product_tag":[127],"class_list":{"0":"post-16794","1":"product","2":"type-product","3":"status-publish","4":"has-post-thumbnail","6":"product_cat-espiritualidad-cultura-social","7":"product_cat-guadalupe","8":"product_tag-editorial-guadalupe-de-argentina","10":"first","11":"instock","12":"shipping-taxable","13":"purchasable","14":"product-type-simple"},"yoast_head":"<!-- This site is optimized with the Yoast SEO plugin v27.4 - https:\/\/yoast.com\/product\/yoast-seo-wordpress\/ -->\n<title>Breve Catecismo - Editorial Guadalupe de Argentina<\/title>\n<meta name=\"description\" content=\"Breve catecismo es un aporte a la catequesis de ni\u00f1os, j\u00f3venes y adultos. Contiene las oraciones tradicionales del cristiano, el ritual de la celebraci\u00f3n de la Misa, las Bienaventuranzas, los Dones y Frutos del Esp\u00edritu Santo, las obras de misericordia, una breve catequesis sobre los siete Sacramentos, los diez Mandamientos y el mandamiento del Amor.\" \/>\n<meta name=\"robots\" content=\"index, follow, max-snippet:-1, max-image-preview:large, max-video-preview:-1\" \/>\n<link rel=\"canonical\" href=\"https:\/\/libreriaguadalupe.com.ar\/libreria\/producto\/breve-catecismo\/\" \/>\n<meta property=\"og:locale\" content=\"es_ES\" \/>\n<meta property=\"og:type\" content=\"article\" \/>\n<meta property=\"og:title\" content=\"Breve Catecismo - Editorial Guadalupe de Argentina\" \/>\n<meta property=\"og:description\" content=\"Breve catecismo es un aporte a la catequesis de ni\u00f1os, j\u00f3venes y adultos. Contiene las oraciones tradicionales del cristiano, el ritual de la celebraci\u00f3n de la Misa, las Bienaventuranzas, los Dones y Frutos del Esp\u00edritu Santo, las obras de misericordia, una breve catequesis sobre los siete Sacramentos, los diez Mandamientos y el mandamiento del Amor.\" \/>\n<meta property=\"og:url\" content=\"https:\/\/libreriaguadalupe.com.ar\/libreria\/producto\/breve-catecismo\/\" \/>\n<meta property=\"og:site_name\" content=\"Editorial Guadalupe de Argentina\" \/>\n<meta property=\"article:publisher\" content=\"https:\/\/www.facebook.com\/LibreriaGuadalupeAR\/\" \/>\n<meta property=\"article:modified_time\" content=\"2025-11-18T23:05:34+00:00\" \/>\n<meta property=\"og:image\" content=\"https:\/\/libreriaguadalupe.com.ar\/libreria\/wp-content\/uploads\/2023\/03\/Brevee-catecismo.jpeg\" \/>\n\t<meta property=\"og:image:width\" content=\"376\" \/>\n\t<meta property=\"og:image:height\" content=\"500\" \/>\n\t<meta property=\"og:image:type\" content=\"image\/jpeg\" \/>\n<meta name=\"twitter:card\" content=\"summary_large_image\" \/>\n<meta name=\"twitter:label1\" content=\"Tiempo de lectura\" \/>\n\t<meta name=\"twitter:data1\" content=\"1 minuto\" \/>\n<script type=\"application\/ld+json\" class=\"yoast-schema-graph\">{\"@context\":\"https:\\\/\\\/schema.org\",\"@graph\":[{\"@type\":\"WebPage\",\"@id\":\"https:\\\/\\\/libreriaguadalupe.com.ar\\\/libreria\\\/producto\\\/breve-catecismo\\\/\",\"url\":\"https:\\\/\\\/libreriaguadalupe.com.ar\\\/libreria\\\/producto\\\/breve-catecismo\\\/\",\"name\":\"Breve Catecismo - Editorial Guadalupe de Argentina\",\"isPartOf\":{\"@id\":\"https:\\\/\\\/libreriaguadalupe.com.ar\\\/libreria\\\/#website\"},\"primaryImageOfPage\":{\"@id\":\"https:\\\/\\\/libreriaguadalupe.com.ar\\\/libreria\\\/producto\\\/breve-catecismo\\\/#primaryimage\"},\"image\":{\"@id\":\"https:\\\/\\\/libreriaguadalupe.com.ar\\\/libreria\\\/producto\\\/breve-catecismo\\\/#primaryimage\"},\"thumbnailUrl\":\"https:\\\/\\\/i0.wp.com\\\/libreriaguadalupe.com.ar\\\/libreria\\\/wp-content\\\/uploads\\\/2023\\\/03\\\/Brevee-catecismo.jpeg?fit=376%2C500&ssl=1\",\"datePublished\":\"2023-03-21T16:13:54+00:00\",\"dateModified\":\"2025-11-18T23:05:34+00:00\",\"description\":\"Breve catecismo es un aporte a la catequesis de ni\u00f1os, j\u00f3venes y adultos. Contiene las oraciones tradicionales del cristiano, el ritual de la celebraci\u00f3n de la Misa, las Bienaventuranzas, los Dones y Frutos del Esp\u00edritu Santo, las obras de misericordia, una breve catequesis sobre los siete Sacramentos, los diez Mandamientos y el mandamiento del Amor.\",\"breadcrumb\":{\"@id\":\"https:\\\/\\\/libreriaguadalupe.com.ar\\\/libreria\\\/producto\\\/breve-catecismo\\\/#breadcrumb\"},\"inLanguage\":\"es\",\"potentialAction\":[{\"@type\":\"ReadAction\",\"target\":[\"https:\\\/\\\/libreriaguadalupe.com.ar\\\/libreria\\\/producto\\\/breve-catecismo\\\/\"]}]},{\"@type\":\"ImageObject\",\"inLanguage\":\"es\",\"@id\":\"https:\\\/\\\/libreriaguadalupe.com.ar\\\/libreria\\\/producto\\\/breve-catecismo\\\/#primaryimage\",\"url\":\"https:\\\/\\\/i0.wp.com\\\/libreriaguadalupe.com.ar\\\/libreria\\\/wp-content\\\/uploads\\\/2023\\\/03\\\/Brevee-catecismo.jpeg?fit=376%2C500&ssl=1\",\"contentUrl\":\"https:\\\/\\\/i0.wp.com\\\/libreriaguadalupe.com.ar\\\/libreria\\\/wp-content\\\/uploads\\\/2023\\\/03\\\/Brevee-catecismo.jpeg?fit=376%2C500&ssl=1\",\"width\":376,\"height\":500},{\"@type\":\"BreadcrumbList\",\"@id\":\"https:\\\/\\\/libreriaguadalupe.com.ar\\\/libreria\\\/producto\\\/breve-catecismo\\\/#breadcrumb\",\"itemListElement\":[{\"@type\":\"ListItem\",\"position\":1,\"name\":\"Portada\",\"item\":\"https:\\\/\\\/libreriaguadalupe.com.ar\\\/libreria\\\/\"},{\"@type\":\"ListItem\",\"position\":2,\"name\":\"Tienda\",\"item\":\"https:\\\/\\\/libreriaguadalupe.com.ar\\\/libreria\\\/\"},{\"@type\":\"ListItem\",\"position\":3,\"name\":\"Breve Catecismo\"}]},{\"@type\":\"WebSite\",\"@id\":\"https:\\\/\\\/libreriaguadalupe.com.ar\\\/libreria\\\/#website\",\"url\":\"https:\\\/\\\/libreriaguadalupe.com.ar\\\/libreria\\\/\",\"name\":\"Editorial Guadalupe de Argentina\",\"description\":\"Congregaci\u00f3n del Verbo Divino\",\"publisher\":{\"@id\":\"https:\\\/\\\/libreriaguadalupe.com.ar\\\/libreria\\\/#organization\"},\"alternateName\":\"Librer\u00eda Guadalupe\",\"potentialAction\":[{\"@type\":\"SearchAction\",\"target\":{\"@type\":\"EntryPoint\",\"urlTemplate\":\"https:\\\/\\\/libreriaguadalupe.com.ar\\\/libreria\\\/?s={search_term_string}\"},\"query-input\":{\"@type\":\"PropertyValueSpecification\",\"valueRequired\":true,\"valueName\":\"search_term_string\"}}],\"inLanguage\":\"es\"},{\"@type\":\"Organization\",\"@id\":\"https:\\\/\\\/libreriaguadalupe.com.ar\\\/libreria\\\/#organization\",\"name\":\"Editorial Guadalupe\",\"alternateName\":\"Librer\u00eda Guadalupe\",\"url\":\"https:\\\/\\\/libreriaguadalupe.com.ar\\\/libreria\\\/\",\"logo\":{\"@type\":\"ImageObject\",\"inLanguage\":\"es\",\"@id\":\"https:\\\/\\\/libreriaguadalupe.com.ar\\\/libreria\\\/#\\\/schema\\\/logo\\\/image\\\/\",\"url\":\"https:\\\/\\\/i0.wp.com\\\/libreriaguadalupe.com.ar\\\/libreria\\\/wp-content\\\/uploads\\\/2023\\\/01\\\/cropped-logo-editorial-guadalupe.webp?fit=500%2C100&ssl=1\",\"contentUrl\":\"https:\\\/\\\/i0.wp.com\\\/libreriaguadalupe.com.ar\\\/libreria\\\/wp-content\\\/uploads\\\/2023\\\/01\\\/cropped-logo-editorial-guadalupe.webp?fit=500%2C100&ssl=1\",\"width\":500,\"height\":100,\"caption\":\"Editorial Guadalupe\"},\"image\":{\"@id\":\"https:\\\/\\\/libreriaguadalupe.com.ar\\\/libreria\\\/#\\\/schema\\\/logo\\\/image\\\/\"},\"sameAs\":[\"https:\\\/\\\/www.facebook.com\\\/LibreriaGuadalupeAR\\\/\",\"https:\\\/\\\/www.instagram.com\\\/editorialguadalupe\\\/\",\"https:\\\/\\\/guadalupeeditorial.mercadoshops.com.ar\\\/\"]}]}<\/script>\n<!-- \/ Yoast SEO plugin. -->","yoast_head_json":{"title":"Breve Catecismo - Editorial Guadalupe de Argentina","description":"Breve catecismo es un aporte a la catequesis de ni\u00f1os, j\u00f3venes y adultos. Contiene las oraciones tradicionales del cristiano, el ritual de la celebraci\u00f3n de la Misa, las Bienaventuranzas, los Dones y Frutos del Esp\u00edritu Santo, las obras de misericordia, una breve catequesis sobre los siete Sacramentos, los diez Mandamientos y el mandamiento del Amor.","robots":{"index":"index","follow":"follow","max-snippet":"max-snippet:-1","max-image-preview":"max-image-preview:large","max-video-preview":"max-video-preview:-1"},"canonical":"https:\/\/libreriaguadalupe.com.ar\/libreria\/producto\/breve-catecismo\/","og_locale":"es_ES","og_type":"article","og_title":"Breve Catecismo - Editorial Guadalupe de Argentina","og_description":"Breve catecismo es un aporte a la catequesis de ni\u00f1os, j\u00f3venes y adultos. Contiene las oraciones tradicionales del cristiano, el ritual de la celebraci\u00f3n de la Misa, las Bienaventuranzas, los Dones y Frutos del Esp\u00edritu Santo, las obras de misericordia, una breve catequesis sobre los siete Sacramentos, los diez Mandamientos y el mandamiento del Amor.","og_url":"https:\/\/libreriaguadalupe.com.ar\/libreria\/producto\/breve-catecismo\/","og_site_name":"Editorial Guadalupe de Argentina","article_publisher":"https:\/\/www.facebook.com\/LibreriaGuadalupeAR\/","article_modified_time":"2025-11-18T23:05:34+00:00","og_image":[{"width":376,"height":500,"url":"https:\/\/libreriaguadalupe.com.ar\/libreria\/wp-content\/uploads\/2023\/03\/Brevee-catecismo.jpeg","type":"image\/jpeg"}],"twitter_card":"summary_large_image","twitter_misc":{"Tiempo de lectura":"1 minuto"},"schema":{"@context":"https:\/\/schema.org","@graph":[{"@type":"WebPage","@id":"https:\/\/libreriaguadalupe.com.ar\/libreria\/producto\/breve-catecismo\/","url":"https:\/\/libreriaguadalupe.com.ar\/libreria\/producto\/breve-catecismo\/","name":"Breve Catecismo - Editorial Guadalupe de Argentina","isPartOf":{"@id":"https:\/\/libreriaguadalupe.com.ar\/libreria\/#website"},"primaryImageOfPage":{"@id":"https:\/\/libreriaguadalupe.com.ar\/libreria\/producto\/breve-catecismo\/#primaryimage"},"image":{"@id":"https:\/\/libreriaguadalupe.com.ar\/libreria\/producto\/breve-catecismo\/#primaryimage"},"thumbnailUrl":"https:\/\/i0.wp.com\/libreriaguadalupe.com.ar\/libreria\/wp-content\/uploads\/2023\/03\/Brevee-catecismo.jpeg?fit=376%2C500&ssl=1","datePublished":"2023-03-21T16:13:54+00:00","dateModified":"2025-11-18T23:05:34+00:00","description":"Breve catecismo es un aporte a la catequesis de ni\u00f1os, j\u00f3venes y adultos. Contiene las oraciones tradicionales del cristiano, el ritual de la celebraci\u00f3n de la Misa, las Bienaventuranzas, los Dones y Frutos del Esp\u00edritu Santo, las obras de misericordia, una breve catequesis sobre los siete Sacramentos, los diez Mandamientos y el mandamiento del Amor.","breadcrumb":{"@id":"https:\/\/libreriaguadalupe.com.ar\/libreria\/producto\/breve-catecismo\/#breadcrumb"},"inLanguage":"es","potentialAction":[{"@type":"ReadAction","target":["https:\/\/libreriaguadalupe.com.ar\/libreria\/producto\/breve-catecismo\/"]}]},{"@type":"ImageObject","inLanguage":"es","@id":"https:\/\/libreriaguadalupe.com.ar\/libreria\/producto\/breve-catecismo\/#primaryimage","url":"https:\/\/i0.wp.com\/libreriaguadalupe.com.ar\/libreria\/wp-content\/uploads\/2023\/03\/Brevee-catecismo.jpeg?fit=376%2C500&ssl=1","contentUrl":"https:\/\/i0.wp.com\/libreriaguadalupe.com.ar\/libreria\/wp-content\/uploads\/2023\/03\/Brevee-catecismo.jpeg?fit=376%2C500&ssl=1","width":376,"height":500},{"@type":"BreadcrumbList","@id":"https:\/\/libreriaguadalupe.com.ar\/libreria\/producto\/breve-catecismo\/#breadcrumb","itemListElement":[{"@type":"ListItem","position":1,"name":"Portada","item":"https:\/\/libreriaguadalupe.com.ar\/libreria\/"},{"@type":"ListItem","position":2,"name":"Tienda","item":"https:\/\/libreriaguadalupe.com.ar\/libreria\/"},{"@type":"ListItem","position":3,"name":"Breve Catecismo"}]},{"@type":"WebSite","@id":"https:\/\/libreriaguadalupe.com.ar\/libreria\/#website","url":"https:\/\/libreriaguadalupe.com.ar\/libreria\/","name":"Editorial Guadalupe de Argentina","description":"Congregaci\u00f3n del Verbo Divino","publisher":{"@id":"https:\/\/libreriaguadalupe.com.ar\/libreria\/#organization"},"alternateName":"Librer\u00eda Guadalupe","potentialAction":[{"@type":"SearchAction","target":{"@type":"EntryPoint","urlTemplate":"https:\/\/libreriaguadalupe.com.ar\/libreria\/?s={search_term_string}"},"query-input":{"@type":"PropertyValueSpecification","valueRequired":true,"valueName":"search_term_string"}}],"inLanguage":"es"},{"@type":"Organization","@id":"https:\/\/libreriaguadalupe.com.ar\/libreria\/#organization","name":"Editorial Guadalupe","alternateName":"Librer\u00eda Guadalupe","url":"https:\/\/libreriaguadalupe.com.ar\/libreria\/","logo":{"@type":"ImageObject","inLanguage":"es","@id":"https:\/\/libreriaguadalupe.com.ar\/libreria\/#\/schema\/logo\/image\/","url":"https:\/\/i0.wp.com\/libreriaguadalupe.com.ar\/libreria\/wp-content\/uploads\/2023\/01\/cropped-logo-editorial-guadalupe.webp?fit=500%2C100&ssl=1","contentUrl":"https:\/\/i0.wp.com\/libreriaguadalupe.com.ar\/libreria\/wp-content\/uploads\/2023\/01\/cropped-logo-editorial-guadalupe.webp?fit=500%2C100&ssl=1","width":500,"height":100,"caption":"Editorial Guadalupe"},"image":{"@id":"https:\/\/libreriaguadalupe.com.ar\/libreria\/#\/schema\/logo\/image\/"},"sameAs":["https:\/\/www.facebook.com\/LibreriaGuadalupeAR\/","https:\/\/www.instagram.com\/editorialguadalupe\/","https:\/\/guadalupeeditorial.mercadoshops.com.ar\/"]}]}},"jetpack_publicize_connections":[],"jetpack_sharing_enabled":true,"jetpack-related-posts":[{"id":17927,"url":"https:\/\/libreriaguadalupe.com.ar\/libreria\/producto\/el-evangelio-en-la-cruz\/","url_meta":{"origin":16794,"position":0},"title":"El Evangelio en la Cruz","author":"admin","date":"22\/03\/2024","format":false,"excerpt":"Breve Catecismo Cat\u00f3lico Autor: Leonardo Legr\u00e1s [\u00a0VER M\u00c1S OBRAS\u00a0] ISBN: 978-950-500-918-3 Dimensiones: 14 x 22 cm P\u00e1ginas: 118","rel":"","context":"Entrada similar","block_context":{"text":"Entrada similar","link":""},"img":{"alt_text":"","src":"https:\/\/i0.wp.com\/libreriaguadalupe.com.ar\/libreria\/wp-content\/uploads\/2024\/03\/NOVEDAD-TIENDA-MARZO-3.jpg?fit=470%2C470&ssl=1&resize=350%2C200","width":350,"height":200},"classes":[]},{"id":15540,"url":"https:\/\/libreriaguadalupe.com.ar\/libreria\/producto\/youcat-2\/","url_meta":{"origin":16794,"position":1},"title":"YOUCAT (Edici\u00f3n Latinoam\u00e9rica)","author":"admin","date":"07\/02\/2023","format":false,"excerpt":"Catecismo Joven de la Iglesia cat\u00f3lica Autor: EDICI\u00d3N EXCLUSIVA PARA DISTRIBUCI\u00d3N EN LATINOAM\u00c9RICA ISBN: 8490551745 Dimensiones: 12,5 x 20,5 cm P\u00e1ginas: 304","rel":"","context":"Entrada similar","block_context":{"text":"Entrada similar","link":""},"img":{"alt_text":"","src":"https:\/\/i0.wp.com\/libreriaguadalupe.com.ar\/libreria\/wp-content\/uploads\/1674\/33\/1233.jpg?fit=334%2C551&ssl=1&resize=350%2C200","width":350,"height":200},"classes":[]},{"id":16769,"url":"https:\/\/libreriaguadalupe.com.ar\/libreria\/producto\/celebrando-la-palabra-con-la-luz-de-la-pascua\/","url_meta":{"origin":16794,"position":2},"title":"Celebrando La Palabra Con la luz de la Pascua","author":"admin","date":"21\/03\/2023","format":false,"excerpt":"Autor:\u00a0 GONZALEZ EDUARDO ISBN: 9789505005130 P\u00e1ginas: 112 Medidas: 11 x 17 cm","rel":"","context":"Entrada similar","block_context":{"text":"Entrada similar","link":""},"img":{"alt_text":"","src":"https:\/\/i0.wp.com\/libreriaguadalupe.com.ar\/libreria\/wp-content\/uploads\/2023\/03\/Celebrando-La-Palabra-Con-la-luz-de-la-Pascua.jpeg?fit=374%2C500&ssl=1&resize=350%2C200","width":350,"height":200},"classes":[]},{"id":18157,"url":"https:\/\/libreriaguadalupe.com.ar\/libreria\/producto\/camino-con-cristo\/","url_meta":{"origin":16794,"position":3},"title":"Camino con Cristo","author":"admin","date":"11\/07\/2024","format":false,"excerpt":"Catecumenado de Adultos Autor: Mart\u00edn Weichs ISBN: 978-987-148-821-6 Dimensiones: 18 x 26 cm P\u00e1ginas: 618","rel":"","context":"Entrada similar","block_context":{"text":"Entrada similar","link":""},"img":{"alt_text":"","src":"https:\/\/i0.wp.com\/libreriaguadalupe.com.ar\/libreria\/wp-content\/uploads\/2024\/07\/Camino-con-Cristo.png?fit=470%2C712&ssl=1&resize=350%2C200","width":350,"height":200},"classes":[]},{"id":17794,"url":"https:\/\/libreriaguadalupe.com.ar\/libreria\/producto\/celebrando-la-palabra-en-navidad\/","url_meta":{"origin":16794,"position":4},"title":"Celebrando la Palabra en Navidad","author":"admin","date":"18\/12\/2023","format":false,"excerpt":"Novena de Navidad - Bendici\u00f3n del Pesebre - Bendici\u00f3n del \u00c1rbol -Bendici\u00f3n de la Mesa Autor: EDUARDO A. GONZ\u00c1LEZ ISBN: 978-950-500-506-2 Dimensiones: 11 x 17 cm P\u00e1ginas: 112","rel":"","context":"Entrada similar","block_context":{"text":"Entrada similar","link":""},"img":{"alt_text":"","src":"https:\/\/i0.wp.com\/libreriaguadalupe.com.ar\/libreria\/wp-content\/uploads\/2023\/12\/Celebrando-la-Palabra-en-Navidad.png?fit=1039%2C1200&ssl=1&resize=350%2C200","width":350,"height":200,"srcset":"https:\/\/i0.wp.com\/libreriaguadalupe.com.ar\/libreria\/wp-content\/uploads\/2023\/12\/Celebrando-la-Palabra-en-Navidad.png?fit=1039%2C1200&ssl=1&resize=350%2C200 1x, https:\/\/i0.wp.com\/libreriaguadalupe.com.ar\/libreria\/wp-content\/uploads\/2023\/12\/Celebrando-la-Palabra-en-Navidad.png?fit=1039%2C1200&ssl=1&resize=525%2C300 1.5x, https:\/\/i0.wp.com\/libreriaguadalupe.com.ar\/libreria\/wp-content\/uploads\/2023\/12\/Celebrando-la-Palabra-en-Navidad.png?fit=1039%2C1200&ssl=1&resize=700%2C400 2x"},"classes":[]},{"id":13180,"url":"https:\/\/libreriaguadalupe.com.ar\/libreria\/producto\/vayamos-mas-alla\/","url_meta":{"origin":16794,"position":5},"title":"Vayamos mas alla","author":"admin","date":"18\/01\/2023","format":false,"excerpt":"Semana Santa Ciclo B AUTOR: EVD ISBN: 8499452623","rel":"","context":"Entrada similar","block_context":{"text":"Entrada similar","link":""},"img":{"alt_text":"","src":"https:\/\/i0.wp.com\/libreriaguadalupe.com.ar\/libreria\/wp-content\/uploads\/1674\/33\/1160.jpg?fit=250%2C287&ssl=1&resize=350%2C200","width":350,"height":200},"classes":[]}],"_links":{"self":[{"href":"https:\/\/libreriaguadalupe.com.ar\/libreria\/wp-json\/wp\/v2\/product\/16794","targetHints":{"allow":["GET"]}}],"collection":[{"href":"https:\/\/libreriaguadalupe.com.ar\/libreria\/wp-json\/wp\/v2\/product"}],"about":[{"href":"https:\/\/libreriaguadalupe.com.ar\/libreria\/wp-json\/wp\/v2\/types\/product"}],"replies":[{"embeddable":true,"href":"https:\/\/libreriaguadalupe.com.ar\/libreria\/wp-json\/wp\/v2\/comments?post=16794"}],"version-history":[{"count":1,"href":"https:\/\/libreriaguadalupe.com.ar\/libreria\/wp-json\/wp\/v2\/product\/16794\/revisions"}],"predecessor-version":[{"id":16796,"href":"https:\/\/libreriaguadalupe.com.ar\/libreria\/wp-json\/wp\/v2\/product\/16794\/revisions\/16796"}],"wp:featuredmedia":[{"embeddable":true,"href":"https:\/\/libreriaguadalupe.com.ar\/libreria\/wp-json\/wp\/v2\/media\/16795"}],"wp:attachment":[{"href":"https:\/\/libreriaguadalupe.com.ar\/libreria\/wp-json\/wp\/v2\/media?parent=16794"}],"wp:term":[{"taxonomy":"product_brand","embeddable":true,"href":"https:\/\/libreriaguadalupe.com.ar\/libreria\/wp-json\/wp\/v2\/product_brand?post=16794"},{"taxonomy":"product_cat","embeddable":true,"href":"https:\/\/libreriaguadalupe.com.ar\/libreria\/wp-json\/wp\/v2\/product_cat?post=16794"},{"taxonomy":"product_tag","embeddable":true,"href":"https:\/\/libreriaguadalupe.com.ar\/libreria\/wp-json\/wp\/v2\/product_tag?post=16794"}],"curies":[{"name":"wp","href":"https:\/\/api.w.org\/{rel}","templated":true}]}}