{"id":16779,"date":"2023-03-21T12:02:57","date_gmt":"2023-03-21T15:02:57","guid":{"rendered":"https:\/\/libreriaguadalupe.com.ar\/libreria\/?post_type=product&#038;p=16779"},"modified":"2025-05-05T16:29:54","modified_gmt":"2025-05-05T19:29:54","slug":"celebremos-a-jesus-pan-de-vida-ciclo-c","status":"publish","type":"product","link":"https:\/\/libreriaguadalupe.com.ar\/libreria\/producto\/celebremos-a-jesus-pan-de-vida-ciclo-c\/","title":{"rendered":"Celebremos A Jes\u00fas, Pan De Vida Ciclo C"},"content":{"rendered":"<p>Descripci\u00f3n<br \/>\nAnuncio del Acontecimiento salv\u00edfico celebrado, sugerencias para las Homil\u00edas, recursos catequ\u00edsticos visuales y gr\u00e1ficos que vuelven mas significativos a los ni\u00f1os los signos y los gestos de la Eucarist\u00eda e ideas para la realizaci\u00f3n de signos lit\u00fargicos que fortalezcan su itinerario de iniciaci\u00f3n y crecimiento en la fe.<\/p>\n<p>Estos materiales elaborados, probados y enriquecidos a lo largo de una d\u00e9cada en peque\u00f1as comunidades de la mano del Pbro. Miguel \u00c1ngel D&#8217;Annibale, miembro del Secretariado Nacional de Liturgia (SENALI) y responsable de Formaci\u00f3n Lit\u00fargica a distancia, se ofrecen como valioso aporte a sacerdotes, animadores de liturgia y pastoral y catequesis.<\/p>\n","protected":false},"excerpt":{"rendered":"<p>Autor: Miguel Angel D\u2019Annibale<br \/>\nISBN: 9789505006625<br \/>\nP\u00e1ginas: 192<br \/>\nMedidas: 14 x 20 cm<\/p>\n","protected":false},"featured_media":16780,"comment_status":"open","ping_status":"closed","template":"","meta":{"jetpack_publicize_message":"","jetpack_publicize_feature_enabled":true,"jetpack_social_post_already_shared":true,"jetpack_social_options":{"image_generator_settings":{"template":"highway","default_image_id":0,"font":"","enabled":false},"version":2}},"product_brand":[],"product_cat":[73,121],"product_tag":[127],"class_list":{"0":"post-16779","1":"product","2":"type-product","3":"status-publish","4":"has-post-thumbnail","6":"product_cat-catequesis-y-educacion-en-la-fe","7":"product_cat-guadalupe","8":"product_tag-editorial-guadalupe-de-argentina","10":"first","11":"instock","12":"shipping-taxable","13":"purchasable","14":"product-type-simple"},"yoast_head":"<!-- This site is optimized with the Yoast SEO plugin v27.4 - https:\/\/yoast.com\/product\/yoast-seo-wordpress\/ -->\n<title>Celebremos A Jes\u00fas, Pan De Vida Ciclo C - Editorial Guadalupe de Argentina<\/title>\n<meta name=\"description\" content=\"Anuncio del Acontecimiento salv\u00edfico celebrado, sugerencias para las Homil\u00edas, recursos catequ\u00edsticos visuales y gr\u00e1ficos que vuelven mas significativos a los ni\u00f1os los signos y los gestos de la Eucarist\u00eda e ideas para la realizaci\u00f3n de signos lit\u00fargicos que fortalezcan su itinerario de iniciaci\u00f3n y crecimiento en la fe.\" \/>\n<meta name=\"robots\" content=\"index, follow, max-snippet:-1, max-image-preview:large, max-video-preview:-1\" \/>\n<link rel=\"canonical\" href=\"https:\/\/libreriaguadalupe.com.ar\/libreria\/producto\/celebremos-a-jesus-pan-de-vida-ciclo-c\/\" \/>\n<meta property=\"og:locale\" content=\"es_ES\" \/>\n<meta property=\"og:type\" content=\"article\" \/>\n<meta property=\"og:title\" content=\"Celebremos A Jes\u00fas, Pan De Vida Ciclo C - Editorial Guadalupe de Argentina\" \/>\n<meta property=\"og:description\" content=\"Anuncio del Acontecimiento salv\u00edfico celebrado, sugerencias para las Homil\u00edas, recursos catequ\u00edsticos visuales y gr\u00e1ficos que vuelven mas significativos a los ni\u00f1os los signos y los gestos de la Eucarist\u00eda e ideas para la realizaci\u00f3n de signos lit\u00fargicos que fortalezcan su itinerario de iniciaci\u00f3n y crecimiento en la fe.\" \/>\n<meta property=\"og:url\" content=\"https:\/\/libreriaguadalupe.com.ar\/libreria\/producto\/celebremos-a-jesus-pan-de-vida-ciclo-c\/\" \/>\n<meta property=\"og:site_name\" content=\"Editorial Guadalupe de Argentina\" \/>\n<meta property=\"article:publisher\" content=\"https:\/\/www.facebook.com\/LibreriaGuadalupeAR\/\" \/>\n<meta property=\"article:modified_time\" content=\"2025-05-05T19:29:54+00:00\" \/>\n<meta property=\"og:image\" content=\"https:\/\/libreriaguadalupe.com.ar\/libreria\/wp-content\/uploads\/2023\/03\/Celebremos-A-Jesus-Pan-De-Vida-Ciclo-C.jpeg\" \/>\n\t<meta property=\"og:image:width\" content=\"344\" \/>\n\t<meta property=\"og:image:height\" content=\"500\" \/>\n\t<meta property=\"og:image:type\" content=\"image\/jpeg\" \/>\n<meta name=\"twitter:card\" content=\"summary_large_image\" \/>\n<meta name=\"twitter:label1\" content=\"Tiempo de lectura\" \/>\n\t<meta name=\"twitter:data1\" content=\"1 minuto\" \/>\n<script type=\"application\/ld+json\" class=\"yoast-schema-graph\">{\"@context\":\"https:\\\/\\\/schema.org\",\"@graph\":[{\"@type\":\"WebPage\",\"@id\":\"https:\\\/\\\/libreriaguadalupe.com.ar\\\/libreria\\\/producto\\\/celebremos-a-jesus-pan-de-vida-ciclo-c\\\/\",\"url\":\"https:\\\/\\\/libreriaguadalupe.com.ar\\\/libreria\\\/producto\\\/celebremos-a-jesus-pan-de-vida-ciclo-c\\\/\",\"name\":\"Celebremos A Jes\u00fas, Pan De Vida Ciclo C - Editorial Guadalupe de Argentina\",\"isPartOf\":{\"@id\":\"https:\\\/\\\/libreriaguadalupe.com.ar\\\/libreria\\\/#website\"},\"primaryImageOfPage\":{\"@id\":\"https:\\\/\\\/libreriaguadalupe.com.ar\\\/libreria\\\/producto\\\/celebremos-a-jesus-pan-de-vida-ciclo-c\\\/#primaryimage\"},\"image\":{\"@id\":\"https:\\\/\\\/libreriaguadalupe.com.ar\\\/libreria\\\/producto\\\/celebremos-a-jesus-pan-de-vida-ciclo-c\\\/#primaryimage\"},\"thumbnailUrl\":\"https:\\\/\\\/i0.wp.com\\\/libreriaguadalupe.com.ar\\\/libreria\\\/wp-content\\\/uploads\\\/2023\\\/03\\\/Celebremos-A-Jesus-Pan-De-Vida-Ciclo-C.jpeg?fit=344%2C500&ssl=1\",\"datePublished\":\"2023-03-21T15:02:57+00:00\",\"dateModified\":\"2025-05-05T19:29:54+00:00\",\"description\":\"Anuncio del Acontecimiento salv\u00edfico celebrado, sugerencias para las Homil\u00edas, recursos catequ\u00edsticos visuales y gr\u00e1ficos que vuelven mas significativos a los ni\u00f1os los signos y los gestos de la Eucarist\u00eda e ideas para la realizaci\u00f3n de signos lit\u00fargicos que fortalezcan su itinerario de iniciaci\u00f3n y crecimiento en la fe.\",\"breadcrumb\":{\"@id\":\"https:\\\/\\\/libreriaguadalupe.com.ar\\\/libreria\\\/producto\\\/celebremos-a-jesus-pan-de-vida-ciclo-c\\\/#breadcrumb\"},\"inLanguage\":\"es\",\"potentialAction\":[{\"@type\":\"ReadAction\",\"target\":[\"https:\\\/\\\/libreriaguadalupe.com.ar\\\/libreria\\\/producto\\\/celebremos-a-jesus-pan-de-vida-ciclo-c\\\/\"]}]},{\"@type\":\"ImageObject\",\"inLanguage\":\"es\",\"@id\":\"https:\\\/\\\/libreriaguadalupe.com.ar\\\/libreria\\\/producto\\\/celebremos-a-jesus-pan-de-vida-ciclo-c\\\/#primaryimage\",\"url\":\"https:\\\/\\\/i0.wp.com\\\/libreriaguadalupe.com.ar\\\/libreria\\\/wp-content\\\/uploads\\\/2023\\\/03\\\/Celebremos-A-Jesus-Pan-De-Vida-Ciclo-C.jpeg?fit=344%2C500&ssl=1\",\"contentUrl\":\"https:\\\/\\\/i0.wp.com\\\/libreriaguadalupe.com.ar\\\/libreria\\\/wp-content\\\/uploads\\\/2023\\\/03\\\/Celebremos-A-Jesus-Pan-De-Vida-Ciclo-C.jpeg?fit=344%2C500&ssl=1\",\"width\":344,\"height\":500},{\"@type\":\"BreadcrumbList\",\"@id\":\"https:\\\/\\\/libreriaguadalupe.com.ar\\\/libreria\\\/producto\\\/celebremos-a-jesus-pan-de-vida-ciclo-c\\\/#breadcrumb\",\"itemListElement\":[{\"@type\":\"ListItem\",\"position\":1,\"name\":\"Portada\",\"item\":\"https:\\\/\\\/libreriaguadalupe.com.ar\\\/libreria\\\/\"},{\"@type\":\"ListItem\",\"position\":2,\"name\":\"Tienda\",\"item\":\"https:\\\/\\\/libreriaguadalupe.com.ar\\\/libreria\\\/\"},{\"@type\":\"ListItem\",\"position\":3,\"name\":\"Celebremos A Jes\u00fas, Pan De Vida Ciclo C\"}]},{\"@type\":\"WebSite\",\"@id\":\"https:\\\/\\\/libreriaguadalupe.com.ar\\\/libreria\\\/#website\",\"url\":\"https:\\\/\\\/libreriaguadalupe.com.ar\\\/libreria\\\/\",\"name\":\"Editorial Guadalupe de Argentina\",\"description\":\"Congregaci\u00f3n del Verbo Divino\",\"publisher\":{\"@id\":\"https:\\\/\\\/libreriaguadalupe.com.ar\\\/libreria\\\/#organization\"},\"alternateName\":\"Librer\u00eda Guadalupe\",\"potentialAction\":[{\"@type\":\"SearchAction\",\"target\":{\"@type\":\"EntryPoint\",\"urlTemplate\":\"https:\\\/\\\/libreriaguadalupe.com.ar\\\/libreria\\\/?s={search_term_string}\"},\"query-input\":{\"@type\":\"PropertyValueSpecification\",\"valueRequired\":true,\"valueName\":\"search_term_string\"}}],\"inLanguage\":\"es\"},{\"@type\":\"Organization\",\"@id\":\"https:\\\/\\\/libreriaguadalupe.com.ar\\\/libreria\\\/#organization\",\"name\":\"Editorial Guadalupe\",\"alternateName\":\"Librer\u00eda Guadalupe\",\"url\":\"https:\\\/\\\/libreriaguadalupe.com.ar\\\/libreria\\\/\",\"logo\":{\"@type\":\"ImageObject\",\"inLanguage\":\"es\",\"@id\":\"https:\\\/\\\/libreriaguadalupe.com.ar\\\/libreria\\\/#\\\/schema\\\/logo\\\/image\\\/\",\"url\":\"https:\\\/\\\/i0.wp.com\\\/libreriaguadalupe.com.ar\\\/libreria\\\/wp-content\\\/uploads\\\/2023\\\/01\\\/cropped-logo-editorial-guadalupe.webp?fit=500%2C100&ssl=1\",\"contentUrl\":\"https:\\\/\\\/i0.wp.com\\\/libreriaguadalupe.com.ar\\\/libreria\\\/wp-content\\\/uploads\\\/2023\\\/01\\\/cropped-logo-editorial-guadalupe.webp?fit=500%2C100&ssl=1\",\"width\":500,\"height\":100,\"caption\":\"Editorial Guadalupe\"},\"image\":{\"@id\":\"https:\\\/\\\/libreriaguadalupe.com.ar\\\/libreria\\\/#\\\/schema\\\/logo\\\/image\\\/\"},\"sameAs\":[\"https:\\\/\\\/www.facebook.com\\\/LibreriaGuadalupeAR\\\/\",\"https:\\\/\\\/www.instagram.com\\\/editorialguadalupe\\\/\",\"https:\\\/\\\/guadalupeeditorial.mercadoshops.com.ar\\\/\"]}]}<\/script>\n<!-- \/ Yoast SEO plugin. -->","yoast_head_json":{"title":"Celebremos A Jes\u00fas, Pan De Vida Ciclo C - Editorial Guadalupe de Argentina","description":"Anuncio del Acontecimiento salv\u00edfico celebrado, sugerencias para las Homil\u00edas, recursos catequ\u00edsticos visuales y gr\u00e1ficos que vuelven mas significativos a los ni\u00f1os los signos y los gestos de la Eucarist\u00eda e ideas para la realizaci\u00f3n de signos lit\u00fargicos que fortalezcan su itinerario de iniciaci\u00f3n y crecimiento en la fe.","robots":{"index":"index","follow":"follow","max-snippet":"max-snippet:-1","max-image-preview":"max-image-preview:large","max-video-preview":"max-video-preview:-1"},"canonical":"https:\/\/libreriaguadalupe.com.ar\/libreria\/producto\/celebremos-a-jesus-pan-de-vida-ciclo-c\/","og_locale":"es_ES","og_type":"article","og_title":"Celebremos A Jes\u00fas, Pan De Vida Ciclo C - Editorial Guadalupe de Argentina","og_description":"Anuncio del Acontecimiento salv\u00edfico celebrado, sugerencias para las Homil\u00edas, recursos catequ\u00edsticos visuales y gr\u00e1ficos que vuelven mas significativos a los ni\u00f1os los signos y los gestos de la Eucarist\u00eda e ideas para la realizaci\u00f3n de signos lit\u00fargicos que fortalezcan su itinerario de iniciaci\u00f3n y crecimiento en la fe.","og_url":"https:\/\/libreriaguadalupe.com.ar\/libreria\/producto\/celebremos-a-jesus-pan-de-vida-ciclo-c\/","og_site_name":"Editorial Guadalupe de Argentina","article_publisher":"https:\/\/www.facebook.com\/LibreriaGuadalupeAR\/","article_modified_time":"2025-05-05T19:29:54+00:00","og_image":[{"width":344,"height":500,"url":"https:\/\/libreriaguadalupe.com.ar\/libreria\/wp-content\/uploads\/2023\/03\/Celebremos-A-Jesus-Pan-De-Vida-Ciclo-C.jpeg","type":"image\/jpeg"}],"twitter_card":"summary_large_image","twitter_misc":{"Tiempo de lectura":"1 minuto"},"schema":{"@context":"https:\/\/schema.org","@graph":[{"@type":"WebPage","@id":"https:\/\/libreriaguadalupe.com.ar\/libreria\/producto\/celebremos-a-jesus-pan-de-vida-ciclo-c\/","url":"https:\/\/libreriaguadalupe.com.ar\/libreria\/producto\/celebremos-a-jesus-pan-de-vida-ciclo-c\/","name":"Celebremos A Jes\u00fas, Pan De Vida Ciclo C - Editorial Guadalupe de Argentina","isPartOf":{"@id":"https:\/\/libreriaguadalupe.com.ar\/libreria\/#website"},"primaryImageOfPage":{"@id":"https:\/\/libreriaguadalupe.com.ar\/libreria\/producto\/celebremos-a-jesus-pan-de-vida-ciclo-c\/#primaryimage"},"image":{"@id":"https:\/\/libreriaguadalupe.com.ar\/libreria\/producto\/celebremos-a-jesus-pan-de-vida-ciclo-c\/#primaryimage"},"thumbnailUrl":"https:\/\/i0.wp.com\/libreriaguadalupe.com.ar\/libreria\/wp-content\/uploads\/2023\/03\/Celebremos-A-Jesus-Pan-De-Vida-Ciclo-C.jpeg?fit=344%2C500&ssl=1","datePublished":"2023-03-21T15:02:57+00:00","dateModified":"2025-05-05T19:29:54+00:00","description":"Anuncio del Acontecimiento salv\u00edfico celebrado, sugerencias para las Homil\u00edas, recursos catequ\u00edsticos visuales y gr\u00e1ficos que vuelven mas significativos a los ni\u00f1os los signos y los gestos de la Eucarist\u00eda e ideas para la realizaci\u00f3n de signos lit\u00fargicos que fortalezcan su itinerario de iniciaci\u00f3n y crecimiento en la fe.","breadcrumb":{"@id":"https:\/\/libreriaguadalupe.com.ar\/libreria\/producto\/celebremos-a-jesus-pan-de-vida-ciclo-c\/#breadcrumb"},"inLanguage":"es","potentialAction":[{"@type":"ReadAction","target":["https:\/\/libreriaguadalupe.com.ar\/libreria\/producto\/celebremos-a-jesus-pan-de-vida-ciclo-c\/"]}]},{"@type":"ImageObject","inLanguage":"es","@id":"https:\/\/libreriaguadalupe.com.ar\/libreria\/producto\/celebremos-a-jesus-pan-de-vida-ciclo-c\/#primaryimage","url":"https:\/\/i0.wp.com\/libreriaguadalupe.com.ar\/libreria\/wp-content\/uploads\/2023\/03\/Celebremos-A-Jesus-Pan-De-Vida-Ciclo-C.jpeg?fit=344%2C500&ssl=1","contentUrl":"https:\/\/i0.wp.com\/libreriaguadalupe.com.ar\/libreria\/wp-content\/uploads\/2023\/03\/Celebremos-A-Jesus-Pan-De-Vida-Ciclo-C.jpeg?fit=344%2C500&ssl=1","width":344,"height":500},{"@type":"BreadcrumbList","@id":"https:\/\/libreriaguadalupe.com.ar\/libreria\/producto\/celebremos-a-jesus-pan-de-vida-ciclo-c\/#breadcrumb","itemListElement":[{"@type":"ListItem","position":1,"name":"Portada","item":"https:\/\/libreriaguadalupe.com.ar\/libreria\/"},{"@type":"ListItem","position":2,"name":"Tienda","item":"https:\/\/libreriaguadalupe.com.ar\/libreria\/"},{"@type":"ListItem","position":3,"name":"Celebremos A Jes\u00fas, Pan De Vida Ciclo C"}]},{"@type":"WebSite","@id":"https:\/\/libreriaguadalupe.com.ar\/libreria\/#website","url":"https:\/\/libreriaguadalupe.com.ar\/libreria\/","name":"Editorial Guadalupe de Argentina","description":"Congregaci\u00f3n del Verbo Divino","publisher":{"@id":"https:\/\/libreriaguadalupe.com.ar\/libreria\/#organization"},"alternateName":"Librer\u00eda Guadalupe","potentialAction":[{"@type":"SearchAction","target":{"@type":"EntryPoint","urlTemplate":"https:\/\/libreriaguadalupe.com.ar\/libreria\/?s={search_term_string}"},"query-input":{"@type":"PropertyValueSpecification","valueRequired":true,"valueName":"search_term_string"}}],"inLanguage":"es"},{"@type":"Organization","@id":"https:\/\/libreriaguadalupe.com.ar\/libreria\/#organization","name":"Editorial Guadalupe","alternateName":"Librer\u00eda Guadalupe","url":"https:\/\/libreriaguadalupe.com.ar\/libreria\/","logo":{"@type":"ImageObject","inLanguage":"es","@id":"https:\/\/libreriaguadalupe.com.ar\/libreria\/#\/schema\/logo\/image\/","url":"https:\/\/i0.wp.com\/libreriaguadalupe.com.ar\/libreria\/wp-content\/uploads\/2023\/01\/cropped-logo-editorial-guadalupe.webp?fit=500%2C100&ssl=1","contentUrl":"https:\/\/i0.wp.com\/libreriaguadalupe.com.ar\/libreria\/wp-content\/uploads\/2023\/01\/cropped-logo-editorial-guadalupe.webp?fit=500%2C100&ssl=1","width":500,"height":100,"caption":"Editorial Guadalupe"},"image":{"@id":"https:\/\/libreriaguadalupe.com.ar\/libreria\/#\/schema\/logo\/image\/"},"sameAs":["https:\/\/www.facebook.com\/LibreriaGuadalupeAR\/","https:\/\/www.instagram.com\/editorialguadalupe\/","https:\/\/guadalupeeditorial.mercadoshops.com.ar\/"]}]}},"jetpack_publicize_connections":[],"jetpack_sharing_enabled":true,"jetpack-related-posts":[{"id":16776,"url":"https:\/\/libreriaguadalupe.com.ar\/libreria\/producto\/celebremos-a-jesus-pan-de-vida-ciclo-b\/","url_meta":{"origin":16779,"position":0},"title":"Celebremos A Jes\u00fas, Pan De Vida Ciclo B","author":"admin","date":"21\/03\/2023","format":false,"excerpt":"Autor: Miguel Angel D'Annibale ISBN: 9789505006342 P\u00e1ginas: 192 Medidas: 14 x 20 cm","rel":"","context":"Entrada similar","block_context":{"text":"Entrada similar","link":""},"img":{"alt_text":"","src":"https:\/\/i0.wp.com\/libreriaguadalupe.com.ar\/libreria\/wp-content\/uploads\/2023\/03\/Celebremos-A-Jesus-Pan-De-Vida-Ciclo-B.jpeg?fit=337%2C500&ssl=1&resize=350%2C200","width":350,"height":200},"classes":[]},{"id":17157,"url":"https:\/\/libreriaguadalupe.com.ar\/libreria\/producto\/jesucristo-y-el-don-de-si-mismo-ciclo-b\/","url_meta":{"origin":16779,"position":1},"title":"JESUCRISTO Y EL DON DE SI MISMO CICLO B","author":"admin","date":"31\/03\/2023","format":false,"excerpt":"Guiones lit\u00fargicos del ciclo B Serie: Palabra y vida: Liturgia Autor: REYNOSO RODOLFO ISBN: 9789505005505 Dimensiones: 16 x 23 cm P\u00e1ginas: 240","rel":"","context":"Entrada similar","block_context":{"text":"Entrada similar","link":""},"img":{"alt_text":"","src":"https:\/\/i0.wp.com\/libreriaguadalupe.com.ar\/libreria\/wp-content\/uploads\/2023\/03\/JESUCRISTO-Y-EL-DON-DE-SI-MISMO-CICLO-B.jpeg?fit=923%2C1200&ssl=1&resize=350%2C200","width":350,"height":200,"srcset":"https:\/\/i0.wp.com\/libreriaguadalupe.com.ar\/libreria\/wp-content\/uploads\/2023\/03\/JESUCRISTO-Y-EL-DON-DE-SI-MISMO-CICLO-B.jpeg?fit=923%2C1200&ssl=1&resize=350%2C200 1x, https:\/\/i0.wp.com\/libreriaguadalupe.com.ar\/libreria\/wp-content\/uploads\/2023\/03\/JESUCRISTO-Y-EL-DON-DE-SI-MISMO-CICLO-B.jpeg?fit=923%2C1200&ssl=1&resize=525%2C300 1.5x, https:\/\/i0.wp.com\/libreriaguadalupe.com.ar\/libreria\/wp-content\/uploads\/2023\/03\/JESUCRISTO-Y-EL-DON-DE-SI-MISMO-CICLO-B.jpeg?fit=923%2C1200&ssl=1&resize=700%2C400 2x"},"classes":[]},{"id":17160,"url":"https:\/\/libreriaguadalupe.com.ar\/libreria\/producto\/jesucristo-y-el-don-de-si-mismo-ciclo-c\/","url_meta":{"origin":16779,"position":2},"title":"Jesucristo Y El Don De Si Mismo Ciclo C","author":"admin","date":"31\/03\/2023","format":false,"excerpt":"Guiones lit\u00fargicos del ciclo C Serie: Palabra y vida: Liturgia Autor: REYNOSO RODOLFO ISBN: 9789505005642 Dimensiones: 16 x 23 cm P\u00e1ginas: 256","rel":"","context":"Entrada similar","block_context":{"text":"Entrada similar","link":""},"img":{"alt_text":"","src":"https:\/\/i0.wp.com\/libreriaguadalupe.com.ar\/libreria\/wp-content\/uploads\/2023\/03\/Jesucristo-Y-El-Don-De-Si-Mismo-Ciclo-C.jpeg?fit=340%2C500&ssl=1&resize=350%2C200","width":350,"height":200},"classes":[]},{"id":12765,"url":"https:\/\/libreriaguadalupe.com.ar\/libreria\/producto\/diccionario-abreviado-de-liturgia\/","url_meta":{"origin":16779,"position":3},"title":"Diccionario abreviado de liturgia","author":"admin","date":"18\/01\/2023","format":false,"excerpt":"Autor: Casiano Florist\u00e1n Samanes ISBN: 8481694512 Dimensiones: 10,3 x 21,5 cm P\u00e1ginas: 324","rel":"","context":"Entrada similar","block_context":{"text":"Entrada similar","link":""},"img":{"alt_text":"","src":"https:\/\/i0.wp.com\/libreriaguadalupe.com.ar\/libreria\/wp-content\/uploads\/2023\/01\/Diccionario-abreviado-de-liturgia.jpg?fit=380%2C586&ssl=1&resize=350%2C200","width":350,"height":200},"classes":[]},{"id":16592,"url":"https:\/\/libreriaguadalupe.com.ar\/libreria\/producto\/resignificando-la-pascua\/","url_meta":{"origin":16779,"position":4},"title":"RESIGNIFICANDO LA PASCUA","author":"admin","date":"12\/03\/2023","format":false,"excerpt":"Para vivirla todos los d\u00edas Encuadernado en r\u00fastica \u2013 suave. 1\u00aa Edici\u00f3n. Marzo del 2023 \u00a0 Autoras: Mar\u00eda In\u00e9s Castro [ VER M\u00c1S OBRAS ]\u00a0 \u2013 Irene Rosa Klein [ VER M\u00c1S OBRAS ] ISBN: 978-950-500-891-9 Dimensiones: 15.5 x 22.5 cm P\u00e1ginas: 120 p\u00e1ginas \u00a0","rel":"","context":"Entrada similar","block_context":{"text":"Entrada similar","link":""},"img":{"alt_text":"","src":"https:\/\/i0.wp.com\/libreriaguadalupe.com.ar\/libreria\/wp-content\/uploads\/2023\/03\/Resignificando-la-Pascua-Tapa-chico.jpg?fit=343%2C500&ssl=1&resize=350%2C200","width":350,"height":200},"classes":[]},{"id":16829,"url":"https:\/\/libreriaguadalupe.com.ar\/libreria\/producto\/de-pastores-y-de-ovejas\/","url_meta":{"origin":16779,"position":5},"title":"De Pastores Y De Ovejas","author":"admin","date":"22\/03\/2023","format":false,"excerpt":"Escritos sacerdotales de Mons. H\u00e9ctor Aguer Autor: UNIVERSIDAD CATOLICA DE LA PLATA ISBN: 9789505007448 Dimensiones: 16 x 23 cm P\u00e1ginas: 296","rel":"","context":"Entrada similar","block_context":{"text":"Entrada similar","link":""},"img":{"alt_text":"","src":"https:\/\/i0.wp.com\/libreriaguadalupe.com.ar\/libreria\/wp-content\/uploads\/2023\/03\/De-Pastores-Y-De-Ovejas.jpeg?fit=340%2C500&ssl=1&resize=350%2C200","width":350,"height":200},"classes":[]}],"_links":{"self":[{"href":"https:\/\/libreriaguadalupe.com.ar\/libreria\/wp-json\/wp\/v2\/product\/16779","targetHints":{"allow":["GET"]}}],"collection":[{"href":"https:\/\/libreriaguadalupe.com.ar\/libreria\/wp-json\/wp\/v2\/product"}],"about":[{"href":"https:\/\/libreriaguadalupe.com.ar\/libreria\/wp-json\/wp\/v2\/types\/product"}],"replies":[{"embeddable":true,"href":"https:\/\/libreriaguadalupe.com.ar\/libreria\/wp-json\/wp\/v2\/comments?post=16779"}],"version-history":[{"count":1,"href":"https:\/\/libreriaguadalupe.com.ar\/libreria\/wp-json\/wp\/v2\/product\/16779\/revisions"}],"predecessor-version":[{"id":16781,"href":"https:\/\/libreriaguadalupe.com.ar\/libreria\/wp-json\/wp\/v2\/product\/16779\/revisions\/16781"}],"wp:featuredmedia":[{"embeddable":true,"href":"https:\/\/libreriaguadalupe.com.ar\/libreria\/wp-json\/wp\/v2\/media\/16780"}],"wp:attachment":[{"href":"https:\/\/libreriaguadalupe.com.ar\/libreria\/wp-json\/wp\/v2\/media?parent=16779"}],"wp:term":[{"taxonomy":"product_brand","embeddable":true,"href":"https:\/\/libreriaguadalupe.com.ar\/libreria\/wp-json\/wp\/v2\/product_brand?post=16779"},{"taxonomy":"product_cat","embeddable":true,"href":"https:\/\/libreriaguadalupe.com.ar\/libreria\/wp-json\/wp\/v2\/product_cat?post=16779"},{"taxonomy":"product_tag","embeddable":true,"href":"https:\/\/libreriaguadalupe.com.ar\/libreria\/wp-json\/wp\/v2\/product_tag?post=16779"}],"curies":[{"name":"wp","href":"https:\/\/api.w.org\/{rel}","templated":true}]}}