{"id":16772,"date":"2023-03-21T11:38:34","date_gmt":"2023-03-21T14:38:34","guid":{"rendered":"https:\/\/libreriaguadalupe.com.ar\/libreria\/?post_type=product&#038;p=16772"},"modified":"2025-05-05T16:15:42","modified_gmt":"2025-05-05T19:15:42","slug":"celebrando-la-palabra-cuaresma-y-semana","status":"publish","type":"product","link":"https:\/\/libreriaguadalupe.com.ar\/libreria\/producto\/celebrando-la-palabra-cuaresma-y-semana\/","title":{"rendered":"Celebrando La Palabra Cuaresma Y Semana"},"content":{"rendered":"<p>Celebrando la Palabra en Cuaresma y Semana Santa<\/p>\n<p>El Concilio Vaticano II en la Constituci\u00f3n sobre la Liturgia propone: \u00abFomentense las celebraciones sagradas de la Palabra de Dios en algunas ferias de Cuaresma, sobre todo en los lugares donde no haya sacerdote ordenado, en cuyo caso debe dirigir la celebraci\u00f3n un di\u00e1cono o una persona delegada por el Obispo\u00bb.<\/p>\n<p>Estas \u00abcelebraciones de la Palabra de Dios\u00bb presentan algunos textos b\u00edblicos correspondientes a los Domingos del Tiempo de Cuaresma y del Triduo Pascual. Pueden realizarse tanto en familia como en hogares de ancianos, salas de hospitales y escuelas, capillas, iglesias y centros de oraci\u00f3n o catequesis.<\/p>\n","protected":false},"excerpt":{"rendered":"<p>Autor:\u00a0 GONZALEZ EDUARDO<br \/>\nISBN: 9789505005123<br \/>\nP\u00e1ginas: 112<br \/>\nMedidas: 11 x 17 cm<\/p>\n","protected":false},"featured_media":16773,"comment_status":"open","ping_status":"closed","template":"","meta":{"jetpack_publicize_message":"","jetpack_publicize_feature_enabled":true,"jetpack_social_post_already_shared":true,"jetpack_social_options":{"image_generator_settings":{"template":"highway","default_image_id":0,"font":"","enabled":false},"version":2}},"product_brand":[],"product_cat":[73,144,121],"product_tag":[127],"class_list":{"0":"post-16772","1":"product","2":"type-product","3":"status-publish","4":"has-post-thumbnail","6":"product_cat-catequesis-y-educacion-en-la-fe","7":"product_cat-especial-pascua","8":"product_cat-guadalupe","9":"product_tag-editorial-guadalupe-de-argentina","11":"first","12":"instock","13":"shipping-taxable","14":"purchasable","15":"product-type-simple"},"yoast_head":"<!-- This site is optimized with the Yoast SEO plugin v27.4 - https:\/\/yoast.com\/product\/yoast-seo-wordpress\/ -->\n<title>Celebrando La Palabra Cuaresma Y Semana - Editorial Guadalupe de Argentina<\/title>\n<meta name=\"description\" content=\"Estas &quot;celebraciones de la Palabra de Dios&quot; presentan algunos textos b\u00edblicos correspondientes a los Domingos del Tiempo de Cuaresma y del Triduo Pascual. Pueden realizarse tanto en familia como en hogares de ancianos, salas de hospitales y escuelas, capillas, iglesias y centros de oraci\u00f3n o catequesis.\" \/>\n<meta name=\"robots\" content=\"index, follow, max-snippet:-1, max-image-preview:large, max-video-preview:-1\" \/>\n<link rel=\"canonical\" href=\"https:\/\/libreriaguadalupe.com.ar\/libreria\/producto\/celebrando-la-palabra-cuaresma-y-semana\/\" \/>\n<meta property=\"og:locale\" content=\"es_ES\" \/>\n<meta property=\"og:type\" content=\"article\" \/>\n<meta property=\"og:title\" content=\"Celebrando La Palabra Cuaresma Y Semana - Editorial Guadalupe de Argentina\" \/>\n<meta property=\"og:description\" content=\"Estas &quot;celebraciones de la Palabra de Dios&quot; presentan algunos textos b\u00edblicos correspondientes a los Domingos del Tiempo de Cuaresma y del Triduo Pascual. Pueden realizarse tanto en familia como en hogares de ancianos, salas de hospitales y escuelas, capillas, iglesias y centros de oraci\u00f3n o catequesis.\" \/>\n<meta property=\"og:url\" content=\"https:\/\/libreriaguadalupe.com.ar\/libreria\/producto\/celebrando-la-palabra-cuaresma-y-semana\/\" \/>\n<meta property=\"og:site_name\" content=\"Editorial Guadalupe de Argentina\" \/>\n<meta property=\"article:publisher\" content=\"https:\/\/www.facebook.com\/LibreriaGuadalupeAR\/\" \/>\n<meta property=\"article:modified_time\" content=\"2025-05-05T19:15:42+00:00\" \/>\n<meta property=\"og:image\" content=\"https:\/\/libreriaguadalupe.com.ar\/libreria\/wp-content\/uploads\/2023\/03\/Celebrando-La-Palabra-Cuaresma-Y-Semana.jpeg\" \/>\n\t<meta property=\"og:image:width\" content=\"374\" \/>\n\t<meta property=\"og:image:height\" content=\"500\" \/>\n\t<meta property=\"og:image:type\" content=\"image\/jpeg\" \/>\n<meta name=\"twitter:card\" content=\"summary_large_image\" \/>\n<meta name=\"twitter:label1\" content=\"Tiempo de lectura\" \/>\n\t<meta name=\"twitter:data1\" content=\"1 minuto\" \/>\n<script type=\"application\/ld+json\" class=\"yoast-schema-graph\">{\"@context\":\"https:\\\/\\\/schema.org\",\"@graph\":[{\"@type\":\"WebPage\",\"@id\":\"https:\\\/\\\/libreriaguadalupe.com.ar\\\/libreria\\\/producto\\\/celebrando-la-palabra-cuaresma-y-semana\\\/\",\"url\":\"https:\\\/\\\/libreriaguadalupe.com.ar\\\/libreria\\\/producto\\\/celebrando-la-palabra-cuaresma-y-semana\\\/\",\"name\":\"Celebrando La Palabra Cuaresma Y Semana - Editorial Guadalupe de Argentina\",\"isPartOf\":{\"@id\":\"https:\\\/\\\/libreriaguadalupe.com.ar\\\/libreria\\\/#website\"},\"primaryImageOfPage\":{\"@id\":\"https:\\\/\\\/libreriaguadalupe.com.ar\\\/libreria\\\/producto\\\/celebrando-la-palabra-cuaresma-y-semana\\\/#primaryimage\"},\"image\":{\"@id\":\"https:\\\/\\\/libreriaguadalupe.com.ar\\\/libreria\\\/producto\\\/celebrando-la-palabra-cuaresma-y-semana\\\/#primaryimage\"},\"thumbnailUrl\":\"https:\\\/\\\/i0.wp.com\\\/libreriaguadalupe.com.ar\\\/libreria\\\/wp-content\\\/uploads\\\/2023\\\/03\\\/Celebrando-La-Palabra-Cuaresma-Y-Semana.jpeg?fit=374%2C500&ssl=1\",\"datePublished\":\"2023-03-21T14:38:34+00:00\",\"dateModified\":\"2025-05-05T19:15:42+00:00\",\"description\":\"Estas \\\"celebraciones de la Palabra de Dios\\\" presentan algunos textos b\u00edblicos correspondientes a los Domingos del Tiempo de Cuaresma y del Triduo Pascual. Pueden realizarse tanto en familia como en hogares de ancianos, salas de hospitales y escuelas, capillas, iglesias y centros de oraci\u00f3n o catequesis.\",\"breadcrumb\":{\"@id\":\"https:\\\/\\\/libreriaguadalupe.com.ar\\\/libreria\\\/producto\\\/celebrando-la-palabra-cuaresma-y-semana\\\/#breadcrumb\"},\"inLanguage\":\"es\",\"potentialAction\":[{\"@type\":\"ReadAction\",\"target\":[\"https:\\\/\\\/libreriaguadalupe.com.ar\\\/libreria\\\/producto\\\/celebrando-la-palabra-cuaresma-y-semana\\\/\"]}]},{\"@type\":\"ImageObject\",\"inLanguage\":\"es\",\"@id\":\"https:\\\/\\\/libreriaguadalupe.com.ar\\\/libreria\\\/producto\\\/celebrando-la-palabra-cuaresma-y-semana\\\/#primaryimage\",\"url\":\"https:\\\/\\\/i0.wp.com\\\/libreriaguadalupe.com.ar\\\/libreria\\\/wp-content\\\/uploads\\\/2023\\\/03\\\/Celebrando-La-Palabra-Cuaresma-Y-Semana.jpeg?fit=374%2C500&ssl=1\",\"contentUrl\":\"https:\\\/\\\/i0.wp.com\\\/libreriaguadalupe.com.ar\\\/libreria\\\/wp-content\\\/uploads\\\/2023\\\/03\\\/Celebrando-La-Palabra-Cuaresma-Y-Semana.jpeg?fit=374%2C500&ssl=1\",\"width\":374,\"height\":500},{\"@type\":\"BreadcrumbList\",\"@id\":\"https:\\\/\\\/libreriaguadalupe.com.ar\\\/libreria\\\/producto\\\/celebrando-la-palabra-cuaresma-y-semana\\\/#breadcrumb\",\"itemListElement\":[{\"@type\":\"ListItem\",\"position\":1,\"name\":\"Portada\",\"item\":\"https:\\\/\\\/libreriaguadalupe.com.ar\\\/libreria\\\/\"},{\"@type\":\"ListItem\",\"position\":2,\"name\":\"Tienda\",\"item\":\"https:\\\/\\\/libreriaguadalupe.com.ar\\\/libreria\\\/\"},{\"@type\":\"ListItem\",\"position\":3,\"name\":\"Celebrando La Palabra Cuaresma Y Semana\"}]},{\"@type\":\"WebSite\",\"@id\":\"https:\\\/\\\/libreriaguadalupe.com.ar\\\/libreria\\\/#website\",\"url\":\"https:\\\/\\\/libreriaguadalupe.com.ar\\\/libreria\\\/\",\"name\":\"Editorial Guadalupe de Argentina\",\"description\":\"Congregaci\u00f3n del Verbo Divino\",\"publisher\":{\"@id\":\"https:\\\/\\\/libreriaguadalupe.com.ar\\\/libreria\\\/#organization\"},\"alternateName\":\"Librer\u00eda Guadalupe\",\"potentialAction\":[{\"@type\":\"SearchAction\",\"target\":{\"@type\":\"EntryPoint\",\"urlTemplate\":\"https:\\\/\\\/libreriaguadalupe.com.ar\\\/libreria\\\/?s={search_term_string}\"},\"query-input\":{\"@type\":\"PropertyValueSpecification\",\"valueRequired\":true,\"valueName\":\"search_term_string\"}}],\"inLanguage\":\"es\"},{\"@type\":\"Organization\",\"@id\":\"https:\\\/\\\/libreriaguadalupe.com.ar\\\/libreria\\\/#organization\",\"name\":\"Editorial Guadalupe\",\"alternateName\":\"Librer\u00eda Guadalupe\",\"url\":\"https:\\\/\\\/libreriaguadalupe.com.ar\\\/libreria\\\/\",\"logo\":{\"@type\":\"ImageObject\",\"inLanguage\":\"es\",\"@id\":\"https:\\\/\\\/libreriaguadalupe.com.ar\\\/libreria\\\/#\\\/schema\\\/logo\\\/image\\\/\",\"url\":\"https:\\\/\\\/i0.wp.com\\\/libreriaguadalupe.com.ar\\\/libreria\\\/wp-content\\\/uploads\\\/2023\\\/01\\\/cropped-logo-editorial-guadalupe.webp?fit=500%2C100&ssl=1\",\"contentUrl\":\"https:\\\/\\\/i0.wp.com\\\/libreriaguadalupe.com.ar\\\/libreria\\\/wp-content\\\/uploads\\\/2023\\\/01\\\/cropped-logo-editorial-guadalupe.webp?fit=500%2C100&ssl=1\",\"width\":500,\"height\":100,\"caption\":\"Editorial Guadalupe\"},\"image\":{\"@id\":\"https:\\\/\\\/libreriaguadalupe.com.ar\\\/libreria\\\/#\\\/schema\\\/logo\\\/image\\\/\"},\"sameAs\":[\"https:\\\/\\\/www.facebook.com\\\/LibreriaGuadalupeAR\\\/\",\"https:\\\/\\\/www.instagram.com\\\/editorialguadalupe\\\/\",\"https:\\\/\\\/guadalupeeditorial.mercadoshops.com.ar\\\/\"]}]}<\/script>\n<!-- \/ Yoast SEO plugin. -->","yoast_head_json":{"title":"Celebrando La Palabra Cuaresma Y Semana - Editorial Guadalupe de Argentina","description":"Estas \"celebraciones de la Palabra de Dios\" presentan algunos textos b\u00edblicos correspondientes a los Domingos del Tiempo de Cuaresma y del Triduo Pascual. Pueden realizarse tanto en familia como en hogares de ancianos, salas de hospitales y escuelas, capillas, iglesias y centros de oraci\u00f3n o catequesis.","robots":{"index":"index","follow":"follow","max-snippet":"max-snippet:-1","max-image-preview":"max-image-preview:large","max-video-preview":"max-video-preview:-1"},"canonical":"https:\/\/libreriaguadalupe.com.ar\/libreria\/producto\/celebrando-la-palabra-cuaresma-y-semana\/","og_locale":"es_ES","og_type":"article","og_title":"Celebrando La Palabra Cuaresma Y Semana - Editorial Guadalupe de Argentina","og_description":"Estas \"celebraciones de la Palabra de Dios\" presentan algunos textos b\u00edblicos correspondientes a los Domingos del Tiempo de Cuaresma y del Triduo Pascual. Pueden realizarse tanto en familia como en hogares de ancianos, salas de hospitales y escuelas, capillas, iglesias y centros de oraci\u00f3n o catequesis.","og_url":"https:\/\/libreriaguadalupe.com.ar\/libreria\/producto\/celebrando-la-palabra-cuaresma-y-semana\/","og_site_name":"Editorial Guadalupe de Argentina","article_publisher":"https:\/\/www.facebook.com\/LibreriaGuadalupeAR\/","article_modified_time":"2025-05-05T19:15:42+00:00","og_image":[{"width":374,"height":500,"url":"https:\/\/libreriaguadalupe.com.ar\/libreria\/wp-content\/uploads\/2023\/03\/Celebrando-La-Palabra-Cuaresma-Y-Semana.jpeg","type":"image\/jpeg"}],"twitter_card":"summary_large_image","twitter_misc":{"Tiempo de lectura":"1 minuto"},"schema":{"@context":"https:\/\/schema.org","@graph":[{"@type":"WebPage","@id":"https:\/\/libreriaguadalupe.com.ar\/libreria\/producto\/celebrando-la-palabra-cuaresma-y-semana\/","url":"https:\/\/libreriaguadalupe.com.ar\/libreria\/producto\/celebrando-la-palabra-cuaresma-y-semana\/","name":"Celebrando La Palabra Cuaresma Y Semana - Editorial Guadalupe de Argentina","isPartOf":{"@id":"https:\/\/libreriaguadalupe.com.ar\/libreria\/#website"},"primaryImageOfPage":{"@id":"https:\/\/libreriaguadalupe.com.ar\/libreria\/producto\/celebrando-la-palabra-cuaresma-y-semana\/#primaryimage"},"image":{"@id":"https:\/\/libreriaguadalupe.com.ar\/libreria\/producto\/celebrando-la-palabra-cuaresma-y-semana\/#primaryimage"},"thumbnailUrl":"https:\/\/i0.wp.com\/libreriaguadalupe.com.ar\/libreria\/wp-content\/uploads\/2023\/03\/Celebrando-La-Palabra-Cuaresma-Y-Semana.jpeg?fit=374%2C500&ssl=1","datePublished":"2023-03-21T14:38:34+00:00","dateModified":"2025-05-05T19:15:42+00:00","description":"Estas \"celebraciones de la Palabra de Dios\" presentan algunos textos b\u00edblicos correspondientes a los Domingos del Tiempo de Cuaresma y del Triduo Pascual. Pueden realizarse tanto en familia como en hogares de ancianos, salas de hospitales y escuelas, capillas, iglesias y centros de oraci\u00f3n o catequesis.","breadcrumb":{"@id":"https:\/\/libreriaguadalupe.com.ar\/libreria\/producto\/celebrando-la-palabra-cuaresma-y-semana\/#breadcrumb"},"inLanguage":"es","potentialAction":[{"@type":"ReadAction","target":["https:\/\/libreriaguadalupe.com.ar\/libreria\/producto\/celebrando-la-palabra-cuaresma-y-semana\/"]}]},{"@type":"ImageObject","inLanguage":"es","@id":"https:\/\/libreriaguadalupe.com.ar\/libreria\/producto\/celebrando-la-palabra-cuaresma-y-semana\/#primaryimage","url":"https:\/\/i0.wp.com\/libreriaguadalupe.com.ar\/libreria\/wp-content\/uploads\/2023\/03\/Celebrando-La-Palabra-Cuaresma-Y-Semana.jpeg?fit=374%2C500&ssl=1","contentUrl":"https:\/\/i0.wp.com\/libreriaguadalupe.com.ar\/libreria\/wp-content\/uploads\/2023\/03\/Celebrando-La-Palabra-Cuaresma-Y-Semana.jpeg?fit=374%2C500&ssl=1","width":374,"height":500},{"@type":"BreadcrumbList","@id":"https:\/\/libreriaguadalupe.com.ar\/libreria\/producto\/celebrando-la-palabra-cuaresma-y-semana\/#breadcrumb","itemListElement":[{"@type":"ListItem","position":1,"name":"Portada","item":"https:\/\/libreriaguadalupe.com.ar\/libreria\/"},{"@type":"ListItem","position":2,"name":"Tienda","item":"https:\/\/libreriaguadalupe.com.ar\/libreria\/"},{"@type":"ListItem","position":3,"name":"Celebrando La Palabra Cuaresma Y Semana"}]},{"@type":"WebSite","@id":"https:\/\/libreriaguadalupe.com.ar\/libreria\/#website","url":"https:\/\/libreriaguadalupe.com.ar\/libreria\/","name":"Editorial Guadalupe de Argentina","description":"Congregaci\u00f3n del Verbo Divino","publisher":{"@id":"https:\/\/libreriaguadalupe.com.ar\/libreria\/#organization"},"alternateName":"Librer\u00eda Guadalupe","potentialAction":[{"@type":"SearchAction","target":{"@type":"EntryPoint","urlTemplate":"https:\/\/libreriaguadalupe.com.ar\/libreria\/?s={search_term_string}"},"query-input":{"@type":"PropertyValueSpecification","valueRequired":true,"valueName":"search_term_string"}}],"inLanguage":"es"},{"@type":"Organization","@id":"https:\/\/libreriaguadalupe.com.ar\/libreria\/#organization","name":"Editorial Guadalupe","alternateName":"Librer\u00eda Guadalupe","url":"https:\/\/libreriaguadalupe.com.ar\/libreria\/","logo":{"@type":"ImageObject","inLanguage":"es","@id":"https:\/\/libreriaguadalupe.com.ar\/libreria\/#\/schema\/logo\/image\/","url":"https:\/\/i0.wp.com\/libreriaguadalupe.com.ar\/libreria\/wp-content\/uploads\/2023\/01\/cropped-logo-editorial-guadalupe.webp?fit=500%2C100&ssl=1","contentUrl":"https:\/\/i0.wp.com\/libreriaguadalupe.com.ar\/libreria\/wp-content\/uploads\/2023\/01\/cropped-logo-editorial-guadalupe.webp?fit=500%2C100&ssl=1","width":500,"height":100,"caption":"Editorial Guadalupe"},"image":{"@id":"https:\/\/libreriaguadalupe.com.ar\/libreria\/#\/schema\/logo\/image\/"},"sameAs":["https:\/\/www.facebook.com\/LibreriaGuadalupeAR\/","https:\/\/www.instagram.com\/editorialguadalupe\/","https:\/\/guadalupeeditorial.mercadoshops.com.ar\/"]}]}},"jetpack_publicize_connections":[],"jetpack_sharing_enabled":true,"jetpack-related-posts":[{"id":16769,"url":"https:\/\/libreriaguadalupe.com.ar\/libreria\/producto\/celebrando-la-palabra-con-la-luz-de-la-pascua\/","url_meta":{"origin":16772,"position":0},"title":"Celebrando La Palabra Con la luz de la Pascua","author":"admin","date":"21\/03\/2023","format":false,"excerpt":"Autor:\u00a0 GONZALEZ EDUARDO ISBN: 9789505005130 P\u00e1ginas: 112 Medidas: 11 x 17 cm","rel":"","context":"Entrada similar","block_context":{"text":"Entrada similar","link":""},"img":{"alt_text":"","src":"https:\/\/i0.wp.com\/libreriaguadalupe.com.ar\/libreria\/wp-content\/uploads\/2023\/03\/Celebrando-La-Palabra-Con-la-luz-de-la-Pascua.jpeg?fit=374%2C500&ssl=1&resize=350%2C200","width":350,"height":200},"classes":[]},{"id":16749,"url":"https:\/\/libreriaguadalupe.com.ar\/libreria\/producto\/las-siete-palabras\/","url_meta":{"origin":16772,"position":1},"title":"Las Siete Palabras","author":"admin","date":"20\/03\/2023","format":false,"excerpt":"Autor: Ram\u00f3n Cu\u00e9 ISBN: 9505005215 Dimensiones: 19 x 12 cm P\u00e1ginas: 112","rel":"","context":"Entrada similar","block_context":{"text":"Entrada similar","link":""},"img":{"alt_text":"","src":"https:\/\/i0.wp.com\/libreriaguadalupe.com.ar\/libreria\/wp-content\/uploads\/2023\/03\/Las-siete-palabras.jpg?fit=467%2C794&ssl=1&resize=350%2C200","width":350,"height":200},"classes":[]},{"id":14939,"url":"https:\/\/libreriaguadalupe.com.ar\/libreria\/producto\/biblia-e-infancia-reflexiones-y-recursos-para-adviento-navidad-cuaresma-y-pascua-2\/","url_meta":{"origin":16772,"position":2},"title":"Biblia e infancia","author":"admin","date":"07\/02\/2023","format":false,"excerpt":"Reflexiones y recursos para Adviento, Navidad, Cuaresma y Pascua AUTOR: LEVAGGI CONSTANZA [ VER M\u00c1S OBRAS ] ISBN: 9505007356 200 p\u00e1gs. 16 x 26 cm","rel":"","context":"Entrada similar","block_context":{"text":"Entrada similar","link":""},"img":{"alt_text":"BIBLIA E INFANCIA Reflexiones y recursos","src":"https:\/\/i0.wp.com\/libreriaguadalupe.com.ar\/libreria\/wp-content\/uploads\/2023\/03\/BIBLIA-E-INFANCIA-Reflexiones-y-recursos.png?fit=1039%2C1200&ssl=1&resize=350%2C200","width":350,"height":200,"srcset":"https:\/\/i0.wp.com\/libreriaguadalupe.com.ar\/libreria\/wp-content\/uploads\/2023\/03\/BIBLIA-E-INFANCIA-Reflexiones-y-recursos.png?fit=1039%2C1200&ssl=1&resize=350%2C200 1x, https:\/\/i0.wp.com\/libreriaguadalupe.com.ar\/libreria\/wp-content\/uploads\/2023\/03\/BIBLIA-E-INFANCIA-Reflexiones-y-recursos.png?fit=1039%2C1200&ssl=1&resize=525%2C300 1.5x, https:\/\/i0.wp.com\/libreriaguadalupe.com.ar\/libreria\/wp-content\/uploads\/2023\/03\/BIBLIA-E-INFANCIA-Reflexiones-y-recursos.png?fit=1039%2C1200&ssl=1&resize=700%2C400 2x"},"classes":[]},{"id":16592,"url":"https:\/\/libreriaguadalupe.com.ar\/libreria\/producto\/resignificando-la-pascua\/","url_meta":{"origin":16772,"position":3},"title":"RESIGNIFICANDO LA PASCUA","author":"admin","date":"12\/03\/2023","format":false,"excerpt":"Para vivirla todos los d\u00edas Encuadernado en r\u00fastica \u2013 suave. 1\u00aa Edici\u00f3n. Marzo del 2023 \u00a0 Autoras: Mar\u00eda In\u00e9s Castro [ VER M\u00c1S OBRAS ]\u00a0 \u2013 Irene Rosa Klein [ VER M\u00c1S OBRAS ] ISBN: 978-950-500-891-9 Dimensiones: 15.5 x 22.5 cm P\u00e1ginas: 120 p\u00e1ginas \u00a0","rel":"","context":"Entrada similar","block_context":{"text":"Entrada similar","link":""},"img":{"alt_text":"","src":"https:\/\/i0.wp.com\/libreriaguadalupe.com.ar\/libreria\/wp-content\/uploads\/2023\/03\/Resignificando-la-Pascua-Tapa-chico.jpg?fit=343%2C500&ssl=1&resize=350%2C200","width":350,"height":200},"classes":[]},{"id":16035,"url":"https:\/\/libreriaguadalupe.com.ar\/libreria\/producto\/el-crecimiento-empieza-donde-la-acusacion-termina\/","url_meta":{"origin":16772,"position":4},"title":"El crecimiento empieza donde la acusaci\u00f3n termina","author":"admin","date":"12\/02\/2023","format":false,"excerpt":"El sentimiento de culpa.\u00a0La conciencia dudosa\/err\u00f3nea y los escr\u00fapulos AUTOR: CLAUDIO RIZZO ISBN: 9505008223","rel":"","context":"Entrada similar","block_context":{"text":"Entrada similar","link":""},"img":{"alt_text":"","src":"https:\/\/i0.wp.com\/libreriaguadalupe.com.ar\/libreria\/wp-content\/uploads\/2023\/02\/El-crecimiento-empieza-donde-la-acusacion-termina.jpeg?fit=359%2C515&ssl=1&resize=350%2C200","width":350,"height":200},"classes":[]},{"id":15474,"url":"https:\/\/libreriaguadalupe.com.ar\/libreria\/producto\/encontrar-a-dios-mar-adentro-2\/","url_meta":{"origin":16772,"position":5},"title":"Encontrar a Dios mar adentro","author":"admin","date":"07\/02\/2023","format":false,"excerpt":"AUTOR: CATTANEO MARCELO [ VER M\u00c1S OBRAS ] ISBN: 9505007394","rel":"","context":"Entrada similar","block_context":{"text":"Entrada similar","link":""},"img":{"alt_text":"","src":"https:\/\/i0.wp.com\/libreriaguadalupe.com.ar\/libreria\/wp-content\/uploads\/2023\/02\/Encontrar-a-Dios-mar-adentro.jpg?fit=220%2C320&ssl=1&resize=350%2C200","width":350,"height":200},"classes":[]}],"_links":{"self":[{"href":"https:\/\/libreriaguadalupe.com.ar\/libreria\/wp-json\/wp\/v2\/product\/16772","targetHints":{"allow":["GET"]}}],"collection":[{"href":"https:\/\/libreriaguadalupe.com.ar\/libreria\/wp-json\/wp\/v2\/product"}],"about":[{"href":"https:\/\/libreriaguadalupe.com.ar\/libreria\/wp-json\/wp\/v2\/types\/product"}],"replies":[{"embeddable":true,"href":"https:\/\/libreriaguadalupe.com.ar\/libreria\/wp-json\/wp\/v2\/comments?post=16772"}],"version-history":[{"count":1,"href":"https:\/\/libreriaguadalupe.com.ar\/libreria\/wp-json\/wp\/v2\/product\/16772\/revisions"}],"predecessor-version":[{"id":16774,"href":"https:\/\/libreriaguadalupe.com.ar\/libreria\/wp-json\/wp\/v2\/product\/16772\/revisions\/16774"}],"wp:featuredmedia":[{"embeddable":true,"href":"https:\/\/libreriaguadalupe.com.ar\/libreria\/wp-json\/wp\/v2\/media\/16773"}],"wp:attachment":[{"href":"https:\/\/libreriaguadalupe.com.ar\/libreria\/wp-json\/wp\/v2\/media?parent=16772"}],"wp:term":[{"taxonomy":"product_brand","embeddable":true,"href":"https:\/\/libreriaguadalupe.com.ar\/libreria\/wp-json\/wp\/v2\/product_brand?post=16772"},{"taxonomy":"product_cat","embeddable":true,"href":"https:\/\/libreriaguadalupe.com.ar\/libreria\/wp-json\/wp\/v2\/product_cat?post=16772"},{"taxonomy":"product_tag","embeddable":true,"href":"https:\/\/libreriaguadalupe.com.ar\/libreria\/wp-json\/wp\/v2\/product_tag?post=16772"}],"curies":[{"name":"wp","href":"https:\/\/api.w.org\/{rel}","templated":true}]}}