{"id":16766,"date":"2023-03-21T11:17:57","date_gmt":"2023-03-21T14:17:57","guid":{"rendered":"https:\/\/libreriaguadalupe.com.ar\/libreria\/?post_type=product&#038;p=16766"},"modified":"2025-04-22T09:31:28","modified_gmt":"2025-04-22T12:31:28","slug":"buenas-noticias-ciclo-c","status":"publish","type":"product","link":"https:\/\/libreriaguadalupe.com.ar\/libreria\/producto\/buenas-noticias-ciclo-c\/","title":{"rendered":"Buenas Noticias Ciclo C"},"content":{"rendered":"<p>\u00a1Buenas Noticias!<br \/>\nEl Evangelio en din\u00e1micas para ni\u00f1os Ciclo C<br \/>\nJes\u00fas Bravo y Mar\u00eda Jos\u00e9 Velert<\/p>\n","protected":false},"excerpt":{"rendered":"<p>El Evangelio en din\u00e1micas para ni\u00f1os Ciclo C<\/p>\n<p>137 p\u00e1gs.<br \/>\n20 x 28 cm.<\/p>\n<p>AUTOR: Jes\u00fas Bravo y Mar\u00eda Jos\u00e9 Velert<\/p>\n<p>ISBN: 9505006649<\/p>\n","protected":false},"featured_media":16767,"comment_status":"open","ping_status":"closed","template":"","meta":{"jetpack_publicize_message":"","jetpack_publicize_feature_enabled":true,"jetpack_social_post_already_shared":true,"jetpack_social_options":{"image_generator_settings":{"template":"highway","default_image_id":0,"font":"","enabled":false},"version":2}},"product_brand":[],"product_cat":[73,121],"product_tag":[127],"class_list":{"0":"post-16766","1":"product","2":"type-product","3":"status-publish","4":"has-post-thumbnail","6":"product_cat-catequesis-y-educacion-en-la-fe","7":"product_cat-guadalupe","8":"product_tag-editorial-guadalupe-de-argentina","10":"first","11":"instock","12":"shipping-taxable","13":"purchasable","14":"product-type-simple"},"yoast_head":"<!-- This site is optimized with the Yoast SEO plugin v27.4 - https:\/\/yoast.com\/product\/yoast-seo-wordpress\/ -->\n<title>Buenas Noticias Ciclo C - Editorial Guadalupe de Argentina<\/title>\n<meta name=\"robots\" content=\"index, follow, max-snippet:-1, max-image-preview:large, max-video-preview:-1\" \/>\n<link rel=\"canonical\" href=\"https:\/\/libreriaguadalupe.com.ar\/libreria\/producto\/buenas-noticias-ciclo-c\/\" \/>\n<meta property=\"og:locale\" content=\"es_ES\" \/>\n<meta property=\"og:type\" content=\"article\" \/>\n<meta property=\"og:title\" content=\"Buenas Noticias Ciclo C - Editorial Guadalupe de Argentina\" \/>\n<meta property=\"og:description\" content=\"El Evangelio en din\u00e1micas para ni\u00f1os Ciclo C  137 p\u00e1gs. 20 x 28 cm.  AUTOR: Jes\u00fas Bravo y Mar\u00eda Jos\u00e9 Velert  ISBN: 9505006649\" \/>\n<meta property=\"og:url\" content=\"https:\/\/libreriaguadalupe.com.ar\/libreria\/producto\/buenas-noticias-ciclo-c\/\" \/>\n<meta property=\"og:site_name\" content=\"Editorial Guadalupe de Argentina\" \/>\n<meta property=\"article:publisher\" content=\"https:\/\/www.facebook.com\/LibreriaGuadalupeAR\/\" \/>\n<meta property=\"article:modified_time\" content=\"2025-04-22T12:31:28+00:00\" \/>\n<meta property=\"og:image\" content=\"https:\/\/libreriaguadalupe.com.ar\/libreria\/wp-content\/uploads\/2023\/03\/Buenas-Noticias-Ciclo-C.jpg\" \/>\n\t<meta property=\"og:image:width\" content=\"644\" \/>\n\t<meta property=\"og:image:height\" content=\"889\" \/>\n\t<meta property=\"og:image:type\" content=\"image\/jpeg\" \/>\n<meta name=\"twitter:card\" content=\"summary_large_image\" \/>\n<meta name=\"twitter:label1\" content=\"Tiempo de lectura\" \/>\n\t<meta name=\"twitter:data1\" content=\"1 minuto\" \/>\n<script type=\"application\/ld+json\" class=\"yoast-schema-graph\">{\"@context\":\"https:\\\/\\\/schema.org\",\"@graph\":[{\"@type\":\"WebPage\",\"@id\":\"https:\\\/\\\/libreriaguadalupe.com.ar\\\/libreria\\\/producto\\\/buenas-noticias-ciclo-c\\\/\",\"url\":\"https:\\\/\\\/libreriaguadalupe.com.ar\\\/libreria\\\/producto\\\/buenas-noticias-ciclo-c\\\/\",\"name\":\"Buenas Noticias Ciclo C - Editorial Guadalupe de Argentina\",\"isPartOf\":{\"@id\":\"https:\\\/\\\/libreriaguadalupe.com.ar\\\/libreria\\\/#website\"},\"primaryImageOfPage\":{\"@id\":\"https:\\\/\\\/libreriaguadalupe.com.ar\\\/libreria\\\/producto\\\/buenas-noticias-ciclo-c\\\/#primaryimage\"},\"image\":{\"@id\":\"https:\\\/\\\/libreriaguadalupe.com.ar\\\/libreria\\\/producto\\\/buenas-noticias-ciclo-c\\\/#primaryimage\"},\"thumbnailUrl\":\"https:\\\/\\\/i0.wp.com\\\/libreriaguadalupe.com.ar\\\/libreria\\\/wp-content\\\/uploads\\\/2023\\\/03\\\/Buenas-Noticias-Ciclo-C.jpg?fit=644%2C889&ssl=1\",\"datePublished\":\"2023-03-21T14:17:57+00:00\",\"dateModified\":\"2025-04-22T12:31:28+00:00\",\"breadcrumb\":{\"@id\":\"https:\\\/\\\/libreriaguadalupe.com.ar\\\/libreria\\\/producto\\\/buenas-noticias-ciclo-c\\\/#breadcrumb\"},\"inLanguage\":\"es\",\"potentialAction\":[{\"@type\":\"ReadAction\",\"target\":[\"https:\\\/\\\/libreriaguadalupe.com.ar\\\/libreria\\\/producto\\\/buenas-noticias-ciclo-c\\\/\"]}]},{\"@type\":\"ImageObject\",\"inLanguage\":\"es\",\"@id\":\"https:\\\/\\\/libreriaguadalupe.com.ar\\\/libreria\\\/producto\\\/buenas-noticias-ciclo-c\\\/#primaryimage\",\"url\":\"https:\\\/\\\/i0.wp.com\\\/libreriaguadalupe.com.ar\\\/libreria\\\/wp-content\\\/uploads\\\/2023\\\/03\\\/Buenas-Noticias-Ciclo-C.jpg?fit=644%2C889&ssl=1\",\"contentUrl\":\"https:\\\/\\\/i0.wp.com\\\/libreriaguadalupe.com.ar\\\/libreria\\\/wp-content\\\/uploads\\\/2023\\\/03\\\/Buenas-Noticias-Ciclo-C.jpg?fit=644%2C889&ssl=1\",\"width\":644,\"height\":889},{\"@type\":\"BreadcrumbList\",\"@id\":\"https:\\\/\\\/libreriaguadalupe.com.ar\\\/libreria\\\/producto\\\/buenas-noticias-ciclo-c\\\/#breadcrumb\",\"itemListElement\":[{\"@type\":\"ListItem\",\"position\":1,\"name\":\"Portada\",\"item\":\"https:\\\/\\\/libreriaguadalupe.com.ar\\\/libreria\\\/\"},{\"@type\":\"ListItem\",\"position\":2,\"name\":\"Tienda\",\"item\":\"https:\\\/\\\/libreriaguadalupe.com.ar\\\/libreria\\\/\"},{\"@type\":\"ListItem\",\"position\":3,\"name\":\"Buenas Noticias Ciclo C\"}]},{\"@type\":\"WebSite\",\"@id\":\"https:\\\/\\\/libreriaguadalupe.com.ar\\\/libreria\\\/#website\",\"url\":\"https:\\\/\\\/libreriaguadalupe.com.ar\\\/libreria\\\/\",\"name\":\"Editorial Guadalupe de Argentina\",\"description\":\"Congregaci\u00f3n del Verbo Divino\",\"publisher\":{\"@id\":\"https:\\\/\\\/libreriaguadalupe.com.ar\\\/libreria\\\/#organization\"},\"alternateName\":\"Librer\u00eda Guadalupe\",\"potentialAction\":[{\"@type\":\"SearchAction\",\"target\":{\"@type\":\"EntryPoint\",\"urlTemplate\":\"https:\\\/\\\/libreriaguadalupe.com.ar\\\/libreria\\\/?s={search_term_string}\"},\"query-input\":{\"@type\":\"PropertyValueSpecification\",\"valueRequired\":true,\"valueName\":\"search_term_string\"}}],\"inLanguage\":\"es\"},{\"@type\":\"Organization\",\"@id\":\"https:\\\/\\\/libreriaguadalupe.com.ar\\\/libreria\\\/#organization\",\"name\":\"Editorial Guadalupe\",\"alternateName\":\"Librer\u00eda Guadalupe\",\"url\":\"https:\\\/\\\/libreriaguadalupe.com.ar\\\/libreria\\\/\",\"logo\":{\"@type\":\"ImageObject\",\"inLanguage\":\"es\",\"@id\":\"https:\\\/\\\/libreriaguadalupe.com.ar\\\/libreria\\\/#\\\/schema\\\/logo\\\/image\\\/\",\"url\":\"https:\\\/\\\/i0.wp.com\\\/libreriaguadalupe.com.ar\\\/libreria\\\/wp-content\\\/uploads\\\/2023\\\/01\\\/cropped-logo-editorial-guadalupe.webp?fit=500%2C100&ssl=1\",\"contentUrl\":\"https:\\\/\\\/i0.wp.com\\\/libreriaguadalupe.com.ar\\\/libreria\\\/wp-content\\\/uploads\\\/2023\\\/01\\\/cropped-logo-editorial-guadalupe.webp?fit=500%2C100&ssl=1\",\"width\":500,\"height\":100,\"caption\":\"Editorial Guadalupe\"},\"image\":{\"@id\":\"https:\\\/\\\/libreriaguadalupe.com.ar\\\/libreria\\\/#\\\/schema\\\/logo\\\/image\\\/\"},\"sameAs\":[\"https:\\\/\\\/www.facebook.com\\\/LibreriaGuadalupeAR\\\/\",\"https:\\\/\\\/www.instagram.com\\\/editorialguadalupe\\\/\",\"https:\\\/\\\/guadalupeeditorial.mercadoshops.com.ar\\\/\"]}]}<\/script>\n<!-- \/ Yoast SEO plugin. -->","yoast_head_json":{"title":"Buenas Noticias Ciclo C - Editorial Guadalupe de Argentina","robots":{"index":"index","follow":"follow","max-snippet":"max-snippet:-1","max-image-preview":"max-image-preview:large","max-video-preview":"max-video-preview:-1"},"canonical":"https:\/\/libreriaguadalupe.com.ar\/libreria\/producto\/buenas-noticias-ciclo-c\/","og_locale":"es_ES","og_type":"article","og_title":"Buenas Noticias Ciclo C - Editorial Guadalupe de Argentina","og_description":"El Evangelio en din\u00e1micas para ni\u00f1os Ciclo C  137 p\u00e1gs. 20 x 28 cm.  AUTOR: Jes\u00fas Bravo y Mar\u00eda Jos\u00e9 Velert  ISBN: 9505006649","og_url":"https:\/\/libreriaguadalupe.com.ar\/libreria\/producto\/buenas-noticias-ciclo-c\/","og_site_name":"Editorial Guadalupe de Argentina","article_publisher":"https:\/\/www.facebook.com\/LibreriaGuadalupeAR\/","article_modified_time":"2025-04-22T12:31:28+00:00","og_image":[{"width":644,"height":889,"url":"https:\/\/libreriaguadalupe.com.ar\/libreria\/wp-content\/uploads\/2023\/03\/Buenas-Noticias-Ciclo-C.jpg","type":"image\/jpeg"}],"twitter_card":"summary_large_image","twitter_misc":{"Tiempo de lectura":"1 minuto"},"schema":{"@context":"https:\/\/schema.org","@graph":[{"@type":"WebPage","@id":"https:\/\/libreriaguadalupe.com.ar\/libreria\/producto\/buenas-noticias-ciclo-c\/","url":"https:\/\/libreriaguadalupe.com.ar\/libreria\/producto\/buenas-noticias-ciclo-c\/","name":"Buenas Noticias Ciclo C - Editorial Guadalupe de Argentina","isPartOf":{"@id":"https:\/\/libreriaguadalupe.com.ar\/libreria\/#website"},"primaryImageOfPage":{"@id":"https:\/\/libreriaguadalupe.com.ar\/libreria\/producto\/buenas-noticias-ciclo-c\/#primaryimage"},"image":{"@id":"https:\/\/libreriaguadalupe.com.ar\/libreria\/producto\/buenas-noticias-ciclo-c\/#primaryimage"},"thumbnailUrl":"https:\/\/i0.wp.com\/libreriaguadalupe.com.ar\/libreria\/wp-content\/uploads\/2023\/03\/Buenas-Noticias-Ciclo-C.jpg?fit=644%2C889&ssl=1","datePublished":"2023-03-21T14:17:57+00:00","dateModified":"2025-04-22T12:31:28+00:00","breadcrumb":{"@id":"https:\/\/libreriaguadalupe.com.ar\/libreria\/producto\/buenas-noticias-ciclo-c\/#breadcrumb"},"inLanguage":"es","potentialAction":[{"@type":"ReadAction","target":["https:\/\/libreriaguadalupe.com.ar\/libreria\/producto\/buenas-noticias-ciclo-c\/"]}]},{"@type":"ImageObject","inLanguage":"es","@id":"https:\/\/libreriaguadalupe.com.ar\/libreria\/producto\/buenas-noticias-ciclo-c\/#primaryimage","url":"https:\/\/i0.wp.com\/libreriaguadalupe.com.ar\/libreria\/wp-content\/uploads\/2023\/03\/Buenas-Noticias-Ciclo-C.jpg?fit=644%2C889&ssl=1","contentUrl":"https:\/\/i0.wp.com\/libreriaguadalupe.com.ar\/libreria\/wp-content\/uploads\/2023\/03\/Buenas-Noticias-Ciclo-C.jpg?fit=644%2C889&ssl=1","width":644,"height":889},{"@type":"BreadcrumbList","@id":"https:\/\/libreriaguadalupe.com.ar\/libreria\/producto\/buenas-noticias-ciclo-c\/#breadcrumb","itemListElement":[{"@type":"ListItem","position":1,"name":"Portada","item":"https:\/\/libreriaguadalupe.com.ar\/libreria\/"},{"@type":"ListItem","position":2,"name":"Tienda","item":"https:\/\/libreriaguadalupe.com.ar\/libreria\/"},{"@type":"ListItem","position":3,"name":"Buenas Noticias Ciclo C"}]},{"@type":"WebSite","@id":"https:\/\/libreriaguadalupe.com.ar\/libreria\/#website","url":"https:\/\/libreriaguadalupe.com.ar\/libreria\/","name":"Editorial Guadalupe de Argentina","description":"Congregaci\u00f3n del Verbo Divino","publisher":{"@id":"https:\/\/libreriaguadalupe.com.ar\/libreria\/#organization"},"alternateName":"Librer\u00eda Guadalupe","potentialAction":[{"@type":"SearchAction","target":{"@type":"EntryPoint","urlTemplate":"https:\/\/libreriaguadalupe.com.ar\/libreria\/?s={search_term_string}"},"query-input":{"@type":"PropertyValueSpecification","valueRequired":true,"valueName":"search_term_string"}}],"inLanguage":"es"},{"@type":"Organization","@id":"https:\/\/libreriaguadalupe.com.ar\/libreria\/#organization","name":"Editorial Guadalupe","alternateName":"Librer\u00eda Guadalupe","url":"https:\/\/libreriaguadalupe.com.ar\/libreria\/","logo":{"@type":"ImageObject","inLanguage":"es","@id":"https:\/\/libreriaguadalupe.com.ar\/libreria\/#\/schema\/logo\/image\/","url":"https:\/\/i0.wp.com\/libreriaguadalupe.com.ar\/libreria\/wp-content\/uploads\/2023\/01\/cropped-logo-editorial-guadalupe.webp?fit=500%2C100&ssl=1","contentUrl":"https:\/\/i0.wp.com\/libreriaguadalupe.com.ar\/libreria\/wp-content\/uploads\/2023\/01\/cropped-logo-editorial-guadalupe.webp?fit=500%2C100&ssl=1","width":500,"height":100,"caption":"Editorial Guadalupe"},"image":{"@id":"https:\/\/libreriaguadalupe.com.ar\/libreria\/#\/schema\/logo\/image\/"},"sameAs":["https:\/\/www.facebook.com\/LibreriaGuadalupeAR\/","https:\/\/www.instagram.com\/editorialguadalupe\/","https:\/\/guadalupeeditorial.mercadoshops.com.ar\/"]}]}},"jetpack_publicize_connections":[],"jetpack_sharing_enabled":true,"jetpack-related-posts":[{"id":12647,"url":"https:\/\/libreriaguadalupe.com.ar\/libreria\/producto\/buenas-noticias-ciclo-a\/","url_meta":{"origin":16766,"position":0},"title":"Buenas Noticias Ciclo A","author":"admin","date":"18\/01\/2023","format":false,"excerpt":"El Evangelio en din\u00e1micas para ni\u00f1os Ciclo A 137 p\u00e1gs. 20 x 28 cm. AUTOR: Jes\u00fas Bravo y Mar\u00eda Jos\u00e9 Velert ISBN: 9505006885","rel":"","context":"Entrada similar","block_context":{"text":"Entrada similar","link":""},"img":{"alt_text":"","src":"https:\/\/i0.wp.com\/libreriaguadalupe.com.ar\/libreria\/wp-content\/uploads\/2023\/03\/Buenas-Noticias-Ciclo-A.jpeg?fit=923%2C1200&ssl=1&resize=350%2C200","width":350,"height":200,"srcset":"https:\/\/i0.wp.com\/libreriaguadalupe.com.ar\/libreria\/wp-content\/uploads\/2023\/03\/Buenas-Noticias-Ciclo-A.jpeg?fit=923%2C1200&ssl=1&resize=350%2C200 1x, https:\/\/i0.wp.com\/libreriaguadalupe.com.ar\/libreria\/wp-content\/uploads\/2023\/03\/Buenas-Noticias-Ciclo-A.jpeg?fit=923%2C1200&ssl=1&resize=525%2C300 1.5x, https:\/\/i0.wp.com\/libreriaguadalupe.com.ar\/libreria\/wp-content\/uploads\/2023\/03\/Buenas-Noticias-Ciclo-A.jpeg?fit=923%2C1200&ssl=1&resize=700%2C400 2x"},"classes":[]},{"id":12676,"url":"https:\/\/libreriaguadalupe.com.ar\/libreria\/producto\/dialogos-semanales-con-jesus-ciclo-c-nro-5\/","url_meta":{"origin":16766,"position":1},"title":"Dialogos semanales con Jesus Ciclo C Nro 5","author":"admin","date":"18\/01\/2023","format":false,"excerpt":"Adviento, Navidad, Cuaresma, Pascua Autor: Carmen Mar\u00eda Cervantes, Instituto Fe y Vida, Jos\u00e9 Antonio Medina Arellano ISBN: 8499450582 Dimensiones: 16 x 24 cm P\u00e1ginas: 200","rel":"","context":"Entrada similar","block_context":{"text":"Entrada similar","link":""},"img":{"alt_text":"","src":"https:\/\/i0.wp.com\/libreriaguadalupe.com.ar\/libreria\/wp-content\/uploads\/2023\/01\/Dialogos-semanales-con-Jesus-Ciclo-C-Nro-5.jpg?fit=380%2C586&ssl=1&resize=350%2C200","width":350,"height":200},"classes":[]},{"id":15509,"url":"https:\/\/libreriaguadalupe.com.ar\/libreria\/producto\/evangelio-de-marcos-pikaza-2\/","url_meta":{"origin":16766,"position":2},"title":"Evangelio de Marcos","author":"admin","date":"07\/02\/2023","format":false,"excerpt":"La Buena Noticia de Jes\u00fas AUTOR: EVD ISBN: 8499452258","rel":"","context":"Entrada similar","block_context":{"text":"Entrada similar","link":""},"img":{"alt_text":"","src":"https:\/\/i0.wp.com\/libreriaguadalupe.com.ar\/libreria\/wp-content\/uploads\/2023\/02\/Evangelio-de-Marcos.jpg?fit=380%2C586&ssl=1&resize=350%2C200","width":350,"height":200},"classes":[]},{"id":12946,"url":"https:\/\/libreriaguadalupe.com.ar\/libreria\/producto\/anunciar-la-buena-noticia\/","url_meta":{"origin":16766,"position":3},"title":"Anunciar la buena noticia","author":"admin","date":"18\/01\/2023","format":false,"excerpt":"Homil\u00edas - Ciclo C Autor: \u00c1lvaro Franch Arruga, F\u00e9lix Felipe Cebollada, Javier Calvo Guinda, Jos\u00e9 Alegre Arag\u00fces, Lucio Arauzo G\u00f3mez, Luis G. Bet\u00e9s Palomo, Santiago Aparicio Felipe ISBN: 8481693774 Dimensiones: 15,5 x 24 cm P\u00e1ginas: 176","rel":"","context":"Entrada similar","block_context":{"text":"Entrada similar","link":""},"img":{"alt_text":"","src":"https:\/\/i0.wp.com\/libreriaguadalupe.com.ar\/libreria\/wp-content\/uploads\/2023\/01\/814.jpg?fit=227%2C357&ssl=1&resize=350%2C200","width":350,"height":200},"classes":[]},{"id":18398,"url":"https:\/\/libreriaguadalupe.com.ar\/libreria\/producto\/vive-la-palabra-2025\/","url_meta":{"origin":16766,"position":4},"title":"Vive la Palabra 2025","author":"admin","date":"06\/11\/2024","format":false,"excerpt":"La esperanza no defraudada Ciclo C - Evangelio Santoral AGOTADO Autor: Editorial Guadalupe ISBN: 978 950 500 939 8 Dimensiones: 11 x 14 cm P\u00e1ginas: 408","rel":"","context":"Entrada similar","block_context":{"text":"Entrada similar","link":""},"img":{"alt_text":"","src":"https:\/\/i0.wp.com\/libreriaguadalupe.com.ar\/libreria\/wp-content\/uploads\/2024\/11\/AGOTADO.png?fit=960%2C1200&ssl=1&resize=350%2C200","width":350,"height":200,"srcset":"https:\/\/i0.wp.com\/libreriaguadalupe.com.ar\/libreria\/wp-content\/uploads\/2024\/11\/AGOTADO.png?fit=960%2C1200&ssl=1&resize=350%2C200 1x, https:\/\/i0.wp.com\/libreriaguadalupe.com.ar\/libreria\/wp-content\/uploads\/2024\/11\/AGOTADO.png?fit=960%2C1200&ssl=1&resize=525%2C300 1.5x, https:\/\/i0.wp.com\/libreriaguadalupe.com.ar\/libreria\/wp-content\/uploads\/2024\/11\/AGOTADO.png?fit=960%2C1200&ssl=1&resize=700%2C400 2x"},"classes":[]},{"id":15893,"url":"https:\/\/libreriaguadalupe.com.ar\/libreria\/producto\/vive-la-palabra-2023\/","url_meta":{"origin":16766,"position":5},"title":"Vive La Palabra 2023","author":"admin","date":"12\/02\/2023","format":false,"excerpt":"Ciclo A. Evangelio \u2013 Santoral AUTOR: Mar\u00eda In\u00e9s Castro, Irene Rosa Klein y Editorial Guadalupe ISBN: 9505008728","rel":"","context":"Entrada similar","block_context":{"text":"Entrada similar","link":""},"img":{"alt_text":"","src":"https:\/\/i0.wp.com\/libreriaguadalupe.com.ar\/libreria\/wp-content\/uploads\/2023\/02\/VIVE-LA-PALABRA-2023-chico.jpg?fit=403%2C500&ssl=1&resize=350%2C200","width":350,"height":200},"classes":[]}],"_links":{"self":[{"href":"https:\/\/libreriaguadalupe.com.ar\/libreria\/wp-json\/wp\/v2\/product\/16766","targetHints":{"allow":["GET"]}}],"collection":[{"href":"https:\/\/libreriaguadalupe.com.ar\/libreria\/wp-json\/wp\/v2\/product"}],"about":[{"href":"https:\/\/libreriaguadalupe.com.ar\/libreria\/wp-json\/wp\/v2\/types\/product"}],"replies":[{"embeddable":true,"href":"https:\/\/libreriaguadalupe.com.ar\/libreria\/wp-json\/wp\/v2\/comments?post=16766"}],"version-history":[{"count":1,"href":"https:\/\/libreriaguadalupe.com.ar\/libreria\/wp-json\/wp\/v2\/product\/16766\/revisions"}],"predecessor-version":[{"id":16768,"href":"https:\/\/libreriaguadalupe.com.ar\/libreria\/wp-json\/wp\/v2\/product\/16766\/revisions\/16768"}],"wp:featuredmedia":[{"embeddable":true,"href":"https:\/\/libreriaguadalupe.com.ar\/libreria\/wp-json\/wp\/v2\/media\/16767"}],"wp:attachment":[{"href":"https:\/\/libreriaguadalupe.com.ar\/libreria\/wp-json\/wp\/v2\/media?parent=16766"}],"wp:term":[{"taxonomy":"product_brand","embeddable":true,"href":"https:\/\/libreriaguadalupe.com.ar\/libreria\/wp-json\/wp\/v2\/product_brand?post=16766"},{"taxonomy":"product_cat","embeddable":true,"href":"https:\/\/libreriaguadalupe.com.ar\/libreria\/wp-json\/wp\/v2\/product_cat?post=16766"},{"taxonomy":"product_tag","embeddable":true,"href":"https:\/\/libreriaguadalupe.com.ar\/libreria\/wp-json\/wp\/v2\/product_tag?post=16766"}],"curies":[{"name":"wp","href":"https:\/\/api.w.org\/{rel}","templated":true}]}}