{"id":16757,"date":"2023-03-20T17:51:44","date_gmt":"2023-03-20T20:51:44","guid":{"rendered":"https:\/\/libreriaguadalupe.com.ar\/libreria\/?post_type=product&#038;p=16757"},"modified":"2026-02-03T09:14:27","modified_gmt":"2026-02-03T12:14:27","slug":"mi-cristo-roto-de-casa-en-casa","status":"publish","type":"product","link":"https:\/\/libreriaguadalupe.com.ar\/libreria\/producto\/mi-cristo-roto-de-casa-en-casa\/","title":{"rendered":"Mi Cristo Roto De Casa En Casa"},"content":{"rendered":"<p>Descripci\u00f3n<br \/>\n\u00bfVa Cristo en busca de los hombres? \u00bfO somos los hombres quienes lo buscamos llevados por nuestra sed?. Doble movimiento misterioso de la d\u00e1diva y del necesitado. Los arrebatadores, los ladrones, atren al que reina desde la Cruz. El dolor, la miseria humana, es la puerta por la que suele introducirse. He aqu\u00ed un libro de honda imaginaci\u00f3n material, donde las palabras se desprenden f\u00e1cilmente, en organismos vivos porque las dictan la convicci\u00f3n y la belleza.<br \/>\n\u00abDe casa en casa\u00bb, de coraz\u00f3n en coraz\u00f3n. Cristo nos sigue para que la nuestra no sea una existencia vana y perdida. M\u00e1s grande que la propia Iglesia, el universo es el \u00e1mbito del Esp\u00edritu. Y en lo m\u00e1s escondido de nosotros es donde se juega lo terrible y lo sublime, la insoluble mezcla de la luz y la tiniebla. Cu\u00e9 lo sabe. Por eso su expresi\u00f3n alcanza a menudo tanta fuerza, como en los p\u00e1rrafos que dirige a los sacerdotes violadores de conciencias. Primero encontrado y a medias restaurado, ahora \u00abMi Cristo roto\u00bb abandona su encierro para ir \u00abde casa en casa\u00bb. Porque su lugar no est\u00e1 en ning\u00fan encierro, en ning\u00fan confinamiento, sino en la plenitud de la creaci\u00f3n.<\/p>\n","protected":false},"excerpt":{"rendered":"<p>Autor: Ram\u00f3n Cu\u00e9<br \/>\nISBN: 9505003549<br \/>\nDimensiones: 19 x 12 cm<br \/>\nP\u00e1ginas: 162<\/p>\n","protected":false},"featured_media":16758,"comment_status":"open","ping_status":"closed","template":"","meta":{"jetpack_publicize_message":"","jetpack_publicize_feature_enabled":true,"jetpack_social_post_already_shared":true,"jetpack_social_options":{"image_generator_settings":{"template":"highway","default_image_id":0,"font":"","enabled":false},"version":2}},"product_brand":[],"product_cat":[144,88,121],"product_tag":[127],"class_list":{"0":"post-16757","1":"product","2":"type-product","3":"status-publish","4":"has-post-thumbnail","6":"product_cat-especial-pascua","7":"product_cat-espiritualidad-cultura-social","8":"product_cat-guadalupe","9":"product_tag-editorial-guadalupe-de-argentina","11":"first","12":"instock","13":"shipping-taxable","14":"purchasable","15":"product-type-simple"},"yoast_head":"<!-- This site is optimized with the Yoast SEO plugin v27.4 - https:\/\/yoast.com\/product\/yoast-seo-wordpress\/ -->\n<title>Mi Cristo Roto De Casa En Casa - Editorial Guadalupe de Argentina<\/title>\n<meta name=\"description\" content=\"\u00bfVa Cristo en busca de los hombres? \u00bfO somos los hombres quienes lo buscamos llevados por nuestra sed?. Doble movimiento misterioso de la d\u00e1diva y del necesitado. Los arrebatadores, los ladrones, atren al que reina desde la Cruz.\" \/>\n<meta name=\"robots\" content=\"index, follow, max-snippet:-1, max-image-preview:large, max-video-preview:-1\" \/>\n<link rel=\"canonical\" href=\"https:\/\/libreriaguadalupe.com.ar\/libreria\/producto\/mi-cristo-roto-de-casa-en-casa\/\" \/>\n<meta property=\"og:locale\" content=\"es_ES\" \/>\n<meta property=\"og:type\" content=\"article\" \/>\n<meta property=\"og:title\" content=\"Mi Cristo Roto De Casa En Casa - Editorial Guadalupe de Argentina\" \/>\n<meta property=\"og:description\" content=\"\u00bfVa Cristo en busca de los hombres? \u00bfO somos los hombres quienes lo buscamos llevados por nuestra sed?. Doble movimiento misterioso de la d\u00e1diva y del necesitado. Los arrebatadores, los ladrones, atren al que reina desde la Cruz.\" \/>\n<meta property=\"og:url\" content=\"https:\/\/libreriaguadalupe.com.ar\/libreria\/producto\/mi-cristo-roto-de-casa-en-casa\/\" \/>\n<meta property=\"og:site_name\" content=\"Editorial Guadalupe de Argentina\" \/>\n<meta property=\"article:publisher\" content=\"https:\/\/www.facebook.com\/LibreriaGuadalupeAR\/\" \/>\n<meta property=\"article:modified_time\" content=\"2026-02-03T12:14:27+00:00\" \/>\n<meta property=\"og:image\" content=\"https:\/\/libreriaguadalupe.com.ar\/libreria\/wp-content\/uploads\/2023\/03\/Mi-Cristo-Roto-De-Casa-En-Casa.jpeg\" \/>\n\t<meta property=\"og:image:width\" content=\"344\" \/>\n\t<meta property=\"og:image:height\" content=\"500\" \/>\n\t<meta property=\"og:image:type\" content=\"image\/jpeg\" \/>\n<meta name=\"twitter:card\" content=\"summary_large_image\" \/>\n<meta name=\"twitter:label1\" content=\"Tiempo de lectura\" \/>\n\t<meta name=\"twitter:data1\" content=\"2 minutos\" \/>\n<script type=\"application\/ld+json\" class=\"yoast-schema-graph\">{\"@context\":\"https:\\\/\\\/schema.org\",\"@graph\":[{\"@type\":\"WebPage\",\"@id\":\"https:\\\/\\\/libreriaguadalupe.com.ar\\\/libreria\\\/producto\\\/mi-cristo-roto-de-casa-en-casa\\\/\",\"url\":\"https:\\\/\\\/libreriaguadalupe.com.ar\\\/libreria\\\/producto\\\/mi-cristo-roto-de-casa-en-casa\\\/\",\"name\":\"Mi Cristo Roto De Casa En Casa - Editorial Guadalupe de Argentina\",\"isPartOf\":{\"@id\":\"https:\\\/\\\/libreriaguadalupe.com.ar\\\/libreria\\\/#website\"},\"primaryImageOfPage\":{\"@id\":\"https:\\\/\\\/libreriaguadalupe.com.ar\\\/libreria\\\/producto\\\/mi-cristo-roto-de-casa-en-casa\\\/#primaryimage\"},\"image\":{\"@id\":\"https:\\\/\\\/libreriaguadalupe.com.ar\\\/libreria\\\/producto\\\/mi-cristo-roto-de-casa-en-casa\\\/#primaryimage\"},\"thumbnailUrl\":\"https:\\\/\\\/i0.wp.com\\\/libreriaguadalupe.com.ar\\\/libreria\\\/wp-content\\\/uploads\\\/2023\\\/03\\\/Mi-Cristo-Roto-De-Casa-En-Casa.jpeg?fit=344%2C500&ssl=1\",\"datePublished\":\"2023-03-20T20:51:44+00:00\",\"dateModified\":\"2026-02-03T12:14:27+00:00\",\"description\":\"\u00bfVa Cristo en busca de los hombres? \u00bfO somos los hombres quienes lo buscamos llevados por nuestra sed?. Doble movimiento misterioso de la d\u00e1diva y del necesitado. Los arrebatadores, los ladrones, atren al que reina desde la Cruz.\",\"breadcrumb\":{\"@id\":\"https:\\\/\\\/libreriaguadalupe.com.ar\\\/libreria\\\/producto\\\/mi-cristo-roto-de-casa-en-casa\\\/#breadcrumb\"},\"inLanguage\":\"es\",\"potentialAction\":[{\"@type\":\"ReadAction\",\"target\":[\"https:\\\/\\\/libreriaguadalupe.com.ar\\\/libreria\\\/producto\\\/mi-cristo-roto-de-casa-en-casa\\\/\"]}]},{\"@type\":\"ImageObject\",\"inLanguage\":\"es\",\"@id\":\"https:\\\/\\\/libreriaguadalupe.com.ar\\\/libreria\\\/producto\\\/mi-cristo-roto-de-casa-en-casa\\\/#primaryimage\",\"url\":\"https:\\\/\\\/i0.wp.com\\\/libreriaguadalupe.com.ar\\\/libreria\\\/wp-content\\\/uploads\\\/2023\\\/03\\\/Mi-Cristo-Roto-De-Casa-En-Casa.jpeg?fit=344%2C500&ssl=1\",\"contentUrl\":\"https:\\\/\\\/i0.wp.com\\\/libreriaguadalupe.com.ar\\\/libreria\\\/wp-content\\\/uploads\\\/2023\\\/03\\\/Mi-Cristo-Roto-De-Casa-En-Casa.jpeg?fit=344%2C500&ssl=1\",\"width\":344,\"height\":500},{\"@type\":\"BreadcrumbList\",\"@id\":\"https:\\\/\\\/libreriaguadalupe.com.ar\\\/libreria\\\/producto\\\/mi-cristo-roto-de-casa-en-casa\\\/#breadcrumb\",\"itemListElement\":[{\"@type\":\"ListItem\",\"position\":1,\"name\":\"Portada\",\"item\":\"https:\\\/\\\/libreriaguadalupe.com.ar\\\/libreria\\\/\"},{\"@type\":\"ListItem\",\"position\":2,\"name\":\"Tienda\",\"item\":\"https:\\\/\\\/libreriaguadalupe.com.ar\\\/libreria\\\/\"},{\"@type\":\"ListItem\",\"position\":3,\"name\":\"Mi Cristo Roto De Casa En Casa\"}]},{\"@type\":\"WebSite\",\"@id\":\"https:\\\/\\\/libreriaguadalupe.com.ar\\\/libreria\\\/#website\",\"url\":\"https:\\\/\\\/libreriaguadalupe.com.ar\\\/libreria\\\/\",\"name\":\"Editorial Guadalupe de Argentina\",\"description\":\"Congregaci\u00f3n del Verbo Divino\",\"publisher\":{\"@id\":\"https:\\\/\\\/libreriaguadalupe.com.ar\\\/libreria\\\/#organization\"},\"alternateName\":\"Librer\u00eda Guadalupe\",\"potentialAction\":[{\"@type\":\"SearchAction\",\"target\":{\"@type\":\"EntryPoint\",\"urlTemplate\":\"https:\\\/\\\/libreriaguadalupe.com.ar\\\/libreria\\\/?s={search_term_string}\"},\"query-input\":{\"@type\":\"PropertyValueSpecification\",\"valueRequired\":true,\"valueName\":\"search_term_string\"}}],\"inLanguage\":\"es\"},{\"@type\":\"Organization\",\"@id\":\"https:\\\/\\\/libreriaguadalupe.com.ar\\\/libreria\\\/#organization\",\"name\":\"Editorial Guadalupe\",\"alternateName\":\"Librer\u00eda Guadalupe\",\"url\":\"https:\\\/\\\/libreriaguadalupe.com.ar\\\/libreria\\\/\",\"logo\":{\"@type\":\"ImageObject\",\"inLanguage\":\"es\",\"@id\":\"https:\\\/\\\/libreriaguadalupe.com.ar\\\/libreria\\\/#\\\/schema\\\/logo\\\/image\\\/\",\"url\":\"https:\\\/\\\/i0.wp.com\\\/libreriaguadalupe.com.ar\\\/libreria\\\/wp-content\\\/uploads\\\/2023\\\/01\\\/cropped-logo-editorial-guadalupe.webp?fit=500%2C100&ssl=1\",\"contentUrl\":\"https:\\\/\\\/i0.wp.com\\\/libreriaguadalupe.com.ar\\\/libreria\\\/wp-content\\\/uploads\\\/2023\\\/01\\\/cropped-logo-editorial-guadalupe.webp?fit=500%2C100&ssl=1\",\"width\":500,\"height\":100,\"caption\":\"Editorial Guadalupe\"},\"image\":{\"@id\":\"https:\\\/\\\/libreriaguadalupe.com.ar\\\/libreria\\\/#\\\/schema\\\/logo\\\/image\\\/\"},\"sameAs\":[\"https:\\\/\\\/www.facebook.com\\\/LibreriaGuadalupeAR\\\/\",\"https:\\\/\\\/www.instagram.com\\\/editorialguadalupe\\\/\",\"https:\\\/\\\/guadalupeeditorial.mercadoshops.com.ar\\\/\"]}]}<\/script>\n<!-- \/ Yoast SEO plugin. -->","yoast_head_json":{"title":"Mi Cristo Roto De Casa En Casa - Editorial Guadalupe de Argentina","description":"\u00bfVa Cristo en busca de los hombres? \u00bfO somos los hombres quienes lo buscamos llevados por nuestra sed?. Doble movimiento misterioso de la d\u00e1diva y del necesitado. Los arrebatadores, los ladrones, atren al que reina desde la Cruz.","robots":{"index":"index","follow":"follow","max-snippet":"max-snippet:-1","max-image-preview":"max-image-preview:large","max-video-preview":"max-video-preview:-1"},"canonical":"https:\/\/libreriaguadalupe.com.ar\/libreria\/producto\/mi-cristo-roto-de-casa-en-casa\/","og_locale":"es_ES","og_type":"article","og_title":"Mi Cristo Roto De Casa En Casa - Editorial Guadalupe de Argentina","og_description":"\u00bfVa Cristo en busca de los hombres? \u00bfO somos los hombres quienes lo buscamos llevados por nuestra sed?. Doble movimiento misterioso de la d\u00e1diva y del necesitado. Los arrebatadores, los ladrones, atren al que reina desde la Cruz.","og_url":"https:\/\/libreriaguadalupe.com.ar\/libreria\/producto\/mi-cristo-roto-de-casa-en-casa\/","og_site_name":"Editorial Guadalupe de Argentina","article_publisher":"https:\/\/www.facebook.com\/LibreriaGuadalupeAR\/","article_modified_time":"2026-02-03T12:14:27+00:00","og_image":[{"width":344,"height":500,"url":"https:\/\/libreriaguadalupe.com.ar\/libreria\/wp-content\/uploads\/2023\/03\/Mi-Cristo-Roto-De-Casa-En-Casa.jpeg","type":"image\/jpeg"}],"twitter_card":"summary_large_image","twitter_misc":{"Tiempo de lectura":"2 minutos"},"schema":{"@context":"https:\/\/schema.org","@graph":[{"@type":"WebPage","@id":"https:\/\/libreriaguadalupe.com.ar\/libreria\/producto\/mi-cristo-roto-de-casa-en-casa\/","url":"https:\/\/libreriaguadalupe.com.ar\/libreria\/producto\/mi-cristo-roto-de-casa-en-casa\/","name":"Mi Cristo Roto De Casa En Casa - Editorial Guadalupe de Argentina","isPartOf":{"@id":"https:\/\/libreriaguadalupe.com.ar\/libreria\/#website"},"primaryImageOfPage":{"@id":"https:\/\/libreriaguadalupe.com.ar\/libreria\/producto\/mi-cristo-roto-de-casa-en-casa\/#primaryimage"},"image":{"@id":"https:\/\/libreriaguadalupe.com.ar\/libreria\/producto\/mi-cristo-roto-de-casa-en-casa\/#primaryimage"},"thumbnailUrl":"https:\/\/i0.wp.com\/libreriaguadalupe.com.ar\/libreria\/wp-content\/uploads\/2023\/03\/Mi-Cristo-Roto-De-Casa-En-Casa.jpeg?fit=344%2C500&ssl=1","datePublished":"2023-03-20T20:51:44+00:00","dateModified":"2026-02-03T12:14:27+00:00","description":"\u00bfVa Cristo en busca de los hombres? \u00bfO somos los hombres quienes lo buscamos llevados por nuestra sed?. Doble movimiento misterioso de la d\u00e1diva y del necesitado. Los arrebatadores, los ladrones, atren al que reina desde la Cruz.","breadcrumb":{"@id":"https:\/\/libreriaguadalupe.com.ar\/libreria\/producto\/mi-cristo-roto-de-casa-en-casa\/#breadcrumb"},"inLanguage":"es","potentialAction":[{"@type":"ReadAction","target":["https:\/\/libreriaguadalupe.com.ar\/libreria\/producto\/mi-cristo-roto-de-casa-en-casa\/"]}]},{"@type":"ImageObject","inLanguage":"es","@id":"https:\/\/libreriaguadalupe.com.ar\/libreria\/producto\/mi-cristo-roto-de-casa-en-casa\/#primaryimage","url":"https:\/\/i0.wp.com\/libreriaguadalupe.com.ar\/libreria\/wp-content\/uploads\/2023\/03\/Mi-Cristo-Roto-De-Casa-En-Casa.jpeg?fit=344%2C500&ssl=1","contentUrl":"https:\/\/i0.wp.com\/libreriaguadalupe.com.ar\/libreria\/wp-content\/uploads\/2023\/03\/Mi-Cristo-Roto-De-Casa-En-Casa.jpeg?fit=344%2C500&ssl=1","width":344,"height":500},{"@type":"BreadcrumbList","@id":"https:\/\/libreriaguadalupe.com.ar\/libreria\/producto\/mi-cristo-roto-de-casa-en-casa\/#breadcrumb","itemListElement":[{"@type":"ListItem","position":1,"name":"Portada","item":"https:\/\/libreriaguadalupe.com.ar\/libreria\/"},{"@type":"ListItem","position":2,"name":"Tienda","item":"https:\/\/libreriaguadalupe.com.ar\/libreria\/"},{"@type":"ListItem","position":3,"name":"Mi Cristo Roto De Casa En Casa"}]},{"@type":"WebSite","@id":"https:\/\/libreriaguadalupe.com.ar\/libreria\/#website","url":"https:\/\/libreriaguadalupe.com.ar\/libreria\/","name":"Editorial Guadalupe de Argentina","description":"Congregaci\u00f3n del Verbo Divino","publisher":{"@id":"https:\/\/libreriaguadalupe.com.ar\/libreria\/#organization"},"alternateName":"Librer\u00eda Guadalupe","potentialAction":[{"@type":"SearchAction","target":{"@type":"EntryPoint","urlTemplate":"https:\/\/libreriaguadalupe.com.ar\/libreria\/?s={search_term_string}"},"query-input":{"@type":"PropertyValueSpecification","valueRequired":true,"valueName":"search_term_string"}}],"inLanguage":"es"},{"@type":"Organization","@id":"https:\/\/libreriaguadalupe.com.ar\/libreria\/#organization","name":"Editorial Guadalupe","alternateName":"Librer\u00eda Guadalupe","url":"https:\/\/libreriaguadalupe.com.ar\/libreria\/","logo":{"@type":"ImageObject","inLanguage":"es","@id":"https:\/\/libreriaguadalupe.com.ar\/libreria\/#\/schema\/logo\/image\/","url":"https:\/\/i0.wp.com\/libreriaguadalupe.com.ar\/libreria\/wp-content\/uploads\/2023\/01\/cropped-logo-editorial-guadalupe.webp?fit=500%2C100&ssl=1","contentUrl":"https:\/\/i0.wp.com\/libreriaguadalupe.com.ar\/libreria\/wp-content\/uploads\/2023\/01\/cropped-logo-editorial-guadalupe.webp?fit=500%2C100&ssl=1","width":500,"height":100,"caption":"Editorial Guadalupe"},"image":{"@id":"https:\/\/libreriaguadalupe.com.ar\/libreria\/#\/schema\/logo\/image\/"},"sameAs":["https:\/\/www.facebook.com\/LibreriaGuadalupeAR\/","https:\/\/www.instagram.com\/editorialguadalupe\/","https:\/\/guadalupeeditorial.mercadoshops.com.ar\/"]}]}},"jetpack_publicize_connections":[],"jetpack_sharing_enabled":true,"jetpack-related-posts":[{"id":16753,"url":"https:\/\/libreriaguadalupe.com.ar\/libreria\/producto\/mi-cristo-roto\/","url_meta":{"origin":16757,"position":0},"title":"Mi Cristo Roto","author":"admin","date":"20\/03\/2023","format":false,"excerpt":"Edici\u00f3n 23 Autor: Ram\u00f3n Cu\u00e9 ISBN: Dimensiones: 19 x 12 cm P\u00e1ginas: 144","rel":"","context":"Entrada similar","block_context":{"text":"Entrada similar","link":""},"img":{"alt_text":"","src":"https:\/\/i0.wp.com\/libreriaguadalupe.com.ar\/libreria\/wp-content\/uploads\/2023\/03\/Mi-cristo-roto-ed23.jpeg?fit=347%2C500&ssl=1&resize=350%2C200","width":350,"height":200},"classes":[]},{"id":14703,"url":"https:\/\/libreriaguadalupe.com.ar\/libreria\/producto\/siguiendo-a-cristo-confirmados-ii-y-iii-2\/","url_meta":{"origin":16757,"position":1},"title":"Siguiendo a Cristo Confirmados II y III","author":"admin","date":"07\/02\/2023","format":false,"excerpt":"","rel":"","context":"Entrada similar","block_context":{"text":"Entrada similar","link":""},"img":{"alt_text":"","src":"","width":0,"height":0},"classes":[]},{"id":14704,"url":"https:\/\/libreriaguadalupe.com.ar\/libreria\/producto\/siguiendo-a-cristo-padres-y-padrinos-i-2\/","url_meta":{"origin":16757,"position":2},"title":"Siguiendo a Cristo Padres y padrinos I","author":"admin","date":"07\/02\/2023","format":false,"excerpt":"","rel":"","context":"Entrada similar","block_context":{"text":"Entrada similar","link":""},"img":{"alt_text":"","src":"","width":0,"height":0},"classes":[]},{"id":13100,"url":"https:\/\/libreriaguadalupe.com.ar\/libreria\/producto\/con-jesus-de-nazareth-ser-otros-cristos\/","url_meta":{"origin":16757,"position":3},"title":"Con Jes\u00fas de Nazaret, ser otros Cristos","author":"admin","date":"18\/01\/2023","format":false,"excerpt":"Autor: Antonio Kuri Bre\u00f1a Romero de Terreros ISBN: 8499456058 Dimensiones: 14 x 22 cm P\u00e1ginas: 280","rel":"","context":"Entrada similar","block_context":{"text":"Entrada similar","link":""},"img":{"alt_text":"","src":"https:\/\/i0.wp.com\/libreriaguadalupe.com.ar\/libreria\/wp-content\/uploads\/1674\/33\/1017.jpg?fit=309%2C493&ssl=1&resize=350%2C200","width":350,"height":200},"classes":[]},{"id":15963,"url":"https:\/\/libreriaguadalupe.com.ar\/libreria\/producto\/el-sentido-de-la-vida-e-book\/","url_meta":{"origin":16757,"position":4},"title":"El sentido de la vida (E-BOOK)","author":"admin","date":"12\/02\/2023","format":false,"excerpt":"EDICION DIGITAL AUTOR: Claudio Rizzo ISBN: 9505007882","rel":"","context":"Entrada similar","block_context":{"text":"Entrada similar","link":""},"img":{"alt_text":"","src":"https:\/\/i0.wp.com\/libreriaguadalupe.com.ar\/libreria\/wp-content\/uploads\/2023\/02\/El-sentido-de-la-vida.jpg?fit=304%2C458&ssl=1&resize=350%2C200","width":350,"height":200},"classes":[]},{"id":15936,"url":"https:\/\/libreriaguadalupe.com.ar\/libreria\/producto\/el-sentido-de-la-vida\/","url_meta":{"origin":16757,"position":5},"title":"El sentido de la vida","author":"admin","date":"12\/02\/2023","format":false,"excerpt":"Deseo que cada lector pueda \"ejercitar espiritualmente\" los contenidos del libro que contribuyen a clarificar \"el sentido de la vida\". AUTOR: Claudio Rizzo ISBN: 9505007691","rel":"","context":"Entrada similar","block_context":{"text":"Entrada similar","link":""},"img":{"alt_text":"","src":"https:\/\/i0.wp.com\/libreriaguadalupe.com.ar\/libreria\/wp-content\/uploads\/2023\/02\/El-sentido-de-la-vida.jpg?fit=304%2C458&ssl=1&resize=350%2C200","width":350,"height":200},"classes":[]}],"_links":{"self":[{"href":"https:\/\/libreriaguadalupe.com.ar\/libreria\/wp-json\/wp\/v2\/product\/16757","targetHints":{"allow":["GET"]}}],"collection":[{"href":"https:\/\/libreriaguadalupe.com.ar\/libreria\/wp-json\/wp\/v2\/product"}],"about":[{"href":"https:\/\/libreriaguadalupe.com.ar\/libreria\/wp-json\/wp\/v2\/types\/product"}],"replies":[{"embeddable":true,"href":"https:\/\/libreriaguadalupe.com.ar\/libreria\/wp-json\/wp\/v2\/comments?post=16757"}],"version-history":[{"count":2,"href":"https:\/\/libreriaguadalupe.com.ar\/libreria\/wp-json\/wp\/v2\/product\/16757\/revisions"}],"predecessor-version":[{"id":17865,"href":"https:\/\/libreriaguadalupe.com.ar\/libreria\/wp-json\/wp\/v2\/product\/16757\/revisions\/17865"}],"wp:featuredmedia":[{"embeddable":true,"href":"https:\/\/libreriaguadalupe.com.ar\/libreria\/wp-json\/wp\/v2\/media\/16758"}],"wp:attachment":[{"href":"https:\/\/libreriaguadalupe.com.ar\/libreria\/wp-json\/wp\/v2\/media?parent=16757"}],"wp:term":[{"taxonomy":"product_brand","embeddable":true,"href":"https:\/\/libreriaguadalupe.com.ar\/libreria\/wp-json\/wp\/v2\/product_brand?post=16757"},{"taxonomy":"product_cat","embeddable":true,"href":"https:\/\/libreriaguadalupe.com.ar\/libreria\/wp-json\/wp\/v2\/product_cat?post=16757"},{"taxonomy":"product_tag","embeddable":true,"href":"https:\/\/libreriaguadalupe.com.ar\/libreria\/wp-json\/wp\/v2\/product_tag?post=16757"}],"curies":[{"name":"wp","href":"https:\/\/api.w.org\/{rel}","templated":true}]}}