{"id":16753,"date":"2023-03-20T17:48:22","date_gmt":"2023-03-20T20:48:22","guid":{"rendered":"https:\/\/libreriaguadalupe.com.ar\/libreria\/?post_type=product&#038;p=16753"},"modified":"2026-02-03T09:14:40","modified_gmt":"2026-02-03T12:14:40","slug":"mi-cristo-roto","status":"publish","type":"product","link":"https:\/\/libreriaguadalupe.com.ar\/libreria\/producto\/mi-cristo-roto\/","title":{"rendered":"Mi Cristo Roto"},"content":{"rendered":"<p>Descripci\u00f3n<br \/>\n\u00abEs una charla \u00edntima, sencilla, insignificante\u00bb. As\u00ed comienza el autor este relato conmovedor, entra\u00f1able y profundo. El relato del encuentro del hombre con Cristo. Un Cristo manco, cojo, sin cara, sin cruz. Un Cristo que no quiere ser restaurado porque desea que le prestemos nuestros brazos para encerrar en ellos a todos los hombres, nuestras piernas para que le llevemos por todos los caminos, nuestros ojos para mirar todas las desdichas, nuestros o\u00eddos para escuchar todas las quejas. Un Cristo que no quiere ser restaurado porque quiere que en su rostro veamos todos los rostros, que sobre sus espaldas carguemos todas nuestras cruces. Entremos con el P. Cu\u00e9 en este profundo di\u00e1logo con el peque\u00f1o Cristo roto y dejemos que nos conduzca con \u00e9l por esta visi\u00f3n nueva y al mismo tiempo repetida, del amor insondable de Dios.<\/p>\n","protected":false},"excerpt":{"rendered":"<p><strong>Edici\u00f3n 23<\/strong><\/p>\n<p>Autor: Ram\u00f3n Cu\u00e9<br \/>\nISBN:<br \/>\nDimensiones: 19 x 12 cm<br \/>\nP\u00e1ginas: 144<\/p>\n","protected":false},"featured_media":16754,"comment_status":"open","ping_status":"closed","template":"","meta":{"jetpack_publicize_message":"","jetpack_publicize_feature_enabled":true,"jetpack_social_post_already_shared":true,"jetpack_social_options":{"image_generator_settings":{"template":"highway","default_image_id":0,"font":"","enabled":false},"version":2}},"product_brand":[],"product_cat":[144,88,121],"product_tag":[127],"class_list":{"0":"post-16753","1":"product","2":"type-product","3":"status-publish","4":"has-post-thumbnail","6":"product_cat-especial-pascua","7":"product_cat-espiritualidad-cultura-social","8":"product_cat-guadalupe","9":"product_tag-editorial-guadalupe-de-argentina","11":"first","12":"outofstock","13":"shipping-taxable","14":"purchasable","15":"product-type-simple"},"yoast_head":"<!-- This site is optimized with the Yoast SEO plugin v27.4 - https:\/\/yoast.com\/product\/yoast-seo-wordpress\/ -->\n<title>Mi Cristo Roto - Editorial Guadalupe de Argentina<\/title>\n<meta name=\"description\" content=\"Es una charla \u00edntima, sencilla, insignificante&quot;. As\u00ed comienza el autor este relato conmovedor, entra\u00f1able y profundo. El relato del encuentro del hombre con Cristo. Un Cristo manco, cojo, sin cara, sin cruz\" \/>\n<meta name=\"robots\" content=\"index, follow, max-snippet:-1, max-image-preview:large, max-video-preview:-1\" \/>\n<link rel=\"canonical\" href=\"https:\/\/libreriaguadalupe.com.ar\/libreria\/producto\/mi-cristo-roto\/\" \/>\n<meta property=\"og:locale\" content=\"es_ES\" \/>\n<meta property=\"og:type\" content=\"article\" \/>\n<meta property=\"og:title\" content=\"Mi Cristo Roto - Editorial Guadalupe de Argentina\" \/>\n<meta property=\"og:description\" content=\"Es una charla \u00edntima, sencilla, insignificante&quot;. As\u00ed comienza el autor este relato conmovedor, entra\u00f1able y profundo. El relato del encuentro del hombre con Cristo. Un Cristo manco, cojo, sin cara, sin cruz\" \/>\n<meta property=\"og:url\" content=\"https:\/\/libreriaguadalupe.com.ar\/libreria\/producto\/mi-cristo-roto\/\" \/>\n<meta property=\"og:site_name\" content=\"Editorial Guadalupe de Argentina\" \/>\n<meta property=\"article:publisher\" content=\"https:\/\/www.facebook.com\/LibreriaGuadalupeAR\/\" \/>\n<meta property=\"article:modified_time\" content=\"2026-02-03T12:14:40+00:00\" \/>\n<meta property=\"og:image\" content=\"https:\/\/libreriaguadalupe.com.ar\/libreria\/wp-content\/uploads\/2023\/03\/Mi-cristo-roto-ed23.jpeg\" \/>\n\t<meta property=\"og:image:width\" content=\"347\" \/>\n\t<meta property=\"og:image:height\" content=\"500\" \/>\n\t<meta property=\"og:image:type\" content=\"image\/jpeg\" \/>\n<meta name=\"twitter:card\" content=\"summary_large_image\" \/>\n<meta name=\"twitter:label1\" content=\"Tiempo de lectura\" \/>\n\t<meta name=\"twitter:data1\" content=\"1 minuto\" \/>\n<script type=\"application\/ld+json\" class=\"yoast-schema-graph\">{\"@context\":\"https:\\\/\\\/schema.org\",\"@graph\":[{\"@type\":\"WebPage\",\"@id\":\"https:\\\/\\\/libreriaguadalupe.com.ar\\\/libreria\\\/producto\\\/mi-cristo-roto\\\/\",\"url\":\"https:\\\/\\\/libreriaguadalupe.com.ar\\\/libreria\\\/producto\\\/mi-cristo-roto\\\/\",\"name\":\"Mi Cristo Roto - Editorial Guadalupe de Argentina\",\"isPartOf\":{\"@id\":\"https:\\\/\\\/libreriaguadalupe.com.ar\\\/libreria\\\/#website\"},\"primaryImageOfPage\":{\"@id\":\"https:\\\/\\\/libreriaguadalupe.com.ar\\\/libreria\\\/producto\\\/mi-cristo-roto\\\/#primaryimage\"},\"image\":{\"@id\":\"https:\\\/\\\/libreriaguadalupe.com.ar\\\/libreria\\\/producto\\\/mi-cristo-roto\\\/#primaryimage\"},\"thumbnailUrl\":\"https:\\\/\\\/i0.wp.com\\\/libreriaguadalupe.com.ar\\\/libreria\\\/wp-content\\\/uploads\\\/2023\\\/03\\\/Mi-cristo-roto-ed23.jpeg?fit=347%2C500&ssl=1\",\"datePublished\":\"2023-03-20T20:48:22+00:00\",\"dateModified\":\"2026-02-03T12:14:40+00:00\",\"description\":\"Es una charla \u00edntima, sencilla, insignificante\\\". As\u00ed comienza el autor este relato conmovedor, entra\u00f1able y profundo. El relato del encuentro del hombre con Cristo. Un Cristo manco, cojo, sin cara, sin cruz\",\"breadcrumb\":{\"@id\":\"https:\\\/\\\/libreriaguadalupe.com.ar\\\/libreria\\\/producto\\\/mi-cristo-roto\\\/#breadcrumb\"},\"inLanguage\":\"es\",\"potentialAction\":[{\"@type\":\"ReadAction\",\"target\":[\"https:\\\/\\\/libreriaguadalupe.com.ar\\\/libreria\\\/producto\\\/mi-cristo-roto\\\/\"]}]},{\"@type\":\"ImageObject\",\"inLanguage\":\"es\",\"@id\":\"https:\\\/\\\/libreriaguadalupe.com.ar\\\/libreria\\\/producto\\\/mi-cristo-roto\\\/#primaryimage\",\"url\":\"https:\\\/\\\/i0.wp.com\\\/libreriaguadalupe.com.ar\\\/libreria\\\/wp-content\\\/uploads\\\/2023\\\/03\\\/Mi-cristo-roto-ed23.jpeg?fit=347%2C500&ssl=1\",\"contentUrl\":\"https:\\\/\\\/i0.wp.com\\\/libreriaguadalupe.com.ar\\\/libreria\\\/wp-content\\\/uploads\\\/2023\\\/03\\\/Mi-cristo-roto-ed23.jpeg?fit=347%2C500&ssl=1\",\"width\":347,\"height\":500},{\"@type\":\"BreadcrumbList\",\"@id\":\"https:\\\/\\\/libreriaguadalupe.com.ar\\\/libreria\\\/producto\\\/mi-cristo-roto\\\/#breadcrumb\",\"itemListElement\":[{\"@type\":\"ListItem\",\"position\":1,\"name\":\"Portada\",\"item\":\"https:\\\/\\\/libreriaguadalupe.com.ar\\\/libreria\\\/\"},{\"@type\":\"ListItem\",\"position\":2,\"name\":\"Tienda\",\"item\":\"https:\\\/\\\/libreriaguadalupe.com.ar\\\/libreria\\\/\"},{\"@type\":\"ListItem\",\"position\":3,\"name\":\"Mi Cristo Roto\"}]},{\"@type\":\"WebSite\",\"@id\":\"https:\\\/\\\/libreriaguadalupe.com.ar\\\/libreria\\\/#website\",\"url\":\"https:\\\/\\\/libreriaguadalupe.com.ar\\\/libreria\\\/\",\"name\":\"Editorial Guadalupe de Argentina\",\"description\":\"Congregaci\u00f3n del Verbo Divino\",\"publisher\":{\"@id\":\"https:\\\/\\\/libreriaguadalupe.com.ar\\\/libreria\\\/#organization\"},\"alternateName\":\"Librer\u00eda Guadalupe\",\"potentialAction\":[{\"@type\":\"SearchAction\",\"target\":{\"@type\":\"EntryPoint\",\"urlTemplate\":\"https:\\\/\\\/libreriaguadalupe.com.ar\\\/libreria\\\/?s={search_term_string}\"},\"query-input\":{\"@type\":\"PropertyValueSpecification\",\"valueRequired\":true,\"valueName\":\"search_term_string\"}}],\"inLanguage\":\"es\"},{\"@type\":\"Organization\",\"@id\":\"https:\\\/\\\/libreriaguadalupe.com.ar\\\/libreria\\\/#organization\",\"name\":\"Editorial Guadalupe\",\"alternateName\":\"Librer\u00eda Guadalupe\",\"url\":\"https:\\\/\\\/libreriaguadalupe.com.ar\\\/libreria\\\/\",\"logo\":{\"@type\":\"ImageObject\",\"inLanguage\":\"es\",\"@id\":\"https:\\\/\\\/libreriaguadalupe.com.ar\\\/libreria\\\/#\\\/schema\\\/logo\\\/image\\\/\",\"url\":\"https:\\\/\\\/i0.wp.com\\\/libreriaguadalupe.com.ar\\\/libreria\\\/wp-content\\\/uploads\\\/2023\\\/01\\\/cropped-logo-editorial-guadalupe.webp?fit=500%2C100&ssl=1\",\"contentUrl\":\"https:\\\/\\\/i0.wp.com\\\/libreriaguadalupe.com.ar\\\/libreria\\\/wp-content\\\/uploads\\\/2023\\\/01\\\/cropped-logo-editorial-guadalupe.webp?fit=500%2C100&ssl=1\",\"width\":500,\"height\":100,\"caption\":\"Editorial Guadalupe\"},\"image\":{\"@id\":\"https:\\\/\\\/libreriaguadalupe.com.ar\\\/libreria\\\/#\\\/schema\\\/logo\\\/image\\\/\"},\"sameAs\":[\"https:\\\/\\\/www.facebook.com\\\/LibreriaGuadalupeAR\\\/\",\"https:\\\/\\\/www.instagram.com\\\/editorialguadalupe\\\/\",\"https:\\\/\\\/guadalupeeditorial.mercadoshops.com.ar\\\/\"]}]}<\/script>\n<!-- \/ Yoast SEO plugin. -->","yoast_head_json":{"title":"Mi Cristo Roto - Editorial Guadalupe de Argentina","description":"Es una charla \u00edntima, sencilla, insignificante\". As\u00ed comienza el autor este relato conmovedor, entra\u00f1able y profundo. El relato del encuentro del hombre con Cristo. Un Cristo manco, cojo, sin cara, sin cruz","robots":{"index":"index","follow":"follow","max-snippet":"max-snippet:-1","max-image-preview":"max-image-preview:large","max-video-preview":"max-video-preview:-1"},"canonical":"https:\/\/libreriaguadalupe.com.ar\/libreria\/producto\/mi-cristo-roto\/","og_locale":"es_ES","og_type":"article","og_title":"Mi Cristo Roto - Editorial Guadalupe de Argentina","og_description":"Es una charla \u00edntima, sencilla, insignificante\". As\u00ed comienza el autor este relato conmovedor, entra\u00f1able y profundo. El relato del encuentro del hombre con Cristo. Un Cristo manco, cojo, sin cara, sin cruz","og_url":"https:\/\/libreriaguadalupe.com.ar\/libreria\/producto\/mi-cristo-roto\/","og_site_name":"Editorial Guadalupe de Argentina","article_publisher":"https:\/\/www.facebook.com\/LibreriaGuadalupeAR\/","article_modified_time":"2026-02-03T12:14:40+00:00","og_image":[{"width":347,"height":500,"url":"https:\/\/libreriaguadalupe.com.ar\/libreria\/wp-content\/uploads\/2023\/03\/Mi-cristo-roto-ed23.jpeg","type":"image\/jpeg"}],"twitter_card":"summary_large_image","twitter_misc":{"Tiempo de lectura":"1 minuto"},"schema":{"@context":"https:\/\/schema.org","@graph":[{"@type":"WebPage","@id":"https:\/\/libreriaguadalupe.com.ar\/libreria\/producto\/mi-cristo-roto\/","url":"https:\/\/libreriaguadalupe.com.ar\/libreria\/producto\/mi-cristo-roto\/","name":"Mi Cristo Roto - Editorial Guadalupe de Argentina","isPartOf":{"@id":"https:\/\/libreriaguadalupe.com.ar\/libreria\/#website"},"primaryImageOfPage":{"@id":"https:\/\/libreriaguadalupe.com.ar\/libreria\/producto\/mi-cristo-roto\/#primaryimage"},"image":{"@id":"https:\/\/libreriaguadalupe.com.ar\/libreria\/producto\/mi-cristo-roto\/#primaryimage"},"thumbnailUrl":"https:\/\/i0.wp.com\/libreriaguadalupe.com.ar\/libreria\/wp-content\/uploads\/2023\/03\/Mi-cristo-roto-ed23.jpeg?fit=347%2C500&ssl=1","datePublished":"2023-03-20T20:48:22+00:00","dateModified":"2026-02-03T12:14:40+00:00","description":"Es una charla \u00edntima, sencilla, insignificante\". As\u00ed comienza el autor este relato conmovedor, entra\u00f1able y profundo. El relato del encuentro del hombre con Cristo. Un Cristo manco, cojo, sin cara, sin cruz","breadcrumb":{"@id":"https:\/\/libreriaguadalupe.com.ar\/libreria\/producto\/mi-cristo-roto\/#breadcrumb"},"inLanguage":"es","potentialAction":[{"@type":"ReadAction","target":["https:\/\/libreriaguadalupe.com.ar\/libreria\/producto\/mi-cristo-roto\/"]}]},{"@type":"ImageObject","inLanguage":"es","@id":"https:\/\/libreriaguadalupe.com.ar\/libreria\/producto\/mi-cristo-roto\/#primaryimage","url":"https:\/\/i0.wp.com\/libreriaguadalupe.com.ar\/libreria\/wp-content\/uploads\/2023\/03\/Mi-cristo-roto-ed23.jpeg?fit=347%2C500&ssl=1","contentUrl":"https:\/\/i0.wp.com\/libreriaguadalupe.com.ar\/libreria\/wp-content\/uploads\/2023\/03\/Mi-cristo-roto-ed23.jpeg?fit=347%2C500&ssl=1","width":347,"height":500},{"@type":"BreadcrumbList","@id":"https:\/\/libreriaguadalupe.com.ar\/libreria\/producto\/mi-cristo-roto\/#breadcrumb","itemListElement":[{"@type":"ListItem","position":1,"name":"Portada","item":"https:\/\/libreriaguadalupe.com.ar\/libreria\/"},{"@type":"ListItem","position":2,"name":"Tienda","item":"https:\/\/libreriaguadalupe.com.ar\/libreria\/"},{"@type":"ListItem","position":3,"name":"Mi Cristo Roto"}]},{"@type":"WebSite","@id":"https:\/\/libreriaguadalupe.com.ar\/libreria\/#website","url":"https:\/\/libreriaguadalupe.com.ar\/libreria\/","name":"Editorial Guadalupe de Argentina","description":"Congregaci\u00f3n del Verbo Divino","publisher":{"@id":"https:\/\/libreriaguadalupe.com.ar\/libreria\/#organization"},"alternateName":"Librer\u00eda Guadalupe","potentialAction":[{"@type":"SearchAction","target":{"@type":"EntryPoint","urlTemplate":"https:\/\/libreriaguadalupe.com.ar\/libreria\/?s={search_term_string}"},"query-input":{"@type":"PropertyValueSpecification","valueRequired":true,"valueName":"search_term_string"}}],"inLanguage":"es"},{"@type":"Organization","@id":"https:\/\/libreriaguadalupe.com.ar\/libreria\/#organization","name":"Editorial Guadalupe","alternateName":"Librer\u00eda Guadalupe","url":"https:\/\/libreriaguadalupe.com.ar\/libreria\/","logo":{"@type":"ImageObject","inLanguage":"es","@id":"https:\/\/libreriaguadalupe.com.ar\/libreria\/#\/schema\/logo\/image\/","url":"https:\/\/i0.wp.com\/libreriaguadalupe.com.ar\/libreria\/wp-content\/uploads\/2023\/01\/cropped-logo-editorial-guadalupe.webp?fit=500%2C100&ssl=1","contentUrl":"https:\/\/i0.wp.com\/libreriaguadalupe.com.ar\/libreria\/wp-content\/uploads\/2023\/01\/cropped-logo-editorial-guadalupe.webp?fit=500%2C100&ssl=1","width":500,"height":100,"caption":"Editorial Guadalupe"},"image":{"@id":"https:\/\/libreriaguadalupe.com.ar\/libreria\/#\/schema\/logo\/image\/"},"sameAs":["https:\/\/www.facebook.com\/LibreriaGuadalupeAR\/","https:\/\/www.instagram.com\/editorialguadalupe\/","https:\/\/guadalupeeditorial.mercadoshops.com.ar\/"]}]}},"jetpack_publicize_connections":[],"jetpack_sharing_enabled":true,"jetpack-related-posts":[{"id":16757,"url":"https:\/\/libreriaguadalupe.com.ar\/libreria\/producto\/mi-cristo-roto-de-casa-en-casa\/","url_meta":{"origin":16753,"position":0},"title":"Mi Cristo Roto De Casa En Casa","author":"admin","date":"20\/03\/2023","format":false,"excerpt":"Autor: Ram\u00f3n Cu\u00e9 ISBN: 9505003549 Dimensiones: 19 x 12 cm P\u00e1ginas: 162","rel":"","context":"Entrada similar","block_context":{"text":"Entrada similar","link":""},"img":{"alt_text":"","src":"https:\/\/i0.wp.com\/libreriaguadalupe.com.ar\/libreria\/wp-content\/uploads\/2023\/03\/Mi-Cristo-Roto-De-Casa-En-Casa.jpeg?fit=344%2C500&ssl=1&resize=350%2C200","width":350,"height":200},"classes":[]},{"id":15995,"url":"https:\/\/libreriaguadalupe.com.ar\/libreria\/producto\/de-tarso-a-roma\/","url_meta":{"origin":16753,"position":1},"title":"De Tarso a Roma","author":"admin","date":"12\/02\/2023","format":false,"excerpt":"AUTOR: JOSE DANIEL BLANCHOUD ISBN: 9505007844","rel":"","context":"Entrada similar","block_context":{"text":"Entrada similar","link":""},"img":{"alt_text":"","src":"https:\/\/i0.wp.com\/libreriaguadalupe.com.ar\/libreria\/wp-content\/uploads\/2023\/02\/De-Tarso-a-Roma.webp?fit=342%2C500&ssl=1&resize=350%2C200","width":350,"height":200},"classes":[]},{"id":17211,"url":"https:\/\/libreriaguadalupe.com.ar\/libreria\/producto\/tentaciones-en-el-seguimiento-de-cristo\/","url_meta":{"origin":16753,"position":2},"title":"Tentaciones en el seguimiento de Cristo","author":"admin","date":"04\/04\/2023","format":false,"excerpt":"Autor: Domingo J. Montero Carri\u00f3n ISBN: 8490738559 Dimensiones: 12 x 19 cm P\u00e1ginas: 148","rel":"","context":"Entrada similar","block_context":{"text":"Entrada similar","link":""},"img":{"alt_text":"","src":"https:\/\/i0.wp.com\/libreriaguadalupe.com.ar\/libreria\/wp-content\/uploads\/2023\/04\/Tentaciones-en-el-seguimiento-de-Cristo.jpg?fit=380%2C586&ssl=1&resize=350%2C200","width":350,"height":200},"classes":[]},{"id":13100,"url":"https:\/\/libreriaguadalupe.com.ar\/libreria\/producto\/con-jesus-de-nazareth-ser-otros-cristos\/","url_meta":{"origin":16753,"position":3},"title":"Con Jes\u00fas de Nazaret, ser otros Cristos","author":"admin","date":"18\/01\/2023","format":false,"excerpt":"Autor: Antonio Kuri Bre\u00f1a Romero de Terreros ISBN: 8499456058 Dimensiones: 14 x 22 cm P\u00e1ginas: 280","rel":"","context":"Entrada similar","block_context":{"text":"Entrada similar","link":""},"img":{"alt_text":"","src":"https:\/\/i0.wp.com\/libreriaguadalupe.com.ar\/libreria\/wp-content\/uploads\/1674\/33\/1017.jpg?fit=309%2C493&ssl=1&resize=350%2C200","width":350,"height":200},"classes":[]},{"id":15505,"url":"https:\/\/libreriaguadalupe.com.ar\/libreria\/producto\/trinidad-universo-persona-teologia-en-cosmovision-evolutiva-2\/","url_meta":{"origin":16753,"position":4},"title":"Trinidad, universo, persona","author":"admin","date":"07\/02\/2023","format":false,"excerpt":"Teolog\u00eda en cosmovisi\u00f3n evolutiva AUTOR: EVD ISBN: 8490730188","rel":"","context":"Entrada similar","block_context":{"text":"Entrada similar","link":""},"img":{"alt_text":"","src":"https:\/\/i0.wp.com\/libreriaguadalupe.com.ar\/libreria\/wp-content\/uploads\/2023\/02\/Trinidad-universo-persona.jpg?fit=380%2C586&ssl=1&resize=350%2C200","width":350,"height":200},"classes":[]},{"id":15822,"url":"https:\/\/libreriaguadalupe.com.ar\/libreria\/producto\/diccionario-de-los-santos\/","url_meta":{"origin":16753,"position":5},"title":"Diccionario de los santos","author":"admin","date":"11\/02\/2023","format":false,"excerpt":"Autor: Mar\u00eda del Carmen Astruga P\u00e9rez, Pedro Rodr\u00edguez Santidri\u00e1n ISBN: 8481691016 Dimensiones: 15 x 22 cm P\u00e1ginas: 126","rel":"","context":"Entrada similar","block_context":{"text":"Entrada similar","link":""},"img":{"alt_text":"","src":"https:\/\/i0.wp.com\/libreriaguadalupe.com.ar\/libreria\/wp-content\/uploads\/2023\/02\/Diccionario-de-los-santos.jpg?fit=380%2C586&ssl=1&resize=350%2C200","width":350,"height":200},"classes":[]}],"_links":{"self":[{"href":"https:\/\/libreriaguadalupe.com.ar\/libreria\/wp-json\/wp\/v2\/product\/16753","targetHints":{"allow":["GET"]}}],"collection":[{"href":"https:\/\/libreriaguadalupe.com.ar\/libreria\/wp-json\/wp\/v2\/product"}],"about":[{"href":"https:\/\/libreriaguadalupe.com.ar\/libreria\/wp-json\/wp\/v2\/types\/product"}],"replies":[{"embeddable":true,"href":"https:\/\/libreriaguadalupe.com.ar\/libreria\/wp-json\/wp\/v2\/comments?post=16753"}],"version-history":[{"count":1,"href":"https:\/\/libreriaguadalupe.com.ar\/libreria\/wp-json\/wp\/v2\/product\/16753\/revisions"}],"predecessor-version":[{"id":16756,"href":"https:\/\/libreriaguadalupe.com.ar\/libreria\/wp-json\/wp\/v2\/product\/16753\/revisions\/16756"}],"wp:featuredmedia":[{"embeddable":true,"href":"https:\/\/libreriaguadalupe.com.ar\/libreria\/wp-json\/wp\/v2\/media\/16754"}],"wp:attachment":[{"href":"https:\/\/libreriaguadalupe.com.ar\/libreria\/wp-json\/wp\/v2\/media?parent=16753"}],"wp:term":[{"taxonomy":"product_brand","embeddable":true,"href":"https:\/\/libreriaguadalupe.com.ar\/libreria\/wp-json\/wp\/v2\/product_brand?post=16753"},{"taxonomy":"product_cat","embeddable":true,"href":"https:\/\/libreriaguadalupe.com.ar\/libreria\/wp-json\/wp\/v2\/product_cat?post=16753"},{"taxonomy":"product_tag","embeddable":true,"href":"https:\/\/libreriaguadalupe.com.ar\/libreria\/wp-json\/wp\/v2\/product_tag?post=16753"}],"curies":[{"name":"wp","href":"https:\/\/api.w.org\/{rel}","templated":true}]}}