{"id":16749,"date":"2023-03-20T17:43:02","date_gmt":"2023-03-20T20:43:02","guid":{"rendered":"https:\/\/libreriaguadalupe.com.ar\/libreria\/?post_type=product&#038;p=16749"},"modified":"2025-08-06T09:29:25","modified_gmt":"2025-08-06T12:29:25","slug":"las-siete-palabras","status":"publish","type":"product","link":"https:\/\/libreriaguadalupe.com.ar\/libreria\/producto\/las-siete-palabras\/","title":{"rendered":"Las Siete Palabras"},"content":{"rendered":"<p>Descripci\u00f3n<br \/>\nSon las \u00faltimas palabras de un moribundo. M\u00e1s que palabras son balbuceos, suspiros desde la agon\u00eda. Fueron siete frases breves, en ellas se sintetiza toda la vida y la misi\u00f3n de Jes\u00fas. Fueron palabras dirigidas a los pecadores, los ladrones, la seguridad en el Padre. Palabras de ternura a Mar\u00eda, su madre. Palabras que reafirman el cumplimiento de la tarea, del abandono a la voluntad de Dios, a\u00fan sin comprenderla. Palabras de sed, cuando \u00c9l mismo se proclam\u00f3 la fuente de agua para la vida eterna.<br \/>\nEl autor las recoge a lo largo de los Evangelios, en un solo racimo, para saborearlas luego, una por una. Son el testamento de Jes\u00fas que nos transmite la vida. Jam\u00e1s pasar\u00e1n. Habla, Se\u00f1or. Te escuchamos. La palabra que Dios nos pronuncia en Jes\u00fas, no nos puede dejar indiferentes. Es para tomar posturas y asumir responsabilidades. Este libro es para ayudarnos a meditar en profundidad y a comprometernos en la acci\u00f3n.<\/p>\n","protected":false},"excerpt":{"rendered":"<p>Autor: Ram\u00f3n Cu\u00e9<br \/>\nISBN: 9505005215<br \/>\nDimensiones: 19 x 12 cm<br \/>\nP\u00e1ginas: 112<\/p>\n","protected":false},"featured_media":16750,"comment_status":"open","ping_status":"closed","template":"","meta":{"jetpack_publicize_message":"","jetpack_publicize_feature_enabled":true,"jetpack_social_post_already_shared":true,"jetpack_social_options":{"image_generator_settings":{"template":"highway","default_image_id":0,"font":"","enabled":false},"version":2}},"product_brand":[],"product_cat":[144,88,121],"product_tag":[127],"class_list":{"0":"post-16749","1":"product","2":"type-product","3":"status-publish","4":"has-post-thumbnail","6":"product_cat-especial-pascua","7":"product_cat-espiritualidad-cultura-social","8":"product_cat-guadalupe","9":"product_tag-editorial-guadalupe-de-argentina","11":"first","12":"instock","13":"shipping-taxable","14":"purchasable","15":"product-type-simple"},"yoast_head":"<!-- This site is optimized with the Yoast SEO plugin v27.4 - https:\/\/yoast.com\/product\/yoast-seo-wordpress\/ -->\n<title>Las Siete Palabras - Editorial Guadalupe de Argentina<\/title>\n<meta name=\"description\" content=\"Son las \u00faltimas palabras de un moribundo. M\u00e1s que palabras son balbuceos, suspiros desde la agon\u00eda. Fueron siete frases breves, en ellas se sintetiza toda la vida y la misi\u00f3n de Jes\u00fas.\" \/>\n<meta name=\"robots\" content=\"index, follow, max-snippet:-1, max-image-preview:large, max-video-preview:-1\" \/>\n<link rel=\"canonical\" href=\"https:\/\/libreriaguadalupe.com.ar\/libreria\/producto\/las-siete-palabras\/\" \/>\n<meta property=\"og:locale\" content=\"es_ES\" \/>\n<meta property=\"og:type\" content=\"article\" \/>\n<meta property=\"og:title\" content=\"Las Siete Palabras - Editorial Guadalupe de Argentina\" \/>\n<meta property=\"og:description\" content=\"Son las \u00faltimas palabras de un moribundo. M\u00e1s que palabras son balbuceos, suspiros desde la agon\u00eda. Fueron siete frases breves, en ellas se sintetiza toda la vida y la misi\u00f3n de Jes\u00fas.\" \/>\n<meta property=\"og:url\" content=\"https:\/\/libreriaguadalupe.com.ar\/libreria\/producto\/las-siete-palabras\/\" \/>\n<meta property=\"og:site_name\" content=\"Editorial Guadalupe de Argentina\" \/>\n<meta property=\"article:publisher\" content=\"https:\/\/www.facebook.com\/LibreriaGuadalupeAR\/\" \/>\n<meta property=\"article:modified_time\" content=\"2025-08-06T12:29:25+00:00\" \/>\n<meta property=\"og:image\" content=\"https:\/\/libreriaguadalupe.com.ar\/libreria\/wp-content\/uploads\/2023\/03\/Las-siete-palabras.jpg\" \/>\n\t<meta property=\"og:image:width\" content=\"467\" \/>\n\t<meta property=\"og:image:height\" content=\"794\" \/>\n\t<meta property=\"og:image:type\" content=\"image\/jpeg\" \/>\n<meta name=\"twitter:card\" content=\"summary_large_image\" \/>\n<meta name=\"twitter:label1\" content=\"Tiempo de lectura\" \/>\n\t<meta name=\"twitter:data1\" content=\"1 minuto\" \/>\n<script type=\"application\/ld+json\" class=\"yoast-schema-graph\">{\"@context\":\"https:\\\/\\\/schema.org\",\"@graph\":[{\"@type\":\"WebPage\",\"@id\":\"https:\\\/\\\/libreriaguadalupe.com.ar\\\/libreria\\\/producto\\\/las-siete-palabras\\\/\",\"url\":\"https:\\\/\\\/libreriaguadalupe.com.ar\\\/libreria\\\/producto\\\/las-siete-palabras\\\/\",\"name\":\"Las Siete Palabras - Editorial Guadalupe de Argentina\",\"isPartOf\":{\"@id\":\"https:\\\/\\\/libreriaguadalupe.com.ar\\\/libreria\\\/#website\"},\"primaryImageOfPage\":{\"@id\":\"https:\\\/\\\/libreriaguadalupe.com.ar\\\/libreria\\\/producto\\\/las-siete-palabras\\\/#primaryimage\"},\"image\":{\"@id\":\"https:\\\/\\\/libreriaguadalupe.com.ar\\\/libreria\\\/producto\\\/las-siete-palabras\\\/#primaryimage\"},\"thumbnailUrl\":\"https:\\\/\\\/i0.wp.com\\\/libreriaguadalupe.com.ar\\\/libreria\\\/wp-content\\\/uploads\\\/2023\\\/03\\\/Las-siete-palabras.jpg?fit=467%2C794&ssl=1\",\"datePublished\":\"2023-03-20T20:43:02+00:00\",\"dateModified\":\"2025-08-06T12:29:25+00:00\",\"description\":\"Son las \u00faltimas palabras de un moribundo. M\u00e1s que palabras son balbuceos, suspiros desde la agon\u00eda. Fueron siete frases breves, en ellas se sintetiza toda la vida y la misi\u00f3n de Jes\u00fas.\",\"breadcrumb\":{\"@id\":\"https:\\\/\\\/libreriaguadalupe.com.ar\\\/libreria\\\/producto\\\/las-siete-palabras\\\/#breadcrumb\"},\"inLanguage\":\"es\",\"potentialAction\":[{\"@type\":\"ReadAction\",\"target\":[\"https:\\\/\\\/libreriaguadalupe.com.ar\\\/libreria\\\/producto\\\/las-siete-palabras\\\/\"]}]},{\"@type\":\"ImageObject\",\"inLanguage\":\"es\",\"@id\":\"https:\\\/\\\/libreriaguadalupe.com.ar\\\/libreria\\\/producto\\\/las-siete-palabras\\\/#primaryimage\",\"url\":\"https:\\\/\\\/i0.wp.com\\\/libreriaguadalupe.com.ar\\\/libreria\\\/wp-content\\\/uploads\\\/2023\\\/03\\\/Las-siete-palabras.jpg?fit=467%2C794&ssl=1\",\"contentUrl\":\"https:\\\/\\\/i0.wp.com\\\/libreriaguadalupe.com.ar\\\/libreria\\\/wp-content\\\/uploads\\\/2023\\\/03\\\/Las-siete-palabras.jpg?fit=467%2C794&ssl=1\",\"width\":467,\"height\":794},{\"@type\":\"BreadcrumbList\",\"@id\":\"https:\\\/\\\/libreriaguadalupe.com.ar\\\/libreria\\\/producto\\\/las-siete-palabras\\\/#breadcrumb\",\"itemListElement\":[{\"@type\":\"ListItem\",\"position\":1,\"name\":\"Portada\",\"item\":\"https:\\\/\\\/libreriaguadalupe.com.ar\\\/libreria\\\/\"},{\"@type\":\"ListItem\",\"position\":2,\"name\":\"Tienda\",\"item\":\"https:\\\/\\\/libreriaguadalupe.com.ar\\\/libreria\\\/\"},{\"@type\":\"ListItem\",\"position\":3,\"name\":\"Las Siete Palabras\"}]},{\"@type\":\"WebSite\",\"@id\":\"https:\\\/\\\/libreriaguadalupe.com.ar\\\/libreria\\\/#website\",\"url\":\"https:\\\/\\\/libreriaguadalupe.com.ar\\\/libreria\\\/\",\"name\":\"Editorial Guadalupe de Argentina\",\"description\":\"Congregaci\u00f3n del Verbo Divino\",\"publisher\":{\"@id\":\"https:\\\/\\\/libreriaguadalupe.com.ar\\\/libreria\\\/#organization\"},\"alternateName\":\"Librer\u00eda Guadalupe\",\"potentialAction\":[{\"@type\":\"SearchAction\",\"target\":{\"@type\":\"EntryPoint\",\"urlTemplate\":\"https:\\\/\\\/libreriaguadalupe.com.ar\\\/libreria\\\/?s={search_term_string}\"},\"query-input\":{\"@type\":\"PropertyValueSpecification\",\"valueRequired\":true,\"valueName\":\"search_term_string\"}}],\"inLanguage\":\"es\"},{\"@type\":\"Organization\",\"@id\":\"https:\\\/\\\/libreriaguadalupe.com.ar\\\/libreria\\\/#organization\",\"name\":\"Editorial Guadalupe\",\"alternateName\":\"Librer\u00eda Guadalupe\",\"url\":\"https:\\\/\\\/libreriaguadalupe.com.ar\\\/libreria\\\/\",\"logo\":{\"@type\":\"ImageObject\",\"inLanguage\":\"es\",\"@id\":\"https:\\\/\\\/libreriaguadalupe.com.ar\\\/libreria\\\/#\\\/schema\\\/logo\\\/image\\\/\",\"url\":\"https:\\\/\\\/i0.wp.com\\\/libreriaguadalupe.com.ar\\\/libreria\\\/wp-content\\\/uploads\\\/2023\\\/01\\\/cropped-logo-editorial-guadalupe.webp?fit=500%2C100&ssl=1\",\"contentUrl\":\"https:\\\/\\\/i0.wp.com\\\/libreriaguadalupe.com.ar\\\/libreria\\\/wp-content\\\/uploads\\\/2023\\\/01\\\/cropped-logo-editorial-guadalupe.webp?fit=500%2C100&ssl=1\",\"width\":500,\"height\":100,\"caption\":\"Editorial Guadalupe\"},\"image\":{\"@id\":\"https:\\\/\\\/libreriaguadalupe.com.ar\\\/libreria\\\/#\\\/schema\\\/logo\\\/image\\\/\"},\"sameAs\":[\"https:\\\/\\\/www.facebook.com\\\/LibreriaGuadalupeAR\\\/\",\"https:\\\/\\\/www.instagram.com\\\/editorialguadalupe\\\/\",\"https:\\\/\\\/guadalupeeditorial.mercadoshops.com.ar\\\/\"]}]}<\/script>\n<!-- \/ Yoast SEO plugin. -->","yoast_head_json":{"title":"Las Siete Palabras - Editorial Guadalupe de Argentina","description":"Son las \u00faltimas palabras de un moribundo. M\u00e1s que palabras son balbuceos, suspiros desde la agon\u00eda. Fueron siete frases breves, en ellas se sintetiza toda la vida y la misi\u00f3n de Jes\u00fas.","robots":{"index":"index","follow":"follow","max-snippet":"max-snippet:-1","max-image-preview":"max-image-preview:large","max-video-preview":"max-video-preview:-1"},"canonical":"https:\/\/libreriaguadalupe.com.ar\/libreria\/producto\/las-siete-palabras\/","og_locale":"es_ES","og_type":"article","og_title":"Las Siete Palabras - Editorial Guadalupe de Argentina","og_description":"Son las \u00faltimas palabras de un moribundo. M\u00e1s que palabras son balbuceos, suspiros desde la agon\u00eda. Fueron siete frases breves, en ellas se sintetiza toda la vida y la misi\u00f3n de Jes\u00fas.","og_url":"https:\/\/libreriaguadalupe.com.ar\/libreria\/producto\/las-siete-palabras\/","og_site_name":"Editorial Guadalupe de Argentina","article_publisher":"https:\/\/www.facebook.com\/LibreriaGuadalupeAR\/","article_modified_time":"2025-08-06T12:29:25+00:00","og_image":[{"width":467,"height":794,"url":"https:\/\/libreriaguadalupe.com.ar\/libreria\/wp-content\/uploads\/2023\/03\/Las-siete-palabras.jpg","type":"image\/jpeg"}],"twitter_card":"summary_large_image","twitter_misc":{"Tiempo de lectura":"1 minuto"},"schema":{"@context":"https:\/\/schema.org","@graph":[{"@type":"WebPage","@id":"https:\/\/libreriaguadalupe.com.ar\/libreria\/producto\/las-siete-palabras\/","url":"https:\/\/libreriaguadalupe.com.ar\/libreria\/producto\/las-siete-palabras\/","name":"Las Siete Palabras - Editorial Guadalupe de Argentina","isPartOf":{"@id":"https:\/\/libreriaguadalupe.com.ar\/libreria\/#website"},"primaryImageOfPage":{"@id":"https:\/\/libreriaguadalupe.com.ar\/libreria\/producto\/las-siete-palabras\/#primaryimage"},"image":{"@id":"https:\/\/libreriaguadalupe.com.ar\/libreria\/producto\/las-siete-palabras\/#primaryimage"},"thumbnailUrl":"https:\/\/i0.wp.com\/libreriaguadalupe.com.ar\/libreria\/wp-content\/uploads\/2023\/03\/Las-siete-palabras.jpg?fit=467%2C794&ssl=1","datePublished":"2023-03-20T20:43:02+00:00","dateModified":"2025-08-06T12:29:25+00:00","description":"Son las \u00faltimas palabras de un moribundo. M\u00e1s que palabras son balbuceos, suspiros desde la agon\u00eda. Fueron siete frases breves, en ellas se sintetiza toda la vida y la misi\u00f3n de Jes\u00fas.","breadcrumb":{"@id":"https:\/\/libreriaguadalupe.com.ar\/libreria\/producto\/las-siete-palabras\/#breadcrumb"},"inLanguage":"es","potentialAction":[{"@type":"ReadAction","target":["https:\/\/libreriaguadalupe.com.ar\/libreria\/producto\/las-siete-palabras\/"]}]},{"@type":"ImageObject","inLanguage":"es","@id":"https:\/\/libreriaguadalupe.com.ar\/libreria\/producto\/las-siete-palabras\/#primaryimage","url":"https:\/\/i0.wp.com\/libreriaguadalupe.com.ar\/libreria\/wp-content\/uploads\/2023\/03\/Las-siete-palabras.jpg?fit=467%2C794&ssl=1","contentUrl":"https:\/\/i0.wp.com\/libreriaguadalupe.com.ar\/libreria\/wp-content\/uploads\/2023\/03\/Las-siete-palabras.jpg?fit=467%2C794&ssl=1","width":467,"height":794},{"@type":"BreadcrumbList","@id":"https:\/\/libreriaguadalupe.com.ar\/libreria\/producto\/las-siete-palabras\/#breadcrumb","itemListElement":[{"@type":"ListItem","position":1,"name":"Portada","item":"https:\/\/libreriaguadalupe.com.ar\/libreria\/"},{"@type":"ListItem","position":2,"name":"Tienda","item":"https:\/\/libreriaguadalupe.com.ar\/libreria\/"},{"@type":"ListItem","position":3,"name":"Las Siete Palabras"}]},{"@type":"WebSite","@id":"https:\/\/libreriaguadalupe.com.ar\/libreria\/#website","url":"https:\/\/libreriaguadalupe.com.ar\/libreria\/","name":"Editorial Guadalupe de Argentina","description":"Congregaci\u00f3n del Verbo Divino","publisher":{"@id":"https:\/\/libreriaguadalupe.com.ar\/libreria\/#organization"},"alternateName":"Librer\u00eda Guadalupe","potentialAction":[{"@type":"SearchAction","target":{"@type":"EntryPoint","urlTemplate":"https:\/\/libreriaguadalupe.com.ar\/libreria\/?s={search_term_string}"},"query-input":{"@type":"PropertyValueSpecification","valueRequired":true,"valueName":"search_term_string"}}],"inLanguage":"es"},{"@type":"Organization","@id":"https:\/\/libreriaguadalupe.com.ar\/libreria\/#organization","name":"Editorial Guadalupe","alternateName":"Librer\u00eda Guadalupe","url":"https:\/\/libreriaguadalupe.com.ar\/libreria\/","logo":{"@type":"ImageObject","inLanguage":"es","@id":"https:\/\/libreriaguadalupe.com.ar\/libreria\/#\/schema\/logo\/image\/","url":"https:\/\/i0.wp.com\/libreriaguadalupe.com.ar\/libreria\/wp-content\/uploads\/2023\/01\/cropped-logo-editorial-guadalupe.webp?fit=500%2C100&ssl=1","contentUrl":"https:\/\/i0.wp.com\/libreriaguadalupe.com.ar\/libreria\/wp-content\/uploads\/2023\/01\/cropped-logo-editorial-guadalupe.webp?fit=500%2C100&ssl=1","width":500,"height":100,"caption":"Editorial Guadalupe"},"image":{"@id":"https:\/\/libreriaguadalupe.com.ar\/libreria\/#\/schema\/logo\/image\/"},"sameAs":["https:\/\/www.facebook.com\/LibreriaGuadalupeAR\/","https:\/\/www.instagram.com\/editorialguadalupe\/","https:\/\/guadalupeeditorial.mercadoshops.com.ar\/"]}]}},"jetpack_publicize_connections":[],"jetpack_sharing_enabled":true,"jetpack-related-posts":[{"id":17905,"url":"https:\/\/libreriaguadalupe.com.ar\/libreria\/producto\/andando-junto-a-jesus-el-galileo\/","url_meta":{"origin":16749,"position":0},"title":"Andando junto a Jes\u00fas el Galileo","author":"admin","date":"14\/03\/2024","format":false,"excerpt":"Curso B\u00edblico Popular Autor: Adriana Roman\u00edn, Mar\u00eda Cristina Macci\u00f3 y Marc van der Post ISBN: 978-950-500-906-0 Dimensiones: 15 x 22 cm P\u00e1ginas: 122","rel":"","context":"Entrada similar","block_context":{"text":"Entrada similar","link":""},"img":{"alt_text":"","src":"https:\/\/i0.wp.com\/libreriaguadalupe.com.ar\/libreria\/wp-content\/uploads\/2024\/03\/MES-DE-LA-BIBLIA-2024-guada4.jpg?fit=470%2C470&ssl=1&resize=350%2C200","width":350,"height":200},"classes":[]},{"id":16845,"url":"https:\/\/libreriaguadalupe.com.ar\/libreria\/producto\/a-la-escucha-de-la-palabra\/","url_meta":{"origin":16749,"position":1},"title":"A LA ESCUCHA DE LA PALABRA","author":"admin","date":"22\/03\/2023","format":false,"excerpt":"Panor\u00e1mica b\u00edblica para la lectio divina y la catequesis Autor: Francesc Ramis Darder ISBN: 9505008858 Dimensiones: 16 x 24 cm P\u00e1ginas: 192","rel":"","context":"Entrada similar","block_context":{"text":"Entrada similar","link":""},"img":{"alt_text":"","src":"https:\/\/i0.wp.com\/libreriaguadalupe.com.ar\/libreria\/wp-content\/uploads\/2023\/03\/A-LA-ESCUCHA-DE-LA-PALABRA.jpg?fit=380%2C586&ssl=1&resize=350%2C200","width":350,"height":200},"classes":[]},{"id":17508,"url":"https:\/\/libreriaguadalupe.com.ar\/libreria\/producto\/hacia-el-centro-del-centro\/","url_meta":{"origin":16749,"position":2},"title":"Hacia el Centro del centro","author":"admin","date":"26\/09\/2023","format":false,"excerpt":"Ejercicios de contemplaci\u00f3n en la vida diaria de la mano de Teresa de Jes\u00fas y Francisco Jalics \u00a0 Autora: VALERIA ALEJANDRA REICHLER ISBN: 978-950-500-905-3 Dimensiones: 16 x 23 cm P\u00e1ginas: 244","rel":"","context":"Entrada similar","block_context":{"text":"Entrada similar","link":""},"img":{"alt_text":"","src":"https:\/\/i0.wp.com\/libreriaguadalupe.com.ar\/libreria\/wp-content\/uploads\/2023\/09\/Hacia-el-centro-del-centro.png?fit=470%2C712&ssl=1&resize=350%2C200","width":350,"height":200},"classes":[]},{"id":18148,"url":"https:\/\/libreriaguadalupe.com.ar\/libreria\/producto\/el-amor-salva\/","url_meta":{"origin":16749,"position":3},"title":"El amor salva","author":"admin","date":"10\/07\/2024","format":false,"excerpt":"Rosario por los j\u00f3venes Autor: ESTER AURELIA ESCUDERO ISBN: 978-950-500-927-5 Dimensiones: 14 x 20 cm P\u00e1ginas: 32","rel":"","context":"Entrada similar","block_context":{"text":"Entrada similar","link":""},"img":{"alt_text":"","src":"https:\/\/i0.wp.com\/libreriaguadalupe.com.ar\/libreria\/wp-content\/uploads\/2024\/07\/NOVEDAD-TIENDA-JULIO.jpg?fit=470%2C470&ssl=1&resize=350%2C200","width":350,"height":200},"classes":[]},{"id":17457,"url":"https:\/\/libreriaguadalupe.com.ar\/libreria\/producto\/como-leer-la-biblia\/","url_meta":{"origin":16749,"position":4},"title":"\u00bfC\u00f3mo leer la Biblia?","author":"admin","date":"23\/08\/2023","format":false,"excerpt":"\u00a0 Autores: P. Patricio Etchepareborda y P. Juan Pablo Ballesteros ISBN: 978-950-500-901-5 Dimensiones: 14 x 22 cm P\u00e1ginas: 60","rel":"","context":"Entrada similar","block_context":{"text":"Entrada similar","link":""},"img":{"alt_text":"","src":"https:\/\/i0.wp.com\/libreriaguadalupe.com.ar\/libreria\/wp-content\/uploads\/2023\/08\/Como-leer-la-biblia.png?fit=470%2C712&ssl=1&resize=350%2C200","width":350,"height":200},"classes":[]},{"id":13108,"url":"https:\/\/libreriaguadalupe.com.ar\/libreria\/producto\/saboreando-la-palabra\/","url_meta":{"origin":16749,"position":5},"title":"Saboreando la Palabra","author":"admin","date":"18\/01\/2023","format":false,"excerpt":"Sobre la lectura orante o creyente. Autor: Calduch-Benages ISBN: 8499452371 Dimensiones: 14 x 21 cm P\u00e1ginas: 120","rel":"","context":"Entrada similar","block_context":{"text":"Entrada similar","link":""},"img":{"alt_text":"","src":"https:\/\/i0.wp.com\/libreriaguadalupe.com.ar\/libreria\/wp-content\/uploads\/2023\/01\/Saboreando-la-Palabra.jpg?fit=380%2C586&ssl=1&resize=350%2C200","width":350,"height":200},"classes":[]}],"_links":{"self":[{"href":"https:\/\/libreriaguadalupe.com.ar\/libreria\/wp-json\/wp\/v2\/product\/16749","targetHints":{"allow":["GET"]}}],"collection":[{"href":"https:\/\/libreriaguadalupe.com.ar\/libreria\/wp-json\/wp\/v2\/product"}],"about":[{"href":"https:\/\/libreriaguadalupe.com.ar\/libreria\/wp-json\/wp\/v2\/types\/product"}],"replies":[{"embeddable":true,"href":"https:\/\/libreriaguadalupe.com.ar\/libreria\/wp-json\/wp\/v2\/comments?post=16749"}],"version-history":[{"count":1,"href":"https:\/\/libreriaguadalupe.com.ar\/libreria\/wp-json\/wp\/v2\/product\/16749\/revisions"}],"predecessor-version":[{"id":16752,"href":"https:\/\/libreriaguadalupe.com.ar\/libreria\/wp-json\/wp\/v2\/product\/16749\/revisions\/16752"}],"wp:featuredmedia":[{"embeddable":true,"href":"https:\/\/libreriaguadalupe.com.ar\/libreria\/wp-json\/wp\/v2\/media\/16750"}],"wp:attachment":[{"href":"https:\/\/libreriaguadalupe.com.ar\/libreria\/wp-json\/wp\/v2\/media?parent=16749"}],"wp:term":[{"taxonomy":"product_brand","embeddable":true,"href":"https:\/\/libreriaguadalupe.com.ar\/libreria\/wp-json\/wp\/v2\/product_brand?post=16749"},{"taxonomy":"product_cat","embeddable":true,"href":"https:\/\/libreriaguadalupe.com.ar\/libreria\/wp-json\/wp\/v2\/product_cat?post=16749"},{"taxonomy":"product_tag","embeddable":true,"href":"https:\/\/libreriaguadalupe.com.ar\/libreria\/wp-json\/wp\/v2\/product_tag?post=16749"}],"curies":[{"name":"wp","href":"https:\/\/api.w.org\/{rel}","templated":true}]}}