{"id":16725,"date":"2023-03-15T20:01:56","date_gmt":"2023-03-15T23:01:56","guid":{"rendered":"https:\/\/libreriaguadalupe.com.ar\/libreria\/?post_type=product&#038;p=16725"},"modified":"2025-05-06T01:23:37","modified_gmt":"2025-05-06T04:23:37","slug":"signos-en-la-iglesia-latinoamericana","status":"publish","type":"product","link":"https:\/\/libreriaguadalupe.com.ar\/libreria\/producto\/signos-en-la-iglesia-latinoamericana\/","title":{"rendered":"Signos en la Iglesia Latinoamericana"},"content":{"rendered":"<p>Las ponencias del autor en Medell\u00edn y en el S\u00ednodo sobre Evangelizaci\u00f3n aportan una meditaci\u00f3n pionera, profunda y contemplativa sobre el Cristo de la Pascua, presente en los acontecimientos de Am\u00e9rica Latina e iluminan con agudo estilo teol\u00f3gico nuestra plena actualidad.<\/p>\n","protected":false},"excerpt":{"rendered":"<p><em><strong>Evangelizaci\u00f3n y liberaci\u00f3n<\/strong><\/em><\/p>\n<p>Colecci\u00f3n: Teolog\u00eda en camino<br \/>\nAutor: PIRONIO EDUARDO<br \/>\nISBN: 9505006458<\/p>\n","protected":false},"featured_media":16726,"comment_status":"open","ping_status":"closed","template":"","meta":{"jetpack_publicize_message":"","jetpack_publicize_feature_enabled":true,"jetpack_social_post_already_shared":true,"jetpack_social_options":{"image_generator_settings":{"template":"highway","default_image_id":0,"font":"","enabled":false},"version":2}},"product_brand":[],"product_cat":[88,121],"product_tag":[127],"class_list":{"0":"post-16725","1":"product","2":"type-product","3":"status-publish","4":"has-post-thumbnail","6":"product_cat-espiritualidad-cultura-social","7":"product_cat-guadalupe","8":"product_tag-editorial-guadalupe-de-argentina","10":"first","11":"instock","12":"shipping-taxable","13":"purchasable","14":"product-type-simple"},"yoast_head":"<!-- This site is optimized with the Yoast SEO plugin v27.4 - https:\/\/yoast.com\/product\/yoast-seo-wordpress\/ -->\n<title>Signos en la Iglesia Latinoamericana - Editorial Guadalupe de Argentina<\/title>\n<meta name=\"description\" content=\"Las ponencias del autor en Medell\u00edn y en el S\u00ednodo sobre Evangelizaci\u00f3n aportan una meditaci\u00f3n pionera, profunda y contemplativa sobre el Cristo de la Pascua,\" \/>\n<meta name=\"robots\" content=\"index, follow, max-snippet:-1, max-image-preview:large, max-video-preview:-1\" \/>\n<link rel=\"canonical\" href=\"https:\/\/libreriaguadalupe.com.ar\/libreria\/producto\/signos-en-la-iglesia-latinoamericana\/\" \/>\n<meta property=\"og:locale\" content=\"es_ES\" \/>\n<meta property=\"og:type\" content=\"article\" \/>\n<meta property=\"og:title\" content=\"Signos en la Iglesia Latinoamericana - Editorial Guadalupe de Argentina\" \/>\n<meta property=\"og:description\" content=\"Las ponencias del autor en Medell\u00edn y en el S\u00ednodo sobre Evangelizaci\u00f3n aportan una meditaci\u00f3n pionera, profunda y contemplativa sobre el Cristo de la Pascua,\" \/>\n<meta property=\"og:url\" content=\"https:\/\/libreriaguadalupe.com.ar\/libreria\/producto\/signos-en-la-iglesia-latinoamericana\/\" \/>\n<meta property=\"og:site_name\" content=\"Editorial Guadalupe de Argentina\" \/>\n<meta property=\"article:publisher\" content=\"https:\/\/www.facebook.com\/LibreriaGuadalupeAR\/\" \/>\n<meta property=\"article:modified_time\" content=\"2025-05-06T04:23:37+00:00\" \/>\n<meta property=\"og:image\" content=\"https:\/\/libreriaguadalupe.com.ar\/libreria\/wp-content\/uploads\/2023\/03\/Signos-de-la-Iglesia-Latinoamericana.jpg\" \/>\n\t<meta property=\"og:image:width\" content=\"500\" \/>\n\t<meta property=\"og:image:height\" content=\"509\" \/>\n\t<meta property=\"og:image:type\" content=\"image\/jpeg\" \/>\n<meta name=\"twitter:card\" content=\"summary_large_image\" \/>\n<meta name=\"twitter:label1\" content=\"Tiempo de lectura\" \/>\n\t<meta name=\"twitter:data1\" content=\"1 minuto\" \/>\n<script type=\"application\/ld+json\" class=\"yoast-schema-graph\">{\"@context\":\"https:\\\/\\\/schema.org\",\"@graph\":[{\"@type\":\"WebPage\",\"@id\":\"https:\\\/\\\/libreriaguadalupe.com.ar\\\/libreria\\\/producto\\\/signos-en-la-iglesia-latinoamericana\\\/\",\"url\":\"https:\\\/\\\/libreriaguadalupe.com.ar\\\/libreria\\\/producto\\\/signos-en-la-iglesia-latinoamericana\\\/\",\"name\":\"Signos en la Iglesia Latinoamericana - Editorial Guadalupe de Argentina\",\"isPartOf\":{\"@id\":\"https:\\\/\\\/libreriaguadalupe.com.ar\\\/libreria\\\/#website\"},\"primaryImageOfPage\":{\"@id\":\"https:\\\/\\\/libreriaguadalupe.com.ar\\\/libreria\\\/producto\\\/signos-en-la-iglesia-latinoamericana\\\/#primaryimage\"},\"image\":{\"@id\":\"https:\\\/\\\/libreriaguadalupe.com.ar\\\/libreria\\\/producto\\\/signos-en-la-iglesia-latinoamericana\\\/#primaryimage\"},\"thumbnailUrl\":\"https:\\\/\\\/i0.wp.com\\\/libreriaguadalupe.com.ar\\\/libreria\\\/wp-content\\\/uploads\\\/2023\\\/03\\\/Signos-de-la-Iglesia-Latinoamericana.jpg?fit=500%2C509&ssl=1\",\"datePublished\":\"2023-03-15T23:01:56+00:00\",\"dateModified\":\"2025-05-06T04:23:37+00:00\",\"description\":\"Las ponencias del autor en Medell\u00edn y en el S\u00ednodo sobre Evangelizaci\u00f3n aportan una meditaci\u00f3n pionera, profunda y contemplativa sobre el Cristo de la Pascua,\",\"breadcrumb\":{\"@id\":\"https:\\\/\\\/libreriaguadalupe.com.ar\\\/libreria\\\/producto\\\/signos-en-la-iglesia-latinoamericana\\\/#breadcrumb\"},\"inLanguage\":\"es\",\"potentialAction\":[{\"@type\":\"ReadAction\",\"target\":[\"https:\\\/\\\/libreriaguadalupe.com.ar\\\/libreria\\\/producto\\\/signos-en-la-iglesia-latinoamericana\\\/\"]}]},{\"@type\":\"ImageObject\",\"inLanguage\":\"es\",\"@id\":\"https:\\\/\\\/libreriaguadalupe.com.ar\\\/libreria\\\/producto\\\/signos-en-la-iglesia-latinoamericana\\\/#primaryimage\",\"url\":\"https:\\\/\\\/i0.wp.com\\\/libreriaguadalupe.com.ar\\\/libreria\\\/wp-content\\\/uploads\\\/2023\\\/03\\\/Signos-de-la-Iglesia-Latinoamericana.jpg?fit=500%2C509&ssl=1\",\"contentUrl\":\"https:\\\/\\\/i0.wp.com\\\/libreriaguadalupe.com.ar\\\/libreria\\\/wp-content\\\/uploads\\\/2023\\\/03\\\/Signos-de-la-Iglesia-Latinoamericana.jpg?fit=500%2C509&ssl=1\",\"width\":500,\"height\":509,\"caption\":\"Signos en la Iglesia Latinoamericana\"},{\"@type\":\"BreadcrumbList\",\"@id\":\"https:\\\/\\\/libreriaguadalupe.com.ar\\\/libreria\\\/producto\\\/signos-en-la-iglesia-latinoamericana\\\/#breadcrumb\",\"itemListElement\":[{\"@type\":\"ListItem\",\"position\":1,\"name\":\"Portada\",\"item\":\"https:\\\/\\\/libreriaguadalupe.com.ar\\\/libreria\\\/\"},{\"@type\":\"ListItem\",\"position\":2,\"name\":\"Tienda\",\"item\":\"https:\\\/\\\/libreriaguadalupe.com.ar\\\/libreria\\\/\"},{\"@type\":\"ListItem\",\"position\":3,\"name\":\"Signos en la Iglesia Latinoamericana\"}]},{\"@type\":\"WebSite\",\"@id\":\"https:\\\/\\\/libreriaguadalupe.com.ar\\\/libreria\\\/#website\",\"url\":\"https:\\\/\\\/libreriaguadalupe.com.ar\\\/libreria\\\/\",\"name\":\"Editorial Guadalupe de Argentina\",\"description\":\"Congregaci\u00f3n del Verbo Divino\",\"publisher\":{\"@id\":\"https:\\\/\\\/libreriaguadalupe.com.ar\\\/libreria\\\/#organization\"},\"alternateName\":\"Librer\u00eda Guadalupe\",\"potentialAction\":[{\"@type\":\"SearchAction\",\"target\":{\"@type\":\"EntryPoint\",\"urlTemplate\":\"https:\\\/\\\/libreriaguadalupe.com.ar\\\/libreria\\\/?s={search_term_string}\"},\"query-input\":{\"@type\":\"PropertyValueSpecification\",\"valueRequired\":true,\"valueName\":\"search_term_string\"}}],\"inLanguage\":\"es\"},{\"@type\":\"Organization\",\"@id\":\"https:\\\/\\\/libreriaguadalupe.com.ar\\\/libreria\\\/#organization\",\"name\":\"Editorial Guadalupe\",\"alternateName\":\"Librer\u00eda Guadalupe\",\"url\":\"https:\\\/\\\/libreriaguadalupe.com.ar\\\/libreria\\\/\",\"logo\":{\"@type\":\"ImageObject\",\"inLanguage\":\"es\",\"@id\":\"https:\\\/\\\/libreriaguadalupe.com.ar\\\/libreria\\\/#\\\/schema\\\/logo\\\/image\\\/\",\"url\":\"https:\\\/\\\/i0.wp.com\\\/libreriaguadalupe.com.ar\\\/libreria\\\/wp-content\\\/uploads\\\/2023\\\/01\\\/cropped-logo-editorial-guadalupe.webp?fit=500%2C100&ssl=1\",\"contentUrl\":\"https:\\\/\\\/i0.wp.com\\\/libreriaguadalupe.com.ar\\\/libreria\\\/wp-content\\\/uploads\\\/2023\\\/01\\\/cropped-logo-editorial-guadalupe.webp?fit=500%2C100&ssl=1\",\"width\":500,\"height\":100,\"caption\":\"Editorial Guadalupe\"},\"image\":{\"@id\":\"https:\\\/\\\/libreriaguadalupe.com.ar\\\/libreria\\\/#\\\/schema\\\/logo\\\/image\\\/\"},\"sameAs\":[\"https:\\\/\\\/www.facebook.com\\\/LibreriaGuadalupeAR\\\/\",\"https:\\\/\\\/www.instagram.com\\\/editorialguadalupe\\\/\",\"https:\\\/\\\/guadalupeeditorial.mercadoshops.com.ar\\\/\"]}]}<\/script>\n<!-- \/ Yoast SEO plugin. -->","yoast_head_json":{"title":"Signos en la Iglesia Latinoamericana - Editorial Guadalupe de Argentina","description":"Las ponencias del autor en Medell\u00edn y en el S\u00ednodo sobre Evangelizaci\u00f3n aportan una meditaci\u00f3n pionera, profunda y contemplativa sobre el Cristo de la Pascua,","robots":{"index":"index","follow":"follow","max-snippet":"max-snippet:-1","max-image-preview":"max-image-preview:large","max-video-preview":"max-video-preview:-1"},"canonical":"https:\/\/libreriaguadalupe.com.ar\/libreria\/producto\/signos-en-la-iglesia-latinoamericana\/","og_locale":"es_ES","og_type":"article","og_title":"Signos en la Iglesia Latinoamericana - Editorial Guadalupe de Argentina","og_description":"Las ponencias del autor en Medell\u00edn y en el S\u00ednodo sobre Evangelizaci\u00f3n aportan una meditaci\u00f3n pionera, profunda y contemplativa sobre el Cristo de la Pascua,","og_url":"https:\/\/libreriaguadalupe.com.ar\/libreria\/producto\/signos-en-la-iglesia-latinoamericana\/","og_site_name":"Editorial Guadalupe de Argentina","article_publisher":"https:\/\/www.facebook.com\/LibreriaGuadalupeAR\/","article_modified_time":"2025-05-06T04:23:37+00:00","og_image":[{"width":500,"height":509,"url":"https:\/\/libreriaguadalupe.com.ar\/libreria\/wp-content\/uploads\/2023\/03\/Signos-de-la-Iglesia-Latinoamericana.jpg","type":"image\/jpeg"}],"twitter_card":"summary_large_image","twitter_misc":{"Tiempo de lectura":"1 minuto"},"schema":{"@context":"https:\/\/schema.org","@graph":[{"@type":"WebPage","@id":"https:\/\/libreriaguadalupe.com.ar\/libreria\/producto\/signos-en-la-iglesia-latinoamericana\/","url":"https:\/\/libreriaguadalupe.com.ar\/libreria\/producto\/signos-en-la-iglesia-latinoamericana\/","name":"Signos en la Iglesia Latinoamericana - Editorial Guadalupe de Argentina","isPartOf":{"@id":"https:\/\/libreriaguadalupe.com.ar\/libreria\/#website"},"primaryImageOfPage":{"@id":"https:\/\/libreriaguadalupe.com.ar\/libreria\/producto\/signos-en-la-iglesia-latinoamericana\/#primaryimage"},"image":{"@id":"https:\/\/libreriaguadalupe.com.ar\/libreria\/producto\/signos-en-la-iglesia-latinoamericana\/#primaryimage"},"thumbnailUrl":"https:\/\/i0.wp.com\/libreriaguadalupe.com.ar\/libreria\/wp-content\/uploads\/2023\/03\/Signos-de-la-Iglesia-Latinoamericana.jpg?fit=500%2C509&ssl=1","datePublished":"2023-03-15T23:01:56+00:00","dateModified":"2025-05-06T04:23:37+00:00","description":"Las ponencias del autor en Medell\u00edn y en el S\u00ednodo sobre Evangelizaci\u00f3n aportan una meditaci\u00f3n pionera, profunda y contemplativa sobre el Cristo de la Pascua,","breadcrumb":{"@id":"https:\/\/libreriaguadalupe.com.ar\/libreria\/producto\/signos-en-la-iglesia-latinoamericana\/#breadcrumb"},"inLanguage":"es","potentialAction":[{"@type":"ReadAction","target":["https:\/\/libreriaguadalupe.com.ar\/libreria\/producto\/signos-en-la-iglesia-latinoamericana\/"]}]},{"@type":"ImageObject","inLanguage":"es","@id":"https:\/\/libreriaguadalupe.com.ar\/libreria\/producto\/signos-en-la-iglesia-latinoamericana\/#primaryimage","url":"https:\/\/i0.wp.com\/libreriaguadalupe.com.ar\/libreria\/wp-content\/uploads\/2023\/03\/Signos-de-la-Iglesia-Latinoamericana.jpg?fit=500%2C509&ssl=1","contentUrl":"https:\/\/i0.wp.com\/libreriaguadalupe.com.ar\/libreria\/wp-content\/uploads\/2023\/03\/Signos-de-la-Iglesia-Latinoamericana.jpg?fit=500%2C509&ssl=1","width":500,"height":509,"caption":"Signos en la Iglesia Latinoamericana"},{"@type":"BreadcrumbList","@id":"https:\/\/libreriaguadalupe.com.ar\/libreria\/producto\/signos-en-la-iglesia-latinoamericana\/#breadcrumb","itemListElement":[{"@type":"ListItem","position":1,"name":"Portada","item":"https:\/\/libreriaguadalupe.com.ar\/libreria\/"},{"@type":"ListItem","position":2,"name":"Tienda","item":"https:\/\/libreriaguadalupe.com.ar\/libreria\/"},{"@type":"ListItem","position":3,"name":"Signos en la Iglesia Latinoamericana"}]},{"@type":"WebSite","@id":"https:\/\/libreriaguadalupe.com.ar\/libreria\/#website","url":"https:\/\/libreriaguadalupe.com.ar\/libreria\/","name":"Editorial Guadalupe de Argentina","description":"Congregaci\u00f3n del Verbo Divino","publisher":{"@id":"https:\/\/libreriaguadalupe.com.ar\/libreria\/#organization"},"alternateName":"Librer\u00eda Guadalupe","potentialAction":[{"@type":"SearchAction","target":{"@type":"EntryPoint","urlTemplate":"https:\/\/libreriaguadalupe.com.ar\/libreria\/?s={search_term_string}"},"query-input":{"@type":"PropertyValueSpecification","valueRequired":true,"valueName":"search_term_string"}}],"inLanguage":"es"},{"@type":"Organization","@id":"https:\/\/libreriaguadalupe.com.ar\/libreria\/#organization","name":"Editorial Guadalupe","alternateName":"Librer\u00eda Guadalupe","url":"https:\/\/libreriaguadalupe.com.ar\/libreria\/","logo":{"@type":"ImageObject","inLanguage":"es","@id":"https:\/\/libreriaguadalupe.com.ar\/libreria\/#\/schema\/logo\/image\/","url":"https:\/\/i0.wp.com\/libreriaguadalupe.com.ar\/libreria\/wp-content\/uploads\/2023\/01\/cropped-logo-editorial-guadalupe.webp?fit=500%2C100&ssl=1","contentUrl":"https:\/\/i0.wp.com\/libreriaguadalupe.com.ar\/libreria\/wp-content\/uploads\/2023\/01\/cropped-logo-editorial-guadalupe.webp?fit=500%2C100&ssl=1","width":500,"height":100,"caption":"Editorial Guadalupe"},"image":{"@id":"https:\/\/libreriaguadalupe.com.ar\/libreria\/#\/schema\/logo\/image\/"},"sameAs":["https:\/\/www.facebook.com\/LibreriaGuadalupeAR\/","https:\/\/www.instagram.com\/editorialguadalupe\/","https:\/\/guadalupeeditorial.mercadoshops.com.ar\/"]}]}},"jetpack_publicize_connections":[],"jetpack_sharing_enabled":true,"jetpack-related-posts":[{"id":15918,"url":"https:\/\/libreriaguadalupe.com.ar\/libreria\/producto\/la-evangelizacion-es-tarea-de-todos\/","url_meta":{"origin":16725,"position":0},"title":"La evangelizaci\u00f3n es tarea de todos","author":"admin","date":"12\/02\/2023","format":false,"excerpt":"Protagonismo de los fieles laicos en la actividad misionera de la Iglesia seg\u00fan el magisterio del Papa Francisco AUTOR: MIGUEL ANTONIO ISBN:9505008520","rel":"","context":"Entrada similar","block_context":{"text":"Entrada similar","link":""},"img":{"alt_text":"","src":"https:\/\/i0.wp.com\/libreriaguadalupe.com.ar\/libreria\/wp-content\/uploads\/2023\/02\/La-evangelizacion-es-tarea-de-todos-chico.jpg?fit=320%2C500&ssl=1&resize=350%2C200","width":350,"height":200},"classes":[]},{"id":15365,"url":"https:\/\/libreriaguadalupe.com.ar\/libreria\/producto\/un-camino-de-formacion-inicial-en-la-vida-religiosa-2\/","url_meta":{"origin":16725,"position":1},"title":"Un camino de formacion inicial en la vida religiosa","author":"admin","date":"07\/02\/2023","format":false,"excerpt":"Para una nueva evangelizaci\u00f3n Autor: Elkin Arango y equipo ISBN: 8471518376","rel":"","context":"Entrada similar","block_context":{"text":"Entrada similar","link":""},"img":{"alt_text":"","src":"","width":0,"height":0},"classes":[]},{"id":16936,"url":"https:\/\/libreriaguadalupe.com.ar\/libreria\/producto\/conversion-personal-conversion-pastoral\/","url_meta":{"origin":16725,"position":2},"title":"Conversi\u00f3n personal, conversi\u00f3n pastoral","author":"admin","date":"23\/03\/2023","format":false,"excerpt":"Vivir en cristiano en tiempos de incertidumbre XXIX Semana de Estudios de Teolog\u00eda Pastoral Autor: Instituto Superior de Pastoral Universidad Pontificia de Salamanca ISBN: 8490734575 Dimensiones: 12,5 x 20 cm P\u00e1ginas: 208","rel":"","context":"Entrada similar","block_context":{"text":"Entrada similar","link":""},"img":{"alt_text":"","src":"https:\/\/i0.wp.com\/libreriaguadalupe.com.ar\/libreria\/wp-content\/uploads\/2023\/03\/Conversion-personal-conversion-pastoral.jpg?fit=380%2C586&ssl=1&resize=350%2C200","width":350,"height":200},"classes":[]},{"id":17905,"url":"https:\/\/libreriaguadalupe.com.ar\/libreria\/producto\/andando-junto-a-jesus-el-galileo\/","url_meta":{"origin":16725,"position":3},"title":"Andando junto a Jes\u00fas el Galileo","author":"admin","date":"14\/03\/2024","format":false,"excerpt":"Curso B\u00edblico Popular Autor: Adriana Roman\u00edn, Mar\u00eda Cristina Macci\u00f3 y Marc van der Post ISBN: 978-950-500-906-0 Dimensiones: 15 x 22 cm P\u00e1ginas: 122","rel":"","context":"Entrada similar","block_context":{"text":"Entrada similar","link":""},"img":{"alt_text":"","src":"https:\/\/i0.wp.com\/libreriaguadalupe.com.ar\/libreria\/wp-content\/uploads\/2024\/03\/MES-DE-LA-BIBLIA-2024-guada4.jpg?fit=470%2C470&ssl=1&resize=350%2C200","width":350,"height":200},"classes":[]},{"id":15547,"url":"https:\/\/libreriaguadalupe.com.ar\/libreria\/producto\/ybiblia-2\/","url_meta":{"origin":16725,"position":4},"title":"Y-Biblia","author":"admin","date":"07\/02\/2023","format":false,"excerpt":"Biblia de la Iglesia cat\u00f3lica para los j\u00f3venes [Edici\u00f3n Latinoam\u00e9rica] AUTOR: EDV ISBN: 8490733103","rel":"","context":"Entrada similar","block_context":{"text":"Entrada similar","link":""},"img":{"alt_text":"","src":"https:\/\/i0.wp.com\/libreriaguadalupe.com.ar\/libreria\/wp-content\/uploads\/2023\/02\/MES-DE-LA-BIBLIA-2024-ybiblia.jpg?fit=470%2C470&ssl=1&resize=350%2C200","width":350,"height":200},"classes":[]},{"id":14724,"url":"https:\/\/libreriaguadalupe.com.ar\/libreria\/producto\/ayudanos-a-verte-2\/","url_meta":{"origin":16725,"position":5},"title":"Ayudanos a verte","author":"admin","date":"07\/02\/2023","format":false,"excerpt":"AUTOR: CHITARRONI LEANDRO ISBN: 9505006823","rel":"","context":"Entrada similar","block_context":{"text":"Entrada similar","link":""},"img":{"alt_text":"","src":"https:\/\/i0.wp.com\/libreriaguadalupe.com.ar\/libreria\/wp-content\/uploads\/2023\/03\/Ayudanos-a-verte.jpg?fit=522%2C779&ssl=1&resize=350%2C200","width":350,"height":200},"classes":[]}],"_links":{"self":[{"href":"https:\/\/libreriaguadalupe.com.ar\/libreria\/wp-json\/wp\/v2\/product\/16725","targetHints":{"allow":["GET"]}}],"collection":[{"href":"https:\/\/libreriaguadalupe.com.ar\/libreria\/wp-json\/wp\/v2\/product"}],"about":[{"href":"https:\/\/libreriaguadalupe.com.ar\/libreria\/wp-json\/wp\/v2\/types\/product"}],"replies":[{"embeddable":true,"href":"https:\/\/libreriaguadalupe.com.ar\/libreria\/wp-json\/wp\/v2\/comments?post=16725"}],"version-history":[{"count":3,"href":"https:\/\/libreriaguadalupe.com.ar\/libreria\/wp-json\/wp\/v2\/product\/16725\/revisions"}],"predecessor-version":[{"id":17754,"href":"https:\/\/libreriaguadalupe.com.ar\/libreria\/wp-json\/wp\/v2\/product\/16725\/revisions\/17754"}],"wp:featuredmedia":[{"embeddable":true,"href":"https:\/\/libreriaguadalupe.com.ar\/libreria\/wp-json\/wp\/v2\/media\/16726"}],"wp:attachment":[{"href":"https:\/\/libreriaguadalupe.com.ar\/libreria\/wp-json\/wp\/v2\/media?parent=16725"}],"wp:term":[{"taxonomy":"product_brand","embeddable":true,"href":"https:\/\/libreriaguadalupe.com.ar\/libreria\/wp-json\/wp\/v2\/product_brand?post=16725"},{"taxonomy":"product_cat","embeddable":true,"href":"https:\/\/libreriaguadalupe.com.ar\/libreria\/wp-json\/wp\/v2\/product_cat?post=16725"},{"taxonomy":"product_tag","embeddable":true,"href":"https:\/\/libreriaguadalupe.com.ar\/libreria\/wp-json\/wp\/v2\/product_tag?post=16725"}],"curies":[{"name":"wp","href":"https:\/\/api.w.org\/{rel}","templated":true}]}}