{"id":16631,"date":"2023-03-13T14:12:26","date_gmt":"2023-03-13T17:12:26","guid":{"rendered":"https:\/\/libreriaguadalupe.com.ar\/libreria\/?post_type=product&#038;p=16631"},"modified":"2025-04-17T14:14:44","modified_gmt":"2025-04-17T17:14:44","slug":"100-notas-basicas-para-vivir-las-contrariedades","status":"publish","type":"product","link":"https:\/\/libreriaguadalupe.com.ar\/libreria\/producto\/100-notas-basicas-para-vivir-las-contrariedades\/","title":{"rendered":"100 notas b\u00e1sicas para vivir las contrariedades"},"content":{"rendered":"<p>La humildad cristiana implica que, quienes padecen contrariedades o tribulaciones, no las<br \/>\nutilicen como trofeos de virtud, sino s\u00f3lo para sonre\u00edr con gratitud por la experiencia vivida que nos ayuda a mantenernos en la presencia de Dios.<\/p>\n<p>Los animales irracionales no tienen contrariedades; \u00e9stas s\u00f3lo son posibles en los seres humanos<br \/>\ny, cuando se aprende a sortearlas, son dignificantes.<\/p>\n<p>&nbsp;<\/p>\n<p>JOS\u00c9 LUIS KAUFMANN<br \/>\nEl autor es nacido en Buenos Aires en 1940. Recibi\u00f3 el presbiterado en 1968. Sirvi\u00f3 a la Iglesia en los diversos oficios pastorales en que fue requerido. Es doctor en derecho can\u00f3nico, archivista diplomado en el Archivo Pontificio Vaticano, y tiene varias diplomaturas.<br \/>\nActualmente se desempe\u00f1a como profesor de teolog\u00eda en el Seminario Arquidiocesano San Jos\u00e9 de La Plata.<\/p>\n","protected":false},"excerpt":{"rendered":"<p>AUTOR: KAUFMANN JOSE LUIS<br \/>\n<span style=\"color: #ffcc00;\"><strong><a style=\"color: #ffcc00;\" href=\"https:\/\/libreriaguadalupe.com.ar\/libreria\/?s=Kaufmann&amp;post_type=product\">[ VER M\u00c1S OBRAS ]<\/a><br \/>\n<\/strong><\/span>ISBN: 9505008872<\/p>\n","protected":false},"featured_media":16632,"comment_status":"open","ping_status":"closed","template":"","meta":{"jetpack_publicize_message":"","jetpack_publicize_feature_enabled":true,"jetpack_social_post_already_shared":true,"jetpack_social_options":{"image_generator_settings":{"template":"highway","default_image_id":0,"font":"","enabled":false},"version":2}},"product_brand":[],"product_cat":[88,121],"product_tag":[127],"class_list":{"0":"post-16631","1":"product","2":"type-product","3":"status-publish","4":"has-post-thumbnail","6":"product_cat-espiritualidad-cultura-social","7":"product_cat-guadalupe","8":"product_tag-editorial-guadalupe-de-argentina","10":"first","11":"instock","12":"shipping-taxable","13":"purchasable","14":"product-type-simple"},"yoast_head":"<!-- This site is optimized with the Yoast SEO plugin v27.4 - https:\/\/yoast.com\/product\/yoast-seo-wordpress\/ -->\n<title>100 notas b\u00e1sicas para vivir las contrariedades - Editorial Guadalupe de Argentina<\/title>\n<meta name=\"description\" content=\"La humildad cristiana implica que, quienes padecen contrariedades o tribulaciones, no las\u00a0utilicen como trofeos de virtud, sino s\u00f3lo para sonre\u00edr con gratitud por la experiencia vivida que nos ayuda a mantenernos en la presencia de Dios.\" \/>\n<meta name=\"robots\" content=\"index, follow, max-snippet:-1, max-image-preview:large, max-video-preview:-1\" \/>\n<link rel=\"canonical\" href=\"https:\/\/libreriaguadalupe.com.ar\/libreria\/producto\/100-notas-basicas-para-vivir-las-contrariedades\/\" \/>\n<meta property=\"og:locale\" content=\"es_ES\" \/>\n<meta property=\"og:type\" content=\"article\" \/>\n<meta property=\"og:title\" content=\"100 notas b\u00e1sicas para vivir las contrariedades - Editorial Guadalupe de Argentina\" \/>\n<meta property=\"og:description\" content=\"La humildad cristiana implica que, quienes padecen contrariedades o tribulaciones, no las\u00a0utilicen como trofeos de virtud, sino s\u00f3lo para sonre\u00edr con gratitud por la experiencia vivida que nos ayuda a mantenernos en la presencia de Dios.\" \/>\n<meta property=\"og:url\" content=\"https:\/\/libreriaguadalupe.com.ar\/libreria\/producto\/100-notas-basicas-para-vivir-las-contrariedades\/\" \/>\n<meta property=\"og:site_name\" content=\"Editorial Guadalupe de Argentina\" \/>\n<meta property=\"article:publisher\" content=\"https:\/\/www.facebook.com\/LibreriaGuadalupeAR\/\" \/>\n<meta property=\"article:modified_time\" content=\"2025-04-17T17:14:44+00:00\" \/>\n<meta property=\"og:image\" content=\"https:\/\/libreriaguadalupe.com.ar\/libreria\/wp-content\/uploads\/2023\/03\/100-notas-basicas-para-vivir-las-contrariedades-Tapa-chico.jpg\" \/>\n\t<meta property=\"og:image:width\" content=\"353\" \/>\n\t<meta property=\"og:image:height\" content=\"500\" \/>\n\t<meta property=\"og:image:type\" content=\"image\/jpeg\" \/>\n<meta name=\"twitter:card\" content=\"summary_large_image\" \/>\n<meta name=\"twitter:label1\" content=\"Tiempo de lectura\" \/>\n\t<meta name=\"twitter:data1\" content=\"1 minuto\" \/>\n<script type=\"application\/ld+json\" class=\"yoast-schema-graph\">{\"@context\":\"https:\\\/\\\/schema.org\",\"@graph\":[{\"@type\":\"WebPage\",\"@id\":\"https:\\\/\\\/libreriaguadalupe.com.ar\\\/libreria\\\/producto\\\/100-notas-basicas-para-vivir-las-contrariedades\\\/\",\"url\":\"https:\\\/\\\/libreriaguadalupe.com.ar\\\/libreria\\\/producto\\\/100-notas-basicas-para-vivir-las-contrariedades\\\/\",\"name\":\"100 notas b\u00e1sicas para vivir las contrariedades - Editorial Guadalupe de Argentina\",\"isPartOf\":{\"@id\":\"https:\\\/\\\/libreriaguadalupe.com.ar\\\/libreria\\\/#website\"},\"primaryImageOfPage\":{\"@id\":\"https:\\\/\\\/libreriaguadalupe.com.ar\\\/libreria\\\/producto\\\/100-notas-basicas-para-vivir-las-contrariedades\\\/#primaryimage\"},\"image\":{\"@id\":\"https:\\\/\\\/libreriaguadalupe.com.ar\\\/libreria\\\/producto\\\/100-notas-basicas-para-vivir-las-contrariedades\\\/#primaryimage\"},\"thumbnailUrl\":\"https:\\\/\\\/i0.wp.com\\\/libreriaguadalupe.com.ar\\\/libreria\\\/wp-content\\\/uploads\\\/2023\\\/03\\\/100-notas-basicas-para-vivir-las-contrariedades-Tapa-chico.jpg?fit=353%2C500&ssl=1\",\"datePublished\":\"2023-03-13T17:12:26+00:00\",\"dateModified\":\"2025-04-17T17:14:44+00:00\",\"description\":\"La humildad cristiana implica que, quienes padecen contrariedades o tribulaciones, no las\u00a0utilicen como trofeos de virtud, sino s\u00f3lo para sonre\u00edr con gratitud por la experiencia vivida que nos ayuda a mantenernos en la presencia de Dios.\",\"breadcrumb\":{\"@id\":\"https:\\\/\\\/libreriaguadalupe.com.ar\\\/libreria\\\/producto\\\/100-notas-basicas-para-vivir-las-contrariedades\\\/#breadcrumb\"},\"inLanguage\":\"es\",\"potentialAction\":[{\"@type\":\"ReadAction\",\"target\":[\"https:\\\/\\\/libreriaguadalupe.com.ar\\\/libreria\\\/producto\\\/100-notas-basicas-para-vivir-las-contrariedades\\\/\"]}]},{\"@type\":\"ImageObject\",\"inLanguage\":\"es\",\"@id\":\"https:\\\/\\\/libreriaguadalupe.com.ar\\\/libreria\\\/producto\\\/100-notas-basicas-para-vivir-las-contrariedades\\\/#primaryimage\",\"url\":\"https:\\\/\\\/i0.wp.com\\\/libreriaguadalupe.com.ar\\\/libreria\\\/wp-content\\\/uploads\\\/2023\\\/03\\\/100-notas-basicas-para-vivir-las-contrariedades-Tapa-chico.jpg?fit=353%2C500&ssl=1\",\"contentUrl\":\"https:\\\/\\\/i0.wp.com\\\/libreriaguadalupe.com.ar\\\/libreria\\\/wp-content\\\/uploads\\\/2023\\\/03\\\/100-notas-basicas-para-vivir-las-contrariedades-Tapa-chico.jpg?fit=353%2C500&ssl=1\",\"width\":353,\"height\":500},{\"@type\":\"BreadcrumbList\",\"@id\":\"https:\\\/\\\/libreriaguadalupe.com.ar\\\/libreria\\\/producto\\\/100-notas-basicas-para-vivir-las-contrariedades\\\/#breadcrumb\",\"itemListElement\":[{\"@type\":\"ListItem\",\"position\":1,\"name\":\"Portada\",\"item\":\"https:\\\/\\\/libreriaguadalupe.com.ar\\\/libreria\\\/\"},{\"@type\":\"ListItem\",\"position\":2,\"name\":\"Tienda\",\"item\":\"https:\\\/\\\/libreriaguadalupe.com.ar\\\/libreria\\\/\"},{\"@type\":\"ListItem\",\"position\":3,\"name\":\"100 notas b\u00e1sicas para vivir las contrariedades\"}]},{\"@type\":\"WebSite\",\"@id\":\"https:\\\/\\\/libreriaguadalupe.com.ar\\\/libreria\\\/#website\",\"url\":\"https:\\\/\\\/libreriaguadalupe.com.ar\\\/libreria\\\/\",\"name\":\"Editorial Guadalupe de Argentina\",\"description\":\"Congregaci\u00f3n del Verbo Divino\",\"publisher\":{\"@id\":\"https:\\\/\\\/libreriaguadalupe.com.ar\\\/libreria\\\/#organization\"},\"alternateName\":\"Librer\u00eda Guadalupe\",\"potentialAction\":[{\"@type\":\"SearchAction\",\"target\":{\"@type\":\"EntryPoint\",\"urlTemplate\":\"https:\\\/\\\/libreriaguadalupe.com.ar\\\/libreria\\\/?s={search_term_string}\"},\"query-input\":{\"@type\":\"PropertyValueSpecification\",\"valueRequired\":true,\"valueName\":\"search_term_string\"}}],\"inLanguage\":\"es\"},{\"@type\":\"Organization\",\"@id\":\"https:\\\/\\\/libreriaguadalupe.com.ar\\\/libreria\\\/#organization\",\"name\":\"Editorial Guadalupe\",\"alternateName\":\"Librer\u00eda Guadalupe\",\"url\":\"https:\\\/\\\/libreriaguadalupe.com.ar\\\/libreria\\\/\",\"logo\":{\"@type\":\"ImageObject\",\"inLanguage\":\"es\",\"@id\":\"https:\\\/\\\/libreriaguadalupe.com.ar\\\/libreria\\\/#\\\/schema\\\/logo\\\/image\\\/\",\"url\":\"https:\\\/\\\/i0.wp.com\\\/libreriaguadalupe.com.ar\\\/libreria\\\/wp-content\\\/uploads\\\/2023\\\/01\\\/cropped-logo-editorial-guadalupe.webp?fit=500%2C100&ssl=1\",\"contentUrl\":\"https:\\\/\\\/i0.wp.com\\\/libreriaguadalupe.com.ar\\\/libreria\\\/wp-content\\\/uploads\\\/2023\\\/01\\\/cropped-logo-editorial-guadalupe.webp?fit=500%2C100&ssl=1\",\"width\":500,\"height\":100,\"caption\":\"Editorial Guadalupe\"},\"image\":{\"@id\":\"https:\\\/\\\/libreriaguadalupe.com.ar\\\/libreria\\\/#\\\/schema\\\/logo\\\/image\\\/\"},\"sameAs\":[\"https:\\\/\\\/www.facebook.com\\\/LibreriaGuadalupeAR\\\/\",\"https:\\\/\\\/www.instagram.com\\\/editorialguadalupe\\\/\",\"https:\\\/\\\/guadalupeeditorial.mercadoshops.com.ar\\\/\"]}]}<\/script>\n<!-- \/ Yoast SEO plugin. -->","yoast_head_json":{"title":"100 notas b\u00e1sicas para vivir las contrariedades - Editorial Guadalupe de Argentina","description":"La humildad cristiana implica que, quienes padecen contrariedades o tribulaciones, no las\u00a0utilicen como trofeos de virtud, sino s\u00f3lo para sonre\u00edr con gratitud por la experiencia vivida que nos ayuda a mantenernos en la presencia de Dios.","robots":{"index":"index","follow":"follow","max-snippet":"max-snippet:-1","max-image-preview":"max-image-preview:large","max-video-preview":"max-video-preview:-1"},"canonical":"https:\/\/libreriaguadalupe.com.ar\/libreria\/producto\/100-notas-basicas-para-vivir-las-contrariedades\/","og_locale":"es_ES","og_type":"article","og_title":"100 notas b\u00e1sicas para vivir las contrariedades - Editorial Guadalupe de Argentina","og_description":"La humildad cristiana implica que, quienes padecen contrariedades o tribulaciones, no las\u00a0utilicen como trofeos de virtud, sino s\u00f3lo para sonre\u00edr con gratitud por la experiencia vivida que nos ayuda a mantenernos en la presencia de Dios.","og_url":"https:\/\/libreriaguadalupe.com.ar\/libreria\/producto\/100-notas-basicas-para-vivir-las-contrariedades\/","og_site_name":"Editorial Guadalupe de Argentina","article_publisher":"https:\/\/www.facebook.com\/LibreriaGuadalupeAR\/","article_modified_time":"2025-04-17T17:14:44+00:00","og_image":[{"width":353,"height":500,"url":"https:\/\/libreriaguadalupe.com.ar\/libreria\/wp-content\/uploads\/2023\/03\/100-notas-basicas-para-vivir-las-contrariedades-Tapa-chico.jpg","type":"image\/jpeg"}],"twitter_card":"summary_large_image","twitter_misc":{"Tiempo de lectura":"1 minuto"},"schema":{"@context":"https:\/\/schema.org","@graph":[{"@type":"WebPage","@id":"https:\/\/libreriaguadalupe.com.ar\/libreria\/producto\/100-notas-basicas-para-vivir-las-contrariedades\/","url":"https:\/\/libreriaguadalupe.com.ar\/libreria\/producto\/100-notas-basicas-para-vivir-las-contrariedades\/","name":"100 notas b\u00e1sicas para vivir las contrariedades - Editorial Guadalupe de Argentina","isPartOf":{"@id":"https:\/\/libreriaguadalupe.com.ar\/libreria\/#website"},"primaryImageOfPage":{"@id":"https:\/\/libreriaguadalupe.com.ar\/libreria\/producto\/100-notas-basicas-para-vivir-las-contrariedades\/#primaryimage"},"image":{"@id":"https:\/\/libreriaguadalupe.com.ar\/libreria\/producto\/100-notas-basicas-para-vivir-las-contrariedades\/#primaryimage"},"thumbnailUrl":"https:\/\/i0.wp.com\/libreriaguadalupe.com.ar\/libreria\/wp-content\/uploads\/2023\/03\/100-notas-basicas-para-vivir-las-contrariedades-Tapa-chico.jpg?fit=353%2C500&ssl=1","datePublished":"2023-03-13T17:12:26+00:00","dateModified":"2025-04-17T17:14:44+00:00","description":"La humildad cristiana implica que, quienes padecen contrariedades o tribulaciones, no las\u00a0utilicen como trofeos de virtud, sino s\u00f3lo para sonre\u00edr con gratitud por la experiencia vivida que nos ayuda a mantenernos en la presencia de Dios.","breadcrumb":{"@id":"https:\/\/libreriaguadalupe.com.ar\/libreria\/producto\/100-notas-basicas-para-vivir-las-contrariedades\/#breadcrumb"},"inLanguage":"es","potentialAction":[{"@type":"ReadAction","target":["https:\/\/libreriaguadalupe.com.ar\/libreria\/producto\/100-notas-basicas-para-vivir-las-contrariedades\/"]}]},{"@type":"ImageObject","inLanguage":"es","@id":"https:\/\/libreriaguadalupe.com.ar\/libreria\/producto\/100-notas-basicas-para-vivir-las-contrariedades\/#primaryimage","url":"https:\/\/i0.wp.com\/libreriaguadalupe.com.ar\/libreria\/wp-content\/uploads\/2023\/03\/100-notas-basicas-para-vivir-las-contrariedades-Tapa-chico.jpg?fit=353%2C500&ssl=1","contentUrl":"https:\/\/i0.wp.com\/libreriaguadalupe.com.ar\/libreria\/wp-content\/uploads\/2023\/03\/100-notas-basicas-para-vivir-las-contrariedades-Tapa-chico.jpg?fit=353%2C500&ssl=1","width":353,"height":500},{"@type":"BreadcrumbList","@id":"https:\/\/libreriaguadalupe.com.ar\/libreria\/producto\/100-notas-basicas-para-vivir-las-contrariedades\/#breadcrumb","itemListElement":[{"@type":"ListItem","position":1,"name":"Portada","item":"https:\/\/libreriaguadalupe.com.ar\/libreria\/"},{"@type":"ListItem","position":2,"name":"Tienda","item":"https:\/\/libreriaguadalupe.com.ar\/libreria\/"},{"@type":"ListItem","position":3,"name":"100 notas b\u00e1sicas para vivir las contrariedades"}]},{"@type":"WebSite","@id":"https:\/\/libreriaguadalupe.com.ar\/libreria\/#website","url":"https:\/\/libreriaguadalupe.com.ar\/libreria\/","name":"Editorial Guadalupe de Argentina","description":"Congregaci\u00f3n del Verbo Divino","publisher":{"@id":"https:\/\/libreriaguadalupe.com.ar\/libreria\/#organization"},"alternateName":"Librer\u00eda Guadalupe","potentialAction":[{"@type":"SearchAction","target":{"@type":"EntryPoint","urlTemplate":"https:\/\/libreriaguadalupe.com.ar\/libreria\/?s={search_term_string}"},"query-input":{"@type":"PropertyValueSpecification","valueRequired":true,"valueName":"search_term_string"}}],"inLanguage":"es"},{"@type":"Organization","@id":"https:\/\/libreriaguadalupe.com.ar\/libreria\/#organization","name":"Editorial Guadalupe","alternateName":"Librer\u00eda Guadalupe","url":"https:\/\/libreriaguadalupe.com.ar\/libreria\/","logo":{"@type":"ImageObject","inLanguage":"es","@id":"https:\/\/libreriaguadalupe.com.ar\/libreria\/#\/schema\/logo\/image\/","url":"https:\/\/i0.wp.com\/libreriaguadalupe.com.ar\/libreria\/wp-content\/uploads\/2023\/01\/cropped-logo-editorial-guadalupe.webp?fit=500%2C100&ssl=1","contentUrl":"https:\/\/i0.wp.com\/libreriaguadalupe.com.ar\/libreria\/wp-content\/uploads\/2023\/01\/cropped-logo-editorial-guadalupe.webp?fit=500%2C100&ssl=1","width":500,"height":100,"caption":"Editorial Guadalupe"},"image":{"@id":"https:\/\/libreriaguadalupe.com.ar\/libreria\/#\/schema\/logo\/image\/"},"sameAs":["https:\/\/www.facebook.com\/LibreriaGuadalupeAR\/","https:\/\/www.instagram.com\/editorialguadalupe\/","https:\/\/guadalupeeditorial.mercadoshops.com.ar\/"]}]}},"jetpack_publicize_connections":[],"jetpack_sharing_enabled":true,"jetpack-related-posts":[{"id":19012,"url":"https:\/\/libreriaguadalupe.com.ar\/libreria\/producto\/eduardo-francisco-pironio-beato\/","url_meta":{"origin":16631,"position":0},"title":"Eduardo Francisco Pironio &#8211; Beato","author":"Mariano Zuqui","date":"23\/07\/2025","format":false,"excerpt":"Autor: Jos\u00e9 Luis Kaufmann T\u00edtulo: \"Eduardo Francisco Pironio - Beato\" ISBN:978-950-500-962-6 Formato: 15.5\u00a0 (ancho) x 22,5 (alto) cms. Interior: 1\/1 color Papel: Bookcel 80 grs. N\u00ba de P\u00e1ginas: 176 Tapa:4 Colores - Cartulina - Laminado mate Encuadernaci\u00f3n: Binder \u00a0 \u00a0","rel":"","context":"Entrada similar","block_context":{"text":"Entrada similar","link":""},"img":{"alt_text":"El cardenal Pironio ha sido un testigo fiel de la elecci\u00f3n divina y del llamado a la santidad, respondiendo con gozosa docilidad a los designios de Dios.","src":"https:\/\/i0.wp.com\/libreriaguadalupe.com.ar\/libreria\/wp-content\/uploads\/2025\/07\/1-1.png?fit=960%2C1200&ssl=1&resize=350%2C200","width":350,"height":200,"srcset":"https:\/\/i0.wp.com\/libreriaguadalupe.com.ar\/libreria\/wp-content\/uploads\/2025\/07\/1-1.png?fit=960%2C1200&ssl=1&resize=350%2C200 1x, https:\/\/i0.wp.com\/libreriaguadalupe.com.ar\/libreria\/wp-content\/uploads\/2025\/07\/1-1.png?fit=960%2C1200&ssl=1&resize=525%2C300 1.5x, https:\/\/i0.wp.com\/libreriaguadalupe.com.ar\/libreria\/wp-content\/uploads\/2025\/07\/1-1.png?fit=960%2C1200&ssl=1&resize=700%2C400 2x"},"classes":[]},{"id":16101,"url":"https:\/\/libreriaguadalupe.com.ar\/libreria\/producto\/trigo-y-cizana\/","url_meta":{"origin":16631,"position":1},"title":"Trigo y ciza\u00f1a","author":"admin","date":"12\/02\/2023","format":false,"excerpt":"Nos dejamos conducir en la existencia por Quien nos ama y nos ha dado la vida por Amor. AUTOR: KAUFMANN JOSE [ VER M\u00c1S OBRAS ] ISBN: 9505008667","rel":"","context":"Entrada similar","block_context":{"text":"Entrada similar","link":""},"img":{"alt_text":"","src":"https:\/\/i0.wp.com\/libreriaguadalupe.com.ar\/libreria\/wp-content\/uploads\/2023\/02\/Trigo-y-cizana-chico.jpg?fit=354%2C500&ssl=1&resize=350%2C200","width":350,"height":200},"classes":[]},{"id":16122,"url":"https:\/\/libreriaguadalupe.com.ar\/libreria\/producto\/saber-perdonar\/","url_meta":{"origin":16631,"position":2},"title":"Saber perdonar","author":"admin","date":"12\/02\/2023","format":false,"excerpt":"Saber perdonar es un desaf\u00edo. AUTOR: KAUFMANN JOSE L. [ VER M\u00c1S OBRAS ] ISBN: 9505008865","rel":"","context":"Entrada similar","block_context":{"text":"Entrada similar","link":""},"img":{"alt_text":"","src":"https:\/\/i0.wp.com\/libreriaguadalupe.com.ar\/libreria\/wp-content\/uploads\/2023\/02\/Saber-perdonar-Tapa-chico.jpg?fit=355%2C500&ssl=1&resize=350%2C200","width":350,"height":200},"classes":[]},{"id":18260,"url":"https:\/\/libreriaguadalupe.com.ar\/libreria\/producto\/chip\/","url_meta":{"origin":16631,"position":3},"title":"Chip","author":"admin","date":"29\/08\/2024","format":false,"excerpt":"Autor: JOSE LUIS KAUFMANN [ VER M\u00c1S OBRAS ] ISBN: 978 950 500 926 8 Dimensiones: 15 x 22 cm P\u00e1ginas: 64","rel":"","context":"Entrada similar","block_context":{"text":"Entrada similar","link":""},"img":{"alt_text":"","src":"https:\/\/i0.wp.com\/libreriaguadalupe.com.ar\/libreria\/wp-content\/uploads\/2024\/08\/NOVEDAD-TIENDA-AGOSTO-6.jpg?fit=470%2C470&ssl=1&resize=350%2C200","width":350,"height":200},"classes":[]},{"id":12946,"url":"https:\/\/libreriaguadalupe.com.ar\/libreria\/producto\/anunciar-la-buena-noticia\/","url_meta":{"origin":16631,"position":4},"title":"Anunciar la buena noticia","author":"admin","date":"18\/01\/2023","format":false,"excerpt":"Homil\u00edas - Ciclo C Autor: \u00c1lvaro Franch Arruga, F\u00e9lix Felipe Cebollada, Javier Calvo Guinda, Jos\u00e9 Alegre Arag\u00fces, Lucio Arauzo G\u00f3mez, Luis G. Bet\u00e9s Palomo, Santiago Aparicio Felipe ISBN: 8481693774 Dimensiones: 15,5 x 24 cm P\u00e1ginas: 176","rel":"","context":"Entrada similar","block_context":{"text":"Entrada similar","link":""},"img":{"alt_text":"","src":"https:\/\/i0.wp.com\/libreriaguadalupe.com.ar\/libreria\/wp-content\/uploads\/2023\/01\/814.jpg?fit=227%2C357&ssl=1&resize=350%2C200","width":350,"height":200},"classes":[]},{"id":16988,"url":"https:\/\/libreriaguadalupe.com.ar\/libreria\/producto\/verdaderamente-este-hombre-era-hijo-de-dios-2\/","url_meta":{"origin":16631,"position":5},"title":"Verdaderamente este hombre era hijo de Dios","author":"admin","date":"23\/03\/2023","format":false,"excerpt":"Homil\u00edas - Ciclo B Autor: \u00c1lvaro Franch Arruga, F\u00e9lix Felipe Cebollada, Javier Calvo Guinda, Jos\u00e9 Alegre Arag\u00fces, Lucio Arauzo G\u00f3mez, Luis G. Bet\u00e9s Palomo, Santiago Aparicio Felipe ISBN: 8481698473 Dimensiones: 15,5 x 24 cm P\u00e1ginas: 304","rel":"","context":"Entrada similar","block_context":{"text":"Entrada similar","link":""},"img":{"alt_text":"","src":"https:\/\/i0.wp.com\/libreriaguadalupe.com.ar\/libreria\/wp-content\/uploads\/2023\/03\/Verdaderamente-este-hombre-era-hijo-de-Dios.jpg?fit=380%2C586&ssl=1&resize=350%2C200","width":350,"height":200},"classes":[]}],"_links":{"self":[{"href":"https:\/\/libreriaguadalupe.com.ar\/libreria\/wp-json\/wp\/v2\/product\/16631","targetHints":{"allow":["GET"]}}],"collection":[{"href":"https:\/\/libreriaguadalupe.com.ar\/libreria\/wp-json\/wp\/v2\/product"}],"about":[{"href":"https:\/\/libreriaguadalupe.com.ar\/libreria\/wp-json\/wp\/v2\/types\/product"}],"replies":[{"embeddable":true,"href":"https:\/\/libreriaguadalupe.com.ar\/libreria\/wp-json\/wp\/v2\/comments?post=16631"}],"version-history":[{"count":3,"href":"https:\/\/libreriaguadalupe.com.ar\/libreria\/wp-json\/wp\/v2\/product\/16631\/revisions"}],"predecessor-version":[{"id":18261,"href":"https:\/\/libreriaguadalupe.com.ar\/libreria\/wp-json\/wp\/v2\/product\/16631\/revisions\/18261"}],"wp:featuredmedia":[{"embeddable":true,"href":"https:\/\/libreriaguadalupe.com.ar\/libreria\/wp-json\/wp\/v2\/media\/16632"}],"wp:attachment":[{"href":"https:\/\/libreriaguadalupe.com.ar\/libreria\/wp-json\/wp\/v2\/media?parent=16631"}],"wp:term":[{"taxonomy":"product_brand","embeddable":true,"href":"https:\/\/libreriaguadalupe.com.ar\/libreria\/wp-json\/wp\/v2\/product_brand?post=16631"},{"taxonomy":"product_cat","embeddable":true,"href":"https:\/\/libreriaguadalupe.com.ar\/libreria\/wp-json\/wp\/v2\/product_cat?post=16631"},{"taxonomy":"product_tag","embeddable":true,"href":"https:\/\/libreriaguadalupe.com.ar\/libreria\/wp-json\/wp\/v2\/product_tag?post=16631"}],"curies":[{"name":"wp","href":"https:\/\/api.w.org\/{rel}","templated":true}]}}