{"id":16089,"date":"2023-02-12T16:49:21","date_gmt":"2023-02-12T19:49:21","guid":{"rendered":"https:\/\/libreriaguadalupe.com.ar\/libreria\/?post_type=product&#038;p=16089"},"modified":"2025-05-05T23:50:39","modified_gmt":"2025-05-06T02:50:39","slug":"el-ecosistema-del-silencio-fertil","status":"publish","type":"product","link":"https:\/\/libreriaguadalupe.com.ar\/libreria\/producto\/el-ecosistema-del-silencio-fertil\/","title":{"rendered":"El ecosistema del silencio f\u00e9rtil"},"content":{"rendered":"<h2 class=\"title-book\">El ecosistema del silencio f\u00e9rtil<\/h2>\n<h2>Viaje desde la palabra hacia tu interioridad fecunda<\/h2>\n<p>Saber estar en silencio es llegar a pertenecerse m\u00e1s. Es hacerse m\u00e1s consciente y m\u00e1s cr\u00edtico de todo, m\u00e1s due\u00f1o de las palabras, m\u00e1s capaz de resistencia ante la palabrer\u00eda vac\u00eda y vaciante, y ante el silencio usado como arma: el silencio hiriente y ninguneador.Hacerse m\u00e1s uno mismo. Por eso tiene que ver con la identidad. El silencio as\u00ed es fecundo: pues recuperando mi sustancia de mismidad, sustanci\u00e1ndose mi &#8216;yosoy&#8217; ya no desde fuera sino desde &#8216;la tierra existencial que soy y habito&#8217;, puedo, por fin, establecer un v\u00ednculo dialogal y nutriente con el t\u00fa, con el otro; un v\u00ednculo que no sea dependiente o posesivo, sino atento y receptivo. El silencio receptivo, contemplativo, dialogal, se vuelve ecosistema: un h\u00e1bitat cotidiano de equilibrio sustentable de la identidad, el amor y la creatividad. Este libro tiene su &#8216;hermano mellizo&#8217; llamado \u00abTe amar\u00e9 en Silencio\u00bb &#8211; tu Intimidad como Contemplativo de Dios y Receptivos del hermano\u00bb. Son parecidos, comparten ADN, se complementan; aunque cada uno tiene su n\u00facleo propio. En \u00e9ste, se acent\u00faa la consideraci\u00f3n del silencio como ecosistema y lugar de identidad personal, si bien siempre aparece su cualidad de &#8216;lugar del escucha del T\u00fa divino y el t\u00fa humano&#8217;. En el otro librito,se profundiza esa cualidad dial\u00f3gica que el silencio nutre y permite, y la reflexi\u00f3n sobre el Ecosistema que sostiene esta vincularidad, queda mencionada, pero sin ser desarrollada. En ambos, entre cap\u00edtulo y cap\u00edtulo hallar\u00e1s intercaladas, como poes\u00eda que nos d\u00e9 otra perspectiva y otra respiraci\u00f3n, algunas letras de canciones que fui componiendo -casi todas, \u00faltimamente. Escribo como quien recorre un paisaje: el sagrado lago del alma humana, rodeado de montes, bosques, vibrando con nuestra \u00e9poca\u2026, pero memorando tantas huellas y avizorando perspectivas. Por eso, voy y vengo: si has caminado lugares hermosos, sabes que no se trata de un \u00fanico trayecto lineal. Sabes que, al subir una altura, cambia tu paisaje, mejora tu perspectiva. Y que, si caminas rodeando el lago, el agua es la misma\u2026, pero ahora puedes ver otro bosque escondido en su lado opuesto, quiz\u00e1s de otras especies. Adem\u00e1s, cada hora del d\u00eda despierta nuevas tonalidades en las rocas: y as\u00ed descubres su composici\u00f3n y hasta su relieve. Te invito, entonces, a leer despacio. A parar en cada p\u00e1rrafo, sin que sientas que eso es un problema. Es como detenerte a mirar un \u00e1rbol hermoso. Qui\u00e9n te dijo que un libro debe ser una prueba de velocidad. \u00bfNo ser\u00e1n los mismos que te tratan de vender un tour de muchas ciudades en pocas jornadas, quiz\u00e1s\u2026? \u00bfO que nos aseguran que para mantener muchos \u00abamigos\u00bb basta verles algunas fotos y leer algunas frases que deciden editar? Reaccionemos. Andemos juntos por el coraz\u00f3n que se extravi\u00f3 en la palabrer\u00eda, se reconoce capaz de m\u00e1s sentido y solidez, y busca paz. El camino del silencio es el camino hacia ti mismo. Me conmueve percibir la b\u00fasqueda de tantas y tantos: una b\u00fasqueda de plenitud, de sentido, que no se mide por lo material, ni en vacaciones so\u00f1adas, ni por logros, ni excesos, ni escapes. Viajemos juntos sin apuro. Quienes nos hemos alejado de nuestra alma paso a paso, necesitamos volver paso a paso. Dale tiempo a este libro. Fue escrito -como su libro hermano- con tiempo, amor, y memoria de muchos que charlaron conmigo sus pesares y b\u00fasquedas. En el centro de ti mismo, te espera un premio; es una gracia de paz, pero no se te dar\u00e1 sin intentar paso a paso, p\u00e1rrafo a p\u00e1rrafo, comprender, acallar y dejar atr\u00e1s, desand\u00e1ndolos, a tus ruidosos, enga\u00f1osos laberintos.<\/p>\n","protected":false},"excerpt":{"rendered":"<h2>Viaje desde la palabra hacia tu interioridad fecunda<\/h2>\n<p>AUTOR: EDUARDO MEANA LAPORTE<\/p>\n<p>ISBN: 9505008469<\/p>\n","protected":false},"featured_media":16090,"comment_status":"open","ping_status":"closed","template":"","meta":{"jetpack_publicize_message":"","jetpack_publicize_feature_enabled":true,"jetpack_social_post_already_shared":true,"jetpack_social_options":{"image_generator_settings":{"template":"highway","default_image_id":0,"font":"","enabled":false},"version":2}},"product_brand":[],"product_cat":[88,121],"product_tag":[127],"class_list":{"0":"post-16089","1":"product","2":"type-product","3":"status-publish","4":"has-post-thumbnail","6":"product_cat-espiritualidad-cultura-social","7":"product_cat-guadalupe","8":"product_tag-editorial-guadalupe-de-argentina","10":"first","11":"instock","12":"shipping-taxable","13":"purchasable","14":"product-type-simple"},"yoast_head":"<!-- This site is optimized with the Yoast SEO plugin v27.4 - https:\/\/yoast.com\/product\/yoast-seo-wordpress\/ -->\n<title>El ecosistema del silencio f\u00e9rtil - Editorial Guadalupe de Argentina<\/title>\n<meta name=\"robots\" content=\"index, follow, max-snippet:-1, max-image-preview:large, max-video-preview:-1\" \/>\n<link rel=\"canonical\" href=\"https:\/\/libreriaguadalupe.com.ar\/libreria\/producto\/el-ecosistema-del-silencio-fertil\/\" \/>\n<meta property=\"og:locale\" content=\"es_ES\" \/>\n<meta property=\"og:type\" content=\"article\" \/>\n<meta property=\"og:title\" content=\"El ecosistema del silencio f\u00e9rtil - Editorial Guadalupe de Argentina\" \/>\n<meta property=\"og:description\" content=\"Viaje desde la palabra hacia tu interioridad fecunda AUTOR: EDUARDO MEANA LAPORTE  ISBN: 9505008469\" \/>\n<meta property=\"og:url\" content=\"https:\/\/libreriaguadalupe.com.ar\/libreria\/producto\/el-ecosistema-del-silencio-fertil\/\" \/>\n<meta property=\"og:site_name\" content=\"Editorial Guadalupe de Argentina\" \/>\n<meta property=\"article:publisher\" content=\"https:\/\/www.facebook.com\/LibreriaGuadalupeAR\/\" \/>\n<meta property=\"article:modified_time\" content=\"2025-05-06T02:50:39+00:00\" \/>\n<meta property=\"og:image\" content=\"https:\/\/libreriaguadalupe.com.ar\/libreria\/wp-content\/uploads\/2023\/02\/El-ecosistema-del-silencio-fertil.jpg\" \/>\n\t<meta property=\"og:image:width\" content=\"800\" \/>\n\t<meta property=\"og:image:height\" content=\"800\" \/>\n\t<meta property=\"og:image:type\" content=\"image\/jpeg\" \/>\n<meta name=\"twitter:card\" content=\"summary_large_image\" \/>\n<meta name=\"twitter:label1\" content=\"Tiempo de lectura\" \/>\n\t<meta name=\"twitter:data1\" content=\"3 minutos\" \/>\n<script type=\"application\/ld+json\" class=\"yoast-schema-graph\">{\"@context\":\"https:\\\/\\\/schema.org\",\"@graph\":[{\"@type\":\"WebPage\",\"@id\":\"https:\\\/\\\/libreriaguadalupe.com.ar\\\/libreria\\\/producto\\\/el-ecosistema-del-silencio-fertil\\\/\",\"url\":\"https:\\\/\\\/libreriaguadalupe.com.ar\\\/libreria\\\/producto\\\/el-ecosistema-del-silencio-fertil\\\/\",\"name\":\"El ecosistema del silencio f\u00e9rtil - Editorial Guadalupe de Argentina\",\"isPartOf\":{\"@id\":\"https:\\\/\\\/libreriaguadalupe.com.ar\\\/libreria\\\/#website\"},\"primaryImageOfPage\":{\"@id\":\"https:\\\/\\\/libreriaguadalupe.com.ar\\\/libreria\\\/producto\\\/el-ecosistema-del-silencio-fertil\\\/#primaryimage\"},\"image\":{\"@id\":\"https:\\\/\\\/libreriaguadalupe.com.ar\\\/libreria\\\/producto\\\/el-ecosistema-del-silencio-fertil\\\/#primaryimage\"},\"thumbnailUrl\":\"https:\\\/\\\/i0.wp.com\\\/libreriaguadalupe.com.ar\\\/libreria\\\/wp-content\\\/uploads\\\/2023\\\/02\\\/El-ecosistema-del-silencio-fertil.jpg?fit=800%2C800&ssl=1\",\"datePublished\":\"2023-02-12T19:49:21+00:00\",\"dateModified\":\"2025-05-06T02:50:39+00:00\",\"breadcrumb\":{\"@id\":\"https:\\\/\\\/libreriaguadalupe.com.ar\\\/libreria\\\/producto\\\/el-ecosistema-del-silencio-fertil\\\/#breadcrumb\"},\"inLanguage\":\"es\",\"potentialAction\":[{\"@type\":\"ReadAction\",\"target\":[\"https:\\\/\\\/libreriaguadalupe.com.ar\\\/libreria\\\/producto\\\/el-ecosistema-del-silencio-fertil\\\/\"]}]},{\"@type\":\"ImageObject\",\"inLanguage\":\"es\",\"@id\":\"https:\\\/\\\/libreriaguadalupe.com.ar\\\/libreria\\\/producto\\\/el-ecosistema-del-silencio-fertil\\\/#primaryimage\",\"url\":\"https:\\\/\\\/i0.wp.com\\\/libreriaguadalupe.com.ar\\\/libreria\\\/wp-content\\\/uploads\\\/2023\\\/02\\\/El-ecosistema-del-silencio-fertil.jpg?fit=800%2C800&ssl=1\",\"contentUrl\":\"https:\\\/\\\/i0.wp.com\\\/libreriaguadalupe.com.ar\\\/libreria\\\/wp-content\\\/uploads\\\/2023\\\/02\\\/El-ecosistema-del-silencio-fertil.jpg?fit=800%2C800&ssl=1\",\"width\":800,\"height\":800},{\"@type\":\"BreadcrumbList\",\"@id\":\"https:\\\/\\\/libreriaguadalupe.com.ar\\\/libreria\\\/producto\\\/el-ecosistema-del-silencio-fertil\\\/#breadcrumb\",\"itemListElement\":[{\"@type\":\"ListItem\",\"position\":1,\"name\":\"Portada\",\"item\":\"https:\\\/\\\/libreriaguadalupe.com.ar\\\/libreria\\\/\"},{\"@type\":\"ListItem\",\"position\":2,\"name\":\"Tienda\",\"item\":\"https:\\\/\\\/libreriaguadalupe.com.ar\\\/libreria\\\/\"},{\"@type\":\"ListItem\",\"position\":3,\"name\":\"El ecosistema del silencio f\u00e9rtil\"}]},{\"@type\":\"WebSite\",\"@id\":\"https:\\\/\\\/libreriaguadalupe.com.ar\\\/libreria\\\/#website\",\"url\":\"https:\\\/\\\/libreriaguadalupe.com.ar\\\/libreria\\\/\",\"name\":\"Editorial Guadalupe de Argentina\",\"description\":\"Congregaci\u00f3n del Verbo Divino\",\"publisher\":{\"@id\":\"https:\\\/\\\/libreriaguadalupe.com.ar\\\/libreria\\\/#organization\"},\"alternateName\":\"Librer\u00eda Guadalupe\",\"potentialAction\":[{\"@type\":\"SearchAction\",\"target\":{\"@type\":\"EntryPoint\",\"urlTemplate\":\"https:\\\/\\\/libreriaguadalupe.com.ar\\\/libreria\\\/?s={search_term_string}\"},\"query-input\":{\"@type\":\"PropertyValueSpecification\",\"valueRequired\":true,\"valueName\":\"search_term_string\"}}],\"inLanguage\":\"es\"},{\"@type\":\"Organization\",\"@id\":\"https:\\\/\\\/libreriaguadalupe.com.ar\\\/libreria\\\/#organization\",\"name\":\"Editorial Guadalupe\",\"alternateName\":\"Librer\u00eda Guadalupe\",\"url\":\"https:\\\/\\\/libreriaguadalupe.com.ar\\\/libreria\\\/\",\"logo\":{\"@type\":\"ImageObject\",\"inLanguage\":\"es\",\"@id\":\"https:\\\/\\\/libreriaguadalupe.com.ar\\\/libreria\\\/#\\\/schema\\\/logo\\\/image\\\/\",\"url\":\"https:\\\/\\\/i0.wp.com\\\/libreriaguadalupe.com.ar\\\/libreria\\\/wp-content\\\/uploads\\\/2023\\\/01\\\/cropped-logo-editorial-guadalupe.webp?fit=500%2C100&ssl=1\",\"contentUrl\":\"https:\\\/\\\/i0.wp.com\\\/libreriaguadalupe.com.ar\\\/libreria\\\/wp-content\\\/uploads\\\/2023\\\/01\\\/cropped-logo-editorial-guadalupe.webp?fit=500%2C100&ssl=1\",\"width\":500,\"height\":100,\"caption\":\"Editorial Guadalupe\"},\"image\":{\"@id\":\"https:\\\/\\\/libreriaguadalupe.com.ar\\\/libreria\\\/#\\\/schema\\\/logo\\\/image\\\/\"},\"sameAs\":[\"https:\\\/\\\/www.facebook.com\\\/LibreriaGuadalupeAR\\\/\",\"https:\\\/\\\/www.instagram.com\\\/editorialguadalupe\\\/\",\"https:\\\/\\\/guadalupeeditorial.mercadoshops.com.ar\\\/\"]}]}<\/script>\n<!-- \/ Yoast SEO plugin. -->","yoast_head_json":{"title":"El ecosistema del silencio f\u00e9rtil - Editorial Guadalupe de Argentina","robots":{"index":"index","follow":"follow","max-snippet":"max-snippet:-1","max-image-preview":"max-image-preview:large","max-video-preview":"max-video-preview:-1"},"canonical":"https:\/\/libreriaguadalupe.com.ar\/libreria\/producto\/el-ecosistema-del-silencio-fertil\/","og_locale":"es_ES","og_type":"article","og_title":"El ecosistema del silencio f\u00e9rtil - Editorial Guadalupe de Argentina","og_description":"Viaje desde la palabra hacia tu interioridad fecunda AUTOR: EDUARDO MEANA LAPORTE  ISBN: 9505008469","og_url":"https:\/\/libreriaguadalupe.com.ar\/libreria\/producto\/el-ecosistema-del-silencio-fertil\/","og_site_name":"Editorial Guadalupe de Argentina","article_publisher":"https:\/\/www.facebook.com\/LibreriaGuadalupeAR\/","article_modified_time":"2025-05-06T02:50:39+00:00","og_image":[{"width":800,"height":800,"url":"https:\/\/libreriaguadalupe.com.ar\/libreria\/wp-content\/uploads\/2023\/02\/El-ecosistema-del-silencio-fertil.jpg","type":"image\/jpeg"}],"twitter_card":"summary_large_image","twitter_misc":{"Tiempo de lectura":"3 minutos"},"schema":{"@context":"https:\/\/schema.org","@graph":[{"@type":"WebPage","@id":"https:\/\/libreriaguadalupe.com.ar\/libreria\/producto\/el-ecosistema-del-silencio-fertil\/","url":"https:\/\/libreriaguadalupe.com.ar\/libreria\/producto\/el-ecosistema-del-silencio-fertil\/","name":"El ecosistema del silencio f\u00e9rtil - Editorial Guadalupe de Argentina","isPartOf":{"@id":"https:\/\/libreriaguadalupe.com.ar\/libreria\/#website"},"primaryImageOfPage":{"@id":"https:\/\/libreriaguadalupe.com.ar\/libreria\/producto\/el-ecosistema-del-silencio-fertil\/#primaryimage"},"image":{"@id":"https:\/\/libreriaguadalupe.com.ar\/libreria\/producto\/el-ecosistema-del-silencio-fertil\/#primaryimage"},"thumbnailUrl":"https:\/\/i0.wp.com\/libreriaguadalupe.com.ar\/libreria\/wp-content\/uploads\/2023\/02\/El-ecosistema-del-silencio-fertil.jpg?fit=800%2C800&ssl=1","datePublished":"2023-02-12T19:49:21+00:00","dateModified":"2025-05-06T02:50:39+00:00","breadcrumb":{"@id":"https:\/\/libreriaguadalupe.com.ar\/libreria\/producto\/el-ecosistema-del-silencio-fertil\/#breadcrumb"},"inLanguage":"es","potentialAction":[{"@type":"ReadAction","target":["https:\/\/libreriaguadalupe.com.ar\/libreria\/producto\/el-ecosistema-del-silencio-fertil\/"]}]},{"@type":"ImageObject","inLanguage":"es","@id":"https:\/\/libreriaguadalupe.com.ar\/libreria\/producto\/el-ecosistema-del-silencio-fertil\/#primaryimage","url":"https:\/\/i0.wp.com\/libreriaguadalupe.com.ar\/libreria\/wp-content\/uploads\/2023\/02\/El-ecosistema-del-silencio-fertil.jpg?fit=800%2C800&ssl=1","contentUrl":"https:\/\/i0.wp.com\/libreriaguadalupe.com.ar\/libreria\/wp-content\/uploads\/2023\/02\/El-ecosistema-del-silencio-fertil.jpg?fit=800%2C800&ssl=1","width":800,"height":800},{"@type":"BreadcrumbList","@id":"https:\/\/libreriaguadalupe.com.ar\/libreria\/producto\/el-ecosistema-del-silencio-fertil\/#breadcrumb","itemListElement":[{"@type":"ListItem","position":1,"name":"Portada","item":"https:\/\/libreriaguadalupe.com.ar\/libreria\/"},{"@type":"ListItem","position":2,"name":"Tienda","item":"https:\/\/libreriaguadalupe.com.ar\/libreria\/"},{"@type":"ListItem","position":3,"name":"El ecosistema del silencio f\u00e9rtil"}]},{"@type":"WebSite","@id":"https:\/\/libreriaguadalupe.com.ar\/libreria\/#website","url":"https:\/\/libreriaguadalupe.com.ar\/libreria\/","name":"Editorial Guadalupe de Argentina","description":"Congregaci\u00f3n del Verbo Divino","publisher":{"@id":"https:\/\/libreriaguadalupe.com.ar\/libreria\/#organization"},"alternateName":"Librer\u00eda Guadalupe","potentialAction":[{"@type":"SearchAction","target":{"@type":"EntryPoint","urlTemplate":"https:\/\/libreriaguadalupe.com.ar\/libreria\/?s={search_term_string}"},"query-input":{"@type":"PropertyValueSpecification","valueRequired":true,"valueName":"search_term_string"}}],"inLanguage":"es"},{"@type":"Organization","@id":"https:\/\/libreriaguadalupe.com.ar\/libreria\/#organization","name":"Editorial Guadalupe","alternateName":"Librer\u00eda Guadalupe","url":"https:\/\/libreriaguadalupe.com.ar\/libreria\/","logo":{"@type":"ImageObject","inLanguage":"es","@id":"https:\/\/libreriaguadalupe.com.ar\/libreria\/#\/schema\/logo\/image\/","url":"https:\/\/i0.wp.com\/libreriaguadalupe.com.ar\/libreria\/wp-content\/uploads\/2023\/01\/cropped-logo-editorial-guadalupe.webp?fit=500%2C100&ssl=1","contentUrl":"https:\/\/i0.wp.com\/libreriaguadalupe.com.ar\/libreria\/wp-content\/uploads\/2023\/01\/cropped-logo-editorial-guadalupe.webp?fit=500%2C100&ssl=1","width":500,"height":100,"caption":"Editorial Guadalupe"},"image":{"@id":"https:\/\/libreriaguadalupe.com.ar\/libreria\/#\/schema\/logo\/image\/"},"sameAs":["https:\/\/www.facebook.com\/LibreriaGuadalupeAR\/","https:\/\/www.instagram.com\/editorialguadalupe\/","https:\/\/guadalupeeditorial.mercadoshops.com.ar\/"]}]}},"jetpack_publicize_connections":[],"jetpack_sharing_enabled":true,"jetpack-related-posts":[{"id":15966,"url":"https:\/\/libreriaguadalupe.com.ar\/libreria\/producto\/te-amare-en-silencio-e-book\/","url_meta":{"origin":16089,"position":0},"title":"Te amar\u00e9 en silencio (E-BOOK)","author":"admin","date":"12\/02\/2023","format":false,"excerpt":"EDICION DIGITAL AUTOR: EDUARDO MEANA L ISBN: 9505007905","rel":"","context":"Entrada similar","block_context":{"text":"Entrada similar","link":""},"img":{"alt_text":"","src":"https:\/\/i0.wp.com\/libreriaguadalupe.com.ar\/libreria\/wp-content\/uploads\/2023\/02\/Te-amare-en-silencio-chico.jpg?fit=333%2C500&ssl=1&resize=350%2C200","width":350,"height":200},"classes":[]},{"id":15971,"url":"https:\/\/libreriaguadalupe.com.ar\/libreria\/producto\/te-amare-en-silencio\/","url_meta":{"origin":16089,"position":1},"title":"Te amar\u00e9 en silencio","author":"admin","date":"12\/02\/2023","format":false,"excerpt":"AUTOR: EDUARDO MEANA L ISBN: 9505008476","rel":"","context":"Entrada similar","block_context":{"text":"Entrada similar","link":""},"img":{"alt_text":"","src":"https:\/\/i0.wp.com\/libreriaguadalupe.com.ar\/libreria\/wp-content\/uploads\/2023\/02\/Te-amare-en-silencio-chico.jpg?fit=333%2C500&ssl=1&resize=350%2C200","width":350,"height":200},"classes":[]},{"id":17680,"url":"https:\/\/libreriaguadalupe.com.ar\/libreria\/producto\/escuela-de-silencio\/","url_meta":{"origin":16089,"position":2},"title":"Escuela de Silencio","author":"admin","date":"23\/11\/2023","format":false,"excerpt":"Aprendiendo a silenciar nuestra mente, para que nuestra vida sea m\u00e1s plena y m\u00e1s fecunda Autor: IRENE ROSA KLEIN [ VER M\u00c1S OBRAS ] ISBN: 978-950-500-910-7 Dimensiones: 16 x 23 cm P\u00e1ginas: 216","rel":"","context":"Entrada similar","block_context":{"text":"Entrada similar","link":""},"img":{"alt_text":"","src":"https:\/\/i0.wp.com\/libreriaguadalupe.com.ar\/libreria\/wp-content\/uploads\/2023\/11\/Escuela-de-silencio.png?fit=470%2C682&ssl=1&resize=350%2C200","width":350,"height":200},"classes":[]},{"id":12816,"url":"https:\/\/libreriaguadalupe.com.ar\/libreria\/producto\/la-palabra-que-nace-del-silencio\/","url_meta":{"origin":16089,"position":3},"title":"La palabra que nace del silencio","author":"admin","date":"18\/01\/2023","format":false,"excerpt":"AUTOR: Isingrini, Virginia ISBN 8481696059","rel":"","context":"Entrada similar","block_context":{"text":"Entrada similar","link":""},"img":{"alt_text":"","src":"","width":0,"height":0},"classes":[]},{"id":15816,"url":"https:\/\/libreriaguadalupe.com.ar\/libreria\/producto\/violencia-sexismo-silencio\/","url_meta":{"origin":16089,"position":4},"title":"Violencia, sexismo, silencio","author":"admin","date":"11\/02\/2023","format":false,"excerpt":"In-conclusiones en el libro de los Jueces Autor: Mercedes Navarro Puerto ISBN: 8499456232 Dimensiones: 16 x 24 cm P\u00e1ginas: 192","rel":"","context":"Entrada similar","block_context":{"text":"Entrada similar","link":""},"img":{"alt_text":"","src":"https:\/\/i0.wp.com\/libreriaguadalupe.com.ar\/libreria\/wp-content\/uploads\/2023\/02\/Violencia-sexismo-silencio.jpg?fit=380%2C586&ssl=1&resize=350%2C200","width":350,"height":200},"classes":[]},{"id":18020,"url":"https:\/\/libreriaguadalupe.com.ar\/libreria\/producto\/silencio-lo-esencial-de-la-mente\/","url_meta":{"origin":16089,"position":5},"title":"Silencio, lo esencial de la mente","author":"admin","date":"08\/05\/2024","format":false,"excerpt":"Autor: RYSZARD KLEIN ISBN: 978-950-500-923-7 Dimensiones: 15,5 x 22,5 cm P\u00e1ginas: 326","rel":"","context":"Entrada similar","block_context":{"text":"Entrada similar","link":""},"img":{"alt_text":"","src":"https:\/\/i0.wp.com\/libreriaguadalupe.com.ar\/libreria\/wp-content\/uploads\/2024\/05\/NOVEDAD-TIENDA-MAYO-1.jpg?fit=470%2C470&ssl=1&resize=350%2C200","width":350,"height":200},"classes":[]}],"_links":{"self":[{"href":"https:\/\/libreriaguadalupe.com.ar\/libreria\/wp-json\/wp\/v2\/product\/16089","targetHints":{"allow":["GET"]}}],"collection":[{"href":"https:\/\/libreriaguadalupe.com.ar\/libreria\/wp-json\/wp\/v2\/product"}],"about":[{"href":"https:\/\/libreriaguadalupe.com.ar\/libreria\/wp-json\/wp\/v2\/types\/product"}],"replies":[{"embeddable":true,"href":"https:\/\/libreriaguadalupe.com.ar\/libreria\/wp-json\/wp\/v2\/comments?post=16089"}],"version-history":[{"count":1,"href":"https:\/\/libreriaguadalupe.com.ar\/libreria\/wp-json\/wp\/v2\/product\/16089\/revisions"}],"predecessor-version":[{"id":16091,"href":"https:\/\/libreriaguadalupe.com.ar\/libreria\/wp-json\/wp\/v2\/product\/16089\/revisions\/16091"}],"wp:featuredmedia":[{"embeddable":true,"href":"https:\/\/libreriaguadalupe.com.ar\/libreria\/wp-json\/wp\/v2\/media\/16090"}],"wp:attachment":[{"href":"https:\/\/libreriaguadalupe.com.ar\/libreria\/wp-json\/wp\/v2\/media?parent=16089"}],"wp:term":[{"taxonomy":"product_brand","embeddable":true,"href":"https:\/\/libreriaguadalupe.com.ar\/libreria\/wp-json\/wp\/v2\/product_brand?post=16089"},{"taxonomy":"product_cat","embeddable":true,"href":"https:\/\/libreriaguadalupe.com.ar\/libreria\/wp-json\/wp\/v2\/product_cat?post=16089"},{"taxonomy":"product_tag","embeddable":true,"href":"https:\/\/libreriaguadalupe.com.ar\/libreria\/wp-json\/wp\/v2\/product_tag?post=16089"}],"curies":[{"name":"wp","href":"https:\/\/api.w.org\/{rel}","templated":true}]}}