{"id":16086,"date":"2023-02-12T16:41:30","date_gmt":"2023-02-12T19:41:30","guid":{"rendered":"https:\/\/libreriaguadalupe.com.ar\/libreria\/?post_type=product&#038;p=16086"},"modified":"2025-11-25T10:27:33","modified_gmt":"2025-11-25T13:27:33","slug":"teoterapia","status":"publish","type":"product","link":"https:\/\/libreriaguadalupe.com.ar\/libreria\/producto\/teoterapia\/","title":{"rendered":"Teoterapia"},"content":{"rendered":"<p>La propuesta de este libro queda abarcada por una palabra que centraliza la finalidad del mismo: Teoterapia. Es el ensamble de dos t\u00e9rminos griegos, a saber: The\u00f3s: Dios y therapeia: curaci\u00f3n, sanaci\u00f3n, servicio, ordenamiento. Son tres los t\u00e9rminos neotestamentarios que se entrelazan bajo una misma mirada y conceptualizaci\u00f3n: therapeuo: servir, cuidar, sanar; therapeia \u2013 tal como lo expres\u00e9 anteriormente y therapon \u2013 de donde viene \u201cterapeuta\u201d. Al acudir al Evangelio encontramos en leemos en Mateo 4, 23: \u201cJes\u00fas recorr\u00eda toda la Galilea, ense\u00f1ando en sus sinagogas, proclamando la Buena Noticia del Reino y curando todas las enfermedades y dolencias de la gente\u201d. Dios es orden y quiere que nos ordenemos. Jesucristo, el Se\u00f1or, ya nos redimi\u00f3. Nos liber\u00f3 del poder de la hamart\u00eda, Rm 5, 12, de fuerza mal\u00e9fica que enajena al hombre. La palabra redenci\u00f3n, del griego apol\u00fatrosis implica una liberaci\u00f3n y, por tanto, sanaci\u00f3n, restituci\u00f3n a la Alianza con Dios. Los bautizados tenemos la obligaci\u00f3n moral de Vivir en Alianza. Jesucristo es la VIDA. En \u00c9l hallamos la felicidad: esa tarea interior con la que colaboramos diariamente, la cual se expresa a trav\u00e9s del gozo y el bienestar interior. Hay gozo cuando vivimos en el amor de Cristo. Hay bienestar cuando se logra la regularidad del \u00e1nimo suficiente para revitalizar nuestra vida. Ese impulso vital proviene del Esp\u00edritu. Al vivir en Alianza, la presencia de Dios nos revigoriza. Y as\u00ed confrontamos la vida con sus circunstancias y desaf\u00edos confiados en Dios, en la presencia de Su Divina Providencia en medio de nuestros asuntos cotidianos. Las tem\u00e1ticas que desarrollo en el libro nos permitir\u00e1n y ayudar\u00e1n a reflexionar sobre c\u00f3mo contribuir a este plan de Salvaci\u00f3n que Dios ha trazado para sus hijos.<\/p>\n","protected":false},"excerpt":{"rendered":"<h2>Acompa\u00f1amiento espiritual<\/h2>\n<p>AUTOR: CLAUDIO RIZZO<\/p>\n<p>ISBN: 9505008490<\/p>\n","protected":false},"featured_media":18308,"comment_status":"open","ping_status":"closed","template":"","meta":{"jetpack_publicize_message":"","jetpack_publicize_feature_enabled":true,"jetpack_social_post_already_shared":true,"jetpack_social_options":{"image_generator_settings":{"template":"highway","default_image_id":0,"font":"","enabled":false},"version":2}},"product_brand":[],"product_cat":[88,121,149],"product_tag":[127],"class_list":{"0":"post-16086","1":"product","2":"type-product","3":"status-publish","4":"has-post-thumbnail","6":"product_cat-espiritualidad-cultura-social","7":"product_cat-guadalupe","8":"product_cat-mes-de-la-biblia","9":"product_tag-editorial-guadalupe-de-argentina","11":"first","12":"instock","13":"shipping-taxable","14":"purchasable","15":"product-type-simple"},"yoast_head":"<!-- This site is optimized with the Yoast SEO plugin v27.4 - https:\/\/yoast.com\/product\/yoast-seo-wordpress\/ -->\n<title>Teoterapia - Editorial Guadalupe de Argentina<\/title>\n<meta name=\"robots\" content=\"index, follow, max-snippet:-1, max-image-preview:large, max-video-preview:-1\" \/>\n<link rel=\"canonical\" href=\"https:\/\/libreriaguadalupe.com.ar\/libreria\/producto\/teoterapia\/\" \/>\n<meta property=\"og:locale\" content=\"es_ES\" \/>\n<meta property=\"og:type\" content=\"article\" \/>\n<meta property=\"og:title\" content=\"Teoterapia - Editorial Guadalupe de Argentina\" \/>\n<meta property=\"og:description\" content=\"Acompa\u00f1amiento espiritual AUTOR: CLAUDIO RIZZO  ISBN: 9505008490\" \/>\n<meta property=\"og:url\" content=\"https:\/\/libreriaguadalupe.com.ar\/libreria\/producto\/teoterapia\/\" \/>\n<meta property=\"og:site_name\" content=\"Editorial Guadalupe de Argentina\" \/>\n<meta property=\"article:publisher\" content=\"https:\/\/www.facebook.com\/LibreriaGuadalupeAR\/\" \/>\n<meta property=\"article:modified_time\" content=\"2025-11-25T13:27:33+00:00\" \/>\n<meta property=\"og:image\" content=\"https:\/\/libreriaguadalupe.com.ar\/libreria\/wp-content\/uploads\/2023\/02\/MES-DE-LA-BIBLIA-2024-guada5.jpg\" \/>\n\t<meta property=\"og:image:width\" content=\"470\" \/>\n\t<meta property=\"og:image:height\" content=\"470\" \/>\n\t<meta property=\"og:image:type\" content=\"image\/jpeg\" \/>\n<meta name=\"twitter:card\" content=\"summary_large_image\" \/>\n<meta name=\"twitter:label1\" content=\"Tiempo de lectura\" \/>\n\t<meta name=\"twitter:data1\" content=\"2 minutos\" \/>\n<script type=\"application\/ld+json\" class=\"yoast-schema-graph\">{\"@context\":\"https:\\\/\\\/schema.org\",\"@graph\":[{\"@type\":\"WebPage\",\"@id\":\"https:\\\/\\\/libreriaguadalupe.com.ar\\\/libreria\\\/producto\\\/teoterapia\\\/\",\"url\":\"https:\\\/\\\/libreriaguadalupe.com.ar\\\/libreria\\\/producto\\\/teoterapia\\\/\",\"name\":\"Teoterapia - Editorial Guadalupe de Argentina\",\"isPartOf\":{\"@id\":\"https:\\\/\\\/libreriaguadalupe.com.ar\\\/libreria\\\/#website\"},\"primaryImageOfPage\":{\"@id\":\"https:\\\/\\\/libreriaguadalupe.com.ar\\\/libreria\\\/producto\\\/teoterapia\\\/#primaryimage\"},\"image\":{\"@id\":\"https:\\\/\\\/libreriaguadalupe.com.ar\\\/libreria\\\/producto\\\/teoterapia\\\/#primaryimage\"},\"thumbnailUrl\":\"https:\\\/\\\/i0.wp.com\\\/libreriaguadalupe.com.ar\\\/libreria\\\/wp-content\\\/uploads\\\/2023\\\/02\\\/MES-DE-LA-BIBLIA-2024-guada5.jpg?fit=470%2C470&ssl=1\",\"datePublished\":\"2023-02-12T19:41:30+00:00\",\"dateModified\":\"2025-11-25T13:27:33+00:00\",\"breadcrumb\":{\"@id\":\"https:\\\/\\\/libreriaguadalupe.com.ar\\\/libreria\\\/producto\\\/teoterapia\\\/#breadcrumb\"},\"inLanguage\":\"es\",\"potentialAction\":[{\"@type\":\"ReadAction\",\"target\":[\"https:\\\/\\\/libreriaguadalupe.com.ar\\\/libreria\\\/producto\\\/teoterapia\\\/\"]}]},{\"@type\":\"ImageObject\",\"inLanguage\":\"es\",\"@id\":\"https:\\\/\\\/libreriaguadalupe.com.ar\\\/libreria\\\/producto\\\/teoterapia\\\/#primaryimage\",\"url\":\"https:\\\/\\\/i0.wp.com\\\/libreriaguadalupe.com.ar\\\/libreria\\\/wp-content\\\/uploads\\\/2023\\\/02\\\/MES-DE-LA-BIBLIA-2024-guada5.jpg?fit=470%2C470&ssl=1\",\"contentUrl\":\"https:\\\/\\\/i0.wp.com\\\/libreriaguadalupe.com.ar\\\/libreria\\\/wp-content\\\/uploads\\\/2023\\\/02\\\/MES-DE-LA-BIBLIA-2024-guada5.jpg?fit=470%2C470&ssl=1\",\"width\":470,\"height\":470},{\"@type\":\"BreadcrumbList\",\"@id\":\"https:\\\/\\\/libreriaguadalupe.com.ar\\\/libreria\\\/producto\\\/teoterapia\\\/#breadcrumb\",\"itemListElement\":[{\"@type\":\"ListItem\",\"position\":1,\"name\":\"Portada\",\"item\":\"https:\\\/\\\/libreriaguadalupe.com.ar\\\/libreria\\\/\"},{\"@type\":\"ListItem\",\"position\":2,\"name\":\"Tienda\",\"item\":\"https:\\\/\\\/libreriaguadalupe.com.ar\\\/libreria\\\/\"},{\"@type\":\"ListItem\",\"position\":3,\"name\":\"Teoterapia\"}]},{\"@type\":\"WebSite\",\"@id\":\"https:\\\/\\\/libreriaguadalupe.com.ar\\\/libreria\\\/#website\",\"url\":\"https:\\\/\\\/libreriaguadalupe.com.ar\\\/libreria\\\/\",\"name\":\"Editorial Guadalupe de Argentina\",\"description\":\"Congregaci\u00f3n del Verbo Divino\",\"publisher\":{\"@id\":\"https:\\\/\\\/libreriaguadalupe.com.ar\\\/libreria\\\/#organization\"},\"alternateName\":\"Librer\u00eda Guadalupe\",\"potentialAction\":[{\"@type\":\"SearchAction\",\"target\":{\"@type\":\"EntryPoint\",\"urlTemplate\":\"https:\\\/\\\/libreriaguadalupe.com.ar\\\/libreria\\\/?s={search_term_string}\"},\"query-input\":{\"@type\":\"PropertyValueSpecification\",\"valueRequired\":true,\"valueName\":\"search_term_string\"}}],\"inLanguage\":\"es\"},{\"@type\":\"Organization\",\"@id\":\"https:\\\/\\\/libreriaguadalupe.com.ar\\\/libreria\\\/#organization\",\"name\":\"Editorial Guadalupe\",\"alternateName\":\"Librer\u00eda Guadalupe\",\"url\":\"https:\\\/\\\/libreriaguadalupe.com.ar\\\/libreria\\\/\",\"logo\":{\"@type\":\"ImageObject\",\"inLanguage\":\"es\",\"@id\":\"https:\\\/\\\/libreriaguadalupe.com.ar\\\/libreria\\\/#\\\/schema\\\/logo\\\/image\\\/\",\"url\":\"https:\\\/\\\/i0.wp.com\\\/libreriaguadalupe.com.ar\\\/libreria\\\/wp-content\\\/uploads\\\/2023\\\/01\\\/cropped-logo-editorial-guadalupe.webp?fit=500%2C100&ssl=1\",\"contentUrl\":\"https:\\\/\\\/i0.wp.com\\\/libreriaguadalupe.com.ar\\\/libreria\\\/wp-content\\\/uploads\\\/2023\\\/01\\\/cropped-logo-editorial-guadalupe.webp?fit=500%2C100&ssl=1\",\"width\":500,\"height\":100,\"caption\":\"Editorial Guadalupe\"},\"image\":{\"@id\":\"https:\\\/\\\/libreriaguadalupe.com.ar\\\/libreria\\\/#\\\/schema\\\/logo\\\/image\\\/\"},\"sameAs\":[\"https:\\\/\\\/www.facebook.com\\\/LibreriaGuadalupeAR\\\/\",\"https:\\\/\\\/www.instagram.com\\\/editorialguadalupe\\\/\",\"https:\\\/\\\/guadalupeeditorial.mercadoshops.com.ar\\\/\"]}]}<\/script>\n<!-- \/ Yoast SEO plugin. -->","yoast_head_json":{"title":"Teoterapia - Editorial Guadalupe de Argentina","robots":{"index":"index","follow":"follow","max-snippet":"max-snippet:-1","max-image-preview":"max-image-preview:large","max-video-preview":"max-video-preview:-1"},"canonical":"https:\/\/libreriaguadalupe.com.ar\/libreria\/producto\/teoterapia\/","og_locale":"es_ES","og_type":"article","og_title":"Teoterapia - Editorial Guadalupe de Argentina","og_description":"Acompa\u00f1amiento espiritual AUTOR: CLAUDIO RIZZO  ISBN: 9505008490","og_url":"https:\/\/libreriaguadalupe.com.ar\/libreria\/producto\/teoterapia\/","og_site_name":"Editorial Guadalupe de Argentina","article_publisher":"https:\/\/www.facebook.com\/LibreriaGuadalupeAR\/","article_modified_time":"2025-11-25T13:27:33+00:00","og_image":[{"width":470,"height":470,"url":"https:\/\/libreriaguadalupe.com.ar\/libreria\/wp-content\/uploads\/2023\/02\/MES-DE-LA-BIBLIA-2024-guada5.jpg","type":"image\/jpeg"}],"twitter_card":"summary_large_image","twitter_misc":{"Tiempo de lectura":"2 minutos"},"schema":{"@context":"https:\/\/schema.org","@graph":[{"@type":"WebPage","@id":"https:\/\/libreriaguadalupe.com.ar\/libreria\/producto\/teoterapia\/","url":"https:\/\/libreriaguadalupe.com.ar\/libreria\/producto\/teoterapia\/","name":"Teoterapia - Editorial Guadalupe de Argentina","isPartOf":{"@id":"https:\/\/libreriaguadalupe.com.ar\/libreria\/#website"},"primaryImageOfPage":{"@id":"https:\/\/libreriaguadalupe.com.ar\/libreria\/producto\/teoterapia\/#primaryimage"},"image":{"@id":"https:\/\/libreriaguadalupe.com.ar\/libreria\/producto\/teoterapia\/#primaryimage"},"thumbnailUrl":"https:\/\/i0.wp.com\/libreriaguadalupe.com.ar\/libreria\/wp-content\/uploads\/2023\/02\/MES-DE-LA-BIBLIA-2024-guada5.jpg?fit=470%2C470&ssl=1","datePublished":"2023-02-12T19:41:30+00:00","dateModified":"2025-11-25T13:27:33+00:00","breadcrumb":{"@id":"https:\/\/libreriaguadalupe.com.ar\/libreria\/producto\/teoterapia\/#breadcrumb"},"inLanguage":"es","potentialAction":[{"@type":"ReadAction","target":["https:\/\/libreriaguadalupe.com.ar\/libreria\/producto\/teoterapia\/"]}]},{"@type":"ImageObject","inLanguage":"es","@id":"https:\/\/libreriaguadalupe.com.ar\/libreria\/producto\/teoterapia\/#primaryimage","url":"https:\/\/i0.wp.com\/libreriaguadalupe.com.ar\/libreria\/wp-content\/uploads\/2023\/02\/MES-DE-LA-BIBLIA-2024-guada5.jpg?fit=470%2C470&ssl=1","contentUrl":"https:\/\/i0.wp.com\/libreriaguadalupe.com.ar\/libreria\/wp-content\/uploads\/2023\/02\/MES-DE-LA-BIBLIA-2024-guada5.jpg?fit=470%2C470&ssl=1","width":470,"height":470},{"@type":"BreadcrumbList","@id":"https:\/\/libreriaguadalupe.com.ar\/libreria\/producto\/teoterapia\/#breadcrumb","itemListElement":[{"@type":"ListItem","position":1,"name":"Portada","item":"https:\/\/libreriaguadalupe.com.ar\/libreria\/"},{"@type":"ListItem","position":2,"name":"Tienda","item":"https:\/\/libreriaguadalupe.com.ar\/libreria\/"},{"@type":"ListItem","position":3,"name":"Teoterapia"}]},{"@type":"WebSite","@id":"https:\/\/libreriaguadalupe.com.ar\/libreria\/#website","url":"https:\/\/libreriaguadalupe.com.ar\/libreria\/","name":"Editorial Guadalupe de Argentina","description":"Congregaci\u00f3n del Verbo Divino","publisher":{"@id":"https:\/\/libreriaguadalupe.com.ar\/libreria\/#organization"},"alternateName":"Librer\u00eda Guadalupe","potentialAction":[{"@type":"SearchAction","target":{"@type":"EntryPoint","urlTemplate":"https:\/\/libreriaguadalupe.com.ar\/libreria\/?s={search_term_string}"},"query-input":{"@type":"PropertyValueSpecification","valueRequired":true,"valueName":"search_term_string"}}],"inLanguage":"es"},{"@type":"Organization","@id":"https:\/\/libreriaguadalupe.com.ar\/libreria\/#organization","name":"Editorial Guadalupe","alternateName":"Librer\u00eda Guadalupe","url":"https:\/\/libreriaguadalupe.com.ar\/libreria\/","logo":{"@type":"ImageObject","inLanguage":"es","@id":"https:\/\/libreriaguadalupe.com.ar\/libreria\/#\/schema\/logo\/image\/","url":"https:\/\/i0.wp.com\/libreriaguadalupe.com.ar\/libreria\/wp-content\/uploads\/2023\/01\/cropped-logo-editorial-guadalupe.webp?fit=500%2C100&ssl=1","contentUrl":"https:\/\/i0.wp.com\/libreriaguadalupe.com.ar\/libreria\/wp-content\/uploads\/2023\/01\/cropped-logo-editorial-guadalupe.webp?fit=500%2C100&ssl=1","width":500,"height":100,"caption":"Editorial Guadalupe"},"image":{"@id":"https:\/\/libreriaguadalupe.com.ar\/libreria\/#\/schema\/logo\/image\/"},"sameAs":["https:\/\/www.facebook.com\/LibreriaGuadalupeAR\/","https:\/\/www.instagram.com\/editorialguadalupe\/","https:\/\/guadalupeeditorial.mercadoshops.com.ar\/"]}]}},"jetpack_publicize_connections":[],"jetpack_sharing_enabled":true,"jetpack-related-posts":[{"id":16063,"url":"https:\/\/libreriaguadalupe.com.ar\/libreria\/producto\/asumir-para-transformar\/","url_meta":{"origin":16086,"position":0},"title":"Asumir para transformar","author":"admin","date":"12\/02\/2023","format":false,"excerpt":"Psico-teolog\u00eda de la conversi\u00f3n y la madurez afectiva (Predicaciones n\u00ba 10) AUTOR: CLAUDIO RIZZO ISBN: 9505008353","rel":"","context":"Entrada similar","block_context":{"text":"Entrada similar","link":""},"img":{"alt_text":"","src":"https:\/\/i0.wp.com\/libreriaguadalupe.com.ar\/libreria\/wp-content\/uploads\/2023\/02\/ASUMIR-PARA-TRANSFORMAR.jpg?fit=351%2C500&ssl=1&resize=350%2C200","width":350,"height":200},"classes":[]},{"id":16772,"url":"https:\/\/libreriaguadalupe.com.ar\/libreria\/producto\/celebrando-la-palabra-cuaresma-y-semana\/","url_meta":{"origin":16086,"position":1},"title":"Celebrando La Palabra Cuaresma Y Semana","author":"admin","date":"21\/03\/2023","format":false,"excerpt":"Autor:\u00a0 GONZALEZ EDUARDO ISBN: 9789505005123 P\u00e1ginas: 112 Medidas: 11 x 17 cm","rel":"","context":"Entrada similar","block_context":{"text":"Entrada similar","link":""},"img":{"alt_text":"","src":"https:\/\/i0.wp.com\/libreriaguadalupe.com.ar\/libreria\/wp-content\/uploads\/2023\/03\/Celebrando-La-Palabra-Cuaresma-Y-Semana.jpeg?fit=374%2C500&ssl=1&resize=350%2C200","width":350,"height":200},"classes":[]},{"id":16749,"url":"https:\/\/libreriaguadalupe.com.ar\/libreria\/producto\/las-siete-palabras\/","url_meta":{"origin":16086,"position":2},"title":"Las Siete Palabras","author":"admin","date":"20\/03\/2023","format":false,"excerpt":"Autor: Ram\u00f3n Cu\u00e9 ISBN: 9505005215 Dimensiones: 19 x 12 cm P\u00e1ginas: 112","rel":"","context":"Entrada similar","block_context":{"text":"Entrada similar","link":""},"img":{"alt_text":"","src":"https:\/\/i0.wp.com\/libreriaguadalupe.com.ar\/libreria\/wp-content\/uploads\/2023\/03\/Las-siete-palabras.jpg?fit=467%2C794&ssl=1&resize=350%2C200","width":350,"height":200},"classes":[]},{"id":15516,"url":"https:\/\/libreriaguadalupe.com.ar\/libreria\/producto\/vocabulario-razonado-de-la-exegesis-biblica-2\/","url_meta":{"origin":16086,"position":3},"title":"Vocabulario razonado de ex\u00e9gesis b\u00edblica","author":"admin","date":"07\/02\/2023","format":false,"excerpt":"Los t\u00e9rminos, las aproximaciones, los autores AUTOR: Ska, Jean-Louis ISBN: 8481697216","rel":"","context":"Entrada similar","block_context":{"text":"Entrada similar","link":""},"img":{"alt_text":"","src":"https:\/\/i0.wp.com\/libreriaguadalupe.com.ar\/libreria\/wp-content\/uploads\/2023\/02\/Vocabulario-razonado-de-exegesis-biblica.jpg?fit=380%2C586&ssl=1&resize=350%2C200","width":350,"height":200},"classes":[]},{"id":18217,"url":"https:\/\/libreriaguadalupe.com.ar\/libreria\/producto\/en-busca-del-hilo-dorado\/","url_meta":{"origin":16086,"position":4},"title":"En busca del hilo dorado","author":"admin","date":"15\/08\/2024","format":false,"excerpt":"La Biblia y su mensaje central Autor: NIELS BERTHEL JOHANSEN ISBN: 978 950 500 933 6 Dimensiones: 15 x 23 cm P\u00e1ginas: 252","rel":"","context":"Entrada similar","block_context":{"text":"Entrada similar","link":""},"img":{"alt_text":"","src":"https:\/\/i0.wp.com\/libreriaguadalupe.com.ar\/libreria\/wp-content\/uploads\/2024\/08\/MES-DE-LA-BIBLIA-2024-guada1.jpg?fit=470%2C470&ssl=1&resize=350%2C200","width":350,"height":200},"classes":[]},{"id":15519,"url":"https:\/\/libreriaguadalupe.com.ar\/libreria\/producto\/interpretar-las-escrituras-2\/","url_meta":{"origin":16086,"position":5},"title":"Interpretar las Escrituras","author":"admin","date":"07\/02\/2023","format":false,"excerpt":"Actas del coloquio pastoral \"Dei Verbum\". Cuaderno B\u00edblico 175 AUTOR: EVD ISBN: 8490732854","rel":"","context":"Entrada similar","block_context":{"text":"Entrada similar","link":""},"img":{"alt_text":"","src":"https:\/\/i0.wp.com\/libreriaguadalupe.com.ar\/libreria\/wp-content\/uploads\/2023\/02\/Interpretar-las-Escrituras.jpg?fit=380%2C586&ssl=1&resize=350%2C200","width":350,"height":200},"classes":[]}],"_links":{"self":[{"href":"https:\/\/libreriaguadalupe.com.ar\/libreria\/wp-json\/wp\/v2\/product\/16086","targetHints":{"allow":["GET"]}}],"collection":[{"href":"https:\/\/libreriaguadalupe.com.ar\/libreria\/wp-json\/wp\/v2\/product"}],"about":[{"href":"https:\/\/libreriaguadalupe.com.ar\/libreria\/wp-json\/wp\/v2\/types\/product"}],"replies":[{"embeddable":true,"href":"https:\/\/libreriaguadalupe.com.ar\/libreria\/wp-json\/wp\/v2\/comments?post=16086"}],"version-history":[{"count":2,"href":"https:\/\/libreriaguadalupe.com.ar\/libreria\/wp-json\/wp\/v2\/product\/16086\/revisions"}],"predecessor-version":[{"id":18309,"href":"https:\/\/libreriaguadalupe.com.ar\/libreria\/wp-json\/wp\/v2\/product\/16086\/revisions\/18309"}],"wp:featuredmedia":[{"embeddable":true,"href":"https:\/\/libreriaguadalupe.com.ar\/libreria\/wp-json\/wp\/v2\/media\/18308"}],"wp:attachment":[{"href":"https:\/\/libreriaguadalupe.com.ar\/libreria\/wp-json\/wp\/v2\/media?parent=16086"}],"wp:term":[{"taxonomy":"product_brand","embeddable":true,"href":"https:\/\/libreriaguadalupe.com.ar\/libreria\/wp-json\/wp\/v2\/product_brand?post=16086"},{"taxonomy":"product_cat","embeddable":true,"href":"https:\/\/libreriaguadalupe.com.ar\/libreria\/wp-json\/wp\/v2\/product_cat?post=16086"},{"taxonomy":"product_tag","embeddable":true,"href":"https:\/\/libreriaguadalupe.com.ar\/libreria\/wp-json\/wp\/v2\/product_tag?post=16086"}],"curies":[{"name":"wp","href":"https:\/\/api.w.org\/{rel}","templated":true}]}}