{"id":16083,"date":"2023-02-12T16:37:19","date_gmt":"2023-02-12T19:37:19","guid":{"rendered":"https:\/\/libreriaguadalupe.com.ar\/libreria\/?post_type=product&#038;p=16083"},"modified":"2025-05-05T16:43:34","modified_gmt":"2025-05-05T19:43:34","slug":"corazonar-la-fragilidad","status":"publish","type":"product","link":"https:\/\/libreriaguadalupe.com.ar\/libreria\/producto\/corazonar-la-fragilidad\/","title":{"rendered":"Corazonar la fragilidad"},"content":{"rendered":"<h2>Corazonar la fragilidad<\/h2>\n<p>En \u00abCorazonar la fragilidad\u00bb encontraremos relatos de esperanza especialmente pensados para estos tiempos que vivimos.<\/p>\n<p>Participaron en la elaboraci\u00f3n de esta gran obra Dr. Daniel L\u00f3pez Rosetti, p. Adri\u00e1n Santarelli, Paula Torres, p. Miguel Armada svd, Alicia Bentancur y p. Mateo Bautista.<\/p>\n<p>Dr. Daniel L\u00f3pez Rosetti, en su aporte, nos sugiere:<br \/>\n\u201cComo siempre, si sabemos aprovechar la oportunidad, podemos convertir el dolor y el sufrimiento en una oportunidad para generar los anticuerpos necesarios para transitar la vida con la vacuna de la esperanza\u201d.<\/p>\n<p>Este libro se presenta como una oportunidad para buscar y encontrar sendas superadoras por las cuales transitar y aprender a convivir en este momento de fragilidad.<\/p>\n","protected":false},"excerpt":{"rendered":"<p>Este libro se presenta como una oportunidad para buscar y encontrar sendas superadoras por las cuales transitar y aprender a convivir en este momento de fragilidad.<\/p>\n<p>AUTOR: LOPEZ ROSETTI DANIEL<br \/>\n<a href=\"https:\/\/libreriaguadalupe.com.ar\/libreria\/?s=Bautista+Mateo&amp;post_type=product\"><strong><span style=\"color: #ffcc00;\">[ VER M\u00c1S OBRAS ]<\/span><\/strong><\/a><\/p>\n<p>ISBN: 9505008391<\/p>\n","protected":false},"featured_media":16084,"comment_status":"open","ping_status":"closed","template":"","meta":{"jetpack_publicize_message":"","jetpack_publicize_feature_enabled":true,"jetpack_social_post_already_shared":true,"jetpack_social_options":{"image_generator_settings":{"template":"highway","default_image_id":0,"font":"","enabled":false},"version":2}},"product_brand":[],"product_cat":[88,121],"product_tag":[127,146],"class_list":{"0":"post-16083","1":"product","2":"type-product","3":"status-publish","4":"has-post-thumbnail","6":"product_cat-espiritualidad-cultura-social","7":"product_cat-guadalupe","8":"product_tag-editorial-guadalupe-de-argentina","9":"product_tag-oferta-50","11":"first","12":"instock","13":"shipping-taxable","14":"purchasable","15":"product-type-simple"},"yoast_head":"<!-- This site is optimized with the Yoast SEO plugin v27.4 - https:\/\/yoast.com\/product\/yoast-seo-wordpress\/ -->\n<title>Corazonar la fragilidad - Editorial Guadalupe de Argentina<\/title>\n<meta name=\"description\" content=\"Relatos de esperanza especialmente pensados para estos tiempos que vivimos. Participaron en esta obra Santarelli, Torres, Armada, Bentancur y Bautista.\" \/>\n<meta name=\"robots\" content=\"index, follow, max-snippet:-1, max-image-preview:large, max-video-preview:-1\" \/>\n<link rel=\"canonical\" href=\"https:\/\/libreriaguadalupe.com.ar\/libreria\/producto\/corazonar-la-fragilidad\/\" \/>\n<meta property=\"og:locale\" content=\"es_ES\" \/>\n<meta property=\"og:type\" content=\"article\" \/>\n<meta property=\"og:title\" content=\"Corazonar la fragilidad - Editorial Guadalupe de Argentina\" \/>\n<meta property=\"og:description\" content=\"Relatos de esperanza especialmente pensados para estos tiempos que vivimos. Participaron en esta obra Santarelli, Torres, Armada, Bentancur y Bautista.\" \/>\n<meta property=\"og:url\" content=\"https:\/\/libreriaguadalupe.com.ar\/libreria\/producto\/corazonar-la-fragilidad\/\" \/>\n<meta property=\"og:site_name\" content=\"Editorial Guadalupe de Argentina\" \/>\n<meta property=\"article:publisher\" content=\"https:\/\/www.facebook.com\/LibreriaGuadalupeAR\/\" \/>\n<meta property=\"article:modified_time\" content=\"2025-05-05T19:43:34+00:00\" \/>\n<meta property=\"og:image\" content=\"https:\/\/libreriaguadalupe.com.ar\/libreria\/wp-content\/uploads\/2023\/02\/Corazonar-la-fragilidad.jpg\" \/>\n\t<meta property=\"og:image:width\" content=\"399\" \/>\n\t<meta property=\"og:image:height\" content=\"500\" \/>\n\t<meta property=\"og:image:type\" content=\"image\/jpeg\" \/>\n<meta name=\"twitter:card\" content=\"summary_large_image\" \/>\n<meta name=\"twitter:label1\" content=\"Tiempo de lectura\" \/>\n\t<meta name=\"twitter:data1\" content=\"1 minuto\" \/>\n<script type=\"application\/ld+json\" class=\"yoast-schema-graph\">{\"@context\":\"https:\\\/\\\/schema.org\",\"@graph\":[{\"@type\":\"WebPage\",\"@id\":\"https:\\\/\\\/libreriaguadalupe.com.ar\\\/libreria\\\/producto\\\/corazonar-la-fragilidad\\\/\",\"url\":\"https:\\\/\\\/libreriaguadalupe.com.ar\\\/libreria\\\/producto\\\/corazonar-la-fragilidad\\\/\",\"name\":\"Corazonar la fragilidad - Editorial Guadalupe de Argentina\",\"isPartOf\":{\"@id\":\"https:\\\/\\\/libreriaguadalupe.com.ar\\\/libreria\\\/#website\"},\"primaryImageOfPage\":{\"@id\":\"https:\\\/\\\/libreriaguadalupe.com.ar\\\/libreria\\\/producto\\\/corazonar-la-fragilidad\\\/#primaryimage\"},\"image\":{\"@id\":\"https:\\\/\\\/libreriaguadalupe.com.ar\\\/libreria\\\/producto\\\/corazonar-la-fragilidad\\\/#primaryimage\"},\"thumbnailUrl\":\"https:\\\/\\\/i0.wp.com\\\/libreriaguadalupe.com.ar\\\/libreria\\\/wp-content\\\/uploads\\\/2023\\\/02\\\/Corazonar-la-fragilidad.jpg?fit=399%2C500&ssl=1\",\"datePublished\":\"2023-02-12T19:37:19+00:00\",\"dateModified\":\"2025-05-05T19:43:34+00:00\",\"description\":\"Relatos de esperanza especialmente pensados para estos tiempos que vivimos. Participaron en esta obra Santarelli, Torres, Armada, Bentancur y Bautista.\",\"breadcrumb\":{\"@id\":\"https:\\\/\\\/libreriaguadalupe.com.ar\\\/libreria\\\/producto\\\/corazonar-la-fragilidad\\\/#breadcrumb\"},\"inLanguage\":\"es\",\"potentialAction\":[{\"@type\":\"ReadAction\",\"target\":[\"https:\\\/\\\/libreriaguadalupe.com.ar\\\/libreria\\\/producto\\\/corazonar-la-fragilidad\\\/\"]}]},{\"@type\":\"ImageObject\",\"inLanguage\":\"es\",\"@id\":\"https:\\\/\\\/libreriaguadalupe.com.ar\\\/libreria\\\/producto\\\/corazonar-la-fragilidad\\\/#primaryimage\",\"url\":\"https:\\\/\\\/i0.wp.com\\\/libreriaguadalupe.com.ar\\\/libreria\\\/wp-content\\\/uploads\\\/2023\\\/02\\\/Corazonar-la-fragilidad.jpg?fit=399%2C500&ssl=1\",\"contentUrl\":\"https:\\\/\\\/i0.wp.com\\\/libreriaguadalupe.com.ar\\\/libreria\\\/wp-content\\\/uploads\\\/2023\\\/02\\\/Corazonar-la-fragilidad.jpg?fit=399%2C500&ssl=1\",\"width\":399,\"height\":500,\"caption\":\"Corazonar la fragilidad\"},{\"@type\":\"BreadcrumbList\",\"@id\":\"https:\\\/\\\/libreriaguadalupe.com.ar\\\/libreria\\\/producto\\\/corazonar-la-fragilidad\\\/#breadcrumb\",\"itemListElement\":[{\"@type\":\"ListItem\",\"position\":1,\"name\":\"Portada\",\"item\":\"https:\\\/\\\/libreriaguadalupe.com.ar\\\/libreria\\\/\"},{\"@type\":\"ListItem\",\"position\":2,\"name\":\"Tienda\",\"item\":\"https:\\\/\\\/libreriaguadalupe.com.ar\\\/libreria\\\/\"},{\"@type\":\"ListItem\",\"position\":3,\"name\":\"Corazonar la fragilidad\"}]},{\"@type\":\"WebSite\",\"@id\":\"https:\\\/\\\/libreriaguadalupe.com.ar\\\/libreria\\\/#website\",\"url\":\"https:\\\/\\\/libreriaguadalupe.com.ar\\\/libreria\\\/\",\"name\":\"Editorial Guadalupe de Argentina\",\"description\":\"Congregaci\u00f3n del Verbo Divino\",\"publisher\":{\"@id\":\"https:\\\/\\\/libreriaguadalupe.com.ar\\\/libreria\\\/#organization\"},\"alternateName\":\"Librer\u00eda Guadalupe\",\"potentialAction\":[{\"@type\":\"SearchAction\",\"target\":{\"@type\":\"EntryPoint\",\"urlTemplate\":\"https:\\\/\\\/libreriaguadalupe.com.ar\\\/libreria\\\/?s={search_term_string}\"},\"query-input\":{\"@type\":\"PropertyValueSpecification\",\"valueRequired\":true,\"valueName\":\"search_term_string\"}}],\"inLanguage\":\"es\"},{\"@type\":\"Organization\",\"@id\":\"https:\\\/\\\/libreriaguadalupe.com.ar\\\/libreria\\\/#organization\",\"name\":\"Editorial Guadalupe\",\"alternateName\":\"Librer\u00eda Guadalupe\",\"url\":\"https:\\\/\\\/libreriaguadalupe.com.ar\\\/libreria\\\/\",\"logo\":{\"@type\":\"ImageObject\",\"inLanguage\":\"es\",\"@id\":\"https:\\\/\\\/libreriaguadalupe.com.ar\\\/libreria\\\/#\\\/schema\\\/logo\\\/image\\\/\",\"url\":\"https:\\\/\\\/i0.wp.com\\\/libreriaguadalupe.com.ar\\\/libreria\\\/wp-content\\\/uploads\\\/2023\\\/01\\\/cropped-logo-editorial-guadalupe.webp?fit=500%2C100&ssl=1\",\"contentUrl\":\"https:\\\/\\\/i0.wp.com\\\/libreriaguadalupe.com.ar\\\/libreria\\\/wp-content\\\/uploads\\\/2023\\\/01\\\/cropped-logo-editorial-guadalupe.webp?fit=500%2C100&ssl=1\",\"width\":500,\"height\":100,\"caption\":\"Editorial Guadalupe\"},\"image\":{\"@id\":\"https:\\\/\\\/libreriaguadalupe.com.ar\\\/libreria\\\/#\\\/schema\\\/logo\\\/image\\\/\"},\"sameAs\":[\"https:\\\/\\\/www.facebook.com\\\/LibreriaGuadalupeAR\\\/\",\"https:\\\/\\\/www.instagram.com\\\/editorialguadalupe\\\/\",\"https:\\\/\\\/guadalupeeditorial.mercadoshops.com.ar\\\/\"]}]}<\/script>\n<!-- \/ Yoast SEO plugin. -->","yoast_head_json":{"title":"Corazonar la fragilidad - Editorial Guadalupe de Argentina","description":"Relatos de esperanza especialmente pensados para estos tiempos que vivimos. Participaron en esta obra Santarelli, Torres, Armada, Bentancur y Bautista.","robots":{"index":"index","follow":"follow","max-snippet":"max-snippet:-1","max-image-preview":"max-image-preview:large","max-video-preview":"max-video-preview:-1"},"canonical":"https:\/\/libreriaguadalupe.com.ar\/libreria\/producto\/corazonar-la-fragilidad\/","og_locale":"es_ES","og_type":"article","og_title":"Corazonar la fragilidad - Editorial Guadalupe de Argentina","og_description":"Relatos de esperanza especialmente pensados para estos tiempos que vivimos. Participaron en esta obra Santarelli, Torres, Armada, Bentancur y Bautista.","og_url":"https:\/\/libreriaguadalupe.com.ar\/libreria\/producto\/corazonar-la-fragilidad\/","og_site_name":"Editorial Guadalupe de Argentina","article_publisher":"https:\/\/www.facebook.com\/LibreriaGuadalupeAR\/","article_modified_time":"2025-05-05T19:43:34+00:00","og_image":[{"width":399,"height":500,"url":"https:\/\/libreriaguadalupe.com.ar\/libreria\/wp-content\/uploads\/2023\/02\/Corazonar-la-fragilidad.jpg","type":"image\/jpeg"}],"twitter_card":"summary_large_image","twitter_misc":{"Tiempo de lectura":"1 minuto"},"schema":{"@context":"https:\/\/schema.org","@graph":[{"@type":"WebPage","@id":"https:\/\/libreriaguadalupe.com.ar\/libreria\/producto\/corazonar-la-fragilidad\/","url":"https:\/\/libreriaguadalupe.com.ar\/libreria\/producto\/corazonar-la-fragilidad\/","name":"Corazonar la fragilidad - Editorial Guadalupe de Argentina","isPartOf":{"@id":"https:\/\/libreriaguadalupe.com.ar\/libreria\/#website"},"primaryImageOfPage":{"@id":"https:\/\/libreriaguadalupe.com.ar\/libreria\/producto\/corazonar-la-fragilidad\/#primaryimage"},"image":{"@id":"https:\/\/libreriaguadalupe.com.ar\/libreria\/producto\/corazonar-la-fragilidad\/#primaryimage"},"thumbnailUrl":"https:\/\/i0.wp.com\/libreriaguadalupe.com.ar\/libreria\/wp-content\/uploads\/2023\/02\/Corazonar-la-fragilidad.jpg?fit=399%2C500&ssl=1","datePublished":"2023-02-12T19:37:19+00:00","dateModified":"2025-05-05T19:43:34+00:00","description":"Relatos de esperanza especialmente pensados para estos tiempos que vivimos. Participaron en esta obra Santarelli, Torres, Armada, Bentancur y Bautista.","breadcrumb":{"@id":"https:\/\/libreriaguadalupe.com.ar\/libreria\/producto\/corazonar-la-fragilidad\/#breadcrumb"},"inLanguage":"es","potentialAction":[{"@type":"ReadAction","target":["https:\/\/libreriaguadalupe.com.ar\/libreria\/producto\/corazonar-la-fragilidad\/"]}]},{"@type":"ImageObject","inLanguage":"es","@id":"https:\/\/libreriaguadalupe.com.ar\/libreria\/producto\/corazonar-la-fragilidad\/#primaryimage","url":"https:\/\/i0.wp.com\/libreriaguadalupe.com.ar\/libreria\/wp-content\/uploads\/2023\/02\/Corazonar-la-fragilidad.jpg?fit=399%2C500&ssl=1","contentUrl":"https:\/\/i0.wp.com\/libreriaguadalupe.com.ar\/libreria\/wp-content\/uploads\/2023\/02\/Corazonar-la-fragilidad.jpg?fit=399%2C500&ssl=1","width":399,"height":500,"caption":"Corazonar la fragilidad"},{"@type":"BreadcrumbList","@id":"https:\/\/libreriaguadalupe.com.ar\/libreria\/producto\/corazonar-la-fragilidad\/#breadcrumb","itemListElement":[{"@type":"ListItem","position":1,"name":"Portada","item":"https:\/\/libreriaguadalupe.com.ar\/libreria\/"},{"@type":"ListItem","position":2,"name":"Tienda","item":"https:\/\/libreriaguadalupe.com.ar\/libreria\/"},{"@type":"ListItem","position":3,"name":"Corazonar la fragilidad"}]},{"@type":"WebSite","@id":"https:\/\/libreriaguadalupe.com.ar\/libreria\/#website","url":"https:\/\/libreriaguadalupe.com.ar\/libreria\/","name":"Editorial Guadalupe de Argentina","description":"Congregaci\u00f3n del Verbo Divino","publisher":{"@id":"https:\/\/libreriaguadalupe.com.ar\/libreria\/#organization"},"alternateName":"Librer\u00eda Guadalupe","potentialAction":[{"@type":"SearchAction","target":{"@type":"EntryPoint","urlTemplate":"https:\/\/libreriaguadalupe.com.ar\/libreria\/?s={search_term_string}"},"query-input":{"@type":"PropertyValueSpecification","valueRequired":true,"valueName":"search_term_string"}}],"inLanguage":"es"},{"@type":"Organization","@id":"https:\/\/libreriaguadalupe.com.ar\/libreria\/#organization","name":"Editorial Guadalupe","alternateName":"Librer\u00eda Guadalupe","url":"https:\/\/libreriaguadalupe.com.ar\/libreria\/","logo":{"@type":"ImageObject","inLanguage":"es","@id":"https:\/\/libreriaguadalupe.com.ar\/libreria\/#\/schema\/logo\/image\/","url":"https:\/\/i0.wp.com\/libreriaguadalupe.com.ar\/libreria\/wp-content\/uploads\/2023\/01\/cropped-logo-editorial-guadalupe.webp?fit=500%2C100&ssl=1","contentUrl":"https:\/\/i0.wp.com\/libreriaguadalupe.com.ar\/libreria\/wp-content\/uploads\/2023\/01\/cropped-logo-editorial-guadalupe.webp?fit=500%2C100&ssl=1","width":500,"height":100,"caption":"Editorial Guadalupe"},"image":{"@id":"https:\/\/libreriaguadalupe.com.ar\/libreria\/#\/schema\/logo\/image\/"},"sameAs":["https:\/\/www.facebook.com\/LibreriaGuadalupeAR\/","https:\/\/www.instagram.com\/editorialguadalupe\/","https:\/\/guadalupeeditorial.mercadoshops.com.ar\/"]}]}},"jetpack_publicize_connections":[],"jetpack_sharing_enabled":true,"jetpack-related-posts":[{"id":19075,"url":"https:\/\/libreriaguadalupe.com.ar\/libreria\/producto\/camino-al-cielo-teosiologia-predicaciones-xii\/","url_meta":{"origin":16083,"position":0},"title":"\u201cCamino al cielo\u201d \u2013 Teosiolog\u00eda \u2013 Predicaciones XII","author":"Mariano Zuqui","date":"24\/09\/2025","format":false,"excerpt":"Autor: Claudio Rizzo T\u00edtulo: \u201cCamino al cielo\u201d \u2013 Teosiolog\u00eda \u2013 Predicaciones XII\" ISBN:978-950-500-964-0 Formato: 14 (ancho) x 20 (alto) cms. Interior: 1\/1 color Papel: Bookcel 80 grs. N\u00ba de P\u00e1ginas: 160 Tapa:4 Colores - Cartulina - Laminado mate Encuadernaci\u00f3n: Binder \u00a0 \u00a0","rel":"","context":"Entrada similar","block_context":{"text":"Entrada similar","link":""},"img":{"alt_text":"","src":"https:\/\/i0.wp.com\/libreriaguadalupe.com.ar\/libreria\/wp-content\/uploads\/2025\/09\/1-3.png?fit=960%2C1200&ssl=1&resize=350%2C200","width":350,"height":200,"srcset":"https:\/\/i0.wp.com\/libreriaguadalupe.com.ar\/libreria\/wp-content\/uploads\/2025\/09\/1-3.png?fit=960%2C1200&ssl=1&resize=350%2C200 1x, https:\/\/i0.wp.com\/libreriaguadalupe.com.ar\/libreria\/wp-content\/uploads\/2025\/09\/1-3.png?fit=960%2C1200&ssl=1&resize=525%2C300 1.5x, https:\/\/i0.wp.com\/libreriaguadalupe.com.ar\/libreria\/wp-content\/uploads\/2025\/09\/1-3.png?fit=960%2C1200&ssl=1&resize=700%2C400 2x"},"classes":[]},{"id":16080,"url":"https:\/\/libreriaguadalupe.com.ar\/libreria\/producto\/renovar-la-vida\/","url_meta":{"origin":16083,"position":1},"title":"Renovar La Vida","author":"admin","date":"12\/02\/2023","format":false,"excerpt":"METODOLOGIA PARA PREPARAR ENCUENTROS DE PASTORAL AUTOR: PABLO GUGLIELMI ISBN: 9505008230","rel":"","context":"Entrada similar","block_context":{"text":"Entrada similar","link":""},"img":{"alt_text":"","src":"https:\/\/i0.wp.com\/libreriaguadalupe.com.ar\/libreria\/wp-content\/uploads\/2023\/02\/Renovar-la-vida.webp?fit=343%2C500&ssl=1&resize=350%2C200","width":350,"height":200},"classes":[]},{"id":16949,"url":"https:\/\/libreriaguadalupe.com.ar\/libreria\/producto\/inventario-de-hostigamiento-laboral\/","url_meta":{"origin":16083,"position":2},"title":"Inventario de Hostigamiento Laboral","author":"admin","date":"23\/03\/2023","format":false,"excerpt":"\u00bfComo evaluar y actuar frente a la violencia psicol\u00f3gica en el trabajo? PROLOGO Dr. Daniel L\u00f3pez Rosetti Autor: Eduardo Bustos Villar ISBN: 9789505006786 Dimensiones: 16 x 23 cm P\u00e1ginas: 272","rel":"","context":"Entrada similar","block_context":{"text":"Entrada similar","link":""},"img":{"alt_text":"","src":"https:\/\/i0.wp.com\/libreriaguadalupe.com.ar\/libreria\/wp-content\/uploads\/2023\/03\/Inventario-de-Hostigamiento-Laboral.jpeg?fit=923%2C1200&ssl=1&resize=350%2C200","width":350,"height":200,"srcset":"https:\/\/i0.wp.com\/libreriaguadalupe.com.ar\/libreria\/wp-content\/uploads\/2023\/03\/Inventario-de-Hostigamiento-Laboral.jpeg?fit=923%2C1200&ssl=1&resize=350%2C200 1x, https:\/\/i0.wp.com\/libreriaguadalupe.com.ar\/libreria\/wp-content\/uploads\/2023\/03\/Inventario-de-Hostigamiento-Laboral.jpeg?fit=923%2C1200&ssl=1&resize=525%2C300 1.5x, https:\/\/i0.wp.com\/libreriaguadalupe.com.ar\/libreria\/wp-content\/uploads\/2023\/03\/Inventario-de-Hostigamiento-Laboral.jpeg?fit=923%2C1200&ssl=1&resize=700%2C400 2x"},"classes":[]},{"id":15973,"url":"https:\/\/libreriaguadalupe.com.ar\/libreria\/producto\/no-me-averguenzo-del-evangelio-e-book\/","url_meta":{"origin":16083,"position":3},"title":"No me averg\u00fcenzo del evangelio (E-BOOK)","author":"admin","date":"12\/02\/2023","format":false,"excerpt":"EDICION DIGITAL AUTOR: LEONARDO LEGRAS [\u00a0VER M\u00c1S OBRAS\u00a0] ISBN: 9505007981","rel":"","context":"Entrada similar","block_context":{"text":"Entrada similar","link":""},"img":{"alt_text":"","src":"https:\/\/i0.wp.com\/libreriaguadalupe.com.ar\/libreria\/wp-content\/uploads\/2023\/02\/No-me-averguenzo-del-Evangelio.webp?fit=216%2C287&ssl=1&resize=350%2C200","width":350,"height":200},"classes":[]},{"id":16963,"url":"https:\/\/libreriaguadalupe.com.ar\/libreria\/producto\/nuestros-enojos\/","url_meta":{"origin":16083,"position":4},"title":"Nuestros Enojos","author":"admin","date":"23\/03\/2023","format":false,"excerpt":"Conflictos Enigm\u00e1ticos Serie Prediciaciones Autor: Claudio Rizzo ISBN: 9789505008124 Dimensiones: 14 x 2 cm P\u00e1ginas: 128","rel":"","context":"Entrada similar","block_context":{"text":"Entrada similar","link":""},"img":{"alt_text":"","src":"https:\/\/i0.wp.com\/libreriaguadalupe.com.ar\/libreria\/wp-content\/uploads\/2023\/03\/Nuestros-Enojos-Conflictos-Enigmaticos.jpeg?fit=343%2C500&ssl=1&resize=350%2C200","width":350,"height":200},"classes":[]},{"id":17136,"url":"https:\/\/libreriaguadalupe.com.ar\/libreria\/producto\/estoy-a-tu-lado\/","url_meta":{"origin":16083,"position":5},"title":"Estoy A Tu Lado","author":"admin","date":"28\/03\/2023","format":false,"excerpt":"Acompa\u00f1ar la muerte. Transitar el duelo. Vivir mas intensamente.\u00a0 Autor: Anselm Grun ISBN: 9789505006465 Dimensiones: 14 x 19 cm P\u00e1ginas: 192","rel":"","context":"Entrada similar","block_context":{"text":"Entrada similar","link":""},"img":{"alt_text":"","src":"https:\/\/i0.wp.com\/libreriaguadalupe.com.ar\/libreria\/wp-content\/uploads\/2023\/03\/Estoy-A-Tu-Lado.jpeg?fit=341%2C500&ssl=1&resize=350%2C200","width":350,"height":200},"classes":[]}],"_links":{"self":[{"href":"https:\/\/libreriaguadalupe.com.ar\/libreria\/wp-json\/wp\/v2\/product\/16083","targetHints":{"allow":["GET"]}}],"collection":[{"href":"https:\/\/libreriaguadalupe.com.ar\/libreria\/wp-json\/wp\/v2\/product"}],"about":[{"href":"https:\/\/libreriaguadalupe.com.ar\/libreria\/wp-json\/wp\/v2\/types\/product"}],"replies":[{"embeddable":true,"href":"https:\/\/libreriaguadalupe.com.ar\/libreria\/wp-json\/wp\/v2\/comments?post=16083"}],"version-history":[{"count":4,"href":"https:\/\/libreriaguadalupe.com.ar\/libreria\/wp-json\/wp\/v2\/product\/16083\/revisions"}],"predecessor-version":[{"id":18852,"href":"https:\/\/libreriaguadalupe.com.ar\/libreria\/wp-json\/wp\/v2\/product\/16083\/revisions\/18852"}],"wp:featuredmedia":[{"embeddable":true,"href":"https:\/\/libreriaguadalupe.com.ar\/libreria\/wp-json\/wp\/v2\/media\/16084"}],"wp:attachment":[{"href":"https:\/\/libreriaguadalupe.com.ar\/libreria\/wp-json\/wp\/v2\/media?parent=16083"}],"wp:term":[{"taxonomy":"product_brand","embeddable":true,"href":"https:\/\/libreriaguadalupe.com.ar\/libreria\/wp-json\/wp\/v2\/product_brand?post=16083"},{"taxonomy":"product_cat","embeddable":true,"href":"https:\/\/libreriaguadalupe.com.ar\/libreria\/wp-json\/wp\/v2\/product_cat?post=16083"},{"taxonomy":"product_tag","embeddable":true,"href":"https:\/\/libreriaguadalupe.com.ar\/libreria\/wp-json\/wp\/v2\/product_tag?post=16083"}],"curies":[{"name":"wp","href":"https:\/\/api.w.org\/{rel}","templated":true}]}}