{"id":16077,"date":"2023-02-12T16:25:16","date_gmt":"2023-02-12T19:25:16","guid":{"rendered":"https:\/\/libreriaguadalupe.com.ar\/libreria\/?post_type=product&#038;p=16077"},"modified":"2024-03-14T15:34:51","modified_gmt":"2024-03-14T18:34:51","slug":"la-vision-teologica-de-oscar-romero-e-book","status":"publish","type":"product","link":"https:\/\/libreriaguadalupe.com.ar\/libreria\/producto\/la-vision-teologica-de-oscar-romero-e-book\/","title":{"rendered":"La visi\u00f3n teol\u00f3gica de \u00d3scar Romero (E-BOOK)"},"content":{"rendered":"<h1 class=\"_442oJ yi6rdq\" data-e2e=\"desktop-content-title\">La visi\u00f3n teol\u00f3gica de \u00d3scar Romero: Liberaci\u00f3n y transfiguraci\u00f3n de los pobres<\/h1>\n<p>El 24 de marzo del a\u00f1o 2020 se cumplieron 40 a\u00f1os del asesinato de \u00d3scar Arnulfo Romero, arzobispo en El Salvador, a los 62 a\u00f1os de edad. Mons. \u00d3scar fue canonizado el 14 de octubre del 2018 por el Papa Francisco.<\/p>\n<p>Disponemos de mucha informaci\u00f3n de San \u00d3scar Romero y tenemos acceso a muchos de sus escritos, entre los cuales encontramos las Homil\u00edas y podemos escuchar su voz y mensaje transmitidos a trav\u00e9s de audios.<br \/>\nEstando vivo y m\u00e1s a\u00fan luego de su asesinato, la vida de \u00d3scar Romero se hizo patente por su testimonio de vida y por el compromiso en la defensa de la vida, junto al pueblo salvadore\u00f1o, tristemente golpeado por la violencia y la pobreza.<\/p>\n<p>Al valioso conjunto de escritos, biograf\u00edas, testimonios,\u2026 que ya existen de San \u00d3scar Romero, se une ahora el libro que escribi\u00f3 Edgardo Col\u00f3n \u2013 \u00c9meric titulado \u00abLa visi\u00f3n teol\u00f3gica de \u00d3scar Romero \u2013 Liberaci\u00f3n y transfiguraci\u00f3n de los pobres\u00bb. Este libro fue originalmente publicado en ingl\u00e9s, en el a\u00f1o 2018 por la Universidad de Notre Dame.<\/p>\n<p>La traducci\u00f3n al espa\u00f1ol a la presente edici\u00f3n castellana fue realizada por Pablo Rub\u00e9n Andi\u00f1ach y est\u00e1 prologada por Guillermo Cu\u00e9llar-Barandiar\u00e1n.<br \/>\nDesde el inicio hasta el final del libro podemos apreciar un texto escrito desde la hondura espiritual del autor, el conocimiento biogr\u00e1fico y testamento teol\u00f3gico, espiritual y ministerial de \u00d3scar Romero, erudici\u00f3n compartida a lo largo de todo el libro y en muchas notas explicativas que favorecen la comprensi\u00f3n de los diversos temas que se van abordando.<br \/>\nEn los seis cap\u00edtulos que tiene en libro, adem\u00e1s de encontrar una clara presentaci\u00f3n de la vida y obra de \u00d3scar Romero, conocemos la historia del pueblo salvadore\u00f1o y su realidad en los a\u00f1os 80; nos acercamos a la vida eclesial de esos a\u00f1os, iglesia testimonial a trav\u00e9s de muchos m\u00e1rtires junto a \u00d3scar Romero, percibiendo una cristolog\u00eda tejida desde la Transfiguraci\u00f3n y el Martirio de Jes\u00fas de Nazaret.<\/p>\n","protected":false},"excerpt":{"rendered":"<h1 class=\"_442oJ yi6rdq\" data-e2e=\"desktop-content-title\">EDICION DIGITAL<\/h1>\n<p>AUTOR: EDGARDO A. COLON-EMERIC<\/p>\n<p>ISBN: 9505008681<\/p>\n","protected":false},"featured_media":16075,"comment_status":"open","ping_status":"closed","template":"","meta":{"jetpack_publicize_message":"","jetpack_publicize_feature_enabled":true,"jetpack_social_post_already_shared":true,"jetpack_social_options":{"image_generator_settings":{"template":"highway","default_image_id":0,"font":"","enabled":false},"version":2}},"product_brand":[],"product_cat":[122],"product_tag":[134,127],"class_list":{"0":"post-16077","1":"product","2":"type-product","3":"status-publish","4":"has-post-thumbnail","6":"product_cat-e-book","7":"product_tag-e-book","8":"product_tag-editorial-guadalupe-de-argentina","10":"first","11":"instock","12":"downloadable","13":"virtual","14":"purchasable","15":"product-type-simple"},"yoast_head":"<!-- This site is optimized with the Yoast SEO plugin v27.4 - https:\/\/yoast.com\/product\/yoast-seo-wordpress\/ -->\n<title>La visi\u00f3n teol\u00f3gica de \u00d3scar Romero (E-BOOK) - Editorial Guadalupe de Argentina<\/title>\n<meta name=\"robots\" content=\"index, follow, max-snippet:-1, max-image-preview:large, max-video-preview:-1\" \/>\n<link rel=\"canonical\" href=\"https:\/\/libreriaguadalupe.com.ar\/libreria\/producto\/la-vision-teologica-de-oscar-romero-e-book\/\" \/>\n<meta property=\"og:locale\" content=\"es_ES\" \/>\n<meta property=\"og:type\" content=\"article\" \/>\n<meta property=\"og:title\" content=\"La visi\u00f3n teol\u00f3gica de \u00d3scar Romero (E-BOOK) - Editorial Guadalupe de Argentina\" \/>\n<meta property=\"og:description\" content=\"EDICION DIGITAL AUTOR: EDGARDO A. COLON-EMERIC  ISBN: 9505008681\" \/>\n<meta property=\"og:url\" content=\"https:\/\/libreriaguadalupe.com.ar\/libreria\/producto\/la-vision-teologica-de-oscar-romero-e-book\/\" \/>\n<meta property=\"og:site_name\" content=\"Editorial Guadalupe de Argentina\" \/>\n<meta property=\"article:publisher\" content=\"https:\/\/www.facebook.com\/LibreriaGuadalupeAR\/\" \/>\n<meta property=\"article:modified_time\" content=\"2024-03-14T18:34:51+00:00\" \/>\n<meta property=\"og:image\" content=\"https:\/\/libreriaguadalupe.com.ar\/libreria\/wp-content\/uploads\/2023\/02\/La-vision-teologica-de-Oscar-Romero.webp\" \/>\n\t<meta property=\"og:image:width\" content=\"712\" \/>\n\t<meta property=\"og:image:height\" content=\"1140\" \/>\n\t<meta property=\"og:image:type\" content=\"image\/webp\" \/>\n<meta name=\"twitter:card\" content=\"summary_large_image\" \/>\n<meta name=\"twitter:label1\" content=\"Tiempo de lectura\" \/>\n\t<meta name=\"twitter:data1\" content=\"2 minutos\" \/>\n<script type=\"application\/ld+json\" class=\"yoast-schema-graph\">{\"@context\":\"https:\\\/\\\/schema.org\",\"@graph\":[{\"@type\":\"WebPage\",\"@id\":\"https:\\\/\\\/libreriaguadalupe.com.ar\\\/libreria\\\/producto\\\/la-vision-teologica-de-oscar-romero-e-book\\\/\",\"url\":\"https:\\\/\\\/libreriaguadalupe.com.ar\\\/libreria\\\/producto\\\/la-vision-teologica-de-oscar-romero-e-book\\\/\",\"name\":\"La visi\u00f3n teol\u00f3gica de \u00d3scar Romero (E-BOOK) - Editorial Guadalupe de Argentina\",\"isPartOf\":{\"@id\":\"https:\\\/\\\/libreriaguadalupe.com.ar\\\/libreria\\\/#website\"},\"primaryImageOfPage\":{\"@id\":\"https:\\\/\\\/libreriaguadalupe.com.ar\\\/libreria\\\/producto\\\/la-vision-teologica-de-oscar-romero-e-book\\\/#primaryimage\"},\"image\":{\"@id\":\"https:\\\/\\\/libreriaguadalupe.com.ar\\\/libreria\\\/producto\\\/la-vision-teologica-de-oscar-romero-e-book\\\/#primaryimage\"},\"thumbnailUrl\":\"https:\\\/\\\/i0.wp.com\\\/libreriaguadalupe.com.ar\\\/libreria\\\/wp-content\\\/uploads\\\/2023\\\/02\\\/La-vision-teologica-de-Oscar-Romero.webp?fit=712%2C1140&ssl=1\",\"datePublished\":\"2023-02-12T19:25:16+00:00\",\"dateModified\":\"2024-03-14T18:34:51+00:00\",\"breadcrumb\":{\"@id\":\"https:\\\/\\\/libreriaguadalupe.com.ar\\\/libreria\\\/producto\\\/la-vision-teologica-de-oscar-romero-e-book\\\/#breadcrumb\"},\"inLanguage\":\"es\",\"potentialAction\":[{\"@type\":\"ReadAction\",\"target\":[\"https:\\\/\\\/libreriaguadalupe.com.ar\\\/libreria\\\/producto\\\/la-vision-teologica-de-oscar-romero-e-book\\\/\"]}]},{\"@type\":\"ImageObject\",\"inLanguage\":\"es\",\"@id\":\"https:\\\/\\\/libreriaguadalupe.com.ar\\\/libreria\\\/producto\\\/la-vision-teologica-de-oscar-romero-e-book\\\/#primaryimage\",\"url\":\"https:\\\/\\\/i0.wp.com\\\/libreriaguadalupe.com.ar\\\/libreria\\\/wp-content\\\/uploads\\\/2023\\\/02\\\/La-vision-teologica-de-Oscar-Romero.webp?fit=712%2C1140&ssl=1\",\"contentUrl\":\"https:\\\/\\\/i0.wp.com\\\/libreriaguadalupe.com.ar\\\/libreria\\\/wp-content\\\/uploads\\\/2023\\\/02\\\/La-vision-teologica-de-Oscar-Romero.webp?fit=712%2C1140&ssl=1\",\"width\":712,\"height\":1140},{\"@type\":\"BreadcrumbList\",\"@id\":\"https:\\\/\\\/libreriaguadalupe.com.ar\\\/libreria\\\/producto\\\/la-vision-teologica-de-oscar-romero-e-book\\\/#breadcrumb\",\"itemListElement\":[{\"@type\":\"ListItem\",\"position\":1,\"name\":\"Portada\",\"item\":\"https:\\\/\\\/libreriaguadalupe.com.ar\\\/libreria\\\/\"},{\"@type\":\"ListItem\",\"position\":2,\"name\":\"Tienda\",\"item\":\"https:\\\/\\\/libreriaguadalupe.com.ar\\\/libreria\\\/\"},{\"@type\":\"ListItem\",\"position\":3,\"name\":\"La visi\u00f3n teol\u00f3gica de \u00d3scar Romero (E-BOOK)\"}]},{\"@type\":\"WebSite\",\"@id\":\"https:\\\/\\\/libreriaguadalupe.com.ar\\\/libreria\\\/#website\",\"url\":\"https:\\\/\\\/libreriaguadalupe.com.ar\\\/libreria\\\/\",\"name\":\"Editorial Guadalupe de Argentina\",\"description\":\"Congregaci\u00f3n del Verbo Divino\",\"publisher\":{\"@id\":\"https:\\\/\\\/libreriaguadalupe.com.ar\\\/libreria\\\/#organization\"},\"alternateName\":\"Librer\u00eda Guadalupe\",\"potentialAction\":[{\"@type\":\"SearchAction\",\"target\":{\"@type\":\"EntryPoint\",\"urlTemplate\":\"https:\\\/\\\/libreriaguadalupe.com.ar\\\/libreria\\\/?s={search_term_string}\"},\"query-input\":{\"@type\":\"PropertyValueSpecification\",\"valueRequired\":true,\"valueName\":\"search_term_string\"}}],\"inLanguage\":\"es\"},{\"@type\":\"Organization\",\"@id\":\"https:\\\/\\\/libreriaguadalupe.com.ar\\\/libreria\\\/#organization\",\"name\":\"Editorial Guadalupe\",\"alternateName\":\"Librer\u00eda Guadalupe\",\"url\":\"https:\\\/\\\/libreriaguadalupe.com.ar\\\/libreria\\\/\",\"logo\":{\"@type\":\"ImageObject\",\"inLanguage\":\"es\",\"@id\":\"https:\\\/\\\/libreriaguadalupe.com.ar\\\/libreria\\\/#\\\/schema\\\/logo\\\/image\\\/\",\"url\":\"https:\\\/\\\/i0.wp.com\\\/libreriaguadalupe.com.ar\\\/libreria\\\/wp-content\\\/uploads\\\/2023\\\/01\\\/cropped-logo-editorial-guadalupe.webp?fit=500%2C100&ssl=1\",\"contentUrl\":\"https:\\\/\\\/i0.wp.com\\\/libreriaguadalupe.com.ar\\\/libreria\\\/wp-content\\\/uploads\\\/2023\\\/01\\\/cropped-logo-editorial-guadalupe.webp?fit=500%2C100&ssl=1\",\"width\":500,\"height\":100,\"caption\":\"Editorial Guadalupe\"},\"image\":{\"@id\":\"https:\\\/\\\/libreriaguadalupe.com.ar\\\/libreria\\\/#\\\/schema\\\/logo\\\/image\\\/\"},\"sameAs\":[\"https:\\\/\\\/www.facebook.com\\\/LibreriaGuadalupeAR\\\/\",\"https:\\\/\\\/www.instagram.com\\\/editorialguadalupe\\\/\",\"https:\\\/\\\/guadalupeeditorial.mercadoshops.com.ar\\\/\"]}]}<\/script>\n<!-- \/ Yoast SEO plugin. -->","yoast_head_json":{"title":"La visi\u00f3n teol\u00f3gica de \u00d3scar Romero (E-BOOK) - Editorial Guadalupe de Argentina","robots":{"index":"index","follow":"follow","max-snippet":"max-snippet:-1","max-image-preview":"max-image-preview:large","max-video-preview":"max-video-preview:-1"},"canonical":"https:\/\/libreriaguadalupe.com.ar\/libreria\/producto\/la-vision-teologica-de-oscar-romero-e-book\/","og_locale":"es_ES","og_type":"article","og_title":"La visi\u00f3n teol\u00f3gica de \u00d3scar Romero (E-BOOK) - Editorial Guadalupe de Argentina","og_description":"EDICION DIGITAL AUTOR: EDGARDO A. COLON-EMERIC  ISBN: 9505008681","og_url":"https:\/\/libreriaguadalupe.com.ar\/libreria\/producto\/la-vision-teologica-de-oscar-romero-e-book\/","og_site_name":"Editorial Guadalupe de Argentina","article_publisher":"https:\/\/www.facebook.com\/LibreriaGuadalupeAR\/","article_modified_time":"2024-03-14T18:34:51+00:00","og_image":[{"width":712,"height":1140,"url":"https:\/\/libreriaguadalupe.com.ar\/libreria\/wp-content\/uploads\/2023\/02\/La-vision-teologica-de-Oscar-Romero.webp","type":"image\/webp"}],"twitter_card":"summary_large_image","twitter_misc":{"Tiempo de lectura":"2 minutos"},"schema":{"@context":"https:\/\/schema.org","@graph":[{"@type":"WebPage","@id":"https:\/\/libreriaguadalupe.com.ar\/libreria\/producto\/la-vision-teologica-de-oscar-romero-e-book\/","url":"https:\/\/libreriaguadalupe.com.ar\/libreria\/producto\/la-vision-teologica-de-oscar-romero-e-book\/","name":"La visi\u00f3n teol\u00f3gica de \u00d3scar Romero (E-BOOK) - Editorial Guadalupe de Argentina","isPartOf":{"@id":"https:\/\/libreriaguadalupe.com.ar\/libreria\/#website"},"primaryImageOfPage":{"@id":"https:\/\/libreriaguadalupe.com.ar\/libreria\/producto\/la-vision-teologica-de-oscar-romero-e-book\/#primaryimage"},"image":{"@id":"https:\/\/libreriaguadalupe.com.ar\/libreria\/producto\/la-vision-teologica-de-oscar-romero-e-book\/#primaryimage"},"thumbnailUrl":"https:\/\/i0.wp.com\/libreriaguadalupe.com.ar\/libreria\/wp-content\/uploads\/2023\/02\/La-vision-teologica-de-Oscar-Romero.webp?fit=712%2C1140&ssl=1","datePublished":"2023-02-12T19:25:16+00:00","dateModified":"2024-03-14T18:34:51+00:00","breadcrumb":{"@id":"https:\/\/libreriaguadalupe.com.ar\/libreria\/producto\/la-vision-teologica-de-oscar-romero-e-book\/#breadcrumb"},"inLanguage":"es","potentialAction":[{"@type":"ReadAction","target":["https:\/\/libreriaguadalupe.com.ar\/libreria\/producto\/la-vision-teologica-de-oscar-romero-e-book\/"]}]},{"@type":"ImageObject","inLanguage":"es","@id":"https:\/\/libreriaguadalupe.com.ar\/libreria\/producto\/la-vision-teologica-de-oscar-romero-e-book\/#primaryimage","url":"https:\/\/i0.wp.com\/libreriaguadalupe.com.ar\/libreria\/wp-content\/uploads\/2023\/02\/La-vision-teologica-de-Oscar-Romero.webp?fit=712%2C1140&ssl=1","contentUrl":"https:\/\/i0.wp.com\/libreriaguadalupe.com.ar\/libreria\/wp-content\/uploads\/2023\/02\/La-vision-teologica-de-Oscar-Romero.webp?fit=712%2C1140&ssl=1","width":712,"height":1140},{"@type":"BreadcrumbList","@id":"https:\/\/libreriaguadalupe.com.ar\/libreria\/producto\/la-vision-teologica-de-oscar-romero-e-book\/#breadcrumb","itemListElement":[{"@type":"ListItem","position":1,"name":"Portada","item":"https:\/\/libreriaguadalupe.com.ar\/libreria\/"},{"@type":"ListItem","position":2,"name":"Tienda","item":"https:\/\/libreriaguadalupe.com.ar\/libreria\/"},{"@type":"ListItem","position":3,"name":"La visi\u00f3n teol\u00f3gica de \u00d3scar Romero (E-BOOK)"}]},{"@type":"WebSite","@id":"https:\/\/libreriaguadalupe.com.ar\/libreria\/#website","url":"https:\/\/libreriaguadalupe.com.ar\/libreria\/","name":"Editorial Guadalupe de Argentina","description":"Congregaci\u00f3n del Verbo Divino","publisher":{"@id":"https:\/\/libreriaguadalupe.com.ar\/libreria\/#organization"},"alternateName":"Librer\u00eda Guadalupe","potentialAction":[{"@type":"SearchAction","target":{"@type":"EntryPoint","urlTemplate":"https:\/\/libreriaguadalupe.com.ar\/libreria\/?s={search_term_string}"},"query-input":{"@type":"PropertyValueSpecification","valueRequired":true,"valueName":"search_term_string"}}],"inLanguage":"es"},{"@type":"Organization","@id":"https:\/\/libreriaguadalupe.com.ar\/libreria\/#organization","name":"Editorial Guadalupe","alternateName":"Librer\u00eda Guadalupe","url":"https:\/\/libreriaguadalupe.com.ar\/libreria\/","logo":{"@type":"ImageObject","inLanguage":"es","@id":"https:\/\/libreriaguadalupe.com.ar\/libreria\/#\/schema\/logo\/image\/","url":"https:\/\/i0.wp.com\/libreriaguadalupe.com.ar\/libreria\/wp-content\/uploads\/2023\/01\/cropped-logo-editorial-guadalupe.webp?fit=500%2C100&ssl=1","contentUrl":"https:\/\/i0.wp.com\/libreriaguadalupe.com.ar\/libreria\/wp-content\/uploads\/2023\/01\/cropped-logo-editorial-guadalupe.webp?fit=500%2C100&ssl=1","width":500,"height":100,"caption":"Editorial Guadalupe"},"image":{"@id":"https:\/\/libreriaguadalupe.com.ar\/libreria\/#\/schema\/logo\/image\/"},"sameAs":["https:\/\/www.facebook.com\/LibreriaGuadalupeAR\/","https:\/\/www.instagram.com\/editorialguadalupe\/","https:\/\/guadalupeeditorial.mercadoshops.com.ar\/"]}]}},"jetpack_publicize_connections":[],"jetpack_sharing_enabled":true,"jetpack-related-posts":[{"id":16074,"url":"https:\/\/libreriaguadalupe.com.ar\/libreria\/producto\/la-vision-teologica-de-oscar-romero\/","url_meta":{"origin":16077,"position":0},"title":"La visi\u00f3n teol\u00f3gica de \u00d3scar Romero","author":"admin","date":"12\/02\/2023","format":false,"excerpt":"Liberaci\u00f3n y transfiguraci\u00f3n de los pobres AUTOR: EDGARDO A. COLON-EMERIC ISBN: 9505008681","rel":"","context":"Entrada similar","block_context":{"text":"Entrada similar","link":""},"img":{"alt_text":"","src":"https:\/\/i0.wp.com\/libreriaguadalupe.com.ar\/libreria\/wp-content\/uploads\/2023\/02\/La-vision-teologica-de-Oscar-Romero.webp?fit=712%2C1140&ssl=1&resize=350%2C200","width":350,"height":200,"srcset":"https:\/\/i0.wp.com\/libreriaguadalupe.com.ar\/libreria\/wp-content\/uploads\/2023\/02\/La-vision-teologica-de-Oscar-Romero.webp?fit=712%2C1140&ssl=1&resize=350%2C200 1x, https:\/\/i0.wp.com\/libreriaguadalupe.com.ar\/libreria\/wp-content\/uploads\/2023\/02\/La-vision-teologica-de-Oscar-Romero.webp?fit=712%2C1140&ssl=1&resize=525%2C300 1.5x, https:\/\/i0.wp.com\/libreriaguadalupe.com.ar\/libreria\/wp-content\/uploads\/2023\/02\/La-vision-teologica-de-Oscar-Romero.webp?fit=712%2C1140&ssl=1&resize=700%2C400 2x"},"classes":[]},{"id":16967,"url":"https:\/\/libreriaguadalupe.com.ar\/libreria\/producto\/de-las-ciencias-a-la-teologia\/","url_meta":{"origin":16077,"position":1},"title":"De las ciencias a la teolog\u00eda","author":"admin","date":"23\/03\/2023","format":false,"excerpt":"Ensayos interdisciplinares. Homenaje a Manuel Garc\u00eda Doncel Autor: Jes\u00fas Romero Mo\u00f1ivas ISBN: 8499451916 Dimensiones: 16,5 x 23 cm P\u00e1ginas: 432","rel":"","context":"Entrada similar","block_context":{"text":"Entrada similar","link":""},"img":{"alt_text":"","src":"https:\/\/i0.wp.com\/libreriaguadalupe.com.ar\/libreria\/wp-content\/uploads\/2023\/03\/De-las-ciencias-a-la-teologia.jpg?fit=380%2C586&ssl=1&resize=350%2C200","width":350,"height":200},"classes":[]},{"id":17131,"url":"https:\/\/libreriaguadalupe.com.ar\/libreria\/producto\/la-vigencia-de-jesus-de-nazaret\/","url_meta":{"origin":16077,"position":2},"title":"La Vigencia De Jes\u00fas De Nazaret","author":"admin","date":"28\/03\/2023","format":false,"excerpt":"VOLUMEN I Autor: Oscar Correa ISBN: 9789505008438 Dimensiones: 15 x 22 cm P\u00e1ginas: 288","rel":"","context":"Entrada similar","block_context":{"text":"Entrada similar","link":""},"img":{"alt_text":"","src":"https:\/\/i0.wp.com\/libreriaguadalupe.com.ar\/libreria\/wp-content\/uploads\/2023\/03\/La-Vigencia-De-Jesus-De-Nazaret.jpeg?fit=365%2C500&ssl=1&resize=350%2C200","width":350,"height":200},"classes":[]},{"id":18966,"url":"https:\/\/libreriaguadalupe.com.ar\/libreria\/producto\/itinerario-catequistico-permanente-en-argentina\/","url_meta":{"origin":16077,"position":3},"title":"Itinerario Catequ\u00edstico Permanente en Argentina","author":"Mariano Zuqui","date":"19\/06\/2025","format":false,"excerpt":"\u00a0 Autor: Marcelo Javier Franchini T\u00edtulo: \"Itinerario Catequ\u00edstico Permanente en Argentina\" ISBN:978-950-500-946-6 Formato: 15.5\u00a0 (ancho) x 22.5 (alto) cms. Interior: 1\/1 color Papel: Bookcel 80 grs. N\u00ba de P\u00e1ginas: 376 Tapa:4 Colores - Cartulina 512 grs -laminado mate Encuadernaci\u00f3n: Binder \u00a0 \u00a0","rel":"","context":"Entrada similar","block_context":{"text":"Entrada similar","link":""},"img":{"alt_text":"itinerario catequ\u00edstico permanente en Argentina","src":"https:\/\/i0.wp.com\/libreriaguadalupe.com.ar\/libreria\/wp-content\/uploads\/2025\/06\/1-4.png?fit=945%2C1181&ssl=1&resize=350%2C200","width":350,"height":200,"srcset":"https:\/\/i0.wp.com\/libreriaguadalupe.com.ar\/libreria\/wp-content\/uploads\/2025\/06\/1-4.png?fit=945%2C1181&ssl=1&resize=350%2C200 1x, https:\/\/i0.wp.com\/libreriaguadalupe.com.ar\/libreria\/wp-content\/uploads\/2025\/06\/1-4.png?fit=945%2C1181&ssl=1&resize=525%2C300 1.5x, https:\/\/i0.wp.com\/libreriaguadalupe.com.ar\/libreria\/wp-content\/uploads\/2025\/06\/1-4.png?fit=945%2C1181&ssl=1&resize=700%2C400 2x"},"classes":[]},{"id":18058,"url":"https:\/\/libreriaguadalupe.com.ar\/libreria\/producto\/la-vigencia-de-jesus-de-nazaret-vol-iii\/","url_meta":{"origin":16077,"position":4},"title":"La vigencia de Jes\u00fas de Nazaret &#8211; Vol. III","author":"admin","date":"22\/05\/2024","format":false,"excerpt":"Autor: Oscar Correa ISBN: 978-950-500-922-0 Dimensiones: 16 x 23 cm P\u00e1ginas: 428","rel":"","context":"Entrada similar","block_context":{"text":"Entrada similar","link":""},"img":{"alt_text":"","src":"https:\/\/i0.wp.com\/libreriaguadalupe.com.ar\/libreria\/wp-content\/uploads\/2024\/05\/NOVEDAD-TIENDA-MAYO-3.jpg?fit=470%2C470&ssl=1&resize=350%2C200","width":350,"height":200},"classes":[]},{"id":16829,"url":"https:\/\/libreriaguadalupe.com.ar\/libreria\/producto\/de-pastores-y-de-ovejas\/","url_meta":{"origin":16077,"position":5},"title":"De Pastores Y De Ovejas","author":"admin","date":"22\/03\/2023","format":false,"excerpt":"Escritos sacerdotales de Mons. H\u00e9ctor Aguer Autor: UNIVERSIDAD CATOLICA DE LA PLATA ISBN: 9789505007448 Dimensiones: 16 x 23 cm P\u00e1ginas: 296","rel":"","context":"Entrada similar","block_context":{"text":"Entrada similar","link":""},"img":{"alt_text":"","src":"https:\/\/i0.wp.com\/libreriaguadalupe.com.ar\/libreria\/wp-content\/uploads\/2023\/03\/De-Pastores-Y-De-Ovejas.jpeg?fit=340%2C500&ssl=1&resize=350%2C200","width":350,"height":200},"classes":[]}],"_links":{"self":[{"href":"https:\/\/libreriaguadalupe.com.ar\/libreria\/wp-json\/wp\/v2\/product\/16077","targetHints":{"allow":["GET"]}}],"collection":[{"href":"https:\/\/libreriaguadalupe.com.ar\/libreria\/wp-json\/wp\/v2\/product"}],"about":[{"href":"https:\/\/libreriaguadalupe.com.ar\/libreria\/wp-json\/wp\/v2\/types\/product"}],"replies":[{"embeddable":true,"href":"https:\/\/libreriaguadalupe.com.ar\/libreria\/wp-json\/wp\/v2\/comments?post=16077"}],"version-history":[{"count":2,"href":"https:\/\/libreriaguadalupe.com.ar\/libreria\/wp-json\/wp\/v2\/product\/16077\/revisions"}],"predecessor-version":[{"id":17270,"href":"https:\/\/libreriaguadalupe.com.ar\/libreria\/wp-json\/wp\/v2\/product\/16077\/revisions\/17270"}],"wp:featuredmedia":[{"embeddable":true,"href":"https:\/\/libreriaguadalupe.com.ar\/libreria\/wp-json\/wp\/v2\/media\/16075"}],"wp:attachment":[{"href":"https:\/\/libreriaguadalupe.com.ar\/libreria\/wp-json\/wp\/v2\/media?parent=16077"}],"wp:term":[{"taxonomy":"product_brand","embeddable":true,"href":"https:\/\/libreriaguadalupe.com.ar\/libreria\/wp-json\/wp\/v2\/product_brand?post=16077"},{"taxonomy":"product_cat","embeddable":true,"href":"https:\/\/libreriaguadalupe.com.ar\/libreria\/wp-json\/wp\/v2\/product_cat?post=16077"},{"taxonomy":"product_tag","embeddable":true,"href":"https:\/\/libreriaguadalupe.com.ar\/libreria\/wp-json\/wp\/v2\/product_tag?post=16077"}],"curies":[{"name":"wp","href":"https:\/\/api.w.org\/{rel}","templated":true}]}}