{"id":16066,"date":"2023-02-12T15:44:12","date_gmt":"2023-02-12T18:44:12","guid":{"rendered":"https:\/\/libreriaguadalupe.com.ar\/libreria\/?post_type=product&#038;p=16066"},"modified":"2025-05-06T01:50:27","modified_gmt":"2025-05-06T04:50:27","slug":"un-camino-hacia-la-remodelacion-interior","status":"publish","type":"product","link":"https:\/\/libreriaguadalupe.com.ar\/libreria\/producto\/un-camino-hacia-la-remodelacion-interior\/","title":{"rendered":"Un camino hacia la remodelaci\u00f3n interior"},"content":{"rendered":"<p>\u00abUn camino hacia la remodelaci\u00f3n interior\u00bb se presenta como una invitaci\u00f3n para conocerse a s\u00ed mismo, sus ra\u00edces, su historia como camino en que se va encontrando con un paisaje lleno de sorpresas. Permitir\u00e1 una mejor comprensi\u00f3n de s\u00ed mismo, de los dem\u00e1s, de la realidad, que le ayudar\u00e1 a una vida m\u00e1s sana y feliz. Conocido o desconocido, querido o no querido, lo que uno es se manifiesta en su vida, en sus relaciones y en todo su obrar. Conocer la verdad sobre s\u00ed mismo le .da mayor lucidez y libertad en su vida.<\/p>\n","protected":false},"excerpt":{"rendered":"<p>AUTOR: YAMANOUCHI, FIDEL<\/p>\n<p>ISBN: 9505008315<\/p>\n","protected":false},"featured_media":16067,"comment_status":"open","ping_status":"closed","template":"","meta":{"jetpack_publicize_message":"","jetpack_publicize_feature_enabled":true,"jetpack_social_post_already_shared":true,"jetpack_social_options":{"image_generator_settings":{"template":"highway","default_image_id":0,"font":"","enabled":false},"version":2}},"product_brand":[],"product_cat":[88,121],"product_tag":[127],"class_list":{"0":"post-16066","1":"product","2":"type-product","3":"status-publish","4":"has-post-thumbnail","6":"product_cat-espiritualidad-cultura-social","7":"product_cat-guadalupe","8":"product_tag-editorial-guadalupe-de-argentina","10":"first","11":"instock","12":"shipping-taxable","13":"purchasable","14":"product-type-simple"},"yoast_head":"<!-- This site is optimized with the Yoast SEO plugin v27.4 - https:\/\/yoast.com\/product\/yoast-seo-wordpress\/ -->\n<title>Un camino hacia la remodelaci\u00f3n interior - Editorial Guadalupe de Argentina<\/title>\n<meta name=\"robots\" content=\"index, follow, max-snippet:-1, max-image-preview:large, max-video-preview:-1\" \/>\n<link rel=\"canonical\" href=\"https:\/\/libreriaguadalupe.com.ar\/libreria\/producto\/un-camino-hacia-la-remodelacion-interior\/\" \/>\n<meta property=\"og:locale\" content=\"es_ES\" \/>\n<meta property=\"og:type\" content=\"article\" \/>\n<meta property=\"og:title\" content=\"Un camino hacia la remodelaci\u00f3n interior - Editorial Guadalupe de Argentina\" \/>\n<meta property=\"og:description\" content=\"AUTOR: YAMANOUCHI, FIDEL  ISBN: 9505008315\" \/>\n<meta property=\"og:url\" content=\"https:\/\/libreriaguadalupe.com.ar\/libreria\/producto\/un-camino-hacia-la-remodelacion-interior\/\" \/>\n<meta property=\"og:site_name\" content=\"Editorial Guadalupe de Argentina\" \/>\n<meta property=\"article:publisher\" content=\"https:\/\/www.facebook.com\/LibreriaGuadalupeAR\/\" \/>\n<meta property=\"article:modified_time\" content=\"2025-05-06T04:50:27+00:00\" \/>\n<meta property=\"og:image\" content=\"https:\/\/libreriaguadalupe.com.ar\/libreria\/wp-content\/uploads\/2023\/02\/Un-camino-hacia-la-remodelacion-interior.jpg\" \/>\n\t<meta property=\"og:image:width\" content=\"400\" \/>\n\t<meta property=\"og:image:height\" content=\"600\" \/>\n\t<meta property=\"og:image:type\" content=\"image\/jpeg\" \/>\n<meta name=\"twitter:card\" content=\"summary_large_image\" \/>\n<meta name=\"twitter:label1\" content=\"Tiempo de lectura\" \/>\n\t<meta name=\"twitter:data1\" content=\"1 minuto\" \/>\n<script type=\"application\/ld+json\" class=\"yoast-schema-graph\">{\"@context\":\"https:\\\/\\\/schema.org\",\"@graph\":[{\"@type\":\"WebPage\",\"@id\":\"https:\\\/\\\/libreriaguadalupe.com.ar\\\/libreria\\\/producto\\\/un-camino-hacia-la-remodelacion-interior\\\/\",\"url\":\"https:\\\/\\\/libreriaguadalupe.com.ar\\\/libreria\\\/producto\\\/un-camino-hacia-la-remodelacion-interior\\\/\",\"name\":\"Un camino hacia la remodelaci\u00f3n interior - Editorial Guadalupe de Argentina\",\"isPartOf\":{\"@id\":\"https:\\\/\\\/libreriaguadalupe.com.ar\\\/libreria\\\/#website\"},\"primaryImageOfPage\":{\"@id\":\"https:\\\/\\\/libreriaguadalupe.com.ar\\\/libreria\\\/producto\\\/un-camino-hacia-la-remodelacion-interior\\\/#primaryimage\"},\"image\":{\"@id\":\"https:\\\/\\\/libreriaguadalupe.com.ar\\\/libreria\\\/producto\\\/un-camino-hacia-la-remodelacion-interior\\\/#primaryimage\"},\"thumbnailUrl\":\"https:\\\/\\\/i0.wp.com\\\/libreriaguadalupe.com.ar\\\/libreria\\\/wp-content\\\/uploads\\\/2023\\\/02\\\/Un-camino-hacia-la-remodelacion-interior.jpg?fit=400%2C600&ssl=1\",\"datePublished\":\"2023-02-12T18:44:12+00:00\",\"dateModified\":\"2025-05-06T04:50:27+00:00\",\"breadcrumb\":{\"@id\":\"https:\\\/\\\/libreriaguadalupe.com.ar\\\/libreria\\\/producto\\\/un-camino-hacia-la-remodelacion-interior\\\/#breadcrumb\"},\"inLanguage\":\"es\",\"potentialAction\":[{\"@type\":\"ReadAction\",\"target\":[\"https:\\\/\\\/libreriaguadalupe.com.ar\\\/libreria\\\/producto\\\/un-camino-hacia-la-remodelacion-interior\\\/\"]}]},{\"@type\":\"ImageObject\",\"inLanguage\":\"es\",\"@id\":\"https:\\\/\\\/libreriaguadalupe.com.ar\\\/libreria\\\/producto\\\/un-camino-hacia-la-remodelacion-interior\\\/#primaryimage\",\"url\":\"https:\\\/\\\/i0.wp.com\\\/libreriaguadalupe.com.ar\\\/libreria\\\/wp-content\\\/uploads\\\/2023\\\/02\\\/Un-camino-hacia-la-remodelacion-interior.jpg?fit=400%2C600&ssl=1\",\"contentUrl\":\"https:\\\/\\\/i0.wp.com\\\/libreriaguadalupe.com.ar\\\/libreria\\\/wp-content\\\/uploads\\\/2023\\\/02\\\/Un-camino-hacia-la-remodelacion-interior.jpg?fit=400%2C600&ssl=1\",\"width\":400,\"height\":600},{\"@type\":\"BreadcrumbList\",\"@id\":\"https:\\\/\\\/libreriaguadalupe.com.ar\\\/libreria\\\/producto\\\/un-camino-hacia-la-remodelacion-interior\\\/#breadcrumb\",\"itemListElement\":[{\"@type\":\"ListItem\",\"position\":1,\"name\":\"Portada\",\"item\":\"https:\\\/\\\/libreriaguadalupe.com.ar\\\/libreria\\\/\"},{\"@type\":\"ListItem\",\"position\":2,\"name\":\"Tienda\",\"item\":\"https:\\\/\\\/libreriaguadalupe.com.ar\\\/libreria\\\/\"},{\"@type\":\"ListItem\",\"position\":3,\"name\":\"Un camino hacia la remodelaci\u00f3n interior\"}]},{\"@type\":\"WebSite\",\"@id\":\"https:\\\/\\\/libreriaguadalupe.com.ar\\\/libreria\\\/#website\",\"url\":\"https:\\\/\\\/libreriaguadalupe.com.ar\\\/libreria\\\/\",\"name\":\"Editorial Guadalupe de Argentina\",\"description\":\"Congregaci\u00f3n del Verbo Divino\",\"publisher\":{\"@id\":\"https:\\\/\\\/libreriaguadalupe.com.ar\\\/libreria\\\/#organization\"},\"alternateName\":\"Librer\u00eda Guadalupe\",\"potentialAction\":[{\"@type\":\"SearchAction\",\"target\":{\"@type\":\"EntryPoint\",\"urlTemplate\":\"https:\\\/\\\/libreriaguadalupe.com.ar\\\/libreria\\\/?s={search_term_string}\"},\"query-input\":{\"@type\":\"PropertyValueSpecification\",\"valueRequired\":true,\"valueName\":\"search_term_string\"}}],\"inLanguage\":\"es\"},{\"@type\":\"Organization\",\"@id\":\"https:\\\/\\\/libreriaguadalupe.com.ar\\\/libreria\\\/#organization\",\"name\":\"Editorial Guadalupe\",\"alternateName\":\"Librer\u00eda Guadalupe\",\"url\":\"https:\\\/\\\/libreriaguadalupe.com.ar\\\/libreria\\\/\",\"logo\":{\"@type\":\"ImageObject\",\"inLanguage\":\"es\",\"@id\":\"https:\\\/\\\/libreriaguadalupe.com.ar\\\/libreria\\\/#\\\/schema\\\/logo\\\/image\\\/\",\"url\":\"https:\\\/\\\/i0.wp.com\\\/libreriaguadalupe.com.ar\\\/libreria\\\/wp-content\\\/uploads\\\/2023\\\/01\\\/cropped-logo-editorial-guadalupe.webp?fit=500%2C100&ssl=1\",\"contentUrl\":\"https:\\\/\\\/i0.wp.com\\\/libreriaguadalupe.com.ar\\\/libreria\\\/wp-content\\\/uploads\\\/2023\\\/01\\\/cropped-logo-editorial-guadalupe.webp?fit=500%2C100&ssl=1\",\"width\":500,\"height\":100,\"caption\":\"Editorial Guadalupe\"},\"image\":{\"@id\":\"https:\\\/\\\/libreriaguadalupe.com.ar\\\/libreria\\\/#\\\/schema\\\/logo\\\/image\\\/\"},\"sameAs\":[\"https:\\\/\\\/www.facebook.com\\\/LibreriaGuadalupeAR\\\/\",\"https:\\\/\\\/www.instagram.com\\\/editorialguadalupe\\\/\",\"https:\\\/\\\/guadalupeeditorial.mercadoshops.com.ar\\\/\"]}]}<\/script>\n<!-- \/ Yoast SEO plugin. -->","yoast_head_json":{"title":"Un camino hacia la remodelaci\u00f3n interior - Editorial Guadalupe de Argentina","robots":{"index":"index","follow":"follow","max-snippet":"max-snippet:-1","max-image-preview":"max-image-preview:large","max-video-preview":"max-video-preview:-1"},"canonical":"https:\/\/libreriaguadalupe.com.ar\/libreria\/producto\/un-camino-hacia-la-remodelacion-interior\/","og_locale":"es_ES","og_type":"article","og_title":"Un camino hacia la remodelaci\u00f3n interior - Editorial Guadalupe de Argentina","og_description":"AUTOR: YAMANOUCHI, FIDEL  ISBN: 9505008315","og_url":"https:\/\/libreriaguadalupe.com.ar\/libreria\/producto\/un-camino-hacia-la-remodelacion-interior\/","og_site_name":"Editorial Guadalupe de Argentina","article_publisher":"https:\/\/www.facebook.com\/LibreriaGuadalupeAR\/","article_modified_time":"2025-05-06T04:50:27+00:00","og_image":[{"width":400,"height":600,"url":"https:\/\/libreriaguadalupe.com.ar\/libreria\/wp-content\/uploads\/2023\/02\/Un-camino-hacia-la-remodelacion-interior.jpg","type":"image\/jpeg"}],"twitter_card":"summary_large_image","twitter_misc":{"Tiempo de lectura":"1 minuto"},"schema":{"@context":"https:\/\/schema.org","@graph":[{"@type":"WebPage","@id":"https:\/\/libreriaguadalupe.com.ar\/libreria\/producto\/un-camino-hacia-la-remodelacion-interior\/","url":"https:\/\/libreriaguadalupe.com.ar\/libreria\/producto\/un-camino-hacia-la-remodelacion-interior\/","name":"Un camino hacia la remodelaci\u00f3n interior - Editorial Guadalupe de Argentina","isPartOf":{"@id":"https:\/\/libreriaguadalupe.com.ar\/libreria\/#website"},"primaryImageOfPage":{"@id":"https:\/\/libreriaguadalupe.com.ar\/libreria\/producto\/un-camino-hacia-la-remodelacion-interior\/#primaryimage"},"image":{"@id":"https:\/\/libreriaguadalupe.com.ar\/libreria\/producto\/un-camino-hacia-la-remodelacion-interior\/#primaryimage"},"thumbnailUrl":"https:\/\/i0.wp.com\/libreriaguadalupe.com.ar\/libreria\/wp-content\/uploads\/2023\/02\/Un-camino-hacia-la-remodelacion-interior.jpg?fit=400%2C600&ssl=1","datePublished":"2023-02-12T18:44:12+00:00","dateModified":"2025-05-06T04:50:27+00:00","breadcrumb":{"@id":"https:\/\/libreriaguadalupe.com.ar\/libreria\/producto\/un-camino-hacia-la-remodelacion-interior\/#breadcrumb"},"inLanguage":"es","potentialAction":[{"@type":"ReadAction","target":["https:\/\/libreriaguadalupe.com.ar\/libreria\/producto\/un-camino-hacia-la-remodelacion-interior\/"]}]},{"@type":"ImageObject","inLanguage":"es","@id":"https:\/\/libreriaguadalupe.com.ar\/libreria\/producto\/un-camino-hacia-la-remodelacion-interior\/#primaryimage","url":"https:\/\/i0.wp.com\/libreriaguadalupe.com.ar\/libreria\/wp-content\/uploads\/2023\/02\/Un-camino-hacia-la-remodelacion-interior.jpg?fit=400%2C600&ssl=1","contentUrl":"https:\/\/i0.wp.com\/libreriaguadalupe.com.ar\/libreria\/wp-content\/uploads\/2023\/02\/Un-camino-hacia-la-remodelacion-interior.jpg?fit=400%2C600&ssl=1","width":400,"height":600},{"@type":"BreadcrumbList","@id":"https:\/\/libreriaguadalupe.com.ar\/libreria\/producto\/un-camino-hacia-la-remodelacion-interior\/#breadcrumb","itemListElement":[{"@type":"ListItem","position":1,"name":"Portada","item":"https:\/\/libreriaguadalupe.com.ar\/libreria\/"},{"@type":"ListItem","position":2,"name":"Tienda","item":"https:\/\/libreriaguadalupe.com.ar\/libreria\/"},{"@type":"ListItem","position":3,"name":"Un camino hacia la remodelaci\u00f3n interior"}]},{"@type":"WebSite","@id":"https:\/\/libreriaguadalupe.com.ar\/libreria\/#website","url":"https:\/\/libreriaguadalupe.com.ar\/libreria\/","name":"Editorial Guadalupe de Argentina","description":"Congregaci\u00f3n del Verbo Divino","publisher":{"@id":"https:\/\/libreriaguadalupe.com.ar\/libreria\/#organization"},"alternateName":"Librer\u00eda Guadalupe","potentialAction":[{"@type":"SearchAction","target":{"@type":"EntryPoint","urlTemplate":"https:\/\/libreriaguadalupe.com.ar\/libreria\/?s={search_term_string}"},"query-input":{"@type":"PropertyValueSpecification","valueRequired":true,"valueName":"search_term_string"}}],"inLanguage":"es"},{"@type":"Organization","@id":"https:\/\/libreriaguadalupe.com.ar\/libreria\/#organization","name":"Editorial Guadalupe","alternateName":"Librer\u00eda Guadalupe","url":"https:\/\/libreriaguadalupe.com.ar\/libreria\/","logo":{"@type":"ImageObject","inLanguage":"es","@id":"https:\/\/libreriaguadalupe.com.ar\/libreria\/#\/schema\/logo\/image\/","url":"https:\/\/i0.wp.com\/libreriaguadalupe.com.ar\/libreria\/wp-content\/uploads\/2023\/01\/cropped-logo-editorial-guadalupe.webp?fit=500%2C100&ssl=1","contentUrl":"https:\/\/i0.wp.com\/libreriaguadalupe.com.ar\/libreria\/wp-content\/uploads\/2023\/01\/cropped-logo-editorial-guadalupe.webp?fit=500%2C100&ssl=1","width":500,"height":100,"caption":"Editorial Guadalupe"},"image":{"@id":"https:\/\/libreriaguadalupe.com.ar\/libreria\/#\/schema\/logo\/image\/"},"sameAs":["https:\/\/www.facebook.com\/LibreriaGuadalupeAR\/","https:\/\/www.instagram.com\/editorialguadalupe\/","https:\/\/guadalupeeditorial.mercadoshops.com.ar\/"]}]}},"jetpack_publicize_connections":[],"jetpack_sharing_enabled":true,"jetpack-related-posts":[{"id":17508,"url":"https:\/\/libreriaguadalupe.com.ar\/libreria\/producto\/hacia-el-centro-del-centro\/","url_meta":{"origin":16066,"position":0},"title":"Hacia el Centro del centro","author":"admin","date":"26\/09\/2023","format":false,"excerpt":"Ejercicios de contemplaci\u00f3n en la vida diaria de la mano de Teresa de Jes\u00fas y Francisco Jalics \u00a0 Autora: VALERIA ALEJANDRA REICHLER ISBN: 978-950-500-905-3 Dimensiones: 16 x 23 cm P\u00e1ginas: 244","rel":"","context":"Entrada similar","block_context":{"text":"Entrada similar","link":""},"img":{"alt_text":"","src":"https:\/\/i0.wp.com\/libreriaguadalupe.com.ar\/libreria\/wp-content\/uploads\/2023\/09\/Hacia-el-centro-del-centro.png?fit=470%2C712&ssl=1&resize=350%2C200","width":350,"height":200},"classes":[]},{"id":16789,"url":"https:\/\/libreriaguadalupe.com.ar\/libreria\/producto\/arbol-sureno\/","url_meta":{"origin":16066,"position":1},"title":"\u00c1rbol sure\u00f1o","author":"admin","date":"21\/03\/2023","format":false,"excerpt":"Autor: EDUARDO MEANA LAPORTE ISBN: 9505008858 Dimensiones: 15 x 22 cm P\u00e1ginas: 126","rel":"","context":"Entrada similar","block_context":{"text":"Entrada similar","link":""},"img":{"alt_text":"","src":"https:\/\/i0.wp.com\/libreriaguadalupe.com.ar\/libreria\/wp-content\/uploads\/2023\/03\/NOVEDAD-TIENDA-MARZO-4.jpg?fit=470%2C470&ssl=1&resize=350%2C200","width":350,"height":200},"classes":[]},{"id":14714,"url":"https:\/\/libreriaguadalupe.com.ar\/libreria\/producto\/365-pensamientos-sanadores-2\/","url_meta":{"origin":16066,"position":2},"title":"365 Pensamientos sanadores","author":"admin","date":"07\/02\/2023","format":false,"excerpt":"El autor ofrece 365 reflexiones que servir\u00e1n al lector para ofrecerle a Dios, cada d\u00eda, el santuario interior de su alma, donde queda registrado todo el caminar de la vida. AUTOR: Jamut Gustavo ISBN: 9876670326","rel":"","context":"Entrada similar","block_context":{"text":"Entrada similar","link":""},"img":{"alt_text":"","src":"https:\/\/i0.wp.com\/libreriaguadalupe.com.ar\/libreria\/wp-content\/uploads\/2023\/01\/170.jpg?fit=630%2C800&ssl=1&resize=350%2C200","width":350,"height":200,"srcset":"https:\/\/i0.wp.com\/libreriaguadalupe.com.ar\/libreria\/wp-content\/uploads\/2023\/01\/170.jpg?fit=630%2C800&ssl=1&resize=350%2C200 1x, https:\/\/i0.wp.com\/libreriaguadalupe.com.ar\/libreria\/wp-content\/uploads\/2023\/01\/170.jpg?fit=630%2C800&ssl=1&resize=525%2C300 1.5x"},"classes":[]},{"id":16089,"url":"https:\/\/libreriaguadalupe.com.ar\/libreria\/producto\/el-ecosistema-del-silencio-fertil\/","url_meta":{"origin":16066,"position":3},"title":"El ecosistema del silencio f\u00e9rtil","author":"admin","date":"12\/02\/2023","format":false,"excerpt":"Viaje desde la palabra hacia tu interioridad fecunda AUTOR: EDUARDO MEANA LAPORTE ISBN: 9505008469","rel":"","context":"Entrada similar","block_context":{"text":"Entrada similar","link":""},"img":{"alt_text":"","src":"https:\/\/i0.wp.com\/libreriaguadalupe.com.ar\/libreria\/wp-content\/uploads\/2023\/02\/El-ecosistema-del-silencio-fertil.jpg?fit=800%2C800&ssl=1&resize=350%2C200","width":350,"height":200,"srcset":"https:\/\/i0.wp.com\/libreriaguadalupe.com.ar\/libreria\/wp-content\/uploads\/2023\/02\/El-ecosistema-del-silencio-fertil.jpg?fit=800%2C800&ssl=1&resize=350%2C200 1x, https:\/\/i0.wp.com\/libreriaguadalupe.com.ar\/libreria\/wp-content\/uploads\/2023\/02\/El-ecosistema-del-silencio-fertil.jpg?fit=800%2C800&ssl=1&resize=525%2C300 1.5x, https:\/\/i0.wp.com\/libreriaguadalupe.com.ar\/libreria\/wp-content\/uploads\/2023\/02\/El-ecosistema-del-silencio-fertil.jpg?fit=800%2C800&ssl=1&resize=700%2C400 2x"},"classes":[]},{"id":19075,"url":"https:\/\/libreriaguadalupe.com.ar\/libreria\/producto\/camino-al-cielo-teosiologia-predicaciones-xii\/","url_meta":{"origin":16066,"position":4},"title":"\u201cCamino al cielo\u201d \u2013 Teosiolog\u00eda \u2013 Predicaciones XII","author":"Mariano Zuqui","date":"24\/09\/2025","format":false,"excerpt":"Autor: Claudio Rizzo T\u00edtulo: \u201cCamino al cielo\u201d \u2013 Teosiolog\u00eda \u2013 Predicaciones XII\" ISBN:978-950-500-964-0 Formato: 14 (ancho) x 20 (alto) cms. Interior: 1\/1 color Papel: Bookcel 80 grs. N\u00ba de P\u00e1ginas: 160 Tapa:4 Colores - Cartulina - Laminado mate Encuadernaci\u00f3n: Binder \u00a0 \u00a0","rel":"","context":"Entrada similar","block_context":{"text":"Entrada similar","link":""},"img":{"alt_text":"","src":"https:\/\/i0.wp.com\/libreriaguadalupe.com.ar\/libreria\/wp-content\/uploads\/2025\/09\/1-3.png?fit=960%2C1200&ssl=1&resize=350%2C200","width":350,"height":200,"srcset":"https:\/\/i0.wp.com\/libreriaguadalupe.com.ar\/libreria\/wp-content\/uploads\/2025\/09\/1-3.png?fit=960%2C1200&ssl=1&resize=350%2C200 1x, https:\/\/i0.wp.com\/libreriaguadalupe.com.ar\/libreria\/wp-content\/uploads\/2025\/09\/1-3.png?fit=960%2C1200&ssl=1&resize=525%2C300 1.5x, https:\/\/i0.wp.com\/libreriaguadalupe.com.ar\/libreria\/wp-content\/uploads\/2025\/09\/1-3.png?fit=960%2C1200&ssl=1&resize=700%2C400 2x"},"classes":[]},{"id":16963,"url":"https:\/\/libreriaguadalupe.com.ar\/libreria\/producto\/nuestros-enojos\/","url_meta":{"origin":16066,"position":5},"title":"Nuestros Enojos","author":"admin","date":"23\/03\/2023","format":false,"excerpt":"Conflictos Enigm\u00e1ticos Serie Prediciaciones Autor: Claudio Rizzo ISBN: 9789505008124 Dimensiones: 14 x 2 cm P\u00e1ginas: 128","rel":"","context":"Entrada similar","block_context":{"text":"Entrada similar","link":""},"img":{"alt_text":"","src":"https:\/\/i0.wp.com\/libreriaguadalupe.com.ar\/libreria\/wp-content\/uploads\/2023\/03\/Nuestros-Enojos-Conflictos-Enigmaticos.jpeg?fit=343%2C500&ssl=1&resize=350%2C200","width":350,"height":200},"classes":[]}],"_links":{"self":[{"href":"https:\/\/libreriaguadalupe.com.ar\/libreria\/wp-json\/wp\/v2\/product\/16066","targetHints":{"allow":["GET"]}}],"collection":[{"href":"https:\/\/libreriaguadalupe.com.ar\/libreria\/wp-json\/wp\/v2\/product"}],"about":[{"href":"https:\/\/libreriaguadalupe.com.ar\/libreria\/wp-json\/wp\/v2\/types\/product"}],"replies":[{"embeddable":true,"href":"https:\/\/libreriaguadalupe.com.ar\/libreria\/wp-json\/wp\/v2\/comments?post=16066"}],"version-history":[{"count":2,"href":"https:\/\/libreriaguadalupe.com.ar\/libreria\/wp-json\/wp\/v2\/product\/16066\/revisions"}],"predecessor-version":[{"id":16079,"href":"https:\/\/libreriaguadalupe.com.ar\/libreria\/wp-json\/wp\/v2\/product\/16066\/revisions\/16079"}],"wp:featuredmedia":[{"embeddable":true,"href":"https:\/\/libreriaguadalupe.com.ar\/libreria\/wp-json\/wp\/v2\/media\/16067"}],"wp:attachment":[{"href":"https:\/\/libreriaguadalupe.com.ar\/libreria\/wp-json\/wp\/v2\/media?parent=16066"}],"wp:term":[{"taxonomy":"product_brand","embeddable":true,"href":"https:\/\/libreriaguadalupe.com.ar\/libreria\/wp-json\/wp\/v2\/product_brand?post=16066"},{"taxonomy":"product_cat","embeddable":true,"href":"https:\/\/libreriaguadalupe.com.ar\/libreria\/wp-json\/wp\/v2\/product_cat?post=16066"},{"taxonomy":"product_tag","embeddable":true,"href":"https:\/\/libreriaguadalupe.com.ar\/libreria\/wp-json\/wp\/v2\/product_tag?post=16066"}],"curies":[{"name":"wp","href":"https:\/\/api.w.org\/{rel}","templated":true}]}}