{"id":16063,"date":"2023-02-12T15:41:13","date_gmt":"2023-02-12T18:41:13","guid":{"rendered":"https:\/\/libreriaguadalupe.com.ar\/libreria\/?post_type=product&#038;p=16063"},"modified":"2025-11-25T10:27:34","modified_gmt":"2025-11-25T13:27:34","slug":"asumir-para-transformar","status":"publish","type":"product","link":"https:\/\/libreriaguadalupe.com.ar\/libreria\/producto\/asumir-para-transformar\/","title":{"rendered":"Asumir para transformar"},"content":{"rendered":"<h1 id=\"title\" class=\"a-spacing-none a-text-normal\"><span id=\"productTitle\" class=\"a-size-extra-large\">Asumir para transformar: <\/span><\/h1>\n<h1 class=\"a-spacing-none a-text-normal\"><span id=\"productTitle\" class=\"a-size-extra-large\">Psico-teolog\u00eda de la conversi\u00f3n y la madurez afectiva (Predicaciones n\u00ba 10)<\/span><\/h1>\n<p>Una de las fuentes teol\u00f3gicas es la ense\u00f1anza de los Padres de la Espiritualidad o bien llamados Padres del Desierto. En el siglo II San Ireneo de Lyon dice: \u00abLo que no es asumido no es redimido\u00bb.<br \/>\nLa palabra redenci\u00f3n deriva del t\u00e9rmino griego \u00abapol\u00fatrosis\u00bb que traducido significa redenci\u00f3n: liberaci\u00f3n, sanaci\u00f3n, curaci\u00f3n. Hoy estas acepciones pueden ser sintetizadas en el t\u00e9rmino \u00abreordenamiento\u00bb.<br \/>\nCada cosa que liberamos o sanamos ciertamente es un reordenamiento. Y para ello necesitamos en algunos casos \u00abnacer de nuevo\u00bb como le propuso el Se\u00f1or a Nicodemo. En otros, reorientar la vida hacia las cosas de Dios a trav\u00e9s de la Iglesia.<br \/>\nLa conversi\u00f3n psico-teol\u00f3gica, conjuntamente con una afectividad controlada, nos permitir\u00e1 asumir para transformar.<br \/>\nAsumiremos aquellas cosas, tal vez descontroladas, o quiz\u00e1 desordenadas. Este libro nos posibilitar\u00e1 asumir aquellas cosas que conviene incorporar en nuestra vida como la Moral de la Alianza.<br \/>\nDios nos quiere en eterna Alianza. Es su deseo. Leemos en G\u00e9nesis 9, 11: \u00abYo establezco mi alianza con ustedes\u00bb. Y en la voz prof\u00e9tica encontramos \u00abUstedes ser\u00e1n mi pueblo y yo ser\u00e9 su Dios\u00bb, Ez 36, 28.<br \/>\nEn este libro podr\u00e1s conjugar los cambios que convienen realizar en el modo de pensar, en el modo de sentir, en el modo de reaccionar<br \/>\nfrente a las vicisitudes de la vida y las actitudes nuevas que es aconsejable construir a la luz de la formaci\u00f3n interdisciplinaria.<br \/>\nCiertamente este abordaje mixto psico-afectivo-teol\u00f3gico contribuir\u00e1 notablemente a nuestro crecimiento y, por tanto, a nuestro acercamiento y vivencia para llegar a ser hombres plenos considerando nuestra naturaleza humana.<\/p>\n<p>Esta ense\u00f1anza paulina nos alienta a los cambios normales, naturales que todas las personas podemos realizar sin reprimir nuestra mente. Para ello se requiere disponerse a amar. Todos por experiencia sabemos que cuando amamos nos sentimos realmente bien. En vez, los opuestos al amor tales como el odio, la agresi\u00f3n, el resentimiento, el rechazo, las mentiras, la ponzo\u00f1a\u2026no nos posibilitan el deseo de Dios: nuestra conversi\u00f3n hacia \u00c9l. Dios nos acompa\u00f1a. No temamos a abrazar las propuestas evang\u00e9licas y lanc\u00e9monos a \u00abvivir seg\u00fan Dios\u00bb.<\/p>\n<p>Dios es misterio. Por tanto, nosotros pertenecemos a ese Misterio, el cual se nos manifiesta principalmente a trav\u00e9s del car\u00e1cter de<br \/>\nnovedad y de asombro. El Se\u00f1or s\u00f3lo desea que asumamos con paz, con tranquilidad todo aquello que podemos transformar.<\/p>\n","protected":false},"excerpt":{"rendered":"<h1 class=\"a-spacing-none a-text-normal\"><span id=\"productTitle\" class=\"a-size-extra-large\">Psico-teolog\u00eda de la conversi\u00f3n y la madurez afectiva (Predicaciones n\u00ba 10)<\/span><\/h1>\n<p>AUTOR: CLAUDIO RIZZO<\/p>\n<p>ISBN: 9505008353<\/p>\n","protected":false},"featured_media":16064,"comment_status":"open","ping_status":"closed","template":"","meta":{"jetpack_publicize_message":"","jetpack_publicize_feature_enabled":true,"jetpack_social_post_already_shared":true,"jetpack_social_options":{"image_generator_settings":{"template":"highway","default_image_id":0,"font":"","enabled":false},"version":2}},"product_brand":[],"product_cat":[144,88,121],"product_tag":[127],"class_list":{"0":"post-16063","1":"product","2":"type-product","3":"status-publish","4":"has-post-thumbnail","6":"product_cat-especial-pascua","7":"product_cat-espiritualidad-cultura-social","8":"product_cat-guadalupe","9":"product_tag-editorial-guadalupe-de-argentina","11":"first","12":"instock","13":"shipping-taxable","14":"purchasable","15":"product-type-simple"},"yoast_head":"<!-- This site is optimized with the Yoast SEO plugin v27.4 - https:\/\/yoast.com\/product\/yoast-seo-wordpress\/ -->\n<title>Asumir para transformar - Editorial Guadalupe de Argentina<\/title>\n<meta name=\"robots\" content=\"index, follow, max-snippet:-1, max-image-preview:large, max-video-preview:-1\" \/>\n<link rel=\"canonical\" href=\"https:\/\/libreriaguadalupe.com.ar\/libreria\/producto\/asumir-para-transformar\/\" \/>\n<meta property=\"og:locale\" content=\"es_ES\" \/>\n<meta property=\"og:type\" content=\"article\" \/>\n<meta property=\"og:title\" content=\"Asumir para transformar - Editorial Guadalupe de Argentina\" \/>\n<meta property=\"og:description\" content=\"Psico-teolog\u00eda de la conversi\u00f3n y la madurez afectiva (Predicaciones n\u00ba 10) AUTOR: CLAUDIO RIZZO  ISBN: 9505008353\" \/>\n<meta property=\"og:url\" content=\"https:\/\/libreriaguadalupe.com.ar\/libreria\/producto\/asumir-para-transformar\/\" \/>\n<meta property=\"og:site_name\" content=\"Editorial Guadalupe de Argentina\" \/>\n<meta property=\"article:publisher\" content=\"https:\/\/www.facebook.com\/LibreriaGuadalupeAR\/\" \/>\n<meta property=\"article:modified_time\" content=\"2025-11-25T13:27:34+00:00\" \/>\n<meta property=\"og:image\" content=\"https:\/\/libreriaguadalupe.com.ar\/libreria\/wp-content\/uploads\/2023\/02\/ASUMIR-PARA-TRANSFORMAR.jpg\" \/>\n\t<meta property=\"og:image:width\" content=\"351\" \/>\n\t<meta property=\"og:image:height\" content=\"500\" \/>\n\t<meta property=\"og:image:type\" content=\"image\/jpeg\" \/>\n<meta name=\"twitter:card\" content=\"summary_large_image\" \/>\n<meta name=\"twitter:label1\" content=\"Tiempo de lectura\" \/>\n\t<meta name=\"twitter:data1\" content=\"3 minutos\" \/>\n<script type=\"application\/ld+json\" class=\"yoast-schema-graph\">{\"@context\":\"https:\\\/\\\/schema.org\",\"@graph\":[{\"@type\":\"WebPage\",\"@id\":\"https:\\\/\\\/libreriaguadalupe.com.ar\\\/libreria\\\/producto\\\/asumir-para-transformar\\\/\",\"url\":\"https:\\\/\\\/libreriaguadalupe.com.ar\\\/libreria\\\/producto\\\/asumir-para-transformar\\\/\",\"name\":\"Asumir para transformar - Editorial Guadalupe de Argentina\",\"isPartOf\":{\"@id\":\"https:\\\/\\\/libreriaguadalupe.com.ar\\\/libreria\\\/#website\"},\"primaryImageOfPage\":{\"@id\":\"https:\\\/\\\/libreriaguadalupe.com.ar\\\/libreria\\\/producto\\\/asumir-para-transformar\\\/#primaryimage\"},\"image\":{\"@id\":\"https:\\\/\\\/libreriaguadalupe.com.ar\\\/libreria\\\/producto\\\/asumir-para-transformar\\\/#primaryimage\"},\"thumbnailUrl\":\"https:\\\/\\\/i0.wp.com\\\/libreriaguadalupe.com.ar\\\/libreria\\\/wp-content\\\/uploads\\\/2023\\\/02\\\/ASUMIR-PARA-TRANSFORMAR.jpg?fit=351%2C500&ssl=1\",\"datePublished\":\"2023-02-12T18:41:13+00:00\",\"dateModified\":\"2025-11-25T13:27:34+00:00\",\"breadcrumb\":{\"@id\":\"https:\\\/\\\/libreriaguadalupe.com.ar\\\/libreria\\\/producto\\\/asumir-para-transformar\\\/#breadcrumb\"},\"inLanguage\":\"es\",\"potentialAction\":[{\"@type\":\"ReadAction\",\"target\":[\"https:\\\/\\\/libreriaguadalupe.com.ar\\\/libreria\\\/producto\\\/asumir-para-transformar\\\/\"]}]},{\"@type\":\"ImageObject\",\"inLanguage\":\"es\",\"@id\":\"https:\\\/\\\/libreriaguadalupe.com.ar\\\/libreria\\\/producto\\\/asumir-para-transformar\\\/#primaryimage\",\"url\":\"https:\\\/\\\/i0.wp.com\\\/libreriaguadalupe.com.ar\\\/libreria\\\/wp-content\\\/uploads\\\/2023\\\/02\\\/ASUMIR-PARA-TRANSFORMAR.jpg?fit=351%2C500&ssl=1\",\"contentUrl\":\"https:\\\/\\\/i0.wp.com\\\/libreriaguadalupe.com.ar\\\/libreria\\\/wp-content\\\/uploads\\\/2023\\\/02\\\/ASUMIR-PARA-TRANSFORMAR.jpg?fit=351%2C500&ssl=1\",\"width\":351,\"height\":500},{\"@type\":\"BreadcrumbList\",\"@id\":\"https:\\\/\\\/libreriaguadalupe.com.ar\\\/libreria\\\/producto\\\/asumir-para-transformar\\\/#breadcrumb\",\"itemListElement\":[{\"@type\":\"ListItem\",\"position\":1,\"name\":\"Portada\",\"item\":\"https:\\\/\\\/libreriaguadalupe.com.ar\\\/libreria\\\/\"},{\"@type\":\"ListItem\",\"position\":2,\"name\":\"Tienda\",\"item\":\"https:\\\/\\\/libreriaguadalupe.com.ar\\\/libreria\\\/\"},{\"@type\":\"ListItem\",\"position\":3,\"name\":\"Asumir para transformar\"}]},{\"@type\":\"WebSite\",\"@id\":\"https:\\\/\\\/libreriaguadalupe.com.ar\\\/libreria\\\/#website\",\"url\":\"https:\\\/\\\/libreriaguadalupe.com.ar\\\/libreria\\\/\",\"name\":\"Editorial Guadalupe de Argentina\",\"description\":\"Congregaci\u00f3n del Verbo Divino\",\"publisher\":{\"@id\":\"https:\\\/\\\/libreriaguadalupe.com.ar\\\/libreria\\\/#organization\"},\"alternateName\":\"Librer\u00eda Guadalupe\",\"potentialAction\":[{\"@type\":\"SearchAction\",\"target\":{\"@type\":\"EntryPoint\",\"urlTemplate\":\"https:\\\/\\\/libreriaguadalupe.com.ar\\\/libreria\\\/?s={search_term_string}\"},\"query-input\":{\"@type\":\"PropertyValueSpecification\",\"valueRequired\":true,\"valueName\":\"search_term_string\"}}],\"inLanguage\":\"es\"},{\"@type\":\"Organization\",\"@id\":\"https:\\\/\\\/libreriaguadalupe.com.ar\\\/libreria\\\/#organization\",\"name\":\"Editorial Guadalupe\",\"alternateName\":\"Librer\u00eda Guadalupe\",\"url\":\"https:\\\/\\\/libreriaguadalupe.com.ar\\\/libreria\\\/\",\"logo\":{\"@type\":\"ImageObject\",\"inLanguage\":\"es\",\"@id\":\"https:\\\/\\\/libreriaguadalupe.com.ar\\\/libreria\\\/#\\\/schema\\\/logo\\\/image\\\/\",\"url\":\"https:\\\/\\\/i0.wp.com\\\/libreriaguadalupe.com.ar\\\/libreria\\\/wp-content\\\/uploads\\\/2023\\\/01\\\/cropped-logo-editorial-guadalupe.webp?fit=500%2C100&ssl=1\",\"contentUrl\":\"https:\\\/\\\/i0.wp.com\\\/libreriaguadalupe.com.ar\\\/libreria\\\/wp-content\\\/uploads\\\/2023\\\/01\\\/cropped-logo-editorial-guadalupe.webp?fit=500%2C100&ssl=1\",\"width\":500,\"height\":100,\"caption\":\"Editorial Guadalupe\"},\"image\":{\"@id\":\"https:\\\/\\\/libreriaguadalupe.com.ar\\\/libreria\\\/#\\\/schema\\\/logo\\\/image\\\/\"},\"sameAs\":[\"https:\\\/\\\/www.facebook.com\\\/LibreriaGuadalupeAR\\\/\",\"https:\\\/\\\/www.instagram.com\\\/editorialguadalupe\\\/\",\"https:\\\/\\\/guadalupeeditorial.mercadoshops.com.ar\\\/\"]}]}<\/script>\n<!-- \/ Yoast SEO plugin. -->","yoast_head_json":{"title":"Asumir para transformar - Editorial Guadalupe de Argentina","robots":{"index":"index","follow":"follow","max-snippet":"max-snippet:-1","max-image-preview":"max-image-preview:large","max-video-preview":"max-video-preview:-1"},"canonical":"https:\/\/libreriaguadalupe.com.ar\/libreria\/producto\/asumir-para-transformar\/","og_locale":"es_ES","og_type":"article","og_title":"Asumir para transformar - Editorial Guadalupe de Argentina","og_description":"Psico-teolog\u00eda de la conversi\u00f3n y la madurez afectiva (Predicaciones n\u00ba 10) AUTOR: CLAUDIO RIZZO  ISBN: 9505008353","og_url":"https:\/\/libreriaguadalupe.com.ar\/libreria\/producto\/asumir-para-transformar\/","og_site_name":"Editorial Guadalupe de Argentina","article_publisher":"https:\/\/www.facebook.com\/LibreriaGuadalupeAR\/","article_modified_time":"2025-11-25T13:27:34+00:00","og_image":[{"width":351,"height":500,"url":"https:\/\/libreriaguadalupe.com.ar\/libreria\/wp-content\/uploads\/2023\/02\/ASUMIR-PARA-TRANSFORMAR.jpg","type":"image\/jpeg"}],"twitter_card":"summary_large_image","twitter_misc":{"Tiempo de lectura":"3 minutos"},"schema":{"@context":"https:\/\/schema.org","@graph":[{"@type":"WebPage","@id":"https:\/\/libreriaguadalupe.com.ar\/libreria\/producto\/asumir-para-transformar\/","url":"https:\/\/libreriaguadalupe.com.ar\/libreria\/producto\/asumir-para-transformar\/","name":"Asumir para transformar - Editorial Guadalupe de Argentina","isPartOf":{"@id":"https:\/\/libreriaguadalupe.com.ar\/libreria\/#website"},"primaryImageOfPage":{"@id":"https:\/\/libreriaguadalupe.com.ar\/libreria\/producto\/asumir-para-transformar\/#primaryimage"},"image":{"@id":"https:\/\/libreriaguadalupe.com.ar\/libreria\/producto\/asumir-para-transformar\/#primaryimage"},"thumbnailUrl":"https:\/\/i0.wp.com\/libreriaguadalupe.com.ar\/libreria\/wp-content\/uploads\/2023\/02\/ASUMIR-PARA-TRANSFORMAR.jpg?fit=351%2C500&ssl=1","datePublished":"2023-02-12T18:41:13+00:00","dateModified":"2025-11-25T13:27:34+00:00","breadcrumb":{"@id":"https:\/\/libreriaguadalupe.com.ar\/libreria\/producto\/asumir-para-transformar\/#breadcrumb"},"inLanguage":"es","potentialAction":[{"@type":"ReadAction","target":["https:\/\/libreriaguadalupe.com.ar\/libreria\/producto\/asumir-para-transformar\/"]}]},{"@type":"ImageObject","inLanguage":"es","@id":"https:\/\/libreriaguadalupe.com.ar\/libreria\/producto\/asumir-para-transformar\/#primaryimage","url":"https:\/\/i0.wp.com\/libreriaguadalupe.com.ar\/libreria\/wp-content\/uploads\/2023\/02\/ASUMIR-PARA-TRANSFORMAR.jpg?fit=351%2C500&ssl=1","contentUrl":"https:\/\/i0.wp.com\/libreriaguadalupe.com.ar\/libreria\/wp-content\/uploads\/2023\/02\/ASUMIR-PARA-TRANSFORMAR.jpg?fit=351%2C500&ssl=1","width":351,"height":500},{"@type":"BreadcrumbList","@id":"https:\/\/libreriaguadalupe.com.ar\/libreria\/producto\/asumir-para-transformar\/#breadcrumb","itemListElement":[{"@type":"ListItem","position":1,"name":"Portada","item":"https:\/\/libreriaguadalupe.com.ar\/libreria\/"},{"@type":"ListItem","position":2,"name":"Tienda","item":"https:\/\/libreriaguadalupe.com.ar\/libreria\/"},{"@type":"ListItem","position":3,"name":"Asumir para transformar"}]},{"@type":"WebSite","@id":"https:\/\/libreriaguadalupe.com.ar\/libreria\/#website","url":"https:\/\/libreriaguadalupe.com.ar\/libreria\/","name":"Editorial Guadalupe de Argentina","description":"Congregaci\u00f3n del Verbo Divino","publisher":{"@id":"https:\/\/libreriaguadalupe.com.ar\/libreria\/#organization"},"alternateName":"Librer\u00eda Guadalupe","potentialAction":[{"@type":"SearchAction","target":{"@type":"EntryPoint","urlTemplate":"https:\/\/libreriaguadalupe.com.ar\/libreria\/?s={search_term_string}"},"query-input":{"@type":"PropertyValueSpecification","valueRequired":true,"valueName":"search_term_string"}}],"inLanguage":"es"},{"@type":"Organization","@id":"https:\/\/libreriaguadalupe.com.ar\/libreria\/#organization","name":"Editorial Guadalupe","alternateName":"Librer\u00eda Guadalupe","url":"https:\/\/libreriaguadalupe.com.ar\/libreria\/","logo":{"@type":"ImageObject","inLanguage":"es","@id":"https:\/\/libreriaguadalupe.com.ar\/libreria\/#\/schema\/logo\/image\/","url":"https:\/\/i0.wp.com\/libreriaguadalupe.com.ar\/libreria\/wp-content\/uploads\/2023\/01\/cropped-logo-editorial-guadalupe.webp?fit=500%2C100&ssl=1","contentUrl":"https:\/\/i0.wp.com\/libreriaguadalupe.com.ar\/libreria\/wp-content\/uploads\/2023\/01\/cropped-logo-editorial-guadalupe.webp?fit=500%2C100&ssl=1","width":500,"height":100,"caption":"Editorial Guadalupe"},"image":{"@id":"https:\/\/libreriaguadalupe.com.ar\/libreria\/#\/schema\/logo\/image\/"},"sameAs":["https:\/\/www.facebook.com\/LibreriaGuadalupeAR\/","https:\/\/www.instagram.com\/editorialguadalupe\/","https:\/\/guadalupeeditorial.mercadoshops.com.ar\/"]}]}},"jetpack_publicize_connections":[],"jetpack_sharing_enabled":true,"jetpack-related-posts":[{"id":16829,"url":"https:\/\/libreriaguadalupe.com.ar\/libreria\/producto\/de-pastores-y-de-ovejas\/","url_meta":{"origin":16063,"position":0},"title":"De Pastores Y De Ovejas","author":"admin","date":"22\/03\/2023","format":false,"excerpt":"Escritos sacerdotales de Mons. H\u00e9ctor Aguer Autor: UNIVERSIDAD CATOLICA DE LA PLATA ISBN: 9789505007448 Dimensiones: 16 x 23 cm P\u00e1ginas: 296","rel":"","context":"Entrada similar","block_context":{"text":"Entrada similar","link":""},"img":{"alt_text":"","src":"https:\/\/i0.wp.com\/libreriaguadalupe.com.ar\/libreria\/wp-content\/uploads\/2023\/03\/De-Pastores-Y-De-Ovejas.jpeg?fit=340%2C500&ssl=1&resize=350%2C200","width":350,"height":200},"classes":[]},{"id":16936,"url":"https:\/\/libreriaguadalupe.com.ar\/libreria\/producto\/conversion-personal-conversion-pastoral\/","url_meta":{"origin":16063,"position":1},"title":"Conversi\u00f3n personal, conversi\u00f3n pastoral","author":"admin","date":"23\/03\/2023","format":false,"excerpt":"Vivir en cristiano en tiempos de incertidumbre XXIX Semana de Estudios de Teolog\u00eda Pastoral Autor: Instituto Superior de Pastoral Universidad Pontificia de Salamanca ISBN: 8490734575 Dimensiones: 12,5 x 20 cm P\u00e1ginas: 208","rel":"","context":"Entrada similar","block_context":{"text":"Entrada similar","link":""},"img":{"alt_text":"","src":"https:\/\/i0.wp.com\/libreriaguadalupe.com.ar\/libreria\/wp-content\/uploads\/2023\/03\/Conversion-personal-conversion-pastoral.jpg?fit=380%2C586&ssl=1&resize=350%2C200","width":350,"height":200},"classes":[]},{"id":15505,"url":"https:\/\/libreriaguadalupe.com.ar\/libreria\/producto\/trinidad-universo-persona-teologia-en-cosmovision-evolutiva-2\/","url_meta":{"origin":16063,"position":2},"title":"Trinidad, universo, persona","author":"admin","date":"07\/02\/2023","format":false,"excerpt":"Teolog\u00eda en cosmovisi\u00f3n evolutiva AUTOR: EVD ISBN: 8490730188","rel":"","context":"Entrada similar","block_context":{"text":"Entrada similar","link":""},"img":{"alt_text":"","src":"https:\/\/i0.wp.com\/libreriaguadalupe.com.ar\/libreria\/wp-content\/uploads\/2023\/02\/Trinidad-universo-persona.jpg?fit=380%2C586&ssl=1&resize=350%2C200","width":350,"height":200},"classes":[]},{"id":16967,"url":"https:\/\/libreriaguadalupe.com.ar\/libreria\/producto\/de-las-ciencias-a-la-teologia\/","url_meta":{"origin":16063,"position":3},"title":"De las ciencias a la teolog\u00eda","author":"admin","date":"23\/03\/2023","format":false,"excerpt":"Ensayos interdisciplinares. Homenaje a Manuel Garc\u00eda Doncel Autor: Jes\u00fas Romero Mo\u00f1ivas ISBN: 8499451916 Dimensiones: 16,5 x 23 cm P\u00e1ginas: 432","rel":"","context":"Entrada similar","block_context":{"text":"Entrada similar","link":""},"img":{"alt_text":"","src":"https:\/\/i0.wp.com\/libreriaguadalupe.com.ar\/libreria\/wp-content\/uploads\/2023\/03\/De-las-ciencias-a-la-teologia.jpg?fit=380%2C586&ssl=1&resize=350%2C200","width":350,"height":200},"classes":[]},{"id":15471,"url":"https:\/\/libreriaguadalupe.com.ar\/libreria\/producto\/a-vueltas-con-la-parroquia-balance-y-perspectivas-2\/","url_meta":{"origin":16063,"position":4},"title":"A vueltas con la parroquia: balance y perspectivas","author":"admin","date":"07\/02\/2023","format":false,"excerpt":"XVIII Semana de estudios de Teolog\u00eda Pastoral Autor: Instituto Superior de Pastoral Universidad Pontificia de Salamanca ISBN: 8481697872 Dimensiones: 12,5 x 20 cm P\u00e1ginas: 400","rel":"","context":"Entrada similar","block_context":{"text":"Entrada similar","link":""},"img":{"alt_text":"","src":"https:\/\/i0.wp.com\/libreriaguadalupe.com.ar\/libreria\/wp-content\/uploads\/1674\/33\/1150.jpg?fit=227%2C380&ssl=1&resize=350%2C200","width":350,"height":200},"classes":[]},{"id":15912,"url":"https:\/\/libreriaguadalupe.com.ar\/libreria\/producto\/monsenor-farrel-padre-de-la-teologia-del-pueblo\/","url_meta":{"origin":16063,"position":5},"title":"Monse\u00f1or Farrel, Padre de la teolog\u00eda del pueblo","author":"admin","date":"12\/02\/2023","format":false,"excerpt":"Las reflexiones de Lucio Gera, Rafael Tello y Gerardo Farrell, permanecen en las letras y en los corazones de quienes pudieron compartir con ellos la aventura de buscar a Dios por los caminos del pueblo; este libro es un intento de preservar es tesoro, divulg\u00e1ndolo. AUTOR: HERNAN ANTONIO ACOSTA ISBN:\u2026","rel":"","context":"Entrada similar","block_context":{"text":"Entrada similar","link":""},"img":{"alt_text":"","src":"https:\/\/i0.wp.com\/libreriaguadalupe.com.ar\/libreria\/wp-content\/uploads\/2023\/02\/Monsenor-Farrell-Padre-de-la-Teologia-del-Pueblo-chico.jpg?fit=335%2C500&ssl=1&resize=350%2C200","width":350,"height":200},"classes":[]}],"_links":{"self":[{"href":"https:\/\/libreriaguadalupe.com.ar\/libreria\/wp-json\/wp\/v2\/product\/16063","targetHints":{"allow":["GET"]}}],"collection":[{"href":"https:\/\/libreriaguadalupe.com.ar\/libreria\/wp-json\/wp\/v2\/product"}],"about":[{"href":"https:\/\/libreriaguadalupe.com.ar\/libreria\/wp-json\/wp\/v2\/types\/product"}],"replies":[{"embeddable":true,"href":"https:\/\/libreriaguadalupe.com.ar\/libreria\/wp-json\/wp\/v2\/comments?post=16063"}],"version-history":[{"count":1,"href":"https:\/\/libreriaguadalupe.com.ar\/libreria\/wp-json\/wp\/v2\/product\/16063\/revisions"}],"predecessor-version":[{"id":16065,"href":"https:\/\/libreriaguadalupe.com.ar\/libreria\/wp-json\/wp\/v2\/product\/16063\/revisions\/16065"}],"wp:featuredmedia":[{"embeddable":true,"href":"https:\/\/libreriaguadalupe.com.ar\/libreria\/wp-json\/wp\/v2\/media\/16064"}],"wp:attachment":[{"href":"https:\/\/libreriaguadalupe.com.ar\/libreria\/wp-json\/wp\/v2\/media?parent=16063"}],"wp:term":[{"taxonomy":"product_brand","embeddable":true,"href":"https:\/\/libreriaguadalupe.com.ar\/libreria\/wp-json\/wp\/v2\/product_brand?post=16063"},{"taxonomy":"product_cat","embeddable":true,"href":"https:\/\/libreriaguadalupe.com.ar\/libreria\/wp-json\/wp\/v2\/product_cat?post=16063"},{"taxonomy":"product_tag","embeddable":true,"href":"https:\/\/libreriaguadalupe.com.ar\/libreria\/wp-json\/wp\/v2\/product_tag?post=16063"}],"curies":[{"name":"wp","href":"https:\/\/api.w.org\/{rel}","templated":true}]}}