{"id":16032,"date":"2023-02-12T14:56:15","date_gmt":"2023-02-12T17:56:15","guid":{"rendered":"https:\/\/libreriaguadalupe.com.ar\/libreria\/?post_type=product&#038;p=16032"},"modified":"2025-05-05T17:31:50","modified_gmt":"2025-05-05T20:31:50","slug":"dejarlo-todo-por-una-promesa","status":"publish","type":"product","link":"https:\/\/libreriaguadalupe.com.ar\/libreria\/producto\/dejarlo-todo-por-una-promesa\/","title":{"rendered":"Dejarlo todo por una promesa"},"content":{"rendered":"<p>Nuestra esperanza no se sostiene en razonamientos, previsiones y garant\u00edas humanas; y se manifiesta all\u00ed donde no hay m\u00e1s esperanza, donde no hay nada m\u00e1s que esperar, precisamente como sucede para Abraham, frente a su muerte inminente y a la esterilidad de su mujer Sara. Se acerca el final para ellos, no pod\u00eda tener hijos, y en esa situaci\u00f3n, Abraham crey\u00f3 y tuvo esperanza contra toda esperanza.<\/p>\n<p>S\u00ed, porque no se funda en nuestra palabra, sino sobre la Palabra de Dios. Tambi\u00e9n en este sentido, entonces, estamos llamados a seguir el ejemplo de Abraham, el cual, aun frente a la evidencia de una realidad que aparece destinada a la muerte, se f\u00eda de Dios \u00abCon pleno convencimiento de que poderoso es Dios para cumplir lo prometido\u00bb (Rom 4, 21).<\/p>\n<p>Papa Francisco, audiencia general del 29 de marzo de 2017.<\/p>\n","protected":false},"excerpt":{"rendered":"<p>AUTOR: BLANCHOUD JOSE DANIEL<\/p>\n<p>ISBN: 9505007943<\/p>\n","protected":false},"featured_media":16033,"comment_status":"open","ping_status":"closed","template":"","meta":{"jetpack_publicize_message":"","jetpack_publicize_feature_enabled":true,"jetpack_social_post_already_shared":true,"jetpack_social_options":{"image_generator_settings":{"template":"highway","default_image_id":0,"font":"","enabled":false},"version":2}},"product_brand":[],"product_cat":[88,121],"product_tag":[127],"class_list":{"0":"post-16032","1":"product","2":"type-product","3":"status-publish","4":"has-post-thumbnail","6":"product_cat-espiritualidad-cultura-social","7":"product_cat-guadalupe","8":"product_tag-editorial-guadalupe-de-argentina","10":"first","11":"instock","12":"shipping-taxable","13":"purchasable","14":"product-type-simple"},"yoast_head":"<!-- This site is optimized with the Yoast SEO plugin v27.4 - https:\/\/yoast.com\/product\/yoast-seo-wordpress\/ -->\n<title>Dejarlo todo por una promesa - Editorial Guadalupe de Argentina<\/title>\n<meta name=\"description\" content=\"Nuestra esperanza no se sostiene en razonamientos, previsiones y garant\u00edas humanas; y se manifiesta all\u00ed donde no hay m\u00e1s esperanza, donde no hay nada m\u00e1s que esperar, precisamente como sucede para Abraham, frente a su muerte inminente y a la esterilidad de su mujer Sara. Se acerca el final para ellos, no pod\u00eda tener hijos, y en esa situaci\u00f3n, Abraham crey\u00f3 y tuvo esperanza contra toda esperanza.\" \/>\n<meta name=\"robots\" content=\"index, follow, max-snippet:-1, max-image-preview:large, max-video-preview:-1\" \/>\n<link rel=\"canonical\" href=\"https:\/\/libreriaguadalupe.com.ar\/libreria\/producto\/dejarlo-todo-por-una-promesa\/\" \/>\n<meta property=\"og:locale\" content=\"es_ES\" \/>\n<meta property=\"og:type\" content=\"article\" \/>\n<meta property=\"og:title\" content=\"Dejarlo todo por una promesa - Editorial Guadalupe de Argentina\" \/>\n<meta property=\"og:description\" content=\"Nuestra esperanza no se sostiene en razonamientos, previsiones y garant\u00edas humanas; y se manifiesta all\u00ed donde no hay m\u00e1s esperanza, donde no hay nada m\u00e1s que esperar, precisamente como sucede para Abraham, frente a su muerte inminente y a la esterilidad de su mujer Sara. Se acerca el final para ellos, no pod\u00eda tener hijos, y en esa situaci\u00f3n, Abraham crey\u00f3 y tuvo esperanza contra toda esperanza.\" \/>\n<meta property=\"og:url\" content=\"https:\/\/libreriaguadalupe.com.ar\/libreria\/producto\/dejarlo-todo-por-una-promesa\/\" \/>\n<meta property=\"og:site_name\" content=\"Editorial Guadalupe de Argentina\" \/>\n<meta property=\"article:publisher\" content=\"https:\/\/www.facebook.com\/LibreriaGuadalupeAR\/\" \/>\n<meta property=\"article:modified_time\" content=\"2025-05-05T20:31:50+00:00\" \/>\n<meta property=\"og:image\" content=\"https:\/\/libreriaguadalupe.com.ar\/libreria\/wp-content\/uploads\/2023\/02\/Dejarlo-todo-por-una-promesa.webp\" \/>\n\t<meta property=\"og:image:width\" content=\"342\" \/>\n\t<meta property=\"og:image:height\" content=\"500\" \/>\n\t<meta property=\"og:image:type\" content=\"image\/webp\" \/>\n<meta name=\"twitter:card\" content=\"summary_large_image\" \/>\n<meta name=\"twitter:label1\" content=\"Tiempo de lectura\" \/>\n\t<meta name=\"twitter:data1\" content=\"1 minuto\" \/>\n<script type=\"application\/ld+json\" class=\"yoast-schema-graph\">{\"@context\":\"https:\\\/\\\/schema.org\",\"@graph\":[{\"@type\":\"WebPage\",\"@id\":\"https:\\\/\\\/libreriaguadalupe.com.ar\\\/libreria\\\/producto\\\/dejarlo-todo-por-una-promesa\\\/\",\"url\":\"https:\\\/\\\/libreriaguadalupe.com.ar\\\/libreria\\\/producto\\\/dejarlo-todo-por-una-promesa\\\/\",\"name\":\"Dejarlo todo por una promesa - Editorial Guadalupe de Argentina\",\"isPartOf\":{\"@id\":\"https:\\\/\\\/libreriaguadalupe.com.ar\\\/libreria\\\/#website\"},\"primaryImageOfPage\":{\"@id\":\"https:\\\/\\\/libreriaguadalupe.com.ar\\\/libreria\\\/producto\\\/dejarlo-todo-por-una-promesa\\\/#primaryimage\"},\"image\":{\"@id\":\"https:\\\/\\\/libreriaguadalupe.com.ar\\\/libreria\\\/producto\\\/dejarlo-todo-por-una-promesa\\\/#primaryimage\"},\"thumbnailUrl\":\"https:\\\/\\\/i0.wp.com\\\/libreriaguadalupe.com.ar\\\/libreria\\\/wp-content\\\/uploads\\\/2023\\\/02\\\/Dejarlo-todo-por-una-promesa.webp?fit=342%2C500&ssl=1\",\"datePublished\":\"2023-02-12T17:56:15+00:00\",\"dateModified\":\"2025-05-05T20:31:50+00:00\",\"description\":\"Nuestra esperanza no se sostiene en razonamientos, previsiones y garant\u00edas humanas; y se manifiesta all\u00ed donde no hay m\u00e1s esperanza, donde no hay nada m\u00e1s que esperar, precisamente como sucede para Abraham, frente a su muerte inminente y a la esterilidad de su mujer Sara. Se acerca el final para ellos, no pod\u00eda tener hijos, y en esa situaci\u00f3n, Abraham crey\u00f3 y tuvo esperanza contra toda esperanza.\",\"breadcrumb\":{\"@id\":\"https:\\\/\\\/libreriaguadalupe.com.ar\\\/libreria\\\/producto\\\/dejarlo-todo-por-una-promesa\\\/#breadcrumb\"},\"inLanguage\":\"es\",\"potentialAction\":[{\"@type\":\"ReadAction\",\"target\":[\"https:\\\/\\\/libreriaguadalupe.com.ar\\\/libreria\\\/producto\\\/dejarlo-todo-por-una-promesa\\\/\"]}]},{\"@type\":\"ImageObject\",\"inLanguage\":\"es\",\"@id\":\"https:\\\/\\\/libreriaguadalupe.com.ar\\\/libreria\\\/producto\\\/dejarlo-todo-por-una-promesa\\\/#primaryimage\",\"url\":\"https:\\\/\\\/i0.wp.com\\\/libreriaguadalupe.com.ar\\\/libreria\\\/wp-content\\\/uploads\\\/2023\\\/02\\\/Dejarlo-todo-por-una-promesa.webp?fit=342%2C500&ssl=1\",\"contentUrl\":\"https:\\\/\\\/i0.wp.com\\\/libreriaguadalupe.com.ar\\\/libreria\\\/wp-content\\\/uploads\\\/2023\\\/02\\\/Dejarlo-todo-por-una-promesa.webp?fit=342%2C500&ssl=1\",\"width\":342,\"height\":500},{\"@type\":\"BreadcrumbList\",\"@id\":\"https:\\\/\\\/libreriaguadalupe.com.ar\\\/libreria\\\/producto\\\/dejarlo-todo-por-una-promesa\\\/#breadcrumb\",\"itemListElement\":[{\"@type\":\"ListItem\",\"position\":1,\"name\":\"Portada\",\"item\":\"https:\\\/\\\/libreriaguadalupe.com.ar\\\/libreria\\\/\"},{\"@type\":\"ListItem\",\"position\":2,\"name\":\"Tienda\",\"item\":\"https:\\\/\\\/libreriaguadalupe.com.ar\\\/libreria\\\/\"},{\"@type\":\"ListItem\",\"position\":3,\"name\":\"Dejarlo todo por una promesa\"}]},{\"@type\":\"WebSite\",\"@id\":\"https:\\\/\\\/libreriaguadalupe.com.ar\\\/libreria\\\/#website\",\"url\":\"https:\\\/\\\/libreriaguadalupe.com.ar\\\/libreria\\\/\",\"name\":\"Editorial Guadalupe de Argentina\",\"description\":\"Congregaci\u00f3n del Verbo Divino\",\"publisher\":{\"@id\":\"https:\\\/\\\/libreriaguadalupe.com.ar\\\/libreria\\\/#organization\"},\"alternateName\":\"Librer\u00eda Guadalupe\",\"potentialAction\":[{\"@type\":\"SearchAction\",\"target\":{\"@type\":\"EntryPoint\",\"urlTemplate\":\"https:\\\/\\\/libreriaguadalupe.com.ar\\\/libreria\\\/?s={search_term_string}\"},\"query-input\":{\"@type\":\"PropertyValueSpecification\",\"valueRequired\":true,\"valueName\":\"search_term_string\"}}],\"inLanguage\":\"es\"},{\"@type\":\"Organization\",\"@id\":\"https:\\\/\\\/libreriaguadalupe.com.ar\\\/libreria\\\/#organization\",\"name\":\"Editorial Guadalupe\",\"alternateName\":\"Librer\u00eda Guadalupe\",\"url\":\"https:\\\/\\\/libreriaguadalupe.com.ar\\\/libreria\\\/\",\"logo\":{\"@type\":\"ImageObject\",\"inLanguage\":\"es\",\"@id\":\"https:\\\/\\\/libreriaguadalupe.com.ar\\\/libreria\\\/#\\\/schema\\\/logo\\\/image\\\/\",\"url\":\"https:\\\/\\\/i0.wp.com\\\/libreriaguadalupe.com.ar\\\/libreria\\\/wp-content\\\/uploads\\\/2023\\\/01\\\/cropped-logo-editorial-guadalupe.webp?fit=500%2C100&ssl=1\",\"contentUrl\":\"https:\\\/\\\/i0.wp.com\\\/libreriaguadalupe.com.ar\\\/libreria\\\/wp-content\\\/uploads\\\/2023\\\/01\\\/cropped-logo-editorial-guadalupe.webp?fit=500%2C100&ssl=1\",\"width\":500,\"height\":100,\"caption\":\"Editorial Guadalupe\"},\"image\":{\"@id\":\"https:\\\/\\\/libreriaguadalupe.com.ar\\\/libreria\\\/#\\\/schema\\\/logo\\\/image\\\/\"},\"sameAs\":[\"https:\\\/\\\/www.facebook.com\\\/LibreriaGuadalupeAR\\\/\",\"https:\\\/\\\/www.instagram.com\\\/editorialguadalupe\\\/\",\"https:\\\/\\\/guadalupeeditorial.mercadoshops.com.ar\\\/\"]}]}<\/script>\n<!-- \/ Yoast SEO plugin. -->","yoast_head_json":{"title":"Dejarlo todo por una promesa - Editorial Guadalupe de Argentina","description":"Nuestra esperanza no se sostiene en razonamientos, previsiones y garant\u00edas humanas; y se manifiesta all\u00ed donde no hay m\u00e1s esperanza, donde no hay nada m\u00e1s que esperar, precisamente como sucede para Abraham, frente a su muerte inminente y a la esterilidad de su mujer Sara. Se acerca el final para ellos, no pod\u00eda tener hijos, y en esa situaci\u00f3n, Abraham crey\u00f3 y tuvo esperanza contra toda esperanza.","robots":{"index":"index","follow":"follow","max-snippet":"max-snippet:-1","max-image-preview":"max-image-preview:large","max-video-preview":"max-video-preview:-1"},"canonical":"https:\/\/libreriaguadalupe.com.ar\/libreria\/producto\/dejarlo-todo-por-una-promesa\/","og_locale":"es_ES","og_type":"article","og_title":"Dejarlo todo por una promesa - Editorial Guadalupe de Argentina","og_description":"Nuestra esperanza no se sostiene en razonamientos, previsiones y garant\u00edas humanas; y se manifiesta all\u00ed donde no hay m\u00e1s esperanza, donde no hay nada m\u00e1s que esperar, precisamente como sucede para Abraham, frente a su muerte inminente y a la esterilidad de su mujer Sara. Se acerca el final para ellos, no pod\u00eda tener hijos, y en esa situaci\u00f3n, Abraham crey\u00f3 y tuvo esperanza contra toda esperanza.","og_url":"https:\/\/libreriaguadalupe.com.ar\/libreria\/producto\/dejarlo-todo-por-una-promesa\/","og_site_name":"Editorial Guadalupe de Argentina","article_publisher":"https:\/\/www.facebook.com\/LibreriaGuadalupeAR\/","article_modified_time":"2025-05-05T20:31:50+00:00","og_image":[{"width":342,"height":500,"url":"https:\/\/libreriaguadalupe.com.ar\/libreria\/wp-content\/uploads\/2023\/02\/Dejarlo-todo-por-una-promesa.webp","type":"image\/webp"}],"twitter_card":"summary_large_image","twitter_misc":{"Tiempo de lectura":"1 minuto"},"schema":{"@context":"https:\/\/schema.org","@graph":[{"@type":"WebPage","@id":"https:\/\/libreriaguadalupe.com.ar\/libreria\/producto\/dejarlo-todo-por-una-promesa\/","url":"https:\/\/libreriaguadalupe.com.ar\/libreria\/producto\/dejarlo-todo-por-una-promesa\/","name":"Dejarlo todo por una promesa - Editorial Guadalupe de Argentina","isPartOf":{"@id":"https:\/\/libreriaguadalupe.com.ar\/libreria\/#website"},"primaryImageOfPage":{"@id":"https:\/\/libreriaguadalupe.com.ar\/libreria\/producto\/dejarlo-todo-por-una-promesa\/#primaryimage"},"image":{"@id":"https:\/\/libreriaguadalupe.com.ar\/libreria\/producto\/dejarlo-todo-por-una-promesa\/#primaryimage"},"thumbnailUrl":"https:\/\/i0.wp.com\/libreriaguadalupe.com.ar\/libreria\/wp-content\/uploads\/2023\/02\/Dejarlo-todo-por-una-promesa.webp?fit=342%2C500&ssl=1","datePublished":"2023-02-12T17:56:15+00:00","dateModified":"2025-05-05T20:31:50+00:00","description":"Nuestra esperanza no se sostiene en razonamientos, previsiones y garant\u00edas humanas; y se manifiesta all\u00ed donde no hay m\u00e1s esperanza, donde no hay nada m\u00e1s que esperar, precisamente como sucede para Abraham, frente a su muerte inminente y a la esterilidad de su mujer Sara. Se acerca el final para ellos, no pod\u00eda tener hijos, y en esa situaci\u00f3n, Abraham crey\u00f3 y tuvo esperanza contra toda esperanza.","breadcrumb":{"@id":"https:\/\/libreriaguadalupe.com.ar\/libreria\/producto\/dejarlo-todo-por-una-promesa\/#breadcrumb"},"inLanguage":"es","potentialAction":[{"@type":"ReadAction","target":["https:\/\/libreriaguadalupe.com.ar\/libreria\/producto\/dejarlo-todo-por-una-promesa\/"]}]},{"@type":"ImageObject","inLanguage":"es","@id":"https:\/\/libreriaguadalupe.com.ar\/libreria\/producto\/dejarlo-todo-por-una-promesa\/#primaryimage","url":"https:\/\/i0.wp.com\/libreriaguadalupe.com.ar\/libreria\/wp-content\/uploads\/2023\/02\/Dejarlo-todo-por-una-promesa.webp?fit=342%2C500&ssl=1","contentUrl":"https:\/\/i0.wp.com\/libreriaguadalupe.com.ar\/libreria\/wp-content\/uploads\/2023\/02\/Dejarlo-todo-por-una-promesa.webp?fit=342%2C500&ssl=1","width":342,"height":500},{"@type":"BreadcrumbList","@id":"https:\/\/libreriaguadalupe.com.ar\/libreria\/producto\/dejarlo-todo-por-una-promesa\/#breadcrumb","itemListElement":[{"@type":"ListItem","position":1,"name":"Portada","item":"https:\/\/libreriaguadalupe.com.ar\/libreria\/"},{"@type":"ListItem","position":2,"name":"Tienda","item":"https:\/\/libreriaguadalupe.com.ar\/libreria\/"},{"@type":"ListItem","position":3,"name":"Dejarlo todo por una promesa"}]},{"@type":"WebSite","@id":"https:\/\/libreriaguadalupe.com.ar\/libreria\/#website","url":"https:\/\/libreriaguadalupe.com.ar\/libreria\/","name":"Editorial Guadalupe de Argentina","description":"Congregaci\u00f3n del Verbo Divino","publisher":{"@id":"https:\/\/libreriaguadalupe.com.ar\/libreria\/#organization"},"alternateName":"Librer\u00eda Guadalupe","potentialAction":[{"@type":"SearchAction","target":{"@type":"EntryPoint","urlTemplate":"https:\/\/libreriaguadalupe.com.ar\/libreria\/?s={search_term_string}"},"query-input":{"@type":"PropertyValueSpecification","valueRequired":true,"valueName":"search_term_string"}}],"inLanguage":"es"},{"@type":"Organization","@id":"https:\/\/libreriaguadalupe.com.ar\/libreria\/#organization","name":"Editorial Guadalupe","alternateName":"Librer\u00eda Guadalupe","url":"https:\/\/libreriaguadalupe.com.ar\/libreria\/","logo":{"@type":"ImageObject","inLanguage":"es","@id":"https:\/\/libreriaguadalupe.com.ar\/libreria\/#\/schema\/logo\/image\/","url":"https:\/\/i0.wp.com\/libreriaguadalupe.com.ar\/libreria\/wp-content\/uploads\/2023\/01\/cropped-logo-editorial-guadalupe.webp?fit=500%2C100&ssl=1","contentUrl":"https:\/\/i0.wp.com\/libreriaguadalupe.com.ar\/libreria\/wp-content\/uploads\/2023\/01\/cropped-logo-editorial-guadalupe.webp?fit=500%2C100&ssl=1","width":500,"height":100,"caption":"Editorial Guadalupe"},"image":{"@id":"https:\/\/libreriaguadalupe.com.ar\/libreria\/#\/schema\/logo\/image\/"},"sameAs":["https:\/\/www.facebook.com\/LibreriaGuadalupeAR\/","https:\/\/www.instagram.com\/editorialguadalupe\/","https:\/\/guadalupeeditorial.mercadoshops.com.ar\/"]}]}},"jetpack_publicize_connections":[],"jetpack_sharing_enabled":true,"jetpack-related-posts":[{"id":12802,"url":"https:\/\/libreriaguadalupe.com.ar\/libreria\/producto\/tradiciones-populares-judias-y-musulmanas\/","url_meta":{"origin":16032,"position":0},"title":"Tradiciones populares judias y musulmanas","author":"admin","date":"18\/01\/2023","format":false,"excerpt":"Ad\u00e1n - Abraham - Mois\u00e9s Autor: Concepci\u00f3n Castillo Castillo, Miguel P\u00e9rez Fern\u00e1ndez ISBN: 8481699845 Dimensiones: 17 x 24 cm P\u00e1ginas: 344","rel":"","context":"Entrada similar","block_context":{"text":"Entrada similar","link":""},"img":{"alt_text":"","src":"https:\/\/i0.wp.com\/libreriaguadalupe.com.ar\/libreria\/wp-content\/uploads\/2023\/01\/Tradiciones-populares-judias-y-musulmanas.jpg?fit=380%2C586&ssl=1&resize=350%2C200","width":350,"height":200},"classes":[]},{"id":18398,"url":"https:\/\/libreriaguadalupe.com.ar\/libreria\/producto\/vive-la-palabra-2025\/","url_meta":{"origin":16032,"position":1},"title":"Vive la Palabra 2025","author":"admin","date":"06\/11\/2024","format":false,"excerpt":"La esperanza no defraudada Ciclo C - Evangelio Santoral AGOTADO Autor: Editorial Guadalupe ISBN: 978 950 500 939 8 Dimensiones: 11 x 14 cm P\u00e1ginas: 408","rel":"","context":"Entrada similar","block_context":{"text":"Entrada similar","link":""},"img":{"alt_text":"","src":"https:\/\/i0.wp.com\/libreriaguadalupe.com.ar\/libreria\/wp-content\/uploads\/2024\/11\/AGOTADO.png?fit=960%2C1200&ssl=1&resize=350%2C200","width":350,"height":200,"srcset":"https:\/\/i0.wp.com\/libreriaguadalupe.com.ar\/libreria\/wp-content\/uploads\/2024\/11\/AGOTADO.png?fit=960%2C1200&ssl=1&resize=350%2C200 1x, https:\/\/i0.wp.com\/libreriaguadalupe.com.ar\/libreria\/wp-content\/uploads\/2024\/11\/AGOTADO.png?fit=960%2C1200&ssl=1&resize=525%2C300 1.5x, https:\/\/i0.wp.com\/libreriaguadalupe.com.ar\/libreria\/wp-content\/uploads\/2024\/11\/AGOTADO.png?fit=960%2C1200&ssl=1&resize=700%2C400 2x"},"classes":[]},{"id":14931,"url":"https:\/\/libreriaguadalupe.com.ar\/libreria\/producto\/ven-nino-dios-te-esperamos-2\/","url_meta":{"origin":16032,"position":2},"title":"Ven Ni\u00f1o Dios, te esperamos","author":"admin","date":"07\/02\/2023","format":false,"excerpt":"AUTOR: Luis Liberi ISBN: 9505007103","rel":"","context":"Entrada similar","block_context":{"text":"Entrada similar","link":""},"img":{"alt_text":"","src":"https:\/\/i0.wp.com\/libreriaguadalupe.com.ar\/libreria\/wp-content\/uploads\/2023\/02\/Ven-Nino-Dios-Te-esperamos.jpeg?fit=1039%2C1200&ssl=1&resize=350%2C200","width":350,"height":200,"srcset":"https:\/\/i0.wp.com\/libreriaguadalupe.com.ar\/libreria\/wp-content\/uploads\/2023\/02\/Ven-Nino-Dios-Te-esperamos.jpeg?fit=1039%2C1200&ssl=1&resize=350%2C200 1x, https:\/\/i0.wp.com\/libreriaguadalupe.com.ar\/libreria\/wp-content\/uploads\/2023\/02\/Ven-Nino-Dios-Te-esperamos.jpeg?fit=1039%2C1200&ssl=1&resize=525%2C300 1.5x, https:\/\/i0.wp.com\/libreriaguadalupe.com.ar\/libreria\/wp-content\/uploads\/2023\/02\/Ven-Nino-Dios-Te-esperamos.jpeg?fit=1039%2C1200&ssl=1&resize=700%2C400 2x"},"classes":[]},{"id":17259,"url":"https:\/\/libreriaguadalupe.com.ar\/libreria\/producto\/mi-ultimo-exorcismo\/","url_meta":{"origin":16032,"position":3},"title":"Mi \u00faltimo exorcismo","author":"admin","date":"19\/05\/2023","format":false,"excerpt":"Memorias de un Sacerdote Autor: R. P. Fabi\u00e1n Barrera, CM ISBN: 978-950-500-895-7 Dimensiones: 15 x 22 cm P\u00e1ginas: 150","rel":"","context":"Entrada similar","block_context":{"text":"Entrada similar","link":""},"img":{"alt_text":"","src":"https:\/\/i0.wp.com\/libreriaguadalupe.com.ar\/libreria\/wp-content\/uploads\/2023\/05\/NOVEDAD-TIENDA-MAYO-2.jpg?fit=470%2C470&ssl=1&resize=350%2C200","width":350,"height":200},"classes":[]},{"id":17905,"url":"https:\/\/libreriaguadalupe.com.ar\/libreria\/producto\/andando-junto-a-jesus-el-galileo\/","url_meta":{"origin":16032,"position":4},"title":"Andando junto a Jes\u00fas el Galileo","author":"admin","date":"14\/03\/2024","format":false,"excerpt":"Curso B\u00edblico Popular Autor: Adriana Roman\u00edn, Mar\u00eda Cristina Macci\u00f3 y Marc van der Post ISBN: 978-950-500-906-0 Dimensiones: 15 x 22 cm P\u00e1ginas: 122","rel":"","context":"Entrada similar","block_context":{"text":"Entrada similar","link":""},"img":{"alt_text":"","src":"https:\/\/i0.wp.com\/libreriaguadalupe.com.ar\/libreria\/wp-content\/uploads\/2024\/03\/MES-DE-LA-BIBLIA-2024-guada4.jpg?fit=470%2C470&ssl=1&resize=350%2C200","width":350,"height":200},"classes":[]},{"id":19209,"url":"https:\/\/libreriaguadalupe.com.ar\/libreria\/producto\/agenda-2026\/","url_meta":{"origin":16032,"position":5},"title":"Agenda 2026","author":"Mariano Zuqui","date":"30\/12\/2025","format":false,"excerpt":"Autor: Editorial Guadalupe T\u00edtulo: \u201cAgenda 2026\" N\u00ba de P\u00e1ginas: 240 Tapa:4 Colores - Cartulina - Laminado mate Encuadernaci\u00f3n: Binder \u00a0 \u00a0","rel":"","context":"Entrada similar","block_context":{"text":"Entrada similar","link":""},"img":{"alt_text":"","src":"https:\/\/i0.wp.com\/libreriaguadalupe.com.ar\/libreria\/wp-content\/uploads\/2025\/12\/1-3.png?fit=960%2C1200&ssl=1&resize=350%2C200","width":350,"height":200,"srcset":"https:\/\/i0.wp.com\/libreriaguadalupe.com.ar\/libreria\/wp-content\/uploads\/2025\/12\/1-3.png?fit=960%2C1200&ssl=1&resize=350%2C200 1x, https:\/\/i0.wp.com\/libreriaguadalupe.com.ar\/libreria\/wp-content\/uploads\/2025\/12\/1-3.png?fit=960%2C1200&ssl=1&resize=525%2C300 1.5x, https:\/\/i0.wp.com\/libreriaguadalupe.com.ar\/libreria\/wp-content\/uploads\/2025\/12\/1-3.png?fit=960%2C1200&ssl=1&resize=700%2C400 2x"},"classes":[]}],"_links":{"self":[{"href":"https:\/\/libreriaguadalupe.com.ar\/libreria\/wp-json\/wp\/v2\/product\/16032","targetHints":{"allow":["GET"]}}],"collection":[{"href":"https:\/\/libreriaguadalupe.com.ar\/libreria\/wp-json\/wp\/v2\/product"}],"about":[{"href":"https:\/\/libreriaguadalupe.com.ar\/libreria\/wp-json\/wp\/v2\/types\/product"}],"replies":[{"embeddable":true,"href":"https:\/\/libreriaguadalupe.com.ar\/libreria\/wp-json\/wp\/v2\/comments?post=16032"}],"version-history":[{"count":1,"href":"https:\/\/libreriaguadalupe.com.ar\/libreria\/wp-json\/wp\/v2\/product\/16032\/revisions"}],"predecessor-version":[{"id":16034,"href":"https:\/\/libreriaguadalupe.com.ar\/libreria\/wp-json\/wp\/v2\/product\/16032\/revisions\/16034"}],"wp:featuredmedia":[{"embeddable":true,"href":"https:\/\/libreriaguadalupe.com.ar\/libreria\/wp-json\/wp\/v2\/media\/16033"}],"wp:attachment":[{"href":"https:\/\/libreriaguadalupe.com.ar\/libreria\/wp-json\/wp\/v2\/media?parent=16032"}],"wp:term":[{"taxonomy":"product_brand","embeddable":true,"href":"https:\/\/libreriaguadalupe.com.ar\/libreria\/wp-json\/wp\/v2\/product_brand?post=16032"},{"taxonomy":"product_cat","embeddable":true,"href":"https:\/\/libreriaguadalupe.com.ar\/libreria\/wp-json\/wp\/v2\/product_cat?post=16032"},{"taxonomy":"product_tag","embeddable":true,"href":"https:\/\/libreriaguadalupe.com.ar\/libreria\/wp-json\/wp\/v2\/product_tag?post=16032"}],"curies":[{"name":"wp","href":"https:\/\/api.w.org\/{rel}","templated":true}]}}