{"id":16012,"date":"2023-02-12T14:12:25","date_gmt":"2023-02-12T17:12:25","guid":{"rendered":"https:\/\/libreriaguadalupe.com.ar\/libreria\/?post_type=product&#038;p=16012"},"modified":"2025-05-05T18:00:54","modified_gmt":"2025-05-05T21:00:54","slug":"yo-y-el-otro-en-busca-del-nosotros","status":"publish","type":"product","link":"https:\/\/libreriaguadalupe.com.ar\/libreria\/producto\/yo-y-el-otro-en-busca-del-nosotros\/","title":{"rendered":"Yo y el otro en busca del nosotros"},"content":{"rendered":"<h1 id=\"title\" class=\"a-spacing-none a-text-normal\"><span id=\"productTitle\" class=\"a-size-extra-large\">Yo y el otro en busca del nosotros: La vida en relaci\u00f3n<\/span><\/h1>\n<p>\u00bfC\u00f3mo vivimos nuestros v\u00ednculos? \u00bfNos abrimos a los otros o nos protegemos de ellos? Son muchos los que en estos tiempos de tanta aceleraci\u00f3n y ocupaci\u00f3n sienten que no existen para sus allegados, que no son vistos. Las personas parecen vivir centradas en s\u00ed mismas, en sus necesidades, obligaciones, proyectos o temores. Aun cuando hagan mucho por los dem\u00e1s, lo hacen sin mirarlos, sin reconocerlos ni dejarse afectar por el misterio del \u00abotro\u00bb. Cada vez cuesta m\u00e1s reconocer al \u00abotro\u00bb y confirmarlo como persona \u00fanica e irrepetible, acogerlo por ser quien es y como es. \u00bfC\u00f3mo tenemos que vivir nuestro v\u00ednculo con los dem\u00e1s? Las reflexiones presentadas en esta obra abordan con lucidez todas las relaciones humanas, incluida la relaci\u00f3n con Dios. Surgen as\u00ed las preguntas: \u00bfDios es un \u00abotro\u00bb para nosotros? \u00bfSomos nosotros un \u00abotro\u00bb para \u00e9l? Con una mirada esclarecedora se nos llama a vivir el encuentro de nuestro \u00abyo\u00bb con el \u00abotro\u00bb en el seno del \u00abnosotros\u00bb.<\/p>\n","protected":false},"excerpt":{"rendered":"<h1 id=\"title\" class=\"a-spacing-none a-text-normal\"><span id=\"productTitle\" class=\"a-size-extra-large\">La vida en relaci\u00f3n<\/span><\/h1>\n<p>AUTOR: CARLOS AVELLANEDA<br \/>\n<a href=\"https:\/\/libreriaguadalupe.com.ar\/libreria\/?s=avellaneda&amp;post_type=product\"><strong><span style=\"color: #ff9900;\">[ VER M\u00c1S OBRAS ]<\/span><\/strong><\/a><\/p>\n<p>ISBN: 9505007004<\/p>\n","protected":false},"featured_media":16013,"comment_status":"open","ping_status":"closed","template":"","meta":{"jetpack_publicize_message":"","jetpack_publicize_feature_enabled":true,"jetpack_social_post_already_shared":true,"jetpack_social_options":{"image_generator_settings":{"template":"highway","default_image_id":0,"font":"","enabled":false},"version":2}},"product_brand":[],"product_cat":[73,88,121],"product_tag":[127],"class_list":{"0":"post-16012","1":"product","2":"type-product","3":"status-publish","4":"has-post-thumbnail","6":"product_cat-catequesis-y-educacion-en-la-fe","7":"product_cat-espiritualidad-cultura-social","8":"product_cat-guadalupe","9":"product_tag-editorial-guadalupe-de-argentina","11":"first","12":"instock","13":"shipping-taxable","14":"purchasable","15":"product-type-simple"},"yoast_head":"<!-- This site is optimized with the Yoast SEO plugin v27.4 - https:\/\/yoast.com\/product\/yoast-seo-wordpress\/ -->\n<title>Yo y el otro en busca del nosotros - Editorial Guadalupe de Argentina<\/title>\n<meta name=\"description\" content=\"\u00bfC\u00f3mo vivimos nuestros v\u00ednculos? \u00bfNos abrimos a los otros o nos protegemos de ellos? Son muchos los que en estos tiempos de tanta aceleraci\u00f3n y ocupaci\u00f3n\" \/>\n<meta name=\"robots\" content=\"index, follow, max-snippet:-1, max-image-preview:large, max-video-preview:-1\" \/>\n<link rel=\"canonical\" href=\"https:\/\/libreriaguadalupe.com.ar\/libreria\/producto\/yo-y-el-otro-en-busca-del-nosotros\/\" \/>\n<meta property=\"og:locale\" content=\"es_ES\" \/>\n<meta property=\"og:type\" content=\"article\" \/>\n<meta property=\"og:title\" content=\"Yo y el otro en busca del nosotros - Editorial Guadalupe de Argentina\" \/>\n<meta property=\"og:description\" content=\"\u00bfC\u00f3mo vivimos nuestros v\u00ednculos? \u00bfNos abrimos a los otros o nos protegemos de ellos? Son muchos los que en estos tiempos de tanta aceleraci\u00f3n y ocupaci\u00f3n\" \/>\n<meta property=\"og:url\" content=\"https:\/\/libreriaguadalupe.com.ar\/libreria\/producto\/yo-y-el-otro-en-busca-del-nosotros\/\" \/>\n<meta property=\"og:site_name\" content=\"Editorial Guadalupe de Argentina\" \/>\n<meta property=\"article:publisher\" content=\"https:\/\/www.facebook.com\/LibreriaGuadalupeAR\/\" \/>\n<meta property=\"article:modified_time\" content=\"2025-05-05T21:00:54+00:00\" \/>\n<meta property=\"og:image\" content=\"https:\/\/libreriaguadalupe.com.ar\/libreria\/wp-content\/uploads\/2023\/02\/Yo-y-el-otro-en-busca-del-nosotros.jpg\" \/>\n\t<meta property=\"og:image:width\" content=\"435\" \/>\n\t<meta property=\"og:image:height\" content=\"640\" \/>\n\t<meta property=\"og:image:type\" content=\"image\/jpeg\" \/>\n<meta name=\"twitter:card\" content=\"summary_large_image\" \/>\n<meta name=\"twitter:label1\" content=\"Tiempo de lectura\" \/>\n\t<meta name=\"twitter:data1\" content=\"1 minuto\" \/>\n<script type=\"application\/ld+json\" class=\"yoast-schema-graph\">{\"@context\":\"https:\\\/\\\/schema.org\",\"@graph\":[{\"@type\":\"WebPage\",\"@id\":\"https:\\\/\\\/libreriaguadalupe.com.ar\\\/libreria\\\/producto\\\/yo-y-el-otro-en-busca-del-nosotros\\\/\",\"url\":\"https:\\\/\\\/libreriaguadalupe.com.ar\\\/libreria\\\/producto\\\/yo-y-el-otro-en-busca-del-nosotros\\\/\",\"name\":\"Yo y el otro en busca del nosotros - Editorial Guadalupe de Argentina\",\"isPartOf\":{\"@id\":\"https:\\\/\\\/libreriaguadalupe.com.ar\\\/libreria\\\/#website\"},\"primaryImageOfPage\":{\"@id\":\"https:\\\/\\\/libreriaguadalupe.com.ar\\\/libreria\\\/producto\\\/yo-y-el-otro-en-busca-del-nosotros\\\/#primaryimage\"},\"image\":{\"@id\":\"https:\\\/\\\/libreriaguadalupe.com.ar\\\/libreria\\\/producto\\\/yo-y-el-otro-en-busca-del-nosotros\\\/#primaryimage\"},\"thumbnailUrl\":\"https:\\\/\\\/i0.wp.com\\\/libreriaguadalupe.com.ar\\\/libreria\\\/wp-content\\\/uploads\\\/2023\\\/02\\\/Yo-y-el-otro-en-busca-del-nosotros.jpg?fit=435%2C640&ssl=1\",\"datePublished\":\"2023-02-12T17:12:25+00:00\",\"dateModified\":\"2025-05-05T21:00:54+00:00\",\"description\":\"\u00bfC\u00f3mo vivimos nuestros v\u00ednculos? \u00bfNos abrimos a los otros o nos protegemos de ellos? Son muchos los que en estos tiempos de tanta aceleraci\u00f3n y ocupaci\u00f3n\",\"breadcrumb\":{\"@id\":\"https:\\\/\\\/libreriaguadalupe.com.ar\\\/libreria\\\/producto\\\/yo-y-el-otro-en-busca-del-nosotros\\\/#breadcrumb\"},\"inLanguage\":\"es\",\"potentialAction\":[{\"@type\":\"ReadAction\",\"target\":[\"https:\\\/\\\/libreriaguadalupe.com.ar\\\/libreria\\\/producto\\\/yo-y-el-otro-en-busca-del-nosotros\\\/\"]}]},{\"@type\":\"ImageObject\",\"inLanguage\":\"es\",\"@id\":\"https:\\\/\\\/libreriaguadalupe.com.ar\\\/libreria\\\/producto\\\/yo-y-el-otro-en-busca-del-nosotros\\\/#primaryimage\",\"url\":\"https:\\\/\\\/i0.wp.com\\\/libreriaguadalupe.com.ar\\\/libreria\\\/wp-content\\\/uploads\\\/2023\\\/02\\\/Yo-y-el-otro-en-busca-del-nosotros.jpg?fit=435%2C640&ssl=1\",\"contentUrl\":\"https:\\\/\\\/i0.wp.com\\\/libreriaguadalupe.com.ar\\\/libreria\\\/wp-content\\\/uploads\\\/2023\\\/02\\\/Yo-y-el-otro-en-busca-del-nosotros.jpg?fit=435%2C640&ssl=1\",\"width\":435,\"height\":640,\"caption\":\"Yo y el otro en busca del nosotros: La vida en relaci\u00f3n\"},{\"@type\":\"BreadcrumbList\",\"@id\":\"https:\\\/\\\/libreriaguadalupe.com.ar\\\/libreria\\\/producto\\\/yo-y-el-otro-en-busca-del-nosotros\\\/#breadcrumb\",\"itemListElement\":[{\"@type\":\"ListItem\",\"position\":1,\"name\":\"Portada\",\"item\":\"https:\\\/\\\/libreriaguadalupe.com.ar\\\/libreria\\\/\"},{\"@type\":\"ListItem\",\"position\":2,\"name\":\"Tienda\",\"item\":\"https:\\\/\\\/libreriaguadalupe.com.ar\\\/libreria\\\/\"},{\"@type\":\"ListItem\",\"position\":3,\"name\":\"Yo y el otro en busca del nosotros\"}]},{\"@type\":\"WebSite\",\"@id\":\"https:\\\/\\\/libreriaguadalupe.com.ar\\\/libreria\\\/#website\",\"url\":\"https:\\\/\\\/libreriaguadalupe.com.ar\\\/libreria\\\/\",\"name\":\"Editorial Guadalupe de Argentina\",\"description\":\"Congregaci\u00f3n del Verbo Divino\",\"publisher\":{\"@id\":\"https:\\\/\\\/libreriaguadalupe.com.ar\\\/libreria\\\/#organization\"},\"alternateName\":\"Librer\u00eda Guadalupe\",\"potentialAction\":[{\"@type\":\"SearchAction\",\"target\":{\"@type\":\"EntryPoint\",\"urlTemplate\":\"https:\\\/\\\/libreriaguadalupe.com.ar\\\/libreria\\\/?s={search_term_string}\"},\"query-input\":{\"@type\":\"PropertyValueSpecification\",\"valueRequired\":true,\"valueName\":\"search_term_string\"}}],\"inLanguage\":\"es\"},{\"@type\":\"Organization\",\"@id\":\"https:\\\/\\\/libreriaguadalupe.com.ar\\\/libreria\\\/#organization\",\"name\":\"Editorial Guadalupe\",\"alternateName\":\"Librer\u00eda Guadalupe\",\"url\":\"https:\\\/\\\/libreriaguadalupe.com.ar\\\/libreria\\\/\",\"logo\":{\"@type\":\"ImageObject\",\"inLanguage\":\"es\",\"@id\":\"https:\\\/\\\/libreriaguadalupe.com.ar\\\/libreria\\\/#\\\/schema\\\/logo\\\/image\\\/\",\"url\":\"https:\\\/\\\/i0.wp.com\\\/libreriaguadalupe.com.ar\\\/libreria\\\/wp-content\\\/uploads\\\/2023\\\/01\\\/cropped-logo-editorial-guadalupe.webp?fit=500%2C100&ssl=1\",\"contentUrl\":\"https:\\\/\\\/i0.wp.com\\\/libreriaguadalupe.com.ar\\\/libreria\\\/wp-content\\\/uploads\\\/2023\\\/01\\\/cropped-logo-editorial-guadalupe.webp?fit=500%2C100&ssl=1\",\"width\":500,\"height\":100,\"caption\":\"Editorial Guadalupe\"},\"image\":{\"@id\":\"https:\\\/\\\/libreriaguadalupe.com.ar\\\/libreria\\\/#\\\/schema\\\/logo\\\/image\\\/\"},\"sameAs\":[\"https:\\\/\\\/www.facebook.com\\\/LibreriaGuadalupeAR\\\/\",\"https:\\\/\\\/www.instagram.com\\\/editorialguadalupe\\\/\",\"https:\\\/\\\/guadalupeeditorial.mercadoshops.com.ar\\\/\"]}]}<\/script>\n<!-- \/ Yoast SEO plugin. -->","yoast_head_json":{"title":"Yo y el otro en busca del nosotros - Editorial Guadalupe de Argentina","description":"\u00bfC\u00f3mo vivimos nuestros v\u00ednculos? \u00bfNos abrimos a los otros o nos protegemos de ellos? Son muchos los que en estos tiempos de tanta aceleraci\u00f3n y ocupaci\u00f3n","robots":{"index":"index","follow":"follow","max-snippet":"max-snippet:-1","max-image-preview":"max-image-preview:large","max-video-preview":"max-video-preview:-1"},"canonical":"https:\/\/libreriaguadalupe.com.ar\/libreria\/producto\/yo-y-el-otro-en-busca-del-nosotros\/","og_locale":"es_ES","og_type":"article","og_title":"Yo y el otro en busca del nosotros - Editorial Guadalupe de Argentina","og_description":"\u00bfC\u00f3mo vivimos nuestros v\u00ednculos? \u00bfNos abrimos a los otros o nos protegemos de ellos? Son muchos los que en estos tiempos de tanta aceleraci\u00f3n y ocupaci\u00f3n","og_url":"https:\/\/libreriaguadalupe.com.ar\/libreria\/producto\/yo-y-el-otro-en-busca-del-nosotros\/","og_site_name":"Editorial Guadalupe de Argentina","article_publisher":"https:\/\/www.facebook.com\/LibreriaGuadalupeAR\/","article_modified_time":"2025-05-05T21:00:54+00:00","og_image":[{"width":435,"height":640,"url":"https:\/\/libreriaguadalupe.com.ar\/libreria\/wp-content\/uploads\/2023\/02\/Yo-y-el-otro-en-busca-del-nosotros.jpg","type":"image\/jpeg"}],"twitter_card":"summary_large_image","twitter_misc":{"Tiempo de lectura":"1 minuto"},"schema":{"@context":"https:\/\/schema.org","@graph":[{"@type":"WebPage","@id":"https:\/\/libreriaguadalupe.com.ar\/libreria\/producto\/yo-y-el-otro-en-busca-del-nosotros\/","url":"https:\/\/libreriaguadalupe.com.ar\/libreria\/producto\/yo-y-el-otro-en-busca-del-nosotros\/","name":"Yo y el otro en busca del nosotros - Editorial Guadalupe de Argentina","isPartOf":{"@id":"https:\/\/libreriaguadalupe.com.ar\/libreria\/#website"},"primaryImageOfPage":{"@id":"https:\/\/libreriaguadalupe.com.ar\/libreria\/producto\/yo-y-el-otro-en-busca-del-nosotros\/#primaryimage"},"image":{"@id":"https:\/\/libreriaguadalupe.com.ar\/libreria\/producto\/yo-y-el-otro-en-busca-del-nosotros\/#primaryimage"},"thumbnailUrl":"https:\/\/i0.wp.com\/libreriaguadalupe.com.ar\/libreria\/wp-content\/uploads\/2023\/02\/Yo-y-el-otro-en-busca-del-nosotros.jpg?fit=435%2C640&ssl=1","datePublished":"2023-02-12T17:12:25+00:00","dateModified":"2025-05-05T21:00:54+00:00","description":"\u00bfC\u00f3mo vivimos nuestros v\u00ednculos? \u00bfNos abrimos a los otros o nos protegemos de ellos? Son muchos los que en estos tiempos de tanta aceleraci\u00f3n y ocupaci\u00f3n","breadcrumb":{"@id":"https:\/\/libreriaguadalupe.com.ar\/libreria\/producto\/yo-y-el-otro-en-busca-del-nosotros\/#breadcrumb"},"inLanguage":"es","potentialAction":[{"@type":"ReadAction","target":["https:\/\/libreriaguadalupe.com.ar\/libreria\/producto\/yo-y-el-otro-en-busca-del-nosotros\/"]}]},{"@type":"ImageObject","inLanguage":"es","@id":"https:\/\/libreriaguadalupe.com.ar\/libreria\/producto\/yo-y-el-otro-en-busca-del-nosotros\/#primaryimage","url":"https:\/\/i0.wp.com\/libreriaguadalupe.com.ar\/libreria\/wp-content\/uploads\/2023\/02\/Yo-y-el-otro-en-busca-del-nosotros.jpg?fit=435%2C640&ssl=1","contentUrl":"https:\/\/i0.wp.com\/libreriaguadalupe.com.ar\/libreria\/wp-content\/uploads\/2023\/02\/Yo-y-el-otro-en-busca-del-nosotros.jpg?fit=435%2C640&ssl=1","width":435,"height":640,"caption":"Yo y el otro en busca del nosotros: La vida en relaci\u00f3n"},{"@type":"BreadcrumbList","@id":"https:\/\/libreriaguadalupe.com.ar\/libreria\/producto\/yo-y-el-otro-en-busca-del-nosotros\/#breadcrumb","itemListElement":[{"@type":"ListItem","position":1,"name":"Portada","item":"https:\/\/libreriaguadalupe.com.ar\/libreria\/"},{"@type":"ListItem","position":2,"name":"Tienda","item":"https:\/\/libreriaguadalupe.com.ar\/libreria\/"},{"@type":"ListItem","position":3,"name":"Yo y el otro en busca del nosotros"}]},{"@type":"WebSite","@id":"https:\/\/libreriaguadalupe.com.ar\/libreria\/#website","url":"https:\/\/libreriaguadalupe.com.ar\/libreria\/","name":"Editorial Guadalupe de Argentina","description":"Congregaci\u00f3n del Verbo Divino","publisher":{"@id":"https:\/\/libreriaguadalupe.com.ar\/libreria\/#organization"},"alternateName":"Librer\u00eda Guadalupe","potentialAction":[{"@type":"SearchAction","target":{"@type":"EntryPoint","urlTemplate":"https:\/\/libreriaguadalupe.com.ar\/libreria\/?s={search_term_string}"},"query-input":{"@type":"PropertyValueSpecification","valueRequired":true,"valueName":"search_term_string"}}],"inLanguage":"es"},{"@type":"Organization","@id":"https:\/\/libreriaguadalupe.com.ar\/libreria\/#organization","name":"Editorial Guadalupe","alternateName":"Librer\u00eda Guadalupe","url":"https:\/\/libreriaguadalupe.com.ar\/libreria\/","logo":{"@type":"ImageObject","inLanguage":"es","@id":"https:\/\/libreriaguadalupe.com.ar\/libreria\/#\/schema\/logo\/image\/","url":"https:\/\/i0.wp.com\/libreriaguadalupe.com.ar\/libreria\/wp-content\/uploads\/2023\/01\/cropped-logo-editorial-guadalupe.webp?fit=500%2C100&ssl=1","contentUrl":"https:\/\/i0.wp.com\/libreriaguadalupe.com.ar\/libreria\/wp-content\/uploads\/2023\/01\/cropped-logo-editorial-guadalupe.webp?fit=500%2C100&ssl=1","width":500,"height":100,"caption":"Editorial Guadalupe"},"image":{"@id":"https:\/\/libreriaguadalupe.com.ar\/libreria\/#\/schema\/logo\/image\/"},"sameAs":["https:\/\/www.facebook.com\/LibreriaGuadalupeAR\/","https:\/\/www.instagram.com\/editorialguadalupe\/","https:\/\/guadalupeeditorial.mercadoshops.com.ar\/"]}]}},"jetpack_publicize_connections":[],"jetpack_sharing_enabled":true,"jetpack-related-posts":[{"id":15992,"url":"https:\/\/libreriaguadalupe.com.ar\/libreria\/producto\/libres-para-amar\/","url_meta":{"origin":16012,"position":0},"title":"Libres para amar","author":"admin","date":"12\/02\/2023","format":false,"excerpt":"Es una obra donde se trata la cuesti\u00f3n de los v\u00ednculos en la sociedad actual. AUTOR: CARLOS AVELLANEDA [ VER M\u00c1S OBRAS ] ISBN: 9870010258","rel":"","context":"Entrada similar","block_context":{"text":"Entrada similar","link":""},"img":{"alt_text":"","src":"https:\/\/i0.wp.com\/libreriaguadalupe.com.ar\/libreria\/wp-content\/uploads\/2023\/02\/Libres-para-amar.jpeg?fit=335%2C502&ssl=1&resize=350%2C200","width":350,"height":200},"classes":[]},{"id":16817,"url":"https:\/\/libreriaguadalupe.com.ar\/libreria\/producto\/dios-perdona-y-olvida\/","url_meta":{"origin":16012,"position":1},"title":"Dios Perdona Y Olvida","author":"admin","date":"22\/03\/2023","format":false,"excerpt":"El Perd\u00f3n y el Amor de Dios Serie: Predicaciones Autor: Claudio Rizzo ISBN: 9789505008216 Dimensiones: 14 x 20 cm P\u00e1ginas: 80","rel":"","context":"Entrada similar","block_context":{"text":"Entrada similar","link":""},"img":{"alt_text":"","src":"https:\/\/i0.wp.com\/libreriaguadalupe.com.ar\/libreria\/wp-content\/uploads\/2023\/03\/Dios-Perdona-Y-Olvida.jpeg?fit=342%2C500&ssl=1&resize=350%2C200","width":350,"height":200},"classes":[]},{"id":18260,"url":"https:\/\/libreriaguadalupe.com.ar\/libreria\/producto\/chip\/","url_meta":{"origin":16012,"position":2},"title":"Chip","author":"admin","date":"29\/08\/2024","format":false,"excerpt":"Autor: JOSE LUIS KAUFMANN [ VER M\u00c1S OBRAS ] ISBN: 978 950 500 926 8 Dimensiones: 15 x 22 cm P\u00e1ginas: 64","rel":"","context":"Entrada similar","block_context":{"text":"Entrada similar","link":""},"img":{"alt_text":"","src":"https:\/\/i0.wp.com\/libreriaguadalupe.com.ar\/libreria\/wp-content\/uploads\/2024\/08\/NOVEDAD-TIENDA-AGOSTO-6.jpg?fit=470%2C470&ssl=1&resize=350%2C200","width":350,"height":200},"classes":[]},{"id":19095,"url":"https:\/\/libreriaguadalupe.com.ar\/libreria\/producto\/la-huella-de-los-que-te-buscan-sedientos\/","url_meta":{"origin":16012,"position":3},"title":"\u00abLa huella de los que te buscan sedientos\u00bb","author":"Mariano Zuqui","date":"24\/09\/2025","format":false,"excerpt":"Autor: Eduardo Meana Laporte T\u00edtulo: \u201cLa huella de los que te buscan sedientos\" ISBN:978-950-500-969-5 Formato: 15 (ancho) x 22 (alto) cms. Interior: 1\/1 color Papel: Bookcel 80 grs. N\u00ba de P\u00e1ginas: 224 Tapa:4 Colores - Cartulina - Laminado mate Encuadernaci\u00f3n: Binder \u00a0 \u00a0","rel":"","context":"Entrada similar","block_context":{"text":"Entrada similar","link":""},"img":{"alt_text":"","src":"https:\/\/i0.wp.com\/libreriaguadalupe.com.ar\/libreria\/wp-content\/uploads\/2025\/09\/1-6.png?fit=960%2C1200&ssl=1&resize=350%2C200","width":350,"height":200,"srcset":"https:\/\/i0.wp.com\/libreriaguadalupe.com.ar\/libreria\/wp-content\/uploads\/2025\/09\/1-6.png?fit=960%2C1200&ssl=1&resize=350%2C200 1x, https:\/\/i0.wp.com\/libreriaguadalupe.com.ar\/libreria\/wp-content\/uploads\/2025\/09\/1-6.png?fit=960%2C1200&ssl=1&resize=525%2C300 1.5x, https:\/\/i0.wp.com\/libreriaguadalupe.com.ar\/libreria\/wp-content\/uploads\/2025\/09\/1-6.png?fit=960%2C1200&ssl=1&resize=700%2C400 2x"},"classes":[]},{"id":16095,"url":"https:\/\/libreriaguadalupe.com.ar\/libreria\/producto\/contemplando-a-dios-en-lo-cotidiano\/","url_meta":{"origin":16012,"position":4},"title":"Contemplando a Dios en lo cotidiano","author":"admin","date":"12\/02\/2023","format":false,"excerpt":"La espiritualidad Trinitaria, vivida en lo cotidiano: Dios, hu\u00e9sped de mi tienda interior. Dios que me acoge en su triple expresi\u00f3n de amor AUTOR: IRENE ROSA KLEIN ISBN: 9505008643","rel":"","context":"Entrada similar","block_context":{"text":"Entrada similar","link":""},"img":{"alt_text":"","src":"https:\/\/i0.wp.com\/libreriaguadalupe.com.ar\/libreria\/wp-content\/uploads\/2023\/02\/Contemplando-a-Dios-chico.jpg?fit=343%2C500&ssl=1&resize=350%2C200","width":350,"height":200},"classes":[]},{"id":15519,"url":"https:\/\/libreriaguadalupe.com.ar\/libreria\/producto\/interpretar-las-escrituras-2\/","url_meta":{"origin":16012,"position":5},"title":"Interpretar las Escrituras","author":"admin","date":"07\/02\/2023","format":false,"excerpt":"Actas del coloquio pastoral \"Dei Verbum\". Cuaderno B\u00edblico 175 AUTOR: EVD ISBN: 8490732854","rel":"","context":"Entrada similar","block_context":{"text":"Entrada similar","link":""},"img":{"alt_text":"","src":"https:\/\/i0.wp.com\/libreriaguadalupe.com.ar\/libreria\/wp-content\/uploads\/2023\/02\/Interpretar-las-Escrituras.jpg?fit=380%2C586&ssl=1&resize=350%2C200","width":350,"height":200},"classes":[]}],"_links":{"self":[{"href":"https:\/\/libreriaguadalupe.com.ar\/libreria\/wp-json\/wp\/v2\/product\/16012","targetHints":{"allow":["GET"]}}],"collection":[{"href":"https:\/\/libreriaguadalupe.com.ar\/libreria\/wp-json\/wp\/v2\/product"}],"about":[{"href":"https:\/\/libreriaguadalupe.com.ar\/libreria\/wp-json\/wp\/v2\/types\/product"}],"replies":[{"embeddable":true,"href":"https:\/\/libreriaguadalupe.com.ar\/libreria\/wp-json\/wp\/v2\/comments?post=16012"}],"version-history":[{"count":2,"href":"https:\/\/libreriaguadalupe.com.ar\/libreria\/wp-json\/wp\/v2\/product\/16012\/revisions"}],"predecessor-version":[{"id":17716,"href":"https:\/\/libreriaguadalupe.com.ar\/libreria\/wp-json\/wp\/v2\/product\/16012\/revisions\/17716"}],"wp:featuredmedia":[{"embeddable":true,"href":"https:\/\/libreriaguadalupe.com.ar\/libreria\/wp-json\/wp\/v2\/media\/16013"}],"wp:attachment":[{"href":"https:\/\/libreriaguadalupe.com.ar\/libreria\/wp-json\/wp\/v2\/media?parent=16012"}],"wp:term":[{"taxonomy":"product_brand","embeddable":true,"href":"https:\/\/libreriaguadalupe.com.ar\/libreria\/wp-json\/wp\/v2\/product_brand?post=16012"},{"taxonomy":"product_cat","embeddable":true,"href":"https:\/\/libreriaguadalupe.com.ar\/libreria\/wp-json\/wp\/v2\/product_cat?post=16012"},{"taxonomy":"product_tag","embeddable":true,"href":"https:\/\/libreriaguadalupe.com.ar\/libreria\/wp-json\/wp\/v2\/product_tag?post=16012"}],"curies":[{"name":"wp","href":"https:\/\/api.w.org\/{rel}","templated":true}]}}