{"id":16004,"date":"2023-02-12T14:00:51","date_gmt":"2023-02-12T17:00:51","guid":{"rendered":"https:\/\/libreriaguadalupe.com.ar\/libreria\/?post_type=product&#038;p=16004"},"modified":"2025-05-05T18:18:36","modified_gmt":"2025-05-05T21:18:36","slug":"los-duelos-de-jesus-y-de-maria","status":"publish","type":"product","link":"https:\/\/libreriaguadalupe.com.ar\/libreria\/producto\/los-duelos-de-jesus-y-de-maria\/","title":{"rendered":"Los duelos de Jes\u00fas y de Mar\u00eda"},"content":{"rendered":"<p>\u201cEl duelo es una experiencia primordial de quien se relaciona, ama, se apega afectivamente y debe decir adi\u00f3s. M\u00e1s que un estado, es el trabajo personal y comunitario para sanar el dolor, sufrimiento y crisis por cualquier herida. Si sufrimiento es lo que la herida trabaja conmigo\u2026 duelo es lo que yo trabajo con mi herida\u201d, afirma el autor.<\/p>\n<p>En estas p\u00e1ginas se esboza sint\u00e9ticamente la actitud y aptitud de afrontamiento que asumieron ante sus muchos sufrimientos el Salvador y su Madre. As\u00ed, sus duelos ser\u00e1n modelo de vida y fuente de gracia para templar los propios sufrimientos con saludables duelos que lleven al crecimiento, a la madurez y a la santidad; siendo escuela de sabidur\u00eda, humanidad y espiritualidad para acompa\u00f1ar a los que transitan por suelos sinuosos.<\/p>\n","protected":false},"excerpt":{"rendered":"<p>AUTOR: BAUTISTA MATEO<br \/>\n<span style=\"color: #ffcc00;\"><a style=\"color: #ffcc00;\" href=\"https:\/\/libreriaguadalupe.com.ar\/libreria\/?s=Bautista+Mateo&amp;post_type=product\"><strong>[ VER M\u00c1S OBRAS ]<\/strong><\/a><\/span><\/p>\n<p>ISBN: 9505007769<\/p>\n","protected":false},"featured_media":16005,"comment_status":"open","ping_status":"closed","template":"","meta":{"jetpack_publicize_message":"","jetpack_publicize_feature_enabled":true,"jetpack_social_post_already_shared":true,"jetpack_social_options":{"image_generator_settings":{"template":"highway","default_image_id":0,"font":"","enabled":false},"version":2}},"product_brand":[],"product_cat":[88,121,150],"product_tag":[],"class_list":{"0":"post-16004","1":"product","2":"type-product","3":"status-publish","4":"has-post-thumbnail","6":"product_cat-espiritualidad-cultura-social","7":"product_cat-guadalupe","8":"product_cat--especial--","10":"first","11":"instock","12":"shipping-taxable","13":"purchasable","14":"product-type-simple"},"yoast_head":"<!-- This site is optimized with the Yoast SEO plugin v27.4 - https:\/\/yoast.com\/product\/yoast-seo-wordpress\/ -->\n<title>Los duelos de Jes\u00fas y de Mar\u00eda - Editorial Guadalupe de Argentina<\/title>\n<meta name=\"description\" content=\"El duelo es una experiencia primordial de quien se relaciona, ama, se apega afectivamente y debe decir adi\u00f3s. M\u00e1s que un estado, es el trabajo personal\" \/>\n<meta name=\"robots\" content=\"index, follow, max-snippet:-1, max-image-preview:large, max-video-preview:-1\" \/>\n<link rel=\"canonical\" href=\"https:\/\/libreriaguadalupe.com.ar\/libreria\/producto\/los-duelos-de-jesus-y-de-maria\/\" \/>\n<meta property=\"og:locale\" content=\"es_ES\" \/>\n<meta property=\"og:type\" content=\"article\" \/>\n<meta property=\"og:title\" content=\"Los duelos de Jes\u00fas y de Mar\u00eda - Editorial Guadalupe de Argentina\" \/>\n<meta property=\"og:description\" content=\"El duelo es una experiencia primordial de quien se relaciona, ama, se apega afectivamente y debe decir adi\u00f3s. M\u00e1s que un estado, es el trabajo personal\" \/>\n<meta property=\"og:url\" content=\"https:\/\/libreriaguadalupe.com.ar\/libreria\/producto\/los-duelos-de-jesus-y-de-maria\/\" \/>\n<meta property=\"og:site_name\" content=\"Editorial Guadalupe de Argentina\" \/>\n<meta property=\"article:publisher\" content=\"https:\/\/www.facebook.com\/LibreriaGuadalupeAR\/\" \/>\n<meta property=\"article:modified_time\" content=\"2025-05-05T21:18:36+00:00\" \/>\n<meta property=\"og:image\" content=\"https:\/\/libreriaguadalupe.com.ar\/libreria\/wp-content\/uploads\/2023\/02\/losduelosdejesusmaria_190919.jpg\" \/>\n\t<meta property=\"og:image:width\" content=\"630\" \/>\n\t<meta property=\"og:image:height\" content=\"800\" \/>\n\t<meta property=\"og:image:type\" content=\"image\/jpeg\" \/>\n<meta name=\"twitter:card\" content=\"summary_large_image\" \/>\n<meta name=\"twitter:label1\" content=\"Tiempo de lectura\" \/>\n\t<meta name=\"twitter:data1\" content=\"1 minuto\" \/>\n<script type=\"application\/ld+json\" class=\"yoast-schema-graph\">{\"@context\":\"https:\\\/\\\/schema.org\",\"@graph\":[{\"@type\":\"WebPage\",\"@id\":\"https:\\\/\\\/libreriaguadalupe.com.ar\\\/libreria\\\/producto\\\/los-duelos-de-jesus-y-de-maria\\\/\",\"url\":\"https:\\\/\\\/libreriaguadalupe.com.ar\\\/libreria\\\/producto\\\/los-duelos-de-jesus-y-de-maria\\\/\",\"name\":\"Los duelos de Jes\u00fas y de Mar\u00eda - Editorial Guadalupe de Argentina\",\"isPartOf\":{\"@id\":\"https:\\\/\\\/libreriaguadalupe.com.ar\\\/libreria\\\/#website\"},\"primaryImageOfPage\":{\"@id\":\"https:\\\/\\\/libreriaguadalupe.com.ar\\\/libreria\\\/producto\\\/los-duelos-de-jesus-y-de-maria\\\/#primaryimage\"},\"image\":{\"@id\":\"https:\\\/\\\/libreriaguadalupe.com.ar\\\/libreria\\\/producto\\\/los-duelos-de-jesus-y-de-maria\\\/#primaryimage\"},\"thumbnailUrl\":\"https:\\\/\\\/i0.wp.com\\\/libreriaguadalupe.com.ar\\\/libreria\\\/wp-content\\\/uploads\\\/2023\\\/02\\\/losduelosdejesusmaria_190919.jpg?fit=630%2C800&ssl=1\",\"datePublished\":\"2023-02-12T17:00:51+00:00\",\"dateModified\":\"2025-05-05T21:18:36+00:00\",\"description\":\"El duelo es una experiencia primordial de quien se relaciona, ama, se apega afectivamente y debe decir adi\u00f3s. M\u00e1s que un estado, es el trabajo personal\",\"breadcrumb\":{\"@id\":\"https:\\\/\\\/libreriaguadalupe.com.ar\\\/libreria\\\/producto\\\/los-duelos-de-jesus-y-de-maria\\\/#breadcrumb\"},\"inLanguage\":\"es\",\"potentialAction\":[{\"@type\":\"ReadAction\",\"target\":[\"https:\\\/\\\/libreriaguadalupe.com.ar\\\/libreria\\\/producto\\\/los-duelos-de-jesus-y-de-maria\\\/\"]}]},{\"@type\":\"ImageObject\",\"inLanguage\":\"es\",\"@id\":\"https:\\\/\\\/libreriaguadalupe.com.ar\\\/libreria\\\/producto\\\/los-duelos-de-jesus-y-de-maria\\\/#primaryimage\",\"url\":\"https:\\\/\\\/i0.wp.com\\\/libreriaguadalupe.com.ar\\\/libreria\\\/wp-content\\\/uploads\\\/2023\\\/02\\\/losduelosdejesusmaria_190919.jpg?fit=630%2C800&ssl=1\",\"contentUrl\":\"https:\\\/\\\/i0.wp.com\\\/libreriaguadalupe.com.ar\\\/libreria\\\/wp-content\\\/uploads\\\/2023\\\/02\\\/losduelosdejesusmaria_190919.jpg?fit=630%2C800&ssl=1\",\"width\":630,\"height\":800,\"caption\":\"Los duelos de Jes\u00fas y de Mar\u00eda\"},{\"@type\":\"BreadcrumbList\",\"@id\":\"https:\\\/\\\/libreriaguadalupe.com.ar\\\/libreria\\\/producto\\\/los-duelos-de-jesus-y-de-maria\\\/#breadcrumb\",\"itemListElement\":[{\"@type\":\"ListItem\",\"position\":1,\"name\":\"Portada\",\"item\":\"https:\\\/\\\/libreriaguadalupe.com.ar\\\/libreria\\\/\"},{\"@type\":\"ListItem\",\"position\":2,\"name\":\"Tienda\",\"item\":\"https:\\\/\\\/libreriaguadalupe.com.ar\\\/libreria\\\/\"},{\"@type\":\"ListItem\",\"position\":3,\"name\":\"Los duelos de Jes\u00fas y de Mar\u00eda\"}]},{\"@type\":\"WebSite\",\"@id\":\"https:\\\/\\\/libreriaguadalupe.com.ar\\\/libreria\\\/#website\",\"url\":\"https:\\\/\\\/libreriaguadalupe.com.ar\\\/libreria\\\/\",\"name\":\"Editorial Guadalupe de Argentina\",\"description\":\"Congregaci\u00f3n del Verbo Divino\",\"publisher\":{\"@id\":\"https:\\\/\\\/libreriaguadalupe.com.ar\\\/libreria\\\/#organization\"},\"alternateName\":\"Librer\u00eda Guadalupe\",\"potentialAction\":[{\"@type\":\"SearchAction\",\"target\":{\"@type\":\"EntryPoint\",\"urlTemplate\":\"https:\\\/\\\/libreriaguadalupe.com.ar\\\/libreria\\\/?s={search_term_string}\"},\"query-input\":{\"@type\":\"PropertyValueSpecification\",\"valueRequired\":true,\"valueName\":\"search_term_string\"}}],\"inLanguage\":\"es\"},{\"@type\":\"Organization\",\"@id\":\"https:\\\/\\\/libreriaguadalupe.com.ar\\\/libreria\\\/#organization\",\"name\":\"Editorial Guadalupe\",\"alternateName\":\"Librer\u00eda Guadalupe\",\"url\":\"https:\\\/\\\/libreriaguadalupe.com.ar\\\/libreria\\\/\",\"logo\":{\"@type\":\"ImageObject\",\"inLanguage\":\"es\",\"@id\":\"https:\\\/\\\/libreriaguadalupe.com.ar\\\/libreria\\\/#\\\/schema\\\/logo\\\/image\\\/\",\"url\":\"https:\\\/\\\/i0.wp.com\\\/libreriaguadalupe.com.ar\\\/libreria\\\/wp-content\\\/uploads\\\/2023\\\/01\\\/cropped-logo-editorial-guadalupe.webp?fit=500%2C100&ssl=1\",\"contentUrl\":\"https:\\\/\\\/i0.wp.com\\\/libreriaguadalupe.com.ar\\\/libreria\\\/wp-content\\\/uploads\\\/2023\\\/01\\\/cropped-logo-editorial-guadalupe.webp?fit=500%2C100&ssl=1\",\"width\":500,\"height\":100,\"caption\":\"Editorial Guadalupe\"},\"image\":{\"@id\":\"https:\\\/\\\/libreriaguadalupe.com.ar\\\/libreria\\\/#\\\/schema\\\/logo\\\/image\\\/\"},\"sameAs\":[\"https:\\\/\\\/www.facebook.com\\\/LibreriaGuadalupeAR\\\/\",\"https:\\\/\\\/www.instagram.com\\\/editorialguadalupe\\\/\",\"https:\\\/\\\/guadalupeeditorial.mercadoshops.com.ar\\\/\"]}]}<\/script>\n<!-- \/ Yoast SEO plugin. -->","yoast_head_json":{"title":"Los duelos de Jes\u00fas y de Mar\u00eda - Editorial Guadalupe de Argentina","description":"El duelo es una experiencia primordial de quien se relaciona, ama, se apega afectivamente y debe decir adi\u00f3s. M\u00e1s que un estado, es el trabajo personal","robots":{"index":"index","follow":"follow","max-snippet":"max-snippet:-1","max-image-preview":"max-image-preview:large","max-video-preview":"max-video-preview:-1"},"canonical":"https:\/\/libreriaguadalupe.com.ar\/libreria\/producto\/los-duelos-de-jesus-y-de-maria\/","og_locale":"es_ES","og_type":"article","og_title":"Los duelos de Jes\u00fas y de Mar\u00eda - Editorial Guadalupe de Argentina","og_description":"El duelo es una experiencia primordial de quien se relaciona, ama, se apega afectivamente y debe decir adi\u00f3s. M\u00e1s que un estado, es el trabajo personal","og_url":"https:\/\/libreriaguadalupe.com.ar\/libreria\/producto\/los-duelos-de-jesus-y-de-maria\/","og_site_name":"Editorial Guadalupe de Argentina","article_publisher":"https:\/\/www.facebook.com\/LibreriaGuadalupeAR\/","article_modified_time":"2025-05-05T21:18:36+00:00","og_image":[{"width":630,"height":800,"url":"https:\/\/libreriaguadalupe.com.ar\/libreria\/wp-content\/uploads\/2023\/02\/losduelosdejesusmaria_190919.jpg","type":"image\/jpeg"}],"twitter_card":"summary_large_image","twitter_misc":{"Tiempo de lectura":"1 minuto"},"schema":{"@context":"https:\/\/schema.org","@graph":[{"@type":"WebPage","@id":"https:\/\/libreriaguadalupe.com.ar\/libreria\/producto\/los-duelos-de-jesus-y-de-maria\/","url":"https:\/\/libreriaguadalupe.com.ar\/libreria\/producto\/los-duelos-de-jesus-y-de-maria\/","name":"Los duelos de Jes\u00fas y de Mar\u00eda - Editorial Guadalupe de Argentina","isPartOf":{"@id":"https:\/\/libreriaguadalupe.com.ar\/libreria\/#website"},"primaryImageOfPage":{"@id":"https:\/\/libreriaguadalupe.com.ar\/libreria\/producto\/los-duelos-de-jesus-y-de-maria\/#primaryimage"},"image":{"@id":"https:\/\/libreriaguadalupe.com.ar\/libreria\/producto\/los-duelos-de-jesus-y-de-maria\/#primaryimage"},"thumbnailUrl":"https:\/\/i0.wp.com\/libreriaguadalupe.com.ar\/libreria\/wp-content\/uploads\/2023\/02\/losduelosdejesusmaria_190919.jpg?fit=630%2C800&ssl=1","datePublished":"2023-02-12T17:00:51+00:00","dateModified":"2025-05-05T21:18:36+00:00","description":"El duelo es una experiencia primordial de quien se relaciona, ama, se apega afectivamente y debe decir adi\u00f3s. M\u00e1s que un estado, es el trabajo personal","breadcrumb":{"@id":"https:\/\/libreriaguadalupe.com.ar\/libreria\/producto\/los-duelos-de-jesus-y-de-maria\/#breadcrumb"},"inLanguage":"es","potentialAction":[{"@type":"ReadAction","target":["https:\/\/libreriaguadalupe.com.ar\/libreria\/producto\/los-duelos-de-jesus-y-de-maria\/"]}]},{"@type":"ImageObject","inLanguage":"es","@id":"https:\/\/libreriaguadalupe.com.ar\/libreria\/producto\/los-duelos-de-jesus-y-de-maria\/#primaryimage","url":"https:\/\/i0.wp.com\/libreriaguadalupe.com.ar\/libreria\/wp-content\/uploads\/2023\/02\/losduelosdejesusmaria_190919.jpg?fit=630%2C800&ssl=1","contentUrl":"https:\/\/i0.wp.com\/libreriaguadalupe.com.ar\/libreria\/wp-content\/uploads\/2023\/02\/losduelosdejesusmaria_190919.jpg?fit=630%2C800&ssl=1","width":630,"height":800,"caption":"Los duelos de Jes\u00fas y de Mar\u00eda"},{"@type":"BreadcrumbList","@id":"https:\/\/libreriaguadalupe.com.ar\/libreria\/producto\/los-duelos-de-jesus-y-de-maria\/#breadcrumb","itemListElement":[{"@type":"ListItem","position":1,"name":"Portada","item":"https:\/\/libreriaguadalupe.com.ar\/libreria\/"},{"@type":"ListItem","position":2,"name":"Tienda","item":"https:\/\/libreriaguadalupe.com.ar\/libreria\/"},{"@type":"ListItem","position":3,"name":"Los duelos de Jes\u00fas y de Mar\u00eda"}]},{"@type":"WebSite","@id":"https:\/\/libreriaguadalupe.com.ar\/libreria\/#website","url":"https:\/\/libreriaguadalupe.com.ar\/libreria\/","name":"Editorial Guadalupe de Argentina","description":"Congregaci\u00f3n del Verbo Divino","publisher":{"@id":"https:\/\/libreriaguadalupe.com.ar\/libreria\/#organization"},"alternateName":"Librer\u00eda Guadalupe","potentialAction":[{"@type":"SearchAction","target":{"@type":"EntryPoint","urlTemplate":"https:\/\/libreriaguadalupe.com.ar\/libreria\/?s={search_term_string}"},"query-input":{"@type":"PropertyValueSpecification","valueRequired":true,"valueName":"search_term_string"}}],"inLanguage":"es"},{"@type":"Organization","@id":"https:\/\/libreriaguadalupe.com.ar\/libreria\/#organization","name":"Editorial Guadalupe","alternateName":"Librer\u00eda Guadalupe","url":"https:\/\/libreriaguadalupe.com.ar\/libreria\/","logo":{"@type":"ImageObject","inLanguage":"es","@id":"https:\/\/libreriaguadalupe.com.ar\/libreria\/#\/schema\/logo\/image\/","url":"https:\/\/i0.wp.com\/libreriaguadalupe.com.ar\/libreria\/wp-content\/uploads\/2023\/01\/cropped-logo-editorial-guadalupe.webp?fit=500%2C100&ssl=1","contentUrl":"https:\/\/i0.wp.com\/libreriaguadalupe.com.ar\/libreria\/wp-content\/uploads\/2023\/01\/cropped-logo-editorial-guadalupe.webp?fit=500%2C100&ssl=1","width":500,"height":100,"caption":"Editorial Guadalupe"},"image":{"@id":"https:\/\/libreriaguadalupe.com.ar\/libreria\/#\/schema\/logo\/image\/"},"sameAs":["https:\/\/www.facebook.com\/LibreriaGuadalupeAR\/","https:\/\/www.instagram.com\/editorialguadalupe\/","https:\/\/guadalupeeditorial.mercadoshops.com.ar\/"]}]}},"jetpack_publicize_connections":[],"jetpack_sharing_enabled":true,"jetpack-related-posts":[{"id":15953,"url":"https:\/\/libreriaguadalupe.com.ar\/libreria\/producto\/si-curas-la-herida-de-tu-hermano\/","url_meta":{"origin":16004,"position":0},"title":"Si curas la herida de tu hermano","author":"admin","date":"12\/02\/2023","format":false,"excerpt":"La mutua ayuda en duelo AUTOR: BAUTISTA MATEO [ VER M\u00c1S OBRAS ] ISBN: 9505008308","rel":"","context":"Entrada similar","block_context":{"text":"Entrada similar","link":""},"img":{"alt_text":"Si curas la herida de tu hermano","src":"https:\/\/i0.wp.com\/libreriaguadalupe.com.ar\/libreria\/wp-content\/uploads\/2023\/02\/Si-curas-la-herida-de-tu-hermano.jpg?fit=375%2C500&ssl=1&resize=350%2C200","width":350,"height":200},"classes":[]},{"id":15956,"url":"https:\/\/libreriaguadalupe.com.ar\/libreria\/producto\/si-curas-la-herida-de-tu-hermano-e-book\/","url_meta":{"origin":16004,"position":1},"title":"Si curas la herida de tu hermano (E-BOOK)","author":"admin","date":"12\/02\/2023","format":false,"excerpt":"EDICION DIGITAL AUTOR: BAUTISTA MATEO [ VER M\u00c1S OBRAS ] ISBN: 9505007950","rel":"","context":"Entrada similar","block_context":{"text":"Entrada similar","link":""},"img":{"alt_text":"Si curas la herida de tu hermano","src":"https:\/\/i0.wp.com\/libreriaguadalupe.com.ar\/libreria\/wp-content\/uploads\/2023\/02\/Si-curas-la-herida-de-tu-hermano.jpg?fit=375%2C500&ssl=1&resize=350%2C200","width":350,"height":200},"classes":[]},{"id":15896,"url":"https:\/\/libreriaguadalupe.com.ar\/libreria\/producto\/duelo-por-la-muerte-del-amigo-y-la-amistad\/","url_meta":{"origin":16004,"position":2},"title":"Duelo por la muerte del amigo y la amistad","author":"admin","date":"12\/02\/2023","format":false,"excerpt":"Es una obra muy personal, pero muy comunitaria, donde nunca hay que aislarse, ni desvincularse. AUTOR: Mateo Bautista [ VER M\u00c1S OBRAS ] ISBN:","rel":"","context":"Entrada similar","block_context":{"text":"Entrada similar","link":""},"img":{"alt_text":"Duelo por la muerte del amigo y la amistad","src":"https:\/\/i0.wp.com\/libreriaguadalupe.com.ar\/libreria\/wp-content\/uploads\/2023\/02\/Duelo-por-la-muerte-del-amigo-y-de-la-amistad-chico.jpg?fit=370%2C500&ssl=1&resize=350%2C200","width":350,"height":200},"classes":[]},{"id":18941,"url":"https:\/\/libreriaguadalupe.com.ar\/libreria\/producto\/duelo-por-la-muerte-propia\/","url_meta":{"origin":16004,"position":3},"title":"Duelo por la propia muerte","author":"Mariano Zuqui","date":"12\/06\/2025","format":false,"excerpt":"Autor: Mateo Bautista - Ximena L\u00f3pez T\u00edtulo: \"Duelo por la propia muerte\" ISBN:978-950-500-957-2 Formato:14.5 x 22 cms. Interior: 1\/1 color Papel: Bookcel 80 grs. N\u00ba de P\u00e1ginas: 200. Tapa:4 Colores - Cartulina 300 grs -laminado mate Encuadernaci\u00f3n: Binder \u00a0 \u00a0","rel":"","context":"Entrada similar","block_context":{"text":"Entrada similar","link":""},"img":{"alt_text":"","src":"https:\/\/i0.wp.com\/libreriaguadalupe.com.ar\/libreria\/wp-content\/uploads\/2025\/06\/1-1.png?fit=960%2C1200&ssl=1&resize=350%2C200","width":350,"height":200,"srcset":"https:\/\/i0.wp.com\/libreriaguadalupe.com.ar\/libreria\/wp-content\/uploads\/2025\/06\/1-1.png?fit=960%2C1200&ssl=1&resize=350%2C200 1x, https:\/\/i0.wp.com\/libreriaguadalupe.com.ar\/libreria\/wp-content\/uploads\/2025\/06\/1-1.png?fit=960%2C1200&ssl=1&resize=525%2C300 1.5x, https:\/\/i0.wp.com\/libreriaguadalupe.com.ar\/libreria\/wp-content\/uploads\/2025\/06\/1-1.png?fit=960%2C1200&ssl=1&resize=700%2C400 2x"},"classes":[]},{"id":16807,"url":"https:\/\/libreriaguadalupe.com.ar\/libreria\/producto\/el-duelo-cristiano\/","url_meta":{"origin":16004,"position":4},"title":"El Duelo Cristiano","author":"admin","date":"22\/03\/2023","format":false,"excerpt":"Autor: Mateo Bautista [ VER M\u00c1S OBRAS ] ISBN: 9789505008629 Dimensiones: 14 x 20 cm P\u00e1ginas: 124","rel":"","context":"Entrada similar","block_context":{"text":"Entrada similar","link":""},"img":{"alt_text":"","src":"https:\/\/i0.wp.com\/libreriaguadalupe.com.ar\/libreria\/wp-content\/uploads\/2023\/03\/El-Duelo-Cristiano.jpeg?fit=349%2C500&ssl=1&resize=350%2C200","width":350,"height":200},"classes":[]},{"id":17136,"url":"https:\/\/libreriaguadalupe.com.ar\/libreria\/producto\/estoy-a-tu-lado\/","url_meta":{"origin":16004,"position":5},"title":"Estoy A Tu Lado","author":"admin","date":"28\/03\/2023","format":false,"excerpt":"Acompa\u00f1ar la muerte. Transitar el duelo. Vivir mas intensamente.\u00a0 Autor: Anselm Grun ISBN: 9789505006465 Dimensiones: 14 x 19 cm P\u00e1ginas: 192","rel":"","context":"Entrada similar","block_context":{"text":"Entrada similar","link":""},"img":{"alt_text":"","src":"https:\/\/i0.wp.com\/libreriaguadalupe.com.ar\/libreria\/wp-content\/uploads\/2023\/03\/Estoy-A-Tu-Lado.jpeg?fit=341%2C500&ssl=1&resize=350%2C200","width":350,"height":200},"classes":[]}],"_links":{"self":[{"href":"https:\/\/libreriaguadalupe.com.ar\/libreria\/wp-json\/wp\/v2\/product\/16004","targetHints":{"allow":["GET"]}}],"collection":[{"href":"https:\/\/libreriaguadalupe.com.ar\/libreria\/wp-json\/wp\/v2\/product"}],"about":[{"href":"https:\/\/libreriaguadalupe.com.ar\/libreria\/wp-json\/wp\/v2\/types\/product"}],"replies":[{"embeddable":true,"href":"https:\/\/libreriaguadalupe.com.ar\/libreria\/wp-json\/wp\/v2\/comments?post=16004"}],"version-history":[{"count":5,"href":"https:\/\/libreriaguadalupe.com.ar\/libreria\/wp-json\/wp\/v2\/product\/16004\/revisions"}],"predecessor-version":[{"id":18857,"href":"https:\/\/libreriaguadalupe.com.ar\/libreria\/wp-json\/wp\/v2\/product\/16004\/revisions\/18857"}],"wp:featuredmedia":[{"embeddable":true,"href":"https:\/\/libreriaguadalupe.com.ar\/libreria\/wp-json\/wp\/v2\/media\/16005"}],"wp:attachment":[{"href":"https:\/\/libreriaguadalupe.com.ar\/libreria\/wp-json\/wp\/v2\/media?parent=16004"}],"wp:term":[{"taxonomy":"product_brand","embeddable":true,"href":"https:\/\/libreriaguadalupe.com.ar\/libreria\/wp-json\/wp\/v2\/product_brand?post=16004"},{"taxonomy":"product_cat","embeddable":true,"href":"https:\/\/libreriaguadalupe.com.ar\/libreria\/wp-json\/wp\/v2\/product_cat?post=16004"},{"taxonomy":"product_tag","embeddable":true,"href":"https:\/\/libreriaguadalupe.com.ar\/libreria\/wp-json\/wp\/v2\/product_tag?post=16004"}],"curies":[{"name":"wp","href":"https:\/\/api.w.org\/{rel}","templated":true}]}}