{"id":16001,"date":"2023-02-12T13:48:33","date_gmt":"2023-02-12T16:48:33","guid":{"rendered":"https:\/\/libreriaguadalupe.com.ar\/libreria\/?post_type=product&#038;p=16001"},"modified":"2025-05-06T00:01:59","modified_gmt":"2025-05-06T03:01:59","slug":"el-mensaje-de-la-virgen-de-guadalupe","status":"publish","type":"product","link":"https:\/\/libreriaguadalupe.com.ar\/libreria\/producto\/el-mensaje-de-la-virgen-de-guadalupe\/","title":{"rendered":"El mensaje de la Virgen de Guadalupe"},"content":{"rendered":"<h1>El mensaje de Mar\u00eda de Guadalupe<br \/>\nEl rosario guadalupano<br \/>\n15 miradas a la Virgen de Guadalupe de Mar\u00eda Victoria Rueda<\/h1>\n<p>Una obra que recoge los estudios hist\u00f3ricos y actuales m\u00e1s certeros de antrop\u00f3logos, cient\u00edficos e historiadores sobre la milagrosa imagen de Nuestra Se\u00f1ora de Guadalupe, patrona de Am\u00e9rica y nos descifra su Mensaje con detalladas fotos a todo color.<br \/>\nla imagen, estampada en el poncho repleto de flores que el indo San Juan Diego presentara al Obispo Zum\u00e1rraga como pueba de las apariciones de la Virgen en la ladera del Tepey\u00e1c, se nos manifiesta hoy tambi\u00e9n a nosotros, anunci\u00e1ndonos en estos tiempos especiales al Salvador, y nos ofrece, desde su Coraz\u00f3n de Madre, a todos sus hijos por igual, su amor y su consuelo.<\/p>\n","protected":false},"excerpt":{"rendered":"<h3>El rosario guadalupano<br \/>\n15 miradas a la Virgen de Guadalupe de Mar\u00eda Victoria Rueda<\/h3>\n<p>AUTOR: EQUIPO EDITORIAL<\/p>\n<p>ISBN: 9505006366<\/p>\n","protected":false},"featured_media":16002,"comment_status":"open","ping_status":"closed","template":"","meta":{"jetpack_publicize_message":"","jetpack_publicize_feature_enabled":true,"jetpack_social_post_already_shared":true,"jetpack_social_options":{"image_generator_settings":{"template":"highway","default_image_id":0,"font":"","enabled":false},"version":2}},"product_brand":[],"product_cat":[88,121,141],"product_tag":[127],"class_list":{"0":"post-16001","1":"product","2":"type-product","3":"status-publish","4":"has-post-thumbnail","6":"product_cat-espiritualidad-cultura-social","7":"product_cat-guadalupe","8":"product_cat-mes-de-guadalupe","9":"product_tag-editorial-guadalupe-de-argentina","11":"first","12":"instock","13":"shipping-taxable","14":"purchasable","15":"product-type-simple"},"yoast_head":"<!-- This site is optimized with the Yoast SEO plugin v27.4 - https:\/\/yoast.com\/product\/yoast-seo-wordpress\/ -->\n<title>El mensaje de la Virgen de Guadalupe - Editorial Guadalupe de Argentina<\/title>\n<meta name=\"description\" content=\"Una obra que recoge los estudios hist\u00f3ricos y actuales m\u00e1s certeros de antrop\u00f3logos, cient\u00edficos e historiadores sobre la milagrosa imagen de Nuestra Se\u00f1ora de Guadalupe, patrona de Am\u00e9rica y nos descifra su Mensaje con detalladas fotos a todo color.\" \/>\n<meta name=\"robots\" content=\"index, follow, max-snippet:-1, max-image-preview:large, max-video-preview:-1\" \/>\n<link rel=\"canonical\" href=\"https:\/\/libreriaguadalupe.com.ar\/libreria\/producto\/el-mensaje-de-la-virgen-de-guadalupe\/\" \/>\n<meta property=\"og:locale\" content=\"es_ES\" \/>\n<meta property=\"og:type\" content=\"article\" \/>\n<meta property=\"og:title\" content=\"El mensaje de la Virgen de Guadalupe - Editorial Guadalupe de Argentina\" \/>\n<meta property=\"og:description\" content=\"Una obra que recoge los estudios hist\u00f3ricos y actuales m\u00e1s certeros de antrop\u00f3logos, cient\u00edficos e historiadores sobre la milagrosa imagen de Nuestra Se\u00f1ora de Guadalupe, patrona de Am\u00e9rica y nos descifra su Mensaje con detalladas fotos a todo color.\" \/>\n<meta property=\"og:url\" content=\"https:\/\/libreriaguadalupe.com.ar\/libreria\/producto\/el-mensaje-de-la-virgen-de-guadalupe\/\" \/>\n<meta property=\"og:site_name\" content=\"Editorial Guadalupe de Argentina\" \/>\n<meta property=\"article:publisher\" content=\"https:\/\/www.facebook.com\/LibreriaGuadalupeAR\/\" \/>\n<meta property=\"article:modified_time\" content=\"2025-05-06T03:01:59+00:00\" \/>\n<meta property=\"og:image\" content=\"https:\/\/libreriaguadalupe.com.ar\/libreria\/wp-content\/uploads\/2023\/02\/MENSAJE-DE-GUADALUPE.webp\" \/>\n\t<meta property=\"og:image:width\" content=\"548\" \/>\n\t<meta property=\"og:image:height\" content=\"800\" \/>\n\t<meta property=\"og:image:type\" content=\"image\/webp\" \/>\n<meta name=\"twitter:card\" content=\"summary_large_image\" \/>\n<meta name=\"twitter:label1\" content=\"Tiempo de lectura\" \/>\n\t<meta name=\"twitter:data1\" content=\"1 minuto\" \/>\n<script type=\"application\/ld+json\" class=\"yoast-schema-graph\">{\"@context\":\"https:\\\/\\\/schema.org\",\"@graph\":[{\"@type\":\"WebPage\",\"@id\":\"https:\\\/\\\/libreriaguadalupe.com.ar\\\/libreria\\\/producto\\\/el-mensaje-de-la-virgen-de-guadalupe\\\/\",\"url\":\"https:\\\/\\\/libreriaguadalupe.com.ar\\\/libreria\\\/producto\\\/el-mensaje-de-la-virgen-de-guadalupe\\\/\",\"name\":\"El mensaje de la Virgen de Guadalupe - Editorial Guadalupe de Argentina\",\"isPartOf\":{\"@id\":\"https:\\\/\\\/libreriaguadalupe.com.ar\\\/libreria\\\/#website\"},\"primaryImageOfPage\":{\"@id\":\"https:\\\/\\\/libreriaguadalupe.com.ar\\\/libreria\\\/producto\\\/el-mensaje-de-la-virgen-de-guadalupe\\\/#primaryimage\"},\"image\":{\"@id\":\"https:\\\/\\\/libreriaguadalupe.com.ar\\\/libreria\\\/producto\\\/el-mensaje-de-la-virgen-de-guadalupe\\\/#primaryimage\"},\"thumbnailUrl\":\"https:\\\/\\\/i0.wp.com\\\/libreriaguadalupe.com.ar\\\/libreria\\\/wp-content\\\/uploads\\\/2023\\\/02\\\/MENSAJE-DE-GUADALUPE.webp?fit=548%2C800&ssl=1\",\"datePublished\":\"2023-02-12T16:48:33+00:00\",\"dateModified\":\"2025-05-06T03:01:59+00:00\",\"description\":\"Una obra que recoge los estudios hist\u00f3ricos y actuales m\u00e1s certeros de antrop\u00f3logos, cient\u00edficos e historiadores sobre la milagrosa imagen de Nuestra Se\u00f1ora de Guadalupe, patrona de Am\u00e9rica y nos descifra su Mensaje con detalladas fotos a todo color.\",\"breadcrumb\":{\"@id\":\"https:\\\/\\\/libreriaguadalupe.com.ar\\\/libreria\\\/producto\\\/el-mensaje-de-la-virgen-de-guadalupe\\\/#breadcrumb\"},\"inLanguage\":\"es\",\"potentialAction\":[{\"@type\":\"ReadAction\",\"target\":[\"https:\\\/\\\/libreriaguadalupe.com.ar\\\/libreria\\\/producto\\\/el-mensaje-de-la-virgen-de-guadalupe\\\/\"]}]},{\"@type\":\"ImageObject\",\"inLanguage\":\"es\",\"@id\":\"https:\\\/\\\/libreriaguadalupe.com.ar\\\/libreria\\\/producto\\\/el-mensaje-de-la-virgen-de-guadalupe\\\/#primaryimage\",\"url\":\"https:\\\/\\\/i0.wp.com\\\/libreriaguadalupe.com.ar\\\/libreria\\\/wp-content\\\/uploads\\\/2023\\\/02\\\/MENSAJE-DE-GUADALUPE.webp?fit=548%2C800&ssl=1\",\"contentUrl\":\"https:\\\/\\\/i0.wp.com\\\/libreriaguadalupe.com.ar\\\/libreria\\\/wp-content\\\/uploads\\\/2023\\\/02\\\/MENSAJE-DE-GUADALUPE.webp?fit=548%2C800&ssl=1\",\"width\":548,\"height\":800},{\"@type\":\"BreadcrumbList\",\"@id\":\"https:\\\/\\\/libreriaguadalupe.com.ar\\\/libreria\\\/producto\\\/el-mensaje-de-la-virgen-de-guadalupe\\\/#breadcrumb\",\"itemListElement\":[{\"@type\":\"ListItem\",\"position\":1,\"name\":\"Portada\",\"item\":\"https:\\\/\\\/libreriaguadalupe.com.ar\\\/libreria\\\/\"},{\"@type\":\"ListItem\",\"position\":2,\"name\":\"Tienda\",\"item\":\"https:\\\/\\\/libreriaguadalupe.com.ar\\\/libreria\\\/\"},{\"@type\":\"ListItem\",\"position\":3,\"name\":\"El mensaje de la Virgen de Guadalupe\"}]},{\"@type\":\"WebSite\",\"@id\":\"https:\\\/\\\/libreriaguadalupe.com.ar\\\/libreria\\\/#website\",\"url\":\"https:\\\/\\\/libreriaguadalupe.com.ar\\\/libreria\\\/\",\"name\":\"Editorial Guadalupe de Argentina\",\"description\":\"Congregaci\u00f3n del Verbo Divino\",\"publisher\":{\"@id\":\"https:\\\/\\\/libreriaguadalupe.com.ar\\\/libreria\\\/#organization\"},\"alternateName\":\"Librer\u00eda Guadalupe\",\"potentialAction\":[{\"@type\":\"SearchAction\",\"target\":{\"@type\":\"EntryPoint\",\"urlTemplate\":\"https:\\\/\\\/libreriaguadalupe.com.ar\\\/libreria\\\/?s={search_term_string}\"},\"query-input\":{\"@type\":\"PropertyValueSpecification\",\"valueRequired\":true,\"valueName\":\"search_term_string\"}}],\"inLanguage\":\"es\"},{\"@type\":\"Organization\",\"@id\":\"https:\\\/\\\/libreriaguadalupe.com.ar\\\/libreria\\\/#organization\",\"name\":\"Editorial Guadalupe\",\"alternateName\":\"Librer\u00eda Guadalupe\",\"url\":\"https:\\\/\\\/libreriaguadalupe.com.ar\\\/libreria\\\/\",\"logo\":{\"@type\":\"ImageObject\",\"inLanguage\":\"es\",\"@id\":\"https:\\\/\\\/libreriaguadalupe.com.ar\\\/libreria\\\/#\\\/schema\\\/logo\\\/image\\\/\",\"url\":\"https:\\\/\\\/i0.wp.com\\\/libreriaguadalupe.com.ar\\\/libreria\\\/wp-content\\\/uploads\\\/2023\\\/01\\\/cropped-logo-editorial-guadalupe.webp?fit=500%2C100&ssl=1\",\"contentUrl\":\"https:\\\/\\\/i0.wp.com\\\/libreriaguadalupe.com.ar\\\/libreria\\\/wp-content\\\/uploads\\\/2023\\\/01\\\/cropped-logo-editorial-guadalupe.webp?fit=500%2C100&ssl=1\",\"width\":500,\"height\":100,\"caption\":\"Editorial Guadalupe\"},\"image\":{\"@id\":\"https:\\\/\\\/libreriaguadalupe.com.ar\\\/libreria\\\/#\\\/schema\\\/logo\\\/image\\\/\"},\"sameAs\":[\"https:\\\/\\\/www.facebook.com\\\/LibreriaGuadalupeAR\\\/\",\"https:\\\/\\\/www.instagram.com\\\/editorialguadalupe\\\/\",\"https:\\\/\\\/guadalupeeditorial.mercadoshops.com.ar\\\/\"]}]}<\/script>\n<!-- \/ Yoast SEO plugin. -->","yoast_head_json":{"title":"El mensaje de la Virgen de Guadalupe - Editorial Guadalupe de Argentina","description":"Una obra que recoge los estudios hist\u00f3ricos y actuales m\u00e1s certeros de antrop\u00f3logos, cient\u00edficos e historiadores sobre la milagrosa imagen de Nuestra Se\u00f1ora de Guadalupe, patrona de Am\u00e9rica y nos descifra su Mensaje con detalladas fotos a todo color.","robots":{"index":"index","follow":"follow","max-snippet":"max-snippet:-1","max-image-preview":"max-image-preview:large","max-video-preview":"max-video-preview:-1"},"canonical":"https:\/\/libreriaguadalupe.com.ar\/libreria\/producto\/el-mensaje-de-la-virgen-de-guadalupe\/","og_locale":"es_ES","og_type":"article","og_title":"El mensaje de la Virgen de Guadalupe - Editorial Guadalupe de Argentina","og_description":"Una obra que recoge los estudios hist\u00f3ricos y actuales m\u00e1s certeros de antrop\u00f3logos, cient\u00edficos e historiadores sobre la milagrosa imagen de Nuestra Se\u00f1ora de Guadalupe, patrona de Am\u00e9rica y nos descifra su Mensaje con detalladas fotos a todo color.","og_url":"https:\/\/libreriaguadalupe.com.ar\/libreria\/producto\/el-mensaje-de-la-virgen-de-guadalupe\/","og_site_name":"Editorial Guadalupe de Argentina","article_publisher":"https:\/\/www.facebook.com\/LibreriaGuadalupeAR\/","article_modified_time":"2025-05-06T03:01:59+00:00","og_image":[{"width":548,"height":800,"url":"https:\/\/libreriaguadalupe.com.ar\/libreria\/wp-content\/uploads\/2023\/02\/MENSAJE-DE-GUADALUPE.webp","type":"image\/webp"}],"twitter_card":"summary_large_image","twitter_misc":{"Tiempo de lectura":"1 minuto"},"schema":{"@context":"https:\/\/schema.org","@graph":[{"@type":"WebPage","@id":"https:\/\/libreriaguadalupe.com.ar\/libreria\/producto\/el-mensaje-de-la-virgen-de-guadalupe\/","url":"https:\/\/libreriaguadalupe.com.ar\/libreria\/producto\/el-mensaje-de-la-virgen-de-guadalupe\/","name":"El mensaje de la Virgen de Guadalupe - Editorial Guadalupe de Argentina","isPartOf":{"@id":"https:\/\/libreriaguadalupe.com.ar\/libreria\/#website"},"primaryImageOfPage":{"@id":"https:\/\/libreriaguadalupe.com.ar\/libreria\/producto\/el-mensaje-de-la-virgen-de-guadalupe\/#primaryimage"},"image":{"@id":"https:\/\/libreriaguadalupe.com.ar\/libreria\/producto\/el-mensaje-de-la-virgen-de-guadalupe\/#primaryimage"},"thumbnailUrl":"https:\/\/i0.wp.com\/libreriaguadalupe.com.ar\/libreria\/wp-content\/uploads\/2023\/02\/MENSAJE-DE-GUADALUPE.webp?fit=548%2C800&ssl=1","datePublished":"2023-02-12T16:48:33+00:00","dateModified":"2025-05-06T03:01:59+00:00","description":"Una obra que recoge los estudios hist\u00f3ricos y actuales m\u00e1s certeros de antrop\u00f3logos, cient\u00edficos e historiadores sobre la milagrosa imagen de Nuestra Se\u00f1ora de Guadalupe, patrona de Am\u00e9rica y nos descifra su Mensaje con detalladas fotos a todo color.","breadcrumb":{"@id":"https:\/\/libreriaguadalupe.com.ar\/libreria\/producto\/el-mensaje-de-la-virgen-de-guadalupe\/#breadcrumb"},"inLanguage":"es","potentialAction":[{"@type":"ReadAction","target":["https:\/\/libreriaguadalupe.com.ar\/libreria\/producto\/el-mensaje-de-la-virgen-de-guadalupe\/"]}]},{"@type":"ImageObject","inLanguage":"es","@id":"https:\/\/libreriaguadalupe.com.ar\/libreria\/producto\/el-mensaje-de-la-virgen-de-guadalupe\/#primaryimage","url":"https:\/\/i0.wp.com\/libreriaguadalupe.com.ar\/libreria\/wp-content\/uploads\/2023\/02\/MENSAJE-DE-GUADALUPE.webp?fit=548%2C800&ssl=1","contentUrl":"https:\/\/i0.wp.com\/libreriaguadalupe.com.ar\/libreria\/wp-content\/uploads\/2023\/02\/MENSAJE-DE-GUADALUPE.webp?fit=548%2C800&ssl=1","width":548,"height":800},{"@type":"BreadcrumbList","@id":"https:\/\/libreriaguadalupe.com.ar\/libreria\/producto\/el-mensaje-de-la-virgen-de-guadalupe\/#breadcrumb","itemListElement":[{"@type":"ListItem","position":1,"name":"Portada","item":"https:\/\/libreriaguadalupe.com.ar\/libreria\/"},{"@type":"ListItem","position":2,"name":"Tienda","item":"https:\/\/libreriaguadalupe.com.ar\/libreria\/"},{"@type":"ListItem","position":3,"name":"El mensaje de la Virgen de Guadalupe"}]},{"@type":"WebSite","@id":"https:\/\/libreriaguadalupe.com.ar\/libreria\/#website","url":"https:\/\/libreriaguadalupe.com.ar\/libreria\/","name":"Editorial Guadalupe de Argentina","description":"Congregaci\u00f3n del Verbo Divino","publisher":{"@id":"https:\/\/libreriaguadalupe.com.ar\/libreria\/#organization"},"alternateName":"Librer\u00eda Guadalupe","potentialAction":[{"@type":"SearchAction","target":{"@type":"EntryPoint","urlTemplate":"https:\/\/libreriaguadalupe.com.ar\/libreria\/?s={search_term_string}"},"query-input":{"@type":"PropertyValueSpecification","valueRequired":true,"valueName":"search_term_string"}}],"inLanguage":"es"},{"@type":"Organization","@id":"https:\/\/libreriaguadalupe.com.ar\/libreria\/#organization","name":"Editorial Guadalupe","alternateName":"Librer\u00eda Guadalupe","url":"https:\/\/libreriaguadalupe.com.ar\/libreria\/","logo":{"@type":"ImageObject","inLanguage":"es","@id":"https:\/\/libreriaguadalupe.com.ar\/libreria\/#\/schema\/logo\/image\/","url":"https:\/\/i0.wp.com\/libreriaguadalupe.com.ar\/libreria\/wp-content\/uploads\/2023\/01\/cropped-logo-editorial-guadalupe.webp?fit=500%2C100&ssl=1","contentUrl":"https:\/\/i0.wp.com\/libreriaguadalupe.com.ar\/libreria\/wp-content\/uploads\/2023\/01\/cropped-logo-editorial-guadalupe.webp?fit=500%2C100&ssl=1","width":500,"height":100,"caption":"Editorial Guadalupe"},"image":{"@id":"https:\/\/libreriaguadalupe.com.ar\/libreria\/#\/schema\/logo\/image\/"},"sameAs":["https:\/\/www.facebook.com\/LibreriaGuadalupeAR\/","https:\/\/www.instagram.com\/editorialguadalupe\/","https:\/\/guadalupeeditorial.mercadoshops.com.ar\/"]}]}},"jetpack_publicize_connections":[],"jetpack_sharing_enabled":true,"jetpack-related-posts":[{"id":17223,"url":"https:\/\/libreriaguadalupe.com.ar\/libreria\/producto\/vida-de-la-virgen-maria-de-los-apostoles-martires-y-santos\/","url_meta":{"origin":16001,"position":0},"title":"Vida De La Virgen Mar\u00eda, De Los Ap\u00f3stoles, M\u00e1rtires Y Santos","author":"admin","date":"13\/04\/2023","format":false,"excerpt":"Visiones y revelaciones Autor: EMMERICK ANA CATALINA ISBN: 9789505005932 Dimensiones: 15 x 21 cm P\u00e1ginas: 200","rel":"","context":"Entrada similar","block_context":{"text":"Entrada similar","link":""},"img":{"alt_text":"","src":"https:\/\/i0.wp.com\/libreriaguadalupe.com.ar\/libreria\/wp-content\/uploads\/2023\/04\/Vida-De-La-Virgen-Maria-De-Los-Apostoles-Martires-Y-Santos.jpeg?fit=343%2C500&ssl=1&resize=350%2C200","width":350,"height":200},"classes":[]},{"id":15883,"url":"https:\/\/libreriaguadalupe.com.ar\/libreria\/producto\/novena-a-maria-guadalupe\/","url_meta":{"origin":16001,"position":1},"title":"Novena a Mar\u00eda Guadalupe","author":"admin","date":"12\/02\/2023","format":false,"excerpt":"Esta Novena quiere acompa\u00f1arlos en la oraci\u00f3n\u00a0en dos festividades importantes AUTOR: OUBI\u00d1A FLAVIA ISBN: 9505008810","rel":"","context":"Entrada similar","block_context":{"text":"Entrada similar","link":""},"img":{"alt_text":"","src":"https:\/\/i0.wp.com\/libreriaguadalupe.com.ar\/libreria\/wp-content\/uploads\/2023\/02\/Novena-Maria-de-Guadalupe-chico.jpg?fit=338%2C500&ssl=1&resize=350%2C200","width":350,"height":200},"classes":[]},{"id":14937,"url":"https:\/\/libreriaguadalupe.com.ar\/libreria\/producto\/365-dias-con-la-virgen-maria-2\/","url_meta":{"origin":16001,"position":2},"title":"365 d\u00edas con la Virgen Maria","author":"admin","date":"07\/02\/2023","format":false,"excerpt":"Es un libro para rezar y para volver a escribirlo de la mano de Mar\u00eda, a fin de reconocer los hermosos trazos de la voluntad diaria de Dios en la vida. AUTOR: GUSTAVO JAMUT ISBN: 9505007301","rel":"","context":"Entrada similar","block_context":{"text":"Entrada similar","link":""},"img":{"alt_text":"","src":"https:\/\/i0.wp.com\/libreriaguadalupe.com.ar\/libreria\/wp-content\/uploads\/2023\/01\/483.webp?fit=458%2C458&ssl=1&resize=350%2C200","width":350,"height":200},"classes":[]},{"id":17576,"url":"https:\/\/libreriaguadalupe.com.ar\/libreria\/producto\/mira-la-estrella\/","url_meta":{"origin":16001,"position":3},"title":"Mira la estrella","author":"admin","date":"22\/10\/2023","format":false,"excerpt":"Contemplaci\u00f3n de los misterios del rosario Autor: MAR\u00cdA MART\u00cdNEX ISBN: 978-950-500-761-5 Dimensiones: 15 x 22 cm P\u00e1ginas: 64","rel":"","context":"Entrada similar","block_context":{"text":"Entrada similar","link":""},"img":{"alt_text":"","src":"https:\/\/i0.wp.com\/libreriaguadalupe.com.ar\/libreria\/wp-content\/uploads\/2023\/10\/Mira_la_estrella_Tapa.png?fit=375%2C500&ssl=1&resize=350%2C200","width":350,"height":200},"classes":[]},{"id":14725,"url":"https:\/\/libreriaguadalupe.com.ar\/libreria\/producto\/directo-al-corazon-2\/","url_meta":{"origin":16001,"position":4},"title":"Directo al corazon","author":"admin","date":"07\/02\/2023","format":false,"excerpt":"Para amar y vivir el acontecimiento guadalupano 144 p\u00e1gs. 14 x 20 cm AUTOR: P. Leandro H. Chitarroni ISBN: 9505005789","rel":"","context":"Entrada similar","block_context":{"text":"Entrada similar","link":""},"img":{"alt_text":"","src":"https:\/\/i0.wp.com\/libreriaguadalupe.com.ar\/libreria\/wp-content\/uploads\/2023\/03\/DIRECTO-AL-CORAZON.jpg?fit=225%2C225&ssl=1&resize=350%2C200","width":350,"height":200},"classes":[]},{"id":18148,"url":"https:\/\/libreriaguadalupe.com.ar\/libreria\/producto\/el-amor-salva\/","url_meta":{"origin":16001,"position":5},"title":"El amor salva","author":"admin","date":"10\/07\/2024","format":false,"excerpt":"Rosario por los j\u00f3venes Autor: ESTER AURELIA ESCUDERO ISBN: 978-950-500-927-5 Dimensiones: 14 x 20 cm P\u00e1ginas: 32","rel":"","context":"Entrada similar","block_context":{"text":"Entrada similar","link":""},"img":{"alt_text":"","src":"https:\/\/i0.wp.com\/libreriaguadalupe.com.ar\/libreria\/wp-content\/uploads\/2024\/07\/NOVEDAD-TIENDA-JULIO.jpg?fit=470%2C470&ssl=1&resize=350%2C200","width":350,"height":200},"classes":[]}],"_links":{"self":[{"href":"https:\/\/libreriaguadalupe.com.ar\/libreria\/wp-json\/wp\/v2\/product\/16001","targetHints":{"allow":["GET"]}}],"collection":[{"href":"https:\/\/libreriaguadalupe.com.ar\/libreria\/wp-json\/wp\/v2\/product"}],"about":[{"href":"https:\/\/libreriaguadalupe.com.ar\/libreria\/wp-json\/wp\/v2\/types\/product"}],"replies":[{"embeddable":true,"href":"https:\/\/libreriaguadalupe.com.ar\/libreria\/wp-json\/wp\/v2\/comments?post=16001"}],"version-history":[{"count":1,"href":"https:\/\/libreriaguadalupe.com.ar\/libreria\/wp-json\/wp\/v2\/product\/16001\/revisions"}],"predecessor-version":[{"id":16003,"href":"https:\/\/libreriaguadalupe.com.ar\/libreria\/wp-json\/wp\/v2\/product\/16001\/revisions\/16003"}],"wp:featuredmedia":[{"embeddable":true,"href":"https:\/\/libreriaguadalupe.com.ar\/libreria\/wp-json\/wp\/v2\/media\/16002"}],"wp:attachment":[{"href":"https:\/\/libreriaguadalupe.com.ar\/libreria\/wp-json\/wp\/v2\/media?parent=16001"}],"wp:term":[{"taxonomy":"product_brand","embeddable":true,"href":"https:\/\/libreriaguadalupe.com.ar\/libreria\/wp-json\/wp\/v2\/product_brand?post=16001"},{"taxonomy":"product_cat","embeddable":true,"href":"https:\/\/libreriaguadalupe.com.ar\/libreria\/wp-json\/wp\/v2\/product_cat?post=16001"},{"taxonomy":"product_tag","embeddable":true,"href":"https:\/\/libreriaguadalupe.com.ar\/libreria\/wp-json\/wp\/v2\/product_tag?post=16001"}],"curies":[{"name":"wp","href":"https:\/\/api.w.org\/{rel}","templated":true}]}}