{"id":15992,"date":"2023-02-12T13:19:43","date_gmt":"2023-02-12T16:19:43","guid":{"rendered":"https:\/\/libreriaguadalupe.com.ar\/libreria\/?post_type=product&#038;p=15992"},"modified":"2025-05-05T18:01:53","modified_gmt":"2025-05-05T21:01:53","slug":"libres-para-amar","status":"publish","type":"product","link":"https:\/\/libreriaguadalupe.com.ar\/libreria\/producto\/libres-para-amar\/","title":{"rendered":"Libres para amar"},"content":{"rendered":"<h1>Libres para amar<\/h1>\n<div>Es una obra donde se trata la cuesti\u00f3n de los v\u00ednculos en la sociedad actual. El abordaje es interdisciplinar, ya que la espiritualidad cristiana dialoga con la visi\u00f3n psicol\u00f3gica de la persona y con el an\u00e1lisis cultural.<\/div>\n<div>En una sociedad individualizada y personalista como la nuestra, el interrogante acerca de si es posible vivir juntos y con las propias diferencias, dej\u00f3 de ser una duda y se convirti\u00f3 en un temor: temor al compromiso, a depender del otro, al fracaso amoroso, al ser herido o desilusionado.<\/div>\n<div>De manera parad\u00f3jica, el miedo al compromiso se confronta con el temor a la soledad. Mientras se teme un v\u00ednculo que sea limitante, tambi\u00e9n se huye del miedo a permanecer solo. Este experiencia dual afecta a los v\u00ednculos de la pareja, a la relaci\u00f3n de los padres con los hijos, de los hijos con sus padres, del creyente con la comunidad y del sujeto con la sociedad.<\/div>\n<div>En estas p\u00e1ginas, Carlos Avellaneda comparte experiencias y reflexiones que pueden ayudar al momento de crecer en el amar. \u00abAs\u00ed volveremos a confiar en las posibilidades que a\u00fan posee el amor, y Dios nos ayudar\u00e1 a vivir nuestros v\u00ednculos de manera saludable. Tambi\u00e9n a nosotros, a veces afligidos por tantas crisis y rupturas amorosas, Jes\u00fas nos dice \u00abno temas, basta que creas\u00bb, expresa el autor.<\/div>\n","protected":false},"excerpt":{"rendered":"<p>Es una obra donde se trata la cuesti\u00f3n de los v\u00ednculos en la sociedad actual.<\/p>\n<p>AUTOR: CARLOS AVELLANEDA<br \/>\n<a href=\"https:\/\/libreriaguadalupe.com.ar\/libreria\/?s=avellaneda&amp;post_type=product\"><strong><span style=\"color: #ff9900;\">[ VER M\u00c1S OBRAS ]<\/span><\/strong><\/a><\/p>\n<p>ISBN: 9870010258<\/p>\n","protected":false},"featured_media":15993,"comment_status":"open","ping_status":"closed","template":"","meta":{"jetpack_publicize_message":"","jetpack_publicize_feature_enabled":true,"jetpack_social_post_already_shared":true,"jetpack_social_options":{"image_generator_settings":{"template":"highway","default_image_id":0,"font":"","enabled":false},"version":2}},"product_brand":[],"product_cat":[73,88,121],"product_tag":[127],"class_list":{"0":"post-15992","1":"product","2":"type-product","3":"status-publish","4":"has-post-thumbnail","6":"product_cat-catequesis-y-educacion-en-la-fe","7":"product_cat-espiritualidad-cultura-social","8":"product_cat-guadalupe","9":"product_tag-editorial-guadalupe-de-argentina","11":"first","12":"instock","13":"shipping-taxable","14":"purchasable","15":"product-type-simple"},"yoast_head":"<!-- This site is optimized with the Yoast SEO plugin v27.4 - https:\/\/yoast.com\/product\/yoast-seo-wordpress\/ -->\n<title>Libres para amar - Editorial Guadalupe de Argentina<\/title>\n<meta name=\"description\" content=\"Es una obra donde se trata la cuesti\u00f3n de los v\u00ednculos en la sociedad actual. El abordaje es interdisciplinar, ya que la espiritualidad cristiana dialoga\" \/>\n<meta name=\"robots\" content=\"index, follow, max-snippet:-1, max-image-preview:large, max-video-preview:-1\" \/>\n<link rel=\"canonical\" href=\"https:\/\/libreriaguadalupe.com.ar\/libreria\/producto\/libres-para-amar\/\" \/>\n<meta property=\"og:locale\" content=\"es_ES\" \/>\n<meta property=\"og:type\" content=\"article\" \/>\n<meta property=\"og:title\" content=\"Libres para amar - Editorial Guadalupe de Argentina\" \/>\n<meta property=\"og:description\" content=\"Es una obra donde se trata la cuesti\u00f3n de los v\u00ednculos en la sociedad actual. El abordaje es interdisciplinar, ya que la espiritualidad cristiana dialoga\" \/>\n<meta property=\"og:url\" content=\"https:\/\/libreriaguadalupe.com.ar\/libreria\/producto\/libres-para-amar\/\" \/>\n<meta property=\"og:site_name\" content=\"Editorial Guadalupe de Argentina\" \/>\n<meta property=\"article:publisher\" content=\"https:\/\/www.facebook.com\/LibreriaGuadalupeAR\/\" \/>\n<meta property=\"article:modified_time\" content=\"2025-05-05T21:01:53+00:00\" \/>\n<meta property=\"og:image\" content=\"https:\/\/libreriaguadalupe.com.ar\/libreria\/wp-content\/uploads\/2023\/02\/Libres-para-amar.jpeg\" \/>\n\t<meta property=\"og:image:width\" content=\"335\" \/>\n\t<meta property=\"og:image:height\" content=\"502\" \/>\n\t<meta property=\"og:image:type\" content=\"image\/jpeg\" \/>\n<meta name=\"twitter:card\" content=\"summary_large_image\" \/>\n<meta name=\"twitter:label1\" content=\"Tiempo de lectura\" \/>\n\t<meta name=\"twitter:data1\" content=\"2 minutos\" \/>\n<script type=\"application\/ld+json\" class=\"yoast-schema-graph\">{\"@context\":\"https:\\\/\\\/schema.org\",\"@graph\":[{\"@type\":\"WebPage\",\"@id\":\"https:\\\/\\\/libreriaguadalupe.com.ar\\\/libreria\\\/producto\\\/libres-para-amar\\\/\",\"url\":\"https:\\\/\\\/libreriaguadalupe.com.ar\\\/libreria\\\/producto\\\/libres-para-amar\\\/\",\"name\":\"Libres para amar - Editorial Guadalupe de Argentina\",\"isPartOf\":{\"@id\":\"https:\\\/\\\/libreriaguadalupe.com.ar\\\/libreria\\\/#website\"},\"primaryImageOfPage\":{\"@id\":\"https:\\\/\\\/libreriaguadalupe.com.ar\\\/libreria\\\/producto\\\/libres-para-amar\\\/#primaryimage\"},\"image\":{\"@id\":\"https:\\\/\\\/libreriaguadalupe.com.ar\\\/libreria\\\/producto\\\/libres-para-amar\\\/#primaryimage\"},\"thumbnailUrl\":\"https:\\\/\\\/i0.wp.com\\\/libreriaguadalupe.com.ar\\\/libreria\\\/wp-content\\\/uploads\\\/2023\\\/02\\\/Libres-para-amar.jpeg?fit=335%2C502&ssl=1\",\"datePublished\":\"2023-02-12T16:19:43+00:00\",\"dateModified\":\"2025-05-05T21:01:53+00:00\",\"description\":\"Es una obra donde se trata la cuesti\u00f3n de los v\u00ednculos en la sociedad actual. El abordaje es interdisciplinar, ya que la espiritualidad cristiana dialoga\",\"breadcrumb\":{\"@id\":\"https:\\\/\\\/libreriaguadalupe.com.ar\\\/libreria\\\/producto\\\/libres-para-amar\\\/#breadcrumb\"},\"inLanguage\":\"es\",\"potentialAction\":[{\"@type\":\"ReadAction\",\"target\":[\"https:\\\/\\\/libreriaguadalupe.com.ar\\\/libreria\\\/producto\\\/libres-para-amar\\\/\"]}]},{\"@type\":\"ImageObject\",\"inLanguage\":\"es\",\"@id\":\"https:\\\/\\\/libreriaguadalupe.com.ar\\\/libreria\\\/producto\\\/libres-para-amar\\\/#primaryimage\",\"url\":\"https:\\\/\\\/i0.wp.com\\\/libreriaguadalupe.com.ar\\\/libreria\\\/wp-content\\\/uploads\\\/2023\\\/02\\\/Libres-para-amar.jpeg?fit=335%2C502&ssl=1\",\"contentUrl\":\"https:\\\/\\\/i0.wp.com\\\/libreriaguadalupe.com.ar\\\/libreria\\\/wp-content\\\/uploads\\\/2023\\\/02\\\/Libres-para-amar.jpeg?fit=335%2C502&ssl=1\",\"width\":335,\"height\":502,\"caption\":\"Libres para amar\"},{\"@type\":\"BreadcrumbList\",\"@id\":\"https:\\\/\\\/libreriaguadalupe.com.ar\\\/libreria\\\/producto\\\/libres-para-amar\\\/#breadcrumb\",\"itemListElement\":[{\"@type\":\"ListItem\",\"position\":1,\"name\":\"Portada\",\"item\":\"https:\\\/\\\/libreriaguadalupe.com.ar\\\/libreria\\\/\"},{\"@type\":\"ListItem\",\"position\":2,\"name\":\"Tienda\",\"item\":\"https:\\\/\\\/libreriaguadalupe.com.ar\\\/libreria\\\/\"},{\"@type\":\"ListItem\",\"position\":3,\"name\":\"Libres para amar\"}]},{\"@type\":\"WebSite\",\"@id\":\"https:\\\/\\\/libreriaguadalupe.com.ar\\\/libreria\\\/#website\",\"url\":\"https:\\\/\\\/libreriaguadalupe.com.ar\\\/libreria\\\/\",\"name\":\"Editorial Guadalupe de Argentina\",\"description\":\"Congregaci\u00f3n del Verbo Divino\",\"publisher\":{\"@id\":\"https:\\\/\\\/libreriaguadalupe.com.ar\\\/libreria\\\/#organization\"},\"alternateName\":\"Librer\u00eda Guadalupe\",\"potentialAction\":[{\"@type\":\"SearchAction\",\"target\":{\"@type\":\"EntryPoint\",\"urlTemplate\":\"https:\\\/\\\/libreriaguadalupe.com.ar\\\/libreria\\\/?s={search_term_string}\"},\"query-input\":{\"@type\":\"PropertyValueSpecification\",\"valueRequired\":true,\"valueName\":\"search_term_string\"}}],\"inLanguage\":\"es\"},{\"@type\":\"Organization\",\"@id\":\"https:\\\/\\\/libreriaguadalupe.com.ar\\\/libreria\\\/#organization\",\"name\":\"Editorial Guadalupe\",\"alternateName\":\"Librer\u00eda Guadalupe\",\"url\":\"https:\\\/\\\/libreriaguadalupe.com.ar\\\/libreria\\\/\",\"logo\":{\"@type\":\"ImageObject\",\"inLanguage\":\"es\",\"@id\":\"https:\\\/\\\/libreriaguadalupe.com.ar\\\/libreria\\\/#\\\/schema\\\/logo\\\/image\\\/\",\"url\":\"https:\\\/\\\/i0.wp.com\\\/libreriaguadalupe.com.ar\\\/libreria\\\/wp-content\\\/uploads\\\/2023\\\/01\\\/cropped-logo-editorial-guadalupe.webp?fit=500%2C100&ssl=1\",\"contentUrl\":\"https:\\\/\\\/i0.wp.com\\\/libreriaguadalupe.com.ar\\\/libreria\\\/wp-content\\\/uploads\\\/2023\\\/01\\\/cropped-logo-editorial-guadalupe.webp?fit=500%2C100&ssl=1\",\"width\":500,\"height\":100,\"caption\":\"Editorial Guadalupe\"},\"image\":{\"@id\":\"https:\\\/\\\/libreriaguadalupe.com.ar\\\/libreria\\\/#\\\/schema\\\/logo\\\/image\\\/\"},\"sameAs\":[\"https:\\\/\\\/www.facebook.com\\\/LibreriaGuadalupeAR\\\/\",\"https:\\\/\\\/www.instagram.com\\\/editorialguadalupe\\\/\",\"https:\\\/\\\/guadalupeeditorial.mercadoshops.com.ar\\\/\"]}]}<\/script>\n<!-- \/ Yoast SEO plugin. -->","yoast_head_json":{"title":"Libres para amar - Editorial Guadalupe de Argentina","description":"Es una obra donde se trata la cuesti\u00f3n de los v\u00ednculos en la sociedad actual. El abordaje es interdisciplinar, ya que la espiritualidad cristiana dialoga","robots":{"index":"index","follow":"follow","max-snippet":"max-snippet:-1","max-image-preview":"max-image-preview:large","max-video-preview":"max-video-preview:-1"},"canonical":"https:\/\/libreriaguadalupe.com.ar\/libreria\/producto\/libres-para-amar\/","og_locale":"es_ES","og_type":"article","og_title":"Libres para amar - Editorial Guadalupe de Argentina","og_description":"Es una obra donde se trata la cuesti\u00f3n de los v\u00ednculos en la sociedad actual. El abordaje es interdisciplinar, ya que la espiritualidad cristiana dialoga","og_url":"https:\/\/libreriaguadalupe.com.ar\/libreria\/producto\/libres-para-amar\/","og_site_name":"Editorial Guadalupe de Argentina","article_publisher":"https:\/\/www.facebook.com\/LibreriaGuadalupeAR\/","article_modified_time":"2025-05-05T21:01:53+00:00","og_image":[{"width":335,"height":502,"url":"https:\/\/libreriaguadalupe.com.ar\/libreria\/wp-content\/uploads\/2023\/02\/Libres-para-amar.jpeg","type":"image\/jpeg"}],"twitter_card":"summary_large_image","twitter_misc":{"Tiempo de lectura":"2 minutos"},"schema":{"@context":"https:\/\/schema.org","@graph":[{"@type":"WebPage","@id":"https:\/\/libreriaguadalupe.com.ar\/libreria\/producto\/libres-para-amar\/","url":"https:\/\/libreriaguadalupe.com.ar\/libreria\/producto\/libres-para-amar\/","name":"Libres para amar - Editorial Guadalupe de Argentina","isPartOf":{"@id":"https:\/\/libreriaguadalupe.com.ar\/libreria\/#website"},"primaryImageOfPage":{"@id":"https:\/\/libreriaguadalupe.com.ar\/libreria\/producto\/libres-para-amar\/#primaryimage"},"image":{"@id":"https:\/\/libreriaguadalupe.com.ar\/libreria\/producto\/libres-para-amar\/#primaryimage"},"thumbnailUrl":"https:\/\/i0.wp.com\/libreriaguadalupe.com.ar\/libreria\/wp-content\/uploads\/2023\/02\/Libres-para-amar.jpeg?fit=335%2C502&ssl=1","datePublished":"2023-02-12T16:19:43+00:00","dateModified":"2025-05-05T21:01:53+00:00","description":"Es una obra donde se trata la cuesti\u00f3n de los v\u00ednculos en la sociedad actual. El abordaje es interdisciplinar, ya que la espiritualidad cristiana dialoga","breadcrumb":{"@id":"https:\/\/libreriaguadalupe.com.ar\/libreria\/producto\/libres-para-amar\/#breadcrumb"},"inLanguage":"es","potentialAction":[{"@type":"ReadAction","target":["https:\/\/libreriaguadalupe.com.ar\/libreria\/producto\/libres-para-amar\/"]}]},{"@type":"ImageObject","inLanguage":"es","@id":"https:\/\/libreriaguadalupe.com.ar\/libreria\/producto\/libres-para-amar\/#primaryimage","url":"https:\/\/i0.wp.com\/libreriaguadalupe.com.ar\/libreria\/wp-content\/uploads\/2023\/02\/Libres-para-amar.jpeg?fit=335%2C502&ssl=1","contentUrl":"https:\/\/i0.wp.com\/libreriaguadalupe.com.ar\/libreria\/wp-content\/uploads\/2023\/02\/Libres-para-amar.jpeg?fit=335%2C502&ssl=1","width":335,"height":502,"caption":"Libres para amar"},{"@type":"BreadcrumbList","@id":"https:\/\/libreriaguadalupe.com.ar\/libreria\/producto\/libres-para-amar\/#breadcrumb","itemListElement":[{"@type":"ListItem","position":1,"name":"Portada","item":"https:\/\/libreriaguadalupe.com.ar\/libreria\/"},{"@type":"ListItem","position":2,"name":"Tienda","item":"https:\/\/libreriaguadalupe.com.ar\/libreria\/"},{"@type":"ListItem","position":3,"name":"Libres para amar"}]},{"@type":"WebSite","@id":"https:\/\/libreriaguadalupe.com.ar\/libreria\/#website","url":"https:\/\/libreriaguadalupe.com.ar\/libreria\/","name":"Editorial Guadalupe de Argentina","description":"Congregaci\u00f3n del Verbo Divino","publisher":{"@id":"https:\/\/libreriaguadalupe.com.ar\/libreria\/#organization"},"alternateName":"Librer\u00eda Guadalupe","potentialAction":[{"@type":"SearchAction","target":{"@type":"EntryPoint","urlTemplate":"https:\/\/libreriaguadalupe.com.ar\/libreria\/?s={search_term_string}"},"query-input":{"@type":"PropertyValueSpecification","valueRequired":true,"valueName":"search_term_string"}}],"inLanguage":"es"},{"@type":"Organization","@id":"https:\/\/libreriaguadalupe.com.ar\/libreria\/#organization","name":"Editorial Guadalupe","alternateName":"Librer\u00eda Guadalupe","url":"https:\/\/libreriaguadalupe.com.ar\/libreria\/","logo":{"@type":"ImageObject","inLanguage":"es","@id":"https:\/\/libreriaguadalupe.com.ar\/libreria\/#\/schema\/logo\/image\/","url":"https:\/\/i0.wp.com\/libreriaguadalupe.com.ar\/libreria\/wp-content\/uploads\/2023\/01\/cropped-logo-editorial-guadalupe.webp?fit=500%2C100&ssl=1","contentUrl":"https:\/\/i0.wp.com\/libreriaguadalupe.com.ar\/libreria\/wp-content\/uploads\/2023\/01\/cropped-logo-editorial-guadalupe.webp?fit=500%2C100&ssl=1","width":500,"height":100,"caption":"Editorial Guadalupe"},"image":{"@id":"https:\/\/libreriaguadalupe.com.ar\/libreria\/#\/schema\/logo\/image\/"},"sameAs":["https:\/\/www.facebook.com\/LibreriaGuadalupeAR\/","https:\/\/www.instagram.com\/editorialguadalupe\/","https:\/\/guadalupeeditorial.mercadoshops.com.ar\/"]}]}},"jetpack_publicize_connections":[],"jetpack_sharing_enabled":true,"jetpack-related-posts":[{"id":15367,"url":"https:\/\/libreriaguadalupe.com.ar\/libreria\/producto\/vivir-la-muerte-la-muerte-y-el-morir-2\/","url_meta":{"origin":15992,"position":0},"title":"Vivir la muerte","author":"admin","date":"07\/02\/2023","format":false,"excerpt":"La muerte y el morir AUTOR: EVD ISBN: 8490731215","rel":"","context":"Entrada similar","block_context":{"text":"Entrada similar","link":""},"img":{"alt_text":"","src":"https:\/\/i0.wp.com\/libreriaguadalupe.com.ar\/libreria\/wp-content\/uploads\/1674\/33\/1035.jpg?fit=227%2C360&ssl=1&resize=350%2C200","width":350,"height":200},"classes":[]},{"id":16012,"url":"https:\/\/libreriaguadalupe.com.ar\/libreria\/producto\/yo-y-el-otro-en-busca-del-nosotros\/","url_meta":{"origin":15992,"position":1},"title":"Yo y el otro en busca del nosotros","author":"admin","date":"12\/02\/2023","format":false,"excerpt":"La vida en relaci\u00f3n AUTOR: CARLOS AVELLANEDA [ VER M\u00c1S OBRAS ] ISBN: 9505007004","rel":"","context":"Entrada similar","block_context":{"text":"Entrada similar","link":""},"img":{"alt_text":"Yo y el otro en busca del nosotros: La vida en relaci\u00f3n","src":"https:\/\/i0.wp.com\/libreriaguadalupe.com.ar\/libreria\/wp-content\/uploads\/2023\/02\/Yo-y-el-otro-en-busca-del-nosotros.jpg?fit=435%2C640&ssl=1&resize=350%2C200","width":350,"height":200},"classes":[]},{"id":15966,"url":"https:\/\/libreriaguadalupe.com.ar\/libreria\/producto\/te-amare-en-silencio-e-book\/","url_meta":{"origin":15992,"position":2},"title":"Te amar\u00e9 en silencio (E-BOOK)","author":"admin","date":"12\/02\/2023","format":false,"excerpt":"EDICION DIGITAL AUTOR: EDUARDO MEANA L ISBN: 9505007905","rel":"","context":"Entrada similar","block_context":{"text":"Entrada similar","link":""},"img":{"alt_text":"","src":"https:\/\/i0.wp.com\/libreriaguadalupe.com.ar\/libreria\/wp-content\/uploads\/2023\/02\/Te-amare-en-silencio-chico.jpg?fit=333%2C500&ssl=1&resize=350%2C200","width":350,"height":200},"classes":[]},{"id":15971,"url":"https:\/\/libreriaguadalupe.com.ar\/libreria\/producto\/te-amare-en-silencio\/","url_meta":{"origin":15992,"position":3},"title":"Te amar\u00e9 en silencio","author":"admin","date":"12\/02\/2023","format":false,"excerpt":"AUTOR: EDUARDO MEANA L ISBN: 9505008476","rel":"","context":"Entrada similar","block_context":{"text":"Entrada similar","link":""},"img":{"alt_text":"","src":"https:\/\/i0.wp.com\/libreriaguadalupe.com.ar\/libreria\/wp-content\/uploads\/2023\/02\/Te-amare-en-silencio-chico.jpg?fit=333%2C500&ssl=1&resize=350%2C200","width":350,"height":200},"classes":[]},{"id":14728,"url":"https:\/\/libreriaguadalupe.com.ar\/libreria\/producto\/de-amar-la-sabiduria-a-creer-y-esperar-en-la-sabiduria-del-amor-2\/","url_meta":{"origin":15992,"position":4},"title":"De amar la sabiduria a creer y esperar en la sabiduria del Amor","author":"admin","date":"07\/02\/2023","format":false,"excerpt":"ISBN: 9505006564 Autor: GALLI CARLOS MARIA","rel":"","context":"Entrada similar","block_context":{"text":"Entrada similar","link":""},"img":{"alt_text":"","src":"https:\/\/i0.wp.com\/libreriaguadalupe.com.ar\/libreria\/wp-content\/uploads\/2023\/02\/De-amar-la-sabiduria-a-creer-y-esperar-1.webp?fit=458%2C458&ssl=1&resize=350%2C200","width":350,"height":200},"classes":[]},{"id":16018,"url":"https:\/\/libreriaguadalupe.com.ar\/libreria\/producto\/memorias-de-una-tarde\/","url_meta":{"origin":15992,"position":5},"title":"Memorias de una tarde","author":"admin","date":"12\/02\/2023","format":false,"excerpt":"Una b\u00fasqueda espiritual AUTOR: FERNANDO HERRERA ISBN: 9505007738","rel":"","context":"Entrada similar","block_context":{"text":"Entrada similar","link":""},"img":{"alt_text":"","src":"https:\/\/i0.wp.com\/libreriaguadalupe.com.ar\/libreria\/wp-content\/uploads\/2023\/02\/Memorias-de-una-tarde.webp?fit=344%2C500&ssl=1&resize=350%2C200","width":350,"height":200},"classes":[]}],"_links":{"self":[{"href":"https:\/\/libreriaguadalupe.com.ar\/libreria\/wp-json\/wp\/v2\/product\/15992","targetHints":{"allow":["GET"]}}],"collection":[{"href":"https:\/\/libreriaguadalupe.com.ar\/libreria\/wp-json\/wp\/v2\/product"}],"about":[{"href":"https:\/\/libreriaguadalupe.com.ar\/libreria\/wp-json\/wp\/v2\/types\/product"}],"replies":[{"embeddable":true,"href":"https:\/\/libreriaguadalupe.com.ar\/libreria\/wp-json\/wp\/v2\/comments?post=15992"}],"version-history":[{"count":4,"href":"https:\/\/libreriaguadalupe.com.ar\/libreria\/wp-json\/wp\/v2\/product\/15992\/revisions"}],"predecessor-version":[{"id":18855,"href":"https:\/\/libreriaguadalupe.com.ar\/libreria\/wp-json\/wp\/v2\/product\/15992\/revisions\/18855"}],"wp:featuredmedia":[{"embeddable":true,"href":"https:\/\/libreriaguadalupe.com.ar\/libreria\/wp-json\/wp\/v2\/media\/15993"}],"wp:attachment":[{"href":"https:\/\/libreriaguadalupe.com.ar\/libreria\/wp-json\/wp\/v2\/media?parent=15992"}],"wp:term":[{"taxonomy":"product_brand","embeddable":true,"href":"https:\/\/libreriaguadalupe.com.ar\/libreria\/wp-json\/wp\/v2\/product_brand?post=15992"},{"taxonomy":"product_cat","embeddable":true,"href":"https:\/\/libreriaguadalupe.com.ar\/libreria\/wp-json\/wp\/v2\/product_cat?post=15992"},{"taxonomy":"product_tag","embeddable":true,"href":"https:\/\/libreriaguadalupe.com.ar\/libreria\/wp-json\/wp\/v2\/product_tag?post=15992"}],"curies":[{"name":"wp","href":"https:\/\/api.w.org\/{rel}","templated":true}]}}