{"id":15979,"date":"2023-02-12T12:34:35","date_gmt":"2023-02-12T15:34:35","guid":{"rendered":"https:\/\/libreriaguadalupe.com.ar\/libreria\/?post_type=product&#038;p=15979"},"modified":"2025-11-25T10:27:34","modified_gmt":"2025-11-25T13:27:34","slug":"la-soledad-en-estos-tiempos","status":"publish","type":"product","link":"https:\/\/libreriaguadalupe.com.ar\/libreria\/producto\/la-soledad-en-estos-tiempos\/","title":{"rendered":"La soledad en estos tiempos"},"content":{"rendered":"<h3>La soledad en estos tiempos<\/h3>\n<h3>\u00abPredicaciones\u00bb<\/h3>\n<p>La soledad es nuestra compa\u00f1era de viaje. En alg\u00fan momento de nuestra vida, nos har\u00e1 sentir su presencia certera, de manera dolorosa e hiriente. \u00bfQui\u00e9n no conoce de las soledades del hijo o del hermano que se fue, del anciano en el geri\u00e1trico, del enfermo terminal, de la familia dividida, del desocupado, del migrante\u2026?<\/p>\n<p>\u00a1Y cu\u00e1ntas veces hemos sentido las mordeduras de nuestras propias soledades! Y conocemos, imaginamos, sentimos, nos acercamos a la soledad de Jes\u00fas en el Huerto, y la soledad de la muerte en la cruz.<\/p>\n<p>&#8216;La soledad en estos tiempos&#8217; vividos desde el ailamiento y la cuarentena por la pandemia. Es la soledad corrosiva que a muchos amarga y entristece.<\/p>\n<p>Pero tambi\u00e9n experimentamos la soledad como camino de plenificaci\u00f3n, sinti\u00e9ndonos acompa\u00f1ados en el camino por muchas hermanas y hermanos; y por la caricia caminante del Dios con nosotros.<\/p>\n<p>De \u00e9stas y otras soledades nos habla este nuevo libro de Claudio Rizzo que se titula: &#8216;La soledad en nuestros tiempos\u00bb.<\/p>\n<p>&nbsp;<\/p>\n<div class=\"book-info svelte-idzcln\"><\/div>\n","protected":false},"excerpt":{"rendered":"<h3>Predicaciones<\/h3>\n<p>AUTOR: CLAUDIO RIZZO<\/p>\n<p>ISBN: 9505008063<\/p>\n","protected":false},"featured_media":15980,"comment_status":"open","ping_status":"closed","template":"","meta":{"jetpack_publicize_message":"","jetpack_publicize_feature_enabled":true,"jetpack_social_post_already_shared":true,"jetpack_social_options":{"image_generator_settings":{"template":"highway","default_image_id":0,"font":"","enabled":false},"version":2}},"product_brand":[],"product_cat":[88,121],"product_tag":[127],"class_list":{"0":"post-15979","1":"product","2":"type-product","3":"status-publish","4":"has-post-thumbnail","6":"product_cat-espiritualidad-cultura-social","7":"product_cat-guadalupe","8":"product_tag-editorial-guadalupe-de-argentina","10":"first","11":"instock","12":"shipping-taxable","13":"purchasable","14":"product-type-simple"},"yoast_head":"<!-- This site is optimized with the Yoast SEO plugin v27.4 - https:\/\/yoast.com\/product\/yoast-seo-wordpress\/ -->\n<title>La soledad en estos tiempos - Editorial Guadalupe de Argentina<\/title>\n<meta name=\"description\" content=\"La soledad es nuestra compa\u00f1era de viaje. En alg\u00fan momento de nuestra vida, nos har\u00e1 sentir su presencia certera, de manera dolorosa e hiriente. \u00bfQui\u00e9n no conoce de las soledades del hijo o del hermano que se fue, del anciano en el geri\u00e1trico, del enfermo terminal, de la familia dividida, del desocupado, del migrante\u2026?\" \/>\n<meta name=\"robots\" content=\"index, follow, max-snippet:-1, max-image-preview:large, max-video-preview:-1\" \/>\n<link rel=\"canonical\" href=\"https:\/\/libreriaguadalupe.com.ar\/libreria\/producto\/la-soledad-en-estos-tiempos\/\" \/>\n<meta property=\"og:locale\" content=\"es_ES\" \/>\n<meta property=\"og:type\" content=\"article\" \/>\n<meta property=\"og:title\" content=\"La soledad en estos tiempos - Editorial Guadalupe de Argentina\" \/>\n<meta property=\"og:description\" content=\"La soledad es nuestra compa\u00f1era de viaje. En alg\u00fan momento de nuestra vida, nos har\u00e1 sentir su presencia certera, de manera dolorosa e hiriente. \u00bfQui\u00e9n no conoce de las soledades del hijo o del hermano que se fue, del anciano en el geri\u00e1trico, del enfermo terminal, de la familia dividida, del desocupado, del migrante\u2026?\" \/>\n<meta property=\"og:url\" content=\"https:\/\/libreriaguadalupe.com.ar\/libreria\/producto\/la-soledad-en-estos-tiempos\/\" \/>\n<meta property=\"og:site_name\" content=\"Editorial Guadalupe de Argentina\" \/>\n<meta property=\"article:publisher\" content=\"https:\/\/www.facebook.com\/LibreriaGuadalupeAR\/\" \/>\n<meta property=\"article:modified_time\" content=\"2025-11-25T13:27:34+00:00\" \/>\n<meta property=\"og:image\" content=\"https:\/\/libreriaguadalupe.com.ar\/libreria\/wp-content\/uploads\/2023\/02\/La-soledad-en-estos-tiempos.jpg\" \/>\n\t<meta property=\"og:image:width\" content=\"475\" \/>\n\t<meta property=\"og:image:height\" content=\"640\" \/>\n\t<meta property=\"og:image:type\" content=\"image\/jpeg\" \/>\n<meta name=\"twitter:card\" content=\"summary_large_image\" \/>\n<meta name=\"twitter:label1\" content=\"Tiempo de lectura\" \/>\n\t<meta name=\"twitter:data1\" content=\"1 minuto\" \/>\n<script type=\"application\/ld+json\" class=\"yoast-schema-graph\">{\"@context\":\"https:\\\/\\\/schema.org\",\"@graph\":[{\"@type\":\"WebPage\",\"@id\":\"https:\\\/\\\/libreriaguadalupe.com.ar\\\/libreria\\\/producto\\\/la-soledad-en-estos-tiempos\\\/\",\"url\":\"https:\\\/\\\/libreriaguadalupe.com.ar\\\/libreria\\\/producto\\\/la-soledad-en-estos-tiempos\\\/\",\"name\":\"La soledad en estos tiempos - Editorial Guadalupe de Argentina\",\"isPartOf\":{\"@id\":\"https:\\\/\\\/libreriaguadalupe.com.ar\\\/libreria\\\/#website\"},\"primaryImageOfPage\":{\"@id\":\"https:\\\/\\\/libreriaguadalupe.com.ar\\\/libreria\\\/producto\\\/la-soledad-en-estos-tiempos\\\/#primaryimage\"},\"image\":{\"@id\":\"https:\\\/\\\/libreriaguadalupe.com.ar\\\/libreria\\\/producto\\\/la-soledad-en-estos-tiempos\\\/#primaryimage\"},\"thumbnailUrl\":\"https:\\\/\\\/i0.wp.com\\\/libreriaguadalupe.com.ar\\\/libreria\\\/wp-content\\\/uploads\\\/2023\\\/02\\\/La-soledad-en-estos-tiempos.jpg?fit=475%2C640&ssl=1\",\"datePublished\":\"2023-02-12T15:34:35+00:00\",\"dateModified\":\"2025-11-25T13:27:34+00:00\",\"description\":\"La soledad es nuestra compa\u00f1era de viaje. En alg\u00fan momento de nuestra vida, nos har\u00e1 sentir su presencia certera, de manera dolorosa e hiriente. \u00bfQui\u00e9n no conoce de las soledades del hijo o del hermano que se fue, del anciano en el geri\u00e1trico, del enfermo terminal, de la familia dividida, del desocupado, del migrante\u2026?\",\"breadcrumb\":{\"@id\":\"https:\\\/\\\/libreriaguadalupe.com.ar\\\/libreria\\\/producto\\\/la-soledad-en-estos-tiempos\\\/#breadcrumb\"},\"inLanguage\":\"es\",\"potentialAction\":[{\"@type\":\"ReadAction\",\"target\":[\"https:\\\/\\\/libreriaguadalupe.com.ar\\\/libreria\\\/producto\\\/la-soledad-en-estos-tiempos\\\/\"]}]},{\"@type\":\"ImageObject\",\"inLanguage\":\"es\",\"@id\":\"https:\\\/\\\/libreriaguadalupe.com.ar\\\/libreria\\\/producto\\\/la-soledad-en-estos-tiempos\\\/#primaryimage\",\"url\":\"https:\\\/\\\/i0.wp.com\\\/libreriaguadalupe.com.ar\\\/libreria\\\/wp-content\\\/uploads\\\/2023\\\/02\\\/La-soledad-en-estos-tiempos.jpg?fit=475%2C640&ssl=1\",\"contentUrl\":\"https:\\\/\\\/i0.wp.com\\\/libreriaguadalupe.com.ar\\\/libreria\\\/wp-content\\\/uploads\\\/2023\\\/02\\\/La-soledad-en-estos-tiempos.jpg?fit=475%2C640&ssl=1\",\"width\":475,\"height\":640},{\"@type\":\"BreadcrumbList\",\"@id\":\"https:\\\/\\\/libreriaguadalupe.com.ar\\\/libreria\\\/producto\\\/la-soledad-en-estos-tiempos\\\/#breadcrumb\",\"itemListElement\":[{\"@type\":\"ListItem\",\"position\":1,\"name\":\"Portada\",\"item\":\"https:\\\/\\\/libreriaguadalupe.com.ar\\\/libreria\\\/\"},{\"@type\":\"ListItem\",\"position\":2,\"name\":\"Tienda\",\"item\":\"https:\\\/\\\/libreriaguadalupe.com.ar\\\/libreria\\\/\"},{\"@type\":\"ListItem\",\"position\":3,\"name\":\"La soledad en estos tiempos\"}]},{\"@type\":\"WebSite\",\"@id\":\"https:\\\/\\\/libreriaguadalupe.com.ar\\\/libreria\\\/#website\",\"url\":\"https:\\\/\\\/libreriaguadalupe.com.ar\\\/libreria\\\/\",\"name\":\"Editorial Guadalupe de Argentina\",\"description\":\"Congregaci\u00f3n del Verbo Divino\",\"publisher\":{\"@id\":\"https:\\\/\\\/libreriaguadalupe.com.ar\\\/libreria\\\/#organization\"},\"alternateName\":\"Librer\u00eda Guadalupe\",\"potentialAction\":[{\"@type\":\"SearchAction\",\"target\":{\"@type\":\"EntryPoint\",\"urlTemplate\":\"https:\\\/\\\/libreriaguadalupe.com.ar\\\/libreria\\\/?s={search_term_string}\"},\"query-input\":{\"@type\":\"PropertyValueSpecification\",\"valueRequired\":true,\"valueName\":\"search_term_string\"}}],\"inLanguage\":\"es\"},{\"@type\":\"Organization\",\"@id\":\"https:\\\/\\\/libreriaguadalupe.com.ar\\\/libreria\\\/#organization\",\"name\":\"Editorial Guadalupe\",\"alternateName\":\"Librer\u00eda Guadalupe\",\"url\":\"https:\\\/\\\/libreriaguadalupe.com.ar\\\/libreria\\\/\",\"logo\":{\"@type\":\"ImageObject\",\"inLanguage\":\"es\",\"@id\":\"https:\\\/\\\/libreriaguadalupe.com.ar\\\/libreria\\\/#\\\/schema\\\/logo\\\/image\\\/\",\"url\":\"https:\\\/\\\/i0.wp.com\\\/libreriaguadalupe.com.ar\\\/libreria\\\/wp-content\\\/uploads\\\/2023\\\/01\\\/cropped-logo-editorial-guadalupe.webp?fit=500%2C100&ssl=1\",\"contentUrl\":\"https:\\\/\\\/i0.wp.com\\\/libreriaguadalupe.com.ar\\\/libreria\\\/wp-content\\\/uploads\\\/2023\\\/01\\\/cropped-logo-editorial-guadalupe.webp?fit=500%2C100&ssl=1\",\"width\":500,\"height\":100,\"caption\":\"Editorial Guadalupe\"},\"image\":{\"@id\":\"https:\\\/\\\/libreriaguadalupe.com.ar\\\/libreria\\\/#\\\/schema\\\/logo\\\/image\\\/\"},\"sameAs\":[\"https:\\\/\\\/www.facebook.com\\\/LibreriaGuadalupeAR\\\/\",\"https:\\\/\\\/www.instagram.com\\\/editorialguadalupe\\\/\",\"https:\\\/\\\/guadalupeeditorial.mercadoshops.com.ar\\\/\"]}]}<\/script>\n<!-- \/ Yoast SEO plugin. -->","yoast_head_json":{"title":"La soledad en estos tiempos - Editorial Guadalupe de Argentina","description":"La soledad es nuestra compa\u00f1era de viaje. En alg\u00fan momento de nuestra vida, nos har\u00e1 sentir su presencia certera, de manera dolorosa e hiriente. \u00bfQui\u00e9n no conoce de las soledades del hijo o del hermano que se fue, del anciano en el geri\u00e1trico, del enfermo terminal, de la familia dividida, del desocupado, del migrante\u2026?","robots":{"index":"index","follow":"follow","max-snippet":"max-snippet:-1","max-image-preview":"max-image-preview:large","max-video-preview":"max-video-preview:-1"},"canonical":"https:\/\/libreriaguadalupe.com.ar\/libreria\/producto\/la-soledad-en-estos-tiempos\/","og_locale":"es_ES","og_type":"article","og_title":"La soledad en estos tiempos - Editorial Guadalupe de Argentina","og_description":"La soledad es nuestra compa\u00f1era de viaje. En alg\u00fan momento de nuestra vida, nos har\u00e1 sentir su presencia certera, de manera dolorosa e hiriente. \u00bfQui\u00e9n no conoce de las soledades del hijo o del hermano que se fue, del anciano en el geri\u00e1trico, del enfermo terminal, de la familia dividida, del desocupado, del migrante\u2026?","og_url":"https:\/\/libreriaguadalupe.com.ar\/libreria\/producto\/la-soledad-en-estos-tiempos\/","og_site_name":"Editorial Guadalupe de Argentina","article_publisher":"https:\/\/www.facebook.com\/LibreriaGuadalupeAR\/","article_modified_time":"2025-11-25T13:27:34+00:00","og_image":[{"width":475,"height":640,"url":"https:\/\/libreriaguadalupe.com.ar\/libreria\/wp-content\/uploads\/2023\/02\/La-soledad-en-estos-tiempos.jpg","type":"image\/jpeg"}],"twitter_card":"summary_large_image","twitter_misc":{"Tiempo de lectura":"1 minuto"},"schema":{"@context":"https:\/\/schema.org","@graph":[{"@type":"WebPage","@id":"https:\/\/libreriaguadalupe.com.ar\/libreria\/producto\/la-soledad-en-estos-tiempos\/","url":"https:\/\/libreriaguadalupe.com.ar\/libreria\/producto\/la-soledad-en-estos-tiempos\/","name":"La soledad en estos tiempos - Editorial Guadalupe de Argentina","isPartOf":{"@id":"https:\/\/libreriaguadalupe.com.ar\/libreria\/#website"},"primaryImageOfPage":{"@id":"https:\/\/libreriaguadalupe.com.ar\/libreria\/producto\/la-soledad-en-estos-tiempos\/#primaryimage"},"image":{"@id":"https:\/\/libreriaguadalupe.com.ar\/libreria\/producto\/la-soledad-en-estos-tiempos\/#primaryimage"},"thumbnailUrl":"https:\/\/i0.wp.com\/libreriaguadalupe.com.ar\/libreria\/wp-content\/uploads\/2023\/02\/La-soledad-en-estos-tiempos.jpg?fit=475%2C640&ssl=1","datePublished":"2023-02-12T15:34:35+00:00","dateModified":"2025-11-25T13:27:34+00:00","description":"La soledad es nuestra compa\u00f1era de viaje. En alg\u00fan momento de nuestra vida, nos har\u00e1 sentir su presencia certera, de manera dolorosa e hiriente. \u00bfQui\u00e9n no conoce de las soledades del hijo o del hermano que se fue, del anciano en el geri\u00e1trico, del enfermo terminal, de la familia dividida, del desocupado, del migrante\u2026?","breadcrumb":{"@id":"https:\/\/libreriaguadalupe.com.ar\/libreria\/producto\/la-soledad-en-estos-tiempos\/#breadcrumb"},"inLanguage":"es","potentialAction":[{"@type":"ReadAction","target":["https:\/\/libreriaguadalupe.com.ar\/libreria\/producto\/la-soledad-en-estos-tiempos\/"]}]},{"@type":"ImageObject","inLanguage":"es","@id":"https:\/\/libreriaguadalupe.com.ar\/libreria\/producto\/la-soledad-en-estos-tiempos\/#primaryimage","url":"https:\/\/i0.wp.com\/libreriaguadalupe.com.ar\/libreria\/wp-content\/uploads\/2023\/02\/La-soledad-en-estos-tiempos.jpg?fit=475%2C640&ssl=1","contentUrl":"https:\/\/i0.wp.com\/libreriaguadalupe.com.ar\/libreria\/wp-content\/uploads\/2023\/02\/La-soledad-en-estos-tiempos.jpg?fit=475%2C640&ssl=1","width":475,"height":640},{"@type":"BreadcrumbList","@id":"https:\/\/libreriaguadalupe.com.ar\/libreria\/producto\/la-soledad-en-estos-tiempos\/#breadcrumb","itemListElement":[{"@type":"ListItem","position":1,"name":"Portada","item":"https:\/\/libreriaguadalupe.com.ar\/libreria\/"},{"@type":"ListItem","position":2,"name":"Tienda","item":"https:\/\/libreriaguadalupe.com.ar\/libreria\/"},{"@type":"ListItem","position":3,"name":"La soledad en estos tiempos"}]},{"@type":"WebSite","@id":"https:\/\/libreriaguadalupe.com.ar\/libreria\/#website","url":"https:\/\/libreriaguadalupe.com.ar\/libreria\/","name":"Editorial Guadalupe de Argentina","description":"Congregaci\u00f3n del Verbo Divino","publisher":{"@id":"https:\/\/libreriaguadalupe.com.ar\/libreria\/#organization"},"alternateName":"Librer\u00eda Guadalupe","potentialAction":[{"@type":"SearchAction","target":{"@type":"EntryPoint","urlTemplate":"https:\/\/libreriaguadalupe.com.ar\/libreria\/?s={search_term_string}"},"query-input":{"@type":"PropertyValueSpecification","valueRequired":true,"valueName":"search_term_string"}}],"inLanguage":"es"},{"@type":"Organization","@id":"https:\/\/libreriaguadalupe.com.ar\/libreria\/#organization","name":"Editorial Guadalupe","alternateName":"Librer\u00eda Guadalupe","url":"https:\/\/libreriaguadalupe.com.ar\/libreria\/","logo":{"@type":"ImageObject","inLanguage":"es","@id":"https:\/\/libreriaguadalupe.com.ar\/libreria\/#\/schema\/logo\/image\/","url":"https:\/\/i0.wp.com\/libreriaguadalupe.com.ar\/libreria\/wp-content\/uploads\/2023\/01\/cropped-logo-editorial-guadalupe.webp?fit=500%2C100&ssl=1","contentUrl":"https:\/\/i0.wp.com\/libreriaguadalupe.com.ar\/libreria\/wp-content\/uploads\/2023\/01\/cropped-logo-editorial-guadalupe.webp?fit=500%2C100&ssl=1","width":500,"height":100,"caption":"Editorial Guadalupe"},"image":{"@id":"https:\/\/libreriaguadalupe.com.ar\/libreria\/#\/schema\/logo\/image\/"},"sameAs":["https:\/\/www.facebook.com\/LibreriaGuadalupeAR\/","https:\/\/www.instagram.com\/editorialguadalupe\/","https:\/\/guadalupeeditorial.mercadoshops.com.ar\/"]}]}},"jetpack_publicize_connections":[],"jetpack_sharing_enabled":true,"jetpack-related-posts":[{"id":15982,"url":"https:\/\/libreriaguadalupe.com.ar\/libreria\/producto\/la-soledad-en-estos-tiempos-e-book\/","url_meta":{"origin":15979,"position":0},"title":"La soledad en estos tiempos (E-BOOK)","author":"admin","date":"12\/02\/2023","format":false,"excerpt":"EDICION DIGITAL AUTOR: CLAUDIO RIZZO ISBN: 9505007998","rel":"","context":"Entrada similar","block_context":{"text":"Entrada similar","link":""},"img":{"alt_text":"","src":"https:\/\/i0.wp.com\/libreriaguadalupe.com.ar\/libreria\/wp-content\/uploads\/2023\/02\/La-soledad-en-estos-tiempos.jpg?fit=475%2C640&ssl=1&resize=350%2C200","width":350,"height":200},"classes":[]},{"id":15800,"url":"https:\/\/libreriaguadalupe.com.ar\/libreria\/producto\/yo-mi-proyecto\/","url_meta":{"origin":15979,"position":1},"title":"Yo, mi proyecto","author":"admin","date":"11\/02\/2023","format":false,"excerpt":"Crecer hacia dentro y hacia arriba Autor: Mercedes Navarro Puerto ISBN: 8499452586 Dimensiones: 12 x 19 cm P\u00e1ginas: 276","rel":"","context":"Entrada similar","block_context":{"text":"Entrada similar","link":""},"img":{"alt_text":"","src":"https:\/\/i0.wp.com\/libreriaguadalupe.com.ar\/libreria\/wp-content\/uploads\/2023\/02\/Yo-mi-proyecto.jpg?fit=380%2C586&ssl=1&resize=350%2C200","width":350,"height":200},"classes":[]},{"id":16963,"url":"https:\/\/libreriaguadalupe.com.ar\/libreria\/producto\/nuestros-enojos\/","url_meta":{"origin":15979,"position":2},"title":"Nuestros Enojos","author":"admin","date":"23\/03\/2023","format":false,"excerpt":"Conflictos Enigm\u00e1ticos Serie Prediciaciones Autor: Claudio Rizzo ISBN: 9789505008124 Dimensiones: 14 x 2 cm P\u00e1ginas: 128","rel":"","context":"Entrada similar","block_context":{"text":"Entrada similar","link":""},"img":{"alt_text":"","src":"https:\/\/i0.wp.com\/libreriaguadalupe.com.ar\/libreria\/wp-content\/uploads\/2023\/03\/Nuestros-Enojos-Conflictos-Enigmaticos.jpeg?fit=343%2C500&ssl=1&resize=350%2C200","width":350,"height":200},"classes":[]},{"id":16045,"url":"https:\/\/libreriaguadalupe.com.ar\/libreria\/producto\/san-jose-custodio-de-soledades\/","url_meta":{"origin":15979,"position":3},"title":"San Jos\u00e9, Custodio De Soledades","author":"admin","date":"12\/02\/2023","format":false,"excerpt":"AUTOR: BASILE AUGUSTO ISBN: 9505008247 P\u00e1ginas: 42 Medidas: 11 x 17 cm","rel":"","context":"Entrada similar","block_context":{"text":"Entrada similar","link":""},"img":{"alt_text":"","src":"https:\/\/i0.wp.com\/libreriaguadalupe.com.ar\/libreria\/wp-content\/uploads\/2023\/02\/San-Jose-custodio-de-soledades.webp?fit=374%2C500&ssl=1&resize=350%2C200","width":350,"height":200},"classes":[]},{"id":15992,"url":"https:\/\/libreriaguadalupe.com.ar\/libreria\/producto\/libres-para-amar\/","url_meta":{"origin":15979,"position":4},"title":"Libres para amar","author":"admin","date":"12\/02\/2023","format":false,"excerpt":"Es una obra donde se trata la cuesti\u00f3n de los v\u00ednculos en la sociedad actual. AUTOR: CARLOS AVELLANEDA [ VER M\u00c1S OBRAS ] ISBN: 9870010258","rel":"","context":"Entrada similar","block_context":{"text":"Entrada similar","link":""},"img":{"alt_text":"","src":"https:\/\/i0.wp.com\/libreriaguadalupe.com.ar\/libreria\/wp-content\/uploads\/2023\/02\/Libres-para-amar.jpeg?fit=335%2C502&ssl=1&resize=350%2C200","width":350,"height":200},"classes":[]},{"id":15966,"url":"https:\/\/libreriaguadalupe.com.ar\/libreria\/producto\/te-amare-en-silencio-e-book\/","url_meta":{"origin":15979,"position":5},"title":"Te amar\u00e9 en silencio (E-BOOK)","author":"admin","date":"12\/02\/2023","format":false,"excerpt":"EDICION DIGITAL AUTOR: EDUARDO MEANA L ISBN: 9505007905","rel":"","context":"Entrada similar","block_context":{"text":"Entrada similar","link":""},"img":{"alt_text":"","src":"https:\/\/i0.wp.com\/libreriaguadalupe.com.ar\/libreria\/wp-content\/uploads\/2023\/02\/Te-amare-en-silencio-chico.jpg?fit=333%2C500&ssl=1&resize=350%2C200","width":350,"height":200},"classes":[]}],"_links":{"self":[{"href":"https:\/\/libreriaguadalupe.com.ar\/libreria\/wp-json\/wp\/v2\/product\/15979","targetHints":{"allow":["GET"]}}],"collection":[{"href":"https:\/\/libreriaguadalupe.com.ar\/libreria\/wp-json\/wp\/v2\/product"}],"about":[{"href":"https:\/\/libreriaguadalupe.com.ar\/libreria\/wp-json\/wp\/v2\/types\/product"}],"replies":[{"embeddable":true,"href":"https:\/\/libreriaguadalupe.com.ar\/libreria\/wp-json\/wp\/v2\/comments?post=15979"}],"version-history":[{"count":1,"href":"https:\/\/libreriaguadalupe.com.ar\/libreria\/wp-json\/wp\/v2\/product\/15979\/revisions"}],"predecessor-version":[{"id":15981,"href":"https:\/\/libreriaguadalupe.com.ar\/libreria\/wp-json\/wp\/v2\/product\/15979\/revisions\/15981"}],"wp:featuredmedia":[{"embeddable":true,"href":"https:\/\/libreriaguadalupe.com.ar\/libreria\/wp-json\/wp\/v2\/media\/15980"}],"wp:attachment":[{"href":"https:\/\/libreriaguadalupe.com.ar\/libreria\/wp-json\/wp\/v2\/media?parent=15979"}],"wp:term":[{"taxonomy":"product_brand","embeddable":true,"href":"https:\/\/libreriaguadalupe.com.ar\/libreria\/wp-json\/wp\/v2\/product_brand?post=15979"},{"taxonomy":"product_cat","embeddable":true,"href":"https:\/\/libreriaguadalupe.com.ar\/libreria\/wp-json\/wp\/v2\/product_cat?post=15979"},{"taxonomy":"product_tag","embeddable":true,"href":"https:\/\/libreriaguadalupe.com.ar\/libreria\/wp-json\/wp\/v2\/product_tag?post=15979"}],"curies":[{"name":"wp","href":"https:\/\/api.w.org\/{rel}","templated":true}]}}