{"id":15966,"date":"2023-02-12T12:12:26","date_gmt":"2023-02-12T15:12:26","guid":{"rendered":"https:\/\/libreriaguadalupe.com.ar\/libreria\/?post_type=product&#038;p=15966"},"modified":"2024-03-14T15:36:08","modified_gmt":"2024-03-14T18:36:08","slug":"te-amare-en-silencio-e-book","status":"publish","type":"product","link":"https:\/\/libreriaguadalupe.com.ar\/libreria\/producto\/te-amare-en-silencio-e-book\/","title":{"rendered":"Te amar\u00e9 en silencio (E-BOOK)"},"content":{"rendered":"<h2 class=\"title-book\">Te amar\u00e9 en silencio<\/h2>\n<p>Invitaci\u00f3n a este viaje:Quienes mejor te amaron, te amaron tambi\u00e9n desde el silencio. Enmarcando y nutriendo su atenci\u00f3n a tu ser. Generaban el espacio para tu libertad y su maduraci\u00f3n acerca de c\u00f3mo hacerte el bien. Y daba a luz las palabras que dan vida.Pasemos al tiempo presente. \u00bfQu\u00e9 tal si nos ayudamos a recuperar ese arte? Que es, adem\u00e1s, el arte de Dios.Y desandamos cierto olvidado camino del silencio -malentendido, desvalorizado o temido a veces como una huella perdida de soledades o carencias-, nos rebelamos a vivir aislados en el tumulto. Para resituarnos en el silencio dialogal: eco h\u00e1bitat de mismidad, de fe abismada a Dios como &#8216;T\u00fa&#8217; absoluto, de receptividad del hermano, de contemplaci\u00f3n cotidiana.En suma: tu silencio\u2026 recuperado como intimidad que es cuna de tus v\u00ednculos. Y que los sostiene alumbrando, desde ese fondo personal, gestos y palabras creativos y entra\u00f1ables.Este libro tiene su &#8216;hermano mellizo&#8217;. Que se llama \u00abEl Ecosistema del Silencio &#8211; Un viaje desde la palabrer\u00eda hacia tu interioridad fecunda\u00bb.Son parecidos, comparten ADN, se complementan; aunque cada uno tiene su n\u00facleo propio.En \u00e9ste, se acent\u00faa esa cualidad &#8216;dial\u00f3gica&#8217; que el silencio nutre y permite ante Dios y los hermanos.En el otro librito, se describe la necesidad de una decisi\u00f3n: elegir el silencio como Ecosistema que hace posible el nacer de la palabra creativa y significativa, en un contexto hist\u00f3rico que oscila entre la palabrer\u00eda abrumadora y las mudeces que matan.En ambos, entre cap\u00edtulo y cap\u00edtulo hallar\u00e1s intercaladas, poes\u00edas y letras de canciones que fui escribiendo; as\u00ed el libro nos ofrece otra perspectiva y otra respiraci\u00f3n. Mi deseo, mi desaf\u00edo y propuesta, es que &#8216;rumies&#8217;: que sientas necesidad de detenerte. Que no nos sea exigible un \u00b4leer de corrido&#8217; ni &#8216;de una vez&#8217;; as\u00ed como la comida casera y sus platos de una fiesta familiar, con intercambio de recetas y cari\u00f1o, requieren gratuidad, saboreo, conversaci\u00f3n\u2026 y no la velocidad voraz de un &#8216;fast food&#8217; masivo. Por eso, te pido que comas despacio, para que la nutrici\u00f3n sea restauradora y efectiva a largo plazo.No lo pretendo por mi calidad de escribiente, sino porque hablamos de misterios: El alma de los hombres, y el alma del mundo. Y tu alma.Y porque leer juntos este libro, es tambi\u00e9n un elegir &#8216;ser disc\u00edpulos&#8217;, disc\u00edpulos que nos sabemos necesitados de paciencia, y que muy de a poquito van asimilando, como despacito asimila la tierra la llovizna que la fertiliza.Lo s\u00f3lido tarda su tiempo. La educaci\u00f3n es una siembra. Un cambio de h\u00e1bito espiritual necesita convencerse de a poco. Este libro y su librito hermano apuntan a eso. No a atajos, ni a &#8216;tips&#8217; simplificadores de lo complejo, ni a causar un shock -que hace perder r\u00e1pido los pesos muertos, pero luego, a subirlos tambi\u00e9n r\u00e1pidamente.As\u00ed hizo el Se\u00f1or y Maestro: no un shock emotivo, sino una siembra existencial. Vengo rezando por cada lector\u2026 para que creas que la siembra y la semilla que es cada parrafito -quiz\u00e1s muy imperfectamente- vienen desde ese Otro Sembrador, que nos est\u00e1 trabajando a todos: para generar los bienes que esta tierra, esta \u00e9poca, esta humanidad que somos, hoy est\u00e1 necesitando.<\/p>\n","protected":false},"excerpt":{"rendered":"<h3>EDICION DIGITAL<\/h3>\n<p>AUTOR: EDUARDO MEANA L<\/p>\n<p>ISBN: 9505007905<\/p>\n","protected":false},"featured_media":15969,"comment_status":"open","ping_status":"closed","template":"","meta":{"jetpack_publicize_message":"","jetpack_publicize_feature_enabled":true,"jetpack_social_post_already_shared":true,"jetpack_social_options":{"image_generator_settings":{"template":"highway","default_image_id":0,"font":"","enabled":false},"version":2}},"product_brand":[],"product_cat":[122],"product_tag":[],"class_list":{"0":"post-15966","1":"product","2":"type-product","3":"status-publish","4":"has-post-thumbnail","6":"product_cat-e-book","8":"first","9":"instock","10":"downloadable","11":"virtual","12":"purchasable","13":"product-type-simple"},"yoast_head":"<!-- This site is optimized with the Yoast SEO plugin v27.4 - https:\/\/yoast.com\/product\/yoast-seo-wordpress\/ -->\n<title>Te amar\u00e9 en silencio (E-BOOK) - Editorial Guadalupe de Argentina<\/title>\n<meta name=\"robots\" content=\"index, follow, max-snippet:-1, max-image-preview:large, max-video-preview:-1\" \/>\n<link rel=\"canonical\" href=\"https:\/\/libreriaguadalupe.com.ar\/libreria\/producto\/te-amare-en-silencio-e-book\/\" \/>\n<meta property=\"og:locale\" content=\"es_ES\" \/>\n<meta property=\"og:type\" content=\"article\" \/>\n<meta property=\"og:title\" content=\"Te amar\u00e9 en silencio (E-BOOK) - Editorial Guadalupe de Argentina\" \/>\n<meta property=\"og:description\" content=\"EDICION DIGITAL AUTOR: EDUARDO MEANA L  ISBN: 9505007905\" \/>\n<meta property=\"og:url\" content=\"https:\/\/libreriaguadalupe.com.ar\/libreria\/producto\/te-amare-en-silencio-e-book\/\" \/>\n<meta property=\"og:site_name\" content=\"Editorial Guadalupe de Argentina\" \/>\n<meta property=\"article:publisher\" content=\"https:\/\/www.facebook.com\/LibreriaGuadalupeAR\/\" \/>\n<meta property=\"article:modified_time\" content=\"2024-03-14T18:36:08+00:00\" \/>\n<meta property=\"og:image\" content=\"https:\/\/libreriaguadalupe.com.ar\/libreria\/wp-content\/uploads\/2023\/02\/Te-amare-en-silencio-chico.jpg\" \/>\n\t<meta property=\"og:image:width\" content=\"333\" \/>\n\t<meta property=\"og:image:height\" content=\"500\" \/>\n\t<meta property=\"og:image:type\" content=\"image\/jpeg\" \/>\n<meta name=\"twitter:card\" content=\"summary_large_image\" \/>\n<meta name=\"twitter:label1\" content=\"Tiempo de lectura\" \/>\n\t<meta name=\"twitter:data1\" content=\"3 minutos\" \/>\n<script type=\"application\/ld+json\" class=\"yoast-schema-graph\">{\"@context\":\"https:\\\/\\\/schema.org\",\"@graph\":[{\"@type\":\"WebPage\",\"@id\":\"https:\\\/\\\/libreriaguadalupe.com.ar\\\/libreria\\\/producto\\\/te-amare-en-silencio-e-book\\\/\",\"url\":\"https:\\\/\\\/libreriaguadalupe.com.ar\\\/libreria\\\/producto\\\/te-amare-en-silencio-e-book\\\/\",\"name\":\"Te amar\u00e9 en silencio (E-BOOK) - Editorial Guadalupe de Argentina\",\"isPartOf\":{\"@id\":\"https:\\\/\\\/libreriaguadalupe.com.ar\\\/libreria\\\/#website\"},\"primaryImageOfPage\":{\"@id\":\"https:\\\/\\\/libreriaguadalupe.com.ar\\\/libreria\\\/producto\\\/te-amare-en-silencio-e-book\\\/#primaryimage\"},\"image\":{\"@id\":\"https:\\\/\\\/libreriaguadalupe.com.ar\\\/libreria\\\/producto\\\/te-amare-en-silencio-e-book\\\/#primaryimage\"},\"thumbnailUrl\":\"https:\\\/\\\/i0.wp.com\\\/libreriaguadalupe.com.ar\\\/libreria\\\/wp-content\\\/uploads\\\/2023\\\/02\\\/Te-amare-en-silencio-chico.jpg?fit=333%2C500&ssl=1\",\"datePublished\":\"2023-02-12T15:12:26+00:00\",\"dateModified\":\"2024-03-14T18:36:08+00:00\",\"breadcrumb\":{\"@id\":\"https:\\\/\\\/libreriaguadalupe.com.ar\\\/libreria\\\/producto\\\/te-amare-en-silencio-e-book\\\/#breadcrumb\"},\"inLanguage\":\"es\",\"potentialAction\":[{\"@type\":\"ReadAction\",\"target\":[\"https:\\\/\\\/libreriaguadalupe.com.ar\\\/libreria\\\/producto\\\/te-amare-en-silencio-e-book\\\/\"]}]},{\"@type\":\"ImageObject\",\"inLanguage\":\"es\",\"@id\":\"https:\\\/\\\/libreriaguadalupe.com.ar\\\/libreria\\\/producto\\\/te-amare-en-silencio-e-book\\\/#primaryimage\",\"url\":\"https:\\\/\\\/i0.wp.com\\\/libreriaguadalupe.com.ar\\\/libreria\\\/wp-content\\\/uploads\\\/2023\\\/02\\\/Te-amare-en-silencio-chico.jpg?fit=333%2C500&ssl=1\",\"contentUrl\":\"https:\\\/\\\/i0.wp.com\\\/libreriaguadalupe.com.ar\\\/libreria\\\/wp-content\\\/uploads\\\/2023\\\/02\\\/Te-amare-en-silencio-chico.jpg?fit=333%2C500&ssl=1\",\"width\":333,\"height\":500},{\"@type\":\"BreadcrumbList\",\"@id\":\"https:\\\/\\\/libreriaguadalupe.com.ar\\\/libreria\\\/producto\\\/te-amare-en-silencio-e-book\\\/#breadcrumb\",\"itemListElement\":[{\"@type\":\"ListItem\",\"position\":1,\"name\":\"Portada\",\"item\":\"https:\\\/\\\/libreriaguadalupe.com.ar\\\/libreria\\\/\"},{\"@type\":\"ListItem\",\"position\":2,\"name\":\"Tienda\",\"item\":\"https:\\\/\\\/libreriaguadalupe.com.ar\\\/libreria\\\/\"},{\"@type\":\"ListItem\",\"position\":3,\"name\":\"Te amar\u00e9 en silencio (E-BOOK)\"}]},{\"@type\":\"WebSite\",\"@id\":\"https:\\\/\\\/libreriaguadalupe.com.ar\\\/libreria\\\/#website\",\"url\":\"https:\\\/\\\/libreriaguadalupe.com.ar\\\/libreria\\\/\",\"name\":\"Editorial Guadalupe de Argentina\",\"description\":\"Congregaci\u00f3n del Verbo Divino\",\"publisher\":{\"@id\":\"https:\\\/\\\/libreriaguadalupe.com.ar\\\/libreria\\\/#organization\"},\"alternateName\":\"Librer\u00eda Guadalupe\",\"potentialAction\":[{\"@type\":\"SearchAction\",\"target\":{\"@type\":\"EntryPoint\",\"urlTemplate\":\"https:\\\/\\\/libreriaguadalupe.com.ar\\\/libreria\\\/?s={search_term_string}\"},\"query-input\":{\"@type\":\"PropertyValueSpecification\",\"valueRequired\":true,\"valueName\":\"search_term_string\"}}],\"inLanguage\":\"es\"},{\"@type\":\"Organization\",\"@id\":\"https:\\\/\\\/libreriaguadalupe.com.ar\\\/libreria\\\/#organization\",\"name\":\"Editorial Guadalupe\",\"alternateName\":\"Librer\u00eda Guadalupe\",\"url\":\"https:\\\/\\\/libreriaguadalupe.com.ar\\\/libreria\\\/\",\"logo\":{\"@type\":\"ImageObject\",\"inLanguage\":\"es\",\"@id\":\"https:\\\/\\\/libreriaguadalupe.com.ar\\\/libreria\\\/#\\\/schema\\\/logo\\\/image\\\/\",\"url\":\"https:\\\/\\\/i0.wp.com\\\/libreriaguadalupe.com.ar\\\/libreria\\\/wp-content\\\/uploads\\\/2023\\\/01\\\/cropped-logo-editorial-guadalupe.webp?fit=500%2C100&ssl=1\",\"contentUrl\":\"https:\\\/\\\/i0.wp.com\\\/libreriaguadalupe.com.ar\\\/libreria\\\/wp-content\\\/uploads\\\/2023\\\/01\\\/cropped-logo-editorial-guadalupe.webp?fit=500%2C100&ssl=1\",\"width\":500,\"height\":100,\"caption\":\"Editorial Guadalupe\"},\"image\":{\"@id\":\"https:\\\/\\\/libreriaguadalupe.com.ar\\\/libreria\\\/#\\\/schema\\\/logo\\\/image\\\/\"},\"sameAs\":[\"https:\\\/\\\/www.facebook.com\\\/LibreriaGuadalupeAR\\\/\",\"https:\\\/\\\/www.instagram.com\\\/editorialguadalupe\\\/\",\"https:\\\/\\\/guadalupeeditorial.mercadoshops.com.ar\\\/\"]}]}<\/script>\n<!-- \/ Yoast SEO plugin. -->","yoast_head_json":{"title":"Te amar\u00e9 en silencio (E-BOOK) - Editorial Guadalupe de Argentina","robots":{"index":"index","follow":"follow","max-snippet":"max-snippet:-1","max-image-preview":"max-image-preview:large","max-video-preview":"max-video-preview:-1"},"canonical":"https:\/\/libreriaguadalupe.com.ar\/libreria\/producto\/te-amare-en-silencio-e-book\/","og_locale":"es_ES","og_type":"article","og_title":"Te amar\u00e9 en silencio (E-BOOK) - Editorial Guadalupe de Argentina","og_description":"EDICION DIGITAL AUTOR: EDUARDO MEANA L  ISBN: 9505007905","og_url":"https:\/\/libreriaguadalupe.com.ar\/libreria\/producto\/te-amare-en-silencio-e-book\/","og_site_name":"Editorial Guadalupe de Argentina","article_publisher":"https:\/\/www.facebook.com\/LibreriaGuadalupeAR\/","article_modified_time":"2024-03-14T18:36:08+00:00","og_image":[{"width":333,"height":500,"url":"https:\/\/libreriaguadalupe.com.ar\/libreria\/wp-content\/uploads\/2023\/02\/Te-amare-en-silencio-chico.jpg","type":"image\/jpeg"}],"twitter_card":"summary_large_image","twitter_misc":{"Tiempo de lectura":"3 minutos"},"schema":{"@context":"https:\/\/schema.org","@graph":[{"@type":"WebPage","@id":"https:\/\/libreriaguadalupe.com.ar\/libreria\/producto\/te-amare-en-silencio-e-book\/","url":"https:\/\/libreriaguadalupe.com.ar\/libreria\/producto\/te-amare-en-silencio-e-book\/","name":"Te amar\u00e9 en silencio (E-BOOK) - Editorial Guadalupe de Argentina","isPartOf":{"@id":"https:\/\/libreriaguadalupe.com.ar\/libreria\/#website"},"primaryImageOfPage":{"@id":"https:\/\/libreriaguadalupe.com.ar\/libreria\/producto\/te-amare-en-silencio-e-book\/#primaryimage"},"image":{"@id":"https:\/\/libreriaguadalupe.com.ar\/libreria\/producto\/te-amare-en-silencio-e-book\/#primaryimage"},"thumbnailUrl":"https:\/\/i0.wp.com\/libreriaguadalupe.com.ar\/libreria\/wp-content\/uploads\/2023\/02\/Te-amare-en-silencio-chico.jpg?fit=333%2C500&ssl=1","datePublished":"2023-02-12T15:12:26+00:00","dateModified":"2024-03-14T18:36:08+00:00","breadcrumb":{"@id":"https:\/\/libreriaguadalupe.com.ar\/libreria\/producto\/te-amare-en-silencio-e-book\/#breadcrumb"},"inLanguage":"es","potentialAction":[{"@type":"ReadAction","target":["https:\/\/libreriaguadalupe.com.ar\/libreria\/producto\/te-amare-en-silencio-e-book\/"]}]},{"@type":"ImageObject","inLanguage":"es","@id":"https:\/\/libreriaguadalupe.com.ar\/libreria\/producto\/te-amare-en-silencio-e-book\/#primaryimage","url":"https:\/\/i0.wp.com\/libreriaguadalupe.com.ar\/libreria\/wp-content\/uploads\/2023\/02\/Te-amare-en-silencio-chico.jpg?fit=333%2C500&ssl=1","contentUrl":"https:\/\/i0.wp.com\/libreriaguadalupe.com.ar\/libreria\/wp-content\/uploads\/2023\/02\/Te-amare-en-silencio-chico.jpg?fit=333%2C500&ssl=1","width":333,"height":500},{"@type":"BreadcrumbList","@id":"https:\/\/libreriaguadalupe.com.ar\/libreria\/producto\/te-amare-en-silencio-e-book\/#breadcrumb","itemListElement":[{"@type":"ListItem","position":1,"name":"Portada","item":"https:\/\/libreriaguadalupe.com.ar\/libreria\/"},{"@type":"ListItem","position":2,"name":"Tienda","item":"https:\/\/libreriaguadalupe.com.ar\/libreria\/"},{"@type":"ListItem","position":3,"name":"Te amar\u00e9 en silencio (E-BOOK)"}]},{"@type":"WebSite","@id":"https:\/\/libreriaguadalupe.com.ar\/libreria\/#website","url":"https:\/\/libreriaguadalupe.com.ar\/libreria\/","name":"Editorial Guadalupe de Argentina","description":"Congregaci\u00f3n del Verbo Divino","publisher":{"@id":"https:\/\/libreriaguadalupe.com.ar\/libreria\/#organization"},"alternateName":"Librer\u00eda Guadalupe","potentialAction":[{"@type":"SearchAction","target":{"@type":"EntryPoint","urlTemplate":"https:\/\/libreriaguadalupe.com.ar\/libreria\/?s={search_term_string}"},"query-input":{"@type":"PropertyValueSpecification","valueRequired":true,"valueName":"search_term_string"}}],"inLanguage":"es"},{"@type":"Organization","@id":"https:\/\/libreriaguadalupe.com.ar\/libreria\/#organization","name":"Editorial Guadalupe","alternateName":"Librer\u00eda Guadalupe","url":"https:\/\/libreriaguadalupe.com.ar\/libreria\/","logo":{"@type":"ImageObject","inLanguage":"es","@id":"https:\/\/libreriaguadalupe.com.ar\/libreria\/#\/schema\/logo\/image\/","url":"https:\/\/i0.wp.com\/libreriaguadalupe.com.ar\/libreria\/wp-content\/uploads\/2023\/01\/cropped-logo-editorial-guadalupe.webp?fit=500%2C100&ssl=1","contentUrl":"https:\/\/i0.wp.com\/libreriaguadalupe.com.ar\/libreria\/wp-content\/uploads\/2023\/01\/cropped-logo-editorial-guadalupe.webp?fit=500%2C100&ssl=1","width":500,"height":100,"caption":"Editorial Guadalupe"},"image":{"@id":"https:\/\/libreriaguadalupe.com.ar\/libreria\/#\/schema\/logo\/image\/"},"sameAs":["https:\/\/www.facebook.com\/LibreriaGuadalupeAR\/","https:\/\/www.instagram.com\/editorialguadalupe\/","https:\/\/guadalupeeditorial.mercadoshops.com.ar\/"]}]}},"jetpack_publicize_connections":[],"jetpack_sharing_enabled":true,"jetpack-related-posts":[{"id":15971,"url":"https:\/\/libreriaguadalupe.com.ar\/libreria\/producto\/te-amare-en-silencio\/","url_meta":{"origin":15966,"position":0},"title":"Te amar\u00e9 en silencio","author":"admin","date":"12\/02\/2023","format":false,"excerpt":"AUTOR: EDUARDO MEANA L ISBN: 9505008476","rel":"","context":"Entrada similar","block_context":{"text":"Entrada similar","link":""},"img":{"alt_text":"","src":"https:\/\/i0.wp.com\/libreriaguadalupe.com.ar\/libreria\/wp-content\/uploads\/2023\/02\/Te-amare-en-silencio-chico.jpg?fit=333%2C500&ssl=1&resize=350%2C200","width":350,"height":200},"classes":[]},{"id":16089,"url":"https:\/\/libreriaguadalupe.com.ar\/libreria\/producto\/el-ecosistema-del-silencio-fertil\/","url_meta":{"origin":15966,"position":1},"title":"El ecosistema del silencio f\u00e9rtil","author":"admin","date":"12\/02\/2023","format":false,"excerpt":"Viaje desde la palabra hacia tu interioridad fecunda AUTOR: EDUARDO MEANA LAPORTE ISBN: 9505008469","rel":"","context":"Entrada similar","block_context":{"text":"Entrada similar","link":""},"img":{"alt_text":"","src":"https:\/\/i0.wp.com\/libreriaguadalupe.com.ar\/libreria\/wp-content\/uploads\/2023\/02\/El-ecosistema-del-silencio-fertil.jpg?fit=800%2C800&ssl=1&resize=350%2C200","width":350,"height":200,"srcset":"https:\/\/i0.wp.com\/libreriaguadalupe.com.ar\/libreria\/wp-content\/uploads\/2023\/02\/El-ecosistema-del-silencio-fertil.jpg?fit=800%2C800&ssl=1&resize=350%2C200 1x, https:\/\/i0.wp.com\/libreriaguadalupe.com.ar\/libreria\/wp-content\/uploads\/2023\/02\/El-ecosistema-del-silencio-fertil.jpg?fit=800%2C800&ssl=1&resize=525%2C300 1.5x, https:\/\/i0.wp.com\/libreriaguadalupe.com.ar\/libreria\/wp-content\/uploads\/2023\/02\/El-ecosistema-del-silencio-fertil.jpg?fit=800%2C800&ssl=1&resize=700%2C400 2x"},"classes":[]},{"id":17680,"url":"https:\/\/libreriaguadalupe.com.ar\/libreria\/producto\/escuela-de-silencio\/","url_meta":{"origin":15966,"position":2},"title":"Escuela de Silencio","author":"admin","date":"23\/11\/2023","format":false,"excerpt":"Aprendiendo a silenciar nuestra mente, para que nuestra vida sea m\u00e1s plena y m\u00e1s fecunda Autor: IRENE ROSA KLEIN [ VER M\u00c1S OBRAS ] ISBN: 978-950-500-910-7 Dimensiones: 16 x 23 cm P\u00e1ginas: 216","rel":"","context":"Entrada similar","block_context":{"text":"Entrada similar","link":""},"img":{"alt_text":"","src":"https:\/\/i0.wp.com\/libreriaguadalupe.com.ar\/libreria\/wp-content\/uploads\/2023\/11\/Escuela-de-silencio.png?fit=470%2C682&ssl=1&resize=350%2C200","width":350,"height":200},"classes":[]},{"id":12816,"url":"https:\/\/libreriaguadalupe.com.ar\/libreria\/producto\/la-palabra-que-nace-del-silencio\/","url_meta":{"origin":15966,"position":3},"title":"La palabra que nace del silencio","author":"admin","date":"18\/01\/2023","format":false,"excerpt":"AUTOR: Isingrini, Virginia ISBN 8481696059","rel":"","context":"Entrada similar","block_context":{"text":"Entrada similar","link":""},"img":{"alt_text":"","src":"","width":0,"height":0},"classes":[]},{"id":15816,"url":"https:\/\/libreriaguadalupe.com.ar\/libreria\/producto\/violencia-sexismo-silencio\/","url_meta":{"origin":15966,"position":4},"title":"Violencia, sexismo, silencio","author":"admin","date":"11\/02\/2023","format":false,"excerpt":"In-conclusiones en el libro de los Jueces Autor: Mercedes Navarro Puerto ISBN: 8499456232 Dimensiones: 16 x 24 cm P\u00e1ginas: 192","rel":"","context":"Entrada similar","block_context":{"text":"Entrada similar","link":""},"img":{"alt_text":"","src":"https:\/\/i0.wp.com\/libreriaguadalupe.com.ar\/libreria\/wp-content\/uploads\/2023\/02\/Violencia-sexismo-silencio.jpg?fit=380%2C586&ssl=1&resize=350%2C200","width":350,"height":200},"classes":[]},{"id":18020,"url":"https:\/\/libreriaguadalupe.com.ar\/libreria\/producto\/silencio-lo-esencial-de-la-mente\/","url_meta":{"origin":15966,"position":5},"title":"Silencio, lo esencial de la mente","author":"admin","date":"08\/05\/2024","format":false,"excerpt":"Autor: RYSZARD KLEIN ISBN: 978-950-500-923-7 Dimensiones: 15,5 x 22,5 cm P\u00e1ginas: 326","rel":"","context":"Entrada similar","block_context":{"text":"Entrada similar","link":""},"img":{"alt_text":"","src":"https:\/\/i0.wp.com\/libreriaguadalupe.com.ar\/libreria\/wp-content\/uploads\/2024\/05\/NOVEDAD-TIENDA-MAYO-1.jpg?fit=470%2C470&ssl=1&resize=350%2C200","width":350,"height":200},"classes":[]}],"_links":{"self":[{"href":"https:\/\/libreriaguadalupe.com.ar\/libreria\/wp-json\/wp\/v2\/product\/15966","targetHints":{"allow":["GET"]}}],"collection":[{"href":"https:\/\/libreriaguadalupe.com.ar\/libreria\/wp-json\/wp\/v2\/product"}],"about":[{"href":"https:\/\/libreriaguadalupe.com.ar\/libreria\/wp-json\/wp\/v2\/types\/product"}],"replies":[{"embeddable":true,"href":"https:\/\/libreriaguadalupe.com.ar\/libreria\/wp-json\/wp\/v2\/comments?post=15966"}],"version-history":[{"count":1,"href":"https:\/\/libreriaguadalupe.com.ar\/libreria\/wp-json\/wp\/v2\/product\/15966\/revisions"}],"predecessor-version":[{"id":15970,"href":"https:\/\/libreriaguadalupe.com.ar\/libreria\/wp-json\/wp\/v2\/product\/15966\/revisions\/15970"}],"wp:featuredmedia":[{"embeddable":true,"href":"https:\/\/libreriaguadalupe.com.ar\/libreria\/wp-json\/wp\/v2\/media\/15969"}],"wp:attachment":[{"href":"https:\/\/libreriaguadalupe.com.ar\/libreria\/wp-json\/wp\/v2\/media?parent=15966"}],"wp:term":[{"taxonomy":"product_brand","embeddable":true,"href":"https:\/\/libreriaguadalupe.com.ar\/libreria\/wp-json\/wp\/v2\/product_brand?post=15966"},{"taxonomy":"product_cat","embeddable":true,"href":"https:\/\/libreriaguadalupe.com.ar\/libreria\/wp-json\/wp\/v2\/product_cat?post=15966"},{"taxonomy":"product_tag","embeddable":true,"href":"https:\/\/libreriaguadalupe.com.ar\/libreria\/wp-json\/wp\/v2\/product_tag?post=15966"}],"curies":[{"name":"wp","href":"https:\/\/api.w.org\/{rel}","templated":true}]}}