{"id":15953,"date":"2023-02-12T11:46:41","date_gmt":"2023-02-12T14:46:41","guid":{"rendered":"https:\/\/libreriaguadalupe.com.ar\/libreria\/?post_type=product&#038;p=15953"},"modified":"2025-02-26T15:26:02","modified_gmt":"2025-02-26T18:26:02","slug":"si-curas-la-herida-de-tu-hermano","status":"publish","type":"product","link":"https:\/\/libreriaguadalupe.com.ar\/libreria\/producto\/si-curas-la-herida-de-tu-hermano\/","title":{"rendered":"Si curas la herida de tu hermano"},"content":{"rendered":"<h1 id=\"title\" class=\"a-spacing-none a-text-normal\"><span id=\"productTitle\" class=\"a-size-extra-large\">Si curas la herida de tu hermano<\/span><\/h1>\n<h1 id=\"title\" class=\"a-spacing-none a-text-normal\"><span id=\"productTitle\" class=\"a-size-extra-large\">La mutua ayuda en duelo<\/span><\/h1>\n<p>Estimado lector, en este libro encontrar\u00e1 once relatos testimoniales de personas que transitaron el duelo por muerte de seres queridos y que son coordinadores del Grupo de Mutua Ayuda \u00abResurrecci\u00f3n\u00bb de la Pastoral del Duelo, donde se acompa\u00f1a a los dolientes por un tiempo prolongado, con una visi\u00f3n personalista, en un ambiente de comunidad y considerando las seis dimensiones b\u00e1sicas de la persona: corporal, emocional, mental, social, val\u00f3rica y espiritual.<\/p>\n","protected":false},"excerpt":{"rendered":"<h1 id=\"title\" class=\"a-spacing-none a-text-normal\"><span id=\"productTitle\" class=\"a-size-extra-large\">La mutua ayuda en duelo<\/span><\/h1>\n<p>AUTOR: BAUTISTA MATEO<br \/>\n<a href=\"https:\/\/libreriaguadalupe.com.ar\/libreria\/?s=Bautista+Mateo&amp;post_type=product\"><strong><span style=\"color: #ffcc00\">[ VER M\u00c1S OBRAS ]<\/span><\/strong><\/a><\/p>\n<p>ISBN: 9505008308<\/p>\n","protected":false},"featured_media":15954,"comment_status":"open","ping_status":"closed","template":"","meta":{"jetpack_publicize_message":"","jetpack_publicize_feature_enabled":true,"jetpack_social_post_already_shared":true,"jetpack_social_options":{"image_generator_settings":{"template":"highway","default_image_id":0,"font":"","enabled":false},"version":2}},"product_brand":[],"product_cat":[73,88,121,150],"product_tag":[127],"class_list":{"0":"post-15953","1":"product","2":"type-product","3":"status-publish","4":"has-post-thumbnail","6":"product_cat-catequesis-y-educacion-en-la-fe","7":"product_cat-espiritualidad-cultura-social","8":"product_cat-guadalupe","9":"product_cat--especial--","10":"product_tag-editorial-guadalupe-de-argentina","12":"first","13":"instock","14":"shipping-taxable","15":"purchasable","16":"product-type-simple"},"yoast_head":"<!-- This site is optimized with the Yoast SEO plugin v27.4 - https:\/\/yoast.com\/product\/yoast-seo-wordpress\/ -->\n<title>Si curas la herida de tu hermano - Editorial Guadalupe de Argentina<\/title>\n<meta name=\"description\" content=\"En este libro encontrar\u00e1 once relatos testimoniales de personas que transitaron el duelo por muerte de seres queridos y que son coordinadores del Grupo\" \/>\n<meta name=\"robots\" content=\"index, follow, max-snippet:-1, max-image-preview:large, max-video-preview:-1\" \/>\n<link rel=\"canonical\" href=\"https:\/\/libreriaguadalupe.com.ar\/libreria\/producto\/si-curas-la-herida-de-tu-hermano\/\" \/>\n<meta property=\"og:locale\" content=\"es_ES\" \/>\n<meta property=\"og:type\" content=\"article\" \/>\n<meta property=\"og:title\" content=\"Si curas la herida de tu hermano - Editorial Guadalupe de Argentina\" \/>\n<meta property=\"og:description\" content=\"En este libro encontrar\u00e1 once relatos testimoniales de personas que transitaron el duelo por muerte de seres queridos y que son coordinadores del Grupo\" \/>\n<meta property=\"og:url\" content=\"https:\/\/libreriaguadalupe.com.ar\/libreria\/producto\/si-curas-la-herida-de-tu-hermano\/\" \/>\n<meta property=\"og:site_name\" content=\"Editorial Guadalupe de Argentina\" \/>\n<meta property=\"article:publisher\" content=\"https:\/\/www.facebook.com\/LibreriaGuadalupeAR\/\" \/>\n<meta property=\"article:modified_time\" content=\"2025-02-26T18:26:02+00:00\" \/>\n<meta property=\"og:image\" content=\"https:\/\/libreriaguadalupe.com.ar\/libreria\/wp-content\/uploads\/2023\/02\/Si-curas-la-herida-de-tu-hermano.jpg\" \/>\n\t<meta property=\"og:image:width\" content=\"375\" \/>\n\t<meta property=\"og:image:height\" content=\"500\" \/>\n\t<meta property=\"og:image:type\" content=\"image\/jpeg\" \/>\n<meta name=\"twitter:card\" content=\"summary_large_image\" \/>\n<meta name=\"twitter:label1\" content=\"Tiempo de lectura\" \/>\n\t<meta name=\"twitter:data1\" content=\"1 minuto\" \/>\n<script type=\"application\/ld+json\" class=\"yoast-schema-graph\">{\"@context\":\"https:\\\/\\\/schema.org\",\"@graph\":[{\"@type\":\"WebPage\",\"@id\":\"https:\\\/\\\/libreriaguadalupe.com.ar\\\/libreria\\\/producto\\\/si-curas-la-herida-de-tu-hermano\\\/\",\"url\":\"https:\\\/\\\/libreriaguadalupe.com.ar\\\/libreria\\\/producto\\\/si-curas-la-herida-de-tu-hermano\\\/\",\"name\":\"Si curas la herida de tu hermano - Editorial Guadalupe de Argentina\",\"isPartOf\":{\"@id\":\"https:\\\/\\\/libreriaguadalupe.com.ar\\\/libreria\\\/#website\"},\"primaryImageOfPage\":{\"@id\":\"https:\\\/\\\/libreriaguadalupe.com.ar\\\/libreria\\\/producto\\\/si-curas-la-herida-de-tu-hermano\\\/#primaryimage\"},\"image\":{\"@id\":\"https:\\\/\\\/libreriaguadalupe.com.ar\\\/libreria\\\/producto\\\/si-curas-la-herida-de-tu-hermano\\\/#primaryimage\"},\"thumbnailUrl\":\"https:\\\/\\\/i0.wp.com\\\/libreriaguadalupe.com.ar\\\/libreria\\\/wp-content\\\/uploads\\\/2023\\\/02\\\/Si-curas-la-herida-de-tu-hermano.jpg?fit=375%2C500&ssl=1\",\"datePublished\":\"2023-02-12T14:46:41+00:00\",\"dateModified\":\"2025-02-26T18:26:02+00:00\",\"description\":\"En este libro encontrar\u00e1 once relatos testimoniales de personas que transitaron el duelo por muerte de seres queridos y que son coordinadores del Grupo\",\"breadcrumb\":{\"@id\":\"https:\\\/\\\/libreriaguadalupe.com.ar\\\/libreria\\\/producto\\\/si-curas-la-herida-de-tu-hermano\\\/#breadcrumb\"},\"inLanguage\":\"es\",\"potentialAction\":[{\"@type\":\"ReadAction\",\"target\":[\"https:\\\/\\\/libreriaguadalupe.com.ar\\\/libreria\\\/producto\\\/si-curas-la-herida-de-tu-hermano\\\/\"]}]},{\"@type\":\"ImageObject\",\"inLanguage\":\"es\",\"@id\":\"https:\\\/\\\/libreriaguadalupe.com.ar\\\/libreria\\\/producto\\\/si-curas-la-herida-de-tu-hermano\\\/#primaryimage\",\"url\":\"https:\\\/\\\/i0.wp.com\\\/libreriaguadalupe.com.ar\\\/libreria\\\/wp-content\\\/uploads\\\/2023\\\/02\\\/Si-curas-la-herida-de-tu-hermano.jpg?fit=375%2C500&ssl=1\",\"contentUrl\":\"https:\\\/\\\/i0.wp.com\\\/libreriaguadalupe.com.ar\\\/libreria\\\/wp-content\\\/uploads\\\/2023\\\/02\\\/Si-curas-la-herida-de-tu-hermano.jpg?fit=375%2C500&ssl=1\",\"width\":375,\"height\":500,\"caption\":\"Si curas la herida de tu hermano\"},{\"@type\":\"BreadcrumbList\",\"@id\":\"https:\\\/\\\/libreriaguadalupe.com.ar\\\/libreria\\\/producto\\\/si-curas-la-herida-de-tu-hermano\\\/#breadcrumb\",\"itemListElement\":[{\"@type\":\"ListItem\",\"position\":1,\"name\":\"Portada\",\"item\":\"https:\\\/\\\/libreriaguadalupe.com.ar\\\/libreria\\\/\"},{\"@type\":\"ListItem\",\"position\":2,\"name\":\"Tienda\",\"item\":\"https:\\\/\\\/libreriaguadalupe.com.ar\\\/libreria\\\/\"},{\"@type\":\"ListItem\",\"position\":3,\"name\":\"Si curas la herida de tu hermano\"}]},{\"@type\":\"WebSite\",\"@id\":\"https:\\\/\\\/libreriaguadalupe.com.ar\\\/libreria\\\/#website\",\"url\":\"https:\\\/\\\/libreriaguadalupe.com.ar\\\/libreria\\\/\",\"name\":\"Editorial Guadalupe de Argentina\",\"description\":\"Congregaci\u00f3n del Verbo Divino\",\"publisher\":{\"@id\":\"https:\\\/\\\/libreriaguadalupe.com.ar\\\/libreria\\\/#organization\"},\"alternateName\":\"Librer\u00eda Guadalupe\",\"potentialAction\":[{\"@type\":\"SearchAction\",\"target\":{\"@type\":\"EntryPoint\",\"urlTemplate\":\"https:\\\/\\\/libreriaguadalupe.com.ar\\\/libreria\\\/?s={search_term_string}\"},\"query-input\":{\"@type\":\"PropertyValueSpecification\",\"valueRequired\":true,\"valueName\":\"search_term_string\"}}],\"inLanguage\":\"es\"},{\"@type\":\"Organization\",\"@id\":\"https:\\\/\\\/libreriaguadalupe.com.ar\\\/libreria\\\/#organization\",\"name\":\"Editorial Guadalupe\",\"alternateName\":\"Librer\u00eda Guadalupe\",\"url\":\"https:\\\/\\\/libreriaguadalupe.com.ar\\\/libreria\\\/\",\"logo\":{\"@type\":\"ImageObject\",\"inLanguage\":\"es\",\"@id\":\"https:\\\/\\\/libreriaguadalupe.com.ar\\\/libreria\\\/#\\\/schema\\\/logo\\\/image\\\/\",\"url\":\"https:\\\/\\\/i0.wp.com\\\/libreriaguadalupe.com.ar\\\/libreria\\\/wp-content\\\/uploads\\\/2023\\\/01\\\/cropped-logo-editorial-guadalupe.webp?fit=500%2C100&ssl=1\",\"contentUrl\":\"https:\\\/\\\/i0.wp.com\\\/libreriaguadalupe.com.ar\\\/libreria\\\/wp-content\\\/uploads\\\/2023\\\/01\\\/cropped-logo-editorial-guadalupe.webp?fit=500%2C100&ssl=1\",\"width\":500,\"height\":100,\"caption\":\"Editorial Guadalupe\"},\"image\":{\"@id\":\"https:\\\/\\\/libreriaguadalupe.com.ar\\\/libreria\\\/#\\\/schema\\\/logo\\\/image\\\/\"},\"sameAs\":[\"https:\\\/\\\/www.facebook.com\\\/LibreriaGuadalupeAR\\\/\",\"https:\\\/\\\/www.instagram.com\\\/editorialguadalupe\\\/\",\"https:\\\/\\\/guadalupeeditorial.mercadoshops.com.ar\\\/\"]}]}<\/script>\n<!-- \/ Yoast SEO plugin. -->","yoast_head_json":{"title":"Si curas la herida de tu hermano - Editorial Guadalupe de Argentina","description":"En este libro encontrar\u00e1 once relatos testimoniales de personas que transitaron el duelo por muerte de seres queridos y que son coordinadores del Grupo","robots":{"index":"index","follow":"follow","max-snippet":"max-snippet:-1","max-image-preview":"max-image-preview:large","max-video-preview":"max-video-preview:-1"},"canonical":"https:\/\/libreriaguadalupe.com.ar\/libreria\/producto\/si-curas-la-herida-de-tu-hermano\/","og_locale":"es_ES","og_type":"article","og_title":"Si curas la herida de tu hermano - Editorial Guadalupe de Argentina","og_description":"En este libro encontrar\u00e1 once relatos testimoniales de personas que transitaron el duelo por muerte de seres queridos y que son coordinadores del Grupo","og_url":"https:\/\/libreriaguadalupe.com.ar\/libreria\/producto\/si-curas-la-herida-de-tu-hermano\/","og_site_name":"Editorial Guadalupe de Argentina","article_publisher":"https:\/\/www.facebook.com\/LibreriaGuadalupeAR\/","article_modified_time":"2025-02-26T18:26:02+00:00","og_image":[{"width":375,"height":500,"url":"https:\/\/libreriaguadalupe.com.ar\/libreria\/wp-content\/uploads\/2023\/02\/Si-curas-la-herida-de-tu-hermano.jpg","type":"image\/jpeg"}],"twitter_card":"summary_large_image","twitter_misc":{"Tiempo de lectura":"1 minuto"},"schema":{"@context":"https:\/\/schema.org","@graph":[{"@type":"WebPage","@id":"https:\/\/libreriaguadalupe.com.ar\/libreria\/producto\/si-curas-la-herida-de-tu-hermano\/","url":"https:\/\/libreriaguadalupe.com.ar\/libreria\/producto\/si-curas-la-herida-de-tu-hermano\/","name":"Si curas la herida de tu hermano - Editorial Guadalupe de Argentina","isPartOf":{"@id":"https:\/\/libreriaguadalupe.com.ar\/libreria\/#website"},"primaryImageOfPage":{"@id":"https:\/\/libreriaguadalupe.com.ar\/libreria\/producto\/si-curas-la-herida-de-tu-hermano\/#primaryimage"},"image":{"@id":"https:\/\/libreriaguadalupe.com.ar\/libreria\/producto\/si-curas-la-herida-de-tu-hermano\/#primaryimage"},"thumbnailUrl":"https:\/\/i0.wp.com\/libreriaguadalupe.com.ar\/libreria\/wp-content\/uploads\/2023\/02\/Si-curas-la-herida-de-tu-hermano.jpg?fit=375%2C500&ssl=1","datePublished":"2023-02-12T14:46:41+00:00","dateModified":"2025-02-26T18:26:02+00:00","description":"En este libro encontrar\u00e1 once relatos testimoniales de personas que transitaron el duelo por muerte de seres queridos y que son coordinadores del Grupo","breadcrumb":{"@id":"https:\/\/libreriaguadalupe.com.ar\/libreria\/producto\/si-curas-la-herida-de-tu-hermano\/#breadcrumb"},"inLanguage":"es","potentialAction":[{"@type":"ReadAction","target":["https:\/\/libreriaguadalupe.com.ar\/libreria\/producto\/si-curas-la-herida-de-tu-hermano\/"]}]},{"@type":"ImageObject","inLanguage":"es","@id":"https:\/\/libreriaguadalupe.com.ar\/libreria\/producto\/si-curas-la-herida-de-tu-hermano\/#primaryimage","url":"https:\/\/i0.wp.com\/libreriaguadalupe.com.ar\/libreria\/wp-content\/uploads\/2023\/02\/Si-curas-la-herida-de-tu-hermano.jpg?fit=375%2C500&ssl=1","contentUrl":"https:\/\/i0.wp.com\/libreriaguadalupe.com.ar\/libreria\/wp-content\/uploads\/2023\/02\/Si-curas-la-herida-de-tu-hermano.jpg?fit=375%2C500&ssl=1","width":375,"height":500,"caption":"Si curas la herida de tu hermano"},{"@type":"BreadcrumbList","@id":"https:\/\/libreriaguadalupe.com.ar\/libreria\/producto\/si-curas-la-herida-de-tu-hermano\/#breadcrumb","itemListElement":[{"@type":"ListItem","position":1,"name":"Portada","item":"https:\/\/libreriaguadalupe.com.ar\/libreria\/"},{"@type":"ListItem","position":2,"name":"Tienda","item":"https:\/\/libreriaguadalupe.com.ar\/libreria\/"},{"@type":"ListItem","position":3,"name":"Si curas la herida de tu hermano"}]},{"@type":"WebSite","@id":"https:\/\/libreriaguadalupe.com.ar\/libreria\/#website","url":"https:\/\/libreriaguadalupe.com.ar\/libreria\/","name":"Editorial Guadalupe de Argentina","description":"Congregaci\u00f3n del Verbo Divino","publisher":{"@id":"https:\/\/libreriaguadalupe.com.ar\/libreria\/#organization"},"alternateName":"Librer\u00eda Guadalupe","potentialAction":[{"@type":"SearchAction","target":{"@type":"EntryPoint","urlTemplate":"https:\/\/libreriaguadalupe.com.ar\/libreria\/?s={search_term_string}"},"query-input":{"@type":"PropertyValueSpecification","valueRequired":true,"valueName":"search_term_string"}}],"inLanguage":"es"},{"@type":"Organization","@id":"https:\/\/libreriaguadalupe.com.ar\/libreria\/#organization","name":"Editorial Guadalupe","alternateName":"Librer\u00eda Guadalupe","url":"https:\/\/libreriaguadalupe.com.ar\/libreria\/","logo":{"@type":"ImageObject","inLanguage":"es","@id":"https:\/\/libreriaguadalupe.com.ar\/libreria\/#\/schema\/logo\/image\/","url":"https:\/\/i0.wp.com\/libreriaguadalupe.com.ar\/libreria\/wp-content\/uploads\/2023\/01\/cropped-logo-editorial-guadalupe.webp?fit=500%2C100&ssl=1","contentUrl":"https:\/\/i0.wp.com\/libreriaguadalupe.com.ar\/libreria\/wp-content\/uploads\/2023\/01\/cropped-logo-editorial-guadalupe.webp?fit=500%2C100&ssl=1","width":500,"height":100,"caption":"Editorial Guadalupe"},"image":{"@id":"https:\/\/libreriaguadalupe.com.ar\/libreria\/#\/schema\/logo\/image\/"},"sameAs":["https:\/\/www.facebook.com\/LibreriaGuadalupeAR\/","https:\/\/www.instagram.com\/editorialguadalupe\/","https:\/\/guadalupeeditorial.mercadoshops.com.ar\/"]}]}},"jetpack_publicize_connections":[],"jetpack_sharing_enabled":true,"jetpack-related-posts":[{"id":15956,"url":"https:\/\/libreriaguadalupe.com.ar\/libreria\/producto\/si-curas-la-herida-de-tu-hermano-e-book\/","url_meta":{"origin":15953,"position":0},"title":"Si curas la herida de tu hermano (E-BOOK)","author":"admin","date":"12\/02\/2023","format":false,"excerpt":"EDICION DIGITAL AUTOR: BAUTISTA MATEO [ VER M\u00c1S OBRAS ] ISBN: 9505007950","rel":"","context":"Entrada similar","block_context":{"text":"Entrada similar","link":""},"img":{"alt_text":"Si curas la herida de tu hermano","src":"https:\/\/i0.wp.com\/libreriaguadalupe.com.ar\/libreria\/wp-content\/uploads\/2023\/02\/Si-curas-la-herida-de-tu-hermano.jpg?fit=375%2C500&ssl=1&resize=350%2C200","width":350,"height":200},"classes":[]},{"id":16004,"url":"https:\/\/libreriaguadalupe.com.ar\/libreria\/producto\/los-duelos-de-jesus-y-de-maria\/","url_meta":{"origin":15953,"position":1},"title":"Los duelos de Jes\u00fas y de Mar\u00eda","author":"admin","date":"12\/02\/2023","format":false,"excerpt":"AUTOR: BAUTISTA MATEO [ VER M\u00c1S OBRAS ] ISBN: 9505007769","rel":"","context":"Entrada similar","block_context":{"text":"Entrada similar","link":""},"img":{"alt_text":"Los duelos de Jes\u00fas y de Mar\u00eda","src":"https:\/\/i0.wp.com\/libreriaguadalupe.com.ar\/libreria\/wp-content\/uploads\/2023\/02\/losduelosdejesusmaria_190919.jpg?fit=630%2C800&ssl=1&resize=350%2C200","width":350,"height":200,"srcset":"https:\/\/i0.wp.com\/libreriaguadalupe.com.ar\/libreria\/wp-content\/uploads\/2023\/02\/losduelosdejesusmaria_190919.jpg?fit=630%2C800&ssl=1&resize=350%2C200 1x, https:\/\/i0.wp.com\/libreriaguadalupe.com.ar\/libreria\/wp-content\/uploads\/2023\/02\/losduelosdejesusmaria_190919.jpg?fit=630%2C800&ssl=1&resize=525%2C300 1.5x"},"classes":[]},{"id":18941,"url":"https:\/\/libreriaguadalupe.com.ar\/libreria\/producto\/duelo-por-la-muerte-propia\/","url_meta":{"origin":15953,"position":2},"title":"Duelo por la propia muerte","author":"Mariano Zuqui","date":"12\/06\/2025","format":false,"excerpt":"Autor: Mateo Bautista - Ximena L\u00f3pez T\u00edtulo: \"Duelo por la propia muerte\" ISBN:978-950-500-957-2 Formato:14.5 x 22 cms. Interior: 1\/1 color Papel: Bookcel 80 grs. N\u00ba de P\u00e1ginas: 200. Tapa:4 Colores - Cartulina 300 grs -laminado mate Encuadernaci\u00f3n: Binder \u00a0 \u00a0","rel":"","context":"Entrada similar","block_context":{"text":"Entrada similar","link":""},"img":{"alt_text":"","src":"https:\/\/i0.wp.com\/libreriaguadalupe.com.ar\/libreria\/wp-content\/uploads\/2025\/06\/1-1.png?fit=960%2C1200&ssl=1&resize=350%2C200","width":350,"height":200,"srcset":"https:\/\/i0.wp.com\/libreriaguadalupe.com.ar\/libreria\/wp-content\/uploads\/2025\/06\/1-1.png?fit=960%2C1200&ssl=1&resize=350%2C200 1x, https:\/\/i0.wp.com\/libreriaguadalupe.com.ar\/libreria\/wp-content\/uploads\/2025\/06\/1-1.png?fit=960%2C1200&ssl=1&resize=525%2C300 1.5x, https:\/\/i0.wp.com\/libreriaguadalupe.com.ar\/libreria\/wp-content\/uploads\/2025\/06\/1-1.png?fit=960%2C1200&ssl=1&resize=700%2C400 2x"},"classes":[]},{"id":17136,"url":"https:\/\/libreriaguadalupe.com.ar\/libreria\/producto\/estoy-a-tu-lado\/","url_meta":{"origin":15953,"position":3},"title":"Estoy A Tu Lado","author":"admin","date":"28\/03\/2023","format":false,"excerpt":"Acompa\u00f1ar la muerte. Transitar el duelo. Vivir mas intensamente.\u00a0 Autor: Anselm Grun ISBN: 9789505006465 Dimensiones: 14 x 19 cm P\u00e1ginas: 192","rel":"","context":"Entrada similar","block_context":{"text":"Entrada similar","link":""},"img":{"alt_text":"","src":"https:\/\/i0.wp.com\/libreriaguadalupe.com.ar\/libreria\/wp-content\/uploads\/2023\/03\/Estoy-A-Tu-Lado.jpeg?fit=341%2C500&ssl=1&resize=350%2C200","width":350,"height":200},"classes":[]},{"id":15896,"url":"https:\/\/libreriaguadalupe.com.ar\/libreria\/producto\/duelo-por-la-muerte-del-amigo-y-la-amistad\/","url_meta":{"origin":15953,"position":4},"title":"Duelo por la muerte del amigo y la amistad","author":"admin","date":"12\/02\/2023","format":false,"excerpt":"Es una obra muy personal, pero muy comunitaria, donde nunca hay que aislarse, ni desvincularse. AUTOR: Mateo Bautista [ VER M\u00c1S OBRAS ] ISBN:","rel":"","context":"Entrada similar","block_context":{"text":"Entrada similar","link":""},"img":{"alt_text":"Duelo por la muerte del amigo y la amistad","src":"https:\/\/i0.wp.com\/libreriaguadalupe.com.ar\/libreria\/wp-content\/uploads\/2023\/02\/Duelo-por-la-muerte-del-amigo-y-de-la-amistad-chico.jpg?fit=370%2C500&ssl=1&resize=350%2C200","width":350,"height":200},"classes":[]},{"id":16807,"url":"https:\/\/libreriaguadalupe.com.ar\/libreria\/producto\/el-duelo-cristiano\/","url_meta":{"origin":15953,"position":5},"title":"El Duelo Cristiano","author":"admin","date":"22\/03\/2023","format":false,"excerpt":"Autor: Mateo Bautista [ VER M\u00c1S OBRAS ] ISBN: 9789505008629 Dimensiones: 14 x 20 cm P\u00e1ginas: 124","rel":"","context":"Entrada similar","block_context":{"text":"Entrada similar","link":""},"img":{"alt_text":"","src":"https:\/\/i0.wp.com\/libreriaguadalupe.com.ar\/libreria\/wp-content\/uploads\/2023\/03\/El-Duelo-Cristiano.jpeg?fit=349%2C500&ssl=1&resize=350%2C200","width":350,"height":200},"classes":[]}],"_links":{"self":[{"href":"https:\/\/libreriaguadalupe.com.ar\/libreria\/wp-json\/wp\/v2\/product\/15953","targetHints":{"allow":["GET"]}}],"collection":[{"href":"https:\/\/libreriaguadalupe.com.ar\/libreria\/wp-json\/wp\/v2\/product"}],"about":[{"href":"https:\/\/libreriaguadalupe.com.ar\/libreria\/wp-json\/wp\/v2\/types\/product"}],"replies":[{"embeddable":true,"href":"https:\/\/libreriaguadalupe.com.ar\/libreria\/wp-json\/wp\/v2\/comments?post=15953"}],"version-history":[{"count":3,"href":"https:\/\/libreriaguadalupe.com.ar\/libreria\/wp-json\/wp\/v2\/product\/15953\/revisions"}],"predecessor-version":[{"id":18647,"href":"https:\/\/libreriaguadalupe.com.ar\/libreria\/wp-json\/wp\/v2\/product\/15953\/revisions\/18647"}],"wp:featuredmedia":[{"embeddable":true,"href":"https:\/\/libreriaguadalupe.com.ar\/libreria\/wp-json\/wp\/v2\/media\/15954"}],"wp:attachment":[{"href":"https:\/\/libreriaguadalupe.com.ar\/libreria\/wp-json\/wp\/v2\/media?parent=15953"}],"wp:term":[{"taxonomy":"product_brand","embeddable":true,"href":"https:\/\/libreriaguadalupe.com.ar\/libreria\/wp-json\/wp\/v2\/product_brand?post=15953"},{"taxonomy":"product_cat","embeddable":true,"href":"https:\/\/libreriaguadalupe.com.ar\/libreria\/wp-json\/wp\/v2\/product_cat?post=15953"},{"taxonomy":"product_tag","embeddable":true,"href":"https:\/\/libreriaguadalupe.com.ar\/libreria\/wp-json\/wp\/v2\/product_tag?post=15953"}],"curies":[{"name":"wp","href":"https:\/\/api.w.org\/{rel}","templated":true}]}}