{"id":15936,"date":"2023-02-12T11:11:13","date_gmt":"2023-02-12T14:11:13","guid":{"rendered":"https:\/\/libreriaguadalupe.com.ar\/libreria\/?post_type=product&#038;p=15936"},"modified":"2025-11-25T10:27:34","modified_gmt":"2025-11-25T13:27:34","slug":"el-sentido-de-la-vida","status":"publish","type":"product","link":"https:\/\/libreriaguadalupe.com.ar\/libreria\/producto\/el-sentido-de-la-vida\/","title":{"rendered":"El sentido de la vida"},"content":{"rendered":"<h3>El sentido de la vida<\/h3>\n<p>Dios ha querido que mis escritos lleguen a manos de tantos varones y mujeres de fe y as\u00ed podamos seguir madurando en un continuo proceso de formaci\u00f3n permanente e interdisciplinaria. Como personas, entiendo, no se puede vivir y celebrar la fe en forma disociada de la vida cotidiana. Siendo la fe un \u00abmodo de vida\u00bb y no solo pensamientos, se hace complejo no mirar la vida \u00abseg\u00fan Dios\u00bb. Como ense\u00f1a San Pablo \u00abVivo de la fe en Aquel que muri\u00f3 y se entreg\u00f3 por m\u00ed\u00bb. Tambi\u00e9n el ap\u00f3stol nos aporta que \u00abel hombre no se salva por cumplir con la ley sino por creer en Cristo Jes\u00fas\u00bb. Entonces, para \u00abvivir de la fe en Cristo y creer en Cristo\u00bb necesitamos hacer un proceso de integraci\u00f3n entre la fe y la vida. En verdad, nuestra vida debe ser un fiel reflejo de la fe que profesamos. Por eso, necesitamos incorporar los aportes cient\u00edficos y universales de otras ciencias humanas al saber de Dios: la Teolog\u00eda. Cuando hay docilidad, cada predicaci\u00f3n es como el agua que sacia la sed y suscita nuevos horizontes\u2026Las etapas de la vida son distintas; tambi\u00e9n las circunstancias. Por tanto, la experiencia de la vida es fluctuante. Siempre dependemos de nuestras circunstancias, tanto intr\u00ednsecas como extr\u00ednsecas. Sin embargo, al entrar en \u00abla moral de la Alianza con Cristo\u00bb, aquello que es intr\u00ednseco, tendr\u00e1 siempre nuevas perspectivas. Su Presencia, lo que en dogm\u00e1tica llamamos \u00abestado de Gracia\u00bb, genera diariamente \u00abasombro y novedad\u00bb, lo cual posibilita la \u00abpaz y el bienestar\u00bb que solo Dios puede darnos. Cada predicaci\u00f3n tiene una introducci\u00f3n, un desarrollo y una conclusi\u00f3n. Es recomendable detenerse y reflexionar el n\u00facleo central. Al final, conviene autoevaluarse con el ejercicio \u00abNos preguntamos y nos respondemos\u00bb. Deseo que cada lector pueda \u00abejercitar espiritualmente\u00bb los contenidos del libro que contribuyen a clarificar \u00abel sentido de la vida\u00bb.<\/p>\n","protected":false},"excerpt":{"rendered":"<p>Deseo que cada lector pueda \u00abejercitar espiritualmente\u00bb los contenidos del libro que contribuyen a clarificar \u00abel sentido de la vida\u00bb.<\/p>\n<p>AUTOR: Claudio Rizzo<\/p>\n<p>ISBN: 9505007691<\/p>\n","protected":false},"featured_media":15937,"comment_status":"open","ping_status":"closed","template":"","meta":{"jetpack_publicize_message":"","jetpack_publicize_feature_enabled":true,"jetpack_social_post_already_shared":true,"jetpack_social_options":{"image_generator_settings":{"template":"highway","default_image_id":0,"font":"","enabled":false},"version":2}},"product_brand":[],"product_cat":[88,121],"product_tag":[127],"class_list":{"0":"post-15936","1":"product","2":"type-product","3":"status-publish","4":"has-post-thumbnail","6":"product_cat-espiritualidad-cultura-social","7":"product_cat-guadalupe","8":"product_tag-editorial-guadalupe-de-argentina","10":"first","11":"instock","12":"shipping-taxable","13":"purchasable","14":"product-type-simple"},"yoast_head":"<!-- This site is optimized with the Yoast SEO plugin v27.4 - https:\/\/yoast.com\/product\/yoast-seo-wordpress\/ -->\n<title>El sentido de la vida - Editorial Guadalupe de Argentina<\/title>\n<meta name=\"description\" content=\"Dios ha querido que mis escritos lleguen a manos de tantos varones y mujeres de fe y as\u00ed podamos seguir madurando en un continuo proceso de formaci\u00f3n permanente e interdisciplinaria. Como personas, entiendo, no se puede vivir y celebrar la fe en forma disociada de la vida cotidiana.\" \/>\n<meta name=\"robots\" content=\"index, follow, max-snippet:-1, max-image-preview:large, max-video-preview:-1\" \/>\n<link rel=\"canonical\" href=\"https:\/\/libreriaguadalupe.com.ar\/libreria\/producto\/el-sentido-de-la-vida\/\" \/>\n<meta property=\"og:locale\" content=\"es_ES\" \/>\n<meta property=\"og:type\" content=\"article\" \/>\n<meta property=\"og:title\" content=\"El sentido de la vida - Editorial Guadalupe de Argentina\" \/>\n<meta property=\"og:description\" content=\"Dios ha querido que mis escritos lleguen a manos de tantos varones y mujeres de fe y as\u00ed podamos seguir madurando en un continuo proceso de formaci\u00f3n permanente e interdisciplinaria. Como personas, entiendo, no se puede vivir y celebrar la fe en forma disociada de la vida cotidiana.\" \/>\n<meta property=\"og:url\" content=\"https:\/\/libreriaguadalupe.com.ar\/libreria\/producto\/el-sentido-de-la-vida\/\" \/>\n<meta property=\"og:site_name\" content=\"Editorial Guadalupe de Argentina\" \/>\n<meta property=\"article:publisher\" content=\"https:\/\/www.facebook.com\/LibreriaGuadalupeAR\/\" \/>\n<meta property=\"article:modified_time\" content=\"2025-11-25T13:27:34+00:00\" \/>\n<meta property=\"og:image\" content=\"https:\/\/libreriaguadalupe.com.ar\/libreria\/wp-content\/uploads\/2023\/02\/El-sentido-de-la-vida.jpg\" \/>\n\t<meta property=\"og:image:width\" content=\"304\" \/>\n\t<meta property=\"og:image:height\" content=\"458\" \/>\n\t<meta property=\"og:image:type\" content=\"image\/jpeg\" \/>\n<meta name=\"twitter:card\" content=\"summary_large_image\" \/>\n<meta name=\"twitter:label1\" content=\"Tiempo de lectura\" \/>\n\t<meta name=\"twitter:data1\" content=\"2 minutos\" \/>\n<script type=\"application\/ld+json\" class=\"yoast-schema-graph\">{\"@context\":\"https:\\\/\\\/schema.org\",\"@graph\":[{\"@type\":\"WebPage\",\"@id\":\"https:\\\/\\\/libreriaguadalupe.com.ar\\\/libreria\\\/producto\\\/el-sentido-de-la-vida\\\/\",\"url\":\"https:\\\/\\\/libreriaguadalupe.com.ar\\\/libreria\\\/producto\\\/el-sentido-de-la-vida\\\/\",\"name\":\"El sentido de la vida - Editorial Guadalupe de Argentina\",\"isPartOf\":{\"@id\":\"https:\\\/\\\/libreriaguadalupe.com.ar\\\/libreria\\\/#website\"},\"primaryImageOfPage\":{\"@id\":\"https:\\\/\\\/libreriaguadalupe.com.ar\\\/libreria\\\/producto\\\/el-sentido-de-la-vida\\\/#primaryimage\"},\"image\":{\"@id\":\"https:\\\/\\\/libreriaguadalupe.com.ar\\\/libreria\\\/producto\\\/el-sentido-de-la-vida\\\/#primaryimage\"},\"thumbnailUrl\":\"https:\\\/\\\/i0.wp.com\\\/libreriaguadalupe.com.ar\\\/libreria\\\/wp-content\\\/uploads\\\/2023\\\/02\\\/El-sentido-de-la-vida.jpg?fit=304%2C458&ssl=1\",\"datePublished\":\"2023-02-12T14:11:13+00:00\",\"dateModified\":\"2025-11-25T13:27:34+00:00\",\"description\":\"Dios ha querido que mis escritos lleguen a manos de tantos varones y mujeres de fe y as\u00ed podamos seguir madurando en un continuo proceso de formaci\u00f3n permanente e interdisciplinaria. Como personas, entiendo, no se puede vivir y celebrar la fe en forma disociada de la vida cotidiana.\",\"breadcrumb\":{\"@id\":\"https:\\\/\\\/libreriaguadalupe.com.ar\\\/libreria\\\/producto\\\/el-sentido-de-la-vida\\\/#breadcrumb\"},\"inLanguage\":\"es\",\"potentialAction\":[{\"@type\":\"ReadAction\",\"target\":[\"https:\\\/\\\/libreriaguadalupe.com.ar\\\/libreria\\\/producto\\\/el-sentido-de-la-vida\\\/\"]}]},{\"@type\":\"ImageObject\",\"inLanguage\":\"es\",\"@id\":\"https:\\\/\\\/libreriaguadalupe.com.ar\\\/libreria\\\/producto\\\/el-sentido-de-la-vida\\\/#primaryimage\",\"url\":\"https:\\\/\\\/i0.wp.com\\\/libreriaguadalupe.com.ar\\\/libreria\\\/wp-content\\\/uploads\\\/2023\\\/02\\\/El-sentido-de-la-vida.jpg?fit=304%2C458&ssl=1\",\"contentUrl\":\"https:\\\/\\\/i0.wp.com\\\/libreriaguadalupe.com.ar\\\/libreria\\\/wp-content\\\/uploads\\\/2023\\\/02\\\/El-sentido-de-la-vida.jpg?fit=304%2C458&ssl=1\",\"width\":304,\"height\":458},{\"@type\":\"BreadcrumbList\",\"@id\":\"https:\\\/\\\/libreriaguadalupe.com.ar\\\/libreria\\\/producto\\\/el-sentido-de-la-vida\\\/#breadcrumb\",\"itemListElement\":[{\"@type\":\"ListItem\",\"position\":1,\"name\":\"Portada\",\"item\":\"https:\\\/\\\/libreriaguadalupe.com.ar\\\/libreria\\\/\"},{\"@type\":\"ListItem\",\"position\":2,\"name\":\"Tienda\",\"item\":\"https:\\\/\\\/libreriaguadalupe.com.ar\\\/libreria\\\/\"},{\"@type\":\"ListItem\",\"position\":3,\"name\":\"El sentido de la vida\"}]},{\"@type\":\"WebSite\",\"@id\":\"https:\\\/\\\/libreriaguadalupe.com.ar\\\/libreria\\\/#website\",\"url\":\"https:\\\/\\\/libreriaguadalupe.com.ar\\\/libreria\\\/\",\"name\":\"Editorial Guadalupe de Argentina\",\"description\":\"Congregaci\u00f3n del Verbo Divino\",\"publisher\":{\"@id\":\"https:\\\/\\\/libreriaguadalupe.com.ar\\\/libreria\\\/#organization\"},\"alternateName\":\"Librer\u00eda Guadalupe\",\"potentialAction\":[{\"@type\":\"SearchAction\",\"target\":{\"@type\":\"EntryPoint\",\"urlTemplate\":\"https:\\\/\\\/libreriaguadalupe.com.ar\\\/libreria\\\/?s={search_term_string}\"},\"query-input\":{\"@type\":\"PropertyValueSpecification\",\"valueRequired\":true,\"valueName\":\"search_term_string\"}}],\"inLanguage\":\"es\"},{\"@type\":\"Organization\",\"@id\":\"https:\\\/\\\/libreriaguadalupe.com.ar\\\/libreria\\\/#organization\",\"name\":\"Editorial Guadalupe\",\"alternateName\":\"Librer\u00eda Guadalupe\",\"url\":\"https:\\\/\\\/libreriaguadalupe.com.ar\\\/libreria\\\/\",\"logo\":{\"@type\":\"ImageObject\",\"inLanguage\":\"es\",\"@id\":\"https:\\\/\\\/libreriaguadalupe.com.ar\\\/libreria\\\/#\\\/schema\\\/logo\\\/image\\\/\",\"url\":\"https:\\\/\\\/i0.wp.com\\\/libreriaguadalupe.com.ar\\\/libreria\\\/wp-content\\\/uploads\\\/2023\\\/01\\\/cropped-logo-editorial-guadalupe.webp?fit=500%2C100&ssl=1\",\"contentUrl\":\"https:\\\/\\\/i0.wp.com\\\/libreriaguadalupe.com.ar\\\/libreria\\\/wp-content\\\/uploads\\\/2023\\\/01\\\/cropped-logo-editorial-guadalupe.webp?fit=500%2C100&ssl=1\",\"width\":500,\"height\":100,\"caption\":\"Editorial Guadalupe\"},\"image\":{\"@id\":\"https:\\\/\\\/libreriaguadalupe.com.ar\\\/libreria\\\/#\\\/schema\\\/logo\\\/image\\\/\"},\"sameAs\":[\"https:\\\/\\\/www.facebook.com\\\/LibreriaGuadalupeAR\\\/\",\"https:\\\/\\\/www.instagram.com\\\/editorialguadalupe\\\/\",\"https:\\\/\\\/guadalupeeditorial.mercadoshops.com.ar\\\/\"]}]}<\/script>\n<!-- \/ Yoast SEO plugin. -->","yoast_head_json":{"title":"El sentido de la vida - Editorial Guadalupe de Argentina","description":"Dios ha querido que mis escritos lleguen a manos de tantos varones y mujeres de fe y as\u00ed podamos seguir madurando en un continuo proceso de formaci\u00f3n permanente e interdisciplinaria. Como personas, entiendo, no se puede vivir y celebrar la fe en forma disociada de la vida cotidiana.","robots":{"index":"index","follow":"follow","max-snippet":"max-snippet:-1","max-image-preview":"max-image-preview:large","max-video-preview":"max-video-preview:-1"},"canonical":"https:\/\/libreriaguadalupe.com.ar\/libreria\/producto\/el-sentido-de-la-vida\/","og_locale":"es_ES","og_type":"article","og_title":"El sentido de la vida - Editorial Guadalupe de Argentina","og_description":"Dios ha querido que mis escritos lleguen a manos de tantos varones y mujeres de fe y as\u00ed podamos seguir madurando en un continuo proceso de formaci\u00f3n permanente e interdisciplinaria. Como personas, entiendo, no se puede vivir y celebrar la fe en forma disociada de la vida cotidiana.","og_url":"https:\/\/libreriaguadalupe.com.ar\/libreria\/producto\/el-sentido-de-la-vida\/","og_site_name":"Editorial Guadalupe de Argentina","article_publisher":"https:\/\/www.facebook.com\/LibreriaGuadalupeAR\/","article_modified_time":"2025-11-25T13:27:34+00:00","og_image":[{"width":304,"height":458,"url":"https:\/\/libreriaguadalupe.com.ar\/libreria\/wp-content\/uploads\/2023\/02\/El-sentido-de-la-vida.jpg","type":"image\/jpeg"}],"twitter_card":"summary_large_image","twitter_misc":{"Tiempo de lectura":"2 minutos"},"schema":{"@context":"https:\/\/schema.org","@graph":[{"@type":"WebPage","@id":"https:\/\/libreriaguadalupe.com.ar\/libreria\/producto\/el-sentido-de-la-vida\/","url":"https:\/\/libreriaguadalupe.com.ar\/libreria\/producto\/el-sentido-de-la-vida\/","name":"El sentido de la vida - Editorial Guadalupe de Argentina","isPartOf":{"@id":"https:\/\/libreriaguadalupe.com.ar\/libreria\/#website"},"primaryImageOfPage":{"@id":"https:\/\/libreriaguadalupe.com.ar\/libreria\/producto\/el-sentido-de-la-vida\/#primaryimage"},"image":{"@id":"https:\/\/libreriaguadalupe.com.ar\/libreria\/producto\/el-sentido-de-la-vida\/#primaryimage"},"thumbnailUrl":"https:\/\/i0.wp.com\/libreriaguadalupe.com.ar\/libreria\/wp-content\/uploads\/2023\/02\/El-sentido-de-la-vida.jpg?fit=304%2C458&ssl=1","datePublished":"2023-02-12T14:11:13+00:00","dateModified":"2025-11-25T13:27:34+00:00","description":"Dios ha querido que mis escritos lleguen a manos de tantos varones y mujeres de fe y as\u00ed podamos seguir madurando en un continuo proceso de formaci\u00f3n permanente e interdisciplinaria. Como personas, entiendo, no se puede vivir y celebrar la fe en forma disociada de la vida cotidiana.","breadcrumb":{"@id":"https:\/\/libreriaguadalupe.com.ar\/libreria\/producto\/el-sentido-de-la-vida\/#breadcrumb"},"inLanguage":"es","potentialAction":[{"@type":"ReadAction","target":["https:\/\/libreriaguadalupe.com.ar\/libreria\/producto\/el-sentido-de-la-vida\/"]}]},{"@type":"ImageObject","inLanguage":"es","@id":"https:\/\/libreriaguadalupe.com.ar\/libreria\/producto\/el-sentido-de-la-vida\/#primaryimage","url":"https:\/\/i0.wp.com\/libreriaguadalupe.com.ar\/libreria\/wp-content\/uploads\/2023\/02\/El-sentido-de-la-vida.jpg?fit=304%2C458&ssl=1","contentUrl":"https:\/\/i0.wp.com\/libreriaguadalupe.com.ar\/libreria\/wp-content\/uploads\/2023\/02\/El-sentido-de-la-vida.jpg?fit=304%2C458&ssl=1","width":304,"height":458},{"@type":"BreadcrumbList","@id":"https:\/\/libreriaguadalupe.com.ar\/libreria\/producto\/el-sentido-de-la-vida\/#breadcrumb","itemListElement":[{"@type":"ListItem","position":1,"name":"Portada","item":"https:\/\/libreriaguadalupe.com.ar\/libreria\/"},{"@type":"ListItem","position":2,"name":"Tienda","item":"https:\/\/libreriaguadalupe.com.ar\/libreria\/"},{"@type":"ListItem","position":3,"name":"El sentido de la vida"}]},{"@type":"WebSite","@id":"https:\/\/libreriaguadalupe.com.ar\/libreria\/#website","url":"https:\/\/libreriaguadalupe.com.ar\/libreria\/","name":"Editorial Guadalupe de Argentina","description":"Congregaci\u00f3n del Verbo Divino","publisher":{"@id":"https:\/\/libreriaguadalupe.com.ar\/libreria\/#organization"},"alternateName":"Librer\u00eda Guadalupe","potentialAction":[{"@type":"SearchAction","target":{"@type":"EntryPoint","urlTemplate":"https:\/\/libreriaguadalupe.com.ar\/libreria\/?s={search_term_string}"},"query-input":{"@type":"PropertyValueSpecification","valueRequired":true,"valueName":"search_term_string"}}],"inLanguage":"es"},{"@type":"Organization","@id":"https:\/\/libreriaguadalupe.com.ar\/libreria\/#organization","name":"Editorial Guadalupe","alternateName":"Librer\u00eda Guadalupe","url":"https:\/\/libreriaguadalupe.com.ar\/libreria\/","logo":{"@type":"ImageObject","inLanguage":"es","@id":"https:\/\/libreriaguadalupe.com.ar\/libreria\/#\/schema\/logo\/image\/","url":"https:\/\/i0.wp.com\/libreriaguadalupe.com.ar\/libreria\/wp-content\/uploads\/2023\/01\/cropped-logo-editorial-guadalupe.webp?fit=500%2C100&ssl=1","contentUrl":"https:\/\/i0.wp.com\/libreriaguadalupe.com.ar\/libreria\/wp-content\/uploads\/2023\/01\/cropped-logo-editorial-guadalupe.webp?fit=500%2C100&ssl=1","width":500,"height":100,"caption":"Editorial Guadalupe"},"image":{"@id":"https:\/\/libreriaguadalupe.com.ar\/libreria\/#\/schema\/logo\/image\/"},"sameAs":["https:\/\/www.facebook.com\/LibreriaGuadalupeAR\/","https:\/\/www.instagram.com\/editorialguadalupe\/","https:\/\/guadalupeeditorial.mercadoshops.com.ar\/"]}]}},"jetpack_publicize_connections":[],"jetpack_sharing_enabled":true,"jetpack-related-posts":[{"id":15963,"url":"https:\/\/libreriaguadalupe.com.ar\/libreria\/producto\/el-sentido-de-la-vida-e-book\/","url_meta":{"origin":15936,"position":0},"title":"El sentido de la vida (E-BOOK)","author":"admin","date":"12\/02\/2023","format":false,"excerpt":"EDICION DIGITAL AUTOR: Claudio Rizzo ISBN: 9505007882","rel":"","context":"Entrada similar","block_context":{"text":"Entrada similar","link":""},"img":{"alt_text":"","src":"https:\/\/i0.wp.com\/libreriaguadalupe.com.ar\/libreria\/wp-content\/uploads\/2023\/02\/El-sentido-de-la-vida.jpg?fit=304%2C458&ssl=1&resize=350%2C200","width":350,"height":200},"classes":[]},{"id":13100,"url":"https:\/\/libreriaguadalupe.com.ar\/libreria\/producto\/con-jesus-de-nazareth-ser-otros-cristos\/","url_meta":{"origin":15936,"position":1},"title":"Con Jes\u00fas de Nazaret, ser otros Cristos","author":"admin","date":"18\/01\/2023","format":false,"excerpt":"Autor: Antonio Kuri Bre\u00f1a Romero de Terreros ISBN: 8499456058 Dimensiones: 14 x 22 cm P\u00e1ginas: 280","rel":"","context":"Entrada similar","block_context":{"text":"Entrada similar","link":""},"img":{"alt_text":"","src":"https:\/\/i0.wp.com\/libreriaguadalupe.com.ar\/libreria\/wp-content\/uploads\/1674\/33\/1017.jpg?fit=309%2C493&ssl=1&resize=350%2C200","width":350,"height":200},"classes":[]},{"id":17169,"url":"https:\/\/libreriaguadalupe.com.ar\/libreria\/producto\/los-jovenes-y-su-camino-a-la-fe\/","url_meta":{"origin":15936,"position":2},"title":"Los Jovenes Y Su Camino A La Fe","author":"admin","date":"03\/04\/2023","format":false,"excerpt":"Autor: Gr\u00fcn, Anselm ISBN: 9789870009054 Dimensiones: 13 x 19 cm P\u00e1ginas: 120","rel":"","context":"Entrada similar","block_context":{"text":"Entrada similar","link":""},"img":{"alt_text":"","src":"https:\/\/i0.wp.com\/libreriaguadalupe.com.ar\/libreria\/wp-content\/uploads\/2023\/04\/Los-Jovenes-Y-Su-Camino-A-La-Fe.jpeg?fit=340%2C500&ssl=1&resize=350%2C200","width":350,"height":200},"classes":[]},{"id":16650,"url":"https:\/\/libreriaguadalupe.com.ar\/libreria\/producto\/la-biblia-catolica-para-la-fe-y-la-vida-cierre\/","url_meta":{"origin":15936,"position":3},"title":"La Biblia Cat\u00f3lica para la Fe y la Vida (cierre)","author":"admin","date":"14\/03\/2023","format":false,"excerpt":"[edici\u00f3n dos tintas \/ s\u00edmil piel con cremallera] Colecci\u00f3n La Biblia Cat\u00f3lica para la Fe y la Vida ISBN: 978-84-9073-421-6 Dimensiones: 24 x 15 cm P\u00e1ginas: 1920 Encuadernaci\u00f3n:\u00a0Cosida, tapa s\u00edmil piel impresa a 4 colores, con cabezadas, cinta registro, 42 u\u00f1eros, con cierre \u00a0 \u00a0","rel":"","context":"Entrada similar","block_context":{"text":"Entrada similar","link":""},"img":{"alt_text":"","src":"https:\/\/i0.wp.com\/libreriaguadalupe.com.ar\/libreria\/wp-content\/uploads\/2023\/03\/La-Biblia-Catolica-para-la-Fe-y-la-Vida-unero4.jpeg?fit=380%2C586&ssl=1&resize=350%2C200","width":350,"height":200},"classes":[]},{"id":16646,"url":"https:\/\/libreriaguadalupe.com.ar\/libreria\/producto\/la-biblia-catolica-para-la-fe-y-la-vida-tapa-dura\/","url_meta":{"origin":15936,"position":4},"title":"La Biblia Cat\u00f3lica para la Fe y la Vida tapa RUSTICA edici\u00f3n una tinta","author":"admin","date":"14\/03\/2023","format":false,"excerpt":"[edici\u00f3n dos tintas \/ carton\u00e9] Colecci\u00f3n La Biblia Cat\u00f3lica para la Fe y la Vida ISBN: 978-84-9073-420-9 Dimensiones: 24 x 15 cm P\u00e1ginas: 1920 Encuadernaci\u00f3n: tapa dura, cosida, tapa plastificada gofrada mate, con cinta registro, 42 u\u00f1eros \u00a0","rel":"","context":"Entrada similar","block_context":{"text":"Entrada similar","link":""},"img":{"alt_text":"","src":"https:\/\/i0.wp.com\/libreriaguadalupe.com.ar\/libreria\/wp-content\/uploads\/2023\/03\/La-Biblia-Catolica-para-la-Fe-y-la-Vida-unero1.jpeg?fit=380%2C586&ssl=1&resize=350%2C200","width":350,"height":200},"classes":[]},{"id":19075,"url":"https:\/\/libreriaguadalupe.com.ar\/libreria\/producto\/camino-al-cielo-teosiologia-predicaciones-xii\/","url_meta":{"origin":15936,"position":5},"title":"\u201cCamino al cielo\u201d \u2013 Teosiolog\u00eda \u2013 Predicaciones XII","author":"Mariano Zuqui","date":"24\/09\/2025","format":false,"excerpt":"Autor: Claudio Rizzo T\u00edtulo: \u201cCamino al cielo\u201d \u2013 Teosiolog\u00eda \u2013 Predicaciones XII\" ISBN:978-950-500-964-0 Formato: 14 (ancho) x 20 (alto) cms. Interior: 1\/1 color Papel: Bookcel 80 grs. N\u00ba de P\u00e1ginas: 160 Tapa:4 Colores - Cartulina - Laminado mate Encuadernaci\u00f3n: Binder \u00a0 \u00a0","rel":"","context":"Entrada similar","block_context":{"text":"Entrada similar","link":""},"img":{"alt_text":"","src":"https:\/\/i0.wp.com\/libreriaguadalupe.com.ar\/libreria\/wp-content\/uploads\/2025\/09\/1-3.png?fit=960%2C1200&ssl=1&resize=350%2C200","width":350,"height":200,"srcset":"https:\/\/i0.wp.com\/libreriaguadalupe.com.ar\/libreria\/wp-content\/uploads\/2025\/09\/1-3.png?fit=960%2C1200&ssl=1&resize=350%2C200 1x, https:\/\/i0.wp.com\/libreriaguadalupe.com.ar\/libreria\/wp-content\/uploads\/2025\/09\/1-3.png?fit=960%2C1200&ssl=1&resize=525%2C300 1.5x, https:\/\/i0.wp.com\/libreriaguadalupe.com.ar\/libreria\/wp-content\/uploads\/2025\/09\/1-3.png?fit=960%2C1200&ssl=1&resize=700%2C400 2x"},"classes":[]}],"_links":{"self":[{"href":"https:\/\/libreriaguadalupe.com.ar\/libreria\/wp-json\/wp\/v2\/product\/15936","targetHints":{"allow":["GET"]}}],"collection":[{"href":"https:\/\/libreriaguadalupe.com.ar\/libreria\/wp-json\/wp\/v2\/product"}],"about":[{"href":"https:\/\/libreriaguadalupe.com.ar\/libreria\/wp-json\/wp\/v2\/types\/product"}],"replies":[{"embeddable":true,"href":"https:\/\/libreriaguadalupe.com.ar\/libreria\/wp-json\/wp\/v2\/comments?post=15936"}],"version-history":[{"count":1,"href":"https:\/\/libreriaguadalupe.com.ar\/libreria\/wp-json\/wp\/v2\/product\/15936\/revisions"}],"predecessor-version":[{"id":15938,"href":"https:\/\/libreriaguadalupe.com.ar\/libreria\/wp-json\/wp\/v2\/product\/15936\/revisions\/15938"}],"wp:featuredmedia":[{"embeddable":true,"href":"https:\/\/libreriaguadalupe.com.ar\/libreria\/wp-json\/wp\/v2\/media\/15937"}],"wp:attachment":[{"href":"https:\/\/libreriaguadalupe.com.ar\/libreria\/wp-json\/wp\/v2\/media?parent=15936"}],"wp:term":[{"taxonomy":"product_brand","embeddable":true,"href":"https:\/\/libreriaguadalupe.com.ar\/libreria\/wp-json\/wp\/v2\/product_brand?post=15936"},{"taxonomy":"product_cat","embeddable":true,"href":"https:\/\/libreriaguadalupe.com.ar\/libreria\/wp-json\/wp\/v2\/product_cat?post=15936"},{"taxonomy":"product_tag","embeddable":true,"href":"https:\/\/libreriaguadalupe.com.ar\/libreria\/wp-json\/wp\/v2\/product_tag?post=15936"}],"curies":[{"name":"wp","href":"https:\/\/api.w.org\/{rel}","templated":true}]}}