{"id":15924,"date":"2023-02-12T10:43:37","date_gmt":"2023-02-12T13:43:37","guid":{"rendered":"https:\/\/libreriaguadalupe.com.ar\/libreria\/?post_type=product&#038;p=15924"},"modified":"2026-02-04T10:06:08","modified_gmt":"2026-02-04T13:06:08","slug":"huespedes-de-un-amor","status":"publish","type":"product","link":"https:\/\/libreriaguadalupe.com.ar\/libreria\/producto\/huespedes-de-un-amor\/","title":{"rendered":"Hu\u00e9spedes de un amor"},"content":{"rendered":"<h3>Hu\u00e9spedes de un amor<\/h3>\n<h3>Encuentros para grupos de matrimonios<\/h3>\n<p>Los matrimonios encontrar\u00e1n aqu\u00ed una meditaci\u00f3n inicial con la que se presenta el tema central de reflexi\u00f3n que podr\u00e1n profundizar desde una perspectiva vivencial a lo largo de ocho encuentros grupales.<\/p>\n<p>\u201cLa relaci\u00f3n conyugal es un v\u00ednculo de rec\u00edproca y exclusiva acogida interpersonal. Los esposos se hospedan uno a otro de la manera m\u00e1s personal y exclusiva. \u201cYo\u2026, te recibo a ti\u2026 como esposo\/a\u201d, se dicen mutuamente al iniciar su vida conyugal. \u00bfD\u00f3nde se reciben los esposos cuando se casan? \u00bfEn un departamento?, \u00bfen una casa? Se reciben uno \u201cen\u201d otro. Podr\u00edamos parafrasear las palabras del consentimiento, diciendo: \u201cYo\u2026 te recibo a ti\u2026, en mi\u201d.\u00a0\u201cTu vida en mi vida, tu acontecer en el m\u00edo, tus deseos, sue\u00f1os y proyectos los acojo en m\u00ed.<\/p>\n<p>En estas p\u00e1ginas deseo ofrecer a las parejas y padres de familia un material para poder reflexionar en grupos o peque\u00f1as comunidades acerca de la vida matrimonial y familiar.<\/p>\n","protected":false},"excerpt":{"rendered":"<h3>Encuentros para grupos de matrimonios<\/h3>\n<p>AUTOR: AVELLANEDA CARLOS<br \/>\n<a href=\"https:\/\/libreriaguadalupe.com.ar\/libreria\/?s=avellaneda&amp;post_type=product\"><strong><span style=\"color: #ff9900\">[ VER M\u00c1S OBRAS ]<\/span><\/strong><\/a><\/p>\n<p>ISBN: 9789505007783<br \/>\nPAGINAS: 54<br \/>\nMEDIDAS: 20 X 14 CM.<\/p>\n","protected":false},"featured_media":15925,"comment_status":"open","ping_status":"closed","template":"","meta":{"jetpack_publicize_message":"","jetpack_publicize_feature_enabled":true,"jetpack_social_post_already_shared":true,"jetpack_social_options":{"image_generator_settings":{"template":"highway","default_image_id":0,"font":"","enabled":false},"version":2}},"product_brand":[],"product_cat":[88,121],"product_tag":[127],"class_list":{"0":"post-15924","1":"product","2":"type-product","3":"status-publish","4":"has-post-thumbnail","6":"product_cat-espiritualidad-cultura-social","7":"product_cat-guadalupe","8":"product_tag-editorial-guadalupe-de-argentina","10":"first","11":"instock","12":"shipping-taxable","13":"purchasable","14":"product-type-simple"},"yoast_head":"<!-- This site is optimized with the Yoast SEO plugin v27.4 - https:\/\/yoast.com\/product\/yoast-seo-wordpress\/ -->\n<title>Hu\u00e9spedes de un amor - Editorial Guadalupe de Argentina<\/title>\n<meta name=\"description\" content=\"Los matrimonios encontrar\u00e1n aqu\u00ed una meditaci\u00f3n inicial con la que se presenta el tema central de reflexi\u00f3n que podr\u00e1n profundizar desde una perspectiva\" \/>\n<meta name=\"robots\" content=\"index, follow, max-snippet:-1, max-image-preview:large, max-video-preview:-1\" \/>\n<link rel=\"canonical\" href=\"https:\/\/libreriaguadalupe.com.ar\/libreria\/producto\/huespedes-de-un-amor\/\" \/>\n<meta property=\"og:locale\" content=\"es_ES\" \/>\n<meta property=\"og:type\" content=\"article\" \/>\n<meta property=\"og:title\" content=\"Hu\u00e9spedes de un amor - Editorial Guadalupe de Argentina\" \/>\n<meta property=\"og:description\" content=\"Los matrimonios encontrar\u00e1n aqu\u00ed una meditaci\u00f3n inicial con la que se presenta el tema central de reflexi\u00f3n que podr\u00e1n profundizar desde una perspectiva\" \/>\n<meta property=\"og:url\" content=\"https:\/\/libreriaguadalupe.com.ar\/libreria\/producto\/huespedes-de-un-amor\/\" \/>\n<meta property=\"og:site_name\" content=\"Editorial Guadalupe de Argentina\" \/>\n<meta property=\"article:publisher\" content=\"https:\/\/www.facebook.com\/LibreriaGuadalupeAR\/\" \/>\n<meta property=\"article:modified_time\" content=\"2026-02-04T13:06:08+00:00\" \/>\n<meta property=\"og:image\" content=\"https:\/\/libreriaguadalupe.com.ar\/libreria\/wp-content\/uploads\/2023\/02\/Huespedes-de-un-amor.jpg\" \/>\n\t<meta property=\"og:image:width\" content=\"407\" \/>\n\t<meta property=\"og:image:height\" content=\"608\" \/>\n\t<meta property=\"og:image:type\" content=\"image\/jpeg\" \/>\n<meta name=\"twitter:card\" content=\"summary_large_image\" \/>\n<meta name=\"twitter:label1\" content=\"Tiempo de lectura\" \/>\n\t<meta name=\"twitter:data1\" content=\"1 minuto\" \/>\n<script type=\"application\/ld+json\" class=\"yoast-schema-graph\">{\"@context\":\"https:\\\/\\\/schema.org\",\"@graph\":[{\"@type\":\"WebPage\",\"@id\":\"https:\\\/\\\/libreriaguadalupe.com.ar\\\/libreria\\\/producto\\\/huespedes-de-un-amor\\\/\",\"url\":\"https:\\\/\\\/libreriaguadalupe.com.ar\\\/libreria\\\/producto\\\/huespedes-de-un-amor\\\/\",\"name\":\"Hu\u00e9spedes de un amor - Editorial Guadalupe de Argentina\",\"isPartOf\":{\"@id\":\"https:\\\/\\\/libreriaguadalupe.com.ar\\\/libreria\\\/#website\"},\"primaryImageOfPage\":{\"@id\":\"https:\\\/\\\/libreriaguadalupe.com.ar\\\/libreria\\\/producto\\\/huespedes-de-un-amor\\\/#primaryimage\"},\"image\":{\"@id\":\"https:\\\/\\\/libreriaguadalupe.com.ar\\\/libreria\\\/producto\\\/huespedes-de-un-amor\\\/#primaryimage\"},\"thumbnailUrl\":\"https:\\\/\\\/i0.wp.com\\\/libreriaguadalupe.com.ar\\\/libreria\\\/wp-content\\\/uploads\\\/2023\\\/02\\\/Huespedes-de-un-amor.jpg?fit=407%2C608&ssl=1\",\"datePublished\":\"2023-02-12T13:43:37+00:00\",\"dateModified\":\"2026-02-04T13:06:08+00:00\",\"description\":\"Los matrimonios encontrar\u00e1n aqu\u00ed una meditaci\u00f3n inicial con la que se presenta el tema central de reflexi\u00f3n que podr\u00e1n profundizar desde una perspectiva\",\"breadcrumb\":{\"@id\":\"https:\\\/\\\/libreriaguadalupe.com.ar\\\/libreria\\\/producto\\\/huespedes-de-un-amor\\\/#breadcrumb\"},\"inLanguage\":\"es\",\"potentialAction\":[{\"@type\":\"ReadAction\",\"target\":[\"https:\\\/\\\/libreriaguadalupe.com.ar\\\/libreria\\\/producto\\\/huespedes-de-un-amor\\\/\"]}]},{\"@type\":\"ImageObject\",\"inLanguage\":\"es\",\"@id\":\"https:\\\/\\\/libreriaguadalupe.com.ar\\\/libreria\\\/producto\\\/huespedes-de-un-amor\\\/#primaryimage\",\"url\":\"https:\\\/\\\/i0.wp.com\\\/libreriaguadalupe.com.ar\\\/libreria\\\/wp-content\\\/uploads\\\/2023\\\/02\\\/Huespedes-de-un-amor.jpg?fit=407%2C608&ssl=1\",\"contentUrl\":\"https:\\\/\\\/i0.wp.com\\\/libreriaguadalupe.com.ar\\\/libreria\\\/wp-content\\\/uploads\\\/2023\\\/02\\\/Huespedes-de-un-amor.jpg?fit=407%2C608&ssl=1\",\"width\":407,\"height\":608,\"caption\":\"Hu\u00e9spedes de un amor\"},{\"@type\":\"BreadcrumbList\",\"@id\":\"https:\\\/\\\/libreriaguadalupe.com.ar\\\/libreria\\\/producto\\\/huespedes-de-un-amor\\\/#breadcrumb\",\"itemListElement\":[{\"@type\":\"ListItem\",\"position\":1,\"name\":\"Portada\",\"item\":\"https:\\\/\\\/libreriaguadalupe.com.ar\\\/libreria\\\/\"},{\"@type\":\"ListItem\",\"position\":2,\"name\":\"Tienda\",\"item\":\"https:\\\/\\\/libreriaguadalupe.com.ar\\\/libreria\\\/\"},{\"@type\":\"ListItem\",\"position\":3,\"name\":\"Hu\u00e9spedes de un amor\"}]},{\"@type\":\"WebSite\",\"@id\":\"https:\\\/\\\/libreriaguadalupe.com.ar\\\/libreria\\\/#website\",\"url\":\"https:\\\/\\\/libreriaguadalupe.com.ar\\\/libreria\\\/\",\"name\":\"Editorial Guadalupe de Argentina\",\"description\":\"Congregaci\u00f3n del Verbo Divino\",\"publisher\":{\"@id\":\"https:\\\/\\\/libreriaguadalupe.com.ar\\\/libreria\\\/#organization\"},\"alternateName\":\"Librer\u00eda Guadalupe\",\"potentialAction\":[{\"@type\":\"SearchAction\",\"target\":{\"@type\":\"EntryPoint\",\"urlTemplate\":\"https:\\\/\\\/libreriaguadalupe.com.ar\\\/libreria\\\/?s={search_term_string}\"},\"query-input\":{\"@type\":\"PropertyValueSpecification\",\"valueRequired\":true,\"valueName\":\"search_term_string\"}}],\"inLanguage\":\"es\"},{\"@type\":\"Organization\",\"@id\":\"https:\\\/\\\/libreriaguadalupe.com.ar\\\/libreria\\\/#organization\",\"name\":\"Editorial Guadalupe\",\"alternateName\":\"Librer\u00eda Guadalupe\",\"url\":\"https:\\\/\\\/libreriaguadalupe.com.ar\\\/libreria\\\/\",\"logo\":{\"@type\":\"ImageObject\",\"inLanguage\":\"es\",\"@id\":\"https:\\\/\\\/libreriaguadalupe.com.ar\\\/libreria\\\/#\\\/schema\\\/logo\\\/image\\\/\",\"url\":\"https:\\\/\\\/i0.wp.com\\\/libreriaguadalupe.com.ar\\\/libreria\\\/wp-content\\\/uploads\\\/2023\\\/01\\\/cropped-logo-editorial-guadalupe.webp?fit=500%2C100&ssl=1\",\"contentUrl\":\"https:\\\/\\\/i0.wp.com\\\/libreriaguadalupe.com.ar\\\/libreria\\\/wp-content\\\/uploads\\\/2023\\\/01\\\/cropped-logo-editorial-guadalupe.webp?fit=500%2C100&ssl=1\",\"width\":500,\"height\":100,\"caption\":\"Editorial Guadalupe\"},\"image\":{\"@id\":\"https:\\\/\\\/libreriaguadalupe.com.ar\\\/libreria\\\/#\\\/schema\\\/logo\\\/image\\\/\"},\"sameAs\":[\"https:\\\/\\\/www.facebook.com\\\/LibreriaGuadalupeAR\\\/\",\"https:\\\/\\\/www.instagram.com\\\/editorialguadalupe\\\/\",\"https:\\\/\\\/guadalupeeditorial.mercadoshops.com.ar\\\/\"]}]}<\/script>\n<!-- \/ Yoast SEO plugin. -->","yoast_head_json":{"title":"Hu\u00e9spedes de un amor - Editorial Guadalupe de Argentina","description":"Los matrimonios encontrar\u00e1n aqu\u00ed una meditaci\u00f3n inicial con la que se presenta el tema central de reflexi\u00f3n que podr\u00e1n profundizar desde una perspectiva","robots":{"index":"index","follow":"follow","max-snippet":"max-snippet:-1","max-image-preview":"max-image-preview:large","max-video-preview":"max-video-preview:-1"},"canonical":"https:\/\/libreriaguadalupe.com.ar\/libreria\/producto\/huespedes-de-un-amor\/","og_locale":"es_ES","og_type":"article","og_title":"Hu\u00e9spedes de un amor - Editorial Guadalupe de Argentina","og_description":"Los matrimonios encontrar\u00e1n aqu\u00ed una meditaci\u00f3n inicial con la que se presenta el tema central de reflexi\u00f3n que podr\u00e1n profundizar desde una perspectiva","og_url":"https:\/\/libreriaguadalupe.com.ar\/libreria\/producto\/huespedes-de-un-amor\/","og_site_name":"Editorial Guadalupe de Argentina","article_publisher":"https:\/\/www.facebook.com\/LibreriaGuadalupeAR\/","article_modified_time":"2026-02-04T13:06:08+00:00","og_image":[{"width":407,"height":608,"url":"https:\/\/libreriaguadalupe.com.ar\/libreria\/wp-content\/uploads\/2023\/02\/Huespedes-de-un-amor.jpg","type":"image\/jpeg"}],"twitter_card":"summary_large_image","twitter_misc":{"Tiempo de lectura":"1 minuto"},"schema":{"@context":"https:\/\/schema.org","@graph":[{"@type":"WebPage","@id":"https:\/\/libreriaguadalupe.com.ar\/libreria\/producto\/huespedes-de-un-amor\/","url":"https:\/\/libreriaguadalupe.com.ar\/libreria\/producto\/huespedes-de-un-amor\/","name":"Hu\u00e9spedes de un amor - Editorial Guadalupe de Argentina","isPartOf":{"@id":"https:\/\/libreriaguadalupe.com.ar\/libreria\/#website"},"primaryImageOfPage":{"@id":"https:\/\/libreriaguadalupe.com.ar\/libreria\/producto\/huespedes-de-un-amor\/#primaryimage"},"image":{"@id":"https:\/\/libreriaguadalupe.com.ar\/libreria\/producto\/huespedes-de-un-amor\/#primaryimage"},"thumbnailUrl":"https:\/\/i0.wp.com\/libreriaguadalupe.com.ar\/libreria\/wp-content\/uploads\/2023\/02\/Huespedes-de-un-amor.jpg?fit=407%2C608&ssl=1","datePublished":"2023-02-12T13:43:37+00:00","dateModified":"2026-02-04T13:06:08+00:00","description":"Los matrimonios encontrar\u00e1n aqu\u00ed una meditaci\u00f3n inicial con la que se presenta el tema central de reflexi\u00f3n que podr\u00e1n profundizar desde una perspectiva","breadcrumb":{"@id":"https:\/\/libreriaguadalupe.com.ar\/libreria\/producto\/huespedes-de-un-amor\/#breadcrumb"},"inLanguage":"es","potentialAction":[{"@type":"ReadAction","target":["https:\/\/libreriaguadalupe.com.ar\/libreria\/producto\/huespedes-de-un-amor\/"]}]},{"@type":"ImageObject","inLanguage":"es","@id":"https:\/\/libreriaguadalupe.com.ar\/libreria\/producto\/huespedes-de-un-amor\/#primaryimage","url":"https:\/\/i0.wp.com\/libreriaguadalupe.com.ar\/libreria\/wp-content\/uploads\/2023\/02\/Huespedes-de-un-amor.jpg?fit=407%2C608&ssl=1","contentUrl":"https:\/\/i0.wp.com\/libreriaguadalupe.com.ar\/libreria\/wp-content\/uploads\/2023\/02\/Huespedes-de-un-amor.jpg?fit=407%2C608&ssl=1","width":407,"height":608,"caption":"Hu\u00e9spedes de un amor"},{"@type":"BreadcrumbList","@id":"https:\/\/libreriaguadalupe.com.ar\/libreria\/producto\/huespedes-de-un-amor\/#breadcrumb","itemListElement":[{"@type":"ListItem","position":1,"name":"Portada","item":"https:\/\/libreriaguadalupe.com.ar\/libreria\/"},{"@type":"ListItem","position":2,"name":"Tienda","item":"https:\/\/libreriaguadalupe.com.ar\/libreria\/"},{"@type":"ListItem","position":3,"name":"Hu\u00e9spedes de un amor"}]},{"@type":"WebSite","@id":"https:\/\/libreriaguadalupe.com.ar\/libreria\/#website","url":"https:\/\/libreriaguadalupe.com.ar\/libreria\/","name":"Editorial Guadalupe de Argentina","description":"Congregaci\u00f3n del Verbo Divino","publisher":{"@id":"https:\/\/libreriaguadalupe.com.ar\/libreria\/#organization"},"alternateName":"Librer\u00eda Guadalupe","potentialAction":[{"@type":"SearchAction","target":{"@type":"EntryPoint","urlTemplate":"https:\/\/libreriaguadalupe.com.ar\/libreria\/?s={search_term_string}"},"query-input":{"@type":"PropertyValueSpecification","valueRequired":true,"valueName":"search_term_string"}}],"inLanguage":"es"},{"@type":"Organization","@id":"https:\/\/libreriaguadalupe.com.ar\/libreria\/#organization","name":"Editorial Guadalupe","alternateName":"Librer\u00eda Guadalupe","url":"https:\/\/libreriaguadalupe.com.ar\/libreria\/","logo":{"@type":"ImageObject","inLanguage":"es","@id":"https:\/\/libreriaguadalupe.com.ar\/libreria\/#\/schema\/logo\/image\/","url":"https:\/\/i0.wp.com\/libreriaguadalupe.com.ar\/libreria\/wp-content\/uploads\/2023\/01\/cropped-logo-editorial-guadalupe.webp?fit=500%2C100&ssl=1","contentUrl":"https:\/\/i0.wp.com\/libreriaguadalupe.com.ar\/libreria\/wp-content\/uploads\/2023\/01\/cropped-logo-editorial-guadalupe.webp?fit=500%2C100&ssl=1","width":500,"height":100,"caption":"Editorial Guadalupe"},"image":{"@id":"https:\/\/libreriaguadalupe.com.ar\/libreria\/#\/schema\/logo\/image\/"},"sameAs":["https:\/\/www.facebook.com\/LibreriaGuadalupeAR\/","https:\/\/www.instagram.com\/editorialguadalupe\/","https:\/\/guadalupeeditorial.mercadoshops.com.ar\/"]}]}},"jetpack_publicize_connections":[],"jetpack_sharing_enabled":true,"jetpack-related-posts":[{"id":16042,"url":"https:\/\/libreriaguadalupe.com.ar\/libreria\/producto\/la-fiesta-del-abrazo\/","url_meta":{"origin":15924,"position":0},"title":"La Fiesta del Abrazo","author":"admin","date":"12\/02\/2023","format":false,"excerpt":"AUTOR:\u00a0FLAVIA OUBI\u00d1A ISBN: 9505007042","rel":"","context":"Entrada similar","block_context":{"text":"Entrada similar","link":""},"img":{"alt_text":"","src":"https:\/\/i0.wp.com\/libreriaguadalupe.com.ar\/libreria\/wp-content\/uploads\/2023\/02\/La-fiesta-del-abrazo.jpg?fit=633%2C823&ssl=1&resize=350%2C200","width":350,"height":200,"srcset":"https:\/\/i0.wp.com\/libreriaguadalupe.com.ar\/libreria\/wp-content\/uploads\/2023\/02\/La-fiesta-del-abrazo.jpg?fit=633%2C823&ssl=1&resize=350%2C200 1x, https:\/\/i0.wp.com\/libreriaguadalupe.com.ar\/libreria\/wp-content\/uploads\/2023\/02\/La-fiesta-del-abrazo.jpg?fit=633%2C823&ssl=1&resize=525%2C300 1.5x"},"classes":[]},{"id":16045,"url":"https:\/\/libreriaguadalupe.com.ar\/libreria\/producto\/san-jose-custodio-de-soledades\/","url_meta":{"origin":15924,"position":1},"title":"San Jos\u00e9, Custodio De Soledades","author":"admin","date":"12\/02\/2023","format":false,"excerpt":"AUTOR: BASILE AUGUSTO ISBN: 9505008247 P\u00e1ginas: 42 Medidas: 11 x 17 cm","rel":"","context":"Entrada similar","block_context":{"text":"Entrada similar","link":""},"img":{"alt_text":"","src":"https:\/\/i0.wp.com\/libreriaguadalupe.com.ar\/libreria\/wp-content\/uploads\/2023\/02\/San-Jose-custodio-de-soledades.webp?fit=374%2C500&ssl=1&resize=350%2C200","width":350,"height":200},"classes":[]},{"id":15973,"url":"https:\/\/libreriaguadalupe.com.ar\/libreria\/producto\/no-me-averguenzo-del-evangelio-e-book\/","url_meta":{"origin":15924,"position":2},"title":"No me averg\u00fcenzo del evangelio (E-BOOK)","author":"admin","date":"12\/02\/2023","format":false,"excerpt":"EDICION DIGITAL AUTOR: LEONARDO LEGRAS [\u00a0VER M\u00c1S OBRAS\u00a0] ISBN: 9505007981","rel":"","context":"Entrada similar","block_context":{"text":"Entrada similar","link":""},"img":{"alt_text":"","src":"https:\/\/i0.wp.com\/libreriaguadalupe.com.ar\/libreria\/wp-content\/uploads\/2023\/02\/No-me-averguenzo-del-Evangelio.webp?fit=216%2C287&ssl=1&resize=350%2C200","width":350,"height":200},"classes":[]},{"id":15574,"url":"https:\/\/libreriaguadalupe.com.ar\/libreria\/producto\/lectio-divina-para-la-vida-diaria\/","url_meta":{"origin":15924,"position":3},"title":"Lectio divina para la vida diaria","author":"admin","date":"07\/02\/2023","format":false,"excerpt":"El leccionario del matrimonio","rel":"","context":"Entrada similar","block_context":{"text":"Entrada similar","link":""},"img":{"alt_text":"","src":"","width":0,"height":0},"classes":[]},{"id":15540,"url":"https:\/\/libreriaguadalupe.com.ar\/libreria\/producto\/youcat-2\/","url_meta":{"origin":15924,"position":4},"title":"YOUCAT (Edici\u00f3n Latinoam\u00e9rica)","author":"admin","date":"07\/02\/2023","format":false,"excerpt":"Catecismo Joven de la Iglesia cat\u00f3lica Autor: EDICI\u00d3N EXCLUSIVA PARA DISTRIBUCI\u00d3N EN LATINOAM\u00c9RICA ISBN: 8490551745 Dimensiones: 12,5 x 20,5 cm P\u00e1ginas: 304","rel":"","context":"Entrada similar","block_context":{"text":"Entrada similar","link":""},"img":{"alt_text":"","src":"https:\/\/i0.wp.com\/libreriaguadalupe.com.ar\/libreria\/wp-content\/uploads\/1674\/33\/1233.jpg?fit=334%2C551&ssl=1&resize=350%2C200","width":350,"height":200},"classes":[]},{"id":16115,"url":"https:\/\/libreriaguadalupe.com.ar\/libreria\/producto\/diario-biblico-2023\/","url_meta":{"origin":15924,"position":5},"title":"Diario B\u00edblico 2023","author":"admin","date":"12\/02\/2023","format":false,"excerpt":"Mar\u00eda, madre del Evangelio Viviente, Manantial de alegr\u00eda para los peque\u00f1os, Ruega por nosotros. Am\u00e9n. Aleluya AUTOR: EQUIPO EDITORIAL ISBN: 0000000711","rel":"","context":"Entrada similar","block_context":{"text":"Entrada similar","link":""},"img":{"alt_text":"","src":"https:\/\/i0.wp.com\/libreriaguadalupe.com.ar\/libreria\/wp-content\/uploads\/2023\/02\/Diario-Biblico-2023-Tapa-Guadalupe-1-chico.jpg?fit=398%2C550&ssl=1&resize=350%2C200","width":350,"height":200},"classes":[]}],"_links":{"self":[{"href":"https:\/\/libreriaguadalupe.com.ar\/libreria\/wp-json\/wp\/v2\/product\/15924","targetHints":{"allow":["GET"]}}],"collection":[{"href":"https:\/\/libreriaguadalupe.com.ar\/libreria\/wp-json\/wp\/v2\/product"}],"about":[{"href":"https:\/\/libreriaguadalupe.com.ar\/libreria\/wp-json\/wp\/v2\/types\/product"}],"replies":[{"embeddable":true,"href":"https:\/\/libreriaguadalupe.com.ar\/libreria\/wp-json\/wp\/v2\/comments?post=15924"}],"version-history":[{"count":5,"href":"https:\/\/libreriaguadalupe.com.ar\/libreria\/wp-json\/wp\/v2\/product\/15924\/revisions"}],"predecessor-version":[{"id":19230,"href":"https:\/\/libreriaguadalupe.com.ar\/libreria\/wp-json\/wp\/v2\/product\/15924\/revisions\/19230"}],"wp:featuredmedia":[{"embeddable":true,"href":"https:\/\/libreriaguadalupe.com.ar\/libreria\/wp-json\/wp\/v2\/media\/15925"}],"wp:attachment":[{"href":"https:\/\/libreriaguadalupe.com.ar\/libreria\/wp-json\/wp\/v2\/media?parent=15924"}],"wp:term":[{"taxonomy":"product_brand","embeddable":true,"href":"https:\/\/libreriaguadalupe.com.ar\/libreria\/wp-json\/wp\/v2\/product_brand?post=15924"},{"taxonomy":"product_cat","embeddable":true,"href":"https:\/\/libreriaguadalupe.com.ar\/libreria\/wp-json\/wp\/v2\/product_cat?post=15924"},{"taxonomy":"product_tag","embeddable":true,"href":"https:\/\/libreriaguadalupe.com.ar\/libreria\/wp-json\/wp\/v2\/product_tag?post=15924"}],"curies":[{"name":"wp","href":"https:\/\/api.w.org\/{rel}","templated":true}]}}