{"id":15912,"date":"2023-02-12T10:24:45","date_gmt":"2023-02-12T13:24:45","guid":{"rendered":"https:\/\/libreriaguadalupe.com.ar\/libreria\/?post_type=product&#038;p=15912"},"modified":"2025-12-05T14:40:25","modified_gmt":"2025-12-05T17:40:25","slug":"monsenor-farrel-padre-de-la-teologia-del-pueblo","status":"publish","type":"product","link":"https:\/\/libreriaguadalupe.com.ar\/libreria\/producto\/monsenor-farrel-padre-de-la-teologia-del-pueblo\/","title":{"rendered":"Monse\u00f1or Farrel, Padre de la teolog\u00eda del pueblo"},"content":{"rendered":"<h3>Monse\u00f1or Farrel, Padre de la teolog\u00eda del pueblo<\/h3>\n<p>Si uno quiere conocer las ra\u00edces de la teolog\u00eda argentina, una vertiente de la teolog\u00eda de la liberaci\u00f3n en am\u00e9rica latina, la lectura de Farrell es indispensable. Esta peque\u00f1a obra, precisamente, es una invitaci\u00f3n a ello. La sapiencia de los padres de la teolog\u00eda del pueblo todav\u00eda continua viva en nuestros claustros.<br \/>\nLas reflexiones de Lucio Gera, Rafael Tello y Gerardo Farrell, permanecen en las letras y en los corazones de quienes pudieron compartir con ellos la aventura de buscar a Dios por los caminos del pueblo; este libro es un intento de preservar es tesoro, divulg\u00e1ndolo.<\/p>\n","protected":false},"excerpt":{"rendered":"<p>Las reflexiones de Lucio Gera, Rafael Tello y Gerardo Farrell, permanecen en las letras y en los corazones de quienes pudieron compartir con ellos la aventura de buscar a Dios por los caminos del pueblo; este libro es un intento de preservar es tesoro, divulg\u00e1ndolo.<\/p>\n<p>AUTOR: HERNAN ANTONIO ACOSTA<\/p>\n<p>ISBN: 9505007608<\/p>\n","protected":false},"featured_media":15913,"comment_status":"open","ping_status":"closed","template":"","meta":{"jetpack_publicize_message":"","jetpack_publicize_feature_enabled":true,"jetpack_social_post_already_shared":true,"jetpack_social_options":{"image_generator_settings":{"template":"highway","default_image_id":0,"font":"","enabled":false},"version":2}},"product_brand":[],"product_cat":[88,121],"product_tag":[127],"class_list":{"0":"post-15912","1":"product","2":"type-product","3":"status-publish","4":"has-post-thumbnail","6":"product_cat-espiritualidad-cultura-social","7":"product_cat-guadalupe","8":"product_tag-editorial-guadalupe-de-argentina","10":"first","11":"instock","12":"shipping-taxable","13":"purchasable","14":"product-type-simple"},"yoast_head":"<!-- This site is optimized with the Yoast SEO plugin v27.4 - https:\/\/yoast.com\/product\/yoast-seo-wordpress\/ -->\n<title>Monse\u00f1or Farrel, Padre de la teolog\u00eda del pueblo - Editorial Guadalupe de Argentina<\/title>\n<meta name=\"description\" content=\"Esta peque\u00f1a obra, precisamente, es una invitaci\u00f3n a ello. La sapiencia de los padres de la teolog\u00eda del pueblo todav\u00eda continua viva en nuestros claustros.\" \/>\n<meta name=\"robots\" content=\"index, follow, max-snippet:-1, max-image-preview:large, max-video-preview:-1\" \/>\n<link rel=\"canonical\" href=\"https:\/\/libreriaguadalupe.com.ar\/libreria\/producto\/monsenor-farrel-padre-de-la-teologia-del-pueblo\/\" \/>\n<meta property=\"og:locale\" content=\"es_ES\" \/>\n<meta property=\"og:type\" content=\"article\" \/>\n<meta property=\"og:title\" content=\"Monse\u00f1or Farrel, Padre de la teolog\u00eda del pueblo - Editorial Guadalupe de Argentina\" \/>\n<meta property=\"og:description\" content=\"Esta peque\u00f1a obra, precisamente, es una invitaci\u00f3n a ello. La sapiencia de los padres de la teolog\u00eda del pueblo todav\u00eda continua viva en nuestros claustros.\" \/>\n<meta property=\"og:url\" content=\"https:\/\/libreriaguadalupe.com.ar\/libreria\/producto\/monsenor-farrel-padre-de-la-teologia-del-pueblo\/\" \/>\n<meta property=\"og:site_name\" content=\"Editorial Guadalupe de Argentina\" \/>\n<meta property=\"article:publisher\" content=\"https:\/\/www.facebook.com\/LibreriaGuadalupeAR\/\" \/>\n<meta property=\"article:modified_time\" content=\"2025-12-05T17:40:25+00:00\" \/>\n<meta property=\"og:image\" content=\"https:\/\/libreriaguadalupe.com.ar\/libreria\/wp-content\/uploads\/2023\/02\/Monsenor-Farrell-Padre-de-la-Teologia-del-Pueblo-chico.jpg\" \/>\n\t<meta property=\"og:image:width\" content=\"335\" \/>\n\t<meta property=\"og:image:height\" content=\"500\" \/>\n\t<meta property=\"og:image:type\" content=\"image\/jpeg\" \/>\n<meta name=\"twitter:card\" content=\"summary_large_image\" \/>\n<meta name=\"twitter:label1\" content=\"Tiempo de lectura\" \/>\n\t<meta name=\"twitter:data1\" content=\"1 minuto\" \/>\n<script type=\"application\/ld+json\" class=\"yoast-schema-graph\">{\"@context\":\"https:\\\/\\\/schema.org\",\"@graph\":[{\"@type\":\"WebPage\",\"@id\":\"https:\\\/\\\/libreriaguadalupe.com.ar\\\/libreria\\\/producto\\\/monsenor-farrel-padre-de-la-teologia-del-pueblo\\\/\",\"url\":\"https:\\\/\\\/libreriaguadalupe.com.ar\\\/libreria\\\/producto\\\/monsenor-farrel-padre-de-la-teologia-del-pueblo\\\/\",\"name\":\"Monse\u00f1or Farrel, Padre de la teolog\u00eda del pueblo - Editorial Guadalupe de Argentina\",\"isPartOf\":{\"@id\":\"https:\\\/\\\/libreriaguadalupe.com.ar\\\/libreria\\\/#website\"},\"primaryImageOfPage\":{\"@id\":\"https:\\\/\\\/libreriaguadalupe.com.ar\\\/libreria\\\/producto\\\/monsenor-farrel-padre-de-la-teologia-del-pueblo\\\/#primaryimage\"},\"image\":{\"@id\":\"https:\\\/\\\/libreriaguadalupe.com.ar\\\/libreria\\\/producto\\\/monsenor-farrel-padre-de-la-teologia-del-pueblo\\\/#primaryimage\"},\"thumbnailUrl\":\"https:\\\/\\\/i0.wp.com\\\/libreriaguadalupe.com.ar\\\/libreria\\\/wp-content\\\/uploads\\\/2023\\\/02\\\/Monsenor-Farrell-Padre-de-la-Teologia-del-Pueblo-chico.jpg?fit=335%2C500&ssl=1\",\"datePublished\":\"2023-02-12T13:24:45+00:00\",\"dateModified\":\"2025-12-05T17:40:25+00:00\",\"description\":\"Esta peque\u00f1a obra, precisamente, es una invitaci\u00f3n a ello. La sapiencia de los padres de la teolog\u00eda del pueblo todav\u00eda continua viva en nuestros claustros.\",\"breadcrumb\":{\"@id\":\"https:\\\/\\\/libreriaguadalupe.com.ar\\\/libreria\\\/producto\\\/monsenor-farrel-padre-de-la-teologia-del-pueblo\\\/#breadcrumb\"},\"inLanguage\":\"es\",\"potentialAction\":[{\"@type\":\"ReadAction\",\"target\":[\"https:\\\/\\\/libreriaguadalupe.com.ar\\\/libreria\\\/producto\\\/monsenor-farrel-padre-de-la-teologia-del-pueblo\\\/\"]}]},{\"@type\":\"ImageObject\",\"inLanguage\":\"es\",\"@id\":\"https:\\\/\\\/libreriaguadalupe.com.ar\\\/libreria\\\/producto\\\/monsenor-farrel-padre-de-la-teologia-del-pueblo\\\/#primaryimage\",\"url\":\"https:\\\/\\\/i0.wp.com\\\/libreriaguadalupe.com.ar\\\/libreria\\\/wp-content\\\/uploads\\\/2023\\\/02\\\/Monsenor-Farrell-Padre-de-la-Teologia-del-Pueblo-chico.jpg?fit=335%2C500&ssl=1\",\"contentUrl\":\"https:\\\/\\\/i0.wp.com\\\/libreriaguadalupe.com.ar\\\/libreria\\\/wp-content\\\/uploads\\\/2023\\\/02\\\/Monsenor-Farrell-Padre-de-la-Teologia-del-Pueblo-chico.jpg?fit=335%2C500&ssl=1\",\"width\":335,\"height\":500},{\"@type\":\"BreadcrumbList\",\"@id\":\"https:\\\/\\\/libreriaguadalupe.com.ar\\\/libreria\\\/producto\\\/monsenor-farrel-padre-de-la-teologia-del-pueblo\\\/#breadcrumb\",\"itemListElement\":[{\"@type\":\"ListItem\",\"position\":1,\"name\":\"Portada\",\"item\":\"https:\\\/\\\/libreriaguadalupe.com.ar\\\/libreria\\\/\"},{\"@type\":\"ListItem\",\"position\":2,\"name\":\"Tienda\",\"item\":\"https:\\\/\\\/libreriaguadalupe.com.ar\\\/libreria\\\/\"},{\"@type\":\"ListItem\",\"position\":3,\"name\":\"Monse\u00f1or Farrel, Padre de la teolog\u00eda del pueblo\"}]},{\"@type\":\"WebSite\",\"@id\":\"https:\\\/\\\/libreriaguadalupe.com.ar\\\/libreria\\\/#website\",\"url\":\"https:\\\/\\\/libreriaguadalupe.com.ar\\\/libreria\\\/\",\"name\":\"Editorial Guadalupe de Argentina\",\"description\":\"Congregaci\u00f3n del Verbo Divino\",\"publisher\":{\"@id\":\"https:\\\/\\\/libreriaguadalupe.com.ar\\\/libreria\\\/#organization\"},\"alternateName\":\"Librer\u00eda Guadalupe\",\"potentialAction\":[{\"@type\":\"SearchAction\",\"target\":{\"@type\":\"EntryPoint\",\"urlTemplate\":\"https:\\\/\\\/libreriaguadalupe.com.ar\\\/libreria\\\/?s={search_term_string}\"},\"query-input\":{\"@type\":\"PropertyValueSpecification\",\"valueRequired\":true,\"valueName\":\"search_term_string\"}}],\"inLanguage\":\"es\"},{\"@type\":\"Organization\",\"@id\":\"https:\\\/\\\/libreriaguadalupe.com.ar\\\/libreria\\\/#organization\",\"name\":\"Editorial Guadalupe\",\"alternateName\":\"Librer\u00eda Guadalupe\",\"url\":\"https:\\\/\\\/libreriaguadalupe.com.ar\\\/libreria\\\/\",\"logo\":{\"@type\":\"ImageObject\",\"inLanguage\":\"es\",\"@id\":\"https:\\\/\\\/libreriaguadalupe.com.ar\\\/libreria\\\/#\\\/schema\\\/logo\\\/image\\\/\",\"url\":\"https:\\\/\\\/i0.wp.com\\\/libreriaguadalupe.com.ar\\\/libreria\\\/wp-content\\\/uploads\\\/2023\\\/01\\\/cropped-logo-editorial-guadalupe.webp?fit=500%2C100&ssl=1\",\"contentUrl\":\"https:\\\/\\\/i0.wp.com\\\/libreriaguadalupe.com.ar\\\/libreria\\\/wp-content\\\/uploads\\\/2023\\\/01\\\/cropped-logo-editorial-guadalupe.webp?fit=500%2C100&ssl=1\",\"width\":500,\"height\":100,\"caption\":\"Editorial Guadalupe\"},\"image\":{\"@id\":\"https:\\\/\\\/libreriaguadalupe.com.ar\\\/libreria\\\/#\\\/schema\\\/logo\\\/image\\\/\"},\"sameAs\":[\"https:\\\/\\\/www.facebook.com\\\/LibreriaGuadalupeAR\\\/\",\"https:\\\/\\\/www.instagram.com\\\/editorialguadalupe\\\/\",\"https:\\\/\\\/guadalupeeditorial.mercadoshops.com.ar\\\/\"]}]}<\/script>\n<!-- \/ Yoast SEO plugin. -->","yoast_head_json":{"title":"Monse\u00f1or Farrel, Padre de la teolog\u00eda del pueblo - Editorial Guadalupe de Argentina","description":"Esta peque\u00f1a obra, precisamente, es una invitaci\u00f3n a ello. La sapiencia de los padres de la teolog\u00eda del pueblo todav\u00eda continua viva en nuestros claustros.","robots":{"index":"index","follow":"follow","max-snippet":"max-snippet:-1","max-image-preview":"max-image-preview:large","max-video-preview":"max-video-preview:-1"},"canonical":"https:\/\/libreriaguadalupe.com.ar\/libreria\/producto\/monsenor-farrel-padre-de-la-teologia-del-pueblo\/","og_locale":"es_ES","og_type":"article","og_title":"Monse\u00f1or Farrel, Padre de la teolog\u00eda del pueblo - Editorial Guadalupe de Argentina","og_description":"Esta peque\u00f1a obra, precisamente, es una invitaci\u00f3n a ello. La sapiencia de los padres de la teolog\u00eda del pueblo todav\u00eda continua viva en nuestros claustros.","og_url":"https:\/\/libreriaguadalupe.com.ar\/libreria\/producto\/monsenor-farrel-padre-de-la-teologia-del-pueblo\/","og_site_name":"Editorial Guadalupe de Argentina","article_publisher":"https:\/\/www.facebook.com\/LibreriaGuadalupeAR\/","article_modified_time":"2025-12-05T17:40:25+00:00","og_image":[{"width":335,"height":500,"url":"https:\/\/libreriaguadalupe.com.ar\/libreria\/wp-content\/uploads\/2023\/02\/Monsenor-Farrell-Padre-de-la-Teologia-del-Pueblo-chico.jpg","type":"image\/jpeg"}],"twitter_card":"summary_large_image","twitter_misc":{"Tiempo de lectura":"1 minuto"},"schema":{"@context":"https:\/\/schema.org","@graph":[{"@type":"WebPage","@id":"https:\/\/libreriaguadalupe.com.ar\/libreria\/producto\/monsenor-farrel-padre-de-la-teologia-del-pueblo\/","url":"https:\/\/libreriaguadalupe.com.ar\/libreria\/producto\/monsenor-farrel-padre-de-la-teologia-del-pueblo\/","name":"Monse\u00f1or Farrel, Padre de la teolog\u00eda del pueblo - Editorial Guadalupe de Argentina","isPartOf":{"@id":"https:\/\/libreriaguadalupe.com.ar\/libreria\/#website"},"primaryImageOfPage":{"@id":"https:\/\/libreriaguadalupe.com.ar\/libreria\/producto\/monsenor-farrel-padre-de-la-teologia-del-pueblo\/#primaryimage"},"image":{"@id":"https:\/\/libreriaguadalupe.com.ar\/libreria\/producto\/monsenor-farrel-padre-de-la-teologia-del-pueblo\/#primaryimage"},"thumbnailUrl":"https:\/\/i0.wp.com\/libreriaguadalupe.com.ar\/libreria\/wp-content\/uploads\/2023\/02\/Monsenor-Farrell-Padre-de-la-Teologia-del-Pueblo-chico.jpg?fit=335%2C500&ssl=1","datePublished":"2023-02-12T13:24:45+00:00","dateModified":"2025-12-05T17:40:25+00:00","description":"Esta peque\u00f1a obra, precisamente, es una invitaci\u00f3n a ello. La sapiencia de los padres de la teolog\u00eda del pueblo todav\u00eda continua viva en nuestros claustros.","breadcrumb":{"@id":"https:\/\/libreriaguadalupe.com.ar\/libreria\/producto\/monsenor-farrel-padre-de-la-teologia-del-pueblo\/#breadcrumb"},"inLanguage":"es","potentialAction":[{"@type":"ReadAction","target":["https:\/\/libreriaguadalupe.com.ar\/libreria\/producto\/monsenor-farrel-padre-de-la-teologia-del-pueblo\/"]}]},{"@type":"ImageObject","inLanguage":"es","@id":"https:\/\/libreriaguadalupe.com.ar\/libreria\/producto\/monsenor-farrel-padre-de-la-teologia-del-pueblo\/#primaryimage","url":"https:\/\/i0.wp.com\/libreriaguadalupe.com.ar\/libreria\/wp-content\/uploads\/2023\/02\/Monsenor-Farrell-Padre-de-la-Teologia-del-Pueblo-chico.jpg?fit=335%2C500&ssl=1","contentUrl":"https:\/\/i0.wp.com\/libreriaguadalupe.com.ar\/libreria\/wp-content\/uploads\/2023\/02\/Monsenor-Farrell-Padre-de-la-Teologia-del-Pueblo-chico.jpg?fit=335%2C500&ssl=1","width":335,"height":500},{"@type":"BreadcrumbList","@id":"https:\/\/libreriaguadalupe.com.ar\/libreria\/producto\/monsenor-farrel-padre-de-la-teologia-del-pueblo\/#breadcrumb","itemListElement":[{"@type":"ListItem","position":1,"name":"Portada","item":"https:\/\/libreriaguadalupe.com.ar\/libreria\/"},{"@type":"ListItem","position":2,"name":"Tienda","item":"https:\/\/libreriaguadalupe.com.ar\/libreria\/"},{"@type":"ListItem","position":3,"name":"Monse\u00f1or Farrel, Padre de la teolog\u00eda del pueblo"}]},{"@type":"WebSite","@id":"https:\/\/libreriaguadalupe.com.ar\/libreria\/#website","url":"https:\/\/libreriaguadalupe.com.ar\/libreria\/","name":"Editorial Guadalupe de Argentina","description":"Congregaci\u00f3n del Verbo Divino","publisher":{"@id":"https:\/\/libreriaguadalupe.com.ar\/libreria\/#organization"},"alternateName":"Librer\u00eda Guadalupe","potentialAction":[{"@type":"SearchAction","target":{"@type":"EntryPoint","urlTemplate":"https:\/\/libreriaguadalupe.com.ar\/libreria\/?s={search_term_string}"},"query-input":{"@type":"PropertyValueSpecification","valueRequired":true,"valueName":"search_term_string"}}],"inLanguage":"es"},{"@type":"Organization","@id":"https:\/\/libreriaguadalupe.com.ar\/libreria\/#organization","name":"Editorial Guadalupe","alternateName":"Librer\u00eda Guadalupe","url":"https:\/\/libreriaguadalupe.com.ar\/libreria\/","logo":{"@type":"ImageObject","inLanguage":"es","@id":"https:\/\/libreriaguadalupe.com.ar\/libreria\/#\/schema\/logo\/image\/","url":"https:\/\/i0.wp.com\/libreriaguadalupe.com.ar\/libreria\/wp-content\/uploads\/2023\/01\/cropped-logo-editorial-guadalupe.webp?fit=500%2C100&ssl=1","contentUrl":"https:\/\/i0.wp.com\/libreriaguadalupe.com.ar\/libreria\/wp-content\/uploads\/2023\/01\/cropped-logo-editorial-guadalupe.webp?fit=500%2C100&ssl=1","width":500,"height":100,"caption":"Editorial Guadalupe"},"image":{"@id":"https:\/\/libreriaguadalupe.com.ar\/libreria\/#\/schema\/logo\/image\/"},"sameAs":["https:\/\/www.facebook.com\/LibreriaGuadalupeAR\/","https:\/\/www.instagram.com\/editorialguadalupe\/","https:\/\/guadalupeeditorial.mercadoshops.com.ar\/"]}]}},"jetpack_publicize_connections":[],"jetpack_sharing_enabled":true,"jetpack-related-posts":[{"id":13097,"url":"https:\/\/libreriaguadalupe.com.ar\/libreria\/producto\/el-dios-que-esta-teologia-del-antiguo-testamento\/","url_meta":{"origin":15912,"position":0},"title":"El Dios que Esta","author":"admin","date":"18\/01\/2023","format":false,"excerpt":"Teolog\u00eda del Antiguo Testamento Autor: Pablo Rub\u00e9n Andi\u00f1ach ISBN: 8490730720 Dimensiones: 16 x 24 cm P\u00e1ginas: 416","rel":"","context":"Entrada similar","block_context":{"text":"Entrada similar","link":""},"img":{"alt_text":"","src":"https:\/\/i0.wp.com\/libreriaguadalupe.com.ar\/libreria\/wp-content\/uploads\/2023\/01\/El-Dios-que-Esta.jpg?fit=380%2C586&ssl=1&resize=350%2C200","width":350,"height":200},"classes":[]},{"id":16848,"url":"https:\/\/libreriaguadalupe.com.ar\/libreria\/producto\/al-encuentro-de-dios-en-la-escritura\/","url_meta":{"origin":15912,"position":1},"title":"Al encuentro de Dios en la Escritura","author":"admin","date":"22\/03\/2023","format":false,"excerpt":"Estudios de teolog\u00eda b\u00edblica Autor: F\u00e9lix Garc\u00eda L\u00f3pez ISBN: 9505008858 Dimensiones: 16 x 24 cm P\u00e1ginas: 256","rel":"","context":"Entrada similar","block_context":{"text":"Entrada similar","link":""},"img":{"alt_text":"","src":"https:\/\/i0.wp.com\/libreriaguadalupe.com.ar\/libreria\/wp-content\/uploads\/2023\/03\/Al-encuentro-de-Dios-en-la-Escritura.jpg?fit=380%2C586&ssl=1&resize=350%2C200","width":350,"height":200},"classes":[]},{"id":16967,"url":"https:\/\/libreriaguadalupe.com.ar\/libreria\/producto\/de-las-ciencias-a-la-teologia\/","url_meta":{"origin":15912,"position":2},"title":"De las ciencias a la teolog\u00eda","author":"admin","date":"23\/03\/2023","format":false,"excerpt":"Ensayos interdisciplinares. Homenaje a Manuel Garc\u00eda Doncel Autor: Jes\u00fas Romero Mo\u00f1ivas ISBN: 8499451916 Dimensiones: 16,5 x 23 cm P\u00e1ginas: 432","rel":"","context":"Entrada similar","block_context":{"text":"Entrada similar","link":""},"img":{"alt_text":"","src":"https:\/\/i0.wp.com\/libreriaguadalupe.com.ar\/libreria\/wp-content\/uploads\/2023\/03\/De-las-ciencias-a-la-teologia.jpg?fit=380%2C586&ssl=1&resize=350%2C200","width":350,"height":200},"classes":[]},{"id":16063,"url":"https:\/\/libreriaguadalupe.com.ar\/libreria\/producto\/asumir-para-transformar\/","url_meta":{"origin":15912,"position":3},"title":"Asumir para transformar","author":"admin","date":"12\/02\/2023","format":false,"excerpt":"Psico-teolog\u00eda de la conversi\u00f3n y la madurez afectiva (Predicaciones n\u00ba 10) AUTOR: CLAUDIO RIZZO ISBN: 9505008353","rel":"","context":"Entrada similar","block_context":{"text":"Entrada similar","link":""},"img":{"alt_text":"","src":"https:\/\/i0.wp.com\/libreriaguadalupe.com.ar\/libreria\/wp-content\/uploads\/2023\/02\/ASUMIR-PARA-TRANSFORMAR.jpg?fit=351%2C500&ssl=1&resize=350%2C200","width":350,"height":200},"classes":[]},{"id":16797,"url":"https:\/\/libreriaguadalupe.com.ar\/libreria\/producto\/biblia-e-infancia\/","url_meta":{"origin":15912,"position":4},"title":"Biblia e infancia","author":"admin","date":"21\/03\/2023","format":false,"excerpt":"Un abordaje interdisciplinar AUTOR: LEVAGGI CONSTANZA [ VER M\u00c1S OBRAS ] ISBN: 9789505006915 P\u00e1ginas: 148 Medidas: 16 x 23 cm","rel":"","context":"Entrada similar","block_context":{"text":"Entrada similar","link":""},"img":{"alt_text":"","src":"https:\/\/i0.wp.com\/libreriaguadalupe.com.ar\/libreria\/wp-content\/uploads\/2023\/03\/Biblia-E-Infancia-1.jpeg?fit=343%2C500&ssl=1&resize=350%2C200","width":350,"height":200},"classes":[]},{"id":16829,"url":"https:\/\/libreriaguadalupe.com.ar\/libreria\/producto\/de-pastores-y-de-ovejas\/","url_meta":{"origin":15912,"position":5},"title":"De Pastores Y De Ovejas","author":"admin","date":"22\/03\/2023","format":false,"excerpt":"Escritos sacerdotales de Mons. H\u00e9ctor Aguer Autor: UNIVERSIDAD CATOLICA DE LA PLATA ISBN: 9789505007448 Dimensiones: 16 x 23 cm P\u00e1ginas: 296","rel":"","context":"Entrada similar","block_context":{"text":"Entrada similar","link":""},"img":{"alt_text":"","src":"https:\/\/i0.wp.com\/libreriaguadalupe.com.ar\/libreria\/wp-content\/uploads\/2023\/03\/De-Pastores-Y-De-Ovejas.jpeg?fit=340%2C500&ssl=1&resize=350%2C200","width":350,"height":200},"classes":[]}],"_links":{"self":[{"href":"https:\/\/libreriaguadalupe.com.ar\/libreria\/wp-json\/wp\/v2\/product\/15912","targetHints":{"allow":["GET"]}}],"collection":[{"href":"https:\/\/libreriaguadalupe.com.ar\/libreria\/wp-json\/wp\/v2\/product"}],"about":[{"href":"https:\/\/libreriaguadalupe.com.ar\/libreria\/wp-json\/wp\/v2\/types\/product"}],"replies":[{"embeddable":true,"href":"https:\/\/libreriaguadalupe.com.ar\/libreria\/wp-json\/wp\/v2\/comments?post=15912"}],"version-history":[{"count":1,"href":"https:\/\/libreriaguadalupe.com.ar\/libreria\/wp-json\/wp\/v2\/product\/15912\/revisions"}],"predecessor-version":[{"id":15914,"href":"https:\/\/libreriaguadalupe.com.ar\/libreria\/wp-json\/wp\/v2\/product\/15912\/revisions\/15914"}],"wp:featuredmedia":[{"embeddable":true,"href":"https:\/\/libreriaguadalupe.com.ar\/libreria\/wp-json\/wp\/v2\/media\/15913"}],"wp:attachment":[{"href":"https:\/\/libreriaguadalupe.com.ar\/libreria\/wp-json\/wp\/v2\/media?parent=15912"}],"wp:term":[{"taxonomy":"product_brand","embeddable":true,"href":"https:\/\/libreriaguadalupe.com.ar\/libreria\/wp-json\/wp\/v2\/product_brand?post=15912"},{"taxonomy":"product_cat","embeddable":true,"href":"https:\/\/libreriaguadalupe.com.ar\/libreria\/wp-json\/wp\/v2\/product_cat?post=15912"},{"taxonomy":"product_tag","embeddable":true,"href":"https:\/\/libreriaguadalupe.com.ar\/libreria\/wp-json\/wp\/v2\/product_tag?post=15912"}],"curies":[{"name":"wp","href":"https:\/\/api.w.org\/{rel}","templated":true}]}}