{"id":15816,"date":"2023-02-11T14:47:30","date_gmt":"2023-02-11T17:47:30","guid":{"rendered":"https:\/\/libreriaguadalupe.com.ar\/libreria\/?post_type=product&#038;p=15816"},"modified":"2025-02-04T13:08:52","modified_gmt":"2025-02-04T16:08:52","slug":"violencia-sexismo-silencio","status":"publish","type":"product","link":"https:\/\/libreriaguadalupe.com.ar\/libreria\/producto\/violencia-sexismo-silencio\/","title":{"rendered":"Violencia, sexismo, silencio"},"content":{"rendered":"<h3>Violencia, sexismo, silencio<\/h3>\n<h5 class=\"my-1 font-weight-normal\">In-conclusiones en el libro de los Jueces<\/h5>\n<ul>\n<li>Mercedes Navarro Puerto<\/li>\n<\/ul>\n<div id=\"textoPre0\" class=\"single-book-about-content TextoPre\">El libro de los Jueces contiene historias sobre hombres y mujeres agentes y v\u00edctimas de violencia. No obstante, hay diferencias significativas de g\u00e9nero: las mujeres son objeto de violencias m\u00faltiples, variadas y de una crueldad que no sufren los hombres. Ellas son sacrificadas, violadas, asesinadas, descuartizadas, utilizadas como reclamo de guerra&#8230; Ante todo lo cual, la figura de YHWH guarda un desconcertante y pavoroso silencio. Esta obra centra su ex\u00e9gesis y su hermen\u00e9utica en las mujeres, agentes y, sobre todo, v\u00edctimas de la violencia, y reflexiona sobre el silencio divino.<br \/>\nLos lectores y lectoras podr\u00e1n asomarse a un mundo antiguo y actual. Muchas de estas historias datan de hace tres mil a\u00f1os y, sin embargo, se parecen mucho a historias de hoy. \u00bfSer\u00e1n capaces esos lectores y lectoras de una empat\u00eda activa ante ellas? \u00bfPodr\u00e1n convertirse en testigos? \u00bfO preferir\u00e1n ser c\u00f3mplices de la violencia, especialmente la que se perpetra contra las mujeres en nuestro mundo?<\/div>\n","protected":false},"excerpt":{"rendered":"<p class=\"my-1 font-weight-normal\"><strong>In-conclusiones en el libro de los Jueces<\/strong><\/p>\n<p>Autor: Mercedes Navarro Puerto<strong><br \/>\n<\/strong>ISBN: 8499456232<br \/>\nDimensiones: 16 x 24 cm<br \/>\nP\u00e1ginas: 192<\/p>\n","protected":false},"featured_media":15817,"comment_status":"open","ping_status":"closed","template":"","meta":{"jetpack_publicize_message":"","jetpack_publicize_feature_enabled":true,"jetpack_social_post_already_shared":true,"jetpack_social_options":{"image_generator_settings":{"template":"highway","default_image_id":0,"font":"","enabled":false},"version":2}},"product_brand":[],"product_cat":[109],"product_tag":[127,131],"class_list":{"0":"post-15816","1":"product","2":"type-product","3":"status-publish","4":"has-post-thumbnail","6":"product_cat-verbo-divino","7":"product_tag-editorial-guadalupe-de-argentina","8":"product_tag-verbo-divino","10":"first","11":"instock","12":"shipping-taxable","13":"purchasable","14":"product-type-simple"},"yoast_head":"<!-- This site is optimized with the Yoast SEO plugin v27.4 - https:\/\/yoast.com\/product\/yoast-seo-wordpress\/ -->\n<title>Violencia, sexismo, silencio - Editorial Guadalupe de Argentina<\/title>\n<meta name=\"description\" content=\"El libro de los Jueces contiene historias sobre hombres y mujeres agentes y v\u00edctimas de violencia. No obstante, hay diferencias significativas de g\u00e9nero: las mujeres son objeto de violencias m\u00faltiples, variadas y de una crueldad que no sufren los hombres.\" \/>\n<meta name=\"robots\" content=\"index, follow, max-snippet:-1, max-image-preview:large, max-video-preview:-1\" \/>\n<link rel=\"canonical\" href=\"https:\/\/libreriaguadalupe.com.ar\/libreria\/producto\/violencia-sexismo-silencio\/\" \/>\n<meta property=\"og:locale\" content=\"es_ES\" \/>\n<meta property=\"og:type\" content=\"article\" \/>\n<meta property=\"og:title\" content=\"Violencia, sexismo, silencio - Editorial Guadalupe de Argentina\" \/>\n<meta property=\"og:description\" content=\"El libro de los Jueces contiene historias sobre hombres y mujeres agentes y v\u00edctimas de violencia. No obstante, hay diferencias significativas de g\u00e9nero: las mujeres son objeto de violencias m\u00faltiples, variadas y de una crueldad que no sufren los hombres.\" \/>\n<meta property=\"og:url\" content=\"https:\/\/libreriaguadalupe.com.ar\/libreria\/producto\/violencia-sexismo-silencio\/\" \/>\n<meta property=\"og:site_name\" content=\"Editorial Guadalupe de Argentina\" \/>\n<meta property=\"article:publisher\" content=\"https:\/\/www.facebook.com\/LibreriaGuadalupeAR\/\" \/>\n<meta property=\"article:modified_time\" content=\"2025-02-04T16:08:52+00:00\" \/>\n<meta property=\"og:image\" content=\"https:\/\/libreriaguadalupe.com.ar\/libreria\/wp-content\/uploads\/2023\/02\/Violencia-sexismo-silencio.jpg\" \/>\n\t<meta property=\"og:image:width\" content=\"380\" \/>\n\t<meta property=\"og:image:height\" content=\"586\" \/>\n\t<meta property=\"og:image:type\" content=\"image\/jpeg\" \/>\n<meta name=\"twitter:card\" content=\"summary_large_image\" \/>\n<meta name=\"twitter:label1\" content=\"Tiempo de lectura\" \/>\n\t<meta name=\"twitter:data1\" content=\"1 minuto\" \/>\n<script type=\"application\/ld+json\" class=\"yoast-schema-graph\">{\"@context\":\"https:\\\/\\\/schema.org\",\"@graph\":[{\"@type\":\"WebPage\",\"@id\":\"https:\\\/\\\/libreriaguadalupe.com.ar\\\/libreria\\\/producto\\\/violencia-sexismo-silencio\\\/\",\"url\":\"https:\\\/\\\/libreriaguadalupe.com.ar\\\/libreria\\\/producto\\\/violencia-sexismo-silencio\\\/\",\"name\":\"Violencia, sexismo, silencio - Editorial Guadalupe de Argentina\",\"isPartOf\":{\"@id\":\"https:\\\/\\\/libreriaguadalupe.com.ar\\\/libreria\\\/#website\"},\"primaryImageOfPage\":{\"@id\":\"https:\\\/\\\/libreriaguadalupe.com.ar\\\/libreria\\\/producto\\\/violencia-sexismo-silencio\\\/#primaryimage\"},\"image\":{\"@id\":\"https:\\\/\\\/libreriaguadalupe.com.ar\\\/libreria\\\/producto\\\/violencia-sexismo-silencio\\\/#primaryimage\"},\"thumbnailUrl\":\"https:\\\/\\\/i0.wp.com\\\/libreriaguadalupe.com.ar\\\/libreria\\\/wp-content\\\/uploads\\\/2023\\\/02\\\/Violencia-sexismo-silencio.jpg?fit=380%2C586&ssl=1\",\"datePublished\":\"2023-02-11T17:47:30+00:00\",\"dateModified\":\"2025-02-04T16:08:52+00:00\",\"description\":\"El libro de los Jueces contiene historias sobre hombres y mujeres agentes y v\u00edctimas de violencia. No obstante, hay diferencias significativas de g\u00e9nero: las mujeres son objeto de violencias m\u00faltiples, variadas y de una crueldad que no sufren los hombres.\",\"breadcrumb\":{\"@id\":\"https:\\\/\\\/libreriaguadalupe.com.ar\\\/libreria\\\/producto\\\/violencia-sexismo-silencio\\\/#breadcrumb\"},\"inLanguage\":\"es\",\"potentialAction\":[{\"@type\":\"ReadAction\",\"target\":[\"https:\\\/\\\/libreriaguadalupe.com.ar\\\/libreria\\\/producto\\\/violencia-sexismo-silencio\\\/\"]}]},{\"@type\":\"ImageObject\",\"inLanguage\":\"es\",\"@id\":\"https:\\\/\\\/libreriaguadalupe.com.ar\\\/libreria\\\/producto\\\/violencia-sexismo-silencio\\\/#primaryimage\",\"url\":\"https:\\\/\\\/i0.wp.com\\\/libreriaguadalupe.com.ar\\\/libreria\\\/wp-content\\\/uploads\\\/2023\\\/02\\\/Violencia-sexismo-silencio.jpg?fit=380%2C586&ssl=1\",\"contentUrl\":\"https:\\\/\\\/i0.wp.com\\\/libreriaguadalupe.com.ar\\\/libreria\\\/wp-content\\\/uploads\\\/2023\\\/02\\\/Violencia-sexismo-silencio.jpg?fit=380%2C586&ssl=1\",\"width\":380,\"height\":586},{\"@type\":\"BreadcrumbList\",\"@id\":\"https:\\\/\\\/libreriaguadalupe.com.ar\\\/libreria\\\/producto\\\/violencia-sexismo-silencio\\\/#breadcrumb\",\"itemListElement\":[{\"@type\":\"ListItem\",\"position\":1,\"name\":\"Portada\",\"item\":\"https:\\\/\\\/libreriaguadalupe.com.ar\\\/libreria\\\/\"},{\"@type\":\"ListItem\",\"position\":2,\"name\":\"Tienda\",\"item\":\"https:\\\/\\\/libreriaguadalupe.com.ar\\\/libreria\\\/\"},{\"@type\":\"ListItem\",\"position\":3,\"name\":\"Violencia, sexismo, silencio\"}]},{\"@type\":\"WebSite\",\"@id\":\"https:\\\/\\\/libreriaguadalupe.com.ar\\\/libreria\\\/#website\",\"url\":\"https:\\\/\\\/libreriaguadalupe.com.ar\\\/libreria\\\/\",\"name\":\"Editorial Guadalupe de Argentina\",\"description\":\"Congregaci\u00f3n del Verbo Divino\",\"publisher\":{\"@id\":\"https:\\\/\\\/libreriaguadalupe.com.ar\\\/libreria\\\/#organization\"},\"alternateName\":\"Librer\u00eda Guadalupe\",\"potentialAction\":[{\"@type\":\"SearchAction\",\"target\":{\"@type\":\"EntryPoint\",\"urlTemplate\":\"https:\\\/\\\/libreriaguadalupe.com.ar\\\/libreria\\\/?s={search_term_string}\"},\"query-input\":{\"@type\":\"PropertyValueSpecification\",\"valueRequired\":true,\"valueName\":\"search_term_string\"}}],\"inLanguage\":\"es\"},{\"@type\":\"Organization\",\"@id\":\"https:\\\/\\\/libreriaguadalupe.com.ar\\\/libreria\\\/#organization\",\"name\":\"Editorial Guadalupe\",\"alternateName\":\"Librer\u00eda Guadalupe\",\"url\":\"https:\\\/\\\/libreriaguadalupe.com.ar\\\/libreria\\\/\",\"logo\":{\"@type\":\"ImageObject\",\"inLanguage\":\"es\",\"@id\":\"https:\\\/\\\/libreriaguadalupe.com.ar\\\/libreria\\\/#\\\/schema\\\/logo\\\/image\\\/\",\"url\":\"https:\\\/\\\/i0.wp.com\\\/libreriaguadalupe.com.ar\\\/libreria\\\/wp-content\\\/uploads\\\/2023\\\/01\\\/cropped-logo-editorial-guadalupe.webp?fit=500%2C100&ssl=1\",\"contentUrl\":\"https:\\\/\\\/i0.wp.com\\\/libreriaguadalupe.com.ar\\\/libreria\\\/wp-content\\\/uploads\\\/2023\\\/01\\\/cropped-logo-editorial-guadalupe.webp?fit=500%2C100&ssl=1\",\"width\":500,\"height\":100,\"caption\":\"Editorial Guadalupe\"},\"image\":{\"@id\":\"https:\\\/\\\/libreriaguadalupe.com.ar\\\/libreria\\\/#\\\/schema\\\/logo\\\/image\\\/\"},\"sameAs\":[\"https:\\\/\\\/www.facebook.com\\\/LibreriaGuadalupeAR\\\/\",\"https:\\\/\\\/www.instagram.com\\\/editorialguadalupe\\\/\",\"https:\\\/\\\/guadalupeeditorial.mercadoshops.com.ar\\\/\"]}]}<\/script>\n<!-- \/ Yoast SEO plugin. -->","yoast_head_json":{"title":"Violencia, sexismo, silencio - Editorial Guadalupe de Argentina","description":"El libro de los Jueces contiene historias sobre hombres y mujeres agentes y v\u00edctimas de violencia. No obstante, hay diferencias significativas de g\u00e9nero: las mujeres son objeto de violencias m\u00faltiples, variadas y de una crueldad que no sufren los hombres.","robots":{"index":"index","follow":"follow","max-snippet":"max-snippet:-1","max-image-preview":"max-image-preview:large","max-video-preview":"max-video-preview:-1"},"canonical":"https:\/\/libreriaguadalupe.com.ar\/libreria\/producto\/violencia-sexismo-silencio\/","og_locale":"es_ES","og_type":"article","og_title":"Violencia, sexismo, silencio - Editorial Guadalupe de Argentina","og_description":"El libro de los Jueces contiene historias sobre hombres y mujeres agentes y v\u00edctimas de violencia. No obstante, hay diferencias significativas de g\u00e9nero: las mujeres son objeto de violencias m\u00faltiples, variadas y de una crueldad que no sufren los hombres.","og_url":"https:\/\/libreriaguadalupe.com.ar\/libreria\/producto\/violencia-sexismo-silencio\/","og_site_name":"Editorial Guadalupe de Argentina","article_publisher":"https:\/\/www.facebook.com\/LibreriaGuadalupeAR\/","article_modified_time":"2025-02-04T16:08:52+00:00","og_image":[{"width":380,"height":586,"url":"https:\/\/libreriaguadalupe.com.ar\/libreria\/wp-content\/uploads\/2023\/02\/Violencia-sexismo-silencio.jpg","type":"image\/jpeg"}],"twitter_card":"summary_large_image","twitter_misc":{"Tiempo de lectura":"1 minuto"},"schema":{"@context":"https:\/\/schema.org","@graph":[{"@type":"WebPage","@id":"https:\/\/libreriaguadalupe.com.ar\/libreria\/producto\/violencia-sexismo-silencio\/","url":"https:\/\/libreriaguadalupe.com.ar\/libreria\/producto\/violencia-sexismo-silencio\/","name":"Violencia, sexismo, silencio - Editorial Guadalupe de Argentina","isPartOf":{"@id":"https:\/\/libreriaguadalupe.com.ar\/libreria\/#website"},"primaryImageOfPage":{"@id":"https:\/\/libreriaguadalupe.com.ar\/libreria\/producto\/violencia-sexismo-silencio\/#primaryimage"},"image":{"@id":"https:\/\/libreriaguadalupe.com.ar\/libreria\/producto\/violencia-sexismo-silencio\/#primaryimage"},"thumbnailUrl":"https:\/\/i0.wp.com\/libreriaguadalupe.com.ar\/libreria\/wp-content\/uploads\/2023\/02\/Violencia-sexismo-silencio.jpg?fit=380%2C586&ssl=1","datePublished":"2023-02-11T17:47:30+00:00","dateModified":"2025-02-04T16:08:52+00:00","description":"El libro de los Jueces contiene historias sobre hombres y mujeres agentes y v\u00edctimas de violencia. No obstante, hay diferencias significativas de g\u00e9nero: las mujeres son objeto de violencias m\u00faltiples, variadas y de una crueldad que no sufren los hombres.","breadcrumb":{"@id":"https:\/\/libreriaguadalupe.com.ar\/libreria\/producto\/violencia-sexismo-silencio\/#breadcrumb"},"inLanguage":"es","potentialAction":[{"@type":"ReadAction","target":["https:\/\/libreriaguadalupe.com.ar\/libreria\/producto\/violencia-sexismo-silencio\/"]}]},{"@type":"ImageObject","inLanguage":"es","@id":"https:\/\/libreriaguadalupe.com.ar\/libreria\/producto\/violencia-sexismo-silencio\/#primaryimage","url":"https:\/\/i0.wp.com\/libreriaguadalupe.com.ar\/libreria\/wp-content\/uploads\/2023\/02\/Violencia-sexismo-silencio.jpg?fit=380%2C586&ssl=1","contentUrl":"https:\/\/i0.wp.com\/libreriaguadalupe.com.ar\/libreria\/wp-content\/uploads\/2023\/02\/Violencia-sexismo-silencio.jpg?fit=380%2C586&ssl=1","width":380,"height":586},{"@type":"BreadcrumbList","@id":"https:\/\/libreriaguadalupe.com.ar\/libreria\/producto\/violencia-sexismo-silencio\/#breadcrumb","itemListElement":[{"@type":"ListItem","position":1,"name":"Portada","item":"https:\/\/libreriaguadalupe.com.ar\/libreria\/"},{"@type":"ListItem","position":2,"name":"Tienda","item":"https:\/\/libreriaguadalupe.com.ar\/libreria\/"},{"@type":"ListItem","position":3,"name":"Violencia, sexismo, silencio"}]},{"@type":"WebSite","@id":"https:\/\/libreriaguadalupe.com.ar\/libreria\/#website","url":"https:\/\/libreriaguadalupe.com.ar\/libreria\/","name":"Editorial Guadalupe de Argentina","description":"Congregaci\u00f3n del Verbo Divino","publisher":{"@id":"https:\/\/libreriaguadalupe.com.ar\/libreria\/#organization"},"alternateName":"Librer\u00eda Guadalupe","potentialAction":[{"@type":"SearchAction","target":{"@type":"EntryPoint","urlTemplate":"https:\/\/libreriaguadalupe.com.ar\/libreria\/?s={search_term_string}"},"query-input":{"@type":"PropertyValueSpecification","valueRequired":true,"valueName":"search_term_string"}}],"inLanguage":"es"},{"@type":"Organization","@id":"https:\/\/libreriaguadalupe.com.ar\/libreria\/#organization","name":"Editorial Guadalupe","alternateName":"Librer\u00eda Guadalupe","url":"https:\/\/libreriaguadalupe.com.ar\/libreria\/","logo":{"@type":"ImageObject","inLanguage":"es","@id":"https:\/\/libreriaguadalupe.com.ar\/libreria\/#\/schema\/logo\/image\/","url":"https:\/\/i0.wp.com\/libreriaguadalupe.com.ar\/libreria\/wp-content\/uploads\/2023\/01\/cropped-logo-editorial-guadalupe.webp?fit=500%2C100&ssl=1","contentUrl":"https:\/\/i0.wp.com\/libreriaguadalupe.com.ar\/libreria\/wp-content\/uploads\/2023\/01\/cropped-logo-editorial-guadalupe.webp?fit=500%2C100&ssl=1","width":500,"height":100,"caption":"Editorial Guadalupe"},"image":{"@id":"https:\/\/libreriaguadalupe.com.ar\/libreria\/#\/schema\/logo\/image\/"},"sameAs":["https:\/\/www.facebook.com\/LibreriaGuadalupeAR\/","https:\/\/www.instagram.com\/editorialguadalupe\/","https:\/\/guadalupeeditorial.mercadoshops.com.ar\/"]}]}},"jetpack_publicize_connections":[],"jetpack_sharing_enabled":true,"jetpack-related-posts":[{"id":16882,"url":"https:\/\/libreriaguadalupe.com.ar\/libreria\/producto\/cain-donde-esta-tu-hermana\/","url_meta":{"origin":15816,"position":0},"title":"Ca\u00edn, \u00bfd\u00f3nde est\u00e1 tu hermana?","author":"admin","date":"23\/03\/2023","format":false,"excerpt":"Dios y la violencia contra las mujeres Autor: Adelaide Baracco Colombo ISBN: 8490733660 Dimensiones: 14 x 21 cm P\u00e1ginas: 168","rel":"","context":"Entrada similar","block_context":{"text":"Entrada similar","link":""},"img":{"alt_text":"","src":"https:\/\/i0.wp.com\/libreriaguadalupe.com.ar\/libreria\/wp-content\/uploads\/2023\/03\/Cain-donde-esta-tu-hermana.jpg?fit=380%2C586&ssl=1&resize=350%2C200","width":350,"height":200},"classes":[]},{"id":18020,"url":"https:\/\/libreriaguadalupe.com.ar\/libreria\/producto\/silencio-lo-esencial-de-la-mente\/","url_meta":{"origin":15816,"position":1},"title":"Silencio, lo esencial de la mente","author":"admin","date":"08\/05\/2024","format":false,"excerpt":"Autor: RYSZARD KLEIN ISBN: 978-950-500-923-7 Dimensiones: 15,5 x 22,5 cm P\u00e1ginas: 326","rel":"","context":"Entrada similar","block_context":{"text":"Entrada similar","link":""},"img":{"alt_text":"","src":"https:\/\/i0.wp.com\/libreriaguadalupe.com.ar\/libreria\/wp-content\/uploads\/2024\/05\/NOVEDAD-TIENDA-MAYO-1.jpg?fit=470%2C470&ssl=1&resize=350%2C200","width":350,"height":200},"classes":[]},{"id":15966,"url":"https:\/\/libreriaguadalupe.com.ar\/libreria\/producto\/te-amare-en-silencio-e-book\/","url_meta":{"origin":15816,"position":2},"title":"Te amar\u00e9 en silencio (E-BOOK)","author":"admin","date":"12\/02\/2023","format":false,"excerpt":"EDICION DIGITAL AUTOR: EDUARDO MEANA L ISBN: 9505007905","rel":"","context":"Entrada similar","block_context":{"text":"Entrada similar","link":""},"img":{"alt_text":"","src":"https:\/\/i0.wp.com\/libreriaguadalupe.com.ar\/libreria\/wp-content\/uploads\/2023\/02\/Te-amare-en-silencio-chico.jpg?fit=333%2C500&ssl=1&resize=350%2C200","width":350,"height":200},"classes":[]},{"id":15971,"url":"https:\/\/libreriaguadalupe.com.ar\/libreria\/producto\/te-amare-en-silencio\/","url_meta":{"origin":15816,"position":3},"title":"Te amar\u00e9 en silencio","author":"admin","date":"12\/02\/2023","format":false,"excerpt":"AUTOR: EDUARDO MEANA L ISBN: 9505008476","rel":"","context":"Entrada similar","block_context":{"text":"Entrada similar","link":""},"img":{"alt_text":"","src":"https:\/\/i0.wp.com\/libreriaguadalupe.com.ar\/libreria\/wp-content\/uploads\/2023\/02\/Te-amare-en-silencio-chico.jpg?fit=333%2C500&ssl=1&resize=350%2C200","width":350,"height":200},"classes":[]},{"id":12827,"url":"https:\/\/libreriaguadalupe.com.ar\/libreria\/producto\/simone-weil-la-fuerza-y-la-debilidad\/","url_meta":{"origin":15816,"position":4},"title":"Simone Weil: la fuerza y la debilidad","author":"admin","date":"18\/01\/2023","format":false,"excerpt":"Autor: Bingemer, Mar\u00eda ISBN: 8481699203 Dimensiones: 12 x 19 cm P\u00e1ginas: 440","rel":"","context":"Entrada similar","block_context":{"text":"Entrada similar","link":""},"img":{"alt_text":"","src":"https:\/\/i0.wp.com\/libreriaguadalupe.com.ar\/libreria\/wp-content\/uploads\/2023\/01\/Simone-Weil-la-fuerza-y-la-debilidad.jpg?fit=380%2C586&ssl=1&resize=350%2C200","width":350,"height":200},"classes":[]},{"id":16089,"url":"https:\/\/libreriaguadalupe.com.ar\/libreria\/producto\/el-ecosistema-del-silencio-fertil\/","url_meta":{"origin":15816,"position":5},"title":"El ecosistema del silencio f\u00e9rtil","author":"admin","date":"12\/02\/2023","format":false,"excerpt":"Viaje desde la palabra hacia tu interioridad fecunda AUTOR: EDUARDO MEANA LAPORTE ISBN: 9505008469","rel":"","context":"Entrada similar","block_context":{"text":"Entrada similar","link":""},"img":{"alt_text":"","src":"https:\/\/i0.wp.com\/libreriaguadalupe.com.ar\/libreria\/wp-content\/uploads\/2023\/02\/El-ecosistema-del-silencio-fertil.jpg?fit=800%2C800&ssl=1&resize=350%2C200","width":350,"height":200,"srcset":"https:\/\/i0.wp.com\/libreriaguadalupe.com.ar\/libreria\/wp-content\/uploads\/2023\/02\/El-ecosistema-del-silencio-fertil.jpg?fit=800%2C800&ssl=1&resize=350%2C200 1x, https:\/\/i0.wp.com\/libreriaguadalupe.com.ar\/libreria\/wp-content\/uploads\/2023\/02\/El-ecosistema-del-silencio-fertil.jpg?fit=800%2C800&ssl=1&resize=525%2C300 1.5x, https:\/\/i0.wp.com\/libreriaguadalupe.com.ar\/libreria\/wp-content\/uploads\/2023\/02\/El-ecosistema-del-silencio-fertil.jpg?fit=800%2C800&ssl=1&resize=700%2C400 2x"},"classes":[]}],"_links":{"self":[{"href":"https:\/\/libreriaguadalupe.com.ar\/libreria\/wp-json\/wp\/v2\/product\/15816","targetHints":{"allow":["GET"]}}],"collection":[{"href":"https:\/\/libreriaguadalupe.com.ar\/libreria\/wp-json\/wp\/v2\/product"}],"about":[{"href":"https:\/\/libreriaguadalupe.com.ar\/libreria\/wp-json\/wp\/v2\/types\/product"}],"replies":[{"embeddable":true,"href":"https:\/\/libreriaguadalupe.com.ar\/libreria\/wp-json\/wp\/v2\/comments?post=15816"}],"version-history":[{"count":3,"href":"https:\/\/libreriaguadalupe.com.ar\/libreria\/wp-json\/wp\/v2\/product\/15816\/revisions"}],"predecessor-version":[{"id":16984,"href":"https:\/\/libreriaguadalupe.com.ar\/libreria\/wp-json\/wp\/v2\/product\/15816\/revisions\/16984"}],"wp:featuredmedia":[{"embeddable":true,"href":"https:\/\/libreriaguadalupe.com.ar\/libreria\/wp-json\/wp\/v2\/media\/15817"}],"wp:attachment":[{"href":"https:\/\/libreriaguadalupe.com.ar\/libreria\/wp-json\/wp\/v2\/media?parent=15816"}],"wp:term":[{"taxonomy":"product_brand","embeddable":true,"href":"https:\/\/libreriaguadalupe.com.ar\/libreria\/wp-json\/wp\/v2\/product_brand?post=15816"},{"taxonomy":"product_cat","embeddable":true,"href":"https:\/\/libreriaguadalupe.com.ar\/libreria\/wp-json\/wp\/v2\/product_cat?post=15816"},{"taxonomy":"product_tag","embeddable":true,"href":"https:\/\/libreriaguadalupe.com.ar\/libreria\/wp-json\/wp\/v2\/product_tag?post=15816"}],"curies":[{"name":"wp","href":"https:\/\/api.w.org\/{rel}","templated":true}]}}