{"id":15551,"date":"2023-02-07T10:56:11","date_gmt":"2023-02-07T13:56:11","guid":{"rendered":"https:\/\/libreriaguadalupe.com.ar\/libreria\/?post_type=product&#038;p=15551"},"modified":"2024-10-29T09:42:24","modified_gmt":"2024-10-29T12:42:24","slug":"1-y-2-corintios-1-y-2-tesalonicenses-2","status":"publish","type":"product","link":"https:\/\/libreriaguadalupe.com.ar\/libreria\/producto\/1-y-2-corintios-1-y-2-tesalonicenses-2\/","title":{"rendered":"1 Y 2 CORINTIOS 1 Y 2 TESALONICENSES"},"content":{"rendered":"<p>1 Y 2 CORINTIOS. 1 Y 2 TESALONICENSES Autor: C\u00f3rdova Gonz\u00e1lez<\/p>\n<p>Pablo de Tarso, despu\u00e9s de su experiencia en el camino hacia Damasco, no solo se convirti\u00f3 al Se\u00f1or Jes\u00fas, sino que tambi\u00e9n tom\u00f3 conciencia de su vocaci\u00f3n para ser ap\u00f3stol de los gentiles. Evangelizador incansable, era tambi\u00e9n un pastor vigilante de la vida, las vicisitudes y el crecimiento de las comunidades que fundaba. Las cartas eran un medio que utilizaba para estar en contacto con los suyos.<br \/>\nLas cartas dirigidas a Corinto y a Tesal\u00f3nica son objeto de estudio en este volumen. Se trata de una gu\u00eda que pretende facilitar su lectura, mostrando su estructura, subrayando algunos temas o resaltando su mensaje teol\u00f3gico, siempre actual. Un instrumento para este estudio es la ret\u00f3rica, tanto la b\u00edblica como la cl\u00e1sica.<\/p>\n","protected":false},"excerpt":{"rendered":"<p>Autor: EDUARDO C\u00f3rdova Gonz\u00e1lez<strong><br \/>\n<\/strong>ISBN: 8490732212<br \/>\nDimensiones: 14 x 21 cm<br \/>\nP\u00e1ginas: 400<\/p>\n","protected":false},"featured_media":14088,"comment_status":"open","ping_status":"closed","template":"","meta":{"jetpack_publicize_message":"","jetpack_publicize_feature_enabled":true,"jetpack_social_post_already_shared":false,"jetpack_social_options":{"image_generator_settings":{"template":"highway","default_image_id":0,"font":"","enabled":false},"version":2}},"product_brand":[],"product_cat":[109],"product_tag":[127],"class_list":{"0":"post-15551","1":"product","2":"type-product","3":"status-publish","4":"has-post-thumbnail","6":"product_cat-verbo-divino","7":"product_tag-editorial-guadalupe-de-argentina","9":"first","10":"instock","11":"shipping-taxable","12":"purchasable","13":"product-type-simple"},"yoast_head":"<!-- This site is optimized with the Yoast SEO plugin v27.4 - https:\/\/yoast.com\/product\/yoast-seo-wordpress\/ -->\n<title>1 Y 2 CORINTIOS 1 Y 2 TESALONICENSES - Editorial Guadalupe de Argentina<\/title>\n<meta name=\"description\" content=\"Pablo de Tarso, despu\u00e9s de su experiencia en el camino hacia Damasco, no solo se convirti\u00f3 al Se\u00f1or Jes\u00fas, sino que tambi\u00e9n tom\u00f3 conciencia de su vocaci\u00f3n para ser ap\u00f3stol de los gentiles. Evangelizador incansable, era tambi\u00e9n un pastor vigilante de la vida, las vicisitudes y el crecimiento de las comunidades que fundaba. Las cartas eran un medio que utilizaba para estar en contacto con los suyos.\" \/>\n<meta name=\"robots\" content=\"index, follow, max-snippet:-1, max-image-preview:large, max-video-preview:-1\" \/>\n<link rel=\"canonical\" href=\"https:\/\/libreriaguadalupe.com.ar\/libreria\/producto\/1-y-2-corintios-1-y-2-tesalonicenses-2\/\" \/>\n<meta property=\"og:locale\" content=\"es_ES\" \/>\n<meta property=\"og:type\" content=\"article\" \/>\n<meta property=\"og:title\" content=\"1 Y 2 CORINTIOS 1 Y 2 TESALONICENSES - Editorial Guadalupe de Argentina\" \/>\n<meta property=\"og:description\" content=\"Pablo de Tarso, despu\u00e9s de su experiencia en el camino hacia Damasco, no solo se convirti\u00f3 al Se\u00f1or Jes\u00fas, sino que tambi\u00e9n tom\u00f3 conciencia de su vocaci\u00f3n para ser ap\u00f3stol de los gentiles. Evangelizador incansable, era tambi\u00e9n un pastor vigilante de la vida, las vicisitudes y el crecimiento de las comunidades que fundaba. Las cartas eran un medio que utilizaba para estar en contacto con los suyos.\" \/>\n<meta property=\"og:url\" content=\"https:\/\/libreriaguadalupe.com.ar\/libreria\/producto\/1-y-2-corintios-1-y-2-tesalonicenses-2\/\" \/>\n<meta property=\"og:site_name\" content=\"Editorial Guadalupe de Argentina\" \/>\n<meta property=\"article:publisher\" content=\"https:\/\/www.facebook.com\/LibreriaGuadalupeAR\/\" \/>\n<meta property=\"article:modified_time\" content=\"2024-10-29T12:42:24+00:00\" \/>\n<meta property=\"og:image\" content=\"https:\/\/libreriaguadalupe.com.ar\/libreria\/wp-content\/uploads\/2023\/01\/0.jpg\" \/>\n\t<meta property=\"og:image:width\" content=\"337\" \/>\n\t<meta property=\"og:image:height\" content=\"500\" \/>\n\t<meta property=\"og:image:type\" content=\"image\/jpeg\" \/>\n<meta name=\"twitter:card\" content=\"summary_large_image\" \/>\n<meta name=\"twitter:label1\" content=\"Tiempo de lectura\" \/>\n\t<meta name=\"twitter:data1\" content=\"1 minuto\" \/>\n<script type=\"application\/ld+json\" class=\"yoast-schema-graph\">{\"@context\":\"https:\\\/\\\/schema.org\",\"@graph\":[{\"@type\":\"WebPage\",\"@id\":\"https:\\\/\\\/libreriaguadalupe.com.ar\\\/libreria\\\/producto\\\/1-y-2-corintios-1-y-2-tesalonicenses-2\\\/\",\"url\":\"https:\\\/\\\/libreriaguadalupe.com.ar\\\/libreria\\\/producto\\\/1-y-2-corintios-1-y-2-tesalonicenses-2\\\/\",\"name\":\"1 Y 2 CORINTIOS 1 Y 2 TESALONICENSES - Editorial Guadalupe de Argentina\",\"isPartOf\":{\"@id\":\"https:\\\/\\\/libreriaguadalupe.com.ar\\\/libreria\\\/#website\"},\"primaryImageOfPage\":{\"@id\":\"https:\\\/\\\/libreriaguadalupe.com.ar\\\/libreria\\\/producto\\\/1-y-2-corintios-1-y-2-tesalonicenses-2\\\/#primaryimage\"},\"image\":{\"@id\":\"https:\\\/\\\/libreriaguadalupe.com.ar\\\/libreria\\\/producto\\\/1-y-2-corintios-1-y-2-tesalonicenses-2\\\/#primaryimage\"},\"thumbnailUrl\":\"https:\\\/\\\/i0.wp.com\\\/libreriaguadalupe.com.ar\\\/libreria\\\/wp-content\\\/uploads\\\/2023\\\/01\\\/0.jpg?fit=337%2C500&ssl=1\",\"datePublished\":\"2023-02-07T13:56:11+00:00\",\"dateModified\":\"2024-10-29T12:42:24+00:00\",\"description\":\"Pablo de Tarso, despu\u00e9s de su experiencia en el camino hacia Damasco, no solo se convirti\u00f3 al Se\u00f1or Jes\u00fas, sino que tambi\u00e9n tom\u00f3 conciencia de su vocaci\u00f3n para ser ap\u00f3stol de los gentiles. Evangelizador incansable, era tambi\u00e9n un pastor vigilante de la vida, las vicisitudes y el crecimiento de las comunidades que fundaba. Las cartas eran un medio que utilizaba para estar en contacto con los suyos.\",\"breadcrumb\":{\"@id\":\"https:\\\/\\\/libreriaguadalupe.com.ar\\\/libreria\\\/producto\\\/1-y-2-corintios-1-y-2-tesalonicenses-2\\\/#breadcrumb\"},\"inLanguage\":\"es\",\"potentialAction\":[{\"@type\":\"ReadAction\",\"target\":[\"https:\\\/\\\/libreriaguadalupe.com.ar\\\/libreria\\\/producto\\\/1-y-2-corintios-1-y-2-tesalonicenses-2\\\/\"]}]},{\"@type\":\"ImageObject\",\"inLanguage\":\"es\",\"@id\":\"https:\\\/\\\/libreriaguadalupe.com.ar\\\/libreria\\\/producto\\\/1-y-2-corintios-1-y-2-tesalonicenses-2\\\/#primaryimage\",\"url\":\"https:\\\/\\\/i0.wp.com\\\/libreriaguadalupe.com.ar\\\/libreria\\\/wp-content\\\/uploads\\\/2023\\\/01\\\/0.jpg?fit=337%2C500&ssl=1\",\"contentUrl\":\"https:\\\/\\\/i0.wp.com\\\/libreriaguadalupe.com.ar\\\/libreria\\\/wp-content\\\/uploads\\\/2023\\\/01\\\/0.jpg?fit=337%2C500&ssl=1\",\"width\":337,\"height\":500},{\"@type\":\"BreadcrumbList\",\"@id\":\"https:\\\/\\\/libreriaguadalupe.com.ar\\\/libreria\\\/producto\\\/1-y-2-corintios-1-y-2-tesalonicenses-2\\\/#breadcrumb\",\"itemListElement\":[{\"@type\":\"ListItem\",\"position\":1,\"name\":\"Portada\",\"item\":\"https:\\\/\\\/libreriaguadalupe.com.ar\\\/libreria\\\/\"},{\"@type\":\"ListItem\",\"position\":2,\"name\":\"Tienda\",\"item\":\"https:\\\/\\\/libreriaguadalupe.com.ar\\\/libreria\\\/\"},{\"@type\":\"ListItem\",\"position\":3,\"name\":\"1 Y 2 CORINTIOS 1 Y 2 TESALONICENSES\"}]},{\"@type\":\"WebSite\",\"@id\":\"https:\\\/\\\/libreriaguadalupe.com.ar\\\/libreria\\\/#website\",\"url\":\"https:\\\/\\\/libreriaguadalupe.com.ar\\\/libreria\\\/\",\"name\":\"Editorial Guadalupe de Argentina\",\"description\":\"Congregaci\u00f3n del Verbo Divino\",\"publisher\":{\"@id\":\"https:\\\/\\\/libreriaguadalupe.com.ar\\\/libreria\\\/#organization\"},\"alternateName\":\"Librer\u00eda Guadalupe\",\"potentialAction\":[{\"@type\":\"SearchAction\",\"target\":{\"@type\":\"EntryPoint\",\"urlTemplate\":\"https:\\\/\\\/libreriaguadalupe.com.ar\\\/libreria\\\/?s={search_term_string}\"},\"query-input\":{\"@type\":\"PropertyValueSpecification\",\"valueRequired\":true,\"valueName\":\"search_term_string\"}}],\"inLanguage\":\"es\"},{\"@type\":\"Organization\",\"@id\":\"https:\\\/\\\/libreriaguadalupe.com.ar\\\/libreria\\\/#organization\",\"name\":\"Editorial Guadalupe\",\"alternateName\":\"Librer\u00eda Guadalupe\",\"url\":\"https:\\\/\\\/libreriaguadalupe.com.ar\\\/libreria\\\/\",\"logo\":{\"@type\":\"ImageObject\",\"inLanguage\":\"es\",\"@id\":\"https:\\\/\\\/libreriaguadalupe.com.ar\\\/libreria\\\/#\\\/schema\\\/logo\\\/image\\\/\",\"url\":\"https:\\\/\\\/i0.wp.com\\\/libreriaguadalupe.com.ar\\\/libreria\\\/wp-content\\\/uploads\\\/2023\\\/01\\\/cropped-logo-editorial-guadalupe.webp?fit=500%2C100&ssl=1\",\"contentUrl\":\"https:\\\/\\\/i0.wp.com\\\/libreriaguadalupe.com.ar\\\/libreria\\\/wp-content\\\/uploads\\\/2023\\\/01\\\/cropped-logo-editorial-guadalupe.webp?fit=500%2C100&ssl=1\",\"width\":500,\"height\":100,\"caption\":\"Editorial Guadalupe\"},\"image\":{\"@id\":\"https:\\\/\\\/libreriaguadalupe.com.ar\\\/libreria\\\/#\\\/schema\\\/logo\\\/image\\\/\"},\"sameAs\":[\"https:\\\/\\\/www.facebook.com\\\/LibreriaGuadalupeAR\\\/\",\"https:\\\/\\\/www.instagram.com\\\/editorialguadalupe\\\/\",\"https:\\\/\\\/guadalupeeditorial.mercadoshops.com.ar\\\/\"]}]}<\/script>\n<!-- \/ Yoast SEO plugin. -->","yoast_head_json":{"title":"1 Y 2 CORINTIOS 1 Y 2 TESALONICENSES - Editorial Guadalupe de Argentina","description":"Pablo de Tarso, despu\u00e9s de su experiencia en el camino hacia Damasco, no solo se convirti\u00f3 al Se\u00f1or Jes\u00fas, sino que tambi\u00e9n tom\u00f3 conciencia de su vocaci\u00f3n para ser ap\u00f3stol de los gentiles. Evangelizador incansable, era tambi\u00e9n un pastor vigilante de la vida, las vicisitudes y el crecimiento de las comunidades que fundaba. Las cartas eran un medio que utilizaba para estar en contacto con los suyos.","robots":{"index":"index","follow":"follow","max-snippet":"max-snippet:-1","max-image-preview":"max-image-preview:large","max-video-preview":"max-video-preview:-1"},"canonical":"https:\/\/libreriaguadalupe.com.ar\/libreria\/producto\/1-y-2-corintios-1-y-2-tesalonicenses-2\/","og_locale":"es_ES","og_type":"article","og_title":"1 Y 2 CORINTIOS 1 Y 2 TESALONICENSES - Editorial Guadalupe de Argentina","og_description":"Pablo de Tarso, despu\u00e9s de su experiencia en el camino hacia Damasco, no solo se convirti\u00f3 al Se\u00f1or Jes\u00fas, sino que tambi\u00e9n tom\u00f3 conciencia de su vocaci\u00f3n para ser ap\u00f3stol de los gentiles. Evangelizador incansable, era tambi\u00e9n un pastor vigilante de la vida, las vicisitudes y el crecimiento de las comunidades que fundaba. Las cartas eran un medio que utilizaba para estar en contacto con los suyos.","og_url":"https:\/\/libreriaguadalupe.com.ar\/libreria\/producto\/1-y-2-corintios-1-y-2-tesalonicenses-2\/","og_site_name":"Editorial Guadalupe de Argentina","article_publisher":"https:\/\/www.facebook.com\/LibreriaGuadalupeAR\/","article_modified_time":"2024-10-29T12:42:24+00:00","og_image":[{"width":337,"height":500,"url":"https:\/\/libreriaguadalupe.com.ar\/libreria\/wp-content\/uploads\/2023\/01\/0.jpg","type":"image\/jpeg"}],"twitter_card":"summary_large_image","twitter_misc":{"Tiempo de lectura":"1 minuto"},"schema":{"@context":"https:\/\/schema.org","@graph":[{"@type":"WebPage","@id":"https:\/\/libreriaguadalupe.com.ar\/libreria\/producto\/1-y-2-corintios-1-y-2-tesalonicenses-2\/","url":"https:\/\/libreriaguadalupe.com.ar\/libreria\/producto\/1-y-2-corintios-1-y-2-tesalonicenses-2\/","name":"1 Y 2 CORINTIOS 1 Y 2 TESALONICENSES - Editorial Guadalupe de Argentina","isPartOf":{"@id":"https:\/\/libreriaguadalupe.com.ar\/libreria\/#website"},"primaryImageOfPage":{"@id":"https:\/\/libreriaguadalupe.com.ar\/libreria\/producto\/1-y-2-corintios-1-y-2-tesalonicenses-2\/#primaryimage"},"image":{"@id":"https:\/\/libreriaguadalupe.com.ar\/libreria\/producto\/1-y-2-corintios-1-y-2-tesalonicenses-2\/#primaryimage"},"thumbnailUrl":"https:\/\/i0.wp.com\/libreriaguadalupe.com.ar\/libreria\/wp-content\/uploads\/2023\/01\/0.jpg?fit=337%2C500&ssl=1","datePublished":"2023-02-07T13:56:11+00:00","dateModified":"2024-10-29T12:42:24+00:00","description":"Pablo de Tarso, despu\u00e9s de su experiencia en el camino hacia Damasco, no solo se convirti\u00f3 al Se\u00f1or Jes\u00fas, sino que tambi\u00e9n tom\u00f3 conciencia de su vocaci\u00f3n para ser ap\u00f3stol de los gentiles. Evangelizador incansable, era tambi\u00e9n un pastor vigilante de la vida, las vicisitudes y el crecimiento de las comunidades que fundaba. Las cartas eran un medio que utilizaba para estar en contacto con los suyos.","breadcrumb":{"@id":"https:\/\/libreriaguadalupe.com.ar\/libreria\/producto\/1-y-2-corintios-1-y-2-tesalonicenses-2\/#breadcrumb"},"inLanguage":"es","potentialAction":[{"@type":"ReadAction","target":["https:\/\/libreriaguadalupe.com.ar\/libreria\/producto\/1-y-2-corintios-1-y-2-tesalonicenses-2\/"]}]},{"@type":"ImageObject","inLanguage":"es","@id":"https:\/\/libreriaguadalupe.com.ar\/libreria\/producto\/1-y-2-corintios-1-y-2-tesalonicenses-2\/#primaryimage","url":"https:\/\/i0.wp.com\/libreriaguadalupe.com.ar\/libreria\/wp-content\/uploads\/2023\/01\/0.jpg?fit=337%2C500&ssl=1","contentUrl":"https:\/\/i0.wp.com\/libreriaguadalupe.com.ar\/libreria\/wp-content\/uploads\/2023\/01\/0.jpg?fit=337%2C500&ssl=1","width":337,"height":500},{"@type":"BreadcrumbList","@id":"https:\/\/libreriaguadalupe.com.ar\/libreria\/producto\/1-y-2-corintios-1-y-2-tesalonicenses-2\/#breadcrumb","itemListElement":[{"@type":"ListItem","position":1,"name":"Portada","item":"https:\/\/libreriaguadalupe.com.ar\/libreria\/"},{"@type":"ListItem","position":2,"name":"Tienda","item":"https:\/\/libreriaguadalupe.com.ar\/libreria\/"},{"@type":"ListItem","position":3,"name":"1 Y 2 CORINTIOS 1 Y 2 TESALONICENSES"}]},{"@type":"WebSite","@id":"https:\/\/libreriaguadalupe.com.ar\/libreria\/#website","url":"https:\/\/libreriaguadalupe.com.ar\/libreria\/","name":"Editorial Guadalupe de Argentina","description":"Congregaci\u00f3n del Verbo Divino","publisher":{"@id":"https:\/\/libreriaguadalupe.com.ar\/libreria\/#organization"},"alternateName":"Librer\u00eda Guadalupe","potentialAction":[{"@type":"SearchAction","target":{"@type":"EntryPoint","urlTemplate":"https:\/\/libreriaguadalupe.com.ar\/libreria\/?s={search_term_string}"},"query-input":{"@type":"PropertyValueSpecification","valueRequired":true,"valueName":"search_term_string"}}],"inLanguage":"es"},{"@type":"Organization","@id":"https:\/\/libreriaguadalupe.com.ar\/libreria\/#organization","name":"Editorial Guadalupe","alternateName":"Librer\u00eda Guadalupe","url":"https:\/\/libreriaguadalupe.com.ar\/libreria\/","logo":{"@type":"ImageObject","inLanguage":"es","@id":"https:\/\/libreriaguadalupe.com.ar\/libreria\/#\/schema\/logo\/image\/","url":"https:\/\/i0.wp.com\/libreriaguadalupe.com.ar\/libreria\/wp-content\/uploads\/2023\/01\/cropped-logo-editorial-guadalupe.webp?fit=500%2C100&ssl=1","contentUrl":"https:\/\/i0.wp.com\/libreriaguadalupe.com.ar\/libreria\/wp-content\/uploads\/2023\/01\/cropped-logo-editorial-guadalupe.webp?fit=500%2C100&ssl=1","width":500,"height":100,"caption":"Editorial Guadalupe"},"image":{"@id":"https:\/\/libreriaguadalupe.com.ar\/libreria\/#\/schema\/logo\/image\/"},"sameAs":["https:\/\/www.facebook.com\/LibreriaGuadalupeAR\/","https:\/\/www.instagram.com\/editorialguadalupe\/","https:\/\/guadalupeeditorial.mercadoshops.com.ar\/"]}]}},"jetpack_publicize_connections":[],"jetpack_sharing_enabled":true,"jetpack-related-posts":[{"id":12937,"url":"https:\/\/libreriaguadalupe.com.ar\/libreria\/producto\/hasta-los-confines-de-la-tierra-parte-iii\/","url_meta":{"origin":15551,"position":0},"title":"Hasta los confines de la tierra Parte III","author":"admin","date":"18\/01\/2023","format":false,"excerpt":"La profec\u00eda Autor: Jos\u00e9 Luis Sicre D\u00edaz ISBN: 8481697452 Dimensiones: 14 x 21 cm P\u00e1ginas: 432","rel":"","context":"Entrada similar","block_context":{"text":"Entrada similar","link":""},"img":{"alt_text":"","src":"https:\/\/i0.wp.com\/libreriaguadalupe.com.ar\/libreria\/wp-content\/uploads\/2023\/01\/Hasta-los-confines-de-la-tierra-3.jpg?fit=380%2C586&ssl=1&resize=350%2C200","width":350,"height":200},"classes":[]},{"id":12834,"url":"https:\/\/libreriaguadalupe.com.ar\/libreria\/producto\/efesios-y-colosenses-dos-cartas-de-pablo\/","url_meta":{"origin":15551,"position":1},"title":"Efesios y colosenses,  \u00bfdos cartas de Pablo?","author":"admin","date":"18\/01\/2023","format":false,"excerpt":"Autor: Jordi S\u00e1nchez Bosch ISBN: 8481699029 Dimensiones: 14 x 22 cm P\u00e1ginas: 276","rel":"","context":"Entrada similar","block_context":{"text":"Entrada similar","link":""},"img":{"alt_text":"","src":"https:\/\/i0.wp.com\/libreriaguadalupe.com.ar\/libreria\/wp-content\/uploads\/2023\/01\/Efesios-y-colosenses-dos-cartas-de-Pablo.jpg?fit=380%2C586&ssl=1&resize=350%2C200","width":350,"height":200},"classes":[]},{"id":12890,"url":"https:\/\/libreriaguadalupe.com.ar\/libreria\/producto\/escritos-joanicos-y-cartas-catolicas\/","url_meta":{"origin":15551,"position":2},"title":"Escritos joanicos y cartas catolicas","author":"admin","date":"18\/01\/2023","format":false,"excerpt":"Autor: Josep Oriol Tu\u00f1\u00ed Vancells, Xavier Alegre Santamar\u00eda ISBN: 8471519092 Dimensiones: 16 x 24 cm P\u00e1ginas: 424","rel":"","context":"Entrada similar","block_context":{"text":"Entrada similar","link":""},"img":{"alt_text":"","src":"https:\/\/i0.wp.com\/libreriaguadalupe.com.ar\/libreria\/wp-content\/uploads\/2023\/01\/Escritos-joanicos-y-cartas-catolicas.jpg?fit=380%2C586&ssl=1&resize=350%2C200","width":350,"height":200},"classes":[]},{"id":15516,"url":"https:\/\/libreriaguadalupe.com.ar\/libreria\/producto\/vocabulario-razonado-de-la-exegesis-biblica-2\/","url_meta":{"origin":15551,"position":3},"title":"Vocabulario razonado de ex\u00e9gesis b\u00edblica","author":"admin","date":"07\/02\/2023","format":false,"excerpt":"Los t\u00e9rminos, las aproximaciones, los autores AUTOR: Ska, Jean-Louis ISBN: 8481697216","rel":"","context":"Entrada similar","block_context":{"text":"Entrada similar","link":""},"img":{"alt_text":"","src":"https:\/\/i0.wp.com\/libreriaguadalupe.com.ar\/libreria\/wp-content\/uploads\/2023\/02\/Vocabulario-razonado-de-exegesis-biblica.jpg?fit=380%2C586&ssl=1&resize=350%2C200","width":350,"height":200},"classes":[]},{"id":14727,"url":"https:\/\/libreriaguadalupe.com.ar\/libreria\/producto\/maria-de-nazaret-en-argentina-2\/","url_meta":{"origin":15551,"position":4},"title":"Maria de Nazaret en Argentina","author":"admin","date":"07\/02\/2023","format":false,"excerpt":"128 P\u00e1gs. 10 x 15 cm. AUTOR: P. Eduardo Gonz\u00e1lez ISBN: 9505004028","rel":"","context":"Entrada similar","block_context":{"text":"Entrada similar","link":""},"img":{"alt_text":"","src":"https:\/\/i0.wp.com\/libreriaguadalupe.com.ar\/libreria\/wp-content\/uploads\/2023\/03\/MARIA-DE-NAZARET-en-Argentina.jpg?fit=325%2C486&ssl=1&resize=350%2C200","width":350,"height":200},"classes":[]},{"id":14716,"url":"https:\/\/libreriaguadalupe.com.ar\/libreria\/producto\/san-juan-diego-y-maria-de-guadalupe-2\/","url_meta":{"origin":15551,"position":5},"title":"San Juan Diego y Maria de Guadalupe","author":"admin","date":"07\/02\/2023","format":false,"excerpt":"AUTOR: GONZALEZ EDUARDO ISBN: 9505006861","rel":"","context":"Entrada similar","block_context":{"text":"Entrada similar","link":""},"img":{"alt_text":"","src":"https:\/\/i0.wp.com\/libreriaguadalupe.com.ar\/libreria\/wp-content\/uploads\/2023\/02\/San-Juan-Diego-y-Maria-de-Guadalupe.jpg?fit=375%2C500&ssl=1&resize=350%2C200","width":350,"height":200},"classes":[]}],"_links":{"self":[{"href":"https:\/\/libreriaguadalupe.com.ar\/libreria\/wp-json\/wp\/v2\/product\/15551","targetHints":{"allow":["GET"]}}],"collection":[{"href":"https:\/\/libreriaguadalupe.com.ar\/libreria\/wp-json\/wp\/v2\/product"}],"about":[{"href":"https:\/\/libreriaguadalupe.com.ar\/libreria\/wp-json\/wp\/v2\/types\/product"}],"replies":[{"embeddable":true,"href":"https:\/\/libreriaguadalupe.com.ar\/libreria\/wp-json\/wp\/v2\/comments?post=15551"}],"version-history":[{"count":3,"href":"https:\/\/libreriaguadalupe.com.ar\/libreria\/wp-json\/wp\/v2\/product\/15551\/revisions"}],"predecessor-version":[{"id":16838,"href":"https:\/\/libreriaguadalupe.com.ar\/libreria\/wp-json\/wp\/v2\/product\/15551\/revisions\/16838"}],"wp:featuredmedia":[{"embeddable":true,"href":"https:\/\/libreriaguadalupe.com.ar\/libreria\/wp-json\/wp\/v2\/media\/14088"}],"wp:attachment":[{"href":"https:\/\/libreriaguadalupe.com.ar\/libreria\/wp-json\/wp\/v2\/media?parent=15551"}],"wp:term":[{"taxonomy":"product_brand","embeddable":true,"href":"https:\/\/libreriaguadalupe.com.ar\/libreria\/wp-json\/wp\/v2\/product_brand?post=15551"},{"taxonomy":"product_cat","embeddable":true,"href":"https:\/\/libreriaguadalupe.com.ar\/libreria\/wp-json\/wp\/v2\/product_cat?post=15551"},{"taxonomy":"product_tag","embeddable":true,"href":"https:\/\/libreriaguadalupe.com.ar\/libreria\/wp-json\/wp\/v2\/product_tag?post=15551"}],"curies":[{"name":"wp","href":"https:\/\/api.w.org\/{rel}","templated":true}]}}