{"id":15541,"date":"2023-02-07T10:56:10","date_gmt":"2023-02-07T13:56:10","guid":{"rendered":"https:\/\/libreriaguadalupe.com.ar\/libreria\/?post_type=product&#038;p=15541"},"modified":"2024-03-14T10:31:15","modified_gmt":"2024-03-14T13:31:15","slug":"anagnorisis-en-la-historia-de-jose-gn-37-50-2","status":"publish","type":"product","link":"https:\/\/libreriaguadalupe.com.ar\/libreria\/producto\/anagnorisis-en-la-historia-de-jose-gn-37-50-2\/","title":{"rendered":"Anagn\u00f3risis en la historia de Jose (GN 37-50)"},"content":{"rendered":"<h3>Anagn\u00f3risis en la historia de Jos\u00e9 (Gn 37-50)<\/h3>\n<h5 class=\"my-1 font-weight-normal\">Una aproximaci\u00f3n desde la narratolog\u00eda cognitiva<\/h5>\n<ul>\n<li>Pedro Astorga Guerra<\/li>\n<\/ul>\n<div id=\"textoPre0\" class=\"single-book-about-content TextoPre\">Desde Arist\u00f3teles (con respecto a la narrativa en general) hasta Meir Sternberg (con respecto a la narrativa b\u00edblica), ha sido ampliamente reconocida la centralidad del fen\u00f3meno de la anagn\u00f3risis. Homero, Dante, Shakespeare, Miguel de Cervantes, Lope de Vega, Calder\u00f3n de la Barca, Gabriel Garc\u00eda M\u00e1rquez y tantos otros han hecho del reconocimiento un momento de gozo para personajes y lectores, y la Biblia no pod\u00eda ser la excepci\u00f3n. Sin embargo, en ella, el paso de la ignorancia al conocimiento\u00a0<i>(anagn\u00f3risis)<\/i>\u00a0llega a ser mucho m\u00e1s que una t\u00e9cnica narrativa. El reconocimiento de Jacob al despertarse (Gn 28,16), el de Jos\u00e9 delante de sus hermanos (Gn 45,1-15; 50,20), la revelaci\u00f3n del \u00e1ngel a Tob\u00edas (Tob 12,1-22), o el encuentro con el Resucitado (Lc 24,13-35) testimonian que la anagn\u00f3risis m\u00e1s profunda que un personaje humano o que el lector pueden hacer es la de Dios. La historia de Jos\u00e9 (Gn 37-50), en este sentido, es paradigm\u00e1tica, pues de reconocimiento en reconocimiento conduce a la anagn\u00f3risis fundamental: la de Dios (Gn 50,20). Narratolog\u00eda cognitiva y anagn\u00f3risis de diversos tipos (estrat\u00e9gica, \u00e9tica, terap\u00e9utica, mutua, teol\u00f3gica) se conjugan en este estudio para descubrir que en medio de los reconocimientos m\u00e1s humanos se pueden encontrar tambi\u00e9n los m\u00e1s divinos.<\/div>\n<p>&nbsp;<\/p>\n<p>AUTOR: Astorga Guerra, SVD<br \/>\nISBN: 8490731499<\/p>\n","protected":false},"excerpt":{"rendered":"<h5 class=\"my-1 font-weight-normal\">Una aproximaci\u00f3n desde la narratolog\u00eda cognitiva<\/h5>\n<p>Autor: Pedro Astorga Guerra<strong><br \/>\n<\/strong>ISBN: 8490731499<br \/>\nDimensiones: 16 x 24 cm<br \/>\nP\u00e1ginas: 274<\/p>\n","protected":false},"featured_media":13411,"comment_status":"open","ping_status":"closed","template":"","meta":{"jetpack_publicize_message":"","jetpack_publicize_feature_enabled":true,"jetpack_social_post_already_shared":false,"jetpack_social_options":{"image_generator_settings":{"template":"highway","default_image_id":0,"font":"","enabled":false},"version":2}},"product_brand":[],"product_cat":[109],"product_tag":[127,131],"class_list":{"0":"post-15541","1":"product","2":"type-product","3":"status-publish","4":"has-post-thumbnail","6":"product_cat-verbo-divino","7":"product_tag-editorial-guadalupe-de-argentina","8":"product_tag-verbo-divino","10":"first","11":"instock","12":"shipping-taxable","13":"purchasable","14":"product-type-simple"},"yoast_head":"<!-- This site is optimized with the Yoast SEO plugin v27.4 - https:\/\/yoast.com\/product\/yoast-seo-wordpress\/ -->\n<title>Anagn\u00f3risis en la historia de Jose (GN 37-50) - Editorial Guadalupe de Argentina<\/title>\n<meta name=\"description\" content=\"Desde Arist\u00f3teles (con respecto a la narrativa en general) hasta Meir Sternberg (con respecto a la narrativa b\u00edblica), ha sido ampliamente reconocida la centralidad del fen\u00f3meno de la anagn\u00f3risis. Homero, Dante, Shakespeare, Miguel de Cervantes, Lope de Vega, Calder\u00f3n de la Barca, Gabriel Garc\u00eda M\u00e1rquez y tantos otros han hecho del reconocimiento un momento de gozo para personajes y lectores, y la Biblia no pod\u00eda ser la excepci\u00f3n. Sin embargo, en ella, el paso de la ignorancia al conocimiento (anagn\u00f3risis) llega a ser mucho m\u00e1s que una t\u00e9cnica narrativa.\" \/>\n<meta name=\"robots\" content=\"index, follow, max-snippet:-1, max-image-preview:large, max-video-preview:-1\" \/>\n<link rel=\"canonical\" href=\"https:\/\/libreriaguadalupe.com.ar\/libreria\/producto\/anagnorisis-en-la-historia-de-jose-gn-37-50-2\/\" \/>\n<meta property=\"og:locale\" content=\"es_ES\" \/>\n<meta property=\"og:type\" content=\"article\" \/>\n<meta property=\"og:title\" content=\"Anagn\u00f3risis en la historia de Jose (GN 37-50) - Editorial Guadalupe de Argentina\" \/>\n<meta property=\"og:description\" content=\"Desde Arist\u00f3teles (con respecto a la narrativa en general) hasta Meir Sternberg (con respecto a la narrativa b\u00edblica), ha sido ampliamente reconocida la centralidad del fen\u00f3meno de la anagn\u00f3risis. Homero, Dante, Shakespeare, Miguel de Cervantes, Lope de Vega, Calder\u00f3n de la Barca, Gabriel Garc\u00eda M\u00e1rquez y tantos otros han hecho del reconocimiento un momento de gozo para personajes y lectores, y la Biblia no pod\u00eda ser la excepci\u00f3n. Sin embargo, en ella, el paso de la ignorancia al conocimiento (anagn\u00f3risis) llega a ser mucho m\u00e1s que una t\u00e9cnica narrativa.\" \/>\n<meta property=\"og:url\" content=\"https:\/\/libreriaguadalupe.com.ar\/libreria\/producto\/anagnorisis-en-la-historia-de-jose-gn-37-50-2\/\" \/>\n<meta property=\"og:site_name\" content=\"Editorial Guadalupe de Argentina\" \/>\n<meta property=\"article:publisher\" content=\"https:\/\/www.facebook.com\/LibreriaGuadalupeAR\/\" \/>\n<meta property=\"article:modified_time\" content=\"2024-03-14T13:31:15+00:00\" \/>\n<meta property=\"og:image\" content=\"https:\/\/libreriaguadalupe.com.ar\/libreria\/wp-content\/uploads\/1674\/33\/1240.jpg\" \/>\n\t<meta property=\"og:image:width\" content=\"227\" \/>\n\t<meta property=\"og:image:height\" content=\"323\" \/>\n\t<meta property=\"og:image:type\" content=\"image\/jpeg\" \/>\n<meta name=\"twitter:card\" content=\"summary_large_image\" \/>\n<meta name=\"twitter:label1\" content=\"Tiempo de lectura\" \/>\n\t<meta name=\"twitter:data1\" content=\"2 minutos\" \/>\n<script type=\"application\/ld+json\" class=\"yoast-schema-graph\">{\"@context\":\"https:\\\/\\\/schema.org\",\"@graph\":[{\"@type\":\"WebPage\",\"@id\":\"https:\\\/\\\/libreriaguadalupe.com.ar\\\/libreria\\\/producto\\\/anagnorisis-en-la-historia-de-jose-gn-37-50-2\\\/\",\"url\":\"https:\\\/\\\/libreriaguadalupe.com.ar\\\/libreria\\\/producto\\\/anagnorisis-en-la-historia-de-jose-gn-37-50-2\\\/\",\"name\":\"Anagn\u00f3risis en la historia de Jose (GN 37-50) - Editorial Guadalupe de Argentina\",\"isPartOf\":{\"@id\":\"https:\\\/\\\/libreriaguadalupe.com.ar\\\/libreria\\\/#website\"},\"primaryImageOfPage\":{\"@id\":\"https:\\\/\\\/libreriaguadalupe.com.ar\\\/libreria\\\/producto\\\/anagnorisis-en-la-historia-de-jose-gn-37-50-2\\\/#primaryimage\"},\"image\":{\"@id\":\"https:\\\/\\\/libreriaguadalupe.com.ar\\\/libreria\\\/producto\\\/anagnorisis-en-la-historia-de-jose-gn-37-50-2\\\/#primaryimage\"},\"thumbnailUrl\":\"https:\\\/\\\/i0.wp.com\\\/libreriaguadalupe.com.ar\\\/libreria\\\/wp-content\\\/uploads\\\/1674\\\/33\\\/1240.jpg?fit=227%2C323&ssl=1\",\"datePublished\":\"2023-02-07T13:56:10+00:00\",\"dateModified\":\"2024-03-14T13:31:15+00:00\",\"description\":\"Desde Arist\u00f3teles (con respecto a la narrativa en general) hasta Meir Sternberg (con respecto a la narrativa b\u00edblica), ha sido ampliamente reconocida la centralidad del fen\u00f3meno de la anagn\u00f3risis. Homero, Dante, Shakespeare, Miguel de Cervantes, Lope de Vega, Calder\u00f3n de la Barca, Gabriel Garc\u00eda M\u00e1rquez y tantos otros han hecho del reconocimiento un momento de gozo para personajes y lectores, y la Biblia no pod\u00eda ser la excepci\u00f3n. Sin embargo, en ella, el paso de la ignorancia al conocimiento (anagn\u00f3risis) llega a ser mucho m\u00e1s que una t\u00e9cnica narrativa.\",\"breadcrumb\":{\"@id\":\"https:\\\/\\\/libreriaguadalupe.com.ar\\\/libreria\\\/producto\\\/anagnorisis-en-la-historia-de-jose-gn-37-50-2\\\/#breadcrumb\"},\"inLanguage\":\"es\",\"potentialAction\":[{\"@type\":\"ReadAction\",\"target\":[\"https:\\\/\\\/libreriaguadalupe.com.ar\\\/libreria\\\/producto\\\/anagnorisis-en-la-historia-de-jose-gn-37-50-2\\\/\"]}]},{\"@type\":\"ImageObject\",\"inLanguage\":\"es\",\"@id\":\"https:\\\/\\\/libreriaguadalupe.com.ar\\\/libreria\\\/producto\\\/anagnorisis-en-la-historia-de-jose-gn-37-50-2\\\/#primaryimage\",\"url\":\"https:\\\/\\\/i0.wp.com\\\/libreriaguadalupe.com.ar\\\/libreria\\\/wp-content\\\/uploads\\\/1674\\\/33\\\/1240.jpg?fit=227%2C323&ssl=1\",\"contentUrl\":\"https:\\\/\\\/i0.wp.com\\\/libreriaguadalupe.com.ar\\\/libreria\\\/wp-content\\\/uploads\\\/1674\\\/33\\\/1240.jpg?fit=227%2C323&ssl=1\",\"width\":227,\"height\":323},{\"@type\":\"BreadcrumbList\",\"@id\":\"https:\\\/\\\/libreriaguadalupe.com.ar\\\/libreria\\\/producto\\\/anagnorisis-en-la-historia-de-jose-gn-37-50-2\\\/#breadcrumb\",\"itemListElement\":[{\"@type\":\"ListItem\",\"position\":1,\"name\":\"Portada\",\"item\":\"https:\\\/\\\/libreriaguadalupe.com.ar\\\/libreria\\\/\"},{\"@type\":\"ListItem\",\"position\":2,\"name\":\"Tienda\",\"item\":\"https:\\\/\\\/libreriaguadalupe.com.ar\\\/libreria\\\/\"},{\"@type\":\"ListItem\",\"position\":3,\"name\":\"Anagn\u00f3risis en la historia de Jose (GN 37-50)\"}]},{\"@type\":\"WebSite\",\"@id\":\"https:\\\/\\\/libreriaguadalupe.com.ar\\\/libreria\\\/#website\",\"url\":\"https:\\\/\\\/libreriaguadalupe.com.ar\\\/libreria\\\/\",\"name\":\"Editorial Guadalupe de Argentina\",\"description\":\"Congregaci\u00f3n del Verbo Divino\",\"publisher\":{\"@id\":\"https:\\\/\\\/libreriaguadalupe.com.ar\\\/libreria\\\/#organization\"},\"alternateName\":\"Librer\u00eda Guadalupe\",\"potentialAction\":[{\"@type\":\"SearchAction\",\"target\":{\"@type\":\"EntryPoint\",\"urlTemplate\":\"https:\\\/\\\/libreriaguadalupe.com.ar\\\/libreria\\\/?s={search_term_string}\"},\"query-input\":{\"@type\":\"PropertyValueSpecification\",\"valueRequired\":true,\"valueName\":\"search_term_string\"}}],\"inLanguage\":\"es\"},{\"@type\":\"Organization\",\"@id\":\"https:\\\/\\\/libreriaguadalupe.com.ar\\\/libreria\\\/#organization\",\"name\":\"Editorial Guadalupe\",\"alternateName\":\"Librer\u00eda Guadalupe\",\"url\":\"https:\\\/\\\/libreriaguadalupe.com.ar\\\/libreria\\\/\",\"logo\":{\"@type\":\"ImageObject\",\"inLanguage\":\"es\",\"@id\":\"https:\\\/\\\/libreriaguadalupe.com.ar\\\/libreria\\\/#\\\/schema\\\/logo\\\/image\\\/\",\"url\":\"https:\\\/\\\/i0.wp.com\\\/libreriaguadalupe.com.ar\\\/libreria\\\/wp-content\\\/uploads\\\/2023\\\/01\\\/cropped-logo-editorial-guadalupe.webp?fit=500%2C100&ssl=1\",\"contentUrl\":\"https:\\\/\\\/i0.wp.com\\\/libreriaguadalupe.com.ar\\\/libreria\\\/wp-content\\\/uploads\\\/2023\\\/01\\\/cropped-logo-editorial-guadalupe.webp?fit=500%2C100&ssl=1\",\"width\":500,\"height\":100,\"caption\":\"Editorial Guadalupe\"},\"image\":{\"@id\":\"https:\\\/\\\/libreriaguadalupe.com.ar\\\/libreria\\\/#\\\/schema\\\/logo\\\/image\\\/\"},\"sameAs\":[\"https:\\\/\\\/www.facebook.com\\\/LibreriaGuadalupeAR\\\/\",\"https:\\\/\\\/www.instagram.com\\\/editorialguadalupe\\\/\",\"https:\\\/\\\/guadalupeeditorial.mercadoshops.com.ar\\\/\"]}]}<\/script>\n<!-- \/ Yoast SEO plugin. -->","yoast_head_json":{"title":"Anagn\u00f3risis en la historia de Jose (GN 37-50) - Editorial Guadalupe de Argentina","description":"Desde Arist\u00f3teles (con respecto a la narrativa en general) hasta Meir Sternberg (con respecto a la narrativa b\u00edblica), ha sido ampliamente reconocida la centralidad del fen\u00f3meno de la anagn\u00f3risis. Homero, Dante, Shakespeare, Miguel de Cervantes, Lope de Vega, Calder\u00f3n de la Barca, Gabriel Garc\u00eda M\u00e1rquez y tantos otros han hecho del reconocimiento un momento de gozo para personajes y lectores, y la Biblia no pod\u00eda ser la excepci\u00f3n. Sin embargo, en ella, el paso de la ignorancia al conocimiento (anagn\u00f3risis) llega a ser mucho m\u00e1s que una t\u00e9cnica narrativa.","robots":{"index":"index","follow":"follow","max-snippet":"max-snippet:-1","max-image-preview":"max-image-preview:large","max-video-preview":"max-video-preview:-1"},"canonical":"https:\/\/libreriaguadalupe.com.ar\/libreria\/producto\/anagnorisis-en-la-historia-de-jose-gn-37-50-2\/","og_locale":"es_ES","og_type":"article","og_title":"Anagn\u00f3risis en la historia de Jose (GN 37-50) - Editorial Guadalupe de Argentina","og_description":"Desde Arist\u00f3teles (con respecto a la narrativa en general) hasta Meir Sternberg (con respecto a la narrativa b\u00edblica), ha sido ampliamente reconocida la centralidad del fen\u00f3meno de la anagn\u00f3risis. Homero, Dante, Shakespeare, Miguel de Cervantes, Lope de Vega, Calder\u00f3n de la Barca, Gabriel Garc\u00eda M\u00e1rquez y tantos otros han hecho del reconocimiento un momento de gozo para personajes y lectores, y la Biblia no pod\u00eda ser la excepci\u00f3n. Sin embargo, en ella, el paso de la ignorancia al conocimiento (anagn\u00f3risis) llega a ser mucho m\u00e1s que una t\u00e9cnica narrativa.","og_url":"https:\/\/libreriaguadalupe.com.ar\/libreria\/producto\/anagnorisis-en-la-historia-de-jose-gn-37-50-2\/","og_site_name":"Editorial Guadalupe de Argentina","article_publisher":"https:\/\/www.facebook.com\/LibreriaGuadalupeAR\/","article_modified_time":"2024-03-14T13:31:15+00:00","og_image":[{"width":227,"height":323,"url":"https:\/\/libreriaguadalupe.com.ar\/libreria\/wp-content\/uploads\/1674\/33\/1240.jpg","type":"image\/jpeg"}],"twitter_card":"summary_large_image","twitter_misc":{"Tiempo de lectura":"2 minutos"},"schema":{"@context":"https:\/\/schema.org","@graph":[{"@type":"WebPage","@id":"https:\/\/libreriaguadalupe.com.ar\/libreria\/producto\/anagnorisis-en-la-historia-de-jose-gn-37-50-2\/","url":"https:\/\/libreriaguadalupe.com.ar\/libreria\/producto\/anagnorisis-en-la-historia-de-jose-gn-37-50-2\/","name":"Anagn\u00f3risis en la historia de Jose (GN 37-50) - Editorial Guadalupe de Argentina","isPartOf":{"@id":"https:\/\/libreriaguadalupe.com.ar\/libreria\/#website"},"primaryImageOfPage":{"@id":"https:\/\/libreriaguadalupe.com.ar\/libreria\/producto\/anagnorisis-en-la-historia-de-jose-gn-37-50-2\/#primaryimage"},"image":{"@id":"https:\/\/libreriaguadalupe.com.ar\/libreria\/producto\/anagnorisis-en-la-historia-de-jose-gn-37-50-2\/#primaryimage"},"thumbnailUrl":"https:\/\/i0.wp.com\/libreriaguadalupe.com.ar\/libreria\/wp-content\/uploads\/1674\/33\/1240.jpg?fit=227%2C323&ssl=1","datePublished":"2023-02-07T13:56:10+00:00","dateModified":"2024-03-14T13:31:15+00:00","description":"Desde Arist\u00f3teles (con respecto a la narrativa en general) hasta Meir Sternberg (con respecto a la narrativa b\u00edblica), ha sido ampliamente reconocida la centralidad del fen\u00f3meno de la anagn\u00f3risis. Homero, Dante, Shakespeare, Miguel de Cervantes, Lope de Vega, Calder\u00f3n de la Barca, Gabriel Garc\u00eda M\u00e1rquez y tantos otros han hecho del reconocimiento un momento de gozo para personajes y lectores, y la Biblia no pod\u00eda ser la excepci\u00f3n. Sin embargo, en ella, el paso de la ignorancia al conocimiento (anagn\u00f3risis) llega a ser mucho m\u00e1s que una t\u00e9cnica narrativa.","breadcrumb":{"@id":"https:\/\/libreriaguadalupe.com.ar\/libreria\/producto\/anagnorisis-en-la-historia-de-jose-gn-37-50-2\/#breadcrumb"},"inLanguage":"es","potentialAction":[{"@type":"ReadAction","target":["https:\/\/libreriaguadalupe.com.ar\/libreria\/producto\/anagnorisis-en-la-historia-de-jose-gn-37-50-2\/"]}]},{"@type":"ImageObject","inLanguage":"es","@id":"https:\/\/libreriaguadalupe.com.ar\/libreria\/producto\/anagnorisis-en-la-historia-de-jose-gn-37-50-2\/#primaryimage","url":"https:\/\/i0.wp.com\/libreriaguadalupe.com.ar\/libreria\/wp-content\/uploads\/1674\/33\/1240.jpg?fit=227%2C323&ssl=1","contentUrl":"https:\/\/i0.wp.com\/libreriaguadalupe.com.ar\/libreria\/wp-content\/uploads\/1674\/33\/1240.jpg?fit=227%2C323&ssl=1","width":227,"height":323},{"@type":"BreadcrumbList","@id":"https:\/\/libreriaguadalupe.com.ar\/libreria\/producto\/anagnorisis-en-la-historia-de-jose-gn-37-50-2\/#breadcrumb","itemListElement":[{"@type":"ListItem","position":1,"name":"Portada","item":"https:\/\/libreriaguadalupe.com.ar\/libreria\/"},{"@type":"ListItem","position":2,"name":"Tienda","item":"https:\/\/libreriaguadalupe.com.ar\/libreria\/"},{"@type":"ListItem","position":3,"name":"Anagn\u00f3risis en la historia de Jose (GN 37-50)"}]},{"@type":"WebSite","@id":"https:\/\/libreriaguadalupe.com.ar\/libreria\/#website","url":"https:\/\/libreriaguadalupe.com.ar\/libreria\/","name":"Editorial Guadalupe de Argentina","description":"Congregaci\u00f3n del Verbo Divino","publisher":{"@id":"https:\/\/libreriaguadalupe.com.ar\/libreria\/#organization"},"alternateName":"Librer\u00eda Guadalupe","potentialAction":[{"@type":"SearchAction","target":{"@type":"EntryPoint","urlTemplate":"https:\/\/libreriaguadalupe.com.ar\/libreria\/?s={search_term_string}"},"query-input":{"@type":"PropertyValueSpecification","valueRequired":true,"valueName":"search_term_string"}}],"inLanguage":"es"},{"@type":"Organization","@id":"https:\/\/libreriaguadalupe.com.ar\/libreria\/#organization","name":"Editorial Guadalupe","alternateName":"Librer\u00eda Guadalupe","url":"https:\/\/libreriaguadalupe.com.ar\/libreria\/","logo":{"@type":"ImageObject","inLanguage":"es","@id":"https:\/\/libreriaguadalupe.com.ar\/libreria\/#\/schema\/logo\/image\/","url":"https:\/\/i0.wp.com\/libreriaguadalupe.com.ar\/libreria\/wp-content\/uploads\/2023\/01\/cropped-logo-editorial-guadalupe.webp?fit=500%2C100&ssl=1","contentUrl":"https:\/\/i0.wp.com\/libreriaguadalupe.com.ar\/libreria\/wp-content\/uploads\/2023\/01\/cropped-logo-editorial-guadalupe.webp?fit=500%2C100&ssl=1","width":500,"height":100,"caption":"Editorial Guadalupe"},"image":{"@id":"https:\/\/libreriaguadalupe.com.ar\/libreria\/#\/schema\/logo\/image\/"},"sameAs":["https:\/\/www.facebook.com\/LibreriaGuadalupeAR\/","https:\/\/www.instagram.com\/editorialguadalupe\/","https:\/\/guadalupeeditorial.mercadoshops.com.ar\/"]}]}},"jetpack_publicize_connections":[],"jetpack_sharing_enabled":true,"jetpack-related-posts":[{"id":15368,"url":"https:\/\/libreriaguadalupe.com.ar\/libreria\/producto\/un-pueblo-libre-y-sin-reyes-2\/","url_meta":{"origin":15541,"position":0},"title":"Un pueblo libre y sin reyes","author":"admin","date":"07\/02\/2023","format":false,"excerpt":"La funci\u00f3n de Gn 49 y Dt 33 en la composici\u00f3n del Pentateuco Autor: Jos\u00e9 Ademar Kaefer ISBN: 8481692365 Dimensiones: 16 x 24 cm P\u00e1ginas: 352","rel":"","context":"Entrada similar","block_context":{"text":"Entrada similar","link":""},"img":{"alt_text":"","src":"https:\/\/i0.wp.com\/libreriaguadalupe.com.ar\/libreria\/wp-content\/uploads\/2023\/02\/Un-pueblo-libre-y-sin-reyes.jpg?fit=380%2C586&ssl=1&resize=350%2C200","width":350,"height":200},"classes":[]},{"id":16882,"url":"https:\/\/libreriaguadalupe.com.ar\/libreria\/producto\/cain-donde-esta-tu-hermana\/","url_meta":{"origin":15541,"position":1},"title":"Ca\u00edn, \u00bfd\u00f3nde est\u00e1 tu hermana?","author":"admin","date":"23\/03\/2023","format":false,"excerpt":"Dios y la violencia contra las mujeres Autor: Adelaide Baracco Colombo ISBN: 8490733660 Dimensiones: 14 x 21 cm P\u00e1ginas: 168","rel":"","context":"Entrada similar","block_context":{"text":"Entrada similar","link":""},"img":{"alt_text":"","src":"https:\/\/i0.wp.com\/libreriaguadalupe.com.ar\/libreria\/wp-content\/uploads\/2023\/03\/Cain-donde-esta-tu-hermana.jpg?fit=380%2C586&ssl=1&resize=350%2C200","width":350,"height":200},"classes":[]},{"id":15509,"url":"https:\/\/libreriaguadalupe.com.ar\/libreria\/producto\/evangelio-de-marcos-pikaza-2\/","url_meta":{"origin":15541,"position":2},"title":"Evangelio de Marcos","author":"admin","date":"07\/02\/2023","format":false,"excerpt":"La Buena Noticia de Jes\u00fas AUTOR: EVD ISBN: 8499452258","rel":"","context":"Entrada similar","block_context":{"text":"Entrada similar","link":""},"img":{"alt_text":"","src":"https:\/\/i0.wp.com\/libreriaguadalupe.com.ar\/libreria\/wp-content\/uploads\/2023\/02\/Evangelio-de-Marcos.jpg?fit=380%2C586&ssl=1&resize=350%2C200","width":350,"height":200},"classes":[]},{"id":16741,"url":"https:\/\/libreriaguadalupe.com.ar\/libreria\/producto\/benito-la-mascota-de-san-jose\/","url_meta":{"origin":15541,"position":3},"title":"Benito, la mascota de San Jos\u00e9","author":"admin","date":"19\/03\/2023","format":false,"excerpt":"ISBN: 9505008322 Autora: Norma Alverte P\u00e1ginas: 26 Medidas: 16 x 24 cm","rel":"","context":"Entrada similar","block_context":{"text":"Entrada similar","link":""},"img":{"alt_text":"","src":"https:\/\/i0.wp.com\/libreriaguadalupe.com.ar\/libreria\/wp-content\/uploads\/2023\/03\/BENITO-La-mascota-de-San-Jose.jpg?fit=552%2C500&ssl=1&resize=350%2C200","width":350,"height":200,"srcset":"https:\/\/i0.wp.com\/libreriaguadalupe.com.ar\/libreria\/wp-content\/uploads\/2023\/03\/BENITO-La-mascota-de-San-Jose.jpg?fit=552%2C500&ssl=1&resize=350%2C200 1x, https:\/\/i0.wp.com\/libreriaguadalupe.com.ar\/libreria\/wp-content\/uploads\/2023\/03\/BENITO-La-mascota-de-San-Jose.jpg?fit=552%2C500&ssl=1&resize=525%2C300 1.5x"},"classes":[]},{"id":16101,"url":"https:\/\/libreriaguadalupe.com.ar\/libreria\/producto\/trigo-y-cizana\/","url_meta":{"origin":15541,"position":4},"title":"Trigo y ciza\u00f1a","author":"admin","date":"12\/02\/2023","format":false,"excerpt":"Nos dejamos conducir en la existencia por Quien nos ama y nos ha dado la vida por Amor. AUTOR: KAUFMANN JOSE [ VER M\u00c1S OBRAS ] ISBN: 9505008667","rel":"","context":"Entrada similar","block_context":{"text":"Entrada similar","link":""},"img":{"alt_text":"","src":"https:\/\/i0.wp.com\/libreriaguadalupe.com.ar\/libreria\/wp-content\/uploads\/2023\/02\/Trigo-y-cizana-chico.jpg?fit=354%2C500&ssl=1&resize=350%2C200","width":350,"height":200},"classes":[]},{"id":18624,"url":"https:\/\/libreriaguadalupe.com.ar\/libreria\/producto\/borgo-valsugana\/","url_meta":{"origin":15541,"position":5},"title":"Borgo Valsugana","author":"Mariano Zuqui","date":"17\/02\/2025","format":false,"excerpt":"Autor: Augusto Jos\u00e9 T\u00edtulo: \u201cBorgo Valsugana - Historias de vida, esperanza y valores\u201d ISBN:978-950-500-945-9 Formato:\u00a0 15.5 x 22.5 cms Interior: 1\/1 color Papel: Boockcel 80 N\u00ba de P\u00e1ginas: 334. Tapa: Cartulina - Laminado mate. Encuadernaci\u00f3n: Binder","rel":"","context":"Entrada similar","block_context":{"text":"Entrada similar","link":""},"img":{"alt_text":"Borgo Valsugana","src":"https:\/\/i0.wp.com\/libreriaguadalupe.com.ar\/libreria\/wp-content\/uploads\/2025\/02\/1-1.png?fit=960%2C1200&ssl=1&resize=350%2C200","width":350,"height":200,"srcset":"https:\/\/i0.wp.com\/libreriaguadalupe.com.ar\/libreria\/wp-content\/uploads\/2025\/02\/1-1.png?fit=960%2C1200&ssl=1&resize=350%2C200 1x, https:\/\/i0.wp.com\/libreriaguadalupe.com.ar\/libreria\/wp-content\/uploads\/2025\/02\/1-1.png?fit=960%2C1200&ssl=1&resize=525%2C300 1.5x, https:\/\/i0.wp.com\/libreriaguadalupe.com.ar\/libreria\/wp-content\/uploads\/2025\/02\/1-1.png?fit=960%2C1200&ssl=1&resize=700%2C400 2x"},"classes":[]}],"_links":{"self":[{"href":"https:\/\/libreriaguadalupe.com.ar\/libreria\/wp-json\/wp\/v2\/product\/15541","targetHints":{"allow":["GET"]}}],"collection":[{"href":"https:\/\/libreriaguadalupe.com.ar\/libreria\/wp-json\/wp\/v2\/product"}],"about":[{"href":"https:\/\/libreriaguadalupe.com.ar\/libreria\/wp-json\/wp\/v2\/types\/product"}],"replies":[{"embeddable":true,"href":"https:\/\/libreriaguadalupe.com.ar\/libreria\/wp-json\/wp\/v2\/comments?post=15541"}],"version-history":[{"count":4,"href":"https:\/\/libreriaguadalupe.com.ar\/libreria\/wp-json\/wp\/v2\/product\/15541\/revisions"}],"predecessor-version":[{"id":16853,"href":"https:\/\/libreriaguadalupe.com.ar\/libreria\/wp-json\/wp\/v2\/product\/15541\/revisions\/16853"}],"wp:featuredmedia":[{"embeddable":true,"href":"https:\/\/libreriaguadalupe.com.ar\/libreria\/wp-json\/wp\/v2\/media\/13411"}],"wp:attachment":[{"href":"https:\/\/libreriaguadalupe.com.ar\/libreria\/wp-json\/wp\/v2\/media?parent=15541"}],"wp:term":[{"taxonomy":"product_brand","embeddable":true,"href":"https:\/\/libreriaguadalupe.com.ar\/libreria\/wp-json\/wp\/v2\/product_brand?post=15541"},{"taxonomy":"product_cat","embeddable":true,"href":"https:\/\/libreriaguadalupe.com.ar\/libreria\/wp-json\/wp\/v2\/product_cat?post=15541"},{"taxonomy":"product_tag","embeddable":true,"href":"https:\/\/libreriaguadalupe.com.ar\/libreria\/wp-json\/wp\/v2\/product_tag?post=15541"}],"curies":[{"name":"wp","href":"https:\/\/api.w.org\/{rel}","templated":true}]}}