{"id":15538,"date":"2023-02-07T10:56:10","date_gmt":"2023-02-07T13:56:10","guid":{"rendered":"https:\/\/libreriaguadalupe.com.ar\/libreria\/?post_type=product&#038;p=15538"},"modified":"2025-02-04T13:57:26","modified_gmt":"2025-02-04T16:57:26","slug":"moises-y-elias-hablan-con-jesus-pentateuco-y-libros-historicos-de-su-composicion-a-su-recepcion-2","status":"publish","type":"product","link":"https:\/\/libreriaguadalupe.com.ar\/libreria\/producto\/moises-y-elias-hablan-con-jesus-pentateuco-y-libros-historicos-de-su-composicion-a-su-recepcion-2\/","title":{"rendered":"Mois\u00e9s y El\u00edas hablan con Jes\u00fas"},"content":{"rendered":"<h3>Mois\u00e9s y El\u00edas hablan con Jes\u00fas<\/h3>\n<h5 class=\"my-1 font-weight-normal\">Pentateuco y libros hist\u00f3ricos: de su composici\u00f3n a su recepci\u00f3n<\/h5>\n<ul>\n<li>Francisco Varo Pineda<\/li>\n<\/ul>\n<div id=\"textoPre0\" class=\"single-book-about-content TextoPre\">El Pentateuco y los libros hist\u00f3ricos del Antiguo Testamento constituyen el p\u00f3rtico del mayor\u00a0<i>best-seller<\/i>\u00a0de todos los tiempos, que es la Biblia. Sus relatos han reclamado la atenci\u00f3n de la \u00e9tica, la psicolog\u00eda, o la antropolog\u00eda cultural, y de ellos han surgido temas de inspiraci\u00f3n para literatos, pintores, m\u00fasicos y escultores. Pero, sobre todo, son cauce de la Palabra de Dios que, a trav\u00e9s de ellos, llega viva y fresca, tierna y creativa, al momento presente.<br \/>\nEsta obra ofrece a pastores y fieles, protagonistas de esa historia de salvaci\u00f3n que sigue abierta, las herramientas necesarias para acceder a una lectura de estos libros en la que se integran arm\u00f3nicamente los resultados de los estudios hist\u00f3rico-cr\u00edticos que hoy se consideran m\u00e1s solventes, junto con su imprescindible dimensi\u00f3n teol\u00f3gica, pastoral y lit\u00fargica.<\/div>\n<p>&nbsp;<\/p>\n<p>ISBN: 8490732656<\/p>\n","protected":false},"excerpt":{"rendered":"<h5 class=\"my-1 font-weight-normal\">Pentateuco y libros hist\u00f3ricos: de su composici\u00f3n a su recepci\u00f3n<\/h5>\n<p>AUTOR: EDV<\/p>\n<p>ISBN: 8490732656<\/p>\n","protected":false},"featured_media":15732,"comment_status":"open","ping_status":"closed","template":"","meta":{"jetpack_publicize_message":"","jetpack_publicize_feature_enabled":true,"jetpack_social_post_already_shared":true,"jetpack_social_options":{"image_generator_settings":{"template":"highway","default_image_id":0,"font":"","enabled":false},"version":2}},"product_brand":[],"product_cat":[109],"product_tag":[127,131],"class_list":{"0":"post-15538","1":"product","2":"type-product","3":"status-publish","4":"has-post-thumbnail","6":"product_cat-verbo-divino","7":"product_tag-editorial-guadalupe-de-argentina","8":"product_tag-verbo-divino","10":"first","11":"instock","12":"shipping-taxable","13":"purchasable","14":"product-type-simple"},"yoast_head":"<!-- This site is optimized with the Yoast SEO plugin v27.4 - https:\/\/yoast.com\/product\/yoast-seo-wordpress\/ -->\n<title>Mois\u00e9s y El\u00edas hablan con Jes\u00fas - Editorial Guadalupe de Argentina<\/title>\n<meta name=\"robots\" content=\"index, follow, max-snippet:-1, max-image-preview:large, max-video-preview:-1\" \/>\n<link rel=\"canonical\" href=\"https:\/\/libreriaguadalupe.com.ar\/libreria\/producto\/moises-y-elias-hablan-con-jesus-pentateuco-y-libros-historicos-de-su-composicion-a-su-recepcion-2\/\" \/>\n<meta property=\"og:locale\" content=\"es_ES\" \/>\n<meta property=\"og:type\" content=\"article\" \/>\n<meta property=\"og:title\" content=\"Mois\u00e9s y El\u00edas hablan con Jes\u00fas - Editorial Guadalupe de Argentina\" \/>\n<meta property=\"og:description\" content=\"Pentateuco y libros hist\u00f3ricos: de su composici\u00f3n a su recepci\u00f3n AUTOR: EDV  ISBN: 8490732656\" \/>\n<meta property=\"og:url\" content=\"https:\/\/libreriaguadalupe.com.ar\/libreria\/producto\/moises-y-elias-hablan-con-jesus-pentateuco-y-libros-historicos-de-su-composicion-a-su-recepcion-2\/\" \/>\n<meta property=\"og:site_name\" content=\"Editorial Guadalupe de Argentina\" \/>\n<meta property=\"article:publisher\" content=\"https:\/\/www.facebook.com\/LibreriaGuadalupeAR\/\" \/>\n<meta property=\"article:modified_time\" content=\"2025-02-04T16:57:26+00:00\" \/>\n<meta property=\"og:image\" content=\"https:\/\/libreriaguadalupe.com.ar\/libreria\/wp-content\/uploads\/2023\/02\/Moises-y-Elias-hablan-con-Jesus.jpg\" \/>\n\t<meta property=\"og:image:width\" content=\"380\" \/>\n\t<meta property=\"og:image:height\" content=\"586\" \/>\n\t<meta property=\"og:image:type\" content=\"image\/jpeg\" \/>\n<meta name=\"twitter:card\" content=\"summary_large_image\" \/>\n<meta name=\"twitter:label1\" content=\"Tiempo de lectura\" \/>\n\t<meta name=\"twitter:data1\" content=\"1 minuto\" \/>\n<script type=\"application\/ld+json\" class=\"yoast-schema-graph\">{\"@context\":\"https:\\\/\\\/schema.org\",\"@graph\":[{\"@type\":\"WebPage\",\"@id\":\"https:\\\/\\\/libreriaguadalupe.com.ar\\\/libreria\\\/producto\\\/moises-y-elias-hablan-con-jesus-pentateuco-y-libros-historicos-de-su-composicion-a-su-recepcion-2\\\/\",\"url\":\"https:\\\/\\\/libreriaguadalupe.com.ar\\\/libreria\\\/producto\\\/moises-y-elias-hablan-con-jesus-pentateuco-y-libros-historicos-de-su-composicion-a-su-recepcion-2\\\/\",\"name\":\"Mois\u00e9s y El\u00edas hablan con Jes\u00fas - Editorial Guadalupe de Argentina\",\"isPartOf\":{\"@id\":\"https:\\\/\\\/libreriaguadalupe.com.ar\\\/libreria\\\/#website\"},\"primaryImageOfPage\":{\"@id\":\"https:\\\/\\\/libreriaguadalupe.com.ar\\\/libreria\\\/producto\\\/moises-y-elias-hablan-con-jesus-pentateuco-y-libros-historicos-de-su-composicion-a-su-recepcion-2\\\/#primaryimage\"},\"image\":{\"@id\":\"https:\\\/\\\/libreriaguadalupe.com.ar\\\/libreria\\\/producto\\\/moises-y-elias-hablan-con-jesus-pentateuco-y-libros-historicos-de-su-composicion-a-su-recepcion-2\\\/#primaryimage\"},\"thumbnailUrl\":\"https:\\\/\\\/i0.wp.com\\\/libreriaguadalupe.com.ar\\\/libreria\\\/wp-content\\\/uploads\\\/2023\\\/02\\\/Moises-y-Elias-hablan-con-Jesus.jpg?fit=380%2C586&ssl=1\",\"datePublished\":\"2023-02-07T13:56:10+00:00\",\"dateModified\":\"2025-02-04T16:57:26+00:00\",\"breadcrumb\":{\"@id\":\"https:\\\/\\\/libreriaguadalupe.com.ar\\\/libreria\\\/producto\\\/moises-y-elias-hablan-con-jesus-pentateuco-y-libros-historicos-de-su-composicion-a-su-recepcion-2\\\/#breadcrumb\"},\"inLanguage\":\"es\",\"potentialAction\":[{\"@type\":\"ReadAction\",\"target\":[\"https:\\\/\\\/libreriaguadalupe.com.ar\\\/libreria\\\/producto\\\/moises-y-elias-hablan-con-jesus-pentateuco-y-libros-historicos-de-su-composicion-a-su-recepcion-2\\\/\"]}]},{\"@type\":\"ImageObject\",\"inLanguage\":\"es\",\"@id\":\"https:\\\/\\\/libreriaguadalupe.com.ar\\\/libreria\\\/producto\\\/moises-y-elias-hablan-con-jesus-pentateuco-y-libros-historicos-de-su-composicion-a-su-recepcion-2\\\/#primaryimage\",\"url\":\"https:\\\/\\\/i0.wp.com\\\/libreriaguadalupe.com.ar\\\/libreria\\\/wp-content\\\/uploads\\\/2023\\\/02\\\/Moises-y-Elias-hablan-con-Jesus.jpg?fit=380%2C586&ssl=1\",\"contentUrl\":\"https:\\\/\\\/i0.wp.com\\\/libreriaguadalupe.com.ar\\\/libreria\\\/wp-content\\\/uploads\\\/2023\\\/02\\\/Moises-y-Elias-hablan-con-Jesus.jpg?fit=380%2C586&ssl=1\",\"width\":380,\"height\":586},{\"@type\":\"BreadcrumbList\",\"@id\":\"https:\\\/\\\/libreriaguadalupe.com.ar\\\/libreria\\\/producto\\\/moises-y-elias-hablan-con-jesus-pentateuco-y-libros-historicos-de-su-composicion-a-su-recepcion-2\\\/#breadcrumb\",\"itemListElement\":[{\"@type\":\"ListItem\",\"position\":1,\"name\":\"Portada\",\"item\":\"https:\\\/\\\/libreriaguadalupe.com.ar\\\/libreria\\\/\"},{\"@type\":\"ListItem\",\"position\":2,\"name\":\"Tienda\",\"item\":\"https:\\\/\\\/libreriaguadalupe.com.ar\\\/libreria\\\/\"},{\"@type\":\"ListItem\",\"position\":3,\"name\":\"Mois\u00e9s y El\u00edas hablan con Jes\u00fas\"}]},{\"@type\":\"WebSite\",\"@id\":\"https:\\\/\\\/libreriaguadalupe.com.ar\\\/libreria\\\/#website\",\"url\":\"https:\\\/\\\/libreriaguadalupe.com.ar\\\/libreria\\\/\",\"name\":\"Editorial Guadalupe de Argentina\",\"description\":\"Congregaci\u00f3n del Verbo Divino\",\"publisher\":{\"@id\":\"https:\\\/\\\/libreriaguadalupe.com.ar\\\/libreria\\\/#organization\"},\"alternateName\":\"Librer\u00eda Guadalupe\",\"potentialAction\":[{\"@type\":\"SearchAction\",\"target\":{\"@type\":\"EntryPoint\",\"urlTemplate\":\"https:\\\/\\\/libreriaguadalupe.com.ar\\\/libreria\\\/?s={search_term_string}\"},\"query-input\":{\"@type\":\"PropertyValueSpecification\",\"valueRequired\":true,\"valueName\":\"search_term_string\"}}],\"inLanguage\":\"es\"},{\"@type\":\"Organization\",\"@id\":\"https:\\\/\\\/libreriaguadalupe.com.ar\\\/libreria\\\/#organization\",\"name\":\"Editorial Guadalupe\",\"alternateName\":\"Librer\u00eda Guadalupe\",\"url\":\"https:\\\/\\\/libreriaguadalupe.com.ar\\\/libreria\\\/\",\"logo\":{\"@type\":\"ImageObject\",\"inLanguage\":\"es\",\"@id\":\"https:\\\/\\\/libreriaguadalupe.com.ar\\\/libreria\\\/#\\\/schema\\\/logo\\\/image\\\/\",\"url\":\"https:\\\/\\\/i0.wp.com\\\/libreriaguadalupe.com.ar\\\/libreria\\\/wp-content\\\/uploads\\\/2023\\\/01\\\/cropped-logo-editorial-guadalupe.webp?fit=500%2C100&ssl=1\",\"contentUrl\":\"https:\\\/\\\/i0.wp.com\\\/libreriaguadalupe.com.ar\\\/libreria\\\/wp-content\\\/uploads\\\/2023\\\/01\\\/cropped-logo-editorial-guadalupe.webp?fit=500%2C100&ssl=1\",\"width\":500,\"height\":100,\"caption\":\"Editorial Guadalupe\"},\"image\":{\"@id\":\"https:\\\/\\\/libreriaguadalupe.com.ar\\\/libreria\\\/#\\\/schema\\\/logo\\\/image\\\/\"},\"sameAs\":[\"https:\\\/\\\/www.facebook.com\\\/LibreriaGuadalupeAR\\\/\",\"https:\\\/\\\/www.instagram.com\\\/editorialguadalupe\\\/\",\"https:\\\/\\\/guadalupeeditorial.mercadoshops.com.ar\\\/\"]}]}<\/script>\n<!-- \/ Yoast SEO plugin. -->","yoast_head_json":{"title":"Mois\u00e9s y El\u00edas hablan con Jes\u00fas - Editorial Guadalupe de Argentina","robots":{"index":"index","follow":"follow","max-snippet":"max-snippet:-1","max-image-preview":"max-image-preview:large","max-video-preview":"max-video-preview:-1"},"canonical":"https:\/\/libreriaguadalupe.com.ar\/libreria\/producto\/moises-y-elias-hablan-con-jesus-pentateuco-y-libros-historicos-de-su-composicion-a-su-recepcion-2\/","og_locale":"es_ES","og_type":"article","og_title":"Mois\u00e9s y El\u00edas hablan con Jes\u00fas - Editorial Guadalupe de Argentina","og_description":"Pentateuco y libros hist\u00f3ricos: de su composici\u00f3n a su recepci\u00f3n AUTOR: EDV  ISBN: 8490732656","og_url":"https:\/\/libreriaguadalupe.com.ar\/libreria\/producto\/moises-y-elias-hablan-con-jesus-pentateuco-y-libros-historicos-de-su-composicion-a-su-recepcion-2\/","og_site_name":"Editorial Guadalupe de Argentina","article_publisher":"https:\/\/www.facebook.com\/LibreriaGuadalupeAR\/","article_modified_time":"2025-02-04T16:57:26+00:00","og_image":[{"width":380,"height":586,"url":"https:\/\/libreriaguadalupe.com.ar\/libreria\/wp-content\/uploads\/2023\/02\/Moises-y-Elias-hablan-con-Jesus.jpg","type":"image\/jpeg"}],"twitter_card":"summary_large_image","twitter_misc":{"Tiempo de lectura":"1 minuto"},"schema":{"@context":"https:\/\/schema.org","@graph":[{"@type":"WebPage","@id":"https:\/\/libreriaguadalupe.com.ar\/libreria\/producto\/moises-y-elias-hablan-con-jesus-pentateuco-y-libros-historicos-de-su-composicion-a-su-recepcion-2\/","url":"https:\/\/libreriaguadalupe.com.ar\/libreria\/producto\/moises-y-elias-hablan-con-jesus-pentateuco-y-libros-historicos-de-su-composicion-a-su-recepcion-2\/","name":"Mois\u00e9s y El\u00edas hablan con Jes\u00fas - Editorial Guadalupe de Argentina","isPartOf":{"@id":"https:\/\/libreriaguadalupe.com.ar\/libreria\/#website"},"primaryImageOfPage":{"@id":"https:\/\/libreriaguadalupe.com.ar\/libreria\/producto\/moises-y-elias-hablan-con-jesus-pentateuco-y-libros-historicos-de-su-composicion-a-su-recepcion-2\/#primaryimage"},"image":{"@id":"https:\/\/libreriaguadalupe.com.ar\/libreria\/producto\/moises-y-elias-hablan-con-jesus-pentateuco-y-libros-historicos-de-su-composicion-a-su-recepcion-2\/#primaryimage"},"thumbnailUrl":"https:\/\/i0.wp.com\/libreriaguadalupe.com.ar\/libreria\/wp-content\/uploads\/2023\/02\/Moises-y-Elias-hablan-con-Jesus.jpg?fit=380%2C586&ssl=1","datePublished":"2023-02-07T13:56:10+00:00","dateModified":"2025-02-04T16:57:26+00:00","breadcrumb":{"@id":"https:\/\/libreriaguadalupe.com.ar\/libreria\/producto\/moises-y-elias-hablan-con-jesus-pentateuco-y-libros-historicos-de-su-composicion-a-su-recepcion-2\/#breadcrumb"},"inLanguage":"es","potentialAction":[{"@type":"ReadAction","target":["https:\/\/libreriaguadalupe.com.ar\/libreria\/producto\/moises-y-elias-hablan-con-jesus-pentateuco-y-libros-historicos-de-su-composicion-a-su-recepcion-2\/"]}]},{"@type":"ImageObject","inLanguage":"es","@id":"https:\/\/libreriaguadalupe.com.ar\/libreria\/producto\/moises-y-elias-hablan-con-jesus-pentateuco-y-libros-historicos-de-su-composicion-a-su-recepcion-2\/#primaryimage","url":"https:\/\/i0.wp.com\/libreriaguadalupe.com.ar\/libreria\/wp-content\/uploads\/2023\/02\/Moises-y-Elias-hablan-con-Jesus.jpg?fit=380%2C586&ssl=1","contentUrl":"https:\/\/i0.wp.com\/libreriaguadalupe.com.ar\/libreria\/wp-content\/uploads\/2023\/02\/Moises-y-Elias-hablan-con-Jesus.jpg?fit=380%2C586&ssl=1","width":380,"height":586},{"@type":"BreadcrumbList","@id":"https:\/\/libreriaguadalupe.com.ar\/libreria\/producto\/moises-y-elias-hablan-con-jesus-pentateuco-y-libros-historicos-de-su-composicion-a-su-recepcion-2\/#breadcrumb","itemListElement":[{"@type":"ListItem","position":1,"name":"Portada","item":"https:\/\/libreriaguadalupe.com.ar\/libreria\/"},{"@type":"ListItem","position":2,"name":"Tienda","item":"https:\/\/libreriaguadalupe.com.ar\/libreria\/"},{"@type":"ListItem","position":3,"name":"Mois\u00e9s y El\u00edas hablan con Jes\u00fas"}]},{"@type":"WebSite","@id":"https:\/\/libreriaguadalupe.com.ar\/libreria\/#website","url":"https:\/\/libreriaguadalupe.com.ar\/libreria\/","name":"Editorial Guadalupe de Argentina","description":"Congregaci\u00f3n del Verbo Divino","publisher":{"@id":"https:\/\/libreriaguadalupe.com.ar\/libreria\/#organization"},"alternateName":"Librer\u00eda Guadalupe","potentialAction":[{"@type":"SearchAction","target":{"@type":"EntryPoint","urlTemplate":"https:\/\/libreriaguadalupe.com.ar\/libreria\/?s={search_term_string}"},"query-input":{"@type":"PropertyValueSpecification","valueRequired":true,"valueName":"search_term_string"}}],"inLanguage":"es"},{"@type":"Organization","@id":"https:\/\/libreriaguadalupe.com.ar\/libreria\/#organization","name":"Editorial Guadalupe","alternateName":"Librer\u00eda Guadalupe","url":"https:\/\/libreriaguadalupe.com.ar\/libreria\/","logo":{"@type":"ImageObject","inLanguage":"es","@id":"https:\/\/libreriaguadalupe.com.ar\/libreria\/#\/schema\/logo\/image\/","url":"https:\/\/i0.wp.com\/libreriaguadalupe.com.ar\/libreria\/wp-content\/uploads\/2023\/01\/cropped-logo-editorial-guadalupe.webp?fit=500%2C100&ssl=1","contentUrl":"https:\/\/i0.wp.com\/libreriaguadalupe.com.ar\/libreria\/wp-content\/uploads\/2023\/01\/cropped-logo-editorial-guadalupe.webp?fit=500%2C100&ssl=1","width":500,"height":100,"caption":"Editorial Guadalupe"},"image":{"@id":"https:\/\/libreriaguadalupe.com.ar\/libreria\/#\/schema\/logo\/image\/"},"sameAs":["https:\/\/www.facebook.com\/LibreriaGuadalupeAR\/","https:\/\/www.instagram.com\/editorialguadalupe\/","https:\/\/guadalupeeditorial.mercadoshops.com.ar\/"]}]}},"jetpack_publicize_connections":[],"jetpack_sharing_enabled":true,"jetpack-related-posts":[{"id":13217,"url":"https:\/\/libreriaguadalupe.com.ar\/libreria\/producto\/moises-y-elias-hablan-con-jesus-pentateuco-y-libros-historicos-de-su-composicion-a-su-recepcion\/","url_meta":{"origin":15538,"position":0},"title":"Moises y Elias hablan con Jesus  Pentateuco y libros historicos: de su composicion a su recepcion","author":"admin","date":"18\/01\/2023","format":false,"excerpt":"","rel":"","context":"Entrada similar","block_context":{"text":"Entrada similar","link":""},"img":{"alt_text":"","src":"","width":0,"height":0},"classes":[]},{"id":15410,"url":"https:\/\/libreriaguadalupe.com.ar\/libreria\/producto\/el-pentateuco-un-filon-inagotable-2\/","url_meta":{"origin":15538,"position":1},"title":"El Pentateuco: un filon inagotable","author":"admin","date":"07\/02\/2023","format":false,"excerpt":"","rel":"","context":"Entrada similar","block_context":{"text":"Entrada similar","link":""},"img":{"alt_text":"","src":"","width":0,"height":0},"classes":[]},{"id":13094,"url":"https:\/\/libreriaguadalupe.com.ar\/libreria\/producto\/introduccion-al-pentateuco-genesis\/","url_meta":{"origin":15538,"position":2},"title":"Introduccion al Pentateuco Genesis","author":"admin","date":"18\/01\/2023","format":false,"excerpt":"AUTOR: Loza Vera, Jos\u00e9 ISBN 8481692426","rel":"","context":"Entrada similar","block_context":{"text":"Entrada similar","link":""},"img":{"alt_text":"","src":"https:\/\/i0.wp.com\/libreriaguadalupe.com.ar\/libreria\/wp-content\/uploads\/1674\/33\/1004.jpg?fit=227%2C345&ssl=1&resize=350%2C200","width":350,"height":200},"classes":[]},{"id":15514,"url":"https:\/\/libreriaguadalupe.com.ar\/libreria\/producto\/pentateuco-la-biblia-hebrea-en-perspectiva-latinoamericana-2\/","url_meta":{"origin":15538,"position":3},"title":"Pentateuco &#8211; La Biblia Hebrea en perspectiva latinoamericana","author":"admin","date":"07\/02\/2023","format":false,"excerpt":"Introducci\u00f3n al Antiguo Testamento AUTOR: EVD ISBN 8490730744","rel":"","context":"Entrada similar","block_context":{"text":"Entrada similar","link":""},"img":{"alt_text":"","src":"https:\/\/i0.wp.com\/libreriaguadalupe.com.ar\/libreria\/wp-content\/uploads\/2023\/02\/Pentateuco-La-Biblia-Hebrea-en-perspectiva-latinoamericana.jpg?fit=380%2C586&ssl=1&resize=350%2C200","width":350,"height":200},"classes":[]},{"id":15368,"url":"https:\/\/libreriaguadalupe.com.ar\/libreria\/producto\/un-pueblo-libre-y-sin-reyes-2\/","url_meta":{"origin":15538,"position":4},"title":"Un pueblo libre y sin reyes","author":"admin","date":"07\/02\/2023","format":false,"excerpt":"La funci\u00f3n de Gn 49 y Dt 33 en la composici\u00f3n del Pentateuco Autor: Jos\u00e9 Ademar Kaefer ISBN: 8481692365 Dimensiones: 16 x 24 cm P\u00e1ginas: 352","rel":"","context":"Entrada similar","block_context":{"text":"Entrada similar","link":""},"img":{"alt_text":"","src":"https:\/\/i0.wp.com\/libreriaguadalupe.com.ar\/libreria\/wp-content\/uploads\/2023\/02\/Un-pueblo-libre-y-sin-reyes.jpg?fit=380%2C586&ssl=1&resize=350%2C200","width":350,"height":200},"classes":[]},{"id":12855,"url":"https:\/\/libreriaguadalupe.com.ar\/libreria\/producto\/un-judio-marginal-nueva-vision-del-jesus-historico-i\/","url_meta":{"origin":15538,"position":5},"title":"Un judio marginal Nueva vision del Jesus historico I","author":"admin","date":"18\/01\/2023","format":false,"excerpt":"Las ra\u00edces del problema y de la persona Autor: John Paul Meier ISBN: 8481692034 Dimensiones: 15,5 x 24 cm P\u00e1ginas: 472","rel":"","context":"Entrada similar","block_context":{"text":"Entrada similar","link":""},"img":{"alt_text":"","src":"https:\/\/i0.wp.com\/libreriaguadalupe.com.ar\/libreria\/wp-content\/uploads\/2023\/01\/Un-judio-marginal-Nueva-vision-del-Jesus-historico-I.jpg?fit=380%2C586&ssl=1&resize=350%2C200","width":350,"height":200},"classes":[]}],"_links":{"self":[{"href":"https:\/\/libreriaguadalupe.com.ar\/libreria\/wp-json\/wp\/v2\/product\/15538","targetHints":{"allow":["GET"]}}],"collection":[{"href":"https:\/\/libreriaguadalupe.com.ar\/libreria\/wp-json\/wp\/v2\/product"}],"about":[{"href":"https:\/\/libreriaguadalupe.com.ar\/libreria\/wp-json\/wp\/v2\/types\/product"}],"replies":[{"embeddable":true,"href":"https:\/\/libreriaguadalupe.com.ar\/libreria\/wp-json\/wp\/v2\/comments?post=15538"}],"version-history":[{"count":3,"href":"https:\/\/libreriaguadalupe.com.ar\/libreria\/wp-json\/wp\/v2\/product\/15538\/revisions"}],"predecessor-version":[{"id":15733,"href":"https:\/\/libreriaguadalupe.com.ar\/libreria\/wp-json\/wp\/v2\/product\/15538\/revisions\/15733"}],"wp:featuredmedia":[{"embeddable":true,"href":"https:\/\/libreriaguadalupe.com.ar\/libreria\/wp-json\/wp\/v2\/media\/15732"}],"wp:attachment":[{"href":"https:\/\/libreriaguadalupe.com.ar\/libreria\/wp-json\/wp\/v2\/media?parent=15538"}],"wp:term":[{"taxonomy":"product_brand","embeddable":true,"href":"https:\/\/libreriaguadalupe.com.ar\/libreria\/wp-json\/wp\/v2\/product_brand?post=15538"},{"taxonomy":"product_cat","embeddable":true,"href":"https:\/\/libreriaguadalupe.com.ar\/libreria\/wp-json\/wp\/v2\/product_cat?post=15538"},{"taxonomy":"product_tag","embeddable":true,"href":"https:\/\/libreriaguadalupe.com.ar\/libreria\/wp-json\/wp\/v2\/product_tag?post=15538"}],"curies":[{"name":"wp","href":"https:\/\/api.w.org\/{rel}","templated":true}]}}