{"id":15514,"date":"2023-02-07T10:56:05","date_gmt":"2023-02-07T13:56:05","guid":{"rendered":"https:\/\/libreriaguadalupe.com.ar\/libreria\/?post_type=product&#038;p=15514"},"modified":"2025-02-04T14:33:40","modified_gmt":"2025-02-04T17:33:40","slug":"pentateuco-la-biblia-hebrea-en-perspectiva-latinoamericana-2","status":"publish","type":"product","link":"https:\/\/libreriaguadalupe.com.ar\/libreria\/producto\/pentateuco-la-biblia-hebrea-en-perspectiva-latinoamericana-2\/","title":{"rendered":"Pentateuco &#8211; La Biblia Hebrea en perspectiva latinoamericana"},"content":{"rendered":"<h3>Pentateuco &#8211; La Biblia Hebrea en perspectiva latinoamericana<\/h3>\n<h5 class=\"my-1 font-weight-normal\">Introducci\u00f3n al Antiguo Testamento<\/h5>\n<ul>\n<li>Ahida E. Calder\u00f3n Pilarski<\/li>\n<li>Alejandro F\u00e9lix Botta<\/li>\n<\/ul>\n<div id=\"textoPre0\" class=\"single-book-about-content TextoPre\">La Tor\u00e1 en la tradici\u00f3n jud\u00eda, el Pentateuco en la cristiana, contiene las tradiciones fundacionales de Israel, cuyo impacto en Occidente se extiende mucho m\u00e1s all\u00e1 del \u00e1mbito religioso para abarcar tanto sistemas \u00e9ticos y filos\u00f3ficos como las artes pl\u00e1sticas y la literatura. Desde los mitos creacionales del G\u00e9nesis, pasando por las tradiciones patriarcales, la epopeya liberadora del \u00e9xodo de Egipto, la recepci\u00f3n de la Tor\u00e1 en el monte Sina\u00ed y las codificaciones c\u00falticas y legales posteriores, el Pentateuco se actualiza hoy a trav\u00e9s de la predicaci\u00f3n en miles de p\u00falpitos en sinagogas y en iglesias.<br \/>\nEste primer volumen (Pentateuco) de \u00abLa Biblia Hebrea en perspectiva latinoamericana\u00bb es una gu\u00eda de lectura elaborada desde la hermen\u00e9utica liberacionista latinoamericana, una corriente interpretativa que se gest\u00f3 en Sudam\u00e9rica y que marca diferencias con las tradiciones exeg\u00e9ticas y teol\u00f3gicas de Europa y Estados Unidos.<\/div>\n<p>AUTOR: Botta, Alejandro F\u00e9lix<\/p>\n<p>ISBN 8490730744<\/p>\n","protected":false},"excerpt":{"rendered":"<h5 class=\"my-1 font-weight-normal\">Introducci\u00f3n al Antiguo Testamento<\/h5>\n<p>AUTOR: EVD<\/p>\n<p>ISBN 8490730744<\/p>\n","protected":false},"featured_media":15754,"comment_status":"open","ping_status":"closed","template":"","meta":{"jetpack_publicize_message":"","jetpack_publicize_feature_enabled":true,"jetpack_social_post_already_shared":false,"jetpack_social_options":{"image_generator_settings":{"template":"highway","default_image_id":0,"font":"","enabled":false},"version":2}},"product_brand":[],"product_cat":[109],"product_tag":[127,131],"class_list":{"0":"post-15514","1":"product","2":"type-product","3":"status-publish","4":"has-post-thumbnail","6":"product_cat-verbo-divino","7":"product_tag-editorial-guadalupe-de-argentina","8":"product_tag-verbo-divino","10":"first","11":"instock","12":"shipping-taxable","13":"purchasable","14":"product-type-simple"},"yoast_head":"<!-- This site is optimized with the Yoast SEO plugin v27.4 - https:\/\/yoast.com\/product\/yoast-seo-wordpress\/ -->\n<title>Pentateuco - La Biblia Hebrea en perspectiva latinoamericana - Editorial Guadalupe de Argentina<\/title>\n<meta name=\"robots\" content=\"index, follow, max-snippet:-1, max-image-preview:large, max-video-preview:-1\" \/>\n<link rel=\"canonical\" href=\"https:\/\/libreriaguadalupe.com.ar\/libreria\/producto\/pentateuco-la-biblia-hebrea-en-perspectiva-latinoamericana-2\/\" \/>\n<meta property=\"og:locale\" content=\"es_ES\" \/>\n<meta property=\"og:type\" content=\"article\" \/>\n<meta property=\"og:title\" content=\"Pentateuco - La Biblia Hebrea en perspectiva latinoamericana - Editorial Guadalupe de Argentina\" \/>\n<meta property=\"og:description\" content=\"Introducci\u00f3n al Antiguo Testamento AUTOR: EVD  ISBN 8490730744\" \/>\n<meta property=\"og:url\" content=\"https:\/\/libreriaguadalupe.com.ar\/libreria\/producto\/pentateuco-la-biblia-hebrea-en-perspectiva-latinoamericana-2\/\" \/>\n<meta property=\"og:site_name\" content=\"Editorial Guadalupe de Argentina\" \/>\n<meta property=\"article:publisher\" content=\"https:\/\/www.facebook.com\/LibreriaGuadalupeAR\/\" \/>\n<meta property=\"article:modified_time\" content=\"2025-02-04T17:33:40+00:00\" \/>\n<meta property=\"og:image\" content=\"https:\/\/libreriaguadalupe.com.ar\/libreria\/wp-content\/uploads\/2023\/02\/Pentateuco-La-Biblia-Hebrea-en-perspectiva-latinoamericana.jpg\" \/>\n\t<meta property=\"og:image:width\" content=\"380\" \/>\n\t<meta property=\"og:image:height\" content=\"586\" \/>\n\t<meta property=\"og:image:type\" content=\"image\/jpeg\" \/>\n<meta name=\"twitter:card\" content=\"summary_large_image\" \/>\n<meta name=\"twitter:label1\" content=\"Tiempo de lectura\" \/>\n\t<meta name=\"twitter:data1\" content=\"1 minuto\" \/>\n<script type=\"application\/ld+json\" class=\"yoast-schema-graph\">{\"@context\":\"https:\\\/\\\/schema.org\",\"@graph\":[{\"@type\":\"WebPage\",\"@id\":\"https:\\\/\\\/libreriaguadalupe.com.ar\\\/libreria\\\/producto\\\/pentateuco-la-biblia-hebrea-en-perspectiva-latinoamericana-2\\\/\",\"url\":\"https:\\\/\\\/libreriaguadalupe.com.ar\\\/libreria\\\/producto\\\/pentateuco-la-biblia-hebrea-en-perspectiva-latinoamericana-2\\\/\",\"name\":\"Pentateuco - La Biblia Hebrea en perspectiva latinoamericana - Editorial Guadalupe de Argentina\",\"isPartOf\":{\"@id\":\"https:\\\/\\\/libreriaguadalupe.com.ar\\\/libreria\\\/#website\"},\"primaryImageOfPage\":{\"@id\":\"https:\\\/\\\/libreriaguadalupe.com.ar\\\/libreria\\\/producto\\\/pentateuco-la-biblia-hebrea-en-perspectiva-latinoamericana-2\\\/#primaryimage\"},\"image\":{\"@id\":\"https:\\\/\\\/libreriaguadalupe.com.ar\\\/libreria\\\/producto\\\/pentateuco-la-biblia-hebrea-en-perspectiva-latinoamericana-2\\\/#primaryimage\"},\"thumbnailUrl\":\"https:\\\/\\\/i0.wp.com\\\/libreriaguadalupe.com.ar\\\/libreria\\\/wp-content\\\/uploads\\\/2023\\\/02\\\/Pentateuco-La-Biblia-Hebrea-en-perspectiva-latinoamericana.jpg?fit=380%2C586&ssl=1\",\"datePublished\":\"2023-02-07T13:56:05+00:00\",\"dateModified\":\"2025-02-04T17:33:40+00:00\",\"breadcrumb\":{\"@id\":\"https:\\\/\\\/libreriaguadalupe.com.ar\\\/libreria\\\/producto\\\/pentateuco-la-biblia-hebrea-en-perspectiva-latinoamericana-2\\\/#breadcrumb\"},\"inLanguage\":\"es\",\"potentialAction\":[{\"@type\":\"ReadAction\",\"target\":[\"https:\\\/\\\/libreriaguadalupe.com.ar\\\/libreria\\\/producto\\\/pentateuco-la-biblia-hebrea-en-perspectiva-latinoamericana-2\\\/\"]}]},{\"@type\":\"ImageObject\",\"inLanguage\":\"es\",\"@id\":\"https:\\\/\\\/libreriaguadalupe.com.ar\\\/libreria\\\/producto\\\/pentateuco-la-biblia-hebrea-en-perspectiva-latinoamericana-2\\\/#primaryimage\",\"url\":\"https:\\\/\\\/i0.wp.com\\\/libreriaguadalupe.com.ar\\\/libreria\\\/wp-content\\\/uploads\\\/2023\\\/02\\\/Pentateuco-La-Biblia-Hebrea-en-perspectiva-latinoamericana.jpg?fit=380%2C586&ssl=1\",\"contentUrl\":\"https:\\\/\\\/i0.wp.com\\\/libreriaguadalupe.com.ar\\\/libreria\\\/wp-content\\\/uploads\\\/2023\\\/02\\\/Pentateuco-La-Biblia-Hebrea-en-perspectiva-latinoamericana.jpg?fit=380%2C586&ssl=1\",\"width\":380,\"height\":586},{\"@type\":\"BreadcrumbList\",\"@id\":\"https:\\\/\\\/libreriaguadalupe.com.ar\\\/libreria\\\/producto\\\/pentateuco-la-biblia-hebrea-en-perspectiva-latinoamericana-2\\\/#breadcrumb\",\"itemListElement\":[{\"@type\":\"ListItem\",\"position\":1,\"name\":\"Portada\",\"item\":\"https:\\\/\\\/libreriaguadalupe.com.ar\\\/libreria\\\/\"},{\"@type\":\"ListItem\",\"position\":2,\"name\":\"Tienda\",\"item\":\"https:\\\/\\\/libreriaguadalupe.com.ar\\\/libreria\\\/\"},{\"@type\":\"ListItem\",\"position\":3,\"name\":\"Pentateuco &#8211; La Biblia Hebrea en perspectiva latinoamericana\"}]},{\"@type\":\"WebSite\",\"@id\":\"https:\\\/\\\/libreriaguadalupe.com.ar\\\/libreria\\\/#website\",\"url\":\"https:\\\/\\\/libreriaguadalupe.com.ar\\\/libreria\\\/\",\"name\":\"Editorial Guadalupe de Argentina\",\"description\":\"Congregaci\u00f3n del Verbo Divino\",\"publisher\":{\"@id\":\"https:\\\/\\\/libreriaguadalupe.com.ar\\\/libreria\\\/#organization\"},\"alternateName\":\"Librer\u00eda Guadalupe\",\"potentialAction\":[{\"@type\":\"SearchAction\",\"target\":{\"@type\":\"EntryPoint\",\"urlTemplate\":\"https:\\\/\\\/libreriaguadalupe.com.ar\\\/libreria\\\/?s={search_term_string}\"},\"query-input\":{\"@type\":\"PropertyValueSpecification\",\"valueRequired\":true,\"valueName\":\"search_term_string\"}}],\"inLanguage\":\"es\"},{\"@type\":\"Organization\",\"@id\":\"https:\\\/\\\/libreriaguadalupe.com.ar\\\/libreria\\\/#organization\",\"name\":\"Editorial Guadalupe\",\"alternateName\":\"Librer\u00eda Guadalupe\",\"url\":\"https:\\\/\\\/libreriaguadalupe.com.ar\\\/libreria\\\/\",\"logo\":{\"@type\":\"ImageObject\",\"inLanguage\":\"es\",\"@id\":\"https:\\\/\\\/libreriaguadalupe.com.ar\\\/libreria\\\/#\\\/schema\\\/logo\\\/image\\\/\",\"url\":\"https:\\\/\\\/i0.wp.com\\\/libreriaguadalupe.com.ar\\\/libreria\\\/wp-content\\\/uploads\\\/2023\\\/01\\\/cropped-logo-editorial-guadalupe.webp?fit=500%2C100&ssl=1\",\"contentUrl\":\"https:\\\/\\\/i0.wp.com\\\/libreriaguadalupe.com.ar\\\/libreria\\\/wp-content\\\/uploads\\\/2023\\\/01\\\/cropped-logo-editorial-guadalupe.webp?fit=500%2C100&ssl=1\",\"width\":500,\"height\":100,\"caption\":\"Editorial Guadalupe\"},\"image\":{\"@id\":\"https:\\\/\\\/libreriaguadalupe.com.ar\\\/libreria\\\/#\\\/schema\\\/logo\\\/image\\\/\"},\"sameAs\":[\"https:\\\/\\\/www.facebook.com\\\/LibreriaGuadalupeAR\\\/\",\"https:\\\/\\\/www.instagram.com\\\/editorialguadalupe\\\/\",\"https:\\\/\\\/guadalupeeditorial.mercadoshops.com.ar\\\/\"]}]}<\/script>\n<!-- \/ Yoast SEO plugin. -->","yoast_head_json":{"title":"Pentateuco - La Biblia Hebrea en perspectiva latinoamericana - Editorial Guadalupe de Argentina","robots":{"index":"index","follow":"follow","max-snippet":"max-snippet:-1","max-image-preview":"max-image-preview:large","max-video-preview":"max-video-preview:-1"},"canonical":"https:\/\/libreriaguadalupe.com.ar\/libreria\/producto\/pentateuco-la-biblia-hebrea-en-perspectiva-latinoamericana-2\/","og_locale":"es_ES","og_type":"article","og_title":"Pentateuco - La Biblia Hebrea en perspectiva latinoamericana - Editorial Guadalupe de Argentina","og_description":"Introducci\u00f3n al Antiguo Testamento AUTOR: EVD  ISBN 8490730744","og_url":"https:\/\/libreriaguadalupe.com.ar\/libreria\/producto\/pentateuco-la-biblia-hebrea-en-perspectiva-latinoamericana-2\/","og_site_name":"Editorial Guadalupe de Argentina","article_publisher":"https:\/\/www.facebook.com\/LibreriaGuadalupeAR\/","article_modified_time":"2025-02-04T17:33:40+00:00","og_image":[{"width":380,"height":586,"url":"https:\/\/libreriaguadalupe.com.ar\/libreria\/wp-content\/uploads\/2023\/02\/Pentateuco-La-Biblia-Hebrea-en-perspectiva-latinoamericana.jpg","type":"image\/jpeg"}],"twitter_card":"summary_large_image","twitter_misc":{"Tiempo de lectura":"1 minuto"},"schema":{"@context":"https:\/\/schema.org","@graph":[{"@type":"WebPage","@id":"https:\/\/libreriaguadalupe.com.ar\/libreria\/producto\/pentateuco-la-biblia-hebrea-en-perspectiva-latinoamericana-2\/","url":"https:\/\/libreriaguadalupe.com.ar\/libreria\/producto\/pentateuco-la-biblia-hebrea-en-perspectiva-latinoamericana-2\/","name":"Pentateuco - La Biblia Hebrea en perspectiva latinoamericana - Editorial Guadalupe de Argentina","isPartOf":{"@id":"https:\/\/libreriaguadalupe.com.ar\/libreria\/#website"},"primaryImageOfPage":{"@id":"https:\/\/libreriaguadalupe.com.ar\/libreria\/producto\/pentateuco-la-biblia-hebrea-en-perspectiva-latinoamericana-2\/#primaryimage"},"image":{"@id":"https:\/\/libreriaguadalupe.com.ar\/libreria\/producto\/pentateuco-la-biblia-hebrea-en-perspectiva-latinoamericana-2\/#primaryimage"},"thumbnailUrl":"https:\/\/i0.wp.com\/libreriaguadalupe.com.ar\/libreria\/wp-content\/uploads\/2023\/02\/Pentateuco-La-Biblia-Hebrea-en-perspectiva-latinoamericana.jpg?fit=380%2C586&ssl=1","datePublished":"2023-02-07T13:56:05+00:00","dateModified":"2025-02-04T17:33:40+00:00","breadcrumb":{"@id":"https:\/\/libreriaguadalupe.com.ar\/libreria\/producto\/pentateuco-la-biblia-hebrea-en-perspectiva-latinoamericana-2\/#breadcrumb"},"inLanguage":"es","potentialAction":[{"@type":"ReadAction","target":["https:\/\/libreriaguadalupe.com.ar\/libreria\/producto\/pentateuco-la-biblia-hebrea-en-perspectiva-latinoamericana-2\/"]}]},{"@type":"ImageObject","inLanguage":"es","@id":"https:\/\/libreriaguadalupe.com.ar\/libreria\/producto\/pentateuco-la-biblia-hebrea-en-perspectiva-latinoamericana-2\/#primaryimage","url":"https:\/\/i0.wp.com\/libreriaguadalupe.com.ar\/libreria\/wp-content\/uploads\/2023\/02\/Pentateuco-La-Biblia-Hebrea-en-perspectiva-latinoamericana.jpg?fit=380%2C586&ssl=1","contentUrl":"https:\/\/i0.wp.com\/libreriaguadalupe.com.ar\/libreria\/wp-content\/uploads\/2023\/02\/Pentateuco-La-Biblia-Hebrea-en-perspectiva-latinoamericana.jpg?fit=380%2C586&ssl=1","width":380,"height":586},{"@type":"BreadcrumbList","@id":"https:\/\/libreriaguadalupe.com.ar\/libreria\/producto\/pentateuco-la-biblia-hebrea-en-perspectiva-latinoamericana-2\/#breadcrumb","itemListElement":[{"@type":"ListItem","position":1,"name":"Portada","item":"https:\/\/libreriaguadalupe.com.ar\/libreria\/"},{"@type":"ListItem","position":2,"name":"Tienda","item":"https:\/\/libreriaguadalupe.com.ar\/libreria\/"},{"@type":"ListItem","position":3,"name":"Pentateuco &#8211; La Biblia Hebrea en perspectiva latinoamericana"}]},{"@type":"WebSite","@id":"https:\/\/libreriaguadalupe.com.ar\/libreria\/#website","url":"https:\/\/libreriaguadalupe.com.ar\/libreria\/","name":"Editorial Guadalupe de Argentina","description":"Congregaci\u00f3n del Verbo Divino","publisher":{"@id":"https:\/\/libreriaguadalupe.com.ar\/libreria\/#organization"},"alternateName":"Librer\u00eda Guadalupe","potentialAction":[{"@type":"SearchAction","target":{"@type":"EntryPoint","urlTemplate":"https:\/\/libreriaguadalupe.com.ar\/libreria\/?s={search_term_string}"},"query-input":{"@type":"PropertyValueSpecification","valueRequired":true,"valueName":"search_term_string"}}],"inLanguage":"es"},{"@type":"Organization","@id":"https:\/\/libreriaguadalupe.com.ar\/libreria\/#organization","name":"Editorial Guadalupe","alternateName":"Librer\u00eda Guadalupe","url":"https:\/\/libreriaguadalupe.com.ar\/libreria\/","logo":{"@type":"ImageObject","inLanguage":"es","@id":"https:\/\/libreriaguadalupe.com.ar\/libreria\/#\/schema\/logo\/image\/","url":"https:\/\/i0.wp.com\/libreriaguadalupe.com.ar\/libreria\/wp-content\/uploads\/2023\/01\/cropped-logo-editorial-guadalupe.webp?fit=500%2C100&ssl=1","contentUrl":"https:\/\/i0.wp.com\/libreriaguadalupe.com.ar\/libreria\/wp-content\/uploads\/2023\/01\/cropped-logo-editorial-guadalupe.webp?fit=500%2C100&ssl=1","width":500,"height":100,"caption":"Editorial Guadalupe"},"image":{"@id":"https:\/\/libreriaguadalupe.com.ar\/libreria\/#\/schema\/logo\/image\/"},"sameAs":["https:\/\/www.facebook.com\/LibreriaGuadalupeAR\/","https:\/\/www.instagram.com\/editorialguadalupe\/","https:\/\/guadalupeeditorial.mercadoshops.com.ar\/"]}]}},"jetpack_publicize_connections":[],"jetpack_sharing_enabled":true,"jetpack-related-posts":[{"id":15538,"url":"https:\/\/libreriaguadalupe.com.ar\/libreria\/producto\/moises-y-elias-hablan-con-jesus-pentateuco-y-libros-historicos-de-su-composicion-a-su-recepcion-2\/","url_meta":{"origin":15514,"position":0},"title":"Mois\u00e9s y El\u00edas hablan con Jes\u00fas","author":"admin","date":"07\/02\/2023","format":false,"excerpt":"Pentateuco y libros hist\u00f3ricos: de su composici\u00f3n a su recepci\u00f3n AUTOR: EDV ISBN: 8490732656","rel":"","context":"Entrada similar","block_context":{"text":"Entrada similar","link":""},"img":{"alt_text":"","src":"https:\/\/i0.wp.com\/libreriaguadalupe.com.ar\/libreria\/wp-content\/uploads\/2023\/02\/Moises-y-Elias-hablan-con-Jesus.jpg?fit=380%2C586&ssl=1&resize=350%2C200","width":350,"height":200},"classes":[]},{"id":15410,"url":"https:\/\/libreriaguadalupe.com.ar\/libreria\/producto\/el-pentateuco-un-filon-inagotable-2\/","url_meta":{"origin":15514,"position":1},"title":"El Pentateuco: un filon inagotable","author":"admin","date":"07\/02\/2023","format":false,"excerpt":"","rel":"","context":"Entrada similar","block_context":{"text":"Entrada similar","link":""},"img":{"alt_text":"","src":"","width":0,"height":0},"classes":[]},{"id":13094,"url":"https:\/\/libreriaguadalupe.com.ar\/libreria\/producto\/introduccion-al-pentateuco-genesis\/","url_meta":{"origin":15514,"position":2},"title":"Introduccion al Pentateuco Genesis","author":"admin","date":"18\/01\/2023","format":false,"excerpt":"AUTOR: Loza Vera, Jos\u00e9 ISBN 8481692426","rel":"","context":"Entrada similar","block_context":{"text":"Entrada similar","link":""},"img":{"alt_text":"","src":"https:\/\/i0.wp.com\/libreriaguadalupe.com.ar\/libreria\/wp-content\/uploads\/1674\/33\/1004.jpg?fit=227%2C345&ssl=1&resize=350%2C200","width":350,"height":200},"classes":[]},{"id":13217,"url":"https:\/\/libreriaguadalupe.com.ar\/libreria\/producto\/moises-y-elias-hablan-con-jesus-pentateuco-y-libros-historicos-de-su-composicion-a-su-recepcion\/","url_meta":{"origin":15514,"position":3},"title":"Moises y Elias hablan con Jesus  Pentateuco y libros historicos: de su composicion a su recepcion","author":"admin","date":"18\/01\/2023","format":false,"excerpt":"","rel":"","context":"Entrada similar","block_context":{"text":"Entrada similar","link":""},"img":{"alt_text":"","src":"","width":0,"height":0},"classes":[]},{"id":15372,"url":"https:\/\/libreriaguadalupe.com.ar\/libreria\/producto\/traducciones-arameas-de-la-biblia-iv-2\/","url_meta":{"origin":15514,"position":4},"title":"Traducciones arameas de la Biblia IV","author":"admin","date":"07\/02\/2023","format":false,"excerpt":"Los Targumim del Pentateuco IV Numeros Autor: Miguel P\u00e9rez Fern\u00e1ndez ISBN: 8490732298 Dimensiones: 16 x 24 cm P\u00e1ginas: 380","rel":"","context":"Entrada similar","block_context":{"text":"Entrada similar","link":""},"img":{"alt_text":"","src":"https:\/\/i0.wp.com\/libreriaguadalupe.com.ar\/libreria\/wp-content\/uploads\/2023\/02\/Traducciones-arameas-de-la-Biblia-IV.jpg?fit=380%2C586&ssl=1&resize=350%2C200","width":350,"height":200},"classes":[]},{"id":17196,"url":"https:\/\/libreriaguadalupe.com.ar\/libreria\/producto\/traducciones-arameas-de-la-biblia-v\/","url_meta":{"origin":15514,"position":5},"title":"Traducciones arameas de la Biblia &#8211; V","author":"admin","date":"04\/04\/2023","format":false,"excerpt":"Los targumin del Pentateuco. V. Deuteronomio Autor: Miguel P\u00e9rez Fern\u00e1ndez ISBN: 8490738238 Dimensiones: 16 x 24 cm P\u00e1ginas: 288","rel":"","context":"Entrada similar","block_context":{"text":"Entrada similar","link":""},"img":{"alt_text":"","src":"https:\/\/i0.wp.com\/libreriaguadalupe.com.ar\/libreria\/wp-content\/uploads\/2023\/04\/Traducciones-arameas-de-la-Biblia-V.jpg?fit=380%2C586&ssl=1&resize=350%2C200","width":350,"height":200},"classes":[]}],"_links":{"self":[{"href":"https:\/\/libreriaguadalupe.com.ar\/libreria\/wp-json\/wp\/v2\/product\/15514","targetHints":{"allow":["GET"]}}],"collection":[{"href":"https:\/\/libreriaguadalupe.com.ar\/libreria\/wp-json\/wp\/v2\/product"}],"about":[{"href":"https:\/\/libreriaguadalupe.com.ar\/libreria\/wp-json\/wp\/v2\/types\/product"}],"replies":[{"embeddable":true,"href":"https:\/\/libreriaguadalupe.com.ar\/libreria\/wp-json\/wp\/v2\/comments?post=15514"}],"version-history":[{"count":3,"href":"https:\/\/libreriaguadalupe.com.ar\/libreria\/wp-json\/wp\/v2\/product\/15514\/revisions"}],"predecessor-version":[{"id":15755,"href":"https:\/\/libreriaguadalupe.com.ar\/libreria\/wp-json\/wp\/v2\/product\/15514\/revisions\/15755"}],"wp:featuredmedia":[{"embeddable":true,"href":"https:\/\/libreriaguadalupe.com.ar\/libreria\/wp-json\/wp\/v2\/media\/15754"}],"wp:attachment":[{"href":"https:\/\/libreriaguadalupe.com.ar\/libreria\/wp-json\/wp\/v2\/media?parent=15514"}],"wp:term":[{"taxonomy":"product_brand","embeddable":true,"href":"https:\/\/libreriaguadalupe.com.ar\/libreria\/wp-json\/wp\/v2\/product_brand?post=15514"},{"taxonomy":"product_cat","embeddable":true,"href":"https:\/\/libreriaguadalupe.com.ar\/libreria\/wp-json\/wp\/v2\/product_cat?post=15514"},{"taxonomy":"product_tag","embeddable":true,"href":"https:\/\/libreriaguadalupe.com.ar\/libreria\/wp-json\/wp\/v2\/product_tag?post=15514"}],"curies":[{"name":"wp","href":"https:\/\/api.w.org\/{rel}","templated":true}]}}